{"id":1614,"date":"2021-02-02T20:32:15","date_gmt":"2021-02-02T19:32:15","guid":{"rendered":"https:\/\/sklep.skoral.com\/kontakt\/"},"modified":"2025-09-08T20:39:25","modified_gmt":"2025-09-08T18:39:25","slug":"kontakt","status":"publish","type":"page","link":"https:\/\/sklep.skoral.com\/de\/kontakt\/","title":{"rendered":"Kontakt"},"content":{"rendered":"\n<h4 class=\"wp-block-heading\">Firma Sk\u00f3ral &#8211; W\u0142odzimierz Tupta<br\/>Dietla 33, 31-062 Krakau<br\/>Polen<\/h4>\n\n<p><strong>Tel.<\/strong>: +48 12 423 12 20<br\/><strong>Mobil<\/strong>: +48 601 432 035<\/p>\n\n<p><strong>E-Mail:<\/strong> kontakt(at)skoral.com<\/p>\n\n<p><a href=\"https:\/\/skoral.com\" target=\"_blank\" rel=\"noreferrer noopener\">www.skoral.com<\/a><\/p>\n\n<p>Besuchen Sie uns auf unseren sozialen Kan\u00e4len. <\/p>\n\n<p><a href=\"https:\/\/www.instagram.com\/skoraldesign\/\">Instagram<\/a> | <a href=\"https:\/\/www.facebook.com\/SkoralNaturalLeather\">Facebook<\/a><\/p>\n\n<h2 class=\"wp-block-heading\">Kontaktieren Sie uns und erfahren Sie mehr \u00fcber Ma\u00dfanfertigungen<\/h2>\n\n<p>Rufen Sie uns an oder schreiben Sie uns, um mehr \u00fcber Ma\u00dfanfertigungen zu erfahren. Wir helfen Ihnen und beraten Sie, wie Sie Ihre K\u00f6rperma\u00dfe korrekt nehmen k\u00f6nnen. Unsere Erfahrung erm\u00f6glicht es uns, eine individuelle Lederjacke oder einen Ledermantel sowie einen auf Sie zugeschnittenen Lammfellmantel anzufertigen. Gehen Sie kein Risiko ein \u2013 nach der Bestellung und dem Erhalt der Ma\u00dfe ben\u00f6tigen wir maximal 10 Tage, um Ihre Bestellung zu realisieren. In der Regel geht es deutlich schneller.    <\/p>\n\n<h2 class=\"wp-block-heading\">Sie haben eine Vision f\u00fcr eine Lederjacke und m\u00f6chten diese umsetzen \u2013 ein sogenanntes CUSTOM-Modell? <\/h2>\n\n<p>Wir \u00fcbernehmen auch sehr anspruchsvolle Modifikationen und die Umsetzung au\u00dfergew\u00f6hnlicher Designs. Wir w\u00e4hlen das passende Leder, die Farbe, die Verarbeitungen, Rei\u00dfverschl\u00fcsse und sogar den Farbton der F\u00e4den aus. Wir perfektionieren Ihr Projekt, damit es Ihre Erwartungen erf\u00fcllt. Kontaktieren Sie uns. Unser Lederatelier ist von Montag bis Freitag von 10 bis 18 Uhr ge\u00f6ffnet.     <\/p>\n\n<p><\/p>\n","protected":false},"excerpt":{"rendered":"<p>Firma Sk\u00f3ral &#8211; W\u0142odzimierz TuptaDietla 33, 31-062 KrakauPolen Tel.: +48 12 423 12 20Mobil: +48 601 432 035 E-Mail: kontakt(at)skoral.com www.skoral.com Besuchen Sie uns auf unseren sozialen Kan\u00e4len. Instagram | Facebook Kontaktieren Sie uns und erfahren Sie mehr \u00fcber Ma\u00dfanfertigungen Rufen Sie uns an oder schreiben Sie uns, um mehr \u00fcber Ma\u00dfanfertigungen zu erfahren. Wir [&hellip;]<\/p>\n","protected":false},"author":1,"featured_media":0,"parent":0,"menu_order":0,"comment_status":"closed","ping_status":"closed","template":"","meta":{"_monsterinsights_skip_tracking":false,"_monsterinsights_sitenote_active":false,"_monsterinsights_sitenote_note":"","_monsterinsights_sitenote_category":0,"footnotes":""},"class_list":["post-1614","page","type-page","status-publish","hentry"],"yoast_head":"<!-- This site is optimized with the Yoast SEO plugin v27.6 - https:\/\/yoast.com\/product\/yoast-seo-wordpress\/ -->\n<title>Kontakt - Pracownia Sk\u00f3ral<\/title>\n<meta name=\"robots\" content=\"index, follow, max-snippet:-1, max-image-preview:large, max-video-preview:-1\" \/>\n<link rel=\"canonical\" href=\"https:\/\/sklep.skoral.com\/de\/kontakt\/\" \/>\n<meta property=\"og:locale\" content=\"de_DE\" \/>\n<meta property=\"og:type\" content=\"article\" \/>\n<meta property=\"og:title\" content=\"Kontakt - Pracownia Sk\u00f3ral\" \/>\n<meta property=\"og:description\" content=\"Firma Sk\u00f3ral &#8211; W\u0142odzimierz TuptaDietla 33, 31-062 KrakauPolen Tel.: +48 12 423 12 20Mobil: +48 601 432 035 E-Mail: kontakt(at)skoral.com www.skoral.com Besuchen Sie uns auf unseren sozialen Kan\u00e4len. Instagram | Facebook Kontaktieren Sie uns und erfahren Sie mehr \u00fcber Ma\u00dfanfertigungen Rufen Sie uns an oder schreiben Sie uns, um mehr \u00fcber Ma\u00dfanfertigungen zu erfahren. Wir [&hellip;]\" \/>\n<meta property=\"og:url\" content=\"https:\/\/sklep.skoral.com\/de\/kontakt\/\" \/>\n<meta property=\"og:site_name\" content=\"Pracownia Sk\u00f3ral\" \/>\n<meta property=\"article:publisher\" content=\"https:\/\/www.facebook.com\/SkoralNaturalLeather\" \/>\n<meta property=\"article:modified_time\" content=\"2025-09-08T18:39:25+00:00\" \/>\n<meta property=\"og:image\" content=\"https:\/\/sklep.skoral.com\/wp-content\/uploads\/2021\/01\/skoral-pracownia-z-odzieza-skorzana-i-akcesoriami.jpg\" \/>\n\t<meta property=\"og:image:width\" content=\"1932\" \/>\n\t<meta property=\"og:image:height\" content=\"860\" \/>\n\t<meta property=\"og:image:type\" content=\"image\/jpeg\" \/>\n<meta name=\"twitter:card\" content=\"summary_large_image\" \/>\n<meta name=\"twitter:label1\" content=\"Gesch\u00e4tzte Lesezeit\" \/>\n\t<meta name=\"twitter:data1\" content=\"1\u00a0Minute\" \/>\n<script type=\"application\/ld+json\" class=\"yoast-schema-graph\">{\"@context\":\"https:\\\/\\\/schema.org\",\"@graph\":[{\"@type\":\"WebPage\",\"@id\":\"https:\\\/\\\/sklep.skoral.com\\\/de\\\/kontakt\\\/\",\"url\":\"https:\\\/\\\/sklep.skoral.com\\\/de\\\/kontakt\\\/\",\"name\":\"Kontakt - Pracownia Sk\u00f3ral\",\"isPartOf\":{\"@id\":\"https:\\\/\\\/sklep.skoral.com\\\/de\\\/#website\"},\"datePublished\":\"2021-02-02T19:32:15+00:00\",\"dateModified\":\"2025-09-08T18:39:25+00:00\",\"breadcrumb\":{\"@id\":\"https:\\\/\\\/sklep.skoral.com\\\/de\\\/kontakt\\\/#breadcrumb\"},\"inLanguage\":\"de\",\"potentialAction\":[{\"@type\":\"ReadAction\",\"target\":[\"https:\\\/\\\/sklep.skoral.com\\\/de\\\/kontakt\\\/\"]}]},{\"@type\":\"BreadcrumbList\",\"@id\":\"https:\\\/\\\/sklep.skoral.com\\\/de\\\/kontakt\\\/#breadcrumb\",\"itemListElement\":[{\"@type\":\"ListItem\",\"position\":1,\"name\":\"Strona g\u0142\u00f3wna\",\"item\":\"https:\\\/\\\/sklep.skoral.com\\\/de\\\/startseite\\\/\"},{\"@type\":\"ListItem\",\"position\":2,\"name\":\"Kontakt\"}]},{\"@type\":\"WebSite\",\"@id\":\"https:\\\/\\\/sklep.skoral.com\\\/de\\\/#website\",\"url\":\"https:\\\/\\\/sklep.skoral.com\\\/de\\\/\",\"name\":\"Pracownia Sk\u00f3ral\",\"description\":\"Sklep z odzie\u017c\u0105\u00a0sk\u00f3rzan\u0105 i akcesoriami ze sk\u00f3ry naturalnej\",\"publisher\":{\"@id\":\"https:\\\/\\\/sklep.skoral.com\\\/de\\\/#organization\"},\"potentialAction\":[{\"@type\":\"SearchAction\",\"target\":{\"@type\":\"EntryPoint\",\"urlTemplate\":\"https:\\\/\\\/sklep.skoral.com\\\/de\\\/?s={search_term_string}\"},\"query-input\":{\"@type\":\"PropertyValueSpecification\",\"valueRequired\":true,\"valueName\":\"search_term_string\"}}],\"inLanguage\":\"de\"},{\"@type\":\"Organization\",\"@id\":\"https:\\\/\\\/sklep.skoral.com\\\/de\\\/#organization\",\"name\":\"Sk\u00f3ral - Pracownia odzie\u017cy i akcesori\u00f3w sk\u00f3rzanych\",\"url\":\"https:\\\/\\\/sklep.skoral.com\\\/de\\\/\",\"logo\":{\"@type\":\"ImageObject\",\"inLanguage\":\"de\",\"@id\":\"https:\\\/\\\/sklep.skoral.com\\\/de\\\/#\\\/schema\\\/logo\\\/image\\\/\",\"url\":\"https:\\\/\\\/sklep.skoral.com\\\/wp-content\\\/uploads\\\/2020\\\/09\\\/cropped-logo-duze.png\",\"contentUrl\":\"https:\\\/\\\/sklep.skoral.com\\\/wp-content\\\/uploads\\\/2020\\\/09\\\/cropped-logo-duze.png\",\"width\":1200,\"height\":293,\"caption\":\"Sk\u00f3ral - Pracownia odzie\u017cy i akcesori\u00f3w sk\u00f3rzanych\"},\"image\":{\"@id\":\"https:\\\/\\\/sklep.skoral.com\\\/de\\\/#\\\/schema\\\/logo\\\/image\\\/\"},\"sameAs\":[\"https:\\\/\\\/www.facebook.com\\\/SkoralNaturalLeather\",\"https:\\\/\\\/www.instagram.com\\\/skoraldesign\\\/\",\"https:\\\/\\\/www.youtube.com\\\/channel\\\/UCijmecsRU9TpML5jIEBsWTw\"]}]}<\/script>\n<!-- \/ Yoast SEO plugin. -->","yoast_head_json":{"title":"Kontakt - Pracownia Sk\u00f3ral","robots":{"index":"index","follow":"follow","max-snippet":"max-snippet:-1","max-image-preview":"max-image-preview:large","max-video-preview":"max-video-preview:-1"},"canonical":"https:\/\/sklep.skoral.com\/de\/kontakt\/","og_locale":"de_DE","og_type":"article","og_title":"Kontakt - Pracownia Sk\u00f3ral","og_description":"Firma Sk\u00f3ral &#8211; W\u0142odzimierz TuptaDietla 33, 31-062 KrakauPolen Tel.: +48 12 423 12 20Mobil: +48 601 432 035 E-Mail: kontakt(at)skoral.com www.skoral.com Besuchen Sie uns auf unseren sozialen Kan\u00e4len. Instagram | Facebook Kontaktieren Sie uns und erfahren Sie mehr \u00fcber Ma\u00dfanfertigungen Rufen Sie uns an oder schreiben Sie uns, um mehr \u00fcber Ma\u00dfanfertigungen zu erfahren. Wir [&hellip;]","og_url":"https:\/\/sklep.skoral.com\/de\/kontakt\/","og_site_name":"Pracownia Sk\u00f3ral","article_publisher":"https:\/\/www.facebook.com\/SkoralNaturalLeather","article_modified_time":"2025-09-08T18:39:25+00:00","og_image":[{"width":1932,"height":860,"url":"https:\/\/sklep.skoral.com\/wp-content\/uploads\/2021\/01\/skoral-pracownia-z-odzieza-skorzana-i-akcesoriami.jpg","type":"image\/jpeg"}],"twitter_card":"summary_large_image","twitter_misc":{"Gesch\u00e4tzte Lesezeit":"1\u00a0Minute"},"schema":{"@context":"https:\/\/schema.org","@graph":[{"@type":"WebPage","@id":"https:\/\/sklep.skoral.com\/de\/kontakt\/","url":"https:\/\/sklep.skoral.com\/de\/kontakt\/","name":"Kontakt - Pracownia Sk\u00f3ral","isPartOf":{"@id":"https:\/\/sklep.skoral.com\/de\/#website"},"datePublished":"2021-02-02T19:32:15+00:00","dateModified":"2025-09-08T18:39:25+00:00","breadcrumb":{"@id":"https:\/\/sklep.skoral.com\/de\/kontakt\/#breadcrumb"},"inLanguage":"de","potentialAction":[{"@type":"ReadAction","target":["https:\/\/sklep.skoral.com\/de\/kontakt\/"]}]},{"@type":"BreadcrumbList","@id":"https:\/\/sklep.skoral.com\/de\/kontakt\/#breadcrumb","itemListElement":[{"@type":"ListItem","position":1,"name":"Strona g\u0142\u00f3wna","item":"https:\/\/sklep.skoral.com\/de\/startseite\/"},{"@type":"ListItem","position":2,"name":"Kontakt"}]},{"@type":"WebSite","@id":"https:\/\/sklep.skoral.com\/de\/#website","url":"https:\/\/sklep.skoral.com\/de\/","name":"Pracownia Sk\u00f3ral","description":"Sklep z odzie\u017c\u0105\u00a0sk\u00f3rzan\u0105 i akcesoriami ze sk\u00f3ry naturalnej","publisher":{"@id":"https:\/\/sklep.skoral.com\/de\/#organization"},"potentialAction":[{"@type":"SearchAction","target":{"@type":"EntryPoint","urlTemplate":"https:\/\/sklep.skoral.com\/de\/?s={search_term_string}"},"query-input":{"@type":"PropertyValueSpecification","valueRequired":true,"valueName":"search_term_string"}}],"inLanguage":"de"},{"@type":"Organization","@id":"https:\/\/sklep.skoral.com\/de\/#organization","name":"Sk\u00f3ral - Pracownia odzie\u017cy i akcesori\u00f3w sk\u00f3rzanych","url":"https:\/\/sklep.skoral.com\/de\/","logo":{"@type":"ImageObject","inLanguage":"de","@id":"https:\/\/sklep.skoral.com\/de\/#\/schema\/logo\/image\/","url":"https:\/\/sklep.skoral.com\/wp-content\/uploads\/2020\/09\/cropped-logo-duze.png","contentUrl":"https:\/\/sklep.skoral.com\/wp-content\/uploads\/2020\/09\/cropped-logo-duze.png","width":1200,"height":293,"caption":"Sk\u00f3ral - Pracownia odzie\u017cy i akcesori\u00f3w sk\u00f3rzanych"},"image":{"@id":"https:\/\/sklep.skoral.com\/de\/#\/schema\/logo\/image\/"},"sameAs":["https:\/\/www.facebook.com\/SkoralNaturalLeather","https:\/\/www.instagram.com\/skoraldesign\/","https:\/\/www.youtube.com\/channel\/UCijmecsRU9TpML5jIEBsWTw"]}]}},"jetpack_sharing_enabled":true,"_links":{"self":[{"href":"https:\/\/sklep.skoral.com\/de\/wp-json\/wp\/v2\/pages\/1614","targetHints":{"allow":["GET"]}}],"collection":[{"href":"https:\/\/sklep.skoral.com\/de\/wp-json\/wp\/v2\/pages"}],"about":[{"href":"https:\/\/sklep.skoral.com\/de\/wp-json\/wp\/v2\/types\/page"}],"author":[{"embeddable":true,"href":"https:\/\/sklep.skoral.com\/de\/wp-json\/wp\/v2\/users\/1"}],"replies":[{"embeddable":true,"href":"https:\/\/sklep.skoral.com\/de\/wp-json\/wp\/v2\/comments?post=1614"}],"version-history":[{"count":1,"href":"https:\/\/sklep.skoral.com\/de\/wp-json\/wp\/v2\/pages\/1614\/revisions"}],"predecessor-version":[{"id":1615,"href":"https:\/\/sklep.skoral.com\/de\/wp-json\/wp\/v2\/pages\/1614\/revisions\/1615"}],"wp:attachment":[{"href":"https:\/\/sklep.skoral.com\/de\/wp-json\/wp\/v2\/media?parent=1614"}],"curies":[{"name":"wp","href":"https:\/\/api.w.org\/{rel}","templated":true}]}}