{"id":1666,"date":"2021-01-19T15:09:14","date_gmt":"2021-01-19T14:09:14","guid":{"rendered":"https:\/\/sklep.skoral.com\/skoral-hersteller-von-lederbekleidung\/"},"modified":"2025-09-08T20:41:09","modified_gmt":"2025-09-08T18:41:09","slug":"skoral-hersteller-von-lederbekleidung","status":"publish","type":"page","link":"https:\/\/sklep.skoral.com\/de\/skoral-hersteller-von-lederbekleidung\/","title":{"rendered":"Sk\u00f3ral &#8211; Hersteller von Lederbekleidung"},"content":{"rendered":"\n<p><strong>Sk\u00f3ral ist eine polnische Premium-Marke, die seit 1979 auf dem Markt t\u00e4tig ist. <\/strong>Wir sind spezialisiert auf die Herstellung von <strong>Lederbekleidung<\/strong> h\u00f6chster Qualit\u00e4t und <strong>Lammfellm\u00e4nteln<\/strong>. In den letzten Jahren haben wir, um den Bed\u00fcrfnissen unserer Kunden gerecht zu werden, unser Sortiment um <a href=\"https:\/\/sklep.skoral.com\/kategoria\/akcesoria-skorzane\/\">elegante und vielseitige B\u00fcroaccessoires<\/a> erweitert, die ebenfalls aus Naturleder gefertigt sind. <\/p>\n\n<p>Bekleidung und Accessoires der Marke Sk\u00f3ral werden aus sorgf\u00e4ltig ausgew\u00e4hlten nat\u00fcrlichen Lamm- und Rindslederh\u00e4uten hergestellt, die aus Italien, Spanien, den Vereinigten Staaten und Polen stammen. Bei der Gestaltung unserer Produkte verwenden wir extrem weiches und strapazierf\u00e4higes Naturleder, das einen hohen Tragekomfort und die Garantie bester Qualit\u00e4t f\u00fcr viele Jahre bietet.  <\/p>\n\n<p>In unserem Shop bieten wir Lederbekleidung in allen Gr\u00f6\u00dfen an \u2013 S, M, L, XL und XXL, in verschiedenen Farben und Designs. Unsere Kollektion umfasst zeitlose Produkte, die perfekt zu den aktuellen Trends passen.  <\/p>\n\n<figure class=\"wp-block-embed is-type-video is-provider-youtube wp-block-embed-youtube wp-embed-aspect-16-9 wp-has-aspect-ratio\"><div class=\"wp-block-embed__wrapper\">\n<iframe loading=\"lazy\" title=\"Sk\u00f3ral - Szycie odzie\u017cy sk\u00f3rzanej - Kurtki sk\u00f3rzane i ko\u017cuchy - Krak\u00f3w\" width=\"980\" height=\"551\" src=\"https:\/\/www.youtube.com\/embed\/IWlj_AwRnzo?feature=oembed\" frameborder=\"0\" allow=\"accelerometer; autoplay; clipboard-write; encrypted-media; gyroscope; picture-in-picture; web-share\" referrerpolicy=\"strict-origin-when-cross-origin\" allowfullscreen><\/iframe>\n<\/div><figcaption>Werbespot der Firma Sk\u00f3ral &#8211; Lederbekleidung<\/figcaption><\/figure>\n\n<h2 class=\"wp-block-heading\">Design von Lederbekleidung<\/h2>\n\n<p>Beim Design von Bekleidung und Accessoires der Marke Sk\u00f3ral legen wir Wert auf jedes, auch das kleinste Detail. Wir legen besonderen Wert auf die \u00c4sthetik der Verarbeitung, aber auch auf die Haltbarkeit und Zuverl\u00e4ssigkeit der hergestellten Produkte. Dadurch stellen wir sicher, dass Bekleidung und Accessoires der Marke Sk\u00f3ral unersetzliche Klassiker sind, die unseren Kunden viele Saisons lang dienen werden.   <\/p>\n\n<p>Als Hersteller von Naturlederprodukten bieten wir auch einen <strong>Ma\u00dfanfertigungsservice f\u00fcr Lederbekleidung<\/strong> an, einschlie\u00dflich der M\u00f6glichkeit, die Bestellung nach individuellen Vorstellungen zu personalisieren. In unserer Verkaufsstelle in Krakau (ul. Dietla 33) steht Ihnen unser qualifiziertes Personal bei der richtigen Anpassung der Kleidung an Ihre Figur zur Seite.  <\/p>\n\n<h2 class=\"wp-block-heading\">\u00c4nderungen und Reparatur von Lederbekleidung und Lammfellm\u00e4nteln<\/h2>\n\n<p>Wir f\u00fchren auch \u00c4nderungen und Reparaturen an Lederbekleidung und Lammfellm\u00e4nteln durch. Wenn Sie auf der Suche nach einzigartiger und hochwertiger Lederbekleidung sind, zeitlosen Klassikern, die Ihnen viele Saisons lang dienen werden \u2013 laden wir Sie herzlich in unseren Online-Shop ein.  <\/p>\n\n<p>Bei Fragen stehen wir Ihnen gerne zur Verf\u00fcgung! <a href=\"https:\/\/sklep.skoral.com\/de\/kontakt\/\">Kontaktieren Sie uns.<\/a><\/p>\n","protected":false},"excerpt":{"rendered":"<p>Sk\u00f3ral ist eine polnische Premium-Marke, die seit 1979 auf dem Markt t\u00e4tig ist. Wir sind spezialisiert auf die Herstellung von Lederbekleidung h\u00f6chster Qualit\u00e4t und Lammfellm\u00e4nteln. In den letzten Jahren haben wir, um den Bed\u00fcrfnissen unserer Kunden gerecht zu werden, unser Sortiment um elegante und vielseitige B\u00fcroaccessoires erweitert, die ebenfalls aus Naturleder gefertigt sind. Bekleidung und [&hellip;]<\/p>\n","protected":false},"author":1,"featured_media":0,"parent":0,"menu_order":0,"comment_status":"closed","ping_status":"closed","template":"","meta":{"_monsterinsights_skip_tracking":false,"_monsterinsights_sitenote_active":false,"_monsterinsights_sitenote_note":"","_monsterinsights_sitenote_category":0,"footnotes":""},"class_list":["post-1666","page","type-page","status-publish","hentry"],"yoast_head":"<!-- This site is optimized with the Yoast SEO plugin v27.6 - https:\/\/yoast.com\/product\/yoast-seo-wordpress\/ -->\n<title>Sk\u00f3ral - Hersteller von Lederbekleidung - \u00dcber uns - Online-Shop<\/title>\n<meta name=\"description\" content=\"Spezialisten f\u00fcr hochwertige Leder- und Lammfellmode. Online-Shop.\" \/>\n<meta name=\"robots\" content=\"index, follow, max-snippet:-1, max-image-preview:large, max-video-preview:-1\" \/>\n<link rel=\"canonical\" href=\"https:\/\/sklep.skoral.com\/de\/skoral-hersteller-von-lederbekleidung\/\" \/>\n<meta property=\"og:locale\" content=\"de_DE\" \/>\n<meta property=\"og:type\" content=\"article\" \/>\n<meta property=\"og:title\" content=\"Sk\u00f3ral - Hersteller von Lederbekleidung - \u00dcber uns - Online-Shop\" \/>\n<meta property=\"og:description\" content=\"Spezialisten f\u00fcr hochwertige Leder- und Lammfellmode. Online-Shop.\" \/>\n<meta property=\"og:url\" content=\"https:\/\/sklep.skoral.com\/de\/skoral-hersteller-von-lederbekleidung\/\" \/>\n<meta property=\"og:site_name\" content=\"Pracownia Sk\u00f3ral\" \/>\n<meta property=\"article:publisher\" content=\"https:\/\/www.facebook.com\/SkoralNaturalLeather\" \/>\n<meta property=\"article:modified_time\" content=\"2025-09-08T18:41:09+00:00\" \/>\n<meta property=\"og:image\" content=\"https:\/\/sklep.skoral.com\/wp-content\/uploads\/2021\/01\/skoral-pracownia-z-odzieza-skorzana-i-akcesoriami.jpg\" \/>\n\t<meta property=\"og:image:width\" content=\"1932\" \/>\n\t<meta property=\"og:image:height\" content=\"860\" \/>\n\t<meta property=\"og:image:type\" content=\"image\/jpeg\" \/>\n<meta name=\"twitter:card\" content=\"summary_large_image\" \/>\n<meta name=\"twitter:label1\" content=\"Gesch\u00e4tzte Lesezeit\" \/>\n\t<meta name=\"twitter:data1\" content=\"2\u00a0Minuten\" \/>\n<script type=\"application\/ld+json\" class=\"yoast-schema-graph\">{\"@context\":\"https:\\\/\\\/schema.org\",\"@graph\":[{\"@type\":\"WebPage\",\"@id\":\"https:\\\/\\\/sklep.skoral.com\\\/de\\\/skoral-hersteller-von-lederbekleidung\\\/\",\"url\":\"https:\\\/\\\/sklep.skoral.com\\\/de\\\/skoral-hersteller-von-lederbekleidung\\\/\",\"name\":\"Sk\u00f3ral - Hersteller von Lederbekleidung - \u00dcber uns - Online-Shop\",\"isPartOf\":{\"@id\":\"https:\\\/\\\/sklep.skoral.com\\\/de\\\/#website\"},\"datePublished\":\"2021-01-19T14:09:14+00:00\",\"dateModified\":\"2025-09-08T18:41:09+00:00\",\"description\":\"Spezialisten f\u00fcr hochwertige Leder- und Lammfellmode. Online-Shop.\",\"breadcrumb\":{\"@id\":\"https:\\\/\\\/sklep.skoral.com\\\/de\\\/skoral-hersteller-von-lederbekleidung\\\/#breadcrumb\"},\"inLanguage\":\"de\",\"potentialAction\":[{\"@type\":\"ReadAction\",\"target\":[\"https:\\\/\\\/sklep.skoral.com\\\/de\\\/skoral-hersteller-von-lederbekleidung\\\/\"]}]},{\"@type\":\"BreadcrumbList\",\"@id\":\"https:\\\/\\\/sklep.skoral.com\\\/de\\\/skoral-hersteller-von-lederbekleidung\\\/#breadcrumb\",\"itemListElement\":[{\"@type\":\"ListItem\",\"position\":1,\"name\":\"Strona g\u0142\u00f3wna\",\"item\":\"https:\\\/\\\/sklep.skoral.com\\\/de\\\/startseite\\\/\"},{\"@type\":\"ListItem\",\"position\":2,\"name\":\"Sk\u00f3ral &#8211; Hersteller von Lederbekleidung\"}]},{\"@type\":\"WebSite\",\"@id\":\"https:\\\/\\\/sklep.skoral.com\\\/de\\\/#website\",\"url\":\"https:\\\/\\\/sklep.skoral.com\\\/de\\\/\",\"name\":\"Pracownia Sk\u00f3ral\",\"description\":\"Sklep z odzie\u017c\u0105\u00a0sk\u00f3rzan\u0105 i akcesoriami ze sk\u00f3ry naturalnej\",\"publisher\":{\"@id\":\"https:\\\/\\\/sklep.skoral.com\\\/de\\\/#organization\"},\"potentialAction\":[{\"@type\":\"SearchAction\",\"target\":{\"@type\":\"EntryPoint\",\"urlTemplate\":\"https:\\\/\\\/sklep.skoral.com\\\/de\\\/?s={search_term_string}\"},\"query-input\":{\"@type\":\"PropertyValueSpecification\",\"valueRequired\":true,\"valueName\":\"search_term_string\"}}],\"inLanguage\":\"de\"},{\"@type\":\"Organization\",\"@id\":\"https:\\\/\\\/sklep.skoral.com\\\/de\\\/#organization\",\"name\":\"Sk\u00f3ral - Pracownia odzie\u017cy i akcesori\u00f3w sk\u00f3rzanych\",\"url\":\"https:\\\/\\\/sklep.skoral.com\\\/de\\\/\",\"logo\":{\"@type\":\"ImageObject\",\"inLanguage\":\"de\",\"@id\":\"https:\\\/\\\/sklep.skoral.com\\\/de\\\/#\\\/schema\\\/logo\\\/image\\\/\",\"url\":\"https:\\\/\\\/sklep.skoral.com\\\/wp-content\\\/uploads\\\/2020\\\/09\\\/cropped-logo-duze.png\",\"contentUrl\":\"https:\\\/\\\/sklep.skoral.com\\\/wp-content\\\/uploads\\\/2020\\\/09\\\/cropped-logo-duze.png\",\"width\":1200,\"height\":293,\"caption\":\"Sk\u00f3ral - Pracownia odzie\u017cy i akcesori\u00f3w sk\u00f3rzanych\"},\"image\":{\"@id\":\"https:\\\/\\\/sklep.skoral.com\\\/de\\\/#\\\/schema\\\/logo\\\/image\\\/\"},\"sameAs\":[\"https:\\\/\\\/www.facebook.com\\\/SkoralNaturalLeather\",\"https:\\\/\\\/www.instagram.com\\\/skoraldesign\\\/\",\"https:\\\/\\\/www.youtube.com\\\/channel\\\/UCijmecsRU9TpML5jIEBsWTw\"]}]}<\/script>\n<!-- \/ Yoast SEO plugin. -->","yoast_head_json":{"title":"Sk\u00f3ral - Hersteller von Lederbekleidung - \u00dcber uns - Online-Shop","description":"Spezialisten f\u00fcr hochwertige Leder- und Lammfellmode. Online-Shop.","robots":{"index":"index","follow":"follow","max-snippet":"max-snippet:-1","max-image-preview":"max-image-preview:large","max-video-preview":"max-video-preview:-1"},"canonical":"https:\/\/sklep.skoral.com\/de\/skoral-hersteller-von-lederbekleidung\/","og_locale":"de_DE","og_type":"article","og_title":"Sk\u00f3ral - Hersteller von Lederbekleidung - \u00dcber uns - Online-Shop","og_description":"Spezialisten f\u00fcr hochwertige Leder- und Lammfellmode. Online-Shop.","og_url":"https:\/\/sklep.skoral.com\/de\/skoral-hersteller-von-lederbekleidung\/","og_site_name":"Pracownia Sk\u00f3ral","article_publisher":"https:\/\/www.facebook.com\/SkoralNaturalLeather","article_modified_time":"2025-09-08T18:41:09+00:00","og_image":[{"width":1932,"height":860,"url":"https:\/\/sklep.skoral.com\/wp-content\/uploads\/2021\/01\/skoral-pracownia-z-odzieza-skorzana-i-akcesoriami.jpg","type":"image\/jpeg"}],"twitter_card":"summary_large_image","twitter_misc":{"Gesch\u00e4tzte Lesezeit":"2\u00a0Minuten"},"schema":{"@context":"https:\/\/schema.org","@graph":[{"@type":"WebPage","@id":"https:\/\/sklep.skoral.com\/de\/skoral-hersteller-von-lederbekleidung\/","url":"https:\/\/sklep.skoral.com\/de\/skoral-hersteller-von-lederbekleidung\/","name":"Sk\u00f3ral - Hersteller von Lederbekleidung - \u00dcber uns - Online-Shop","isPartOf":{"@id":"https:\/\/sklep.skoral.com\/de\/#website"},"datePublished":"2021-01-19T14:09:14+00:00","dateModified":"2025-09-08T18:41:09+00:00","description":"Spezialisten f\u00fcr hochwertige Leder- und Lammfellmode. Online-Shop.","breadcrumb":{"@id":"https:\/\/sklep.skoral.com\/de\/skoral-hersteller-von-lederbekleidung\/#breadcrumb"},"inLanguage":"de","potentialAction":[{"@type":"ReadAction","target":["https:\/\/sklep.skoral.com\/de\/skoral-hersteller-von-lederbekleidung\/"]}]},{"@type":"BreadcrumbList","@id":"https:\/\/sklep.skoral.com\/de\/skoral-hersteller-von-lederbekleidung\/#breadcrumb","itemListElement":[{"@type":"ListItem","position":1,"name":"Strona g\u0142\u00f3wna","item":"https:\/\/sklep.skoral.com\/de\/startseite\/"},{"@type":"ListItem","position":2,"name":"Sk\u00f3ral &#8211; Hersteller von Lederbekleidung"}]},{"@type":"WebSite","@id":"https:\/\/sklep.skoral.com\/de\/#website","url":"https:\/\/sklep.skoral.com\/de\/","name":"Pracownia Sk\u00f3ral","description":"Sklep z odzie\u017c\u0105\u00a0sk\u00f3rzan\u0105 i akcesoriami ze sk\u00f3ry naturalnej","publisher":{"@id":"https:\/\/sklep.skoral.com\/de\/#organization"},"potentialAction":[{"@type":"SearchAction","target":{"@type":"EntryPoint","urlTemplate":"https:\/\/sklep.skoral.com\/de\/?s={search_term_string}"},"query-input":{"@type":"PropertyValueSpecification","valueRequired":true,"valueName":"search_term_string"}}],"inLanguage":"de"},{"@type":"Organization","@id":"https:\/\/sklep.skoral.com\/de\/#organization","name":"Sk\u00f3ral - Pracownia odzie\u017cy i akcesori\u00f3w sk\u00f3rzanych","url":"https:\/\/sklep.skoral.com\/de\/","logo":{"@type":"ImageObject","inLanguage":"de","@id":"https:\/\/sklep.skoral.com\/de\/#\/schema\/logo\/image\/","url":"https:\/\/sklep.skoral.com\/wp-content\/uploads\/2020\/09\/cropped-logo-duze.png","contentUrl":"https:\/\/sklep.skoral.com\/wp-content\/uploads\/2020\/09\/cropped-logo-duze.png","width":1200,"height":293,"caption":"Sk\u00f3ral - Pracownia odzie\u017cy i akcesori\u00f3w sk\u00f3rzanych"},"image":{"@id":"https:\/\/sklep.skoral.com\/de\/#\/schema\/logo\/image\/"},"sameAs":["https:\/\/www.facebook.com\/SkoralNaturalLeather","https:\/\/www.instagram.com\/skoraldesign\/","https:\/\/www.youtube.com\/channel\/UCijmecsRU9TpML5jIEBsWTw"]}]}},"jetpack_sharing_enabled":true,"_links":{"self":[{"href":"https:\/\/sklep.skoral.com\/de\/wp-json\/wp\/v2\/pages\/1666","targetHints":{"allow":["GET"]}}],"collection":[{"href":"https:\/\/sklep.skoral.com\/de\/wp-json\/wp\/v2\/pages"}],"about":[{"href":"https:\/\/sklep.skoral.com\/de\/wp-json\/wp\/v2\/types\/page"}],"author":[{"embeddable":true,"href":"https:\/\/sklep.skoral.com\/de\/wp-json\/wp\/v2\/users\/1"}],"replies":[{"embeddable":true,"href":"https:\/\/sklep.skoral.com\/de\/wp-json\/wp\/v2\/comments?post=1666"}],"version-history":[{"count":1,"href":"https:\/\/sklep.skoral.com\/de\/wp-json\/wp\/v2\/pages\/1666\/revisions"}],"predecessor-version":[{"id":1667,"href":"https:\/\/sklep.skoral.com\/de\/wp-json\/wp\/v2\/pages\/1666\/revisions\/1667"}],"wp:attachment":[{"href":"https:\/\/sklep.skoral.com\/de\/wp-json\/wp\/v2\/media?parent=1666"}],"curies":[{"name":"wp","href":"https:\/\/api.w.org\/{rel}","templated":true}]}}