{"id":120,"date":"2021-01-19T14:44:07","date_gmt":"2021-01-19T13:44:07","guid":{"rendered":"https:\/\/sklep.skoral.com\/?post_type=product&#038;p=120"},"modified":"2024-08-14T12:24:15","modified_gmt":"2024-08-14T10:24:15","slug":"kurtka-skorzana-damska-phoebe","status":"publish","type":"product","link":"https:\/\/sklep.skoral.com\/de\/produkt\/kurtka-skorzana-damska-phoebe\/","title":{"rendered":"Kurtka sk\u00f3rzana damska &#8211; Phoebe"},"content":{"rendered":"<p><span style=\"font-weight: 400;\">Damska kurtka sk\u00f3rzana Phoebe zosta\u0142a r\u0119cznie uszyta z w\u0142oskiej sk\u00f3ry jagni\u0119cej w pracowni krawieckiej w Krakowie. Charakteryzuje si\u0119 minimalistycznym, klasycznym krojem i subtelnymi detalami. Wyko\u0144czona oddychaj\u0105c\u0105 wiskozow\u0105 podszewk\u0105. Model Phoebe posiada dwie wpuszczone kieszenie, zapinane na zamek. Kurtka jest delikatnie taliowana, a dzi\u0119ki pod\u0142u\u017cnym przeszyciom dodatkowo wysmukla sylwetk\u0119. Model Phoebe zosta\u0142 lekko przed\u0142u\u017cony \u2014 si\u0119ga do bioder, dzi\u0119ki czemu modeluje kobiece kszta\u0142ty i maskuje ewentualne mankamenty figury. Kurtka sk\u00f3rzana Phoebe wyposa\u017cona jest w funkcjonalny, obszerny kaptur. W zimniejszych miesi\u0105cach do kaptura mo\u017cna przyczepi\u0107 ko\u0142nierz z mi\u0119kkiej i ciep\u0142ej sk\u00f3ry jagni\u0119cej Toskany. Fason ten sprawdzi si\u0119 wi\u0119c bardzo dobrze podczas ni\u017cszych temperatur i wietrznych dni.<\/span><\/p>\n<h2>Klasyczny i minimalistyczny fason kurtki sk\u00f3rzanej<\/h2>\n<p><span style=\"font-weight: 400;\">Damska kurtka sk\u00f3rzana Phoebe szczeg\u00f3lnie przypadnie do gustu tym paniom, kt\u00f3re ceni\u0105 lekko sportowy charakter odzie\u017cy oraz klasyczne, minimalistyczne fasony.<\/span><\/p>\n<h3>Kurtki sk\u00f3rzane damskie na wymiar<\/h3>\n<p><span style=\"font-weight: 400;\">Istnieje mo\u017cliwo\u015b\u0107 wykonania kurtki tak\u017ce w innych kolorach oraz dopasowania rozmiaru do konkretnych wymiar\u00f3w \u2014 zainteresowanych prosimy o <a href=\"https:\/\/sklep.skoral.com\/kontakt\/\">kontakt<\/a> z nasz\u0105 pracowni\u0105 pod numerem +48 12 423 12 20.<\/span><\/p>\n","protected":false},"excerpt":{"rendered":"<p>Damska kurtka sk\u00f3rzana typu Phoebe z kapuz\u0105. Minimalistyczny i klasyczny fason.<\/p>\n","protected":false},"featured_media":127,"template":"","meta":{"_monsterinsights_skip_tracking":false,"_monsterinsights_sitenote_active":false,"_monsterinsights_sitenote_note":"","_monsterinsights_sitenote_category":0},"product_brand":[],"product_cat":[16],"product_tag":[82,45],"class_list":{"0":"post-120","1":"product","2":"type-product","3":"status-publish","4":"has-post-thumbnail","6":"product_cat-kurtka-skorzana-damska","7":"product_tag-kapuza","8":"product_tag-kurtka-trzy-czwarte","10":"first","11":"instock","12":"taxable","13":"shipping-taxable","14":"purchasable","15":"product-type-variable"},"yoast_head":"<!-- This site is optimized with the Yoast SEO plugin v27.6 - https:\/\/yoast.com\/product\/yoast-seo-wordpress\/ -->\n<title>Kurtka sk\u00f3rzana damska - Phoebe - Pracownia Sk\u00f3ral - Sklep internetowy<\/title>\n<meta name=\"description\" content=\"Klasyczna i minimalistyczna kurtka sk\u00f3rzana damska w kolorze czarnym ze sk\u00f3ry jagni\u0119cej. W zestawie z kapuz\u0105 \/ kapturem - sklep internetowy\" \/>\n<meta name=\"robots\" content=\"index, follow, max-snippet:-1, max-image-preview:large, max-video-preview:-1\" \/>\n<link rel=\"canonical\" href=\"https:\/\/sklep.skoral.com\/de\/produkt\/kurtka-skorzana-damska-phoebe\/\" \/>\n<meta property=\"og:locale\" content=\"de_DE\" \/>\n<meta property=\"og:type\" content=\"article\" \/>\n<meta property=\"og:title\" content=\"Kurtka sk\u00f3rzana damska - Phoebe - Pracownia Sk\u00f3ral - Sklep internetowy\" \/>\n<meta property=\"og:description\" content=\"Klasyczna i minimalistyczna kurtka sk\u00f3rzana damska w kolorze czarnym ze sk\u00f3ry jagni\u0119cej. W zestawie z kapuz\u0105 \/ kapturem - sklep internetowy\" \/>\n<meta property=\"og:url\" content=\"https:\/\/sklep.skoral.com\/de\/produkt\/kurtka-skorzana-damska-phoebe\/\" \/>\n<meta property=\"og:site_name\" content=\"Pracownia Sk\u00f3ral\" \/>\n<meta property=\"article:publisher\" content=\"https:\/\/www.facebook.com\/SkoralNaturalLeather\" \/>\n<meta property=\"article:modified_time\" content=\"2024-08-14T10:24:15+00:00\" \/>\n<meta property=\"og:image\" content=\"https:\/\/sklep.skoral.com\/wp-content\/uploads\/2021\/01\/kurtka-skorzana-skora-naturalna-phoebe.jpg\" \/>\n\t<meta property=\"og:image:width\" content=\"1024\" \/>\n\t<meta property=\"og:image:height\" content=\"1280\" \/>\n\t<meta property=\"og:image:type\" content=\"image\/jpeg\" \/>\n<meta name=\"twitter:card\" content=\"summary_large_image\" \/>\n<meta name=\"twitter:label1\" content=\"Gesch\u00e4tzte Lesezeit\" \/>\n\t<meta name=\"twitter:data1\" content=\"1\u00a0Minute\" \/>\n<script type=\"application\/ld+json\" class=\"yoast-schema-graph\">{\"@context\":\"https:\\\/\\\/schema.org\",\"@graph\":[{\"@type\":[\"WebPage\",\"ItemPage\"],\"@id\":\"https:\\\/\\\/sklep.skoral.com\\\/de\\\/produkt\\\/kurtka-skorzana-damska-phoebe\\\/\",\"url\":\"https:\\\/\\\/sklep.skoral.com\\\/de\\\/produkt\\\/kurtka-skorzana-damska-phoebe\\\/\",\"name\":\"Kurtka sk\u00f3rzana damska - Phoebe - Pracownia Sk\u00f3ral - Sklep internetowy\",\"isPartOf\":{\"@id\":\"https:\\\/\\\/sklep.skoral.com\\\/de\\\/#website\"},\"primaryImageOfPage\":{\"@id\":\"https:\\\/\\\/sklep.skoral.com\\\/de\\\/produkt\\\/kurtka-skorzana-damska-phoebe\\\/#primaryimage\"},\"image\":{\"@id\":\"https:\\\/\\\/sklep.skoral.com\\\/de\\\/produkt\\\/kurtka-skorzana-damska-phoebe\\\/#primaryimage\"},\"thumbnailUrl\":\"https:\\\/\\\/sklep.skoral.com\\\/wp-content\\\/uploads\\\/2021\\\/01\\\/kurtka-skorzana-skora-naturalna-phoebe.jpg\",\"datePublished\":\"2021-01-19T13:44:07+00:00\",\"dateModified\":\"2024-08-14T10:24:15+00:00\",\"description\":\"Klasyczna i minimalistyczna kurtka sk\u00f3rzana damska w kolorze czarnym ze sk\u00f3ry jagni\u0119cej. W zestawie z kapuz\u0105 \\\/ kapturem - sklep internetowy\",\"breadcrumb\":{\"@id\":\"https:\\\/\\\/sklep.skoral.com\\\/de\\\/produkt\\\/kurtka-skorzana-damska-phoebe\\\/#breadcrumb\"},\"inLanguage\":\"de\",\"potentialAction\":[{\"@type\":\"ReadAction\",\"target\":[\"https:\\\/\\\/sklep.skoral.com\\\/de\\\/produkt\\\/kurtka-skorzana-damska-phoebe\\\/\"]}]},{\"@type\":\"ImageObject\",\"inLanguage\":\"de\",\"@id\":\"https:\\\/\\\/sklep.skoral.com\\\/de\\\/produkt\\\/kurtka-skorzana-damska-phoebe\\\/#primaryimage\",\"url\":\"https:\\\/\\\/sklep.skoral.com\\\/wp-content\\\/uploads\\\/2021\\\/01\\\/kurtka-skorzana-skora-naturalna-phoebe.jpg\",\"contentUrl\":\"https:\\\/\\\/sklep.skoral.com\\\/wp-content\\\/uploads\\\/2021\\\/01\\\/kurtka-skorzana-skora-naturalna-phoebe.jpg\",\"width\":1024,\"height\":1280,\"caption\":\"Kurtka sk\u00f3rzana damska - Phoebe\"},{\"@type\":\"BreadcrumbList\",\"@id\":\"https:\\\/\\\/sklep.skoral.com\\\/de\\\/produkt\\\/kurtka-skorzana-damska-phoebe\\\/#breadcrumb\",\"itemListElement\":[{\"@type\":\"ListItem\",\"position\":1,\"name\":\"Strona g\u0142\u00f3wna\",\"item\":\"https:\\\/\\\/sklep.skoral.com\\\/de\\\/startseite\\\/\"},{\"@type\":\"ListItem\",\"position\":2,\"name\":\"Shop\",\"item\":\"https:\\\/\\\/sklep.skoral.com\\\/de\\\/shop\\\/\"},{\"@type\":\"ListItem\",\"position\":3,\"name\":\"Kurtka sk\u00f3rzana damska &#8211; Phoebe\"}]},{\"@type\":\"WebSite\",\"@id\":\"https:\\\/\\\/sklep.skoral.com\\\/de\\\/#website\",\"url\":\"https:\\\/\\\/sklep.skoral.com\\\/de\\\/\",\"name\":\"Pracownia Sk\u00f3ral\",\"description\":\"Sklep z odzie\u017c\u0105\u00a0sk\u00f3rzan\u0105 i akcesoriami ze sk\u00f3ry naturalnej\",\"publisher\":{\"@id\":\"https:\\\/\\\/sklep.skoral.com\\\/de\\\/#organization\"},\"potentialAction\":[{\"@type\":\"SearchAction\",\"target\":{\"@type\":\"EntryPoint\",\"urlTemplate\":\"https:\\\/\\\/sklep.skoral.com\\\/de\\\/?s={search_term_string}\"},\"query-input\":{\"@type\":\"PropertyValueSpecification\",\"valueRequired\":true,\"valueName\":\"search_term_string\"}}],\"inLanguage\":\"de\"},{\"@type\":\"Organization\",\"@id\":\"https:\\\/\\\/sklep.skoral.com\\\/de\\\/#organization\",\"name\":\"Sk\u00f3ral - Pracownia odzie\u017cy i akcesori\u00f3w sk\u00f3rzanych\",\"url\":\"https:\\\/\\\/sklep.skoral.com\\\/de\\\/\",\"logo\":{\"@type\":\"ImageObject\",\"inLanguage\":\"de\",\"@id\":\"https:\\\/\\\/sklep.skoral.com\\\/de\\\/#\\\/schema\\\/logo\\\/image\\\/\",\"url\":\"https:\\\/\\\/sklep.skoral.com\\\/wp-content\\\/uploads\\\/2020\\\/09\\\/cropped-logo-duze.png\",\"contentUrl\":\"https:\\\/\\\/sklep.skoral.com\\\/wp-content\\\/uploads\\\/2020\\\/09\\\/cropped-logo-duze.png\",\"width\":1200,\"height\":293,\"caption\":\"Sk\u00f3ral - Pracownia odzie\u017cy i akcesori\u00f3w sk\u00f3rzanych\"},\"image\":{\"@id\":\"https:\\\/\\\/sklep.skoral.com\\\/de\\\/#\\\/schema\\\/logo\\\/image\\\/\"},\"sameAs\":[\"https:\\\/\\\/www.facebook.com\\\/SkoralNaturalLeather\",\"https:\\\/\\\/www.instagram.com\\\/skoraldesign\\\/\",\"https:\\\/\\\/www.youtube.com\\\/channel\\\/UCijmecsRU9TpML5jIEBsWTw\"]}]}<\/script>\n<!-- \/ Yoast SEO plugin. -->","yoast_head_json":{"title":"Kurtka sk\u00f3rzana damska - Phoebe - Pracownia Sk\u00f3ral - Sklep internetowy","description":"Klasyczna i minimalistyczna kurtka sk\u00f3rzana damska w kolorze czarnym ze sk\u00f3ry jagni\u0119cej. W zestawie z kapuz\u0105 \/ kapturem - sklep internetowy","robots":{"index":"index","follow":"follow","max-snippet":"max-snippet:-1","max-image-preview":"max-image-preview:large","max-video-preview":"max-video-preview:-1"},"canonical":"https:\/\/sklep.skoral.com\/de\/produkt\/kurtka-skorzana-damska-phoebe\/","og_locale":"de_DE","og_type":"article","og_title":"Kurtka sk\u00f3rzana damska - Phoebe - Pracownia Sk\u00f3ral - Sklep internetowy","og_description":"Klasyczna i minimalistyczna kurtka sk\u00f3rzana damska w kolorze czarnym ze sk\u00f3ry jagni\u0119cej. W zestawie z kapuz\u0105 \/ kapturem - sklep internetowy","og_url":"https:\/\/sklep.skoral.com\/de\/produkt\/kurtka-skorzana-damska-phoebe\/","og_site_name":"Pracownia Sk\u00f3ral","article_publisher":"https:\/\/www.facebook.com\/SkoralNaturalLeather","article_modified_time":"2024-08-14T10:24:15+00:00","og_image":[{"width":1024,"height":1280,"url":"https:\/\/sklep.skoral.com\/wp-content\/uploads\/2021\/01\/kurtka-skorzana-skora-naturalna-phoebe.jpg","type":"image\/jpeg"}],"twitter_card":"summary_large_image","twitter_misc":{"Gesch\u00e4tzte Lesezeit":"1\u00a0Minute"},"schema":{"@context":"https:\/\/schema.org","@graph":[{"@type":["WebPage","ItemPage"],"@id":"https:\/\/sklep.skoral.com\/de\/produkt\/kurtka-skorzana-damska-phoebe\/","url":"https:\/\/sklep.skoral.com\/de\/produkt\/kurtka-skorzana-damska-phoebe\/","name":"Kurtka sk\u00f3rzana damska - Phoebe - Pracownia Sk\u00f3ral - Sklep internetowy","isPartOf":{"@id":"https:\/\/sklep.skoral.com\/de\/#website"},"primaryImageOfPage":{"@id":"https:\/\/sklep.skoral.com\/de\/produkt\/kurtka-skorzana-damska-phoebe\/#primaryimage"},"image":{"@id":"https:\/\/sklep.skoral.com\/de\/produkt\/kurtka-skorzana-damska-phoebe\/#primaryimage"},"thumbnailUrl":"https:\/\/sklep.skoral.com\/wp-content\/uploads\/2021\/01\/kurtka-skorzana-skora-naturalna-phoebe.jpg","datePublished":"2021-01-19T13:44:07+00:00","dateModified":"2024-08-14T10:24:15+00:00","description":"Klasyczna i minimalistyczna kurtka sk\u00f3rzana damska w kolorze czarnym ze sk\u00f3ry jagni\u0119cej. W zestawie z kapuz\u0105 \/ kapturem - sklep internetowy","breadcrumb":{"@id":"https:\/\/sklep.skoral.com\/de\/produkt\/kurtka-skorzana-damska-phoebe\/#breadcrumb"},"inLanguage":"de","potentialAction":[{"@type":"ReadAction","target":["https:\/\/sklep.skoral.com\/de\/produkt\/kurtka-skorzana-damska-phoebe\/"]}]},{"@type":"ImageObject","inLanguage":"de","@id":"https:\/\/sklep.skoral.com\/de\/produkt\/kurtka-skorzana-damska-phoebe\/#primaryimage","url":"https:\/\/sklep.skoral.com\/wp-content\/uploads\/2021\/01\/kurtka-skorzana-skora-naturalna-phoebe.jpg","contentUrl":"https:\/\/sklep.skoral.com\/wp-content\/uploads\/2021\/01\/kurtka-skorzana-skora-naturalna-phoebe.jpg","width":1024,"height":1280,"caption":"Kurtka sk\u00f3rzana damska - Phoebe"},{"@type":"BreadcrumbList","@id":"https:\/\/sklep.skoral.com\/de\/produkt\/kurtka-skorzana-damska-phoebe\/#breadcrumb","itemListElement":[{"@type":"ListItem","position":1,"name":"Strona g\u0142\u00f3wna","item":"https:\/\/sklep.skoral.com\/de\/startseite\/"},{"@type":"ListItem","position":2,"name":"Shop","item":"https:\/\/sklep.skoral.com\/de\/shop\/"},{"@type":"ListItem","position":3,"name":"Kurtka sk\u00f3rzana damska &#8211; Phoebe"}]},{"@type":"WebSite","@id":"https:\/\/sklep.skoral.com\/de\/#website","url":"https:\/\/sklep.skoral.com\/de\/","name":"Pracownia Sk\u00f3ral","description":"Sklep z odzie\u017c\u0105\u00a0sk\u00f3rzan\u0105 i akcesoriami ze sk\u00f3ry naturalnej","publisher":{"@id":"https:\/\/sklep.skoral.com\/de\/#organization"},"potentialAction":[{"@type":"SearchAction","target":{"@type":"EntryPoint","urlTemplate":"https:\/\/sklep.skoral.com\/de\/?s={search_term_string}"},"query-input":{"@type":"PropertyValueSpecification","valueRequired":true,"valueName":"search_term_string"}}],"inLanguage":"de"},{"@type":"Organization","@id":"https:\/\/sklep.skoral.com\/de\/#organization","name":"Sk\u00f3ral - Pracownia odzie\u017cy i akcesori\u00f3w sk\u00f3rzanych","url":"https:\/\/sklep.skoral.com\/de\/","logo":{"@type":"ImageObject","inLanguage":"de","@id":"https:\/\/sklep.skoral.com\/de\/#\/schema\/logo\/image\/","url":"https:\/\/sklep.skoral.com\/wp-content\/uploads\/2020\/09\/cropped-logo-duze.png","contentUrl":"https:\/\/sklep.skoral.com\/wp-content\/uploads\/2020\/09\/cropped-logo-duze.png","width":1200,"height":293,"caption":"Sk\u00f3ral - Pracownia odzie\u017cy i akcesori\u00f3w sk\u00f3rzanych"},"image":{"@id":"https:\/\/sklep.skoral.com\/de\/#\/schema\/logo\/image\/"},"sameAs":["https:\/\/www.facebook.com\/SkoralNaturalLeather","https:\/\/www.instagram.com\/skoraldesign\/","https:\/\/www.youtube.com\/channel\/UCijmecsRU9TpML5jIEBsWTw"]}]}},"jetpack_sharing_enabled":true,"_links":{"self":[{"href":"https:\/\/sklep.skoral.com\/de\/wp-json\/wp\/v2\/product\/120","targetHints":{"allow":["GET"]}}],"collection":[{"href":"https:\/\/sklep.skoral.com\/de\/wp-json\/wp\/v2\/product"}],"about":[{"href":"https:\/\/sklep.skoral.com\/de\/wp-json\/wp\/v2\/types\/product"}],"wp:featuredmedia":[{"embeddable":true,"href":"https:\/\/sklep.skoral.com\/de\/wp-json\/wp\/v2\/media\/127"}],"wp:attachment":[{"href":"https:\/\/sklep.skoral.com\/de\/wp-json\/wp\/v2\/media?parent=120"}],"wp:term":[{"taxonomy":"product_brand","embeddable":true,"href":"https:\/\/sklep.skoral.com\/de\/wp-json\/wp\/v2\/product_brand?post=120"},{"taxonomy":"product_cat","embeddable":true,"href":"https:\/\/sklep.skoral.com\/de\/wp-json\/wp\/v2\/product_cat?post=120"},{"taxonomy":"product_tag","embeddable":true,"href":"https:\/\/sklep.skoral.com\/de\/wp-json\/wp\/v2\/product_tag?post=120"}],"curies":[{"name":"wp","href":"https:\/\/api.w.org\/{rel}","templated":true}]}}