{"id":152,"date":"2021-01-19T15:38:44","date_gmt":"2021-01-19T14:38:44","guid":{"rendered":"https:\/\/sklep.skoral.com\/?post_type=product&#038;p=152"},"modified":"2024-08-14T12:22:47","modified_gmt":"2024-08-14T10:22:47","slug":"kurtka-skorzana-damska-vuele","status":"publish","type":"product","link":"https:\/\/sklep.skoral.com\/de\/produkt\/kurtka-skorzana-damska-vuele\/","title":{"rendered":"Kurtka sk\u00f3rzana damska &#8211; Vuele"},"content":{"rendered":"<p><span style=\"font-weight: 400;\">Damska kurtka sk\u00f3rzana Vuele to lekka, zapinana na guziki kurtka, uszyta z najwy\u017cszej jako\u015bci jagni\u0119cej sk\u00f3ry licowej oraz jagni\u0119cego zamszu. Kurtka, z pozoru klasyczna, posiada zamszowe wstawki, kt\u00f3re delikatnie modeluj\u0105 sylwetk\u0119 i nadaj\u0105 jej nowoczesnego charakteru. Model Vuele posiada lekko taliowany fason, kt\u00f3ry zapewnia swobod\u0119 ruch\u00f3w. Mi\u0119kka, w\u0142oska sk\u00f3ra przyjemnie dopasowuje si\u0119 do cia\u0142a i nie kr\u0119puje ruch\u00f3w. Kurtka posiada r\u00f3wnie\u017c wiskozow\u0105 podpink\u0119, wype\u0142nion\u0105 lekk\u0105 piank\u0105, zapewniaj\u0105c\u0105 dodatkow\u0105 warstw\u0119 ocieplenia na zimniejsze miesi\u0105ce. Piankowa podszewka jest odpinana, dzi\u0119ki czemu kurtka Vuele marki Sk\u00f3ral jest kurtk\u0105 ca\u0142oroczn\u0105. Model zapinany jest na guziki. Wyko\u0144czony zosta\u0142 st\u00f3jk\u0105, kt\u00f3r\u0105 mo\u017cna r\u00f3wnie\u017c odwin\u0105\u0107 w formie klap. Kurtka posiada dwie kieszenie.<\/span><\/p>\n<h2>Dla kogo kurtka sk\u00f3rzana ca\u0142oroczna Vuele?<\/h2>\n<p><span style=\"font-weight: 400;\">Damska kurtka sk\u00f3rzana Vuele marki Sk\u00f3ral to model, kt\u00f3ry przypadnie do gustu eleganckim kobietom, ceni\u0105cym klasyczny styl, prze\u0142amany nutk\u0105 nowoczesno\u015bci.\u00a0<\/span><\/p>\n<p><span style=\"font-weight: 400;\">Kurtka zosta\u0142a uszyta z najwy\u017cszej jako\u015bci mi\u0119kkiej i wytrzyma\u0142ej sk\u00f3ry w\u0142oskiej, dzi\u0119ki czemu jej zakup b\u0119dzie inwestycj\u0105 na wiele sezon\u00f3w.<\/span><\/p>\n<p><span style=\"font-weight: 400;\">Oferujemy mo\u017cliwo\u015b\u0107 uszycia kurtki w innym kolorze oraz dopasowania wymiar\u00f3w kurtki do indywidualnych potrzeb klienta &#8211; zainteresowanych zapraszamy do kontaktu z nasz\u0105 pracowni\u0105 krawieck\u0105:\u00a0 +48 12 423 12 20.\u00a0<\/span><\/p>\n","protected":false},"excerpt":{"rendered":"<p>Lekka, zapinana na guziki kurtka sk\u00f3rzana damska typu Vuele.<\/p>\n","protected":false},"featured_media":159,"template":"","meta":{"_monsterinsights_skip_tracking":false,"_monsterinsights_sitenote_active":false,"_monsterinsights_sitenote_note":"","_monsterinsights_sitenote_category":0},"product_brand":[],"product_cat":[16],"product_tag":[41,40,24],"class_list":{"0":"post-152","1":"product","2":"type-product","3":"status-publish","4":"has-post-thumbnail","6":"product_cat-kurtka-skorzana-damska","7":"product_tag-klasyk","8":"product_tag-na-motor","9":"product_tag-ramoneska","11":"first","12":"instock","13":"taxable","14":"shipping-taxable","15":"purchasable","16":"product-type-variable"},"yoast_head":"<!-- This site is optimized with the Yoast SEO plugin v27.6 - https:\/\/yoast.com\/product\/yoast-seo-wordpress\/ -->\n<title>Kurtka sk\u00f3rzana damska - Vuele - Pracownia Sk\u00f3ral - producent odzie\u017cy<\/title>\n<meta name=\"description\" content=\"Klasyczna kurtka sk\u00f3rzana damska - fason Vuele - Producent odzie\u017cy sk\u00f3rzanej - zam\u00f3w na wymiar w sklepie internetowym - okazja!\" \/>\n<meta name=\"robots\" content=\"index, follow, max-snippet:-1, max-image-preview:large, max-video-preview:-1\" \/>\n<link rel=\"canonical\" href=\"https:\/\/sklep.skoral.com\/de\/produkt\/kurtka-skorzana-damska-vuele\/\" \/>\n<meta property=\"og:locale\" content=\"de_DE\" \/>\n<meta property=\"og:type\" content=\"article\" \/>\n<meta property=\"og:title\" content=\"Kurtka sk\u00f3rzana damska - Vuele - Pracownia Sk\u00f3ral - producent odzie\u017cy\" \/>\n<meta property=\"og:description\" content=\"Klasyczna kurtka sk\u00f3rzana damska - fason Vuele - Producent odzie\u017cy sk\u00f3rzanej - zam\u00f3w na wymiar w sklepie internetowym - okazja!\" \/>\n<meta property=\"og:url\" content=\"https:\/\/sklep.skoral.com\/de\/produkt\/kurtka-skorzana-damska-vuele\/\" \/>\n<meta property=\"og:site_name\" content=\"Pracownia Sk\u00f3ral\" \/>\n<meta property=\"article:publisher\" content=\"https:\/\/www.facebook.com\/SkoralNaturalLeather\" \/>\n<meta property=\"article:modified_time\" content=\"2024-08-14T10:22:47+00:00\" \/>\n<meta property=\"og:image\" content=\"https:\/\/sklep.skoral.com\/wp-content\/uploads\/2021\/01\/kurtka-skorzana-damska-vuele.jpg\" \/>\n\t<meta property=\"og:image:width\" content=\"1024\" \/>\n\t<meta property=\"og:image:height\" content=\"1280\" \/>\n\t<meta property=\"og:image:type\" content=\"image\/jpeg\" \/>\n<meta name=\"twitter:card\" content=\"summary_large_image\" \/>\n<meta name=\"twitter:label1\" content=\"Gesch\u00e4tzte Lesezeit\" \/>\n\t<meta name=\"twitter:data1\" content=\"1\u00a0Minute\" \/>\n<script type=\"application\/ld+json\" class=\"yoast-schema-graph\">{\"@context\":\"https:\\\/\\\/schema.org\",\"@graph\":[{\"@type\":[\"WebPage\",\"ItemPage\"],\"@id\":\"https:\\\/\\\/sklep.skoral.com\\\/de\\\/produkt\\\/kurtka-skorzana-damska-vuele\\\/\",\"url\":\"https:\\\/\\\/sklep.skoral.com\\\/de\\\/produkt\\\/kurtka-skorzana-damska-vuele\\\/\",\"name\":\"Kurtka sk\u00f3rzana damska - Vuele - Pracownia Sk\u00f3ral - producent odzie\u017cy\",\"isPartOf\":{\"@id\":\"https:\\\/\\\/sklep.skoral.com\\\/de\\\/#website\"},\"primaryImageOfPage\":{\"@id\":\"https:\\\/\\\/sklep.skoral.com\\\/de\\\/produkt\\\/kurtka-skorzana-damska-vuele\\\/#primaryimage\"},\"image\":{\"@id\":\"https:\\\/\\\/sklep.skoral.com\\\/de\\\/produkt\\\/kurtka-skorzana-damska-vuele\\\/#primaryimage\"},\"thumbnailUrl\":\"https:\\\/\\\/sklep.skoral.com\\\/wp-content\\\/uploads\\\/2021\\\/01\\\/kurtka-skorzana-damska-vuele.jpg\",\"datePublished\":\"2021-01-19T14:38:44+00:00\",\"dateModified\":\"2024-08-14T10:22:47+00:00\",\"description\":\"Klasyczna kurtka sk\u00f3rzana damska - fason Vuele - Producent odzie\u017cy sk\u00f3rzanej - zam\u00f3w na wymiar w sklepie internetowym - okazja!\",\"breadcrumb\":{\"@id\":\"https:\\\/\\\/sklep.skoral.com\\\/de\\\/produkt\\\/kurtka-skorzana-damska-vuele\\\/#breadcrumb\"},\"inLanguage\":\"de\",\"potentialAction\":[{\"@type\":\"ReadAction\",\"target\":[\"https:\\\/\\\/sklep.skoral.com\\\/de\\\/produkt\\\/kurtka-skorzana-damska-vuele\\\/\"]}]},{\"@type\":\"ImageObject\",\"inLanguage\":\"de\",\"@id\":\"https:\\\/\\\/sklep.skoral.com\\\/de\\\/produkt\\\/kurtka-skorzana-damska-vuele\\\/#primaryimage\",\"url\":\"https:\\\/\\\/sklep.skoral.com\\\/wp-content\\\/uploads\\\/2021\\\/01\\\/kurtka-skorzana-damska-vuele.jpg\",\"contentUrl\":\"https:\\\/\\\/sklep.skoral.com\\\/wp-content\\\/uploads\\\/2021\\\/01\\\/kurtka-skorzana-damska-vuele.jpg\",\"width\":1024,\"height\":1280,\"caption\":\"Kurtka sk\u00f3rzana damska - Vuele\"},{\"@type\":\"BreadcrumbList\",\"@id\":\"https:\\\/\\\/sklep.skoral.com\\\/de\\\/produkt\\\/kurtka-skorzana-damska-vuele\\\/#breadcrumb\",\"itemListElement\":[{\"@type\":\"ListItem\",\"position\":1,\"name\":\"Strona g\u0142\u00f3wna\",\"item\":\"https:\\\/\\\/sklep.skoral.com\\\/de\\\/startseite\\\/\"},{\"@type\":\"ListItem\",\"position\":2,\"name\":\"Shop\",\"item\":\"https:\\\/\\\/sklep.skoral.com\\\/de\\\/shop\\\/\"},{\"@type\":\"ListItem\",\"position\":3,\"name\":\"Kurtka sk\u00f3rzana damska &#8211; Vuele\"}]},{\"@type\":\"WebSite\",\"@id\":\"https:\\\/\\\/sklep.skoral.com\\\/de\\\/#website\",\"url\":\"https:\\\/\\\/sklep.skoral.com\\\/de\\\/\",\"name\":\"Pracownia Sk\u00f3ral\",\"description\":\"Sklep z odzie\u017c\u0105\u00a0sk\u00f3rzan\u0105 i akcesoriami ze sk\u00f3ry naturalnej\",\"publisher\":{\"@id\":\"https:\\\/\\\/sklep.skoral.com\\\/de\\\/#organization\"},\"potentialAction\":[{\"@type\":\"SearchAction\",\"target\":{\"@type\":\"EntryPoint\",\"urlTemplate\":\"https:\\\/\\\/sklep.skoral.com\\\/de\\\/?s={search_term_string}\"},\"query-input\":{\"@type\":\"PropertyValueSpecification\",\"valueRequired\":true,\"valueName\":\"search_term_string\"}}],\"inLanguage\":\"de\"},{\"@type\":\"Organization\",\"@id\":\"https:\\\/\\\/sklep.skoral.com\\\/de\\\/#organization\",\"name\":\"Sk\u00f3ral - Pracownia odzie\u017cy i akcesori\u00f3w sk\u00f3rzanych\",\"url\":\"https:\\\/\\\/sklep.skoral.com\\\/de\\\/\",\"logo\":{\"@type\":\"ImageObject\",\"inLanguage\":\"de\",\"@id\":\"https:\\\/\\\/sklep.skoral.com\\\/de\\\/#\\\/schema\\\/logo\\\/image\\\/\",\"url\":\"https:\\\/\\\/sklep.skoral.com\\\/wp-content\\\/uploads\\\/2020\\\/09\\\/cropped-logo-duze.png\",\"contentUrl\":\"https:\\\/\\\/sklep.skoral.com\\\/wp-content\\\/uploads\\\/2020\\\/09\\\/cropped-logo-duze.png\",\"width\":1200,\"height\":293,\"caption\":\"Sk\u00f3ral - Pracownia odzie\u017cy i akcesori\u00f3w sk\u00f3rzanych\"},\"image\":{\"@id\":\"https:\\\/\\\/sklep.skoral.com\\\/de\\\/#\\\/schema\\\/logo\\\/image\\\/\"},\"sameAs\":[\"https:\\\/\\\/www.facebook.com\\\/SkoralNaturalLeather\",\"https:\\\/\\\/www.instagram.com\\\/skoraldesign\\\/\",\"https:\\\/\\\/www.youtube.com\\\/channel\\\/UCijmecsRU9TpML5jIEBsWTw\"]}]}<\/script>\n<!-- \/ Yoast SEO plugin. -->","yoast_head_json":{"title":"Kurtka sk\u00f3rzana damska - Vuele - Pracownia Sk\u00f3ral - producent odzie\u017cy","description":"Klasyczna kurtka sk\u00f3rzana damska - fason Vuele - Producent odzie\u017cy sk\u00f3rzanej - zam\u00f3w na wymiar w sklepie internetowym - okazja!","robots":{"index":"index","follow":"follow","max-snippet":"max-snippet:-1","max-image-preview":"max-image-preview:large","max-video-preview":"max-video-preview:-1"},"canonical":"https:\/\/sklep.skoral.com\/de\/produkt\/kurtka-skorzana-damska-vuele\/","og_locale":"de_DE","og_type":"article","og_title":"Kurtka sk\u00f3rzana damska - Vuele - Pracownia Sk\u00f3ral - producent odzie\u017cy","og_description":"Klasyczna kurtka sk\u00f3rzana damska - fason Vuele - Producent odzie\u017cy sk\u00f3rzanej - zam\u00f3w na wymiar w sklepie internetowym - okazja!","og_url":"https:\/\/sklep.skoral.com\/de\/produkt\/kurtka-skorzana-damska-vuele\/","og_site_name":"Pracownia Sk\u00f3ral","article_publisher":"https:\/\/www.facebook.com\/SkoralNaturalLeather","article_modified_time":"2024-08-14T10:22:47+00:00","og_image":[{"width":1024,"height":1280,"url":"https:\/\/sklep.skoral.com\/wp-content\/uploads\/2021\/01\/kurtka-skorzana-damska-vuele.jpg","type":"image\/jpeg"}],"twitter_card":"summary_large_image","twitter_misc":{"Gesch\u00e4tzte Lesezeit":"1\u00a0Minute"},"schema":{"@context":"https:\/\/schema.org","@graph":[{"@type":["WebPage","ItemPage"],"@id":"https:\/\/sklep.skoral.com\/de\/produkt\/kurtka-skorzana-damska-vuele\/","url":"https:\/\/sklep.skoral.com\/de\/produkt\/kurtka-skorzana-damska-vuele\/","name":"Kurtka sk\u00f3rzana damska - Vuele - Pracownia Sk\u00f3ral - producent odzie\u017cy","isPartOf":{"@id":"https:\/\/sklep.skoral.com\/de\/#website"},"primaryImageOfPage":{"@id":"https:\/\/sklep.skoral.com\/de\/produkt\/kurtka-skorzana-damska-vuele\/#primaryimage"},"image":{"@id":"https:\/\/sklep.skoral.com\/de\/produkt\/kurtka-skorzana-damska-vuele\/#primaryimage"},"thumbnailUrl":"https:\/\/sklep.skoral.com\/wp-content\/uploads\/2021\/01\/kurtka-skorzana-damska-vuele.jpg","datePublished":"2021-01-19T14:38:44+00:00","dateModified":"2024-08-14T10:22:47+00:00","description":"Klasyczna kurtka sk\u00f3rzana damska - fason Vuele - Producent odzie\u017cy sk\u00f3rzanej - zam\u00f3w na wymiar w sklepie internetowym - okazja!","breadcrumb":{"@id":"https:\/\/sklep.skoral.com\/de\/produkt\/kurtka-skorzana-damska-vuele\/#breadcrumb"},"inLanguage":"de","potentialAction":[{"@type":"ReadAction","target":["https:\/\/sklep.skoral.com\/de\/produkt\/kurtka-skorzana-damska-vuele\/"]}]},{"@type":"ImageObject","inLanguage":"de","@id":"https:\/\/sklep.skoral.com\/de\/produkt\/kurtka-skorzana-damska-vuele\/#primaryimage","url":"https:\/\/sklep.skoral.com\/wp-content\/uploads\/2021\/01\/kurtka-skorzana-damska-vuele.jpg","contentUrl":"https:\/\/sklep.skoral.com\/wp-content\/uploads\/2021\/01\/kurtka-skorzana-damska-vuele.jpg","width":1024,"height":1280,"caption":"Kurtka sk\u00f3rzana damska - Vuele"},{"@type":"BreadcrumbList","@id":"https:\/\/sklep.skoral.com\/de\/produkt\/kurtka-skorzana-damska-vuele\/#breadcrumb","itemListElement":[{"@type":"ListItem","position":1,"name":"Strona g\u0142\u00f3wna","item":"https:\/\/sklep.skoral.com\/de\/startseite\/"},{"@type":"ListItem","position":2,"name":"Shop","item":"https:\/\/sklep.skoral.com\/de\/shop\/"},{"@type":"ListItem","position":3,"name":"Kurtka sk\u00f3rzana damska &#8211; Vuele"}]},{"@type":"WebSite","@id":"https:\/\/sklep.skoral.com\/de\/#website","url":"https:\/\/sklep.skoral.com\/de\/","name":"Pracownia Sk\u00f3ral","description":"Sklep z odzie\u017c\u0105\u00a0sk\u00f3rzan\u0105 i akcesoriami ze sk\u00f3ry naturalnej","publisher":{"@id":"https:\/\/sklep.skoral.com\/de\/#organization"},"potentialAction":[{"@type":"SearchAction","target":{"@type":"EntryPoint","urlTemplate":"https:\/\/sklep.skoral.com\/de\/?s={search_term_string}"},"query-input":{"@type":"PropertyValueSpecification","valueRequired":true,"valueName":"search_term_string"}}],"inLanguage":"de"},{"@type":"Organization","@id":"https:\/\/sklep.skoral.com\/de\/#organization","name":"Sk\u00f3ral - Pracownia odzie\u017cy i akcesori\u00f3w sk\u00f3rzanych","url":"https:\/\/sklep.skoral.com\/de\/","logo":{"@type":"ImageObject","inLanguage":"de","@id":"https:\/\/sklep.skoral.com\/de\/#\/schema\/logo\/image\/","url":"https:\/\/sklep.skoral.com\/wp-content\/uploads\/2020\/09\/cropped-logo-duze.png","contentUrl":"https:\/\/sklep.skoral.com\/wp-content\/uploads\/2020\/09\/cropped-logo-duze.png","width":1200,"height":293,"caption":"Sk\u00f3ral - Pracownia odzie\u017cy i akcesori\u00f3w sk\u00f3rzanych"},"image":{"@id":"https:\/\/sklep.skoral.com\/de\/#\/schema\/logo\/image\/"},"sameAs":["https:\/\/www.facebook.com\/SkoralNaturalLeather","https:\/\/www.instagram.com\/skoraldesign\/","https:\/\/www.youtube.com\/channel\/UCijmecsRU9TpML5jIEBsWTw"]}]}},"jetpack_sharing_enabled":true,"_links":{"self":[{"href":"https:\/\/sklep.skoral.com\/de\/wp-json\/wp\/v2\/product\/152","targetHints":{"allow":["GET"]}}],"collection":[{"href":"https:\/\/sklep.skoral.com\/de\/wp-json\/wp\/v2\/product"}],"about":[{"href":"https:\/\/sklep.skoral.com\/de\/wp-json\/wp\/v2\/types\/product"}],"wp:featuredmedia":[{"embeddable":true,"href":"https:\/\/sklep.skoral.com\/de\/wp-json\/wp\/v2\/media\/159"}],"wp:attachment":[{"href":"https:\/\/sklep.skoral.com\/de\/wp-json\/wp\/v2\/media?parent=152"}],"wp:term":[{"taxonomy":"product_brand","embeddable":true,"href":"https:\/\/sklep.skoral.com\/de\/wp-json\/wp\/v2\/product_brand?post=152"},{"taxonomy":"product_cat","embeddable":true,"href":"https:\/\/sklep.skoral.com\/de\/wp-json\/wp\/v2\/product_cat?post=152"},{"taxonomy":"product_tag","embeddable":true,"href":"https:\/\/sklep.skoral.com\/de\/wp-json\/wp\/v2\/product_tag?post=152"}],"curies":[{"name":"wp","href":"https:\/\/api.w.org\/{rel}","templated":true}]}}