{"id":171,"date":"2021-01-19T15:47:32","date_gmt":"2021-01-19T14:47:32","guid":{"rendered":"https:\/\/sklep.skoral.com\/?post_type=product&#038;p=171"},"modified":"2024-08-14T12:22:19","modified_gmt":"2024-08-14T10:22:19","slug":"kurtka-skorzana-damska-soave","status":"publish","type":"product","link":"https:\/\/sklep.skoral.com\/de\/produkt\/kurtka-skorzana-damska-soave\/","title":{"rendered":"Kurtka sk\u00f3rzana damska &#8211; Soave"},"content":{"rendered":"<p><span style=\"font-weight: 400;\">Damska kurtka sk\u00f3rzana nawi\u0105zuj\u0105ca swoim krojem do kultowej kr\u00f3tkiej marynarki Chanel. Wykonana zosta\u0142a z wysokiej jako\u015bci, mi\u0119kkiej w\u0142oskiej sk\u00f3ry jagni\u0119cej, kt\u00f3ra jest niezwykle przyjemna dla cia\u0142a. Wiskozowa podszewka sprawia, \u017ce kurteczka jest przewiewna i oddychaj\u0105ca.\u00a0<\/span><\/p>\n<p><span style=\"font-weight: 400;\">Model Soave o charakterystycznym pude\u0142kowym kroju to synonim elegancji w nonszalanckim wydaniu. Jest to r\u00f3wnie\u017c jeden z wygodniejszych modeli, kt\u00f3ry nie kr\u0119puje ruch\u00f3w i gwarantuje pe\u0142n\u0105 swobod\u0119 poruszania si\u0119.\u00a0<\/span><\/p>\n<p><span style=\"font-weight: 400;\">Kurtka Soave zapinana jest na guziki. Okr\u0105g\u0142y dekolt \u0142adnie podkre\u015bla szyj\u0119. Kurtka posiada dwie niewielkie kieszonki umieszczone z przodu.\u00a0<\/span><\/p>\n<p><span style=\"font-weight: 400;\">Damska kurtka Soave marki Sk\u00f3ral to niezwykle praktyczny i elegancki element kobiecej garderoby. Dzi\u0119ki minimalistycznemu stylowi pasuje do wi\u0119kszo\u015bci damskich stylizacji. Kurtka fantastycznie sprawdzi si\u0119 w roli \u017cakietu do letnich sukienek i sp\u00f3dnic.\u00a0<\/span><\/p>\n<h2>Kurtka sk\u00f3rzana damska zapinana na guziki<\/h2>\n<p><span style=\"font-weight: 400;\">Je\u015bli szukasz konkretnego koloru i idealnie dopasowanego modelu, skontaktuj si\u0119 z nami! W naszej pracowni w Krakowie uszyjemy dla Ciebie kurtk\u0119 w Twoim wymarzonym kolorze oraz perfekcyjnie dopasowan\u0105 do Twoich kszta\u0142t\u00f3w.<\/span><\/p>\n","protected":false},"excerpt":{"rendered":"<p>Kurtka sk\u00f3rzana damska typu Soave zapinana na guziki<\/p>\n","protected":false},"featured_media":178,"template":"","meta":{"_monsterinsights_skip_tracking":false,"_monsterinsights_sitenote_active":false,"_monsterinsights_sitenote_note":"","_monsterinsights_sitenote_category":0},"product_brand":[],"product_cat":[16],"product_tag":[44],"class_list":{"0":"post-171","1":"product","2":"type-product","3":"status-publish","4":"has-post-thumbnail","6":"product_cat-kurtka-skorzana-damska","7":"product_tag-guziki","9":"first","10":"instock","11":"taxable","12":"shipping-taxable","13":"purchasable","14":"product-type-variable"},"yoast_head":"<!-- This site is optimized with the Yoast SEO plugin v27.6 - https:\/\/yoast.com\/product\/yoast-seo-wordpress\/ -->\n<title>Kurtka sk\u00f3rzana damska - Soave - Pracownia Sk\u00f3ral - sklep internetowy<\/title>\n<meta name=\"description\" content=\"Czarna kurtka sk\u00f3rzana damska zapinana na guziki ze sk\u00f3ry naturalnej - mo\u017cliwo\u015b\u0107 uszycia na wymiar - sklep internetowy - promocja!\" \/>\n<meta name=\"robots\" content=\"index, follow, max-snippet:-1, max-image-preview:large, max-video-preview:-1\" \/>\n<link rel=\"canonical\" href=\"https:\/\/sklep.skoral.com\/de\/produkt\/kurtka-skorzana-damska-soave\/\" \/>\n<meta property=\"og:locale\" content=\"de_DE\" \/>\n<meta property=\"og:type\" content=\"article\" \/>\n<meta property=\"og:title\" content=\"Kurtka sk\u00f3rzana damska - Soave - Pracownia Sk\u00f3ral - sklep internetowy\" \/>\n<meta property=\"og:description\" content=\"Czarna kurtka sk\u00f3rzana damska zapinana na guziki ze sk\u00f3ry naturalnej - mo\u017cliwo\u015b\u0107 uszycia na wymiar - sklep internetowy - promocja!\" \/>\n<meta property=\"og:url\" content=\"https:\/\/sklep.skoral.com\/de\/produkt\/kurtka-skorzana-damska-soave\/\" \/>\n<meta property=\"og:site_name\" content=\"Pracownia Sk\u00f3ral\" \/>\n<meta property=\"article:publisher\" content=\"https:\/\/www.facebook.com\/SkoralNaturalLeather\" \/>\n<meta property=\"article:modified_time\" content=\"2024-08-14T10:22:19+00:00\" \/>\n<meta property=\"og:image\" content=\"https:\/\/sklep.skoral.com\/wp-content\/uploads\/2021\/01\/krotka-kurtka-skorzana-damska-soave.jpg\" \/>\n\t<meta property=\"og:image:width\" content=\"1024\" \/>\n\t<meta property=\"og:image:height\" content=\"1280\" \/>\n\t<meta property=\"og:image:type\" content=\"image\/jpeg\" \/>\n<meta name=\"twitter:card\" content=\"summary_large_image\" \/>\n<meta name=\"twitter:label1\" content=\"Gesch\u00e4tzte Lesezeit\" \/>\n\t<meta name=\"twitter:data1\" content=\"2\u00a0Minuten\" \/>\n<script type=\"application\/ld+json\" class=\"yoast-schema-graph\">{\"@context\":\"https:\\\/\\\/schema.org\",\"@graph\":[{\"@type\":[\"WebPage\",\"ItemPage\"],\"@id\":\"https:\\\/\\\/sklep.skoral.com\\\/de\\\/produkt\\\/kurtka-skorzana-damska-soave\\\/\",\"url\":\"https:\\\/\\\/sklep.skoral.com\\\/de\\\/produkt\\\/kurtka-skorzana-damska-soave\\\/\",\"name\":\"Kurtka sk\u00f3rzana damska - Soave - Pracownia Sk\u00f3ral - sklep internetowy\",\"isPartOf\":{\"@id\":\"https:\\\/\\\/sklep.skoral.com\\\/de\\\/#website\"},\"primaryImageOfPage\":{\"@id\":\"https:\\\/\\\/sklep.skoral.com\\\/de\\\/produkt\\\/kurtka-skorzana-damska-soave\\\/#primaryimage\"},\"image\":{\"@id\":\"https:\\\/\\\/sklep.skoral.com\\\/de\\\/produkt\\\/kurtka-skorzana-damska-soave\\\/#primaryimage\"},\"thumbnailUrl\":\"https:\\\/\\\/sklep.skoral.com\\\/wp-content\\\/uploads\\\/2021\\\/01\\\/krotka-kurtka-skorzana-damska-soave.jpg\",\"datePublished\":\"2021-01-19T14:47:32+00:00\",\"dateModified\":\"2024-08-14T10:22:19+00:00\",\"description\":\"Czarna kurtka sk\u00f3rzana damska zapinana na guziki ze sk\u00f3ry naturalnej - mo\u017cliwo\u015b\u0107 uszycia na wymiar - sklep internetowy - promocja!\",\"breadcrumb\":{\"@id\":\"https:\\\/\\\/sklep.skoral.com\\\/de\\\/produkt\\\/kurtka-skorzana-damska-soave\\\/#breadcrumb\"},\"inLanguage\":\"de\",\"potentialAction\":[{\"@type\":\"ReadAction\",\"target\":[\"https:\\\/\\\/sklep.skoral.com\\\/de\\\/produkt\\\/kurtka-skorzana-damska-soave\\\/\"]}]},{\"@type\":\"ImageObject\",\"inLanguage\":\"de\",\"@id\":\"https:\\\/\\\/sklep.skoral.com\\\/de\\\/produkt\\\/kurtka-skorzana-damska-soave\\\/#primaryimage\",\"url\":\"https:\\\/\\\/sklep.skoral.com\\\/wp-content\\\/uploads\\\/2021\\\/01\\\/krotka-kurtka-skorzana-damska-soave.jpg\",\"contentUrl\":\"https:\\\/\\\/sklep.skoral.com\\\/wp-content\\\/uploads\\\/2021\\\/01\\\/krotka-kurtka-skorzana-damska-soave.jpg\",\"width\":1024,\"height\":1280,\"caption\":\"Kr\u00f3tka kurtka sk\u00f3rzana damska - Soave\"},{\"@type\":\"BreadcrumbList\",\"@id\":\"https:\\\/\\\/sklep.skoral.com\\\/de\\\/produkt\\\/kurtka-skorzana-damska-soave\\\/#breadcrumb\",\"itemListElement\":[{\"@type\":\"ListItem\",\"position\":1,\"name\":\"Strona g\u0142\u00f3wna\",\"item\":\"https:\\\/\\\/sklep.skoral.com\\\/de\\\/startseite\\\/\"},{\"@type\":\"ListItem\",\"position\":2,\"name\":\"Shop\",\"item\":\"https:\\\/\\\/sklep.skoral.com\\\/de\\\/shop\\\/\"},{\"@type\":\"ListItem\",\"position\":3,\"name\":\"Kurtka sk\u00f3rzana damska &#8211; Soave\"}]},{\"@type\":\"WebSite\",\"@id\":\"https:\\\/\\\/sklep.skoral.com\\\/de\\\/#website\",\"url\":\"https:\\\/\\\/sklep.skoral.com\\\/de\\\/\",\"name\":\"Pracownia Sk\u00f3ral\",\"description\":\"Sklep z odzie\u017c\u0105\u00a0sk\u00f3rzan\u0105 i akcesoriami ze sk\u00f3ry naturalnej\",\"publisher\":{\"@id\":\"https:\\\/\\\/sklep.skoral.com\\\/de\\\/#organization\"},\"potentialAction\":[{\"@type\":\"SearchAction\",\"target\":{\"@type\":\"EntryPoint\",\"urlTemplate\":\"https:\\\/\\\/sklep.skoral.com\\\/de\\\/?s={search_term_string}\"},\"query-input\":{\"@type\":\"PropertyValueSpecification\",\"valueRequired\":true,\"valueName\":\"search_term_string\"}}],\"inLanguage\":\"de\"},{\"@type\":\"Organization\",\"@id\":\"https:\\\/\\\/sklep.skoral.com\\\/de\\\/#organization\",\"name\":\"Sk\u00f3ral - Pracownia odzie\u017cy i akcesori\u00f3w sk\u00f3rzanych\",\"url\":\"https:\\\/\\\/sklep.skoral.com\\\/de\\\/\",\"logo\":{\"@type\":\"ImageObject\",\"inLanguage\":\"de\",\"@id\":\"https:\\\/\\\/sklep.skoral.com\\\/de\\\/#\\\/schema\\\/logo\\\/image\\\/\",\"url\":\"https:\\\/\\\/sklep.skoral.com\\\/wp-content\\\/uploads\\\/2020\\\/09\\\/cropped-logo-duze.png\",\"contentUrl\":\"https:\\\/\\\/sklep.skoral.com\\\/wp-content\\\/uploads\\\/2020\\\/09\\\/cropped-logo-duze.png\",\"width\":1200,\"height\":293,\"caption\":\"Sk\u00f3ral - Pracownia odzie\u017cy i akcesori\u00f3w sk\u00f3rzanych\"},\"image\":{\"@id\":\"https:\\\/\\\/sklep.skoral.com\\\/de\\\/#\\\/schema\\\/logo\\\/image\\\/\"},\"sameAs\":[\"https:\\\/\\\/www.facebook.com\\\/SkoralNaturalLeather\",\"https:\\\/\\\/www.instagram.com\\\/skoraldesign\\\/\",\"https:\\\/\\\/www.youtube.com\\\/channel\\\/UCijmecsRU9TpML5jIEBsWTw\"]}]}<\/script>\n<!-- \/ Yoast SEO plugin. -->","yoast_head_json":{"title":"Kurtka sk\u00f3rzana damska - Soave - Pracownia Sk\u00f3ral - sklep internetowy","description":"Czarna kurtka sk\u00f3rzana damska zapinana na guziki ze sk\u00f3ry naturalnej - mo\u017cliwo\u015b\u0107 uszycia na wymiar - sklep internetowy - promocja!","robots":{"index":"index","follow":"follow","max-snippet":"max-snippet:-1","max-image-preview":"max-image-preview:large","max-video-preview":"max-video-preview:-1"},"canonical":"https:\/\/sklep.skoral.com\/de\/produkt\/kurtka-skorzana-damska-soave\/","og_locale":"de_DE","og_type":"article","og_title":"Kurtka sk\u00f3rzana damska - Soave - Pracownia Sk\u00f3ral - sklep internetowy","og_description":"Czarna kurtka sk\u00f3rzana damska zapinana na guziki ze sk\u00f3ry naturalnej - mo\u017cliwo\u015b\u0107 uszycia na wymiar - sklep internetowy - promocja!","og_url":"https:\/\/sklep.skoral.com\/de\/produkt\/kurtka-skorzana-damska-soave\/","og_site_name":"Pracownia Sk\u00f3ral","article_publisher":"https:\/\/www.facebook.com\/SkoralNaturalLeather","article_modified_time":"2024-08-14T10:22:19+00:00","og_image":[{"width":1024,"height":1280,"url":"https:\/\/sklep.skoral.com\/wp-content\/uploads\/2021\/01\/krotka-kurtka-skorzana-damska-soave.jpg","type":"image\/jpeg"}],"twitter_card":"summary_large_image","twitter_misc":{"Gesch\u00e4tzte Lesezeit":"2\u00a0Minuten"},"schema":{"@context":"https:\/\/schema.org","@graph":[{"@type":["WebPage","ItemPage"],"@id":"https:\/\/sklep.skoral.com\/de\/produkt\/kurtka-skorzana-damska-soave\/","url":"https:\/\/sklep.skoral.com\/de\/produkt\/kurtka-skorzana-damska-soave\/","name":"Kurtka sk\u00f3rzana damska - Soave - Pracownia Sk\u00f3ral - sklep internetowy","isPartOf":{"@id":"https:\/\/sklep.skoral.com\/de\/#website"},"primaryImageOfPage":{"@id":"https:\/\/sklep.skoral.com\/de\/produkt\/kurtka-skorzana-damska-soave\/#primaryimage"},"image":{"@id":"https:\/\/sklep.skoral.com\/de\/produkt\/kurtka-skorzana-damska-soave\/#primaryimage"},"thumbnailUrl":"https:\/\/sklep.skoral.com\/wp-content\/uploads\/2021\/01\/krotka-kurtka-skorzana-damska-soave.jpg","datePublished":"2021-01-19T14:47:32+00:00","dateModified":"2024-08-14T10:22:19+00:00","description":"Czarna kurtka sk\u00f3rzana damska zapinana na guziki ze sk\u00f3ry naturalnej - mo\u017cliwo\u015b\u0107 uszycia na wymiar - sklep internetowy - promocja!","breadcrumb":{"@id":"https:\/\/sklep.skoral.com\/de\/produkt\/kurtka-skorzana-damska-soave\/#breadcrumb"},"inLanguage":"de","potentialAction":[{"@type":"ReadAction","target":["https:\/\/sklep.skoral.com\/de\/produkt\/kurtka-skorzana-damska-soave\/"]}]},{"@type":"ImageObject","inLanguage":"de","@id":"https:\/\/sklep.skoral.com\/de\/produkt\/kurtka-skorzana-damska-soave\/#primaryimage","url":"https:\/\/sklep.skoral.com\/wp-content\/uploads\/2021\/01\/krotka-kurtka-skorzana-damska-soave.jpg","contentUrl":"https:\/\/sklep.skoral.com\/wp-content\/uploads\/2021\/01\/krotka-kurtka-skorzana-damska-soave.jpg","width":1024,"height":1280,"caption":"Kr\u00f3tka kurtka sk\u00f3rzana damska - Soave"},{"@type":"BreadcrumbList","@id":"https:\/\/sklep.skoral.com\/de\/produkt\/kurtka-skorzana-damska-soave\/#breadcrumb","itemListElement":[{"@type":"ListItem","position":1,"name":"Strona g\u0142\u00f3wna","item":"https:\/\/sklep.skoral.com\/de\/startseite\/"},{"@type":"ListItem","position":2,"name":"Shop","item":"https:\/\/sklep.skoral.com\/de\/shop\/"},{"@type":"ListItem","position":3,"name":"Kurtka sk\u00f3rzana damska &#8211; Soave"}]},{"@type":"WebSite","@id":"https:\/\/sklep.skoral.com\/de\/#website","url":"https:\/\/sklep.skoral.com\/de\/","name":"Pracownia Sk\u00f3ral","description":"Sklep z odzie\u017c\u0105\u00a0sk\u00f3rzan\u0105 i akcesoriami ze sk\u00f3ry naturalnej","publisher":{"@id":"https:\/\/sklep.skoral.com\/de\/#organization"},"potentialAction":[{"@type":"SearchAction","target":{"@type":"EntryPoint","urlTemplate":"https:\/\/sklep.skoral.com\/de\/?s={search_term_string}"},"query-input":{"@type":"PropertyValueSpecification","valueRequired":true,"valueName":"search_term_string"}}],"inLanguage":"de"},{"@type":"Organization","@id":"https:\/\/sklep.skoral.com\/de\/#organization","name":"Sk\u00f3ral - Pracownia odzie\u017cy i akcesori\u00f3w sk\u00f3rzanych","url":"https:\/\/sklep.skoral.com\/de\/","logo":{"@type":"ImageObject","inLanguage":"de","@id":"https:\/\/sklep.skoral.com\/de\/#\/schema\/logo\/image\/","url":"https:\/\/sklep.skoral.com\/wp-content\/uploads\/2020\/09\/cropped-logo-duze.png","contentUrl":"https:\/\/sklep.skoral.com\/wp-content\/uploads\/2020\/09\/cropped-logo-duze.png","width":1200,"height":293,"caption":"Sk\u00f3ral - Pracownia odzie\u017cy i akcesori\u00f3w sk\u00f3rzanych"},"image":{"@id":"https:\/\/sklep.skoral.com\/de\/#\/schema\/logo\/image\/"},"sameAs":["https:\/\/www.facebook.com\/SkoralNaturalLeather","https:\/\/www.instagram.com\/skoraldesign\/","https:\/\/www.youtube.com\/channel\/UCijmecsRU9TpML5jIEBsWTw"]}]}},"jetpack_sharing_enabled":true,"_links":{"self":[{"href":"https:\/\/sklep.skoral.com\/de\/wp-json\/wp\/v2\/product\/171","targetHints":{"allow":["GET"]}}],"collection":[{"href":"https:\/\/sklep.skoral.com\/de\/wp-json\/wp\/v2\/product"}],"about":[{"href":"https:\/\/sklep.skoral.com\/de\/wp-json\/wp\/v2\/types\/product"}],"wp:featuredmedia":[{"embeddable":true,"href":"https:\/\/sklep.skoral.com\/de\/wp-json\/wp\/v2\/media\/178"}],"wp:attachment":[{"href":"https:\/\/sklep.skoral.com\/de\/wp-json\/wp\/v2\/media?parent=171"}],"wp:term":[{"taxonomy":"product_brand","embeddable":true,"href":"https:\/\/sklep.skoral.com\/de\/wp-json\/wp\/v2\/product_brand?post=171"},{"taxonomy":"product_cat","embeddable":true,"href":"https:\/\/sklep.skoral.com\/de\/wp-json\/wp\/v2\/product_cat?post=171"},{"taxonomy":"product_tag","embeddable":true,"href":"https:\/\/sklep.skoral.com\/de\/wp-json\/wp\/v2\/product_tag?post=171"}],"curies":[{"name":"wp","href":"https:\/\/api.w.org\/{rel}","templated":true}]}}