{"id":184,"date":"2021-01-19T15:59:44","date_gmt":"2021-01-19T14:59:44","guid":{"rendered":"https:\/\/sklep.skoral.com\/?post_type=product&#038;p=184"},"modified":"2024-08-14T12:22:06","modified_gmt":"2024-08-14T10:22:06","slug":"kurtka-skorzana-damska-soave-kopia","status":"publish","type":"product","link":"https:\/\/sklep.skoral.com\/de\/produkt\/kurtka-skorzana-damska-soave-kopia\/","title":{"rendered":"Kurtka sk\u00f3rzana damska, czerwona &#8211; Pleava"},"content":{"rendered":"<p><span style=\"font-weight: 400;\">Niezwykle kobieca kurtka sk\u00f3rzana w kolorze soczystej czerwieni. Kurtka zosta\u0142a uszyta r\u0119cznie w krakowskiej pracowni z mi\u0119kkiej w\u0142oskiej jagni\u0119cej sk\u00f3ry licowej.\u00a0<\/span><\/p>\n<p><span style=\"font-weight: 400;\">Wyko\u0144czona zosta\u0142a oddychaj\u0105c\u0105 wiskozow\u0105 podszewk\u0105, dzi\u0119ki czemu jest niezwykle komfortowa w noszeniu r\u00f3wnie\u017c w cieplejsze dni.<\/span><\/p>\n<p><span style=\"font-weight: 400;\">Model Pleava pi\u0119knie dopasowuje si\u0119 do damskiej sylwetki. Taliowany fason modeluje figur\u0119. Profilowana st\u00f3jka pi\u0119knie wyd\u0142u\u017ca szyj\u0119, jednocze\u015bnie chroni\u0105c przed wiatrem.\u00a0<\/span><\/p>\n<p><span style=\"font-weight: 400;\">Model Pleava zapinany jest na praktyczny zamek b\u0142yskawiczny. Kurtka posiada dwie wpuszczane kieszenie.\u00a0<\/span><\/p>\n<p><span style=\"font-weight: 400;\">Damska kurtka sk\u00f3rzana Pleava jest niezwykle lekka i przyjemna dla cia\u0142a. Idealnie sprawdzi si\u0119 w codziennych stylizacjach, poniewa\u017c nie kr\u0119puje ruch\u00f3w. Model ten b\u0119dzie fantastyczn\u0105 propozycj\u0105 dla Pa\u0144 ceni\u0105cych kobiece, lekko sportowe fasony i minimalistyczny styl.\u00a0<\/span><\/p>\n<p><span style=\"font-weight: 400;\">Na stronie prezentujemy kurtk\u0119 Pleava w oryginalnym i przyci\u0105gaj\u0105cym wzrok czerwonym kolorze. Kurtka jest dost\u0119pna we wszystkich rozmiarach.\u00a0<\/span><\/p>\n<h2>Szycie na miar\u0119 i dob\u00f3r odpowiedniego koloru sk\u00f3ry<\/h2>\n<p><span style=\"font-weight: 400;\">Je\u015bli zastanawiasz si\u0119 nad innym kolorem lub interesuje Ci\u0119 szycie na wymiar &#8211; skontaktuj si\u0119 z nasz\u0105 pracowni\u0105. Uszyjemy dla Ciebie kurtk\u0119 w wybranym przez Ciebie kolorze oraz dopasujemy j\u0105 idealnie do Twoich kszta\u0142t\u00f3w.\u00a0<\/span><\/p>\n","protected":false},"excerpt":{"rendered":"<p>Czerwona kurtka sk\u00f3rzana damska w kobiecym fasonie &#8211; Pleava<\/p>\n<div id=\"gtx-trans\" style=\"position: absolute; left: 239px; top: 32px;\">\n<div class=\"gtx-trans-icon\"><\/div>\n<\/div>\n","protected":false},"featured_media":186,"template":"","meta":{"_monsterinsights_skip_tracking":false,"_monsterinsights_sitenote_active":false,"_monsterinsights_sitenote_note":"","_monsterinsights_sitenote_category":0},"product_brand":[],"product_cat":[16],"product_tag":[44],"class_list":{"0":"post-184","1":"product","2":"type-product","3":"status-publish","4":"has-post-thumbnail","6":"product_cat-kurtka-skorzana-damska","7":"product_tag-guziki","9":"first","10":"instock","11":"taxable","12":"shipping-taxable","13":"purchasable","14":"product-type-variable"},"yoast_head":"<!-- This site is optimized with the Yoast SEO plugin v27.6 - https:\/\/yoast.com\/product\/yoast-seo-wordpress\/ -->\n<title>Kurtka sk\u00f3rzana damska, czerwona - Pleava - Pracownia Sk\u00f3ral<\/title>\n<meta name=\"description\" content=\"Czerwona kurtka sk\u00f3rzana damska w kobiecym fasonie Pleava. Kurtka uszyta z jako\u015bciowych sk\u00f3r jagni\u0119cych - zam\u00f3w w sklepie internetowym.\" \/>\n<meta name=\"robots\" content=\"index, follow, max-snippet:-1, max-image-preview:large, max-video-preview:-1\" \/>\n<link rel=\"canonical\" href=\"https:\/\/sklep.skoral.com\/de\/produkt\/kurtka-skorzana-damska-soave-kopia\/\" \/>\n<meta property=\"og:locale\" content=\"de_DE\" \/>\n<meta property=\"og:type\" content=\"article\" \/>\n<meta property=\"og:title\" content=\"Kurtka sk\u00f3rzana damska, czerwona - Pleava - Pracownia Sk\u00f3ral\" \/>\n<meta property=\"og:description\" content=\"Czerwona kurtka sk\u00f3rzana damska w kobiecym fasonie Pleava. Kurtka uszyta z jako\u015bciowych sk\u00f3r jagni\u0119cych - zam\u00f3w w sklepie internetowym.\" \/>\n<meta property=\"og:url\" content=\"https:\/\/sklep.skoral.com\/de\/produkt\/kurtka-skorzana-damska-soave-kopia\/\" \/>\n<meta property=\"og:site_name\" content=\"Pracownia Sk\u00f3ral\" \/>\n<meta property=\"article:publisher\" content=\"https:\/\/www.facebook.com\/SkoralNaturalLeather\" \/>\n<meta property=\"article:modified_time\" content=\"2024-08-14T10:22:06+00:00\" \/>\n<meta property=\"og:image\" content=\"https:\/\/sklep.skoral.com\/wp-content\/uploads\/2021\/01\/kurtka-skorzana-damska-pleava.jpg\" \/>\n\t<meta property=\"og:image:width\" content=\"1024\" \/>\n\t<meta property=\"og:image:height\" content=\"1280\" \/>\n\t<meta property=\"og:image:type\" content=\"image\/jpeg\" \/>\n<meta name=\"twitter:card\" content=\"summary_large_image\" \/>\n<meta name=\"twitter:label1\" content=\"Gesch\u00e4tzte Lesezeit\" \/>\n\t<meta name=\"twitter:data1\" content=\"1\u00a0Minute\" \/>\n<script type=\"application\/ld+json\" class=\"yoast-schema-graph\">{\"@context\":\"https:\\\/\\\/schema.org\",\"@graph\":[{\"@type\":[\"WebPage\",\"ItemPage\"],\"@id\":\"https:\\\/\\\/sklep.skoral.com\\\/de\\\/produkt\\\/kurtka-skorzana-damska-soave-kopia\\\/\",\"url\":\"https:\\\/\\\/sklep.skoral.com\\\/de\\\/produkt\\\/kurtka-skorzana-damska-soave-kopia\\\/\",\"name\":\"Kurtka sk\u00f3rzana damska, czerwona - Pleava - Pracownia Sk\u00f3ral\",\"isPartOf\":{\"@id\":\"https:\\\/\\\/sklep.skoral.com\\\/de\\\/#website\"},\"primaryImageOfPage\":{\"@id\":\"https:\\\/\\\/sklep.skoral.com\\\/de\\\/produkt\\\/kurtka-skorzana-damska-soave-kopia\\\/#primaryimage\"},\"image\":{\"@id\":\"https:\\\/\\\/sklep.skoral.com\\\/de\\\/produkt\\\/kurtka-skorzana-damska-soave-kopia\\\/#primaryimage\"},\"thumbnailUrl\":\"https:\\\/\\\/sklep.skoral.com\\\/wp-content\\\/uploads\\\/2021\\\/01\\\/kurtka-skorzana-damska-pleava.jpg\",\"datePublished\":\"2021-01-19T14:59:44+00:00\",\"dateModified\":\"2024-08-14T10:22:06+00:00\",\"description\":\"Czerwona kurtka sk\u00f3rzana damska w kobiecym fasonie Pleava. Kurtka uszyta z jako\u015bciowych sk\u00f3r jagni\u0119cych - zam\u00f3w w sklepie internetowym.\",\"breadcrumb\":{\"@id\":\"https:\\\/\\\/sklep.skoral.com\\\/de\\\/produkt\\\/kurtka-skorzana-damska-soave-kopia\\\/#breadcrumb\"},\"inLanguage\":\"de\",\"potentialAction\":[{\"@type\":\"ReadAction\",\"target\":[\"https:\\\/\\\/sklep.skoral.com\\\/de\\\/produkt\\\/kurtka-skorzana-damska-soave-kopia\\\/\"]}]},{\"@type\":\"ImageObject\",\"inLanguage\":\"de\",\"@id\":\"https:\\\/\\\/sklep.skoral.com\\\/de\\\/produkt\\\/kurtka-skorzana-damska-soave-kopia\\\/#primaryimage\",\"url\":\"https:\\\/\\\/sklep.skoral.com\\\/wp-content\\\/uploads\\\/2021\\\/01\\\/kurtka-skorzana-damska-pleava.jpg\",\"contentUrl\":\"https:\\\/\\\/sklep.skoral.com\\\/wp-content\\\/uploads\\\/2021\\\/01\\\/kurtka-skorzana-damska-pleava.jpg\",\"width\":1024,\"height\":1280,\"caption\":\"Kurtka sk\u00f3rzana damska - Pleava\"},{\"@type\":\"BreadcrumbList\",\"@id\":\"https:\\\/\\\/sklep.skoral.com\\\/de\\\/produkt\\\/kurtka-skorzana-damska-soave-kopia\\\/#breadcrumb\",\"itemListElement\":[{\"@type\":\"ListItem\",\"position\":1,\"name\":\"Strona g\u0142\u00f3wna\",\"item\":\"https:\\\/\\\/sklep.skoral.com\\\/de\\\/startseite\\\/\"},{\"@type\":\"ListItem\",\"position\":2,\"name\":\"Shop\",\"item\":\"https:\\\/\\\/sklep.skoral.com\\\/de\\\/shop\\\/\"},{\"@type\":\"ListItem\",\"position\":3,\"name\":\"Kurtka sk\u00f3rzana damska, czerwona &#8211; Pleava\"}]},{\"@type\":\"WebSite\",\"@id\":\"https:\\\/\\\/sklep.skoral.com\\\/de\\\/#website\",\"url\":\"https:\\\/\\\/sklep.skoral.com\\\/de\\\/\",\"name\":\"Pracownia Sk\u00f3ral\",\"description\":\"Sklep z odzie\u017c\u0105\u00a0sk\u00f3rzan\u0105 i akcesoriami ze sk\u00f3ry naturalnej\",\"publisher\":{\"@id\":\"https:\\\/\\\/sklep.skoral.com\\\/de\\\/#organization\"},\"potentialAction\":[{\"@type\":\"SearchAction\",\"target\":{\"@type\":\"EntryPoint\",\"urlTemplate\":\"https:\\\/\\\/sklep.skoral.com\\\/de\\\/?s={search_term_string}\"},\"query-input\":{\"@type\":\"PropertyValueSpecification\",\"valueRequired\":true,\"valueName\":\"search_term_string\"}}],\"inLanguage\":\"de\"},{\"@type\":\"Organization\",\"@id\":\"https:\\\/\\\/sklep.skoral.com\\\/de\\\/#organization\",\"name\":\"Sk\u00f3ral - Pracownia odzie\u017cy i akcesori\u00f3w sk\u00f3rzanych\",\"url\":\"https:\\\/\\\/sklep.skoral.com\\\/de\\\/\",\"logo\":{\"@type\":\"ImageObject\",\"inLanguage\":\"de\",\"@id\":\"https:\\\/\\\/sklep.skoral.com\\\/de\\\/#\\\/schema\\\/logo\\\/image\\\/\",\"url\":\"https:\\\/\\\/sklep.skoral.com\\\/wp-content\\\/uploads\\\/2020\\\/09\\\/cropped-logo-duze.png\",\"contentUrl\":\"https:\\\/\\\/sklep.skoral.com\\\/wp-content\\\/uploads\\\/2020\\\/09\\\/cropped-logo-duze.png\",\"width\":1200,\"height\":293,\"caption\":\"Sk\u00f3ral - Pracownia odzie\u017cy i akcesori\u00f3w sk\u00f3rzanych\"},\"image\":{\"@id\":\"https:\\\/\\\/sklep.skoral.com\\\/de\\\/#\\\/schema\\\/logo\\\/image\\\/\"},\"sameAs\":[\"https:\\\/\\\/www.facebook.com\\\/SkoralNaturalLeather\",\"https:\\\/\\\/www.instagram.com\\\/skoraldesign\\\/\",\"https:\\\/\\\/www.youtube.com\\\/channel\\\/UCijmecsRU9TpML5jIEBsWTw\"]}]}<\/script>\n<!-- \/ Yoast SEO plugin. -->","yoast_head_json":{"title":"Kurtka sk\u00f3rzana damska, czerwona - Pleava - Pracownia Sk\u00f3ral","description":"Czerwona kurtka sk\u00f3rzana damska w kobiecym fasonie Pleava. Kurtka uszyta z jako\u015bciowych sk\u00f3r jagni\u0119cych - zam\u00f3w w sklepie internetowym.","robots":{"index":"index","follow":"follow","max-snippet":"max-snippet:-1","max-image-preview":"max-image-preview:large","max-video-preview":"max-video-preview:-1"},"canonical":"https:\/\/sklep.skoral.com\/de\/produkt\/kurtka-skorzana-damska-soave-kopia\/","og_locale":"de_DE","og_type":"article","og_title":"Kurtka sk\u00f3rzana damska, czerwona - Pleava - Pracownia Sk\u00f3ral","og_description":"Czerwona kurtka sk\u00f3rzana damska w kobiecym fasonie Pleava. Kurtka uszyta z jako\u015bciowych sk\u00f3r jagni\u0119cych - zam\u00f3w w sklepie internetowym.","og_url":"https:\/\/sklep.skoral.com\/de\/produkt\/kurtka-skorzana-damska-soave-kopia\/","og_site_name":"Pracownia Sk\u00f3ral","article_publisher":"https:\/\/www.facebook.com\/SkoralNaturalLeather","article_modified_time":"2024-08-14T10:22:06+00:00","og_image":[{"width":1024,"height":1280,"url":"https:\/\/sklep.skoral.com\/wp-content\/uploads\/2021\/01\/kurtka-skorzana-damska-pleava.jpg","type":"image\/jpeg"}],"twitter_card":"summary_large_image","twitter_misc":{"Gesch\u00e4tzte Lesezeit":"1\u00a0Minute"},"schema":{"@context":"https:\/\/schema.org","@graph":[{"@type":["WebPage","ItemPage"],"@id":"https:\/\/sklep.skoral.com\/de\/produkt\/kurtka-skorzana-damska-soave-kopia\/","url":"https:\/\/sklep.skoral.com\/de\/produkt\/kurtka-skorzana-damska-soave-kopia\/","name":"Kurtka sk\u00f3rzana damska, czerwona - Pleava - Pracownia Sk\u00f3ral","isPartOf":{"@id":"https:\/\/sklep.skoral.com\/de\/#website"},"primaryImageOfPage":{"@id":"https:\/\/sklep.skoral.com\/de\/produkt\/kurtka-skorzana-damska-soave-kopia\/#primaryimage"},"image":{"@id":"https:\/\/sklep.skoral.com\/de\/produkt\/kurtka-skorzana-damska-soave-kopia\/#primaryimage"},"thumbnailUrl":"https:\/\/sklep.skoral.com\/wp-content\/uploads\/2021\/01\/kurtka-skorzana-damska-pleava.jpg","datePublished":"2021-01-19T14:59:44+00:00","dateModified":"2024-08-14T10:22:06+00:00","description":"Czerwona kurtka sk\u00f3rzana damska w kobiecym fasonie Pleava. Kurtka uszyta z jako\u015bciowych sk\u00f3r jagni\u0119cych - zam\u00f3w w sklepie internetowym.","breadcrumb":{"@id":"https:\/\/sklep.skoral.com\/de\/produkt\/kurtka-skorzana-damska-soave-kopia\/#breadcrumb"},"inLanguage":"de","potentialAction":[{"@type":"ReadAction","target":["https:\/\/sklep.skoral.com\/de\/produkt\/kurtka-skorzana-damska-soave-kopia\/"]}]},{"@type":"ImageObject","inLanguage":"de","@id":"https:\/\/sklep.skoral.com\/de\/produkt\/kurtka-skorzana-damska-soave-kopia\/#primaryimage","url":"https:\/\/sklep.skoral.com\/wp-content\/uploads\/2021\/01\/kurtka-skorzana-damska-pleava.jpg","contentUrl":"https:\/\/sklep.skoral.com\/wp-content\/uploads\/2021\/01\/kurtka-skorzana-damska-pleava.jpg","width":1024,"height":1280,"caption":"Kurtka sk\u00f3rzana damska - Pleava"},{"@type":"BreadcrumbList","@id":"https:\/\/sklep.skoral.com\/de\/produkt\/kurtka-skorzana-damska-soave-kopia\/#breadcrumb","itemListElement":[{"@type":"ListItem","position":1,"name":"Strona g\u0142\u00f3wna","item":"https:\/\/sklep.skoral.com\/de\/startseite\/"},{"@type":"ListItem","position":2,"name":"Shop","item":"https:\/\/sklep.skoral.com\/de\/shop\/"},{"@type":"ListItem","position":3,"name":"Kurtka sk\u00f3rzana damska, czerwona &#8211; Pleava"}]},{"@type":"WebSite","@id":"https:\/\/sklep.skoral.com\/de\/#website","url":"https:\/\/sklep.skoral.com\/de\/","name":"Pracownia Sk\u00f3ral","description":"Sklep z odzie\u017c\u0105\u00a0sk\u00f3rzan\u0105 i akcesoriami ze sk\u00f3ry naturalnej","publisher":{"@id":"https:\/\/sklep.skoral.com\/de\/#organization"},"potentialAction":[{"@type":"SearchAction","target":{"@type":"EntryPoint","urlTemplate":"https:\/\/sklep.skoral.com\/de\/?s={search_term_string}"},"query-input":{"@type":"PropertyValueSpecification","valueRequired":true,"valueName":"search_term_string"}}],"inLanguage":"de"},{"@type":"Organization","@id":"https:\/\/sklep.skoral.com\/de\/#organization","name":"Sk\u00f3ral - Pracownia odzie\u017cy i akcesori\u00f3w sk\u00f3rzanych","url":"https:\/\/sklep.skoral.com\/de\/","logo":{"@type":"ImageObject","inLanguage":"de","@id":"https:\/\/sklep.skoral.com\/de\/#\/schema\/logo\/image\/","url":"https:\/\/sklep.skoral.com\/wp-content\/uploads\/2020\/09\/cropped-logo-duze.png","contentUrl":"https:\/\/sklep.skoral.com\/wp-content\/uploads\/2020\/09\/cropped-logo-duze.png","width":1200,"height":293,"caption":"Sk\u00f3ral - Pracownia odzie\u017cy i akcesori\u00f3w sk\u00f3rzanych"},"image":{"@id":"https:\/\/sklep.skoral.com\/de\/#\/schema\/logo\/image\/"},"sameAs":["https:\/\/www.facebook.com\/SkoralNaturalLeather","https:\/\/www.instagram.com\/skoraldesign\/","https:\/\/www.youtube.com\/channel\/UCijmecsRU9TpML5jIEBsWTw"]}]}},"jetpack_sharing_enabled":true,"_links":{"self":[{"href":"https:\/\/sklep.skoral.com\/de\/wp-json\/wp\/v2\/product\/184","targetHints":{"allow":["GET"]}}],"collection":[{"href":"https:\/\/sklep.skoral.com\/de\/wp-json\/wp\/v2\/product"}],"about":[{"href":"https:\/\/sklep.skoral.com\/de\/wp-json\/wp\/v2\/types\/product"}],"wp:featuredmedia":[{"embeddable":true,"href":"https:\/\/sklep.skoral.com\/de\/wp-json\/wp\/v2\/media\/186"}],"wp:attachment":[{"href":"https:\/\/sklep.skoral.com\/de\/wp-json\/wp\/v2\/media?parent=184"}],"wp:term":[{"taxonomy":"product_brand","embeddable":true,"href":"https:\/\/sklep.skoral.com\/de\/wp-json\/wp\/v2\/product_brand?post=184"},{"taxonomy":"product_cat","embeddable":true,"href":"https:\/\/sklep.skoral.com\/de\/wp-json\/wp\/v2\/product_cat?post=184"},{"taxonomy":"product_tag","embeddable":true,"href":"https:\/\/sklep.skoral.com\/de\/wp-json\/wp\/v2\/product_tag?post=184"}],"curies":[{"name":"wp","href":"https:\/\/api.w.org\/{rel}","templated":true}]}}