{"id":248,"date":"2021-01-19T17:46:27","date_gmt":"2021-01-19T16:46:27","guid":{"rendered":"https:\/\/sklep.skoral.com\/?post_type=product&#038;p=248"},"modified":"2024-08-14T12:18:37","modified_gmt":"2024-08-14T10:18:37","slug":"kozuch-plaszcz-damski-tundra","status":"publish","type":"product","link":"https:\/\/sklep.skoral.com\/de\/produkt\/kozuch-plaszcz-damski-tundra\/","title":{"rendered":"Ko\u017cuch &#8211; P\u0142aszcz damski &#8211; Tundra"},"content":{"rendered":"<p><span style=\"font-weight: 400;\">Ko\u017cuch damski Tundra to bardzo ciep\u0142y i jednocze\u015bnie lekki p\u0142aszcz, kt\u00f3ry fantastycznie\u00a0 sprawdzi si\u0119 podczas mro\u017anych dni. Model Tundra zosta\u0142 r\u0119cznie uszyty z jagni\u0119cej sk\u00f3ry Toscana, o niestrzy\u017conym w\u0142osiu, dzi\u0119ki czemu ko\u017cuch jest niezwykle delikatny i mi\u0119kki. Dodatkowo wierzchnia warstwa ko\u017cuszka zosta\u0142a wyko\u0144czona wt\u0142aczanym lakierem, co sprawia, \u017ce ko\u017cuch Tundra jest odporny na brud czy wilgo\u0107.\u00a0<\/span><\/p>\n<p><span style=\"font-weight: 400;\">W\u0142osie Toscana, z kt\u00f3rego zosta\u0142 wykonany ten model jest hipoalergiczne, dzi\u0119ki czemu z powodzeniem sprawdzi si\u0119 u kobiet o wra\u017cliwej, sk\u0142onnej do alergii sk\u00f3rze. Tundra posiada niezwykle praktyczny, obszerny kaptur, kt\u00f3ry ochroni przed ch\u0142odem, deszczem czy \u015bniegiem. Model zapinany jest na guziki. Posiada dwie pojemne wpuszczane kieszenie.\u00a0<\/span><\/p>\n<p><span style=\"font-weight: 400;\">R\u0119kawy wyko\u0144czone s\u0105 wywijanymi mankietami.\u00a0<\/span><\/p>\n<p><span style=\"font-weight: 400;\">Ko\u017cuszek Tundra to propozycja dla kobiet ceni\u0105cych szlachetne, naturalne materia\u0142y i klasyk\u0119 w najlepszym wykonaniu. W\u0142osie Toscana sprawia, \u017ce ko\u017cuszek Tundra jest niezwykle aksamitny w dotyku i wspaniale otula sylwetk\u0119. Jednocze\u015bnie lekko taliowany kr\u00f3j i subtelne przeszycia modeluj\u0105 kobiec\u0105 figur\u0119.\u00a0<\/span><\/p>\n<p><span style=\"font-weight: 400;\">Ko\u017cuch damski Tundra to klasyczna, niezwykle elegancka i praktyczna propozycja, kt\u00f3ra zachwyci fanki jako\u015bciowych, ponadczasowych kroj\u00f3w i szlachetnych materia\u0142\u00f3w najwy\u017cszej jako\u015bci.\u00a0<\/span><\/p>\n<h2>Z mi\u0142o\u015bci do ko\u017cuch\u00f3w damskich<\/h2>\n<p><span style=\"font-weight: 400;\">Damski ko\u017cuch Tundra zosta\u0142 uszyty r\u0119cznie w pracowni krawiecko-ko\u017cuszniczej w Krakowie.<\/span><\/p>\n<p><span style=\"font-weight: 400;\">Je\u015bli szukasz ko\u017cucha w konkretnym kolorze i idealnie dopasowanym rozmiarze &#8211; skontaktuj si\u0119 z nami. Oferujemy pe\u0142n\u0105 personalizacj\u0119 zam\u00f3wienia &#8211; szycie na miar\u0119 oraz mo\u017cliwo\u015b\u0107 indywidualnego dopasowania modelu do ka\u017cdej sylwetki. W tym celu prosimy o<a href=\"https:\/\/sklep.skoral.com\/kontakt\/\"> kontakt z nasz\u0105 pracowni\u0105<\/a>: +48 12 423 12 20.\u00a0<\/span><\/p>\n","protected":false},"excerpt":{"rendered":"<p>Ko\u017cuch damski, p\u0142aszcz typu Tundra z renomowanych sk\u00f3r w\u0142oskich, na guziki.<\/p>\n","protected":false},"featured_media":250,"template":"","meta":{"_monsterinsights_skip_tracking":false,"_monsterinsights_sitenote_active":false,"_monsterinsights_sitenote_note":"","_monsterinsights_sitenote_category":0},"product_brand":[],"product_cat":[17,34],"product_tag":[35,101],"class_list":{"0":"post-248","1":"product","2":"type-product","3":"status-publish","4":"has-post-thumbnail","6":"product_cat-kozuchy-kozuszki-damskie","7":"product_cat-plaszcze","8":"product_tag-kozuch","9":"product_tag-kozuch-na-guziki","11":"first","12":"instock","13":"taxable","14":"shipping-taxable","15":"purchasable","16":"product-type-variable"},"yoast_head":"<!-- This site is optimized with the Yoast SEO plugin v27.6 - https:\/\/yoast.com\/product\/yoast-seo-wordpress\/ -->\n<title>Ko\u017cuch - P\u0142aszcz damski - Tundra - Pracownia Sk\u00f3ral - W\u0142oskie sk\u00f3ry<\/title>\n<meta name=\"description\" content=\"Czarny damski ko\u017cuch Tundra to niezwyk\u0142y p\u0142aszczyk z najlepszych sk\u00f3r w\u0142oskich. Taliowany - aksamitny w dotyku - Sk\u00f3ral - odzie\u017c sk\u00f3rzana\" \/>\n<meta name=\"robots\" content=\"index, follow, max-snippet:-1, max-image-preview:large, max-video-preview:-1\" \/>\n<link rel=\"canonical\" href=\"https:\/\/sklep.skoral.com\/de\/produkt\/kozuch-plaszcz-damski-tundra\/\" \/>\n<meta property=\"og:locale\" content=\"de_DE\" \/>\n<meta property=\"og:type\" content=\"article\" \/>\n<meta property=\"og:title\" content=\"Ko\u017cuch - P\u0142aszcz damski - Tundra - Pracownia Sk\u00f3ral - W\u0142oskie sk\u00f3ry\" \/>\n<meta property=\"og:description\" content=\"Czarny damski ko\u017cuch Tundra to niezwyk\u0142y p\u0142aszczyk z najlepszych sk\u00f3r w\u0142oskich. Taliowany - aksamitny w dotyku - Sk\u00f3ral - odzie\u017c sk\u00f3rzana\" \/>\n<meta property=\"og:url\" content=\"https:\/\/sklep.skoral.com\/de\/produkt\/kozuch-plaszcz-damski-tundra\/\" \/>\n<meta property=\"og:site_name\" content=\"Pracownia Sk\u00f3ral\" \/>\n<meta property=\"article:publisher\" content=\"https:\/\/www.facebook.com\/SkoralNaturalLeather\" \/>\n<meta property=\"article:modified_time\" content=\"2024-08-14T10:18:37+00:00\" \/>\n<meta property=\"og:image\" content=\"https:\/\/sklep.skoral.com\/wp-content\/uploads\/2021\/01\/kozuch-plaszcz-damski-tundra.jpg\" \/>\n\t<meta property=\"og:image:width\" content=\"2048\" \/>\n\t<meta property=\"og:image:height\" content=\"2560\" \/>\n\t<meta property=\"og:image:type\" content=\"image\/jpeg\" \/>\n<meta name=\"twitter:card\" content=\"summary_large_image\" \/>\n<meta name=\"twitter:label1\" content=\"Gesch\u00e4tzte Lesezeit\" \/>\n\t<meta name=\"twitter:data1\" content=\"1\u00a0Minute\" \/>\n<script type=\"application\/ld+json\" class=\"yoast-schema-graph\">{\"@context\":\"https:\\\/\\\/schema.org\",\"@graph\":[{\"@type\":[\"WebPage\",\"ItemPage\"],\"@id\":\"https:\\\/\\\/sklep.skoral.com\\\/de\\\/produkt\\\/kozuch-plaszcz-damski-tundra\\\/\",\"url\":\"https:\\\/\\\/sklep.skoral.com\\\/de\\\/produkt\\\/kozuch-plaszcz-damski-tundra\\\/\",\"name\":\"Ko\u017cuch - P\u0142aszcz damski - Tundra - Pracownia Sk\u00f3ral - W\u0142oskie sk\u00f3ry\",\"isPartOf\":{\"@id\":\"https:\\\/\\\/sklep.skoral.com\\\/de\\\/#website\"},\"primaryImageOfPage\":{\"@id\":\"https:\\\/\\\/sklep.skoral.com\\\/de\\\/produkt\\\/kozuch-plaszcz-damski-tundra\\\/#primaryimage\"},\"image\":{\"@id\":\"https:\\\/\\\/sklep.skoral.com\\\/de\\\/produkt\\\/kozuch-plaszcz-damski-tundra\\\/#primaryimage\"},\"thumbnailUrl\":\"https:\\\/\\\/sklep.skoral.com\\\/wp-content\\\/uploads\\\/2021\\\/01\\\/kozuch-plaszcz-damski-tundra.jpg\",\"datePublished\":\"2021-01-19T16:46:27+00:00\",\"dateModified\":\"2024-08-14T10:18:37+00:00\",\"description\":\"Czarny damski ko\u017cuch Tundra to niezwyk\u0142y p\u0142aszczyk z najlepszych sk\u00f3r w\u0142oskich. Taliowany - aksamitny w dotyku - Sk\u00f3ral - odzie\u017c sk\u00f3rzana\",\"breadcrumb\":{\"@id\":\"https:\\\/\\\/sklep.skoral.com\\\/de\\\/produkt\\\/kozuch-plaszcz-damski-tundra\\\/#breadcrumb\"},\"inLanguage\":\"de\",\"potentialAction\":[{\"@type\":\"ReadAction\",\"target\":[\"https:\\\/\\\/sklep.skoral.com\\\/de\\\/produkt\\\/kozuch-plaszcz-damski-tundra\\\/\"]}]},{\"@type\":\"ImageObject\",\"inLanguage\":\"de\",\"@id\":\"https:\\\/\\\/sklep.skoral.com\\\/de\\\/produkt\\\/kozuch-plaszcz-damski-tundra\\\/#primaryimage\",\"url\":\"https:\\\/\\\/sklep.skoral.com\\\/wp-content\\\/uploads\\\/2021\\\/01\\\/kozuch-plaszcz-damski-tundra.jpg\",\"contentUrl\":\"https:\\\/\\\/sklep.skoral.com\\\/wp-content\\\/uploads\\\/2021\\\/01\\\/kozuch-plaszcz-damski-tundra.jpg\",\"width\":2048,\"height\":2560,\"caption\":\"Ko\u017cuch, P\u0142aszcz damski - Tundra\"},{\"@type\":\"BreadcrumbList\",\"@id\":\"https:\\\/\\\/sklep.skoral.com\\\/de\\\/produkt\\\/kozuch-plaszcz-damski-tundra\\\/#breadcrumb\",\"itemListElement\":[{\"@type\":\"ListItem\",\"position\":1,\"name\":\"Strona g\u0142\u00f3wna\",\"item\":\"https:\\\/\\\/sklep.skoral.com\\\/de\\\/startseite\\\/\"},{\"@type\":\"ListItem\",\"position\":2,\"name\":\"Shop\",\"item\":\"https:\\\/\\\/sklep.skoral.com\\\/de\\\/shop\\\/\"},{\"@type\":\"ListItem\",\"position\":3,\"name\":\"Ko\u017cuch &#8211; P\u0142aszcz damski &#8211; Tundra\"}]},{\"@type\":\"WebSite\",\"@id\":\"https:\\\/\\\/sklep.skoral.com\\\/de\\\/#website\",\"url\":\"https:\\\/\\\/sklep.skoral.com\\\/de\\\/\",\"name\":\"Pracownia Sk\u00f3ral\",\"description\":\"Sklep z odzie\u017c\u0105\u00a0sk\u00f3rzan\u0105 i akcesoriami ze sk\u00f3ry naturalnej\",\"publisher\":{\"@id\":\"https:\\\/\\\/sklep.skoral.com\\\/de\\\/#organization\"},\"potentialAction\":[{\"@type\":\"SearchAction\",\"target\":{\"@type\":\"EntryPoint\",\"urlTemplate\":\"https:\\\/\\\/sklep.skoral.com\\\/de\\\/?s={search_term_string}\"},\"query-input\":{\"@type\":\"PropertyValueSpecification\",\"valueRequired\":true,\"valueName\":\"search_term_string\"}}],\"inLanguage\":\"de\"},{\"@type\":\"Organization\",\"@id\":\"https:\\\/\\\/sklep.skoral.com\\\/de\\\/#organization\",\"name\":\"Sk\u00f3ral - Pracownia odzie\u017cy i akcesori\u00f3w sk\u00f3rzanych\",\"url\":\"https:\\\/\\\/sklep.skoral.com\\\/de\\\/\",\"logo\":{\"@type\":\"ImageObject\",\"inLanguage\":\"de\",\"@id\":\"https:\\\/\\\/sklep.skoral.com\\\/de\\\/#\\\/schema\\\/logo\\\/image\\\/\",\"url\":\"https:\\\/\\\/sklep.skoral.com\\\/wp-content\\\/uploads\\\/2020\\\/09\\\/cropped-logo-duze.png\",\"contentUrl\":\"https:\\\/\\\/sklep.skoral.com\\\/wp-content\\\/uploads\\\/2020\\\/09\\\/cropped-logo-duze.png\",\"width\":1200,\"height\":293,\"caption\":\"Sk\u00f3ral - Pracownia odzie\u017cy i akcesori\u00f3w sk\u00f3rzanych\"},\"image\":{\"@id\":\"https:\\\/\\\/sklep.skoral.com\\\/de\\\/#\\\/schema\\\/logo\\\/image\\\/\"},\"sameAs\":[\"https:\\\/\\\/www.facebook.com\\\/SkoralNaturalLeather\",\"https:\\\/\\\/www.instagram.com\\\/skoraldesign\\\/\",\"https:\\\/\\\/www.youtube.com\\\/channel\\\/UCijmecsRU9TpML5jIEBsWTw\"]}]}<\/script>\n<!-- \/ Yoast SEO plugin. -->","yoast_head_json":{"title":"Ko\u017cuch - P\u0142aszcz damski - Tundra - Pracownia Sk\u00f3ral - W\u0142oskie sk\u00f3ry","description":"Czarny damski ko\u017cuch Tundra to niezwyk\u0142y p\u0142aszczyk z najlepszych sk\u00f3r w\u0142oskich. Taliowany - aksamitny w dotyku - Sk\u00f3ral - odzie\u017c sk\u00f3rzana","robots":{"index":"index","follow":"follow","max-snippet":"max-snippet:-1","max-image-preview":"max-image-preview:large","max-video-preview":"max-video-preview:-1"},"canonical":"https:\/\/sklep.skoral.com\/de\/produkt\/kozuch-plaszcz-damski-tundra\/","og_locale":"de_DE","og_type":"article","og_title":"Ko\u017cuch - P\u0142aszcz damski - Tundra - Pracownia Sk\u00f3ral - W\u0142oskie sk\u00f3ry","og_description":"Czarny damski ko\u017cuch Tundra to niezwyk\u0142y p\u0142aszczyk z najlepszych sk\u00f3r w\u0142oskich. Taliowany - aksamitny w dotyku - Sk\u00f3ral - odzie\u017c sk\u00f3rzana","og_url":"https:\/\/sklep.skoral.com\/de\/produkt\/kozuch-plaszcz-damski-tundra\/","og_site_name":"Pracownia Sk\u00f3ral","article_publisher":"https:\/\/www.facebook.com\/SkoralNaturalLeather","article_modified_time":"2024-08-14T10:18:37+00:00","og_image":[{"width":2048,"height":2560,"url":"https:\/\/sklep.skoral.com\/wp-content\/uploads\/2021\/01\/kozuch-plaszcz-damski-tundra.jpg","type":"image\/jpeg"}],"twitter_card":"summary_large_image","twitter_misc":{"Gesch\u00e4tzte Lesezeit":"1\u00a0Minute"},"schema":{"@context":"https:\/\/schema.org","@graph":[{"@type":["WebPage","ItemPage"],"@id":"https:\/\/sklep.skoral.com\/de\/produkt\/kozuch-plaszcz-damski-tundra\/","url":"https:\/\/sklep.skoral.com\/de\/produkt\/kozuch-plaszcz-damski-tundra\/","name":"Ko\u017cuch - P\u0142aszcz damski - Tundra - Pracownia Sk\u00f3ral - W\u0142oskie sk\u00f3ry","isPartOf":{"@id":"https:\/\/sklep.skoral.com\/de\/#website"},"primaryImageOfPage":{"@id":"https:\/\/sklep.skoral.com\/de\/produkt\/kozuch-plaszcz-damski-tundra\/#primaryimage"},"image":{"@id":"https:\/\/sklep.skoral.com\/de\/produkt\/kozuch-plaszcz-damski-tundra\/#primaryimage"},"thumbnailUrl":"https:\/\/sklep.skoral.com\/wp-content\/uploads\/2021\/01\/kozuch-plaszcz-damski-tundra.jpg","datePublished":"2021-01-19T16:46:27+00:00","dateModified":"2024-08-14T10:18:37+00:00","description":"Czarny damski ko\u017cuch Tundra to niezwyk\u0142y p\u0142aszczyk z najlepszych sk\u00f3r w\u0142oskich. Taliowany - aksamitny w dotyku - Sk\u00f3ral - odzie\u017c sk\u00f3rzana","breadcrumb":{"@id":"https:\/\/sklep.skoral.com\/de\/produkt\/kozuch-plaszcz-damski-tundra\/#breadcrumb"},"inLanguage":"de","potentialAction":[{"@type":"ReadAction","target":["https:\/\/sklep.skoral.com\/de\/produkt\/kozuch-plaszcz-damski-tundra\/"]}]},{"@type":"ImageObject","inLanguage":"de","@id":"https:\/\/sklep.skoral.com\/de\/produkt\/kozuch-plaszcz-damski-tundra\/#primaryimage","url":"https:\/\/sklep.skoral.com\/wp-content\/uploads\/2021\/01\/kozuch-plaszcz-damski-tundra.jpg","contentUrl":"https:\/\/sklep.skoral.com\/wp-content\/uploads\/2021\/01\/kozuch-plaszcz-damski-tundra.jpg","width":2048,"height":2560,"caption":"Ko\u017cuch, P\u0142aszcz damski - Tundra"},{"@type":"BreadcrumbList","@id":"https:\/\/sklep.skoral.com\/de\/produkt\/kozuch-plaszcz-damski-tundra\/#breadcrumb","itemListElement":[{"@type":"ListItem","position":1,"name":"Strona g\u0142\u00f3wna","item":"https:\/\/sklep.skoral.com\/de\/startseite\/"},{"@type":"ListItem","position":2,"name":"Shop","item":"https:\/\/sklep.skoral.com\/de\/shop\/"},{"@type":"ListItem","position":3,"name":"Ko\u017cuch &#8211; P\u0142aszcz damski &#8211; Tundra"}]},{"@type":"WebSite","@id":"https:\/\/sklep.skoral.com\/de\/#website","url":"https:\/\/sklep.skoral.com\/de\/","name":"Pracownia Sk\u00f3ral","description":"Sklep z odzie\u017c\u0105\u00a0sk\u00f3rzan\u0105 i akcesoriami ze sk\u00f3ry naturalnej","publisher":{"@id":"https:\/\/sklep.skoral.com\/de\/#organization"},"potentialAction":[{"@type":"SearchAction","target":{"@type":"EntryPoint","urlTemplate":"https:\/\/sklep.skoral.com\/de\/?s={search_term_string}"},"query-input":{"@type":"PropertyValueSpecification","valueRequired":true,"valueName":"search_term_string"}}],"inLanguage":"de"},{"@type":"Organization","@id":"https:\/\/sklep.skoral.com\/de\/#organization","name":"Sk\u00f3ral - Pracownia odzie\u017cy i akcesori\u00f3w sk\u00f3rzanych","url":"https:\/\/sklep.skoral.com\/de\/","logo":{"@type":"ImageObject","inLanguage":"de","@id":"https:\/\/sklep.skoral.com\/de\/#\/schema\/logo\/image\/","url":"https:\/\/sklep.skoral.com\/wp-content\/uploads\/2020\/09\/cropped-logo-duze.png","contentUrl":"https:\/\/sklep.skoral.com\/wp-content\/uploads\/2020\/09\/cropped-logo-duze.png","width":1200,"height":293,"caption":"Sk\u00f3ral - Pracownia odzie\u017cy i akcesori\u00f3w sk\u00f3rzanych"},"image":{"@id":"https:\/\/sklep.skoral.com\/de\/#\/schema\/logo\/image\/"},"sameAs":["https:\/\/www.facebook.com\/SkoralNaturalLeather","https:\/\/www.instagram.com\/skoraldesign\/","https:\/\/www.youtube.com\/channel\/UCijmecsRU9TpML5jIEBsWTw"]}]}},"jetpack_sharing_enabled":true,"_links":{"self":[{"href":"https:\/\/sklep.skoral.com\/de\/wp-json\/wp\/v2\/product\/248","targetHints":{"allow":["GET"]}}],"collection":[{"href":"https:\/\/sklep.skoral.com\/de\/wp-json\/wp\/v2\/product"}],"about":[{"href":"https:\/\/sklep.skoral.com\/de\/wp-json\/wp\/v2\/types\/product"}],"wp:featuredmedia":[{"embeddable":true,"href":"https:\/\/sklep.skoral.com\/de\/wp-json\/wp\/v2\/media\/250"}],"wp:attachment":[{"href":"https:\/\/sklep.skoral.com\/de\/wp-json\/wp\/v2\/media?parent=248"}],"wp:term":[{"taxonomy":"product_brand","embeddable":true,"href":"https:\/\/sklep.skoral.com\/de\/wp-json\/wp\/v2\/product_brand?post=248"},{"taxonomy":"product_cat","embeddable":true,"href":"https:\/\/sklep.skoral.com\/de\/wp-json\/wp\/v2\/product_cat?post=248"},{"taxonomy":"product_tag","embeddable":true,"href":"https:\/\/sklep.skoral.com\/de\/wp-json\/wp\/v2\/product_tag?post=248"}],"curies":[{"name":"wp","href":"https:\/\/api.w.org\/{rel}","templated":true}]}}