{"id":300,"date":"2021-01-19T18:18:10","date_gmt":"2021-01-19T17:18:10","guid":{"rendered":"https:\/\/sklep.skoral.com\/?post_type=product&#038;p=300"},"modified":"2025-10-27T14:23:05","modified_gmt":"2025-10-27T13:23:05","slug":"kurtka-skorzana-meska-kozuch-bawaria","status":"publish","type":"product","link":"https:\/\/sklep.skoral.com\/de\/produkt\/kurtka-skorzana-meska-kozuch-bawaria\/","title":{"rendered":"Kurtka sk\u00f3rzana m\u0119ska &#8211; Ko\u017cuch, Ramoneska &#8211; Bawaria"},"content":{"rendered":"<p><span style=\"font-weight: 400;\">Bawaria to model niezwykle nowoczesny, kt\u00f3ry swoim krojem nawi\u0105zuje do absolutnie najmodniejszego i najch\u0119tniej wybieranego modelu w\u015br\u00f3d m\u0119skich kurtek sk\u00f3rzanych &#8211; ramoneski. Ko\u017cuch zosta\u0142 uszyty z w\u0142oskiej, welurowej sk\u00f3ry baraniej, pokrytej lakierem py\u0142kowym. Lakier py\u0142kowy fantastycznie chroni przed brudem i wilgoci\u0105, dzi\u0119ki czemu model Bawaria \u015bwietnie sprawdzi si\u0119 podczas jesienno-zimowych miesi\u0119cy.<\/span><\/p>\n<p><span style=\"font-weight: 400;\">Ko\u017cuch sk\u00f3rzany m\u0119ski Bawaria zapinany jest na asymetryczny zamek, kt\u00f3ry nadaje mu rockowego, niezobowi\u0105zuj\u0105cego charakteru. Szwy kurtki zosta\u0142y pokryte czarnymi paskami z naturalnej sk\u00f3ry licowej, kt\u00f3re sprawiaj\u0105, \u017ce kurtka ma oryginalny i nowoczesny wygl\u0105d. R\u0119kawy ko\u017cucha Bawaria regulowane s\u0105 na zamki. Model posiada roz\u0142o\u017cysty, wywijany ko\u0142nierz pokryty mi\u0119kkim, przyjemnym dla sk\u00f3ry, jasnym futrem. Opr\u00f3cz \u015bwietnych walor\u00f3w estetycznych, zapewnia tak\u017ce dodatkow\u0105 ochron\u0119 przed ch\u0142odem. Pod ko\u0142nierzem znajduje si\u0119 pasek zapinany na klamerk\u0119. Kurtka nie kr\u0119puje ruch\u00f3w i dobrze dopasowuje si\u0119 do cia\u0142a. Ko\u017cuch m\u0119ski Bawaria to model niezwykle wygodny, praktyczny, kt\u00f3ry dzi\u0119ki kilku oryginalnym elementom stanie si\u0119 modnym akcentem w m\u0119skiej garderobie.\u00a0<\/span><\/p>\n<h2>Ko\u017cuchy m\u0119skie &#8211; ramoneska &#8211; na zam\u00f3wienie<\/h2>\n<p><span style=\"font-weight: 400;\">Ko\u017cuch sk\u00f3rzany m\u0119ski Bawaria zosta\u0142 uszyty r\u0119cznie w pracowni krawieckiej w Krakowie. Model jest dost\u0119pny we wszystkich rozmiarach.\u00a0<\/span><\/p>\n<p><span style=\"font-weight: 400;\">Oferujemy r\u00f3wnie\u017c szycie na miar\u0119 i mo\u017cliwo\u015b\u0107 indywidualnego dopasowania modelu do ka\u017cdej sylwetki. W tym celu prosimy o <a href=\"https:\/\/sklep.skoral.com\/kontakt\/\">kontakt<\/a> z nasz\u0105 pracowni\u0105: +48 12 423 12 20.<\/span><\/p>\n","protected":false},"excerpt":{"rendered":"<p>Kurtka sk\u00f3rzana m\u0119ska &#8211; Ko\u017cuch typu Bawaria ze sk\u00f3ry baraniej welurowej z w\u0142osem wyko\u0144czonym na zamsz. Istnieje opcja zam\u00f3wienia ko\u017cucha z wyko\u0144czeniem lakierowanym.<\/p>\n","protected":false},"featured_media":302,"template":"","meta":{"_monsterinsights_skip_tracking":false,"_monsterinsights_sitenote_active":false,"_monsterinsights_sitenote_note":"","_monsterinsights_sitenote_category":0},"product_brand":[],"product_cat":[32],"product_tag":[43,24],"class_list":{"0":"post-300","1":"product","2":"type-product","3":"status-publish","4":"has-post-thumbnail","6":"product_cat-kozuchy-meskie","7":"product_tag-kozuch-meski","8":"product_tag-ramoneska","10":"first","11":"instock","12":"taxable","13":"shipping-taxable","14":"purchasable","15":"product-type-variable"},"yoast_head":"<!-- This site is optimized with the Yoast SEO plugin v27.6 - https:\/\/yoast.com\/product\/yoast-seo-wordpress\/ -->\n<title>Kurtka sk\u00f3rzana m\u0119ska - Ko\u017cuch, Ramoneska - Bawaria - Sk\u00f3ral<\/title>\n<meta name=\"description\" content=\"Ko\u017cuch m\u0119ski ramoneska Bawaria uszyty z br\u0105zowych sk\u00f3r w\u0142oskich z dodatkami czarnymi. Naturalna sk\u00f3ra i najwy\u017csza jako\u015b\u0107 w Sk\u00f3ral - Sklep\" \/>\n<meta name=\"robots\" content=\"index, follow, max-snippet:-1, max-image-preview:large, max-video-preview:-1\" \/>\n<link rel=\"canonical\" href=\"https:\/\/sklep.skoral.com\/de\/produkt\/kurtka-skorzana-meska-kozuch-bawaria\/\" \/>\n<meta property=\"og:locale\" content=\"de_DE\" \/>\n<meta property=\"og:type\" content=\"article\" \/>\n<meta property=\"og:title\" content=\"Kurtka sk\u00f3rzana m\u0119ska - Ko\u017cuch, Ramoneska - Bawaria - Sk\u00f3ral\" \/>\n<meta property=\"og:description\" content=\"Ko\u017cuch m\u0119ski ramoneska Bawaria uszyty z br\u0105zowych sk\u00f3r w\u0142oskich z dodatkami czarnymi. Naturalna sk\u00f3ra i najwy\u017csza jako\u015b\u0107 w Sk\u00f3ral - Sklep\" \/>\n<meta property=\"og:url\" content=\"https:\/\/sklep.skoral.com\/de\/produkt\/kurtka-skorzana-meska-kozuch-bawaria\/\" \/>\n<meta property=\"og:site_name\" content=\"Pracownia Sk\u00f3ral\" \/>\n<meta property=\"article:publisher\" content=\"https:\/\/www.facebook.com\/SkoralNaturalLeather\" \/>\n<meta property=\"article:modified_time\" content=\"2025-10-27T13:23:05+00:00\" \/>\n<meta property=\"og:image\" content=\"https:\/\/sklep.skoral.com\/wp-content\/uploads\/2021\/01\/kurtka-skorzana-meska-kozuch-bawaria.jpg\" \/>\n\t<meta property=\"og:image:width\" content=\"1024\" \/>\n\t<meta property=\"og:image:height\" content=\"1279\" \/>\n\t<meta property=\"og:image:type\" content=\"image\/jpeg\" \/>\n<meta name=\"twitter:card\" content=\"summary_large_image\" \/>\n<meta name=\"twitter:label1\" content=\"Gesch\u00e4tzte Lesezeit\" \/>\n\t<meta name=\"twitter:data1\" content=\"2\u00a0Minuten\" \/>\n<script type=\"application\/ld+json\" class=\"yoast-schema-graph\">{\"@context\":\"https:\\\/\\\/schema.org\",\"@graph\":[{\"@type\":[\"WebPage\",\"ItemPage\"],\"@id\":\"https:\\\/\\\/sklep.skoral.com\\\/de\\\/produkt\\\/kurtka-skorzana-meska-kozuch-bawaria\\\/\",\"url\":\"https:\\\/\\\/sklep.skoral.com\\\/de\\\/produkt\\\/kurtka-skorzana-meska-kozuch-bawaria\\\/\",\"name\":\"Kurtka sk\u00f3rzana m\u0119ska - Ko\u017cuch, Ramoneska - Bawaria - Sk\u00f3ral\",\"isPartOf\":{\"@id\":\"https:\\\/\\\/sklep.skoral.com\\\/de\\\/#website\"},\"primaryImageOfPage\":{\"@id\":\"https:\\\/\\\/sklep.skoral.com\\\/de\\\/produkt\\\/kurtka-skorzana-meska-kozuch-bawaria\\\/#primaryimage\"},\"image\":{\"@id\":\"https:\\\/\\\/sklep.skoral.com\\\/de\\\/produkt\\\/kurtka-skorzana-meska-kozuch-bawaria\\\/#primaryimage\"},\"thumbnailUrl\":\"https:\\\/\\\/sklep.skoral.com\\\/wp-content\\\/uploads\\\/2021\\\/01\\\/kurtka-skorzana-meska-kozuch-bawaria.jpg\",\"datePublished\":\"2021-01-19T17:18:10+00:00\",\"dateModified\":\"2025-10-27T13:23:05+00:00\",\"description\":\"Ko\u017cuch m\u0119ski ramoneska Bawaria uszyty z br\u0105zowych sk\u00f3r w\u0142oskich z dodatkami czarnymi. Naturalna sk\u00f3ra i najwy\u017csza jako\u015b\u0107 w Sk\u00f3ral - Sklep\",\"breadcrumb\":{\"@id\":\"https:\\\/\\\/sklep.skoral.com\\\/de\\\/produkt\\\/kurtka-skorzana-meska-kozuch-bawaria\\\/#breadcrumb\"},\"inLanguage\":\"de\",\"potentialAction\":[{\"@type\":\"ReadAction\",\"target\":[\"https:\\\/\\\/sklep.skoral.com\\\/de\\\/produkt\\\/kurtka-skorzana-meska-kozuch-bawaria\\\/\"]}]},{\"@type\":\"ImageObject\",\"inLanguage\":\"de\",\"@id\":\"https:\\\/\\\/sklep.skoral.com\\\/de\\\/produkt\\\/kurtka-skorzana-meska-kozuch-bawaria\\\/#primaryimage\",\"url\":\"https:\\\/\\\/sklep.skoral.com\\\/wp-content\\\/uploads\\\/2021\\\/01\\\/kurtka-skorzana-meska-kozuch-bawaria.jpg\",\"contentUrl\":\"https:\\\/\\\/sklep.skoral.com\\\/wp-content\\\/uploads\\\/2021\\\/01\\\/kurtka-skorzana-meska-kozuch-bawaria.jpg\",\"width\":1024,\"height\":1279,\"caption\":\"Kurtka sk\u00f3rzana m\u0119ska - Ko\u017cuch - Bawaria\"},{\"@type\":\"BreadcrumbList\",\"@id\":\"https:\\\/\\\/sklep.skoral.com\\\/de\\\/produkt\\\/kurtka-skorzana-meska-kozuch-bawaria\\\/#breadcrumb\",\"itemListElement\":[{\"@type\":\"ListItem\",\"position\":1,\"name\":\"Strona g\u0142\u00f3wna\",\"item\":\"https:\\\/\\\/sklep.skoral.com\\\/de\\\/startseite\\\/\"},{\"@type\":\"ListItem\",\"position\":2,\"name\":\"Shop\",\"item\":\"https:\\\/\\\/sklep.skoral.com\\\/de\\\/shop\\\/\"},{\"@type\":\"ListItem\",\"position\":3,\"name\":\"Kurtka sk\u00f3rzana m\u0119ska &#8211; Ko\u017cuch, Ramoneska &#8211; Bawaria\"}]},{\"@type\":\"WebSite\",\"@id\":\"https:\\\/\\\/sklep.skoral.com\\\/de\\\/#website\",\"url\":\"https:\\\/\\\/sklep.skoral.com\\\/de\\\/\",\"name\":\"Pracownia Sk\u00f3ral\",\"description\":\"Sklep z odzie\u017c\u0105\u00a0sk\u00f3rzan\u0105 i akcesoriami ze sk\u00f3ry naturalnej\",\"publisher\":{\"@id\":\"https:\\\/\\\/sklep.skoral.com\\\/de\\\/#organization\"},\"potentialAction\":[{\"@type\":\"SearchAction\",\"target\":{\"@type\":\"EntryPoint\",\"urlTemplate\":\"https:\\\/\\\/sklep.skoral.com\\\/de\\\/?s={search_term_string}\"},\"query-input\":{\"@type\":\"PropertyValueSpecification\",\"valueRequired\":true,\"valueName\":\"search_term_string\"}}],\"inLanguage\":\"de\"},{\"@type\":\"Organization\",\"@id\":\"https:\\\/\\\/sklep.skoral.com\\\/de\\\/#organization\",\"name\":\"Sk\u00f3ral - Pracownia odzie\u017cy i akcesori\u00f3w sk\u00f3rzanych\",\"url\":\"https:\\\/\\\/sklep.skoral.com\\\/de\\\/\",\"logo\":{\"@type\":\"ImageObject\",\"inLanguage\":\"de\",\"@id\":\"https:\\\/\\\/sklep.skoral.com\\\/de\\\/#\\\/schema\\\/logo\\\/image\\\/\",\"url\":\"https:\\\/\\\/sklep.skoral.com\\\/wp-content\\\/uploads\\\/2020\\\/09\\\/cropped-logo-duze.png\",\"contentUrl\":\"https:\\\/\\\/sklep.skoral.com\\\/wp-content\\\/uploads\\\/2020\\\/09\\\/cropped-logo-duze.png\",\"width\":1200,\"height\":293,\"caption\":\"Sk\u00f3ral - Pracownia odzie\u017cy i akcesori\u00f3w sk\u00f3rzanych\"},\"image\":{\"@id\":\"https:\\\/\\\/sklep.skoral.com\\\/de\\\/#\\\/schema\\\/logo\\\/image\\\/\"},\"sameAs\":[\"https:\\\/\\\/www.facebook.com\\\/SkoralNaturalLeather\",\"https:\\\/\\\/www.instagram.com\\\/skoraldesign\\\/\",\"https:\\\/\\\/www.youtube.com\\\/channel\\\/UCijmecsRU9TpML5jIEBsWTw\"]}]}<\/script>\n<!-- \/ Yoast SEO plugin. -->","yoast_head_json":{"title":"Kurtka sk\u00f3rzana m\u0119ska - Ko\u017cuch, Ramoneska - Bawaria - Sk\u00f3ral","description":"Ko\u017cuch m\u0119ski ramoneska Bawaria uszyty z br\u0105zowych sk\u00f3r w\u0142oskich z dodatkami czarnymi. Naturalna sk\u00f3ra i najwy\u017csza jako\u015b\u0107 w Sk\u00f3ral - Sklep","robots":{"index":"index","follow":"follow","max-snippet":"max-snippet:-1","max-image-preview":"max-image-preview:large","max-video-preview":"max-video-preview:-1"},"canonical":"https:\/\/sklep.skoral.com\/de\/produkt\/kurtka-skorzana-meska-kozuch-bawaria\/","og_locale":"de_DE","og_type":"article","og_title":"Kurtka sk\u00f3rzana m\u0119ska - Ko\u017cuch, Ramoneska - Bawaria - Sk\u00f3ral","og_description":"Ko\u017cuch m\u0119ski ramoneska Bawaria uszyty z br\u0105zowych sk\u00f3r w\u0142oskich z dodatkami czarnymi. Naturalna sk\u00f3ra i najwy\u017csza jako\u015b\u0107 w Sk\u00f3ral - Sklep","og_url":"https:\/\/sklep.skoral.com\/de\/produkt\/kurtka-skorzana-meska-kozuch-bawaria\/","og_site_name":"Pracownia Sk\u00f3ral","article_publisher":"https:\/\/www.facebook.com\/SkoralNaturalLeather","article_modified_time":"2025-10-27T13:23:05+00:00","og_image":[{"width":1024,"height":1279,"url":"https:\/\/sklep.skoral.com\/wp-content\/uploads\/2021\/01\/kurtka-skorzana-meska-kozuch-bawaria.jpg","type":"image\/jpeg"}],"twitter_card":"summary_large_image","twitter_misc":{"Gesch\u00e4tzte Lesezeit":"2\u00a0Minuten"},"schema":{"@context":"https:\/\/schema.org","@graph":[{"@type":["WebPage","ItemPage"],"@id":"https:\/\/sklep.skoral.com\/de\/produkt\/kurtka-skorzana-meska-kozuch-bawaria\/","url":"https:\/\/sklep.skoral.com\/de\/produkt\/kurtka-skorzana-meska-kozuch-bawaria\/","name":"Kurtka sk\u00f3rzana m\u0119ska - Ko\u017cuch, Ramoneska - Bawaria - Sk\u00f3ral","isPartOf":{"@id":"https:\/\/sklep.skoral.com\/de\/#website"},"primaryImageOfPage":{"@id":"https:\/\/sklep.skoral.com\/de\/produkt\/kurtka-skorzana-meska-kozuch-bawaria\/#primaryimage"},"image":{"@id":"https:\/\/sklep.skoral.com\/de\/produkt\/kurtka-skorzana-meska-kozuch-bawaria\/#primaryimage"},"thumbnailUrl":"https:\/\/sklep.skoral.com\/wp-content\/uploads\/2021\/01\/kurtka-skorzana-meska-kozuch-bawaria.jpg","datePublished":"2021-01-19T17:18:10+00:00","dateModified":"2025-10-27T13:23:05+00:00","description":"Ko\u017cuch m\u0119ski ramoneska Bawaria uszyty z br\u0105zowych sk\u00f3r w\u0142oskich z dodatkami czarnymi. Naturalna sk\u00f3ra i najwy\u017csza jako\u015b\u0107 w Sk\u00f3ral - Sklep","breadcrumb":{"@id":"https:\/\/sklep.skoral.com\/de\/produkt\/kurtka-skorzana-meska-kozuch-bawaria\/#breadcrumb"},"inLanguage":"de","potentialAction":[{"@type":"ReadAction","target":["https:\/\/sklep.skoral.com\/de\/produkt\/kurtka-skorzana-meska-kozuch-bawaria\/"]}]},{"@type":"ImageObject","inLanguage":"de","@id":"https:\/\/sklep.skoral.com\/de\/produkt\/kurtka-skorzana-meska-kozuch-bawaria\/#primaryimage","url":"https:\/\/sklep.skoral.com\/wp-content\/uploads\/2021\/01\/kurtka-skorzana-meska-kozuch-bawaria.jpg","contentUrl":"https:\/\/sklep.skoral.com\/wp-content\/uploads\/2021\/01\/kurtka-skorzana-meska-kozuch-bawaria.jpg","width":1024,"height":1279,"caption":"Kurtka sk\u00f3rzana m\u0119ska - Ko\u017cuch - Bawaria"},{"@type":"BreadcrumbList","@id":"https:\/\/sklep.skoral.com\/de\/produkt\/kurtka-skorzana-meska-kozuch-bawaria\/#breadcrumb","itemListElement":[{"@type":"ListItem","position":1,"name":"Strona g\u0142\u00f3wna","item":"https:\/\/sklep.skoral.com\/de\/startseite\/"},{"@type":"ListItem","position":2,"name":"Shop","item":"https:\/\/sklep.skoral.com\/de\/shop\/"},{"@type":"ListItem","position":3,"name":"Kurtka sk\u00f3rzana m\u0119ska &#8211; Ko\u017cuch, Ramoneska &#8211; Bawaria"}]},{"@type":"WebSite","@id":"https:\/\/sklep.skoral.com\/de\/#website","url":"https:\/\/sklep.skoral.com\/de\/","name":"Pracownia Sk\u00f3ral","description":"Sklep z odzie\u017c\u0105\u00a0sk\u00f3rzan\u0105 i akcesoriami ze sk\u00f3ry naturalnej","publisher":{"@id":"https:\/\/sklep.skoral.com\/de\/#organization"},"potentialAction":[{"@type":"SearchAction","target":{"@type":"EntryPoint","urlTemplate":"https:\/\/sklep.skoral.com\/de\/?s={search_term_string}"},"query-input":{"@type":"PropertyValueSpecification","valueRequired":true,"valueName":"search_term_string"}}],"inLanguage":"de"},{"@type":"Organization","@id":"https:\/\/sklep.skoral.com\/de\/#organization","name":"Sk\u00f3ral - Pracownia odzie\u017cy i akcesori\u00f3w sk\u00f3rzanych","url":"https:\/\/sklep.skoral.com\/de\/","logo":{"@type":"ImageObject","inLanguage":"de","@id":"https:\/\/sklep.skoral.com\/de\/#\/schema\/logo\/image\/","url":"https:\/\/sklep.skoral.com\/wp-content\/uploads\/2020\/09\/cropped-logo-duze.png","contentUrl":"https:\/\/sklep.skoral.com\/wp-content\/uploads\/2020\/09\/cropped-logo-duze.png","width":1200,"height":293,"caption":"Sk\u00f3ral - Pracownia odzie\u017cy i akcesori\u00f3w sk\u00f3rzanych"},"image":{"@id":"https:\/\/sklep.skoral.com\/de\/#\/schema\/logo\/image\/"},"sameAs":["https:\/\/www.facebook.com\/SkoralNaturalLeather","https:\/\/www.instagram.com\/skoraldesign\/","https:\/\/www.youtube.com\/channel\/UCijmecsRU9TpML5jIEBsWTw"]}]}},"jetpack_sharing_enabled":true,"_links":{"self":[{"href":"https:\/\/sklep.skoral.com\/de\/wp-json\/wp\/v2\/product\/300","targetHints":{"allow":["GET"]}}],"collection":[{"href":"https:\/\/sklep.skoral.com\/de\/wp-json\/wp\/v2\/product"}],"about":[{"href":"https:\/\/sklep.skoral.com\/de\/wp-json\/wp\/v2\/types\/product"}],"wp:featuredmedia":[{"embeddable":true,"href":"https:\/\/sklep.skoral.com\/de\/wp-json\/wp\/v2\/media\/302"}],"wp:attachment":[{"href":"https:\/\/sklep.skoral.com\/de\/wp-json\/wp\/v2\/media?parent=300"}],"wp:term":[{"taxonomy":"product_brand","embeddable":true,"href":"https:\/\/sklep.skoral.com\/de\/wp-json\/wp\/v2\/product_brand?post=300"},{"taxonomy":"product_cat","embeddable":true,"href":"https:\/\/sklep.skoral.com\/de\/wp-json\/wp\/v2\/product_cat?post=300"},{"taxonomy":"product_tag","embeddable":true,"href":"https:\/\/sklep.skoral.com\/de\/wp-json\/wp\/v2\/product_tag?post=300"}],"curies":[{"name":"wp","href":"https:\/\/api.w.org\/{rel}","templated":true}]}}