{"id":305,"date":"2021-01-19T18:20:23","date_gmt":"2021-01-19T17:20:23","guid":{"rendered":"https:\/\/sklep.skoral.com\/?post_type=product&#038;p=305"},"modified":"2024-08-14T12:16:28","modified_gmt":"2024-08-14T10:16:28","slug":"kozuch-plaszcz-damski-lucy","status":"publish","type":"product","link":"https:\/\/sklep.skoral.com\/de\/produkt\/kozuch-plaszcz-damski-lucy\/","title":{"rendered":"Ko\u017cuch &#8211; P\u0142aszcz damski &#8211; Lucy"},"content":{"rendered":"<p><span style=\"font-weight: 400;\">P\u0142aszcz damski Lucy to propozycja dla pa\u0144 szukaj\u0105cych lekkich, szlachetnych ko\u017cuch\u00f3w o klasycznym, kobiecym kroju. P\u0142aszcz damski Lucy zosta\u0142 r\u0119cznie wykonany z w\u0142oskiej sk\u00f3ry jagni\u0119cej Toscana. W\u0142os sk\u00f3ry Toscana jest niestrzy\u017cony, dzi\u0119ki czemu posiada niezwykle jedwabiste, mi\u0119kkie wyko\u0144czenie i pi\u0119kny po\u0142ysk. W\u0142osie Toscana posiada w\u0142a\u015bciwo\u015bci hipoalergiczne, dzi\u0119ki czemu jest odpowiednie nawet dla najbardziej wra\u017cliwej kobiecej sk\u00f3ry. <\/span><\/p>\n<p><span style=\"font-weight: 400;\">Ko\u017cuch Lucy posiada taliowany kr\u00f3j, kt\u00f3ry \u0142adnie wysmukla sylwetk\u0119. Dodatkowe tylne zak\u0142adki sprawiaj\u0105, \u017ce ko\u017cuch pi\u0119knie dopasowuje si\u0119 do figury, jednocze\u015bnie maskuj\u0105c ewentualne niedoskona\u0142o\u015bci. Model Lucy zapinany jest na guziki. Zosta\u0142 uszyty w kolorze pi\u0119knego granatu, kt\u00f3ry pi\u0119knie podkre\u015bla urod\u0119. Po bokach ko\u017cucha znajduj\u0105 si\u0119 dwie g\u0142\u0119bokie kieszenie. P\u0142aszcz damski Lucy posiada r\u00f3wnie\u017c kaptur, kt\u00f3ry fantastycznie chroni przed deszczem czy \u015bniegiem podczas zimowych spacer\u00f3w.\u00a0<\/span><\/p>\n<p><span style=\"font-weight: 400;\">Model ten szczeg\u00f3lnie spodoba si\u0119 fankom minimalistycznego stylu, szlachetnych materia\u0142\u00f3w i ponadczasowej elegancji.\u00a0<\/span><\/p>\n<h2>P\u0142aszcz sk\u00f3rzany damski Lucy na zam\u00f3wienie w wybranym kolorze<\/h2>\n<p><span style=\"font-weight: 400;\">Je\u015bli szukasz konkretnego koloru i idealnie dopasowanego modelu, skontaktuj si\u0119 z nami: +48 12 423 12 20!<\/span><\/p>\n<p><span style=\"font-weight: 400;\">\u00a0W naszej pracowni w Krakowie uszyjemy dla Ciebie ko\u017cuch w Twoim wymarzonym kolorze oraz perfekcyjnie dopasowany do Twoich kszta\u0142t\u00f3w.<\/span><\/p>\n","protected":false},"excerpt":{"rendered":"<p>Ko\u017cuch damski, p\u0142aszcz typu Lucy w oryginalnym kolorze szafiru.<\/p>\n","protected":false},"featured_media":307,"template":"","meta":{"_monsterinsights_skip_tracking":false,"_monsterinsights_sitenote_active":false,"_monsterinsights_sitenote_note":"","_monsterinsights_sitenote_category":0},"product_brand":[],"product_cat":[17,34],"product_tag":[35,47],"class_list":{"0":"post-305","1":"product","2":"type-product","3":"status-publish","4":"has-post-thumbnail","6":"product_cat-kozuchy-kozuszki-damskie","7":"product_cat-plaszcze","8":"product_tag-kozuch","9":"product_tag-zima","11":"first","12":"instock","13":"taxable","14":"shipping-taxable","15":"purchasable","16":"product-type-variable"},"yoast_head":"<!-- This site is optimized with the Yoast SEO plugin v27.6 - https:\/\/yoast.com\/product\/yoast-seo-wordpress\/ -->\n<title>Ko\u017cuch - P\u0142aszcz damski - Lucy - Pracownia Sk\u00f3ral - W\u0142oskie sk\u00f3ry<\/title>\n<meta name=\"description\" content=\"Szafirowy ko\u017cuch p\u0142aszcz damski Lucy z niestrzy\u017conych w\u0142oskich sk\u00f3r jagni\u0119cych. Zapinany na guziki - niezwykle ciep\u0142y - Sk\u00f3ral.\" \/>\n<meta name=\"robots\" content=\"index, follow, max-snippet:-1, max-image-preview:large, max-video-preview:-1\" \/>\n<link rel=\"canonical\" href=\"https:\/\/sklep.skoral.com\/de\/produkt\/kozuch-plaszcz-damski-lucy\/\" \/>\n<meta property=\"og:locale\" content=\"de_DE\" \/>\n<meta property=\"og:type\" content=\"article\" \/>\n<meta property=\"og:title\" content=\"Ko\u017cuch - P\u0142aszcz damski - Lucy - Pracownia Sk\u00f3ral - W\u0142oskie sk\u00f3ry\" \/>\n<meta property=\"og:description\" content=\"Szafirowy ko\u017cuch p\u0142aszcz damski Lucy z niestrzy\u017conych w\u0142oskich sk\u00f3r jagni\u0119cych. Zapinany na guziki - niezwykle ciep\u0142y - Sk\u00f3ral.\" \/>\n<meta property=\"og:url\" content=\"https:\/\/sklep.skoral.com\/de\/produkt\/kozuch-plaszcz-damski-lucy\/\" \/>\n<meta property=\"og:site_name\" content=\"Pracownia Sk\u00f3ral\" \/>\n<meta property=\"article:publisher\" content=\"https:\/\/www.facebook.com\/SkoralNaturalLeather\" \/>\n<meta property=\"article:modified_time\" content=\"2024-08-14T10:16:28+00:00\" \/>\n<meta property=\"og:image\" content=\"https:\/\/sklep.skoral.com\/wp-content\/uploads\/2021\/01\/kozuch-plaszcz-damski-lucy.jpg\" \/>\n\t<meta property=\"og:image:width\" content=\"1024\" \/>\n\t<meta property=\"og:image:height\" content=\"1280\" \/>\n\t<meta property=\"og:image:type\" content=\"image\/jpeg\" \/>\n<meta name=\"twitter:card\" content=\"summary_large_image\" \/>\n<meta name=\"twitter:label1\" content=\"Gesch\u00e4tzte Lesezeit\" \/>\n\t<meta name=\"twitter:data1\" content=\"1\u00a0Minute\" \/>\n<script type=\"application\/ld+json\" class=\"yoast-schema-graph\">{\"@context\":\"https:\\\/\\\/schema.org\",\"@graph\":[{\"@type\":[\"WebPage\",\"ItemPage\"],\"@id\":\"https:\\\/\\\/sklep.skoral.com\\\/de\\\/produkt\\\/kozuch-plaszcz-damski-lucy\\\/\",\"url\":\"https:\\\/\\\/sklep.skoral.com\\\/de\\\/produkt\\\/kozuch-plaszcz-damski-lucy\\\/\",\"name\":\"Ko\u017cuch - P\u0142aszcz damski - Lucy - Pracownia Sk\u00f3ral - W\u0142oskie sk\u00f3ry\",\"isPartOf\":{\"@id\":\"https:\\\/\\\/sklep.skoral.com\\\/de\\\/#website\"},\"primaryImageOfPage\":{\"@id\":\"https:\\\/\\\/sklep.skoral.com\\\/de\\\/produkt\\\/kozuch-plaszcz-damski-lucy\\\/#primaryimage\"},\"image\":{\"@id\":\"https:\\\/\\\/sklep.skoral.com\\\/de\\\/produkt\\\/kozuch-plaszcz-damski-lucy\\\/#primaryimage\"},\"thumbnailUrl\":\"https:\\\/\\\/sklep.skoral.com\\\/wp-content\\\/uploads\\\/2021\\\/01\\\/kozuch-plaszcz-damski-lucy.jpg\",\"datePublished\":\"2021-01-19T17:20:23+00:00\",\"dateModified\":\"2024-08-14T10:16:28+00:00\",\"description\":\"Szafirowy ko\u017cuch p\u0142aszcz damski Lucy z niestrzy\u017conych w\u0142oskich sk\u00f3r jagni\u0119cych. Zapinany na guziki - niezwykle ciep\u0142y - Sk\u00f3ral.\",\"breadcrumb\":{\"@id\":\"https:\\\/\\\/sklep.skoral.com\\\/de\\\/produkt\\\/kozuch-plaszcz-damski-lucy\\\/#breadcrumb\"},\"inLanguage\":\"de\",\"potentialAction\":[{\"@type\":\"ReadAction\",\"target\":[\"https:\\\/\\\/sklep.skoral.com\\\/de\\\/produkt\\\/kozuch-plaszcz-damski-lucy\\\/\"]}]},{\"@type\":\"ImageObject\",\"inLanguage\":\"de\",\"@id\":\"https:\\\/\\\/sklep.skoral.com\\\/de\\\/produkt\\\/kozuch-plaszcz-damski-lucy\\\/#primaryimage\",\"url\":\"https:\\\/\\\/sklep.skoral.com\\\/wp-content\\\/uploads\\\/2021\\\/01\\\/kozuch-plaszcz-damski-lucy.jpg\",\"contentUrl\":\"https:\\\/\\\/sklep.skoral.com\\\/wp-content\\\/uploads\\\/2021\\\/01\\\/kozuch-plaszcz-damski-lucy.jpg\",\"width\":1024,\"height\":1280,\"caption\":\"Ko\u017cuch - P\u0142aszcz damski - Lucy\"},{\"@type\":\"BreadcrumbList\",\"@id\":\"https:\\\/\\\/sklep.skoral.com\\\/de\\\/produkt\\\/kozuch-plaszcz-damski-lucy\\\/#breadcrumb\",\"itemListElement\":[{\"@type\":\"ListItem\",\"position\":1,\"name\":\"Strona g\u0142\u00f3wna\",\"item\":\"https:\\\/\\\/sklep.skoral.com\\\/de\\\/startseite\\\/\"},{\"@type\":\"ListItem\",\"position\":2,\"name\":\"Shop\",\"item\":\"https:\\\/\\\/sklep.skoral.com\\\/de\\\/shop\\\/\"},{\"@type\":\"ListItem\",\"position\":3,\"name\":\"Ko\u017cuch &#8211; P\u0142aszcz damski &#8211; Lucy\"}]},{\"@type\":\"WebSite\",\"@id\":\"https:\\\/\\\/sklep.skoral.com\\\/de\\\/#website\",\"url\":\"https:\\\/\\\/sklep.skoral.com\\\/de\\\/\",\"name\":\"Pracownia Sk\u00f3ral\",\"description\":\"Sklep z odzie\u017c\u0105\u00a0sk\u00f3rzan\u0105 i akcesoriami ze sk\u00f3ry naturalnej\",\"publisher\":{\"@id\":\"https:\\\/\\\/sklep.skoral.com\\\/de\\\/#organization\"},\"potentialAction\":[{\"@type\":\"SearchAction\",\"target\":{\"@type\":\"EntryPoint\",\"urlTemplate\":\"https:\\\/\\\/sklep.skoral.com\\\/de\\\/?s={search_term_string}\"},\"query-input\":{\"@type\":\"PropertyValueSpecification\",\"valueRequired\":true,\"valueName\":\"search_term_string\"}}],\"inLanguage\":\"de\"},{\"@type\":\"Organization\",\"@id\":\"https:\\\/\\\/sklep.skoral.com\\\/de\\\/#organization\",\"name\":\"Sk\u00f3ral - Pracownia odzie\u017cy i akcesori\u00f3w sk\u00f3rzanych\",\"url\":\"https:\\\/\\\/sklep.skoral.com\\\/de\\\/\",\"logo\":{\"@type\":\"ImageObject\",\"inLanguage\":\"de\",\"@id\":\"https:\\\/\\\/sklep.skoral.com\\\/de\\\/#\\\/schema\\\/logo\\\/image\\\/\",\"url\":\"https:\\\/\\\/sklep.skoral.com\\\/wp-content\\\/uploads\\\/2020\\\/09\\\/cropped-logo-duze.png\",\"contentUrl\":\"https:\\\/\\\/sklep.skoral.com\\\/wp-content\\\/uploads\\\/2020\\\/09\\\/cropped-logo-duze.png\",\"width\":1200,\"height\":293,\"caption\":\"Sk\u00f3ral - Pracownia odzie\u017cy i akcesori\u00f3w sk\u00f3rzanych\"},\"image\":{\"@id\":\"https:\\\/\\\/sklep.skoral.com\\\/de\\\/#\\\/schema\\\/logo\\\/image\\\/\"},\"sameAs\":[\"https:\\\/\\\/www.facebook.com\\\/SkoralNaturalLeather\",\"https:\\\/\\\/www.instagram.com\\\/skoraldesign\\\/\",\"https:\\\/\\\/www.youtube.com\\\/channel\\\/UCijmecsRU9TpML5jIEBsWTw\"]}]}<\/script>\n<!-- \/ Yoast SEO plugin. -->","yoast_head_json":{"title":"Ko\u017cuch - P\u0142aszcz damski - Lucy - Pracownia Sk\u00f3ral - W\u0142oskie sk\u00f3ry","description":"Szafirowy ko\u017cuch p\u0142aszcz damski Lucy z niestrzy\u017conych w\u0142oskich sk\u00f3r jagni\u0119cych. Zapinany na guziki - niezwykle ciep\u0142y - Sk\u00f3ral.","robots":{"index":"index","follow":"follow","max-snippet":"max-snippet:-1","max-image-preview":"max-image-preview:large","max-video-preview":"max-video-preview:-1"},"canonical":"https:\/\/sklep.skoral.com\/de\/produkt\/kozuch-plaszcz-damski-lucy\/","og_locale":"de_DE","og_type":"article","og_title":"Ko\u017cuch - P\u0142aszcz damski - Lucy - Pracownia Sk\u00f3ral - W\u0142oskie sk\u00f3ry","og_description":"Szafirowy ko\u017cuch p\u0142aszcz damski Lucy z niestrzy\u017conych w\u0142oskich sk\u00f3r jagni\u0119cych. Zapinany na guziki - niezwykle ciep\u0142y - Sk\u00f3ral.","og_url":"https:\/\/sklep.skoral.com\/de\/produkt\/kozuch-plaszcz-damski-lucy\/","og_site_name":"Pracownia Sk\u00f3ral","article_publisher":"https:\/\/www.facebook.com\/SkoralNaturalLeather","article_modified_time":"2024-08-14T10:16:28+00:00","og_image":[{"width":1024,"height":1280,"url":"https:\/\/sklep.skoral.com\/wp-content\/uploads\/2021\/01\/kozuch-plaszcz-damski-lucy.jpg","type":"image\/jpeg"}],"twitter_card":"summary_large_image","twitter_misc":{"Gesch\u00e4tzte Lesezeit":"1\u00a0Minute"},"schema":{"@context":"https:\/\/schema.org","@graph":[{"@type":["WebPage","ItemPage"],"@id":"https:\/\/sklep.skoral.com\/de\/produkt\/kozuch-plaszcz-damski-lucy\/","url":"https:\/\/sklep.skoral.com\/de\/produkt\/kozuch-plaszcz-damski-lucy\/","name":"Ko\u017cuch - P\u0142aszcz damski - Lucy - Pracownia Sk\u00f3ral - W\u0142oskie sk\u00f3ry","isPartOf":{"@id":"https:\/\/sklep.skoral.com\/de\/#website"},"primaryImageOfPage":{"@id":"https:\/\/sklep.skoral.com\/de\/produkt\/kozuch-plaszcz-damski-lucy\/#primaryimage"},"image":{"@id":"https:\/\/sklep.skoral.com\/de\/produkt\/kozuch-plaszcz-damski-lucy\/#primaryimage"},"thumbnailUrl":"https:\/\/sklep.skoral.com\/wp-content\/uploads\/2021\/01\/kozuch-plaszcz-damski-lucy.jpg","datePublished":"2021-01-19T17:20:23+00:00","dateModified":"2024-08-14T10:16:28+00:00","description":"Szafirowy ko\u017cuch p\u0142aszcz damski Lucy z niestrzy\u017conych w\u0142oskich sk\u00f3r jagni\u0119cych. Zapinany na guziki - niezwykle ciep\u0142y - Sk\u00f3ral.","breadcrumb":{"@id":"https:\/\/sklep.skoral.com\/de\/produkt\/kozuch-plaszcz-damski-lucy\/#breadcrumb"},"inLanguage":"de","potentialAction":[{"@type":"ReadAction","target":["https:\/\/sklep.skoral.com\/de\/produkt\/kozuch-plaszcz-damski-lucy\/"]}]},{"@type":"ImageObject","inLanguage":"de","@id":"https:\/\/sklep.skoral.com\/de\/produkt\/kozuch-plaszcz-damski-lucy\/#primaryimage","url":"https:\/\/sklep.skoral.com\/wp-content\/uploads\/2021\/01\/kozuch-plaszcz-damski-lucy.jpg","contentUrl":"https:\/\/sklep.skoral.com\/wp-content\/uploads\/2021\/01\/kozuch-plaszcz-damski-lucy.jpg","width":1024,"height":1280,"caption":"Ko\u017cuch - P\u0142aszcz damski - Lucy"},{"@type":"BreadcrumbList","@id":"https:\/\/sklep.skoral.com\/de\/produkt\/kozuch-plaszcz-damski-lucy\/#breadcrumb","itemListElement":[{"@type":"ListItem","position":1,"name":"Strona g\u0142\u00f3wna","item":"https:\/\/sklep.skoral.com\/de\/startseite\/"},{"@type":"ListItem","position":2,"name":"Shop","item":"https:\/\/sklep.skoral.com\/de\/shop\/"},{"@type":"ListItem","position":3,"name":"Ko\u017cuch &#8211; P\u0142aszcz damski &#8211; Lucy"}]},{"@type":"WebSite","@id":"https:\/\/sklep.skoral.com\/de\/#website","url":"https:\/\/sklep.skoral.com\/de\/","name":"Pracownia Sk\u00f3ral","description":"Sklep z odzie\u017c\u0105\u00a0sk\u00f3rzan\u0105 i akcesoriami ze sk\u00f3ry naturalnej","publisher":{"@id":"https:\/\/sklep.skoral.com\/de\/#organization"},"potentialAction":[{"@type":"SearchAction","target":{"@type":"EntryPoint","urlTemplate":"https:\/\/sklep.skoral.com\/de\/?s={search_term_string}"},"query-input":{"@type":"PropertyValueSpecification","valueRequired":true,"valueName":"search_term_string"}}],"inLanguage":"de"},{"@type":"Organization","@id":"https:\/\/sklep.skoral.com\/de\/#organization","name":"Sk\u00f3ral - Pracownia odzie\u017cy i akcesori\u00f3w sk\u00f3rzanych","url":"https:\/\/sklep.skoral.com\/de\/","logo":{"@type":"ImageObject","inLanguage":"de","@id":"https:\/\/sklep.skoral.com\/de\/#\/schema\/logo\/image\/","url":"https:\/\/sklep.skoral.com\/wp-content\/uploads\/2020\/09\/cropped-logo-duze.png","contentUrl":"https:\/\/sklep.skoral.com\/wp-content\/uploads\/2020\/09\/cropped-logo-duze.png","width":1200,"height":293,"caption":"Sk\u00f3ral - Pracownia odzie\u017cy i akcesori\u00f3w sk\u00f3rzanych"},"image":{"@id":"https:\/\/sklep.skoral.com\/de\/#\/schema\/logo\/image\/"},"sameAs":["https:\/\/www.facebook.com\/SkoralNaturalLeather","https:\/\/www.instagram.com\/skoraldesign\/","https:\/\/www.youtube.com\/channel\/UCijmecsRU9TpML5jIEBsWTw"]}]}},"jetpack_sharing_enabled":true,"_links":{"self":[{"href":"https:\/\/sklep.skoral.com\/de\/wp-json\/wp\/v2\/product\/305","targetHints":{"allow":["GET"]}}],"collection":[{"href":"https:\/\/sklep.skoral.com\/de\/wp-json\/wp\/v2\/product"}],"about":[{"href":"https:\/\/sklep.skoral.com\/de\/wp-json\/wp\/v2\/types\/product"}],"wp:featuredmedia":[{"embeddable":true,"href":"https:\/\/sklep.skoral.com\/de\/wp-json\/wp\/v2\/media\/307"}],"wp:attachment":[{"href":"https:\/\/sklep.skoral.com\/de\/wp-json\/wp\/v2\/media?parent=305"}],"wp:term":[{"taxonomy":"product_brand","embeddable":true,"href":"https:\/\/sklep.skoral.com\/de\/wp-json\/wp\/v2\/product_brand?post=305"},{"taxonomy":"product_cat","embeddable":true,"href":"https:\/\/sklep.skoral.com\/de\/wp-json\/wp\/v2\/product_cat?post=305"},{"taxonomy":"product_tag","embeddable":true,"href":"https:\/\/sklep.skoral.com\/de\/wp-json\/wp\/v2\/product_tag?post=305"}],"curies":[{"name":"wp","href":"https:\/\/api.w.org\/{rel}","templated":true}]}}