{"id":327,"date":"2021-01-19T18:34:19","date_gmt":"2021-01-19T17:34:19","guid":{"rendered":"https:\/\/sklep.skoral.com\/?post_type=product&#038;p=327"},"modified":"2025-10-27T14:26:38","modified_gmt":"2025-10-27T13:26:38","slug":"plaszcz-skorzany-damski-matrix","status":"publish","type":"product","link":"https:\/\/sklep.skoral.com\/de\/produkt\/plaszcz-skorzany-damski-matrix\/","title":{"rendered":"P\u0142aszcz sk\u00f3rzany damski &#8211; Matrix"},"content":{"rendered":"<p><span style=\"font-weight: 400;\">Dopasowany i niezwykle kobiecy p\u0142aszcz, kt\u00f3ry wysmukli Twoj\u0105 figur\u0119! Damski p\u0142aszcz sk\u00f3rzany Matrix to model, kt\u00f3ry swoim krojem nawi\u0105zuje do kultowego czarnego p\u0142aszcza, kt\u00f3ry nosi\u0142a Trinity (posta\u0107 z filmu Matrix). Zosta\u0142 uszyty z wysokiej jako\u015bci w\u0142oskiej jagni\u0119cej sk\u00f3ry licowej, niezwykle mi\u0119kkiej i przyjemnej dla cia\u0142a. Posiada lekk\u0105 i oddychaj\u0105c\u0105 wiskozow\u0105 podszewk\u0119.\u00a0<\/span><\/p>\n<p><span style=\"font-weight: 400;\">Do p\u0142aszcza dodatkowo uszyta zosta\u0142a dopinana, pikowana podszewka, kt\u00f3ra sprawia, \u017ce p\u0142aszcz Matrix jest modelem wielosezonowym i sprawdzi si\u0119 zar\u00f3wno podczas wiosenno letnich, jak i ch\u0142odniejszych miesi\u0119cy.\u00a0<\/span><\/p>\n<p><span style=\"font-weight: 400;\">Model Matrix zapinany jest na asymetryczny zamek, kt\u00f3ry nadaje mu lekko rockowego charakteru. Jednocze\u015bnie suwak pozwala na regulacj\u0119 g\u0142\u0119boko\u015b\u0107 dekoltu. Model ten mo\u017cemy wi\u0119c nosi\u0107 w spos\u00f3b klasyczny, z wywini\u0119tymi klapami, jak r\u00f3wnie\u017c zapi\u0119ty do samego ko\u0144ca, z wysoko podniesion\u0105 st\u00f3jk\u0105.\u00a0<\/span><\/p>\n<p><span style=\"font-weight: 400;\">Po bokach p\u0142aszcz posiada dwie, zamykane na zamki, kieszenie.\u00a0<\/span><\/p>\n<p><span style=\"font-weight: 400;\">P\u0142aszcz Matrix posiada dopasowany, opi\u0119ty kr\u00f3j, kt\u00f3ry podkre\u015bla wszystkie atuty damskiej sylwetki. Minimalistyczne zdobienia i wysoka jako\u015b\u0107 wykonania sprawiaj\u0105, \u017ce Model Matrix przypadnie do gustu kobietom odwa\u017cnym, poszukuj\u0105cym niebanalnej odzie\u017cy wierzchniej.\u00a0<\/span><\/p>\n<h2><span style=\"font-weight: 400;\">P\u0142aszcz sk\u00f3rzany damski Matrix zosta\u0142 uszyty r\u0119cznie w krakowskiej pracowni krawieckiej.<\/span><\/h2>\n<p><span style=\"font-weight: 400;\">Szukasz modelu w konkretnym kolorze i idealnie dopasowanym rozmiarze?<a href=\"https:\/\/sklep.skoral.com\/kontakt\/\"> Skontaktuj si\u0119 z nami.<\/a> Oferujemy pe\u0142n\u0105 personalizacj\u0119 zam\u00f3wienia &#8211; szycie na miar\u0119 oraz mo\u017cliwo\u015b\u0107 indywidualnego dopasowania modelu do ka\u017cdej sylwetki. W tym celu prosimy o kontakt z nasz\u0105 pracowni\u0105: +48 12 423 12 20. <\/span><\/p>\n","protected":false},"excerpt":{"rendered":"<p>P\u0142aszcz sk\u00f3rzany damski typu Matrix<\/p>\n","protected":false},"featured_media":329,"template":"","meta":{"_monsterinsights_skip_tracking":false,"_monsterinsights_sitenote_active":false,"_monsterinsights_sitenote_note":"","_monsterinsights_sitenote_category":0},"product_brand":[],"product_cat":[34],"product_tag":[35,48],"class_list":{"0":"post-327","1":"product","2":"type-product","3":"status-publish","4":"has-post-thumbnail","6":"product_cat-plaszcze","7":"product_tag-kozuch","8":"product_tag-wysoki-kolnierz","10":"first","11":"instock","12":"taxable","13":"shipping-taxable","14":"purchasable","15":"product-type-variable"},"yoast_head":"<!-- This site is optimized with the Yoast SEO plugin v27.6 - https:\/\/yoast.com\/product\/yoast-seo-wordpress\/ -->\n<title>P\u0142aszcz sk\u00f3rzany damski - Matrix - Pracownia Sk\u00f3ral - Sklep internetowy<\/title>\n<meta name=\"description\" content=\"Czarny d\u0142ugi p\u0142aszcz damski typu Matrix - uszyty z wysokiej jako\u015bci sk\u00f3ry licowej. P\u0142aszcz, kt\u00f3ry nosi\u0142a sama Trinity. Okazja!\" \/>\n<meta name=\"robots\" content=\"index, follow, max-snippet:-1, max-image-preview:large, max-video-preview:-1\" \/>\n<link rel=\"canonical\" href=\"https:\/\/sklep.skoral.com\/de\/produkt\/plaszcz-skorzany-damski-matrix\/\" \/>\n<meta property=\"og:locale\" content=\"de_DE\" \/>\n<meta property=\"og:type\" content=\"article\" \/>\n<meta property=\"og:title\" content=\"P\u0142aszcz sk\u00f3rzany damski - Matrix - Pracownia Sk\u00f3ral - Sklep internetowy\" \/>\n<meta property=\"og:description\" content=\"Czarny d\u0142ugi p\u0142aszcz damski typu Matrix - uszyty z wysokiej jako\u015bci sk\u00f3ry licowej. P\u0142aszcz, kt\u00f3ry nosi\u0142a sama Trinity. Okazja!\" \/>\n<meta property=\"og:url\" content=\"https:\/\/sklep.skoral.com\/de\/produkt\/plaszcz-skorzany-damski-matrix\/\" \/>\n<meta property=\"og:site_name\" content=\"Pracownia Sk\u00f3ral\" \/>\n<meta property=\"article:publisher\" content=\"https:\/\/www.facebook.com\/SkoralNaturalLeather\" \/>\n<meta property=\"article:modified_time\" content=\"2025-10-27T13:26:38+00:00\" \/>\n<meta property=\"og:image\" content=\"https:\/\/sklep.skoral.com\/wp-content\/uploads\/2021\/01\/plaszcz-skorzany-damski-matrix.jpg\" \/>\n\t<meta property=\"og:image:width\" content=\"1024\" \/>\n\t<meta property=\"og:image:height\" content=\"1280\" \/>\n\t<meta property=\"og:image:type\" content=\"image\/jpeg\" \/>\n<meta name=\"twitter:card\" content=\"summary_large_image\" \/>\n<meta name=\"twitter:label1\" content=\"Gesch\u00e4tzte Lesezeit\" \/>\n\t<meta name=\"twitter:data1\" content=\"2\u00a0Minuten\" \/>\n<script type=\"application\/ld+json\" class=\"yoast-schema-graph\">{\"@context\":\"https:\\\/\\\/schema.org\",\"@graph\":[{\"@type\":[\"WebPage\",\"ItemPage\"],\"@id\":\"https:\\\/\\\/sklep.skoral.com\\\/de\\\/produkt\\\/plaszcz-skorzany-damski-matrix\\\/\",\"url\":\"https:\\\/\\\/sklep.skoral.com\\\/de\\\/produkt\\\/plaszcz-skorzany-damski-matrix\\\/\",\"name\":\"P\u0142aszcz sk\u00f3rzany damski - Matrix - Pracownia Sk\u00f3ral - Sklep internetowy\",\"isPartOf\":{\"@id\":\"https:\\\/\\\/sklep.skoral.com\\\/de\\\/#website\"},\"primaryImageOfPage\":{\"@id\":\"https:\\\/\\\/sklep.skoral.com\\\/de\\\/produkt\\\/plaszcz-skorzany-damski-matrix\\\/#primaryimage\"},\"image\":{\"@id\":\"https:\\\/\\\/sklep.skoral.com\\\/de\\\/produkt\\\/plaszcz-skorzany-damski-matrix\\\/#primaryimage\"},\"thumbnailUrl\":\"https:\\\/\\\/sklep.skoral.com\\\/wp-content\\\/uploads\\\/2021\\\/01\\\/plaszcz-skorzany-damski-matrix.jpg\",\"datePublished\":\"2021-01-19T17:34:19+00:00\",\"dateModified\":\"2025-10-27T13:26:38+00:00\",\"description\":\"Czarny d\u0142ugi p\u0142aszcz damski typu Matrix - uszyty z wysokiej jako\u015bci sk\u00f3ry licowej. P\u0142aszcz, kt\u00f3ry nosi\u0142a sama Trinity. Okazja!\",\"breadcrumb\":{\"@id\":\"https:\\\/\\\/sklep.skoral.com\\\/de\\\/produkt\\\/plaszcz-skorzany-damski-matrix\\\/#breadcrumb\"},\"inLanguage\":\"de\",\"potentialAction\":[{\"@type\":\"ReadAction\",\"target\":[\"https:\\\/\\\/sklep.skoral.com\\\/de\\\/produkt\\\/plaszcz-skorzany-damski-matrix\\\/\"]}]},{\"@type\":\"ImageObject\",\"inLanguage\":\"de\",\"@id\":\"https:\\\/\\\/sklep.skoral.com\\\/de\\\/produkt\\\/plaszcz-skorzany-damski-matrix\\\/#primaryimage\",\"url\":\"https:\\\/\\\/sklep.skoral.com\\\/wp-content\\\/uploads\\\/2021\\\/01\\\/plaszcz-skorzany-damski-matrix.jpg\",\"contentUrl\":\"https:\\\/\\\/sklep.skoral.com\\\/wp-content\\\/uploads\\\/2021\\\/01\\\/plaszcz-skorzany-damski-matrix.jpg\",\"width\":1024,\"height\":1280,\"caption\":\"P\u0142aszcz sk\u00f3rzany damski - Matrix\"},{\"@type\":\"BreadcrumbList\",\"@id\":\"https:\\\/\\\/sklep.skoral.com\\\/de\\\/produkt\\\/plaszcz-skorzany-damski-matrix\\\/#breadcrumb\",\"itemListElement\":[{\"@type\":\"ListItem\",\"position\":1,\"name\":\"Strona g\u0142\u00f3wna\",\"item\":\"https:\\\/\\\/sklep.skoral.com\\\/de\\\/startseite\\\/\"},{\"@type\":\"ListItem\",\"position\":2,\"name\":\"Shop\",\"item\":\"https:\\\/\\\/sklep.skoral.com\\\/de\\\/shop\\\/\"},{\"@type\":\"ListItem\",\"position\":3,\"name\":\"P\u0142aszcz sk\u00f3rzany damski &#8211; Matrix\"}]},{\"@type\":\"WebSite\",\"@id\":\"https:\\\/\\\/sklep.skoral.com\\\/de\\\/#website\",\"url\":\"https:\\\/\\\/sklep.skoral.com\\\/de\\\/\",\"name\":\"Pracownia Sk\u00f3ral\",\"description\":\"Sklep z odzie\u017c\u0105\u00a0sk\u00f3rzan\u0105 i akcesoriami ze sk\u00f3ry naturalnej\",\"publisher\":{\"@id\":\"https:\\\/\\\/sklep.skoral.com\\\/de\\\/#organization\"},\"potentialAction\":[{\"@type\":\"SearchAction\",\"target\":{\"@type\":\"EntryPoint\",\"urlTemplate\":\"https:\\\/\\\/sklep.skoral.com\\\/de\\\/?s={search_term_string}\"},\"query-input\":{\"@type\":\"PropertyValueSpecification\",\"valueRequired\":true,\"valueName\":\"search_term_string\"}}],\"inLanguage\":\"de\"},{\"@type\":\"Organization\",\"@id\":\"https:\\\/\\\/sklep.skoral.com\\\/de\\\/#organization\",\"name\":\"Sk\u00f3ral - Pracownia odzie\u017cy i akcesori\u00f3w sk\u00f3rzanych\",\"url\":\"https:\\\/\\\/sklep.skoral.com\\\/de\\\/\",\"logo\":{\"@type\":\"ImageObject\",\"inLanguage\":\"de\",\"@id\":\"https:\\\/\\\/sklep.skoral.com\\\/de\\\/#\\\/schema\\\/logo\\\/image\\\/\",\"url\":\"https:\\\/\\\/sklep.skoral.com\\\/wp-content\\\/uploads\\\/2020\\\/09\\\/cropped-logo-duze.png\",\"contentUrl\":\"https:\\\/\\\/sklep.skoral.com\\\/wp-content\\\/uploads\\\/2020\\\/09\\\/cropped-logo-duze.png\",\"width\":1200,\"height\":293,\"caption\":\"Sk\u00f3ral - Pracownia odzie\u017cy i akcesori\u00f3w sk\u00f3rzanych\"},\"image\":{\"@id\":\"https:\\\/\\\/sklep.skoral.com\\\/de\\\/#\\\/schema\\\/logo\\\/image\\\/\"},\"sameAs\":[\"https:\\\/\\\/www.facebook.com\\\/SkoralNaturalLeather\",\"https:\\\/\\\/www.instagram.com\\\/skoraldesign\\\/\",\"https:\\\/\\\/www.youtube.com\\\/channel\\\/UCijmecsRU9TpML5jIEBsWTw\"]}]}<\/script>\n<!-- \/ Yoast SEO plugin. -->","yoast_head_json":{"title":"P\u0142aszcz sk\u00f3rzany damski - Matrix - Pracownia Sk\u00f3ral - Sklep internetowy","description":"Czarny d\u0142ugi p\u0142aszcz damski typu Matrix - uszyty z wysokiej jako\u015bci sk\u00f3ry licowej. P\u0142aszcz, kt\u00f3ry nosi\u0142a sama Trinity. Okazja!","robots":{"index":"index","follow":"follow","max-snippet":"max-snippet:-1","max-image-preview":"max-image-preview:large","max-video-preview":"max-video-preview:-1"},"canonical":"https:\/\/sklep.skoral.com\/de\/produkt\/plaszcz-skorzany-damski-matrix\/","og_locale":"de_DE","og_type":"article","og_title":"P\u0142aszcz sk\u00f3rzany damski - Matrix - Pracownia Sk\u00f3ral - Sklep internetowy","og_description":"Czarny d\u0142ugi p\u0142aszcz damski typu Matrix - uszyty z wysokiej jako\u015bci sk\u00f3ry licowej. P\u0142aszcz, kt\u00f3ry nosi\u0142a sama Trinity. Okazja!","og_url":"https:\/\/sklep.skoral.com\/de\/produkt\/plaszcz-skorzany-damski-matrix\/","og_site_name":"Pracownia Sk\u00f3ral","article_publisher":"https:\/\/www.facebook.com\/SkoralNaturalLeather","article_modified_time":"2025-10-27T13:26:38+00:00","og_image":[{"width":1024,"height":1280,"url":"https:\/\/sklep.skoral.com\/wp-content\/uploads\/2021\/01\/plaszcz-skorzany-damski-matrix.jpg","type":"image\/jpeg"}],"twitter_card":"summary_large_image","twitter_misc":{"Gesch\u00e4tzte Lesezeit":"2\u00a0Minuten"},"schema":{"@context":"https:\/\/schema.org","@graph":[{"@type":["WebPage","ItemPage"],"@id":"https:\/\/sklep.skoral.com\/de\/produkt\/plaszcz-skorzany-damski-matrix\/","url":"https:\/\/sklep.skoral.com\/de\/produkt\/plaszcz-skorzany-damski-matrix\/","name":"P\u0142aszcz sk\u00f3rzany damski - Matrix - Pracownia Sk\u00f3ral - Sklep internetowy","isPartOf":{"@id":"https:\/\/sklep.skoral.com\/de\/#website"},"primaryImageOfPage":{"@id":"https:\/\/sklep.skoral.com\/de\/produkt\/plaszcz-skorzany-damski-matrix\/#primaryimage"},"image":{"@id":"https:\/\/sklep.skoral.com\/de\/produkt\/plaszcz-skorzany-damski-matrix\/#primaryimage"},"thumbnailUrl":"https:\/\/sklep.skoral.com\/wp-content\/uploads\/2021\/01\/plaszcz-skorzany-damski-matrix.jpg","datePublished":"2021-01-19T17:34:19+00:00","dateModified":"2025-10-27T13:26:38+00:00","description":"Czarny d\u0142ugi p\u0142aszcz damski typu Matrix - uszyty z wysokiej jako\u015bci sk\u00f3ry licowej. P\u0142aszcz, kt\u00f3ry nosi\u0142a sama Trinity. Okazja!","breadcrumb":{"@id":"https:\/\/sklep.skoral.com\/de\/produkt\/plaszcz-skorzany-damski-matrix\/#breadcrumb"},"inLanguage":"de","potentialAction":[{"@type":"ReadAction","target":["https:\/\/sklep.skoral.com\/de\/produkt\/plaszcz-skorzany-damski-matrix\/"]}]},{"@type":"ImageObject","inLanguage":"de","@id":"https:\/\/sklep.skoral.com\/de\/produkt\/plaszcz-skorzany-damski-matrix\/#primaryimage","url":"https:\/\/sklep.skoral.com\/wp-content\/uploads\/2021\/01\/plaszcz-skorzany-damski-matrix.jpg","contentUrl":"https:\/\/sklep.skoral.com\/wp-content\/uploads\/2021\/01\/plaszcz-skorzany-damski-matrix.jpg","width":1024,"height":1280,"caption":"P\u0142aszcz sk\u00f3rzany damski - Matrix"},{"@type":"BreadcrumbList","@id":"https:\/\/sklep.skoral.com\/de\/produkt\/plaszcz-skorzany-damski-matrix\/#breadcrumb","itemListElement":[{"@type":"ListItem","position":1,"name":"Strona g\u0142\u00f3wna","item":"https:\/\/sklep.skoral.com\/de\/startseite\/"},{"@type":"ListItem","position":2,"name":"Shop","item":"https:\/\/sklep.skoral.com\/de\/shop\/"},{"@type":"ListItem","position":3,"name":"P\u0142aszcz sk\u00f3rzany damski &#8211; Matrix"}]},{"@type":"WebSite","@id":"https:\/\/sklep.skoral.com\/de\/#website","url":"https:\/\/sklep.skoral.com\/de\/","name":"Pracownia Sk\u00f3ral","description":"Sklep z odzie\u017c\u0105\u00a0sk\u00f3rzan\u0105 i akcesoriami ze sk\u00f3ry naturalnej","publisher":{"@id":"https:\/\/sklep.skoral.com\/de\/#organization"},"potentialAction":[{"@type":"SearchAction","target":{"@type":"EntryPoint","urlTemplate":"https:\/\/sklep.skoral.com\/de\/?s={search_term_string}"},"query-input":{"@type":"PropertyValueSpecification","valueRequired":true,"valueName":"search_term_string"}}],"inLanguage":"de"},{"@type":"Organization","@id":"https:\/\/sklep.skoral.com\/de\/#organization","name":"Sk\u00f3ral - Pracownia odzie\u017cy i akcesori\u00f3w sk\u00f3rzanych","url":"https:\/\/sklep.skoral.com\/de\/","logo":{"@type":"ImageObject","inLanguage":"de","@id":"https:\/\/sklep.skoral.com\/de\/#\/schema\/logo\/image\/","url":"https:\/\/sklep.skoral.com\/wp-content\/uploads\/2020\/09\/cropped-logo-duze.png","contentUrl":"https:\/\/sklep.skoral.com\/wp-content\/uploads\/2020\/09\/cropped-logo-duze.png","width":1200,"height":293,"caption":"Sk\u00f3ral - Pracownia odzie\u017cy i akcesori\u00f3w sk\u00f3rzanych"},"image":{"@id":"https:\/\/sklep.skoral.com\/de\/#\/schema\/logo\/image\/"},"sameAs":["https:\/\/www.facebook.com\/SkoralNaturalLeather","https:\/\/www.instagram.com\/skoraldesign\/","https:\/\/www.youtube.com\/channel\/UCijmecsRU9TpML5jIEBsWTw"]}]}},"jetpack_sharing_enabled":true,"_links":{"self":[{"href":"https:\/\/sklep.skoral.com\/de\/wp-json\/wp\/v2\/product\/327","targetHints":{"allow":["GET"]}}],"collection":[{"href":"https:\/\/sklep.skoral.com\/de\/wp-json\/wp\/v2\/product"}],"about":[{"href":"https:\/\/sklep.skoral.com\/de\/wp-json\/wp\/v2\/types\/product"}],"wp:featuredmedia":[{"embeddable":true,"href":"https:\/\/sklep.skoral.com\/de\/wp-json\/wp\/v2\/media\/329"}],"wp:attachment":[{"href":"https:\/\/sklep.skoral.com\/de\/wp-json\/wp\/v2\/media?parent=327"}],"wp:term":[{"taxonomy":"product_brand","embeddable":true,"href":"https:\/\/sklep.skoral.com\/de\/wp-json\/wp\/v2\/product_brand?post=327"},{"taxonomy":"product_cat","embeddable":true,"href":"https:\/\/sklep.skoral.com\/de\/wp-json\/wp\/v2\/product_cat?post=327"},{"taxonomy":"product_tag","embeddable":true,"href":"https:\/\/sklep.skoral.com\/de\/wp-json\/wp\/v2\/product_tag?post=327"}],"curies":[{"name":"wp","href":"https:\/\/api.w.org\/{rel}","templated":true}]}}