{"id":467,"date":"2021-01-21T15:25:55","date_gmt":"2021-01-21T14:25:55","guid":{"rendered":"https:\/\/sklep.skoral.com\/?post_type=product&#038;p=467"},"modified":"2023-02-12T10:22:30","modified_gmt":"2023-02-12T09:22:30","slug":"mata-podkladka-skorzana-ciemna-zielen-oliwka","status":"publish","type":"product","link":"https:\/\/sklep.skoral.com\/de\/produkt\/mata-podkladka-skorzana-ciemna-zielen-oliwka\/","title":{"rendered":"Mata &#8211; Podk\u0142adka sk\u00f3rzana &#8211; Ciemna ziele\u0144 \/ oliwka"},"content":{"rendered":"<p>Podk\u0142adka sk\u00f3rzana o niecodziennym i bardzo eleganckim kolorze &#8211; ciemna ziele\u0144 &#8211; oliwka<strong>. <\/strong>Mata wykonana ze sk\u00f3ry naturalnej licowej typu Buffalo wyprodukowanej w Polsce.<\/p>\n<ul>\n<li>Rozmiar: <strong>od 55cm x 35cm do 100cm x 60cm<\/strong> &#8211; mo\u017cliwe uszycie maty pod dany wymiar. Prosimy o kontakt w celu indywidualnej wyceny podk\u0142adki.<\/li>\n<li>Kolor: <strong>ciemna ziele\u0144 \/ oliwka<\/strong><\/li>\n<li>Grubo\u015b\u0107 sk\u00f3ry: <strong>1.4 mm<\/strong><\/li>\n<\/ul>\n<h2>Wyko\u0144czenie podk\u0142adki sk\u00f3rzanej<\/h2>\n<p>Wyroby sk\u00f3rzane charakteryzuje oryginalno\u015b\u0107 wykonania i niepowtarzalna faktura ka\u017cdego wyrobu. Sk\u00f3ra naturalna posiada swoje naturalne cechy, jak delikatne zmarszczki. Sk\u00f3ra z kt\u00f3rej wykonana jest podk\u0142adka tworzy jednolit\u0105 powierzchnie przez zredukowanie ilo\u015bci zmarszczek.\u00a0 Podk\u0142adk\u0119 sk\u00f3rzan\u0105 mo\u017cesz dobrowolnie skonfigurowa\u0107 oraz wybra\u0107 jej wyko\u0144czenie. Dost\u0119pne wyko\u0144czenia:<\/p>\n<ul>\n<li><strong>Klapa maty<\/strong> &#8211; to zakrywaj\u0105cy brzeg biurka lub sto\u0142u element maty, kt\u00f3ry nie tylko pe\u0142ni rol\u0119 ochronn\u0105, ale r\u00f3wnie\u017c ergonomiczn\u0105. Nadgarstek\/przedrami\u0119 swobodnie opadaj\u0105ce na biurko dotykaj\u0105 mi\u0119kkiej sk\u00f3ry na kraw\u0119dzi blatu. To dodatkowy komfort podczas pracy przy biurku.<\/li>\n<li><strong>Kszta\u0142t rog\u00f3w maty<\/strong> &#8211; do wyboru mamy rogi proste oraz rogi zaokr\u0105glone. Wyb\u00f3r tego wyko\u0144czenia nie ma wp\u0142ywu ergonomi\u0119 lub sztywno\u015b\u0107 maty.<\/li>\n<li><strong>Szew\u00a0<\/strong>&#8211; to wyko\u0144czenie r\u00f3wnie\u017c nie ma wp\u0142ywu na to jak mata si\u0119 zachowuje. Do wyboru szew pojedynczy i podw\u00f3jny lub jego brak. Szew jest wykonany nici\u0105 pod kolor maty.<\/li>\n<\/ul>\n<p>Na zdj\u0119ciu widnieje podk\u0142adka sk\u00f3rzana w rozmiarze 100cm x 60 cm.<\/p>\n<h2>Dlaczego sk\u00f3ra naturalna?<\/h2>\n<p>Nasze akcesoria sk\u00f3rzane wykonane s\u0105 ze sk\u00f3ry naturalnej &#8211; z polskiej sk\u00f3ry bydl\u0119cej (nie eko-sk\u00f3ry czy innych wyrob\u00f3w sk\u00f3ro podobnych).<br \/>\nSk\u00f3ra naturalna jest hipoalergiczna i posiada bardzo przydatn\u0105 funkcj\u0119 &#8211; wch\u0142ania i oddaje wilgo\u0107, co podwy\u017csza komfort przy codziennej, wielogodzinnej pracy.<\/p>\n<p>Ponadto, sk\u00f3ra naturalna jest bardzo przyjemna w dotyku. Ka\u017cda mata, podk\u0142adka ma delikatnie inn\u0105 tekstur\u0119. Ilo\u015b\u0107 zmarszczek oraz jest zminimalizowana co daje jednolit\u0105 powierzchnie robocz\u0105.<\/p>\n<p>Sk\u00f3rzana mata ma r\u00f3wnie\u017c w\u0142a\u015bciwo\u015bci ochronne. Jest odporna na przetarcia i jest bardzo wytrzyma\u0142a.<\/p>\n<p>Nadaje pomieszczeniu elegancji i stylu.<\/p>\n","protected":false},"excerpt":{"rendered":"<p>Ciemnozielona podk\u0142adka sk\u00f3rzana na biurko, wykonana r\u0119cznie, z wysoko gatunkowej sk\u00f3ry bydl\u0119cej, licowej. Do wyboru r\u00f3\u017cne wielko\u015bci i sposoby wyko\u0144czenia maty.<\/p>\n","protected":false},"featured_media":482,"template":"","meta":{"_monsterinsights_skip_tracking":false,"_monsterinsights_sitenote_active":false,"_monsterinsights_sitenote_note":"","_monsterinsights_sitenote_category":0},"product_brand":[],"product_cat":[28],"product_tag":[69],"class_list":{"0":"post-467","1":"product","2":"type-product","3":"status-publish","4":"has-post-thumbnail","6":"product_cat-podkladki-skorzane","7":"product_tag-akcesoria-do-biura","9":"first","10":"instock","11":"taxable","12":"shipping-taxable","13":"purchasable","14":"product-type-variable","15":"has-default-attributes"},"yoast_head":"<!-- This site is optimized with the Yoast SEO plugin v27.6 - https:\/\/yoast.com\/product\/yoast-seo-wordpress\/ -->\n<title>Mata - Podk\u0142adka sk\u00f3rzana - Ciemna ziele\u0144 \/ oliwka - Pracownia Sk\u00f3ral<\/title>\n<meta name=\"description\" content=\"Nietuzinkowy kolor ciemnozielony oddaje w pe\u0142ni elegancje tej podk\u0142adki sk\u00f3rzanej. Podkre\u015bli wyj\u0105tkowy styl Twojego biura.\" \/>\n<meta name=\"robots\" content=\"index, follow, max-snippet:-1, max-image-preview:large, max-video-preview:-1\" \/>\n<link rel=\"canonical\" href=\"https:\/\/sklep.skoral.com\/de\/produkt\/mata-podkladka-skorzana-ciemna-zielen-oliwka\/\" \/>\n<meta property=\"og:locale\" content=\"de_DE\" \/>\n<meta property=\"og:type\" content=\"article\" \/>\n<meta property=\"og:title\" content=\"Mata - Podk\u0142adka sk\u00f3rzana - Ciemna ziele\u0144 \/ oliwka - Pracownia Sk\u00f3ral\" \/>\n<meta property=\"og:description\" content=\"Nietuzinkowy kolor ciemnozielony oddaje w pe\u0142ni elegancje tej podk\u0142adki sk\u00f3rzanej. Podkre\u015bli wyj\u0105tkowy styl Twojego biura.\" \/>\n<meta property=\"og:url\" content=\"https:\/\/sklep.skoral.com\/de\/produkt\/mata-podkladka-skorzana-ciemna-zielen-oliwka\/\" \/>\n<meta property=\"og:site_name\" content=\"Pracownia Sk\u00f3ral\" \/>\n<meta property=\"article:publisher\" content=\"https:\/\/www.facebook.com\/SkoralNaturalLeather\" \/>\n<meta property=\"article:modified_time\" content=\"2023-02-12T09:22:30+00:00\" \/>\n<meta property=\"og:image\" content=\"https:\/\/sklep.skoral.com\/wp-content\/uploads\/2021\/01\/zielona-podkladka-skorzana-przyblizenie.jpg\" \/>\n\t<meta property=\"og:image:width\" content=\"2560\" \/>\n\t<meta property=\"og:image:height\" content=\"1794\" \/>\n\t<meta property=\"og:image:type\" content=\"image\/jpeg\" \/>\n<meta name=\"twitter:card\" content=\"summary_large_image\" \/>\n<meta name=\"twitter:label1\" content=\"Gesch\u00e4tzte Lesezeit\" \/>\n\t<meta name=\"twitter:data1\" content=\"2\u00a0Minuten\" \/>\n<script type=\"application\/ld+json\" class=\"yoast-schema-graph\">{\"@context\":\"https:\\\/\\\/schema.org\",\"@graph\":[{\"@type\":[\"WebPage\",\"ItemPage\"],\"@id\":\"https:\\\/\\\/sklep.skoral.com\\\/de\\\/produkt\\\/mata-podkladka-skorzana-ciemna-zielen-oliwka\\\/\",\"url\":\"https:\\\/\\\/sklep.skoral.com\\\/de\\\/produkt\\\/mata-podkladka-skorzana-ciemna-zielen-oliwka\\\/\",\"name\":\"Mata - Podk\u0142adka sk\u00f3rzana - Ciemna ziele\u0144 \\\/ oliwka - Pracownia Sk\u00f3ral\",\"isPartOf\":{\"@id\":\"https:\\\/\\\/sklep.skoral.com\\\/de\\\/#website\"},\"primaryImageOfPage\":{\"@id\":\"https:\\\/\\\/sklep.skoral.com\\\/de\\\/produkt\\\/mata-podkladka-skorzana-ciemna-zielen-oliwka\\\/#primaryimage\"},\"image\":{\"@id\":\"https:\\\/\\\/sklep.skoral.com\\\/de\\\/produkt\\\/mata-podkladka-skorzana-ciemna-zielen-oliwka\\\/#primaryimage\"},\"thumbnailUrl\":\"https:\\\/\\\/sklep.skoral.com\\\/wp-content\\\/uploads\\\/2021\\\/01\\\/zielona-podkladka-skorzana-przyblizenie.jpg\",\"datePublished\":\"2021-01-21T14:25:55+00:00\",\"dateModified\":\"2023-02-12T09:22:30+00:00\",\"description\":\"Nietuzinkowy kolor ciemnozielony oddaje w pe\u0142ni elegancje tej podk\u0142adki sk\u00f3rzanej. Podkre\u015bli wyj\u0105tkowy styl Twojego biura.\",\"breadcrumb\":{\"@id\":\"https:\\\/\\\/sklep.skoral.com\\\/de\\\/produkt\\\/mata-podkladka-skorzana-ciemna-zielen-oliwka\\\/#breadcrumb\"},\"inLanguage\":\"de\",\"potentialAction\":[{\"@type\":\"ReadAction\",\"target\":[\"https:\\\/\\\/sklep.skoral.com\\\/de\\\/produkt\\\/mata-podkladka-skorzana-ciemna-zielen-oliwka\\\/\"]}]},{\"@type\":\"ImageObject\",\"inLanguage\":\"de\",\"@id\":\"https:\\\/\\\/sklep.skoral.com\\\/de\\\/produkt\\\/mata-podkladka-skorzana-ciemna-zielen-oliwka\\\/#primaryimage\",\"url\":\"https:\\\/\\\/sklep.skoral.com\\\/wp-content\\\/uploads\\\/2021\\\/01\\\/zielona-podkladka-skorzana-przyblizenie.jpg\",\"contentUrl\":\"https:\\\/\\\/sklep.skoral.com\\\/wp-content\\\/uploads\\\/2021\\\/01\\\/zielona-podkladka-skorzana-przyblizenie.jpg\",\"width\":2560,\"height\":1794,\"caption\":\"Zielona podk\u0142adka sk\u00f3rzana przybli\u017cenie\"},{\"@type\":\"BreadcrumbList\",\"@id\":\"https:\\\/\\\/sklep.skoral.com\\\/de\\\/produkt\\\/mata-podkladka-skorzana-ciemna-zielen-oliwka\\\/#breadcrumb\",\"itemListElement\":[{\"@type\":\"ListItem\",\"position\":1,\"name\":\"Strona g\u0142\u00f3wna\",\"item\":\"https:\\\/\\\/sklep.skoral.com\\\/de\\\/startseite\\\/\"},{\"@type\":\"ListItem\",\"position\":2,\"name\":\"Shop\",\"item\":\"https:\\\/\\\/sklep.skoral.com\\\/de\\\/shop\\\/\"},{\"@type\":\"ListItem\",\"position\":3,\"name\":\"Mata &#8211; Podk\u0142adka sk\u00f3rzana &#8211; Ciemna ziele\u0144 \\\/ oliwka\"}]},{\"@type\":\"WebSite\",\"@id\":\"https:\\\/\\\/sklep.skoral.com\\\/de\\\/#website\",\"url\":\"https:\\\/\\\/sklep.skoral.com\\\/de\\\/\",\"name\":\"Pracownia Sk\u00f3ral\",\"description\":\"Sklep z odzie\u017c\u0105\u00a0sk\u00f3rzan\u0105 i akcesoriami ze sk\u00f3ry naturalnej\",\"publisher\":{\"@id\":\"https:\\\/\\\/sklep.skoral.com\\\/de\\\/#organization\"},\"potentialAction\":[{\"@type\":\"SearchAction\",\"target\":{\"@type\":\"EntryPoint\",\"urlTemplate\":\"https:\\\/\\\/sklep.skoral.com\\\/de\\\/?s={search_term_string}\"},\"query-input\":{\"@type\":\"PropertyValueSpecification\",\"valueRequired\":true,\"valueName\":\"search_term_string\"}}],\"inLanguage\":\"de\"},{\"@type\":\"Organization\",\"@id\":\"https:\\\/\\\/sklep.skoral.com\\\/de\\\/#organization\",\"name\":\"Sk\u00f3ral - Pracownia odzie\u017cy i akcesori\u00f3w sk\u00f3rzanych\",\"url\":\"https:\\\/\\\/sklep.skoral.com\\\/de\\\/\",\"logo\":{\"@type\":\"ImageObject\",\"inLanguage\":\"de\",\"@id\":\"https:\\\/\\\/sklep.skoral.com\\\/de\\\/#\\\/schema\\\/logo\\\/image\\\/\",\"url\":\"https:\\\/\\\/sklep.skoral.com\\\/wp-content\\\/uploads\\\/2020\\\/09\\\/cropped-logo-duze.png\",\"contentUrl\":\"https:\\\/\\\/sklep.skoral.com\\\/wp-content\\\/uploads\\\/2020\\\/09\\\/cropped-logo-duze.png\",\"width\":1200,\"height\":293,\"caption\":\"Sk\u00f3ral - Pracownia odzie\u017cy i akcesori\u00f3w sk\u00f3rzanych\"},\"image\":{\"@id\":\"https:\\\/\\\/sklep.skoral.com\\\/de\\\/#\\\/schema\\\/logo\\\/image\\\/\"},\"sameAs\":[\"https:\\\/\\\/www.facebook.com\\\/SkoralNaturalLeather\",\"https:\\\/\\\/www.instagram.com\\\/skoraldesign\\\/\",\"https:\\\/\\\/www.youtube.com\\\/channel\\\/UCijmecsRU9TpML5jIEBsWTw\"]}]}<\/script>\n<!-- \/ Yoast SEO plugin. -->","yoast_head_json":{"title":"Mata - Podk\u0142adka sk\u00f3rzana - Ciemna ziele\u0144 \/ oliwka - Pracownia Sk\u00f3ral","description":"Nietuzinkowy kolor ciemnozielony oddaje w pe\u0142ni elegancje tej podk\u0142adki sk\u00f3rzanej. Podkre\u015bli wyj\u0105tkowy styl Twojego biura.","robots":{"index":"index","follow":"follow","max-snippet":"max-snippet:-1","max-image-preview":"max-image-preview:large","max-video-preview":"max-video-preview:-1"},"canonical":"https:\/\/sklep.skoral.com\/de\/produkt\/mata-podkladka-skorzana-ciemna-zielen-oliwka\/","og_locale":"de_DE","og_type":"article","og_title":"Mata - Podk\u0142adka sk\u00f3rzana - Ciemna ziele\u0144 \/ oliwka - Pracownia Sk\u00f3ral","og_description":"Nietuzinkowy kolor ciemnozielony oddaje w pe\u0142ni elegancje tej podk\u0142adki sk\u00f3rzanej. Podkre\u015bli wyj\u0105tkowy styl Twojego biura.","og_url":"https:\/\/sklep.skoral.com\/de\/produkt\/mata-podkladka-skorzana-ciemna-zielen-oliwka\/","og_site_name":"Pracownia Sk\u00f3ral","article_publisher":"https:\/\/www.facebook.com\/SkoralNaturalLeather","article_modified_time":"2023-02-12T09:22:30+00:00","og_image":[{"width":2560,"height":1794,"url":"https:\/\/sklep.skoral.com\/wp-content\/uploads\/2021\/01\/zielona-podkladka-skorzana-przyblizenie.jpg","type":"image\/jpeg"}],"twitter_card":"summary_large_image","twitter_misc":{"Gesch\u00e4tzte Lesezeit":"2\u00a0Minuten"},"schema":{"@context":"https:\/\/schema.org","@graph":[{"@type":["WebPage","ItemPage"],"@id":"https:\/\/sklep.skoral.com\/de\/produkt\/mata-podkladka-skorzana-ciemna-zielen-oliwka\/","url":"https:\/\/sklep.skoral.com\/de\/produkt\/mata-podkladka-skorzana-ciemna-zielen-oliwka\/","name":"Mata - Podk\u0142adka sk\u00f3rzana - Ciemna ziele\u0144 \/ oliwka - Pracownia Sk\u00f3ral","isPartOf":{"@id":"https:\/\/sklep.skoral.com\/de\/#website"},"primaryImageOfPage":{"@id":"https:\/\/sklep.skoral.com\/de\/produkt\/mata-podkladka-skorzana-ciemna-zielen-oliwka\/#primaryimage"},"image":{"@id":"https:\/\/sklep.skoral.com\/de\/produkt\/mata-podkladka-skorzana-ciemna-zielen-oliwka\/#primaryimage"},"thumbnailUrl":"https:\/\/sklep.skoral.com\/wp-content\/uploads\/2021\/01\/zielona-podkladka-skorzana-przyblizenie.jpg","datePublished":"2021-01-21T14:25:55+00:00","dateModified":"2023-02-12T09:22:30+00:00","description":"Nietuzinkowy kolor ciemnozielony oddaje w pe\u0142ni elegancje tej podk\u0142adki sk\u00f3rzanej. Podkre\u015bli wyj\u0105tkowy styl Twojego biura.","breadcrumb":{"@id":"https:\/\/sklep.skoral.com\/de\/produkt\/mata-podkladka-skorzana-ciemna-zielen-oliwka\/#breadcrumb"},"inLanguage":"de","potentialAction":[{"@type":"ReadAction","target":["https:\/\/sklep.skoral.com\/de\/produkt\/mata-podkladka-skorzana-ciemna-zielen-oliwka\/"]}]},{"@type":"ImageObject","inLanguage":"de","@id":"https:\/\/sklep.skoral.com\/de\/produkt\/mata-podkladka-skorzana-ciemna-zielen-oliwka\/#primaryimage","url":"https:\/\/sklep.skoral.com\/wp-content\/uploads\/2021\/01\/zielona-podkladka-skorzana-przyblizenie.jpg","contentUrl":"https:\/\/sklep.skoral.com\/wp-content\/uploads\/2021\/01\/zielona-podkladka-skorzana-przyblizenie.jpg","width":2560,"height":1794,"caption":"Zielona podk\u0142adka sk\u00f3rzana przybli\u017cenie"},{"@type":"BreadcrumbList","@id":"https:\/\/sklep.skoral.com\/de\/produkt\/mata-podkladka-skorzana-ciemna-zielen-oliwka\/#breadcrumb","itemListElement":[{"@type":"ListItem","position":1,"name":"Strona g\u0142\u00f3wna","item":"https:\/\/sklep.skoral.com\/de\/startseite\/"},{"@type":"ListItem","position":2,"name":"Shop","item":"https:\/\/sklep.skoral.com\/de\/shop\/"},{"@type":"ListItem","position":3,"name":"Mata &#8211; Podk\u0142adka sk\u00f3rzana &#8211; Ciemna ziele\u0144 \/ oliwka"}]},{"@type":"WebSite","@id":"https:\/\/sklep.skoral.com\/de\/#website","url":"https:\/\/sklep.skoral.com\/de\/","name":"Pracownia Sk\u00f3ral","description":"Sklep z odzie\u017c\u0105\u00a0sk\u00f3rzan\u0105 i akcesoriami ze sk\u00f3ry naturalnej","publisher":{"@id":"https:\/\/sklep.skoral.com\/de\/#organization"},"potentialAction":[{"@type":"SearchAction","target":{"@type":"EntryPoint","urlTemplate":"https:\/\/sklep.skoral.com\/de\/?s={search_term_string}"},"query-input":{"@type":"PropertyValueSpecification","valueRequired":true,"valueName":"search_term_string"}}],"inLanguage":"de"},{"@type":"Organization","@id":"https:\/\/sklep.skoral.com\/de\/#organization","name":"Sk\u00f3ral - Pracownia odzie\u017cy i akcesori\u00f3w sk\u00f3rzanych","url":"https:\/\/sklep.skoral.com\/de\/","logo":{"@type":"ImageObject","inLanguage":"de","@id":"https:\/\/sklep.skoral.com\/de\/#\/schema\/logo\/image\/","url":"https:\/\/sklep.skoral.com\/wp-content\/uploads\/2020\/09\/cropped-logo-duze.png","contentUrl":"https:\/\/sklep.skoral.com\/wp-content\/uploads\/2020\/09\/cropped-logo-duze.png","width":1200,"height":293,"caption":"Sk\u00f3ral - Pracownia odzie\u017cy i akcesori\u00f3w sk\u00f3rzanych"},"image":{"@id":"https:\/\/sklep.skoral.com\/de\/#\/schema\/logo\/image\/"},"sameAs":["https:\/\/www.facebook.com\/SkoralNaturalLeather","https:\/\/www.instagram.com\/skoraldesign\/","https:\/\/www.youtube.com\/channel\/UCijmecsRU9TpML5jIEBsWTw"]}]}},"jetpack_sharing_enabled":true,"_links":{"self":[{"href":"https:\/\/sklep.skoral.com\/de\/wp-json\/wp\/v2\/product\/467","targetHints":{"allow":["GET"]}}],"collection":[{"href":"https:\/\/sklep.skoral.com\/de\/wp-json\/wp\/v2\/product"}],"about":[{"href":"https:\/\/sklep.skoral.com\/de\/wp-json\/wp\/v2\/types\/product"}],"wp:featuredmedia":[{"embeddable":true,"href":"https:\/\/sklep.skoral.com\/de\/wp-json\/wp\/v2\/media\/482"}],"wp:attachment":[{"href":"https:\/\/sklep.skoral.com\/de\/wp-json\/wp\/v2\/media?parent=467"}],"wp:term":[{"taxonomy":"product_brand","embeddable":true,"href":"https:\/\/sklep.skoral.com\/de\/wp-json\/wp\/v2\/product_brand?post=467"},{"taxonomy":"product_cat","embeddable":true,"href":"https:\/\/sklep.skoral.com\/de\/wp-json\/wp\/v2\/product_cat?post=467"},{"taxonomy":"product_tag","embeddable":true,"href":"https:\/\/sklep.skoral.com\/de\/wp-json\/wp\/v2\/product_tag?post=467"}],"curies":[{"name":"wp","href":"https:\/\/api.w.org\/{rel}","templated":true}]}}