{"id":613,"date":"2021-01-26T20:20:31","date_gmt":"2021-01-26T19:20:31","guid":{"rendered":"https:\/\/sklep.skoral.com\/?post_type=product&#038;p=613"},"modified":"2024-08-14T12:12:58","modified_gmt":"2024-08-14T10:12:58","slug":"ramoneska-skorzana-meska-rider-ii-czarna","status":"publish","type":"product","link":"https:\/\/sklep.skoral.com\/de\/produkt\/ramoneska-skorzana-meska-rider-ii-czarna\/","title":{"rendered":"Ramoneska sk\u00f3rzana m\u0119ska, czarna &#8211; Rider II"},"content":{"rendered":"<p><span style=\"font-weight: 400;\"><strong>Sk\u00f3rzana m\u0119ska ramoneska<\/strong> Rider II w kolorze czarnym to absolutny klasyk, kt\u00f3ry zachwyci wszystkich zmotoryzowanych m\u0119\u017cczyzn. Wykonana zosta\u0142a z niezwykle wytrzyma\u0142ej sk\u00f3ry bydl\u0119cej Newada o grubo\u015bci 1-1,1 mm, odpornej na zarysowania, brud czy deszcz. Kurtka sk\u00f3rzana Rider II ma klasyczny kr\u00f3j <strong>rockowej ramoneski<\/strong>. Posiada sko\u015bny zamek w srebrnym kolorze oraz wywijane klapy wyko\u0144czone napami. Rider II uszyto na oddychaj\u0105cej wiskozowej podszewce, kt\u00f3ra dodatkowo podnosi komfort u\u017cytkowania.\u00a0<\/span><\/p>\n<p><span style=\"font-weight: 400;\">Kurtka posiada pikowany pas, z przodu regulowany metalow\u0105 sprz\u0105czk\u0105, kt\u00f3ry pozwala na jak najlepsze dopasowanie kurtki do cia\u0142a. M\u0119ska ramoneska marki Sk\u00f3ral posiada 5 kieszeni: dwie, zapinane na suwaki, kieszenie zewn\u0119trzne oraz dwie kieszenie wewn\u0119trzne.\u00a0<\/span><\/p>\n<p><span style=\"font-weight: 400;\">Ramiona zosta\u0142y wzmocnione dodatkowymi przeszyciami i patkami.<\/span><\/p>\n<p><span style=\"font-weight: 400;\">Rider II to ponadczasowy, wielosezonowy model, kt\u00f3ry nigdy nie wychodzi z mody. Solidne szwy i u\u017cycie niemal niezniszczalnej bydl\u0119cej sk\u00f3ry Newada sprawiaj\u0105, \u017ce m\u0119ska sk\u00f3rzana ramoneska Rider II to inwestycja na lata.\u00a0<\/span><\/p>\n<p><span style=\"font-weight: 400;\">Rider II przypadnie do gustu wszystkim m\u0119\u017cczyznom poszukuj\u0105cym funkcjonalnej odzie\u017cy motocyklowej i ceni\u0105cym najwy\u017csz\u0105 jako\u015b\u0107 wykonania.\u00a0<\/span><\/p>\n<h2>Ramoneska sk\u00f3rzana na wymiar<\/h2>\n<p><span style=\"font-weight: 400;\">M\u0119ska kurtka motocyklowa Rider II zosta\u0142a uszyta r\u0119cznie w pracowni krawieckiej w Krakowie. Potrzebujesz kurtki w konkretnym kolorze i rozmiarze? Na \u017cyczenie naszych klient\u00f3w oferujemy pe\u0142n\u0105 personalizacj\u0119 naszych modeli. W tym celu skontaktuj si\u0119 z nami pod numerem +48 12 423 12 20.<\/span><\/p>\n","protected":false},"excerpt":{"rendered":"<p>Ramoneska sk\u00f3rzana m\u0119ska typu Rider<\/p>\n","protected":false},"featured_media":256,"template":"","meta":{"_monsterinsights_skip_tracking":false,"_monsterinsights_sitenote_active":false,"_monsterinsights_sitenote_note":"","_monsterinsights_sitenote_category":0},"product_brand":[],"product_cat":[89,33],"product_tag":[25,40,24],"class_list":{"0":"post-613","1":"product","2":"type-product","3":"status-publish","4":"has-post-thumbnail","6":"product_cat-ramoneski-skorzane-meskie","7":"product_cat-kurtki-skorzane-meskie","8":"product_tag-kurtka-skorzana","9":"product_tag-na-motor","10":"product_tag-ramoneska","12":"first","13":"instock","14":"taxable","15":"shipping-taxable","16":"purchasable","17":"product-type-variable"},"yoast_head":"<!-- This site is optimized with the Yoast SEO plugin v27.6 - https:\/\/yoast.com\/product\/yoast-seo-wordpress\/ -->\n<title>Ramoneska sk\u00f3rzana m\u0119ska, czarna - Rider II - Pracownia Sk\u00f3ral<\/title>\n<meta name=\"description\" content=\"O to czarna ramoneska sk\u00f3rzana m\u0119ska, w ca\u0142o\u015bci wykonana ze sk\u00f3ry naturalnej typu Newada. Kurtka dost\u0119pna w r\u00f3\u017cnych rozmiarach.\" \/>\n<meta name=\"robots\" content=\"index, follow, max-snippet:-1, max-image-preview:large, max-video-preview:-1\" \/>\n<link rel=\"canonical\" href=\"https:\/\/sklep.skoral.com\/de\/produkt\/ramoneska-skorzana-meska-rider-ii-czarna\/\" \/>\n<meta property=\"og:locale\" content=\"de_DE\" \/>\n<meta property=\"og:type\" content=\"article\" \/>\n<meta property=\"og:title\" content=\"Ramoneska sk\u00f3rzana m\u0119ska, czarna - Rider II - Pracownia Sk\u00f3ral\" \/>\n<meta property=\"og:description\" content=\"O to czarna ramoneska sk\u00f3rzana m\u0119ska, w ca\u0142o\u015bci wykonana ze sk\u00f3ry naturalnej typu Newada. Kurtka dost\u0119pna w r\u00f3\u017cnych rozmiarach.\" \/>\n<meta property=\"og:url\" content=\"https:\/\/sklep.skoral.com\/de\/produkt\/ramoneska-skorzana-meska-rider-ii-czarna\/\" \/>\n<meta property=\"og:site_name\" content=\"Pracownia Sk\u00f3ral\" \/>\n<meta property=\"article:publisher\" content=\"https:\/\/www.facebook.com\/SkoralNaturalLeather\" \/>\n<meta property=\"article:modified_time\" content=\"2024-08-14T10:12:58+00:00\" \/>\n<meta property=\"og:image\" content=\"https:\/\/sklep.skoral.com\/wp-content\/uploads\/2021\/01\/ramoneska-skorzana-meska-rider.jpg\" \/>\n\t<meta property=\"og:image:width\" content=\"1024\" \/>\n\t<meta property=\"og:image:height\" content=\"1280\" \/>\n\t<meta property=\"og:image:type\" content=\"image\/jpeg\" \/>\n<meta name=\"twitter:card\" content=\"summary_large_image\" \/>\n<meta name=\"twitter:label1\" content=\"Gesch\u00e4tzte Lesezeit\" \/>\n\t<meta name=\"twitter:data1\" content=\"1\u00a0Minute\" \/>\n<script type=\"application\/ld+json\" class=\"yoast-schema-graph\">{\"@context\":\"https:\\\/\\\/schema.org\",\"@graph\":[{\"@type\":[\"WebPage\",\"ItemPage\"],\"@id\":\"https:\\\/\\\/sklep.skoral.com\\\/de\\\/produkt\\\/ramoneska-skorzana-meska-rider-ii-czarna\\\/\",\"url\":\"https:\\\/\\\/sklep.skoral.com\\\/de\\\/produkt\\\/ramoneska-skorzana-meska-rider-ii-czarna\\\/\",\"name\":\"Ramoneska sk\u00f3rzana m\u0119ska, czarna - Rider II - Pracownia Sk\u00f3ral\",\"isPartOf\":{\"@id\":\"https:\\\/\\\/sklep.skoral.com\\\/de\\\/#website\"},\"primaryImageOfPage\":{\"@id\":\"https:\\\/\\\/sklep.skoral.com\\\/de\\\/produkt\\\/ramoneska-skorzana-meska-rider-ii-czarna\\\/#primaryimage\"},\"image\":{\"@id\":\"https:\\\/\\\/sklep.skoral.com\\\/de\\\/produkt\\\/ramoneska-skorzana-meska-rider-ii-czarna\\\/#primaryimage\"},\"thumbnailUrl\":\"https:\\\/\\\/sklep.skoral.com\\\/wp-content\\\/uploads\\\/2021\\\/01\\\/ramoneska-skorzana-meska-rider.jpg\",\"datePublished\":\"2021-01-26T19:20:31+00:00\",\"dateModified\":\"2024-08-14T10:12:58+00:00\",\"description\":\"O to czarna ramoneska sk\u00f3rzana m\u0119ska, w ca\u0142o\u015bci wykonana ze sk\u00f3ry naturalnej typu Newada. Kurtka dost\u0119pna w r\u00f3\u017cnych rozmiarach.\",\"breadcrumb\":{\"@id\":\"https:\\\/\\\/sklep.skoral.com\\\/de\\\/produkt\\\/ramoneska-skorzana-meska-rider-ii-czarna\\\/#breadcrumb\"},\"inLanguage\":\"de\",\"potentialAction\":[{\"@type\":\"ReadAction\",\"target\":[\"https:\\\/\\\/sklep.skoral.com\\\/de\\\/produkt\\\/ramoneska-skorzana-meska-rider-ii-czarna\\\/\"]}]},{\"@type\":\"ImageObject\",\"inLanguage\":\"de\",\"@id\":\"https:\\\/\\\/sklep.skoral.com\\\/de\\\/produkt\\\/ramoneska-skorzana-meska-rider-ii-czarna\\\/#primaryimage\",\"url\":\"https:\\\/\\\/sklep.skoral.com\\\/wp-content\\\/uploads\\\/2021\\\/01\\\/ramoneska-skorzana-meska-rider.jpg\",\"contentUrl\":\"https:\\\/\\\/sklep.skoral.com\\\/wp-content\\\/uploads\\\/2021\\\/01\\\/ramoneska-skorzana-meska-rider.jpg\",\"width\":1024,\"height\":1280,\"caption\":\"Ramoneska sk\u00f3rzana m\u0119ska - Rider\"},{\"@type\":\"BreadcrumbList\",\"@id\":\"https:\\\/\\\/sklep.skoral.com\\\/de\\\/produkt\\\/ramoneska-skorzana-meska-rider-ii-czarna\\\/#breadcrumb\",\"itemListElement\":[{\"@type\":\"ListItem\",\"position\":1,\"name\":\"Strona g\u0142\u00f3wna\",\"item\":\"https:\\\/\\\/sklep.skoral.com\\\/de\\\/startseite\\\/\"},{\"@type\":\"ListItem\",\"position\":2,\"name\":\"Shop\",\"item\":\"https:\\\/\\\/sklep.skoral.com\\\/de\\\/shop\\\/\"},{\"@type\":\"ListItem\",\"position\":3,\"name\":\"Ramoneska sk\u00f3rzana m\u0119ska, czarna &#8211; Rider II\"}]},{\"@type\":\"WebSite\",\"@id\":\"https:\\\/\\\/sklep.skoral.com\\\/de\\\/#website\",\"url\":\"https:\\\/\\\/sklep.skoral.com\\\/de\\\/\",\"name\":\"Pracownia Sk\u00f3ral\",\"description\":\"Sklep z odzie\u017c\u0105\u00a0sk\u00f3rzan\u0105 i akcesoriami ze sk\u00f3ry naturalnej\",\"publisher\":{\"@id\":\"https:\\\/\\\/sklep.skoral.com\\\/de\\\/#organization\"},\"potentialAction\":[{\"@type\":\"SearchAction\",\"target\":{\"@type\":\"EntryPoint\",\"urlTemplate\":\"https:\\\/\\\/sklep.skoral.com\\\/de\\\/?s={search_term_string}\"},\"query-input\":{\"@type\":\"PropertyValueSpecification\",\"valueRequired\":true,\"valueName\":\"search_term_string\"}}],\"inLanguage\":\"de\"},{\"@type\":\"Organization\",\"@id\":\"https:\\\/\\\/sklep.skoral.com\\\/de\\\/#organization\",\"name\":\"Sk\u00f3ral - Pracownia odzie\u017cy i akcesori\u00f3w sk\u00f3rzanych\",\"url\":\"https:\\\/\\\/sklep.skoral.com\\\/de\\\/\",\"logo\":{\"@type\":\"ImageObject\",\"inLanguage\":\"de\",\"@id\":\"https:\\\/\\\/sklep.skoral.com\\\/de\\\/#\\\/schema\\\/logo\\\/image\\\/\",\"url\":\"https:\\\/\\\/sklep.skoral.com\\\/wp-content\\\/uploads\\\/2020\\\/09\\\/cropped-logo-duze.png\",\"contentUrl\":\"https:\\\/\\\/sklep.skoral.com\\\/wp-content\\\/uploads\\\/2020\\\/09\\\/cropped-logo-duze.png\",\"width\":1200,\"height\":293,\"caption\":\"Sk\u00f3ral - Pracownia odzie\u017cy i akcesori\u00f3w sk\u00f3rzanych\"},\"image\":{\"@id\":\"https:\\\/\\\/sklep.skoral.com\\\/de\\\/#\\\/schema\\\/logo\\\/image\\\/\"},\"sameAs\":[\"https:\\\/\\\/www.facebook.com\\\/SkoralNaturalLeather\",\"https:\\\/\\\/www.instagram.com\\\/skoraldesign\\\/\",\"https:\\\/\\\/www.youtube.com\\\/channel\\\/UCijmecsRU9TpML5jIEBsWTw\"]}]}<\/script>\n<!-- \/ Yoast SEO plugin. -->","yoast_head_json":{"title":"Ramoneska sk\u00f3rzana m\u0119ska, czarna - Rider II - Pracownia Sk\u00f3ral","description":"O to czarna ramoneska sk\u00f3rzana m\u0119ska, w ca\u0142o\u015bci wykonana ze sk\u00f3ry naturalnej typu Newada. Kurtka dost\u0119pna w r\u00f3\u017cnych rozmiarach.","robots":{"index":"index","follow":"follow","max-snippet":"max-snippet:-1","max-image-preview":"max-image-preview:large","max-video-preview":"max-video-preview:-1"},"canonical":"https:\/\/sklep.skoral.com\/de\/produkt\/ramoneska-skorzana-meska-rider-ii-czarna\/","og_locale":"de_DE","og_type":"article","og_title":"Ramoneska sk\u00f3rzana m\u0119ska, czarna - Rider II - Pracownia Sk\u00f3ral","og_description":"O to czarna ramoneska sk\u00f3rzana m\u0119ska, w ca\u0142o\u015bci wykonana ze sk\u00f3ry naturalnej typu Newada. Kurtka dost\u0119pna w r\u00f3\u017cnych rozmiarach.","og_url":"https:\/\/sklep.skoral.com\/de\/produkt\/ramoneska-skorzana-meska-rider-ii-czarna\/","og_site_name":"Pracownia Sk\u00f3ral","article_publisher":"https:\/\/www.facebook.com\/SkoralNaturalLeather","article_modified_time":"2024-08-14T10:12:58+00:00","og_image":[{"width":1024,"height":1280,"url":"https:\/\/sklep.skoral.com\/wp-content\/uploads\/2021\/01\/ramoneska-skorzana-meska-rider.jpg","type":"image\/jpeg"}],"twitter_card":"summary_large_image","twitter_misc":{"Gesch\u00e4tzte Lesezeit":"1\u00a0Minute"},"schema":{"@context":"https:\/\/schema.org","@graph":[{"@type":["WebPage","ItemPage"],"@id":"https:\/\/sklep.skoral.com\/de\/produkt\/ramoneska-skorzana-meska-rider-ii-czarna\/","url":"https:\/\/sklep.skoral.com\/de\/produkt\/ramoneska-skorzana-meska-rider-ii-czarna\/","name":"Ramoneska sk\u00f3rzana m\u0119ska, czarna - Rider II - Pracownia Sk\u00f3ral","isPartOf":{"@id":"https:\/\/sklep.skoral.com\/de\/#website"},"primaryImageOfPage":{"@id":"https:\/\/sklep.skoral.com\/de\/produkt\/ramoneska-skorzana-meska-rider-ii-czarna\/#primaryimage"},"image":{"@id":"https:\/\/sklep.skoral.com\/de\/produkt\/ramoneska-skorzana-meska-rider-ii-czarna\/#primaryimage"},"thumbnailUrl":"https:\/\/sklep.skoral.com\/wp-content\/uploads\/2021\/01\/ramoneska-skorzana-meska-rider.jpg","datePublished":"2021-01-26T19:20:31+00:00","dateModified":"2024-08-14T10:12:58+00:00","description":"O to czarna ramoneska sk\u00f3rzana m\u0119ska, w ca\u0142o\u015bci wykonana ze sk\u00f3ry naturalnej typu Newada. Kurtka dost\u0119pna w r\u00f3\u017cnych rozmiarach.","breadcrumb":{"@id":"https:\/\/sklep.skoral.com\/de\/produkt\/ramoneska-skorzana-meska-rider-ii-czarna\/#breadcrumb"},"inLanguage":"de","potentialAction":[{"@type":"ReadAction","target":["https:\/\/sklep.skoral.com\/de\/produkt\/ramoneska-skorzana-meska-rider-ii-czarna\/"]}]},{"@type":"ImageObject","inLanguage":"de","@id":"https:\/\/sklep.skoral.com\/de\/produkt\/ramoneska-skorzana-meska-rider-ii-czarna\/#primaryimage","url":"https:\/\/sklep.skoral.com\/wp-content\/uploads\/2021\/01\/ramoneska-skorzana-meska-rider.jpg","contentUrl":"https:\/\/sklep.skoral.com\/wp-content\/uploads\/2021\/01\/ramoneska-skorzana-meska-rider.jpg","width":1024,"height":1280,"caption":"Ramoneska sk\u00f3rzana m\u0119ska - Rider"},{"@type":"BreadcrumbList","@id":"https:\/\/sklep.skoral.com\/de\/produkt\/ramoneska-skorzana-meska-rider-ii-czarna\/#breadcrumb","itemListElement":[{"@type":"ListItem","position":1,"name":"Strona g\u0142\u00f3wna","item":"https:\/\/sklep.skoral.com\/de\/startseite\/"},{"@type":"ListItem","position":2,"name":"Shop","item":"https:\/\/sklep.skoral.com\/de\/shop\/"},{"@type":"ListItem","position":3,"name":"Ramoneska sk\u00f3rzana m\u0119ska, czarna &#8211; Rider II"}]},{"@type":"WebSite","@id":"https:\/\/sklep.skoral.com\/de\/#website","url":"https:\/\/sklep.skoral.com\/de\/","name":"Pracownia Sk\u00f3ral","description":"Sklep z odzie\u017c\u0105\u00a0sk\u00f3rzan\u0105 i akcesoriami ze sk\u00f3ry naturalnej","publisher":{"@id":"https:\/\/sklep.skoral.com\/de\/#organization"},"potentialAction":[{"@type":"SearchAction","target":{"@type":"EntryPoint","urlTemplate":"https:\/\/sklep.skoral.com\/de\/?s={search_term_string}"},"query-input":{"@type":"PropertyValueSpecification","valueRequired":true,"valueName":"search_term_string"}}],"inLanguage":"de"},{"@type":"Organization","@id":"https:\/\/sklep.skoral.com\/de\/#organization","name":"Sk\u00f3ral - Pracownia odzie\u017cy i akcesori\u00f3w sk\u00f3rzanych","url":"https:\/\/sklep.skoral.com\/de\/","logo":{"@type":"ImageObject","inLanguage":"de","@id":"https:\/\/sklep.skoral.com\/de\/#\/schema\/logo\/image\/","url":"https:\/\/sklep.skoral.com\/wp-content\/uploads\/2020\/09\/cropped-logo-duze.png","contentUrl":"https:\/\/sklep.skoral.com\/wp-content\/uploads\/2020\/09\/cropped-logo-duze.png","width":1200,"height":293,"caption":"Sk\u00f3ral - Pracownia odzie\u017cy i akcesori\u00f3w sk\u00f3rzanych"},"image":{"@id":"https:\/\/sklep.skoral.com\/de\/#\/schema\/logo\/image\/"},"sameAs":["https:\/\/www.facebook.com\/SkoralNaturalLeather","https:\/\/www.instagram.com\/skoraldesign\/","https:\/\/www.youtube.com\/channel\/UCijmecsRU9TpML5jIEBsWTw"]}]}},"jetpack_sharing_enabled":true,"_links":{"self":[{"href":"https:\/\/sklep.skoral.com\/de\/wp-json\/wp\/v2\/product\/613","targetHints":{"allow":["GET"]}}],"collection":[{"href":"https:\/\/sklep.skoral.com\/de\/wp-json\/wp\/v2\/product"}],"about":[{"href":"https:\/\/sklep.skoral.com\/de\/wp-json\/wp\/v2\/types\/product"}],"wp:featuredmedia":[{"embeddable":true,"href":"https:\/\/sklep.skoral.com\/de\/wp-json\/wp\/v2\/media\/256"}],"wp:attachment":[{"href":"https:\/\/sklep.skoral.com\/de\/wp-json\/wp\/v2\/media?parent=613"}],"wp:term":[{"taxonomy":"product_brand","embeddable":true,"href":"https:\/\/sklep.skoral.com\/de\/wp-json\/wp\/v2\/product_brand?post=613"},{"taxonomy":"product_cat","embeddable":true,"href":"https:\/\/sklep.skoral.com\/de\/wp-json\/wp\/v2\/product_cat?post=613"},{"taxonomy":"product_tag","embeddable":true,"href":"https:\/\/sklep.skoral.com\/de\/wp-json\/wp\/v2\/product_tag?post=613"}],"curies":[{"name":"wp","href":"https:\/\/api.w.org\/{rel}","templated":true}]}}