{"id":761,"date":"2021-02-09T22:08:05","date_gmt":"2021-02-09T21:08:05","guid":{"rendered":"https:\/\/sklep.skoral.com\/?post_type=product&#038;p=761"},"modified":"2024-08-14T12:11:58","modified_gmt":"2024-08-14T10:11:58","slug":"czarna-czapka-skorzana-zimowa-meska-damska-briuno","status":"publish","type":"product","link":"https:\/\/sklep.skoral.com\/de\/produkt\/czarna-czapka-skorzana-zimowa-meska-damska-briuno\/","title":{"rendered":"Czarna czapka sk\u00f3rzana zimowa &#8211; m\u0119ska, damska &#8211; Briuno"},"content":{"rendered":"<p>Wersja czarna ko\u017cuchowej czapki zimowej uniseks, pasuje zar\u00f3wno kobietom i m\u0119\u017cczyznom. Czapka sk\u00f3rzana uszyta zosta\u0142a ze sk\u00f3ry baraniej, importowanej z mro\u017anego obszaru Stan\u00f3w Zjednoczonych &#8211; Alaski . Klasyczny kolor czarny b\u0119dzie pasowa\u0142 do ka\u017cdej stylizacji. W\u0142os w wybranej zimowej czapce zosta\u0142 starannie przystrzy\u017cony.\u00a0 Czapka cechuje si\u0119 wygod\u0105 i dobr\u0105 izolacj\u0105 termincz\u0105, idealna na zimne dni, w kt\u00f3re temperatura spada do oko\u0142o zera i znacznie poni\u017cej.<\/p>\n<p>&#8222;Uszy&#8220; czapki zapinane na kapsel. Daje to mo\u017cliwo\u015b\u0107 noszenia tej czapki zimowej w dw\u00f3ch wariantach. Z uszami do g\u00f3ry oraz z uszami do do\u0142u.<\/p>\n<p>Bardzo dobrze chroni przed przenikliwym wiatrem.<\/p>\n","protected":false},"excerpt":{"rendered":"<p>Sk\u00f3rzana ko\u017cuchowa czapka zimowa sk\u00f3rzana &#8211; ze sk\u00f3ry baraniej (Alaska, USA) &#8211; w\u0142os przystrzy\u017cony.<\/p>\n","protected":false},"featured_media":780,"template":"","meta":{"_monsterinsights_skip_tracking":false,"_monsterinsights_sitenote_active":false,"_monsterinsights_sitenote_note":"","_monsterinsights_sitenote_category":0},"product_brand":[],"product_cat":[91],"product_tag":[],"class_list":{"0":"post-761","1":"product","2":"type-product","3":"status-publish","4":"has-post-thumbnail","6":"product_cat-czapki-zimowe","8":"first","9":"instock","10":"taxable","11":"shipping-taxable","12":"purchasable","13":"product-type-variable"},"yoast_head":"<!-- This site is optimized with the Yoast SEO plugin v27.6 - https:\/\/yoast.com\/product\/yoast-seo-wordpress\/ -->\n<title>Czarna czapka sk\u00f3rzana zimowa - m\u0119ska, damska - Briuno - Sk\u00f3ral<\/title>\n<meta name=\"description\" content=\"Klasyczna czapka sk\u00f3rzana wykonana ze sk\u00f3ry baraniej (pochodzenie USA) - uszyta w pracowni krawieckiej w Krakowie. Wysoki komfort noszenia.\" \/>\n<meta name=\"robots\" content=\"index, follow, max-snippet:-1, max-image-preview:large, max-video-preview:-1\" \/>\n<link rel=\"canonical\" href=\"https:\/\/sklep.skoral.com\/de\/produkt\/czarna-czapka-skorzana-zimowa-meska-damska-briuno\/\" \/>\n<meta property=\"og:locale\" content=\"de_DE\" \/>\n<meta property=\"og:type\" content=\"article\" \/>\n<meta property=\"og:title\" content=\"Czarna czapka sk\u00f3rzana zimowa - m\u0119ska, damska - Briuno - Sk\u00f3ral\" \/>\n<meta property=\"og:description\" content=\"Klasyczna czapka sk\u00f3rzana wykonana ze sk\u00f3ry baraniej (pochodzenie USA) - uszyta w pracowni krawieckiej w Krakowie. Wysoki komfort noszenia.\" \/>\n<meta property=\"og:url\" content=\"https:\/\/sklep.skoral.com\/de\/produkt\/czarna-czapka-skorzana-zimowa-meska-damska-briuno\/\" \/>\n<meta property=\"og:site_name\" content=\"Pracownia Sk\u00f3ral\" \/>\n<meta property=\"article:publisher\" content=\"https:\/\/www.facebook.com\/SkoralNaturalLeather\" \/>\n<meta property=\"article:modified_time\" content=\"2024-08-14T10:11:58+00:00\" \/>\n<meta property=\"og:image\" content=\"https:\/\/sklep.skoral.com\/wp-content\/uploads\/2021\/02\/czapka-zimowa-czarna-skorzana.jpg\" \/>\n\t<meta property=\"og:image:width\" content=\"1920\" \/>\n\t<meta property=\"og:image:height\" content=\"2560\" \/>\n\t<meta property=\"og:image:type\" content=\"image\/jpeg\" \/>\n<meta name=\"twitter:card\" content=\"summary_large_image\" \/>\n<meta name=\"twitter:label1\" content=\"Gesch\u00e4tzte Lesezeit\" \/>\n\t<meta name=\"twitter:data1\" content=\"1\u00a0Minute\" \/>\n<script type=\"application\/ld+json\" class=\"yoast-schema-graph\">{\"@context\":\"https:\\\/\\\/schema.org\",\"@graph\":[{\"@type\":[\"WebPage\",\"ItemPage\"],\"@id\":\"https:\\\/\\\/sklep.skoral.com\\\/de\\\/produkt\\\/czarna-czapka-skorzana-zimowa-meska-damska-briuno\\\/\",\"url\":\"https:\\\/\\\/sklep.skoral.com\\\/de\\\/produkt\\\/czarna-czapka-skorzana-zimowa-meska-damska-briuno\\\/\",\"name\":\"Czarna czapka sk\u00f3rzana zimowa - m\u0119ska, damska - Briuno - Sk\u00f3ral\",\"isPartOf\":{\"@id\":\"https:\\\/\\\/sklep.skoral.com\\\/de\\\/#website\"},\"primaryImageOfPage\":{\"@id\":\"https:\\\/\\\/sklep.skoral.com\\\/de\\\/produkt\\\/czarna-czapka-skorzana-zimowa-meska-damska-briuno\\\/#primaryimage\"},\"image\":{\"@id\":\"https:\\\/\\\/sklep.skoral.com\\\/de\\\/produkt\\\/czarna-czapka-skorzana-zimowa-meska-damska-briuno\\\/#primaryimage\"},\"thumbnailUrl\":\"https:\\\/\\\/sklep.skoral.com\\\/wp-content\\\/uploads\\\/2021\\\/02\\\/czapka-zimowa-czarna-skorzana.jpg\",\"datePublished\":\"2021-02-09T21:08:05+00:00\",\"dateModified\":\"2024-08-14T10:11:58+00:00\",\"description\":\"Klasyczna czapka sk\u00f3rzana wykonana ze sk\u00f3ry baraniej (pochodzenie USA) - uszyta w pracowni krawieckiej w Krakowie. Wysoki komfort noszenia.\",\"breadcrumb\":{\"@id\":\"https:\\\/\\\/sklep.skoral.com\\\/de\\\/produkt\\\/czarna-czapka-skorzana-zimowa-meska-damska-briuno\\\/#breadcrumb\"},\"inLanguage\":\"de\",\"potentialAction\":[{\"@type\":\"ReadAction\",\"target\":[\"https:\\\/\\\/sklep.skoral.com\\\/de\\\/produkt\\\/czarna-czapka-skorzana-zimowa-meska-damska-briuno\\\/\"]}]},{\"@type\":\"ImageObject\",\"inLanguage\":\"de\",\"@id\":\"https:\\\/\\\/sklep.skoral.com\\\/de\\\/produkt\\\/czarna-czapka-skorzana-zimowa-meska-damska-briuno\\\/#primaryimage\",\"url\":\"https:\\\/\\\/sklep.skoral.com\\\/wp-content\\\/uploads\\\/2021\\\/02\\\/czapka-zimowa-czarna-skorzana.jpg\",\"contentUrl\":\"https:\\\/\\\/sklep.skoral.com\\\/wp-content\\\/uploads\\\/2021\\\/02\\\/czapka-zimowa-czarna-skorzana.jpg\",\"width\":1920,\"height\":2560,\"caption\":\"czapka zimowa czarna - sk\u00f3rzana\"},{\"@type\":\"BreadcrumbList\",\"@id\":\"https:\\\/\\\/sklep.skoral.com\\\/de\\\/produkt\\\/czarna-czapka-skorzana-zimowa-meska-damska-briuno\\\/#breadcrumb\",\"itemListElement\":[{\"@type\":\"ListItem\",\"position\":1,\"name\":\"Strona g\u0142\u00f3wna\",\"item\":\"https:\\\/\\\/sklep.skoral.com\\\/de\\\/startseite\\\/\"},{\"@type\":\"ListItem\",\"position\":2,\"name\":\"Shop\",\"item\":\"https:\\\/\\\/sklep.skoral.com\\\/de\\\/shop\\\/\"},{\"@type\":\"ListItem\",\"position\":3,\"name\":\"Czarna czapka sk\u00f3rzana zimowa &#8211; m\u0119ska, damska &#8211; Briuno\"}]},{\"@type\":\"WebSite\",\"@id\":\"https:\\\/\\\/sklep.skoral.com\\\/de\\\/#website\",\"url\":\"https:\\\/\\\/sklep.skoral.com\\\/de\\\/\",\"name\":\"Pracownia Sk\u00f3ral\",\"description\":\"Sklep z odzie\u017c\u0105\u00a0sk\u00f3rzan\u0105 i akcesoriami ze sk\u00f3ry naturalnej\",\"publisher\":{\"@id\":\"https:\\\/\\\/sklep.skoral.com\\\/de\\\/#organization\"},\"potentialAction\":[{\"@type\":\"SearchAction\",\"target\":{\"@type\":\"EntryPoint\",\"urlTemplate\":\"https:\\\/\\\/sklep.skoral.com\\\/de\\\/?s={search_term_string}\"},\"query-input\":{\"@type\":\"PropertyValueSpecification\",\"valueRequired\":true,\"valueName\":\"search_term_string\"}}],\"inLanguage\":\"de\"},{\"@type\":\"Organization\",\"@id\":\"https:\\\/\\\/sklep.skoral.com\\\/de\\\/#organization\",\"name\":\"Sk\u00f3ral - Pracownia odzie\u017cy i akcesori\u00f3w sk\u00f3rzanych\",\"url\":\"https:\\\/\\\/sklep.skoral.com\\\/de\\\/\",\"logo\":{\"@type\":\"ImageObject\",\"inLanguage\":\"de\",\"@id\":\"https:\\\/\\\/sklep.skoral.com\\\/de\\\/#\\\/schema\\\/logo\\\/image\\\/\",\"url\":\"https:\\\/\\\/sklep.skoral.com\\\/wp-content\\\/uploads\\\/2020\\\/09\\\/cropped-logo-duze.png\",\"contentUrl\":\"https:\\\/\\\/sklep.skoral.com\\\/wp-content\\\/uploads\\\/2020\\\/09\\\/cropped-logo-duze.png\",\"width\":1200,\"height\":293,\"caption\":\"Sk\u00f3ral - Pracownia odzie\u017cy i akcesori\u00f3w sk\u00f3rzanych\"},\"image\":{\"@id\":\"https:\\\/\\\/sklep.skoral.com\\\/de\\\/#\\\/schema\\\/logo\\\/image\\\/\"},\"sameAs\":[\"https:\\\/\\\/www.facebook.com\\\/SkoralNaturalLeather\",\"https:\\\/\\\/www.instagram.com\\\/skoraldesign\\\/\",\"https:\\\/\\\/www.youtube.com\\\/channel\\\/UCijmecsRU9TpML5jIEBsWTw\"]}]}<\/script>\n<!-- \/ Yoast SEO plugin. -->","yoast_head_json":{"title":"Czarna czapka sk\u00f3rzana zimowa - m\u0119ska, damska - Briuno - Sk\u00f3ral","description":"Klasyczna czapka sk\u00f3rzana wykonana ze sk\u00f3ry baraniej (pochodzenie USA) - uszyta w pracowni krawieckiej w Krakowie. Wysoki komfort noszenia.","robots":{"index":"index","follow":"follow","max-snippet":"max-snippet:-1","max-image-preview":"max-image-preview:large","max-video-preview":"max-video-preview:-1"},"canonical":"https:\/\/sklep.skoral.com\/de\/produkt\/czarna-czapka-skorzana-zimowa-meska-damska-briuno\/","og_locale":"de_DE","og_type":"article","og_title":"Czarna czapka sk\u00f3rzana zimowa - m\u0119ska, damska - Briuno - Sk\u00f3ral","og_description":"Klasyczna czapka sk\u00f3rzana wykonana ze sk\u00f3ry baraniej (pochodzenie USA) - uszyta w pracowni krawieckiej w Krakowie. Wysoki komfort noszenia.","og_url":"https:\/\/sklep.skoral.com\/de\/produkt\/czarna-czapka-skorzana-zimowa-meska-damska-briuno\/","og_site_name":"Pracownia Sk\u00f3ral","article_publisher":"https:\/\/www.facebook.com\/SkoralNaturalLeather","article_modified_time":"2024-08-14T10:11:58+00:00","og_image":[{"width":1920,"height":2560,"url":"https:\/\/sklep.skoral.com\/wp-content\/uploads\/2021\/02\/czapka-zimowa-czarna-skorzana.jpg","type":"image\/jpeg"}],"twitter_card":"summary_large_image","twitter_misc":{"Gesch\u00e4tzte Lesezeit":"1\u00a0Minute"},"schema":{"@context":"https:\/\/schema.org","@graph":[{"@type":["WebPage","ItemPage"],"@id":"https:\/\/sklep.skoral.com\/de\/produkt\/czarna-czapka-skorzana-zimowa-meska-damska-briuno\/","url":"https:\/\/sklep.skoral.com\/de\/produkt\/czarna-czapka-skorzana-zimowa-meska-damska-briuno\/","name":"Czarna czapka sk\u00f3rzana zimowa - m\u0119ska, damska - Briuno - Sk\u00f3ral","isPartOf":{"@id":"https:\/\/sklep.skoral.com\/de\/#website"},"primaryImageOfPage":{"@id":"https:\/\/sklep.skoral.com\/de\/produkt\/czarna-czapka-skorzana-zimowa-meska-damska-briuno\/#primaryimage"},"image":{"@id":"https:\/\/sklep.skoral.com\/de\/produkt\/czarna-czapka-skorzana-zimowa-meska-damska-briuno\/#primaryimage"},"thumbnailUrl":"https:\/\/sklep.skoral.com\/wp-content\/uploads\/2021\/02\/czapka-zimowa-czarna-skorzana.jpg","datePublished":"2021-02-09T21:08:05+00:00","dateModified":"2024-08-14T10:11:58+00:00","description":"Klasyczna czapka sk\u00f3rzana wykonana ze sk\u00f3ry baraniej (pochodzenie USA) - uszyta w pracowni krawieckiej w Krakowie. Wysoki komfort noszenia.","breadcrumb":{"@id":"https:\/\/sklep.skoral.com\/de\/produkt\/czarna-czapka-skorzana-zimowa-meska-damska-briuno\/#breadcrumb"},"inLanguage":"de","potentialAction":[{"@type":"ReadAction","target":["https:\/\/sklep.skoral.com\/de\/produkt\/czarna-czapka-skorzana-zimowa-meska-damska-briuno\/"]}]},{"@type":"ImageObject","inLanguage":"de","@id":"https:\/\/sklep.skoral.com\/de\/produkt\/czarna-czapka-skorzana-zimowa-meska-damska-briuno\/#primaryimage","url":"https:\/\/sklep.skoral.com\/wp-content\/uploads\/2021\/02\/czapka-zimowa-czarna-skorzana.jpg","contentUrl":"https:\/\/sklep.skoral.com\/wp-content\/uploads\/2021\/02\/czapka-zimowa-czarna-skorzana.jpg","width":1920,"height":2560,"caption":"czapka zimowa czarna - sk\u00f3rzana"},{"@type":"BreadcrumbList","@id":"https:\/\/sklep.skoral.com\/de\/produkt\/czarna-czapka-skorzana-zimowa-meska-damska-briuno\/#breadcrumb","itemListElement":[{"@type":"ListItem","position":1,"name":"Strona g\u0142\u00f3wna","item":"https:\/\/sklep.skoral.com\/de\/startseite\/"},{"@type":"ListItem","position":2,"name":"Shop","item":"https:\/\/sklep.skoral.com\/de\/shop\/"},{"@type":"ListItem","position":3,"name":"Czarna czapka sk\u00f3rzana zimowa &#8211; m\u0119ska, damska &#8211; Briuno"}]},{"@type":"WebSite","@id":"https:\/\/sklep.skoral.com\/de\/#website","url":"https:\/\/sklep.skoral.com\/de\/","name":"Pracownia Sk\u00f3ral","description":"Sklep z odzie\u017c\u0105\u00a0sk\u00f3rzan\u0105 i akcesoriami ze sk\u00f3ry naturalnej","publisher":{"@id":"https:\/\/sklep.skoral.com\/de\/#organization"},"potentialAction":[{"@type":"SearchAction","target":{"@type":"EntryPoint","urlTemplate":"https:\/\/sklep.skoral.com\/de\/?s={search_term_string}"},"query-input":{"@type":"PropertyValueSpecification","valueRequired":true,"valueName":"search_term_string"}}],"inLanguage":"de"},{"@type":"Organization","@id":"https:\/\/sklep.skoral.com\/de\/#organization","name":"Sk\u00f3ral - Pracownia odzie\u017cy i akcesori\u00f3w sk\u00f3rzanych","url":"https:\/\/sklep.skoral.com\/de\/","logo":{"@type":"ImageObject","inLanguage":"de","@id":"https:\/\/sklep.skoral.com\/de\/#\/schema\/logo\/image\/","url":"https:\/\/sklep.skoral.com\/wp-content\/uploads\/2020\/09\/cropped-logo-duze.png","contentUrl":"https:\/\/sklep.skoral.com\/wp-content\/uploads\/2020\/09\/cropped-logo-duze.png","width":1200,"height":293,"caption":"Sk\u00f3ral - Pracownia odzie\u017cy i akcesori\u00f3w sk\u00f3rzanych"},"image":{"@id":"https:\/\/sklep.skoral.com\/de\/#\/schema\/logo\/image\/"},"sameAs":["https:\/\/www.facebook.com\/SkoralNaturalLeather","https:\/\/www.instagram.com\/skoraldesign\/","https:\/\/www.youtube.com\/channel\/UCijmecsRU9TpML5jIEBsWTw"]}]}},"jetpack_sharing_enabled":true,"_links":{"self":[{"href":"https:\/\/sklep.skoral.com\/de\/wp-json\/wp\/v2\/product\/761","targetHints":{"allow":["GET"]}}],"collection":[{"href":"https:\/\/sklep.skoral.com\/de\/wp-json\/wp\/v2\/product"}],"about":[{"href":"https:\/\/sklep.skoral.com\/de\/wp-json\/wp\/v2\/types\/product"}],"wp:featuredmedia":[{"embeddable":true,"href":"https:\/\/sklep.skoral.com\/de\/wp-json\/wp\/v2\/media\/780"}],"wp:attachment":[{"href":"https:\/\/sklep.skoral.com\/de\/wp-json\/wp\/v2\/media?parent=761"}],"wp:term":[{"taxonomy":"product_brand","embeddable":true,"href":"https:\/\/sklep.skoral.com\/de\/wp-json\/wp\/v2\/product_brand?post=761"},{"taxonomy":"product_cat","embeddable":true,"href":"https:\/\/sklep.skoral.com\/de\/wp-json\/wp\/v2\/product_cat?post=761"},{"taxonomy":"product_tag","embeddable":true,"href":"https:\/\/sklep.skoral.com\/de\/wp-json\/wp\/v2\/product_tag?post=761"}],"curies":[{"name":"wp","href":"https:\/\/api.w.org\/{rel}","templated":true}]}}