{"id":792,"date":"2021-02-16T15:12:08","date_gmt":"2021-02-16T14:12:08","guid":{"rendered":"https:\/\/sklep.skoral.com\/?post_type=product&#038;p=792"},"modified":"2025-10-27T14:17:05","modified_gmt":"2025-10-27T13:17:05","slug":"kozuch-kurtka-kozuchowa-meska-jonas","status":"publish","type":"product","link":"https:\/\/sklep.skoral.com\/de\/produkt\/kozuch-kurtka-kozuchowa-meska-jonas\/","title":{"rendered":"Ko\u017cuch &#8211; Kurtka ko\u017cuchowa m\u0119ska &#8211; Jonas"},"content":{"rendered":"<p>Kurtka sk\u00f3rzana m\u0119ska &#8211; Ko\u017cuch typu Jonas (ala Ramoneska), uszyta ze sk\u00f3ry baraniej z w\u0142osem wyko\u0144czonym na zamsz. Istnieje opcja zam\u00f3wienia ko\u017cucha z wyko\u0144czeniem lakierowanym.<\/p>\n","protected":false},"excerpt":{"rendered":"<p>Br\u0105zowy ko\u017cuch &#8211; Kurtka ko\u017cuchowa, ramoneska m\u0119ska, fason typu Jonas.<\/p>\n","protected":false},"featured_media":805,"template":"","meta":{"_monsterinsights_skip_tracking":false,"_monsterinsights_sitenote_active":false,"_monsterinsights_sitenote_note":"","_monsterinsights_sitenote_category":0},"product_brand":[],"product_cat":[89,32],"product_tag":[43,24],"class_list":{"0":"post-792","1":"product","2":"type-product","3":"status-publish","4":"has-post-thumbnail","6":"product_cat-ramoneski-skorzane-meskie","7":"product_cat-kozuchy-meskie","8":"product_tag-kozuch-meski","9":"product_tag-ramoneska","11":"first","12":"instock","13":"taxable","14":"shipping-taxable","15":"purchasable","16":"product-type-variable"},"yoast_head":"<!-- This site is optimized with the Yoast SEO plugin v27.6 - https:\/\/yoast.com\/product\/yoast-seo-wordpress\/ -->\n<title>Ko\u017cuch - Kurtka ko\u017cuchowa m\u0119ska - Jonas - Pracownia Sk\u00f3ral<\/title>\n<meta name=\"description\" content=\"Ko\u017cuch Jonas uszyty na fasonie ramoneski m\u0119skiej. Wysokiej jako\u015bci sk\u00f3ra barania chroni\u0105ca przed przenikliwym zimnem - Sklep Internetowy\" \/>\n<meta name=\"robots\" content=\"index, follow, max-snippet:-1, max-image-preview:large, max-video-preview:-1\" \/>\n<link rel=\"canonical\" href=\"https:\/\/sklep.skoral.com\/de\/produkt\/kozuch-kurtka-kozuchowa-meska-jonas\/\" \/>\n<meta property=\"og:locale\" content=\"de_DE\" \/>\n<meta property=\"og:type\" content=\"article\" \/>\n<meta property=\"og:title\" content=\"Ko\u017cuch - Kurtka ko\u017cuchowa m\u0119ska - Jonas - Pracownia Sk\u00f3ral\" \/>\n<meta property=\"og:description\" content=\"Ko\u017cuch Jonas uszyty na fasonie ramoneski m\u0119skiej. Wysokiej jako\u015bci sk\u00f3ra barania chroni\u0105ca przed przenikliwym zimnem - Sklep Internetowy\" \/>\n<meta property=\"og:url\" content=\"https:\/\/sklep.skoral.com\/de\/produkt\/kozuch-kurtka-kozuchowa-meska-jonas\/\" \/>\n<meta property=\"og:site_name\" content=\"Pracownia Sk\u00f3ral\" \/>\n<meta property=\"article:publisher\" content=\"https:\/\/www.facebook.com\/SkoralNaturalLeather\" \/>\n<meta property=\"article:modified_time\" content=\"2025-10-27T13:17:05+00:00\" \/>\n<meta property=\"og:image\" content=\"https:\/\/sklep.skoral.com\/wp-content\/uploads\/2021\/02\/brazowa-ramoneska-kozuch-jonas.jpg\" \/>\n\t<meta property=\"og:image:width\" content=\"2310\" \/>\n\t<meta property=\"og:image:height\" content=\"2560\" \/>\n\t<meta property=\"og:image:type\" content=\"image\/jpeg\" \/>\n<meta name=\"twitter:card\" content=\"summary_large_image\" \/>\n<meta name=\"twitter:label1\" content=\"Gesch\u00e4tzte Lesezeit\" \/>\n\t<meta name=\"twitter:data1\" content=\"1\u00a0Minute\" \/>\n<script type=\"application\/ld+json\" class=\"yoast-schema-graph\">{\"@context\":\"https:\\\/\\\/schema.org\",\"@graph\":[{\"@type\":[\"WebPage\",\"ItemPage\"],\"@id\":\"https:\\\/\\\/sklep.skoral.com\\\/de\\\/produkt\\\/kozuch-kurtka-kozuchowa-meska-jonas\\\/\",\"url\":\"https:\\\/\\\/sklep.skoral.com\\\/de\\\/produkt\\\/kozuch-kurtka-kozuchowa-meska-jonas\\\/\",\"name\":\"Ko\u017cuch - Kurtka ko\u017cuchowa m\u0119ska - Jonas - Pracownia Sk\u00f3ral\",\"isPartOf\":{\"@id\":\"https:\\\/\\\/sklep.skoral.com\\\/de\\\/#website\"},\"primaryImageOfPage\":{\"@id\":\"https:\\\/\\\/sklep.skoral.com\\\/de\\\/produkt\\\/kozuch-kurtka-kozuchowa-meska-jonas\\\/#primaryimage\"},\"image\":{\"@id\":\"https:\\\/\\\/sklep.skoral.com\\\/de\\\/produkt\\\/kozuch-kurtka-kozuchowa-meska-jonas\\\/#primaryimage\"},\"thumbnailUrl\":\"https:\\\/\\\/sklep.skoral.com\\\/wp-content\\\/uploads\\\/2021\\\/02\\\/brazowa-ramoneska-kozuch-jonas.jpg\",\"datePublished\":\"2021-02-16T14:12:08+00:00\",\"dateModified\":\"2025-10-27T13:17:05+00:00\",\"description\":\"Ko\u017cuch Jonas uszyty na fasonie ramoneski m\u0119skiej. Wysokiej jako\u015bci sk\u00f3ra barania chroni\u0105ca przed przenikliwym zimnem - Sklep Internetowy\",\"breadcrumb\":{\"@id\":\"https:\\\/\\\/sklep.skoral.com\\\/de\\\/produkt\\\/kozuch-kurtka-kozuchowa-meska-jonas\\\/#breadcrumb\"},\"inLanguage\":\"de\",\"potentialAction\":[{\"@type\":\"ReadAction\",\"target\":[\"https:\\\/\\\/sklep.skoral.com\\\/de\\\/produkt\\\/kozuch-kurtka-kozuchowa-meska-jonas\\\/\"]}]},{\"@type\":\"ImageObject\",\"inLanguage\":\"de\",\"@id\":\"https:\\\/\\\/sklep.skoral.com\\\/de\\\/produkt\\\/kozuch-kurtka-kozuchowa-meska-jonas\\\/#primaryimage\",\"url\":\"https:\\\/\\\/sklep.skoral.com\\\/wp-content\\\/uploads\\\/2021\\\/02\\\/brazowa-ramoneska-kozuch-jonas.jpg\",\"contentUrl\":\"https:\\\/\\\/sklep.skoral.com\\\/wp-content\\\/uploads\\\/2021\\\/02\\\/brazowa-ramoneska-kozuch-jonas.jpg\",\"width\":2310,\"height\":2560,\"caption\":\"Br\u0105zowa ramoneska ko\u017cuch Jonas\"},{\"@type\":\"BreadcrumbList\",\"@id\":\"https:\\\/\\\/sklep.skoral.com\\\/de\\\/produkt\\\/kozuch-kurtka-kozuchowa-meska-jonas\\\/#breadcrumb\",\"itemListElement\":[{\"@type\":\"ListItem\",\"position\":1,\"name\":\"Strona g\u0142\u00f3wna\",\"item\":\"https:\\\/\\\/sklep.skoral.com\\\/de\\\/startseite\\\/\"},{\"@type\":\"ListItem\",\"position\":2,\"name\":\"Shop\",\"item\":\"https:\\\/\\\/sklep.skoral.com\\\/de\\\/shop\\\/\"},{\"@type\":\"ListItem\",\"position\":3,\"name\":\"Ko\u017cuch &#8211; Kurtka ko\u017cuchowa m\u0119ska &#8211; Jonas\"}]},{\"@type\":\"WebSite\",\"@id\":\"https:\\\/\\\/sklep.skoral.com\\\/de\\\/#website\",\"url\":\"https:\\\/\\\/sklep.skoral.com\\\/de\\\/\",\"name\":\"Pracownia Sk\u00f3ral\",\"description\":\"Sklep z odzie\u017c\u0105\u00a0sk\u00f3rzan\u0105 i akcesoriami ze sk\u00f3ry naturalnej\",\"publisher\":{\"@id\":\"https:\\\/\\\/sklep.skoral.com\\\/de\\\/#organization\"},\"potentialAction\":[{\"@type\":\"SearchAction\",\"target\":{\"@type\":\"EntryPoint\",\"urlTemplate\":\"https:\\\/\\\/sklep.skoral.com\\\/de\\\/?s={search_term_string}\"},\"query-input\":{\"@type\":\"PropertyValueSpecification\",\"valueRequired\":true,\"valueName\":\"search_term_string\"}}],\"inLanguage\":\"de\"},{\"@type\":\"Organization\",\"@id\":\"https:\\\/\\\/sklep.skoral.com\\\/de\\\/#organization\",\"name\":\"Sk\u00f3ral - Pracownia odzie\u017cy i akcesori\u00f3w sk\u00f3rzanych\",\"url\":\"https:\\\/\\\/sklep.skoral.com\\\/de\\\/\",\"logo\":{\"@type\":\"ImageObject\",\"inLanguage\":\"de\",\"@id\":\"https:\\\/\\\/sklep.skoral.com\\\/de\\\/#\\\/schema\\\/logo\\\/image\\\/\",\"url\":\"https:\\\/\\\/sklep.skoral.com\\\/wp-content\\\/uploads\\\/2020\\\/09\\\/cropped-logo-duze.png\",\"contentUrl\":\"https:\\\/\\\/sklep.skoral.com\\\/wp-content\\\/uploads\\\/2020\\\/09\\\/cropped-logo-duze.png\",\"width\":1200,\"height\":293,\"caption\":\"Sk\u00f3ral - Pracownia odzie\u017cy i akcesori\u00f3w sk\u00f3rzanych\"},\"image\":{\"@id\":\"https:\\\/\\\/sklep.skoral.com\\\/de\\\/#\\\/schema\\\/logo\\\/image\\\/\"},\"sameAs\":[\"https:\\\/\\\/www.facebook.com\\\/SkoralNaturalLeather\",\"https:\\\/\\\/www.instagram.com\\\/skoraldesign\\\/\",\"https:\\\/\\\/www.youtube.com\\\/channel\\\/UCijmecsRU9TpML5jIEBsWTw\"]}]}<\/script>\n<!-- \/ Yoast SEO plugin. -->","yoast_head_json":{"title":"Ko\u017cuch - Kurtka ko\u017cuchowa m\u0119ska - Jonas - Pracownia Sk\u00f3ral","description":"Ko\u017cuch Jonas uszyty na fasonie ramoneski m\u0119skiej. Wysokiej jako\u015bci sk\u00f3ra barania chroni\u0105ca przed przenikliwym zimnem - Sklep Internetowy","robots":{"index":"index","follow":"follow","max-snippet":"max-snippet:-1","max-image-preview":"max-image-preview:large","max-video-preview":"max-video-preview:-1"},"canonical":"https:\/\/sklep.skoral.com\/de\/produkt\/kozuch-kurtka-kozuchowa-meska-jonas\/","og_locale":"de_DE","og_type":"article","og_title":"Ko\u017cuch - Kurtka ko\u017cuchowa m\u0119ska - Jonas - Pracownia Sk\u00f3ral","og_description":"Ko\u017cuch Jonas uszyty na fasonie ramoneski m\u0119skiej. Wysokiej jako\u015bci sk\u00f3ra barania chroni\u0105ca przed przenikliwym zimnem - Sklep Internetowy","og_url":"https:\/\/sklep.skoral.com\/de\/produkt\/kozuch-kurtka-kozuchowa-meska-jonas\/","og_site_name":"Pracownia Sk\u00f3ral","article_publisher":"https:\/\/www.facebook.com\/SkoralNaturalLeather","article_modified_time":"2025-10-27T13:17:05+00:00","og_image":[{"width":2310,"height":2560,"url":"https:\/\/sklep.skoral.com\/wp-content\/uploads\/2021\/02\/brazowa-ramoneska-kozuch-jonas.jpg","type":"image\/jpeg"}],"twitter_card":"summary_large_image","twitter_misc":{"Gesch\u00e4tzte Lesezeit":"1\u00a0Minute"},"schema":{"@context":"https:\/\/schema.org","@graph":[{"@type":["WebPage","ItemPage"],"@id":"https:\/\/sklep.skoral.com\/de\/produkt\/kozuch-kurtka-kozuchowa-meska-jonas\/","url":"https:\/\/sklep.skoral.com\/de\/produkt\/kozuch-kurtka-kozuchowa-meska-jonas\/","name":"Ko\u017cuch - Kurtka ko\u017cuchowa m\u0119ska - Jonas - Pracownia Sk\u00f3ral","isPartOf":{"@id":"https:\/\/sklep.skoral.com\/de\/#website"},"primaryImageOfPage":{"@id":"https:\/\/sklep.skoral.com\/de\/produkt\/kozuch-kurtka-kozuchowa-meska-jonas\/#primaryimage"},"image":{"@id":"https:\/\/sklep.skoral.com\/de\/produkt\/kozuch-kurtka-kozuchowa-meska-jonas\/#primaryimage"},"thumbnailUrl":"https:\/\/sklep.skoral.com\/wp-content\/uploads\/2021\/02\/brazowa-ramoneska-kozuch-jonas.jpg","datePublished":"2021-02-16T14:12:08+00:00","dateModified":"2025-10-27T13:17:05+00:00","description":"Ko\u017cuch Jonas uszyty na fasonie ramoneski m\u0119skiej. Wysokiej jako\u015bci sk\u00f3ra barania chroni\u0105ca przed przenikliwym zimnem - Sklep Internetowy","breadcrumb":{"@id":"https:\/\/sklep.skoral.com\/de\/produkt\/kozuch-kurtka-kozuchowa-meska-jonas\/#breadcrumb"},"inLanguage":"de","potentialAction":[{"@type":"ReadAction","target":["https:\/\/sklep.skoral.com\/de\/produkt\/kozuch-kurtka-kozuchowa-meska-jonas\/"]}]},{"@type":"ImageObject","inLanguage":"de","@id":"https:\/\/sklep.skoral.com\/de\/produkt\/kozuch-kurtka-kozuchowa-meska-jonas\/#primaryimage","url":"https:\/\/sklep.skoral.com\/wp-content\/uploads\/2021\/02\/brazowa-ramoneska-kozuch-jonas.jpg","contentUrl":"https:\/\/sklep.skoral.com\/wp-content\/uploads\/2021\/02\/brazowa-ramoneska-kozuch-jonas.jpg","width":2310,"height":2560,"caption":"Br\u0105zowa ramoneska ko\u017cuch Jonas"},{"@type":"BreadcrumbList","@id":"https:\/\/sklep.skoral.com\/de\/produkt\/kozuch-kurtka-kozuchowa-meska-jonas\/#breadcrumb","itemListElement":[{"@type":"ListItem","position":1,"name":"Strona g\u0142\u00f3wna","item":"https:\/\/sklep.skoral.com\/de\/startseite\/"},{"@type":"ListItem","position":2,"name":"Shop","item":"https:\/\/sklep.skoral.com\/de\/shop\/"},{"@type":"ListItem","position":3,"name":"Ko\u017cuch &#8211; Kurtka ko\u017cuchowa m\u0119ska &#8211; Jonas"}]},{"@type":"WebSite","@id":"https:\/\/sklep.skoral.com\/de\/#website","url":"https:\/\/sklep.skoral.com\/de\/","name":"Pracownia Sk\u00f3ral","description":"Sklep z odzie\u017c\u0105\u00a0sk\u00f3rzan\u0105 i akcesoriami ze sk\u00f3ry naturalnej","publisher":{"@id":"https:\/\/sklep.skoral.com\/de\/#organization"},"potentialAction":[{"@type":"SearchAction","target":{"@type":"EntryPoint","urlTemplate":"https:\/\/sklep.skoral.com\/de\/?s={search_term_string}"},"query-input":{"@type":"PropertyValueSpecification","valueRequired":true,"valueName":"search_term_string"}}],"inLanguage":"de"},{"@type":"Organization","@id":"https:\/\/sklep.skoral.com\/de\/#organization","name":"Sk\u00f3ral - Pracownia odzie\u017cy i akcesori\u00f3w sk\u00f3rzanych","url":"https:\/\/sklep.skoral.com\/de\/","logo":{"@type":"ImageObject","inLanguage":"de","@id":"https:\/\/sklep.skoral.com\/de\/#\/schema\/logo\/image\/","url":"https:\/\/sklep.skoral.com\/wp-content\/uploads\/2020\/09\/cropped-logo-duze.png","contentUrl":"https:\/\/sklep.skoral.com\/wp-content\/uploads\/2020\/09\/cropped-logo-duze.png","width":1200,"height":293,"caption":"Sk\u00f3ral - Pracownia odzie\u017cy i akcesori\u00f3w sk\u00f3rzanych"},"image":{"@id":"https:\/\/sklep.skoral.com\/de\/#\/schema\/logo\/image\/"},"sameAs":["https:\/\/www.facebook.com\/SkoralNaturalLeather","https:\/\/www.instagram.com\/skoraldesign\/","https:\/\/www.youtube.com\/channel\/UCijmecsRU9TpML5jIEBsWTw"]}]}},"jetpack_sharing_enabled":true,"_links":{"self":[{"href":"https:\/\/sklep.skoral.com\/de\/wp-json\/wp\/v2\/product\/792","targetHints":{"allow":["GET"]}}],"collection":[{"href":"https:\/\/sklep.skoral.com\/de\/wp-json\/wp\/v2\/product"}],"about":[{"href":"https:\/\/sklep.skoral.com\/de\/wp-json\/wp\/v2\/types\/product"}],"wp:featuredmedia":[{"embeddable":true,"href":"https:\/\/sklep.skoral.com\/de\/wp-json\/wp\/v2\/media\/805"}],"wp:attachment":[{"href":"https:\/\/sklep.skoral.com\/de\/wp-json\/wp\/v2\/media?parent=792"}],"wp:term":[{"taxonomy":"product_brand","embeddable":true,"href":"https:\/\/sklep.skoral.com\/de\/wp-json\/wp\/v2\/product_brand?post=792"},{"taxonomy":"product_cat","embeddable":true,"href":"https:\/\/sklep.skoral.com\/de\/wp-json\/wp\/v2\/product_cat?post=792"},{"taxonomy":"product_tag","embeddable":true,"href":"https:\/\/sklep.skoral.com\/de\/wp-json\/wp\/v2\/product_tag?post=792"}],"curies":[{"name":"wp","href":"https:\/\/api.w.org\/{rel}","templated":true}]}}