{"id":1543,"date":"2025-09-08T20:32:32","date_gmt":"2025-09-08T18:32:32","guid":{"rendered":"https:\/\/sklep.skoral.com\/cart\/"},"modified":"2025-09-08T20:32:32","modified_gmt":"2025-09-08T18:32:32","slug":"cart","status":"publish","type":"page","link":"https:\/\/sklep.skoral.com\/en\/cart\/","title":{"rendered":"Cart"},"content":{"rendered":"\n<div data-block-name=\"woocommerce\/cart\" class=\"wp-block-woocommerce-cart alignwide is-loading\">\n<div data-block-name=\"woocommerce\/filled-cart-block\" class=\"wp-block-woocommerce-filled-cart-block\">\n<div data-block-name=\"woocommerce\/cart-items-block\" class=\"wp-block-woocommerce-cart-items-block\">\n<div data-block-name=\"woocommerce\/cart-line-items-block\" class=\"wp-block-woocommerce-cart-line-items-block\"><\/div>\n\n\n\n<div data-block-name=\"woocommerce\/cart-cross-sells-block\" class=\"wp-block-woocommerce-cart-cross-sells-block\">\n<h2 class=\"wp-block-heading has-large-font-size\">You may be interested in\u2026<\/h2>\n\n\n\n<div data-block-name=\"woocommerce\/cart-cross-sells-products-block\" class=\"wp-block-woocommerce-cart-cross-sells-products-block\"><\/div>\n<\/div>\n<\/div>\n\n\n\n<div data-block-name=\"woocommerce\/cart-totals-block\" class=\"wp-block-woocommerce-cart-totals-block\">\n<div data-block-name=\"woocommerce\/cart-order-summary-block\" class=\"wp-block-woocommerce-cart-order-summary-block\">\n<div data-block-name=\"woocommerce\/cart-order-summary-heading-block\" class=\"wp-block-woocommerce-cart-order-summary-heading-block\"><\/div><div data-block-name=\"woocommerce\/cart-order-summary-coupon-form-block\" class=\"wp-block-woocommerce-cart-order-summary-coupon-form-block\"><\/div><div data-block-name=\"woocommerce\/cart-order-summary-totals-block\" class=\"wp-block-woocommerce-cart-order-summary-totals-block\">\n<div data-block-name=\"woocommerce\/cart-order-summary-subtotal-block\" class=\"wp-block-woocommerce-cart-order-summary-subtotal-block\"><\/div>\n<div data-block-name=\"woocommerce\/cart-order-summary-discount-block\" class=\"wp-block-woocommerce-cart-order-summary-discount-block\"><\/div>\n<div data-block-name=\"woocommerce\/cart-order-summary-fee-block\" class=\"wp-block-woocommerce-cart-order-summary-fee-block\"><\/div>\n<div data-block-name=\"woocommerce\/cart-order-summary-shipping-block\" class=\"wp-block-woocommerce-cart-order-summary-shipping-block\"><\/div>\n<div data-block-name=\"woocommerce\/cart-order-summary-taxes-block\" class=\"wp-block-woocommerce-cart-order-summary-taxes-block\"><\/div><\/div>\n<\/div>\n\n\n\n<div data-block-name=\"woocommerce\/cart-express-payment-block\" class=\"wp-block-woocommerce-cart-express-payment-block\"><\/div>\n\n\n\n<div data-block-name=\"woocommerce\/proceed-to-checkout-block\" class=\"wp-block-woocommerce-proceed-to-checkout-block\"><\/div>\n\n\n\n<div data-block-name=\"woocommerce\/cart-accepted-payment-methods-block\" class=\"wp-block-woocommerce-cart-accepted-payment-methods-block\"><\/div>\n<\/div>\n<\/div>\n\n\n\n<div data-block-name=\"woocommerce\/empty-cart-block\" class=\"wp-block-woocommerce-empty-cart-block\">\n<h2 class=\"wp-block-heading has-text-align-center with-empty-cart-icon wc-block-cart__empty-cart__title\">Your cart is currently empty!<\/h2>\n\n\n\n<hr class=\"wp-block-separator has-alpha-channel-opacity is-style-dots\"\/>\n\n\n\n<h2 class=\"wp-block-heading has-text-align-center\">New in store<\/h2>\n\n\n<div data-block-name=\"woocommerce\/product-new\" data-columns=\"4\" data-rows=\"1\" class=\"wc-block-grid wp-block-product-new wp-block-woocommerce-product-new wc-block-product-new has-4-columns\"><ul class=\"wc-block-grid__products\"><li class=\"wc-block-grid__product\">\n\t\t\t\t<a href=\"https:\/\/sklep.skoral.com\/en\/produkt\/czarna-czapka-skorzana-zimowa-z-daszkiem-meska-damska-cruze\/\" class=\"wc-block-grid__product-link\">\n\t\t\t\t\t\n\t\t\t\t\t<div class=\"wc-block-grid__product-image\"><img loading=\"lazy\" decoding=\"async\" width=\"324\" height=\"341\" src=\"https:\/\/sklep.skoral.com\/wp-content\/uploads\/2021\/12\/czapka-zimowa-glowne-324x341.jpg\" class=\"attachment-woocommerce_thumbnail size-woocommerce_thumbnail\" alt=\"Czapka zimowa uszatka - z daszkiem - profilowe\" srcset=\"https:\/\/sklep.skoral.com\/wp-content\/uploads\/2021\/12\/czapka-zimowa-glowne-324x341.jpg 324w, https:\/\/sklep.skoral.com\/wp-content\/uploads\/2021\/12\/czapka-zimowa-glowne-428x450.jpg 428w, https:\/\/sklep.skoral.com\/wp-content\/uploads\/2021\/12\/czapka-zimowa-glowne-1825x1920.jpg 1825w, https:\/\/sklep.skoral.com\/wp-content\/uploads\/2021\/12\/czapka-zimowa-glowne-768x808.jpg 768w, https:\/\/sklep.skoral.com\/wp-content\/uploads\/2021\/12\/czapka-zimowa-glowne-1460x1536.jpg 1460w, https:\/\/sklep.skoral.com\/wp-content\/uploads\/2021\/12\/czapka-zimowa-glowne-1947x2048.jpg 1947w, https:\/\/sklep.skoral.com\/wp-content\/uploads\/2021\/12\/czapka-zimowa-glowne-416x438.jpg 416w\" sizes=\"auto, (max-width: 324px) 100vw, 324px\" \/><\/div>\n\t\t\t\t\t<div class=\"wc-block-grid__product-title\">Czarna czapka sk\u00f3rzana zimowa z daszkiem &#8211; m\u0119ska, damska &#8211; Cruze<\/div>\n\t\t\t\t<\/a>\n\t\t\t\t<div class=\"wc-block-grid__product-price price\"><span class=\"woocommerce-Price-amount amount\">340,00&nbsp;<span class=\"woocommerce-Price-currencySymbol\">&#122;&#322;<\/span><\/span><\/div>\n\t\t\t\t\n\t\t\t\t<div class=\"wp-block-button wc-block-grid__product-add-to-cart\"><a href=\"https:\/\/sklep.skoral.com\/en\/produkt\/czarna-czapka-skorzana-zimowa-z-daszkiem-meska-damska-cruze\/\" aria-label=\"Select options for &ldquo;Czarna czapka sk\u00f3rzana zimowa z daszkiem - m\u0119ska, damska - Cruze&rdquo;\" data-quantity=\"1\" data-product_id=\"1061\" data-product_sku=\"\" data-price=\"340\" rel=\"nofollow\" class=\"wp-block-button__link  add_to_cart_button\">Select options<\/a><\/div>\n\t\t\t<\/li><li class=\"wc-block-grid__product\">\n\t\t\t\t<a href=\"https:\/\/sklep.skoral.com\/en\/produkt\/leather-desk-mat-yellow-gold\/\" class=\"wc-block-grid__product-link\">\n\t\t\t\t\t\n\t\t\t\t\t<div class=\"wc-block-grid__product-image\"><img loading=\"lazy\" decoding=\"async\" width=\"324\" height=\"432\" src=\"https:\/\/sklep.skoral.com\/wp-content\/uploads\/2021\/10\/piekna-stylowa-podkladka-ze-skory-naturalnej-skoral-324x432.jpg\" class=\"attachment-woocommerce_thumbnail size-woocommerce_thumbnail\" alt=\"Pi\u0119kna stylowa podkladka ze sk\u00f3ry naturalnej - Sk\u00f3ral\" srcset=\"https:\/\/sklep.skoral.com\/wp-content\/uploads\/2021\/10\/piekna-stylowa-podkladka-ze-skory-naturalnej-skoral-324x432.jpg 324w, https:\/\/sklep.skoral.com\/wp-content\/uploads\/2021\/10\/piekna-stylowa-podkladka-ze-skory-naturalnej-skoral-338x450.jpg 338w, https:\/\/sklep.skoral.com\/wp-content\/uploads\/2021\/10\/piekna-stylowa-podkladka-ze-skory-naturalnej-skoral-1440x1920.jpg 1440w, https:\/\/sklep.skoral.com\/wp-content\/uploads\/2021\/10\/piekna-stylowa-podkladka-ze-skory-naturalnej-skoral-768x1024.jpg 768w, https:\/\/sklep.skoral.com\/wp-content\/uploads\/2021\/10\/piekna-stylowa-podkladka-ze-skory-naturalnej-skoral-1152x1536.jpg 1152w, https:\/\/sklep.skoral.com\/wp-content\/uploads\/2021\/10\/piekna-stylowa-podkladka-ze-skory-naturalnej-skoral-1536x2048.jpg 1536w, https:\/\/sklep.skoral.com\/wp-content\/uploads\/2021\/10\/piekna-stylowa-podkladka-ze-skory-naturalnej-skoral-416x555.jpg 416w, https:\/\/sklep.skoral.com\/wp-content\/uploads\/2021\/10\/piekna-stylowa-podkladka-ze-skory-naturalnej-skoral.jpg 1920w\" sizes=\"auto, (max-width: 324px) 100vw, 324px\" \/><\/div>\n\t\t\t\t\t<div class=\"wc-block-grid__product-title\">Leather Desk Mat \u2014 Yellow \/ Gold<\/div>\n\t\t\t\t<\/a>\n\t\t\t\t<div class=\"wc-block-grid__product-price price\"><span class=\"woocommerce-Price-amount amount\" aria-hidden=\"true\">240,00&nbsp;<span class=\"woocommerce-Price-currencySymbol\">&#122;&#322;<\/span><\/span> <span aria-hidden=\"true\">&ndash;<\/span> <span class=\"woocommerce-Price-amount amount\" aria-hidden=\"true\">500,00&nbsp;<span class=\"woocommerce-Price-currencySymbol\">&#122;&#322;<\/span><\/span><span class=\"screen-reader-text\">Price range: 240,00&nbsp;&#122;&#322; through 500,00&nbsp;&#122;&#322;<\/span><\/div>\n\t\t\t\t\n\t\t\t\t<div class=\"wp-block-button wc-block-grid__product-add-to-cart\"><a href=\"https:\/\/sklep.skoral.com\/en\/produkt\/leather-desk-mat-yellow-gold\/\" aria-label=\"Select options for &ldquo;Leather Desk Mat \u2014 Yellow \/ Gold&rdquo;\" data-quantity=\"1\" data-product_id=\"1848\" data-product_sku=\"\" data-price=\"240\" rel=\"nofollow\" class=\"wp-block-button__link  add_to_cart_button\">Select options<\/a><\/div>\n\t\t\t<\/li><li class=\"wc-block-grid__product\">\n\t\t\t\t<a href=\"https:\/\/sklep.skoral.com\/en\/produkt\/leather-desk-pad-burgundy\/\" class=\"wc-block-grid__product-link\">\n\t\t\t\t\t\n\t\t\t\t\t<div class=\"wc-block-grid__product-image\"><img loading=\"lazy\" decoding=\"async\" width=\"324\" height=\"235\" src=\"https:\/\/sklep.skoral.com\/wp-content\/uploads\/2021\/10\/skorzana-bordowa-podkladka-mata-324x235.jpg\" class=\"attachment-woocommerce_thumbnail size-woocommerce_thumbnail\" alt=\"Burgundy leather desk pad \u2014 mat\" srcset=\"https:\/\/sklep.skoral.com\/wp-content\/uploads\/2021\/10\/skorzana-bordowa-podkladka-mata-324x235.jpg 324w, https:\/\/sklep.skoral.com\/wp-content\/uploads\/2021\/10\/skorzana-bordowa-podkladka-mata-450x326.jpg 450w, https:\/\/sklep.skoral.com\/wp-content\/uploads\/2021\/10\/skorzana-bordowa-podkladka-mata-1920x1392.jpg 1920w, https:\/\/sklep.skoral.com\/wp-content\/uploads\/2021\/10\/skorzana-bordowa-podkladka-mata-768x557.jpg 768w, https:\/\/sklep.skoral.com\/wp-content\/uploads\/2021\/10\/skorzana-bordowa-podkladka-mata-1536x1113.jpg 1536w, https:\/\/sklep.skoral.com\/wp-content\/uploads\/2021\/10\/skorzana-bordowa-podkladka-mata-2048x1484.jpg 2048w, https:\/\/sklep.skoral.com\/wp-content\/uploads\/2021\/10\/skorzana-bordowa-podkladka-mata-416x302.jpg 416w\" sizes=\"auto, (max-width: 324px) 100vw, 324px\" \/><\/div>\n\t\t\t\t\t<div class=\"wc-block-grid__product-title\">Leather Desk Pad \u2014 Burgundy<\/div>\n\t\t\t\t<\/a>\n\t\t\t\t<div class=\"wc-block-grid__product-price price\"><span class=\"woocommerce-Price-amount amount\" aria-hidden=\"true\">240,00&nbsp;<span class=\"woocommerce-Price-currencySymbol\">&#122;&#322;<\/span><\/span> <span aria-hidden=\"true\">&ndash;<\/span> <span class=\"woocommerce-Price-amount amount\" aria-hidden=\"true\">470,00&nbsp;<span class=\"woocommerce-Price-currencySymbol\">&#122;&#322;<\/span><\/span><span class=\"screen-reader-text\">Price range: 240,00&nbsp;&#122;&#322; through 470,00&nbsp;&#122;&#322;<\/span><\/div>\n\t\t\t\t\n\t\t\t\t<div class=\"wp-block-button wc-block-grid__product-add-to-cart\"><a href=\"https:\/\/sklep.skoral.com\/en\/produkt\/leather-desk-pad-burgundy\/\" aria-label=\"Select options for &ldquo;Leather Desk Pad \u2014 Burgundy&rdquo;\" data-quantity=\"1\" data-product_id=\"1877\" data-product_sku=\"\" data-price=\"240\" rel=\"nofollow\" class=\"wp-block-button__link  add_to_cart_button\">Select options<\/a><\/div>\n\t\t\t<\/li><li class=\"wc-block-grid__product\">\n\t\t\t\t<a href=\"https:\/\/sklep.skoral.com\/en\/produkt\/womens-leather-biker-jacket-black-smith\/\" class=\"wc-block-grid__product-link\">\n\t\t\t\t\t\n\t\t\t\t\t<div class=\"wc-block-grid__product-image\"><img loading=\"lazy\" decoding=\"async\" width=\"324\" height=\"477\" src=\"https:\/\/sklep.skoral.com\/wp-content\/uploads\/2021\/05\/skorzana-ramoneska-damska-ze-spodniami-smith-324x477.jpg\" class=\"attachment-woocommerce_thumbnail size-woocommerce_thumbnail\" alt=\"Sk\u00f3rzana ramoneska damska Smith - firmy Sk\u00f3ral - profil\" srcset=\"https:\/\/sklep.skoral.com\/wp-content\/uploads\/2021\/05\/skorzana-ramoneska-damska-ze-spodniami-smith-324x477.jpg 324w, https:\/\/sklep.skoral.com\/wp-content\/uploads\/2021\/05\/skorzana-ramoneska-damska-ze-spodniami-smith-305x450.jpg 305w, https:\/\/sklep.skoral.com\/wp-content\/uploads\/2021\/05\/skorzana-ramoneska-damska-ze-spodniami-smith-1303x1920.jpg 1303w, https:\/\/sklep.skoral.com\/wp-content\/uploads\/2021\/05\/skorzana-ramoneska-damska-ze-spodniami-smith-768x1131.jpg 768w, https:\/\/sklep.skoral.com\/wp-content\/uploads\/2021\/05\/skorzana-ramoneska-damska-ze-spodniami-smith-1043x1536.jpg 1043w, https:\/\/sklep.skoral.com\/wp-content\/uploads\/2021\/05\/skorzana-ramoneska-damska-ze-spodniami-smith-1390x2048.jpg 1390w, https:\/\/sklep.skoral.com\/wp-content\/uploads\/2021\/05\/skorzana-ramoneska-damska-ze-spodniami-smith-416x613.jpg 416w, https:\/\/sklep.skoral.com\/wp-content\/uploads\/2021\/05\/skorzana-ramoneska-damska-ze-spodniami-smith.jpg 1738w\" sizes=\"auto, (max-width: 324px) 100vw, 324px\" \/><\/div>\n\t\t\t\t\t<div class=\"wc-block-grid__product-title\">Women\u2019s Leather Biker Jacket \u2014 Black \u2014 Smith<\/div>\n\t\t\t\t<\/a>\n\t\t\t\t<div class=\"wc-block-grid__product-price price\"><span class=\"woocommerce-Price-amount amount\">1200,00&nbsp;<span class=\"woocommerce-Price-currencySymbol\">&#122;&#322;<\/span><\/span><\/div>\n\t\t\t\t\n\t\t\t\t<div class=\"wp-block-button wc-block-grid__product-add-to-cart\"><a href=\"https:\/\/sklep.skoral.com\/en\/produkt\/womens-leather-biker-jacket-black-smith\/\" aria-label=\"Select options for &ldquo;Women\u2019s Leather Biker Jacket \u2014 Black \u2014 Smith&rdquo;\" data-quantity=\"1\" data-product_id=\"1906\" data-product_sku=\"\" data-price=\"1200\" rel=\"nofollow\" class=\"wp-block-button__link  add_to_cart_button\">Select options<\/a><\/div>\n\t\t\t<\/li><\/ul><\/div><\/div>\n<\/div>\n","protected":false},"excerpt":{"rendered":"","protected":false},"author":1,"featured_media":0,"parent":0,"menu_order":0,"comment_status":"closed","ping_status":"closed","template":"","meta":{"_monsterinsights_skip_tracking":false,"_monsterinsights_sitenote_active":false,"_monsterinsights_sitenote_note":"","_monsterinsights_sitenote_category":0,"footnotes":""},"class_list":["post-1543","page","type-page","status-publish","hentry"],"yoast_head":"<!-- This site is optimized with the Yoast SEO plugin v27.6 - https:\/\/yoast.com\/product\/yoast-seo-wordpress\/ -->\n<title>Cart - Pracownia Sk\u00f3ral<\/title>\n<meta name=\"robots\" content=\"index, follow, max-snippet:-1, max-image-preview:large, max-video-preview:-1\" \/>\n<link rel=\"canonical\" href=\"https:\/\/sklep.skoral.com\/en\/cart\/\" \/>\n<meta property=\"og:locale\" content=\"en_US\" \/>\n<meta property=\"og:type\" content=\"article\" \/>\n<meta property=\"og:title\" content=\"Cart - Pracownia Sk\u00f3ral\" \/>\n<meta property=\"og:url\" content=\"https:\/\/sklep.skoral.com\/en\/cart\/\" \/>\n<meta property=\"og:site_name\" content=\"Pracownia Sk\u00f3ral\" \/>\n<meta property=\"article:publisher\" content=\"https:\/\/www.facebook.com\/SkoralNaturalLeather\" \/>\n<meta property=\"og:image\" content=\"https:\/\/sklep.skoral.com\/wp-content\/uploads\/2021\/01\/skoral-pracownia-z-odzieza-skorzana-i-akcesoriami.jpg\" \/>\n\t<meta property=\"og:image:width\" content=\"1932\" \/>\n\t<meta property=\"og:image:height\" content=\"860\" \/>\n\t<meta property=\"og:image:type\" content=\"image\/jpeg\" \/>\n<meta name=\"twitter:card\" content=\"summary_large_image\" \/>\n<script type=\"application\/ld+json\" class=\"yoast-schema-graph\">{\"@context\":\"https:\\\/\\\/schema.org\",\"@graph\":[{\"@type\":\"WebPage\",\"@id\":\"https:\\\/\\\/sklep.skoral.com\\\/en\\\/cart\\\/\",\"url\":\"https:\\\/\\\/sklep.skoral.com\\\/en\\\/cart\\\/\",\"name\":\"Cart - Pracownia Sk\u00f3ral\",\"isPartOf\":{\"@id\":\"https:\\\/\\\/sklep.skoral.com\\\/en\\\/#website\"},\"datePublished\":\"2025-09-08T18:32:32+00:00\",\"breadcrumb\":{\"@id\":\"https:\\\/\\\/sklep.skoral.com\\\/en\\\/cart\\\/#breadcrumb\"},\"inLanguage\":\"en-US\",\"potentialAction\":[{\"@type\":\"ReadAction\",\"target\":[\"https:\\\/\\\/sklep.skoral.com\\\/en\\\/cart\\\/\"]}]},{\"@type\":\"BreadcrumbList\",\"@id\":\"https:\\\/\\\/sklep.skoral.com\\\/en\\\/cart\\\/#breadcrumb\",\"itemListElement\":[{\"@type\":\"ListItem\",\"position\":1,\"name\":\"Strona g\u0142\u00f3wna\",\"item\":\"https:\\\/\\\/sklep.skoral.com\\\/en\\\/\"},{\"@type\":\"ListItem\",\"position\":2,\"name\":\"Cart\"}]},{\"@type\":\"WebSite\",\"@id\":\"https:\\\/\\\/sklep.skoral.com\\\/en\\\/#website\",\"url\":\"https:\\\/\\\/sklep.skoral.com\\\/en\\\/\",\"name\":\"Pracownia Sk\u00f3ral\",\"description\":\"Sklep z odzie\u017c\u0105\u00a0sk\u00f3rzan\u0105 i akcesoriami ze sk\u00f3ry naturalnej\",\"publisher\":{\"@id\":\"https:\\\/\\\/sklep.skoral.com\\\/en\\\/#organization\"},\"potentialAction\":[{\"@type\":\"SearchAction\",\"target\":{\"@type\":\"EntryPoint\",\"urlTemplate\":\"https:\\\/\\\/sklep.skoral.com\\\/en\\\/?s={search_term_string}\"},\"query-input\":{\"@type\":\"PropertyValueSpecification\",\"valueRequired\":true,\"valueName\":\"search_term_string\"}}],\"inLanguage\":\"en-US\"},{\"@type\":\"Organization\",\"@id\":\"https:\\\/\\\/sklep.skoral.com\\\/en\\\/#organization\",\"name\":\"Sk\u00f3ral - Pracownia odzie\u017cy i akcesori\u00f3w sk\u00f3rzanych\",\"url\":\"https:\\\/\\\/sklep.skoral.com\\\/en\\\/\",\"logo\":{\"@type\":\"ImageObject\",\"inLanguage\":\"en-US\",\"@id\":\"https:\\\/\\\/sklep.skoral.com\\\/en\\\/#\\\/schema\\\/logo\\\/image\\\/\",\"url\":\"https:\\\/\\\/sklep.skoral.com\\\/wp-content\\\/uploads\\\/2020\\\/09\\\/cropped-logo-duze.png\",\"contentUrl\":\"https:\\\/\\\/sklep.skoral.com\\\/wp-content\\\/uploads\\\/2020\\\/09\\\/cropped-logo-duze.png\",\"width\":1200,\"height\":293,\"caption\":\"Sk\u00f3ral - Pracownia odzie\u017cy i akcesori\u00f3w sk\u00f3rzanych\"},\"image\":{\"@id\":\"https:\\\/\\\/sklep.skoral.com\\\/en\\\/#\\\/schema\\\/logo\\\/image\\\/\"},\"sameAs\":[\"https:\\\/\\\/www.facebook.com\\\/SkoralNaturalLeather\",\"https:\\\/\\\/www.instagram.com\\\/skoraldesign\\\/\",\"https:\\\/\\\/www.youtube.com\\\/channel\\\/UCijmecsRU9TpML5jIEBsWTw\"]}]}<\/script>\n<!-- \/ Yoast SEO plugin. -->","yoast_head_json":{"title":"Cart - Pracownia Sk\u00f3ral","robots":{"index":"index","follow":"follow","max-snippet":"max-snippet:-1","max-image-preview":"max-image-preview:large","max-video-preview":"max-video-preview:-1"},"canonical":"https:\/\/sklep.skoral.com\/en\/cart\/","og_locale":"en_US","og_type":"article","og_title":"Cart - Pracownia Sk\u00f3ral","og_url":"https:\/\/sklep.skoral.com\/en\/cart\/","og_site_name":"Pracownia Sk\u00f3ral","article_publisher":"https:\/\/www.facebook.com\/SkoralNaturalLeather","og_image":[{"width":1932,"height":860,"url":"https:\/\/sklep.skoral.com\/wp-content\/uploads\/2021\/01\/skoral-pracownia-z-odzieza-skorzana-i-akcesoriami.jpg","type":"image\/jpeg"}],"twitter_card":"summary_large_image","schema":{"@context":"https:\/\/schema.org","@graph":[{"@type":"WebPage","@id":"https:\/\/sklep.skoral.com\/en\/cart\/","url":"https:\/\/sklep.skoral.com\/en\/cart\/","name":"Cart - Pracownia Sk\u00f3ral","isPartOf":{"@id":"https:\/\/sklep.skoral.com\/en\/#website"},"datePublished":"2025-09-08T18:32:32+00:00","breadcrumb":{"@id":"https:\/\/sklep.skoral.com\/en\/cart\/#breadcrumb"},"inLanguage":"en-US","potentialAction":[{"@type":"ReadAction","target":["https:\/\/sklep.skoral.com\/en\/cart\/"]}]},{"@type":"BreadcrumbList","@id":"https:\/\/sklep.skoral.com\/en\/cart\/#breadcrumb","itemListElement":[{"@type":"ListItem","position":1,"name":"Strona g\u0142\u00f3wna","item":"https:\/\/sklep.skoral.com\/en\/"},{"@type":"ListItem","position":2,"name":"Cart"}]},{"@type":"WebSite","@id":"https:\/\/sklep.skoral.com\/en\/#website","url":"https:\/\/sklep.skoral.com\/en\/","name":"Pracownia Sk\u00f3ral","description":"Sklep z odzie\u017c\u0105\u00a0sk\u00f3rzan\u0105 i akcesoriami ze sk\u00f3ry naturalnej","publisher":{"@id":"https:\/\/sklep.skoral.com\/en\/#organization"},"potentialAction":[{"@type":"SearchAction","target":{"@type":"EntryPoint","urlTemplate":"https:\/\/sklep.skoral.com\/en\/?s={search_term_string}"},"query-input":{"@type":"PropertyValueSpecification","valueRequired":true,"valueName":"search_term_string"}}],"inLanguage":"en-US"},{"@type":"Organization","@id":"https:\/\/sklep.skoral.com\/en\/#organization","name":"Sk\u00f3ral - Pracownia odzie\u017cy i akcesori\u00f3w sk\u00f3rzanych","url":"https:\/\/sklep.skoral.com\/en\/","logo":{"@type":"ImageObject","inLanguage":"en-US","@id":"https:\/\/sklep.skoral.com\/en\/#\/schema\/logo\/image\/","url":"https:\/\/sklep.skoral.com\/wp-content\/uploads\/2020\/09\/cropped-logo-duze.png","contentUrl":"https:\/\/sklep.skoral.com\/wp-content\/uploads\/2020\/09\/cropped-logo-duze.png","width":1200,"height":293,"caption":"Sk\u00f3ral - Pracownia odzie\u017cy i akcesori\u00f3w sk\u00f3rzanych"},"image":{"@id":"https:\/\/sklep.skoral.com\/en\/#\/schema\/logo\/image\/"},"sameAs":["https:\/\/www.facebook.com\/SkoralNaturalLeather","https:\/\/www.instagram.com\/skoraldesign\/","https:\/\/www.youtube.com\/channel\/UCijmecsRU9TpML5jIEBsWTw"]}]}},"jetpack_sharing_enabled":true,"_links":{"self":[{"href":"https:\/\/sklep.skoral.com\/en\/wp-json\/wp\/v2\/pages\/1543","targetHints":{"allow":["GET"]}}],"collection":[{"href":"https:\/\/sklep.skoral.com\/en\/wp-json\/wp\/v2\/pages"}],"about":[{"href":"https:\/\/sklep.skoral.com\/en\/wp-json\/wp\/v2\/types\/page"}],"author":[{"embeddable":true,"href":"https:\/\/sklep.skoral.com\/en\/wp-json\/wp\/v2\/users\/1"}],"replies":[{"embeddable":true,"href":"https:\/\/sklep.skoral.com\/en\/wp-json\/wp\/v2\/comments?post=1543"}],"version-history":[{"count":0,"href":"https:\/\/sklep.skoral.com\/en\/wp-json\/wp\/v2\/pages\/1543\/revisions"}],"wp:attachment":[{"href":"https:\/\/sklep.skoral.com\/en\/wp-json\/wp\/v2\/media?parent=1543"}],"curies":[{"name":"wp","href":"https:\/\/api.w.org\/{rel}","templated":true}]}}