{"id":1668,"date":"2021-01-15T17:56:11","date_gmt":"2021-01-15T16:56:11","guid":{"rendered":"https:\/\/sklep.skoral.com\/terms-and-conditions\/"},"modified":"2025-10-13T00:48:47","modified_gmt":"2025-10-12T22:48:47","slug":"terms-and-conditions","status":"publish","type":"page","link":"https:\/\/sklep.skoral.com\/en\/terms-and-conditions\/","title":{"rendered":"Terms &#038; Conditions"},"content":{"rendered":"\n<p><strong>Terms &amp; Conditions \u015bwiadczenia us\u0142ug za po\u015brednictwem online store www.sklep.skoral.com<\/strong><\/p>\n\n<h3 class=\"wp-block-heading\"><strong>Rozdzia\u0142 I. [General provisions]<\/strong><\/h3>\n\n<p class=\"has-text-align-center\">\u00a7 1.<\/p>\n\n<p>these Terms &amp; Conditions okre\u015bla prawa i obowi\u0105zki stron zwi\u0105zane ze \u015bwiadczeniem przez Sprzedaj\u0105cego us\u0142ug za po\u015brednictwem online store oraz zasady zawierania pomi\u0119dzy Sprzedaj\u0105cym a Klientami um\u00f3w sprzeda\u017cy Towar\u00f3w oraz Produkt\u00f3w Dedykowanych, przy wykorzystaniu \u015brodk\u00f3w porozumiewania si\u0119 na odleg\u0142o\u015b\u0107.<\/p>\n\n<p class=\"has-text-align-center\">\u00a7 2.<\/p>\n\n<p>U\u017cyte w Regulaminie terminy oznaczaj\u0105:<\/p>\n\n<p><strong>Terms &amp; Conditions<\/strong> \u2014 these Terms &amp; Conditions \u015bwiadczenia us\u0142ug za po\u015brednictwem online store www.skoral.com.\u00a0<\/p>\n\n<p><strong>Sprzedaj\u0105cy<\/strong> \u2014 W\u0142odzimierz Tupta prowadz\u0105cy jednoosobow\u0105 dzia\u0142alno\u015b\u0107 gospodarcz\u0105 pod firm\u0105 \u201eSK\u00d3RAL\u201d. Zak\u0142ad Krawiecko-Ku\u015bnierski. W\u0142odzimierz Tupta. NIP: 7351002258, REGON: 490497883, adres: Skomielna Bia\u0142a 484, 32-434 Skomielna Bia\u0142a, tel. (+48) 124231220 .<\/p>\n\n<p><strong>Customer <\/strong>\u2014 osoba fizyczna, osoba prawna lub jednostka organizacyjna nieposiadaj\u0105ca osobowo\u015bci prawnej, nabywaj\u0105ca Towar lub Produkt Dedykowany.<\/p>\n\n<p><strong>online store<\/strong>\u2014 website w domenie www.sklep.skoral.com, w ramach kt\u00f3rej User mo\u017ce przegl\u0105da\u0107 Towary oraz dokonywa\u0107 zakup\u00f3w Towar\u00f3w jak i Produkt\u00f3w Dedykowanych.\u00a0<\/p>\n\n<p><strong>Towar <\/strong>\u2014 odzie\u017c sk\u00f3rzana i akcesoria sk\u00f3rzane, oferowane w online store, kt\u00f3ra mo\u017ce by\u0107 przedmiotem umowy sprzeda\u017cy z U\u017cytkownikiem.<\/p>\n\n<p><strong>Produkt Dedykowany <\/strong>\u2014 odzie\u017c sk\u00f3rzana wykonywana przez Sprzedaj\u0105cego na specjalne Order Klienta, w szczeg\u00f3lno\u015bci szyta zgodnie z wymiarami podanymi przez Klienta.<\/p>\n\n<p><strong>User <\/strong>\u2014 Customer lub inna osoba fizyczna korzystaj\u0105ca z us\u0142ug online store.\u00a0<\/p>\n\n<p><strong>account U\u017cytkownika <\/strong>\u2014 panel umo\u017cliwiaj\u0105cy dokonywanie zakup\u00f3w Towar\u00f3w i Produkt\u00f3w Dedykowanych oraz umo\u017cliwiaj\u0105cy dost\u0119p do danych dotycz\u0105cych zrealizowanych transakcji.\u00a0<\/p>\n\n<p><strong>form Zam\u00f3wienia <\/strong>\u2014 form za pomoc\u0105 kt\u00f3rego Customer nieposiadaj\u0105cy Konta U\u017cytkownika mo\u017ce dokonywa\u0107 w online store zakupu Towar\u00f3w oraz Produkt\u00f3w Dedykowanych.<\/p>\n\n<h3 class=\"wp-block-heading\"><strong>Rozdzia\u0142 II. [Warunki \u015bwiadczenia us\u0142ug]<\/strong><\/h3>\n\n<p class=\"has-text-align-center\">\u00a7 3.<\/p>\n\n<ol class=\"wp-block-list\"><li>Warunkiem korzystania z us\u0142ug online store jest zapoznanie si\u0119 z Regulaminem i akceptacja jego postanowie\u0144.<\/li><li>Sprzedaj\u0105cy \u015bwiadczy us\u0142ugi zgodnie z Regulaminem.<\/li><\/ol>\n\n<p class=\"has-text-align-center\">\u00a7 4.<\/p>\n\n<p>Zakazane jest podawanie przez U\u017cytkownika za po\u015brednictwem Konta U\u017cytkownika, Formularza Zam\u00f3wienia lub w jakikolwiek inny spos\u00f3b tre\u015bci o charakterze bezprawnym, niezgodnych z rzeczywistym stanem rzeczy, a tak\u017ce naruszaj\u0105cych prawa os\u00f3b trzecich.<\/p>\n\n<p class=\"has-text-align-center\">\u00a7 5.<\/p>\n\n<p>Informacje zawarte w online store, odnosz\u0105ce si\u0119 do Towar\u00f3w oraz Produkt\u00f3w Dedykowanych nie stanowi\u0105 oferty handlowej w rozumieniu art. 66 kodeksu cywilnego lecz zaproszenie do zawarcia umowy w rozumieniu art.71 kodeksu cywilnego.<\/p>\n\n<p class=\"has-text-align-center\">\u00a7 6.<\/p>\n\n<ol class=\"wp-block-list\"><li>Do korzystania z us\u0142ug online store niezb\u0119dny jest dost\u0119p do Internetu oraz jednej z przegl\u0105darek Internet Explorer \u2014 wersja 5.5 lub nowsza, Google Chrome, Mozilla Firefox, Safari lub innej kompatybilnej ze Sklepem Internetowym.<\/li><li>Do us\u0142ug wymagaj\u0105cych posiadania Konta U\u017cytkownika niezb\u0119dne jest posiadanie konta e-mail.\u00a0<\/li><li>Utworzenie i prowadzenie Konta U\u017cytkownika jest bezp\u0142atne.<\/li><\/ol>\n\n<h3 class=\"wp-block-heading\"><strong>Rozdzia\u0142 III. [Rodzaje i zakres us\u0142ug \u015bwiadczonych przez Sprzedaj\u0105cego]<\/strong><\/h3>\n\n<p class=\"has-text-align-center\">\u00a7 7.<\/p>\n\n<p>Sprzedaj\u0105cy \u015bwiadczy nast\u0119puj\u0105ce us\u0142ugi na rzecz U\u017cytkownika:<\/p>\n\n<ol class=\"wp-block-list\"><li>Umo\u017cliwienie przegl\u0105dania Towar\u00f3w wraz z cenami;<\/li><li>Umo\u017cliwienie zakupu Towar\u00f3w;<\/li><li>Umo\u017cliwienie z\u0142o\u017cenia zam\u00f3wienia Produktu Dedykowanego;<\/li><li>Umo\u017cliwienie utworzenia Konta U\u017cytkownika.\u00a0<\/li><\/ol>\n\n<h3 class=\"wp-block-heading\"><strong>Rozdzia\u0142 IV. [Zamawianie Towar\u00f3w lub Produkt\u00f3w Dedykowanych]<\/strong><\/h3>\n\n<p class=\"has-text-align-center\">\u00a7 8.<\/p>\n\n<ol class=\"wp-block-list\"><li>Order Towar\u00f3w lub Produkt\u00f3w Dedykowanych odbywa si\u0119 za po\u015brednictwem Konta U\u017cytkownika lub Formularza Zam\u00f3wienia.<\/li><li>User tworzy account U\u017cytkownika poprzez rejestracj\u0119. Rejestracja U\u017cytkownika nast\u0119puje poprzez wype\u0142nienie formularza rejestracyjnego dost\u0119pnego w online store.<\/li><li>Wys\u0142anie zam\u00f3wienia przez Klienta za po\u015brednictwem Konta U\u017cytkownika lub Formularza Zam\u00f3wienia\u00a0stanowi\u00a0ofert\u0119 Klienta z\u0142o\u017con\u0105 Sprzedaj\u0105cemu co do zawarcia umowy sprzeda\u017cy, zgodnie z tre\u015bci\u0105 Regulaminu. \u00a0\u00a0<\/li><li>Po wys\u0142aniu zam\u00f3wienia Customer otrzyma potwierdzenie przyj\u0119cia jego oferty drog\u0105 elektroniczn\u0105, co stanowi przyj\u0119cie zam\u00f3wienia do realizacji i jednocze\u015bnie potwierdzenie zawarcia umowy sprzeda\u017cy Towar\u00f3w lub Produkt\u00f3w Dedykowanych z Klientem.<\/li><\/ol>\n\n<p class=\"has-text-align-center\">\u00a7 9.<\/p>\n\n<p>Przyj\u0119cie zam\u00f3wienia Towaru mo\u017cliwe jest w przypadku, gdy wybrany przez Klienta Towar jest dost\u0119pny w magazynie Sprzedaj\u0105cego. W przypadku braku dost\u0119pno\u015bci zam\u00f3wionego Towaru, Customer zostanie poinformowany o tym niezw\u0142ocznie przy pomocy poczty elektronicznej. Nie p\u00f3\u017aniej ni\u017c w terminie 7 dni od dnia poinformowania Klienta o braku dost\u0119pno\u015bci zamawianego Towaru, Klientowi zwr\u00f3cona zostanie wp\u0142acona przez niego kwota.\u00a0<\/p>\n\n<p class=\"has-text-align-center\">\u00a7 10.<\/p>\n\n<p>Lead time zam\u00f3wienia wynosi 14 dni roboczych. Czas ten liczony jest od momentu potwierdzenia Zam\u00f3wienia przez Sprzedaj\u0105cego do momentu dostarczenia przesy\u0142ki przez firm\u0119 kuriersk\u0105, z kt\u00f3r\u0105 wsp\u00f3\u0142pracuje Sprzedaj\u0105cy.\u00a0\u00a0\u00a0<\/p>\n\n<h3 class=\"wp-block-heading\"><strong>Rozdzia\u0142 V. P\u0142atno\u015bci<\/strong><\/h3>\n\n<p class=\"has-text-align-center\">\u00a7 11.<\/p>\n\n<ol class=\"wp-block-list\"><li>Ceny Towar\u00f3w oraz Produkt\u00f3w Dedykowanych zamieszczone w online store zawieraj\u0105 podatek VAT.<\/li><li>Ceny Towar\u00f3w oraz Produkt\u00f3w Dedykowanych zamieszczone w online store nie zawieraj\u0105 koszt\u00f3w dostawy.<\/li><\/ol>\n\n<p class=\"has-text-align-center\">\u00a7 12.<\/p>\n\n<p>Sprzedaj\u0105cy akceptuje nast\u0119puj\u0105ce formy p\u0142atno\u015bci za Towary oraz Produkty Dedykowane:<\/p>\n\n<ol class=\"wp-block-list\"><li>Przelewem na account bankowe<\/li><li>Za po\u015brednictwem serwisu platnosci24.pl<\/li><\/ol>\n\n<p class=\"has-text-align-center\">\u00a7 13.<\/p>\n\n<p>W przypadku Produkt\u00f3w Dedykowanych wraz ze z\u0142o\u017ceniem zam\u00f3wienia, wymagana jest wp\u0142ata zaliczki w wysoko\u015bci 50% kwoty ca\u0142kowitej [jak ta zaliczka ma by\u0107 wp\u0142acana?].<\/p>\n\n<p class=\"has-text-align-center\">\u00a7 14.<\/p>\n\n<p>Na \u017c\u0105danie Klienta, Sprzedaj\u0105cy wystawi faktur\u0119 VAT.<\/p>\n\n<h3 class=\"wp-block-heading\"><strong>Rozdzia\u0142 VI. [Complaints]<\/strong><\/h3>\n\n<p class=\"has-text-align-center\">\u00a7 15.<\/p>\n\n<ol class=\"wp-block-list\"><li>Sprzedaj\u0105cy jest zobowi\u0105zany dostarczy\u0107 rzeczy bez wad.\u00a0<\/li><li>Sprzedaj\u0105cy odpowiada na zasadzie r\u0119kojmi, za wady fizyczne lub prawne Towaru lub Produktu Dedykowanego, zgodnie z obowi\u0105zuj\u0105cymi przepisami prawa.<\/li><li>W przypadku ch\u0119ci skorzystania z prawa z\u0142o\u017cenia reklamacji Customer mo\u017ce wype\u0142ni\u0107 form reklamacji dost\u0119pny w online store.\u00a0<\/li><li>Complaints rozpatrywane b\u0119d\u0105 w terminie dw\u00f3ch tygodni.<\/li><\/ol>\n\n<p class=\"has-text-align-center\">\u00a7 16.<\/p>\n\n<p>W przypadku Produktu Dedykowanego, Sprzedaj\u0105cy umo\u017cliwia zg\u0142aszanie poprawek krawieckich w terminie dw\u00f3ch tygodni licz\u0105c od dnia odebrania Produktu Dedykowanego przez Klienta.\u00a0<\/p>\n\n<h3 class=\"wp-block-heading\"><strong>Rozdzia\u0142 VII. [Withdrawal from the contract]<\/strong><\/h3>\n\n<p class=\"has-text-align-center\">\u00a7 17.<\/p>\n\n<ol class=\"wp-block-list\"><li>Klientowi, kt\u00f3ry zawar\u0142 umow\u0119 sprzeda\u017cy Towaru przys\u0142uguje Right of withdrawal od umowy bez podania jakiejkolwiek przyczyny w terminie 14 dni od dnia odebrania Towaru, zgodnie z art. 27 Ustawy z 30 maja 2014 r. o prawach konsumenta. Wz\u00f3r formularza odst\u0105pienia od umowy stanowi Appendix nr 1 do Regulaminu. Mo\u017cna skorzysta\u0107 ze wzoru formularza odst\u0105pienia od umowy, jednak nie jest to obowi\u0105zkowe.\u00a0<\/li><li>W celu skorzystania z prawa odst\u0105pienia od umowy mo\u017cna wype\u0142ni\u0107 form odst\u0105pienia od umowy oraz wys\u0142a\u0107 go poczt\u0105 na adres: Firma Sk\u00f3ral, Dietla 33, 31-062 Krak\u00f3w lub poczt\u0105 elektroniczn\u0105 na adres: firma@skoral.com.\u00a0<\/li><li>Aby zachowa\u0107 termin do odst\u0105pienia od umowy, wystarczy wys\u0142a\u0107 informacj\u0119 dotycz\u0105c\u0105 wykonania przys\u0142uguj\u0105cego prawa odst\u0105pienia od umowy przed up\u0142ywem terminu do odst\u0105pienia od umowy.<\/li><li>Zwracany Towar nale\u017cy odes\u0142a\u0107 na adres \u201eSK\u00d3RAL\u201d. Zak\u0142ad Krawiecko-Ku\u015bnierski, Dietla 33, 31-062 Krak\u00f3w, niezw\u0142ocznie, a w ka\u017cdym razie nie p\u00f3\u017aniej ni\u017c 14 dni od dnia, w kt\u00f3rym Customer poinformowa\u0142 o odst\u0105pieniu od umowy. Termin jest zachowany, je\u017celi Customer ode\u015ble Towar przed up\u0142ywem terminu 14 dni.<\/li><li>W przypadku odst\u0105pienia od umowy zwrotowi podlegaj\u0105 wszystkie otrzymane p\u0142atno\u015bci, w tym koszty dostarczenia rzeczy (z wyj\u0105tkiem dodatkowych koszt\u00f3w wynikaj\u0105cych z wybranego przez Klienta sposobu dostarczenia innego ni\u017c najta\u0144szy zwyk\u0142y spos\u00f3b dostarczenia oferowany przez Sprzedaj\u0105cego), niezw\u0142ocznie, a w ka\u017cdym przypadku nie p\u00f3\u017aniej ni\u017c 14 dni od dnia, w kt\u00f3rym zostali\u015bmy poinformowani o decyzji o wykonaniu prawa odst\u0105pienia od umowy. Sprzedaj\u0105cy mo\u017ce wstrzyma\u0107 si\u0119 ze zwrotem p\u0142atno\u015bci do czasu otrzymania rzeczy lub do czasu dostarczenia dowodu jej odes\u0142ania, w zale\u017cno\u015bci od tego, kt\u00f3re zdarzenie nast\u0105pi wcze\u015bniej. Zwrotu p\u0142atno\u015bci Sprzedaj\u0105cy dokona przy u\u017cyciu takich samych sposob\u00f3w p\u0142atno\u015bci, jakie zosta\u0142y u\u017cyte przez Klienta w pierwotnej transakcji, chyba, \u017ce Customer wyra\u017anie zgodzi\u0142 si\u0119 na inne rozwi\u0105zanie. W ka\u017cdym przypadku Customer nie poniesie \u017cadnych op\u0142at w zwi\u0105zku z tym zwrotem.<\/li><\/ol>\n\n<p class=\"has-text-align-center\">\u00a7 18.\u00a0<\/p>\n\n<p>Klientowi, kt\u00f3ry zawar\u0142 umow\u0119 zakupu Produktu Dedykowanego, zgodnie z art.38 ust. 3 Ustawy z 30 maja 2014 r. o prawach konsumenta, Right of withdrawal od umowy nie przys\u0142uguje.<\/p>\n\n<h3 class=\"wp-block-heading\"><strong>Rozdzia\u0142 VIII. [Final provisions]<\/strong><\/h3>\n\n<p class=\"has-text-align-center\">\u00a7 19.<\/p>\n\n<p>Terms &amp; Conditions jest udost\u0119pniony nieodp\u0142atnie wszystkim U\u017cytkownikom online store, kt\u00f3rzy mog\u0105 go pobra\u0107, odtworzy\u0107 i utrwali\u0107 za po\u015brednictwem online store.<br\/><br\/><br\/><\/p>\n","protected":false},"excerpt":{"rendered":"<p>Terms &amp; Conditions \u015bwiadczenia us\u0142ug za po\u015brednictwem online store www.sklep.skoral.com Rozdzia\u0142 I. [General provisions] \u00a7 1. these Terms &amp; Conditions okre\u015bla prawa i obowi\u0105zki stron zwi\u0105zane ze \u015bwiadczeniem przez Sprzedaj\u0105cego us\u0142ug za po\u015brednictwem online store oraz zasady zawierania pomi\u0119dzy Sprzedaj\u0105cym a Klientami um\u00f3w sprzeda\u017cy Towar\u00f3w oraz Produkt\u00f3w Dedykowanych, przy wykorzystaniu \u015brodk\u00f3w porozumiewania si\u0119 na odleg\u0142o\u015b\u0107. [&hellip;]<\/p>\n","protected":false},"author":1,"featured_media":0,"parent":0,"menu_order":0,"comment_status":"closed","ping_status":"closed","template":"","meta":{"_monsterinsights_skip_tracking":false,"_monsterinsights_sitenote_active":false,"_monsterinsights_sitenote_note":"","_monsterinsights_sitenote_category":0,"footnotes":""},"class_list":["post-1668","page","type-page","status-publish","hentry"],"yoast_head":"<!-- This site is optimized with the Yoast SEO plugin v27.6 - https:\/\/yoast.com\/product\/yoast-seo-wordpress\/ -->\n<title>Terms &amp; Conditions - Pracownia Sk\u00f3ral - Sklep z odzie\u017c\u0105 sk\u00f3rzan\u0105<\/title>\n<meta name=\"description\" content=\"Na tej stronie znajdziesz Terms &amp; Conditions sklepu firmy Sk\u00f3ral. Zapoznaj si\u0119 z zawartymi informacjami w celu skorzystania z naszych us\u0142ug.\" \/>\n<meta name=\"robots\" content=\"index, follow, max-snippet:-1, max-image-preview:large, max-video-preview:-1\" \/>\n<link rel=\"canonical\" href=\"https:\/\/sklep.skoral.com\/en\/terms-and-conditions\/\" \/>\n<meta property=\"og:locale\" content=\"en_US\" \/>\n<meta property=\"og:type\" content=\"article\" \/>\n<meta property=\"og:title\" content=\"Terms &amp; Conditions - Pracownia Sk\u00f3ral - Sklep z odzie\u017c\u0105 sk\u00f3rzan\u0105\" \/>\n<meta property=\"og:description\" content=\"Na tej stronie znajdziesz Terms &amp; Conditions sklepu firmy Sk\u00f3ral. Zapoznaj si\u0119 z zawartymi informacjami w celu skorzystania z naszych us\u0142ug.\" \/>\n<meta property=\"og:url\" content=\"https:\/\/sklep.skoral.com\/en\/terms-and-conditions\/\" \/>\n<meta property=\"og:site_name\" content=\"Pracownia Sk\u00f3ral\" \/>\n<meta property=\"article:publisher\" content=\"https:\/\/www.facebook.com\/SkoralNaturalLeather\" \/>\n<meta property=\"article:modified_time\" content=\"2025-10-12T22:48:47+00:00\" \/>\n<meta property=\"og:image\" content=\"https:\/\/sklep.skoral.com\/wp-content\/uploads\/2021\/01\/skoral-pracownia-z-odzieza-skorzana-i-akcesoriami.jpg\" \/>\n\t<meta property=\"og:image:width\" content=\"1932\" \/>\n\t<meta property=\"og:image:height\" content=\"860\" \/>\n\t<meta property=\"og:image:type\" content=\"image\/jpeg\" \/>\n<meta name=\"twitter:card\" content=\"summary_large_image\" \/>\n<meta name=\"twitter:label1\" content=\"Est. reading time\" \/>\n\t<meta name=\"twitter:data1\" content=\"7 minutes\" \/>\n<script type=\"application\/ld+json\" class=\"yoast-schema-graph\">{\"@context\":\"https:\\\/\\\/schema.org\",\"@graph\":[{\"@type\":\"WebPage\",\"@id\":\"https:\\\/\\\/sklep.skoral.com\\\/en\\\/terms-and-conditions\\\/\",\"url\":\"https:\\\/\\\/sklep.skoral.com\\\/en\\\/terms-and-conditions\\\/\",\"name\":\"Terms & Conditions - Pracownia Sk\u00f3ral - Sklep z odzie\u017c\u0105 sk\u00f3rzan\u0105\",\"isPartOf\":{\"@id\":\"https:\\\/\\\/sklep.skoral.com\\\/en\\\/#website\"},\"datePublished\":\"2021-01-15T16:56:11+00:00\",\"dateModified\":\"2025-10-12T22:48:47+00:00\",\"description\":\"Na tej stronie znajdziesz Terms & Conditions sklepu firmy Sk\u00f3ral. Zapoznaj si\u0119 z zawartymi informacjami w celu skorzystania z naszych us\u0142ug.\",\"breadcrumb\":{\"@id\":\"https:\\\/\\\/sklep.skoral.com\\\/en\\\/terms-and-conditions\\\/#breadcrumb\"},\"inLanguage\":\"en-US\",\"potentialAction\":[{\"@type\":\"ReadAction\",\"target\":[\"https:\\\/\\\/sklep.skoral.com\\\/en\\\/terms-and-conditions\\\/\"]}]},{\"@type\":\"BreadcrumbList\",\"@id\":\"https:\\\/\\\/sklep.skoral.com\\\/en\\\/terms-and-conditions\\\/#breadcrumb\",\"itemListElement\":[{\"@type\":\"ListItem\",\"position\":1,\"name\":\"Strona g\u0142\u00f3wna\",\"item\":\"https:\\\/\\\/sklep.skoral.com\\\/en\\\/\"},{\"@type\":\"ListItem\",\"position\":2,\"name\":\"Terms &#038; Conditions\"}]},{\"@type\":\"WebSite\",\"@id\":\"https:\\\/\\\/sklep.skoral.com\\\/en\\\/#website\",\"url\":\"https:\\\/\\\/sklep.skoral.com\\\/en\\\/\",\"name\":\"Pracownia Sk\u00f3ral\",\"description\":\"Sklep z odzie\u017c\u0105\u00a0sk\u00f3rzan\u0105 i akcesoriami ze sk\u00f3ry naturalnej\",\"publisher\":{\"@id\":\"https:\\\/\\\/sklep.skoral.com\\\/en\\\/#organization\"},\"potentialAction\":[{\"@type\":\"SearchAction\",\"target\":{\"@type\":\"EntryPoint\",\"urlTemplate\":\"https:\\\/\\\/sklep.skoral.com\\\/en\\\/?s={search_term_string}\"},\"query-input\":{\"@type\":\"PropertyValueSpecification\",\"valueRequired\":true,\"valueName\":\"search_term_string\"}}],\"inLanguage\":\"en-US\"},{\"@type\":\"Organization\",\"@id\":\"https:\\\/\\\/sklep.skoral.com\\\/en\\\/#organization\",\"name\":\"Sk\u00f3ral - Pracownia odzie\u017cy i akcesori\u00f3w sk\u00f3rzanych\",\"url\":\"https:\\\/\\\/sklep.skoral.com\\\/en\\\/\",\"logo\":{\"@type\":\"ImageObject\",\"inLanguage\":\"en-US\",\"@id\":\"https:\\\/\\\/sklep.skoral.com\\\/en\\\/#\\\/schema\\\/logo\\\/image\\\/\",\"url\":\"https:\\\/\\\/sklep.skoral.com\\\/wp-content\\\/uploads\\\/2020\\\/09\\\/cropped-logo-duze.png\",\"contentUrl\":\"https:\\\/\\\/sklep.skoral.com\\\/wp-content\\\/uploads\\\/2020\\\/09\\\/cropped-logo-duze.png\",\"width\":1200,\"height\":293,\"caption\":\"Sk\u00f3ral - Pracownia odzie\u017cy i akcesori\u00f3w sk\u00f3rzanych\"},\"image\":{\"@id\":\"https:\\\/\\\/sklep.skoral.com\\\/en\\\/#\\\/schema\\\/logo\\\/image\\\/\"},\"sameAs\":[\"https:\\\/\\\/www.facebook.com\\\/SkoralNaturalLeather\",\"https:\\\/\\\/www.instagram.com\\\/skoraldesign\\\/\",\"https:\\\/\\\/www.youtube.com\\\/channel\\\/UCijmecsRU9TpML5jIEBsWTw\"]}]}<\/script>\n<!-- \/ Yoast SEO plugin. -->","yoast_head_json":{"title":"Terms & Conditions - Pracownia Sk\u00f3ral - Sklep z odzie\u017c\u0105 sk\u00f3rzan\u0105","description":"Na tej stronie znajdziesz Terms & Conditions sklepu firmy Sk\u00f3ral. Zapoznaj si\u0119 z zawartymi informacjami w celu skorzystania z naszych us\u0142ug.","robots":{"index":"index","follow":"follow","max-snippet":"max-snippet:-1","max-image-preview":"max-image-preview:large","max-video-preview":"max-video-preview:-1"},"canonical":"https:\/\/sklep.skoral.com\/en\/terms-and-conditions\/","og_locale":"en_US","og_type":"article","og_title":"Terms & Conditions - Pracownia Sk\u00f3ral - Sklep z odzie\u017c\u0105 sk\u00f3rzan\u0105","og_description":"Na tej stronie znajdziesz Terms & Conditions sklepu firmy Sk\u00f3ral. Zapoznaj si\u0119 z zawartymi informacjami w celu skorzystania z naszych us\u0142ug.","og_url":"https:\/\/sklep.skoral.com\/en\/terms-and-conditions\/","og_site_name":"Pracownia Sk\u00f3ral","article_publisher":"https:\/\/www.facebook.com\/SkoralNaturalLeather","article_modified_time":"2025-10-12T22:48:47+00:00","og_image":[{"width":1932,"height":860,"url":"https:\/\/sklep.skoral.com\/wp-content\/uploads\/2021\/01\/skoral-pracownia-z-odzieza-skorzana-i-akcesoriami.jpg","type":"image\/jpeg"}],"twitter_card":"summary_large_image","twitter_misc":{"Est. reading time":"7 minutes"},"schema":{"@context":"https:\/\/schema.org","@graph":[{"@type":"WebPage","@id":"https:\/\/sklep.skoral.com\/en\/terms-and-conditions\/","url":"https:\/\/sklep.skoral.com\/en\/terms-and-conditions\/","name":"Terms & Conditions - Pracownia Sk\u00f3ral - Sklep z odzie\u017c\u0105 sk\u00f3rzan\u0105","isPartOf":{"@id":"https:\/\/sklep.skoral.com\/en\/#website"},"datePublished":"2021-01-15T16:56:11+00:00","dateModified":"2025-10-12T22:48:47+00:00","description":"Na tej stronie znajdziesz Terms & Conditions sklepu firmy Sk\u00f3ral. Zapoznaj si\u0119 z zawartymi informacjami w celu skorzystania z naszych us\u0142ug.","breadcrumb":{"@id":"https:\/\/sklep.skoral.com\/en\/terms-and-conditions\/#breadcrumb"},"inLanguage":"en-US","potentialAction":[{"@type":"ReadAction","target":["https:\/\/sklep.skoral.com\/en\/terms-and-conditions\/"]}]},{"@type":"BreadcrumbList","@id":"https:\/\/sklep.skoral.com\/en\/terms-and-conditions\/#breadcrumb","itemListElement":[{"@type":"ListItem","position":1,"name":"Strona g\u0142\u00f3wna","item":"https:\/\/sklep.skoral.com\/en\/"},{"@type":"ListItem","position":2,"name":"Terms &#038; Conditions"}]},{"@type":"WebSite","@id":"https:\/\/sklep.skoral.com\/en\/#website","url":"https:\/\/sklep.skoral.com\/en\/","name":"Pracownia Sk\u00f3ral","description":"Sklep z odzie\u017c\u0105\u00a0sk\u00f3rzan\u0105 i akcesoriami ze sk\u00f3ry naturalnej","publisher":{"@id":"https:\/\/sklep.skoral.com\/en\/#organization"},"potentialAction":[{"@type":"SearchAction","target":{"@type":"EntryPoint","urlTemplate":"https:\/\/sklep.skoral.com\/en\/?s={search_term_string}"},"query-input":{"@type":"PropertyValueSpecification","valueRequired":true,"valueName":"search_term_string"}}],"inLanguage":"en-US"},{"@type":"Organization","@id":"https:\/\/sklep.skoral.com\/en\/#organization","name":"Sk\u00f3ral - Pracownia odzie\u017cy i akcesori\u00f3w sk\u00f3rzanych","url":"https:\/\/sklep.skoral.com\/en\/","logo":{"@type":"ImageObject","inLanguage":"en-US","@id":"https:\/\/sklep.skoral.com\/en\/#\/schema\/logo\/image\/","url":"https:\/\/sklep.skoral.com\/wp-content\/uploads\/2020\/09\/cropped-logo-duze.png","contentUrl":"https:\/\/sklep.skoral.com\/wp-content\/uploads\/2020\/09\/cropped-logo-duze.png","width":1200,"height":293,"caption":"Sk\u00f3ral - Pracownia odzie\u017cy i akcesori\u00f3w sk\u00f3rzanych"},"image":{"@id":"https:\/\/sklep.skoral.com\/en\/#\/schema\/logo\/image\/"},"sameAs":["https:\/\/www.facebook.com\/SkoralNaturalLeather","https:\/\/www.instagram.com\/skoraldesign\/","https:\/\/www.youtube.com\/channel\/UCijmecsRU9TpML5jIEBsWTw"]}]}},"jetpack_sharing_enabled":true,"_links":{"self":[{"href":"https:\/\/sklep.skoral.com\/en\/wp-json\/wp\/v2\/pages\/1668","targetHints":{"allow":["GET"]}}],"collection":[{"href":"https:\/\/sklep.skoral.com\/en\/wp-json\/wp\/v2\/pages"}],"about":[{"href":"https:\/\/sklep.skoral.com\/en\/wp-json\/wp\/v2\/types\/page"}],"author":[{"embeddable":true,"href":"https:\/\/sklep.skoral.com\/en\/wp-json\/wp\/v2\/users\/1"}],"replies":[{"embeddable":true,"href":"https:\/\/sklep.skoral.com\/en\/wp-json\/wp\/v2\/comments?post=1668"}],"version-history":[{"count":3,"href":"https:\/\/sklep.skoral.com\/en\/wp-json\/wp\/v2\/pages\/1668\/revisions"}],"predecessor-version":[{"id":1846,"href":"https:\/\/sklep.skoral.com\/en\/wp-json\/wp\/v2\/pages\/1668\/revisions\/1846"}],"wp:attachment":[{"href":"https:\/\/sklep.skoral.com\/en\/wp-json\/wp\/v2\/media?parent=1668"}],"curies":[{"name":"wp","href":"https:\/\/api.w.org\/{rel}","templated":true}]}}