{"id":1672,"date":"2021-01-19T15:09:14","date_gmt":"2021-01-19T14:09:14","guid":{"rendered":"https:\/\/sklep.skoral.com\/skoral-leather-clothing-manufacturer\/"},"modified":"2025-10-13T00:45:44","modified_gmt":"2025-10-12T22:45:44","slug":"skoral-leather-clothing-manufacturer","status":"publish","type":"page","link":"https:\/\/sklep.skoral.com\/en\/skoral-leather-clothing-manufacturer\/","title":{"rendered":"Leather desk accessories \u2014 gold &#038; yellow collection | Sk\u00f3ral"},"content":{"rendered":"\n<p><strong>sk\u00f3ral to Polska Marka Premium, Dzia\u0142aj\u0105ca Na Rynku Od 1979 Roku. <\/strong>specjalizujemy Si\u0119 W Produkcji Najwy\u017cszej Jako\u015bci <strong>odzie\u017cy Leatherj<\/strong> Oraz <strong>ko\u017cuch\u00f3w<\/strong>. W Ostatnich Latach, Odpowiadaj\u0105c Na Potrzeby Naszych Klient\u00f3w, Poszerzyli\u015bmy Nasz Asortyment O <a href=\"\/?product_cat=accessories-skorzane\">eleganckie I Uniwersalne Accessories Biurowe<\/a>, R\u00f3wnie\u017c Wykonane Ze Sk\u00f3ry Naturalnej.<\/p>\n\n<p>Odzie\u017c I Accessories Marki Sk\u00f3ral Produkowane S\u0105 Ze Starannie Wyselekcjonowanych Naturalnych Sk\u00f3r Licowych Jagni\u0119cych Oraz Bydl\u0119cych, Pochodz\u0105cych Z W\u0142och, Hiszpanii, Stan\u00f3w Zjednoczonych Oraz Polski. Tworz\u0105c Nasze Projekty Korzystamy Z Niezwykle Mi\u0119kkiej I Wytrzyma\u0142ej Sk\u00f3ry Naturalnej, Kt\u00f3ra Zapewnia Wysoki Komfort U\u017cytkowania I Gwarancj\u0119 Najlepszej Jako\u015bci Na Lata.<\/p>\n\n<p>W Naszym Sklepie Oferujemy Odzie\u017c Sk\u00f3rzan\u0105 Dost\u0119pn\u0105 W Ka\u017cdym Rozmiarze &#8211; S, M, L, Xl Oraz Xxl, W R\u00f3\u017cnych Kolorach I Wzorach. W Kolekcji Posiadamy Produkty Ponadczasowe, Kt\u00f3re Idealnie Wpisuj\u0105 Si\u0119 W Aktualnie Panuj\u0105ce Trendy.<\/p>\n\n<figure Class=\"wp-block-embed Is-type-video Is-provider-youtube Wp-block-embed-youtube Wp-embed-aspect-16-9 Wp-has-aspect-ratio\"><div Class=\"wp-block-embed__wrapper\"> Https:\/\/youtu.be\/iwlj_awrnzo <\/div><figcaption>spot Reklamowy Firmy Sk\u00f3ral \u2014 Sk\u00f3ral\n\n<h2 class=\"wp-block-heading\">Projektowanie Odzie\u017cy Leatherj<\/h2>\n\n<p>Projektuj\u0105c Odzie\u017c I Accessories Marki Sk\u00f3ral Kierujemy Si\u0119 Dba\u0142o\u015bci\u0105 O Ka\u017cdy, Nawet Najdrobniejszy Szczeg\u00f3\u0142. K\u0142adziemy Szczeg\u00f3lny Nacisk Na Estetyk\u0119 Wykonania, Ale R\u00f3wnie\u017c Na Wytrzyma\u0142o\u015b\u0107 I Niezawodno\u015b\u0107 Tworzonych Produkt\u00f3w. Dzi\u0119ki Temu Mamy Pewno\u015b\u0107, \u017be Odzie\u017c I Dodatki Marki Sk\u00f3ral to Niezast\u0105pione Klasyki, Kt\u00f3re Pos\u0142u\u017c\u0105 Naszym Klientom Przez Wiele Sezon\u00f3w.<\/p>\n\n<p>Jako Producent Wyrob\u00f3w Ze Sk\u00f3ry Naturalnej, Oferujemy Tak\u017ce <strong>us\u0142ug\u0119 Szycia Odzie\u017cy Leatherj Na Miar\u0119<\/strong> Wraz Z Mo\u017cliwo\u015bci\u0105 Personalizacji Zam\u00f3wienia Wed\u0142ug Indywidualnego Pomys\u0142u. W Naszym Krakowskim Punkcie Sprzeda\u017cy (ul. Dietla 33) Nasz Wykwalifikowany Personel S\u0142u\u017cy Pomoc\u0105 W Odpowiednim Dopasowaniu Odzie\u017cy Do Sylwetki.<\/p>\n\n<h2 class=\"wp-block-heading\">Przer\u00f3bki I Naprawa Odzie\u017cy Leatherj I Ko\u017cuch\u00f3w<\/h2>\n\n<p>Zajmujemy Si\u0119 Tak\u017ce Przer\u00f3bkami Oraz Napraw\u0105 Odzie\u017cy Leatherj I Ko\u017cuch\u00f3w. Je\u015bli Szukasz Wyj\u0105tkowej I Jako\u015bciowej Odzie\u017cy Leatherj, Ponadczasowych Klasyk\u00f3w, Kt\u00f3re Pos\u0142u\u017c\u0105 Ci Przez Wiele Sezon\u00f3w &#8211; Zapraszamy Do Naszego Sklepu Internetowego.<\/p>\n\n<p>W razie jakichkolwiek pyta\u0144 s\u0142u\u017cymy pomoc\u0105! <a href=\"https:\/\/sklep.skoral.com\/en\/contact\/\">Skontaktuj si\u0119\u00a0z nami.<\/a><\/p>\n","protected":false},"excerpt":{"rendered":"<p>sk\u00f3ral to Polska Marka Premium, Dzia\u0142aj\u0105ca Na Rynku Od 1979 Roku. specjalizujemy Si\u0119 W Produkcji Najwy\u017cszej Jako\u015bci odzie\u017cy Leatherj Oraz ko\u017cuch\u00f3w. W Ostatnich Latach, Odpowiadaj\u0105c Na Potrzeby Naszych Klient\u00f3w, Poszerzyli\u015bmy Nasz Asortyment O eleganckie I Uniwersalne Accessories Biurowe, R\u00f3wnie\u017c Wykonane Ze Sk\u00f3ry Naturalnej. Odzie\u017c I Accessories Marki Sk\u00f3ral Produkowane S\u0105 Ze Starannie Wyselekcjonowanych Naturalnych Sk\u00f3r [&hellip;]<\/p>\n","protected":false},"author":1,"featured_media":0,"parent":0,"menu_order":0,"comment_status":"closed","ping_status":"closed","template":"","meta":{"_monsterinsights_skip_tracking":false,"_monsterinsights_sitenote_active":false,"_monsterinsights_sitenote_note":"","_monsterinsights_sitenote_category":0,"footnotes":""},"class_list":["post-1672","page","type-page","status-publish","hentry"],"yoast_head":"<!-- This site is optimized with the Yoast SEO plugin v27.6 - https:\/\/yoast.com\/product\/yoast-seo-wordpress\/ -->\n<title>Leather desk accessories \u2014 gold &amp; yellow | Sk\u00f3ral<\/title>\n<meta name=\"description\" content=\"Add a refined touch to your workspace with leather desk mats and pads from Sk\u00f3ral \u2014 in gold and yellow. Premium materials, elegant finish, made to last.\" \/>\n<meta name=\"robots\" content=\"index, follow, max-snippet:-1, max-image-preview:large, max-video-preview:-1\" \/>\n<link rel=\"canonical\" href=\"https:\/\/sklep.skoral.com\/en\/skoral-leather-clothing-manufacturer\/\" \/>\n<meta property=\"og:locale\" content=\"en_US\" \/>\n<meta property=\"og:type\" content=\"article\" \/>\n<meta property=\"og:title\" content=\"Leather desk accessories \u2014 gold &amp; yellow | Sk\u00f3ral\" \/>\n<meta property=\"og:description\" content=\"Add a refined touch to your workspace with leather desk mats and pads from Sk\u00f3ral \u2014 in gold and yellow. Premium materials, elegant finish, made to last.\" \/>\n<meta property=\"og:url\" content=\"https:\/\/sklep.skoral.com\/en\/skoral-leather-clothing-manufacturer\/\" \/>\n<meta property=\"og:site_name\" content=\"Pracownia Sk\u00f3ral\" \/>\n<meta property=\"article:publisher\" content=\"https:\/\/www.facebook.com\/SkoralNaturalLeather\" \/>\n<meta property=\"article:modified_time\" content=\"2025-10-12T22:45:44+00:00\" \/>\n<meta property=\"og:image\" content=\"https:\/\/sklep.skoral.com\/wp-content\/uploads\/2021\/01\/skoral-pracownia-z-odzieza-skorzana-i-akcesoriami.jpg\" \/>\n\t<meta property=\"og:image:width\" content=\"1932\" \/>\n\t<meta property=\"og:image:height\" content=\"860\" \/>\n\t<meta property=\"og:image:type\" content=\"image\/jpeg\" \/>\n<meta name=\"twitter:card\" content=\"summary_large_image\" \/>\n<meta name=\"twitter:label1\" content=\"Est. reading time\" \/>\n\t<meta name=\"twitter:data1\" content=\"2 minutes\" \/>\n<script type=\"application\/ld+json\" class=\"yoast-schema-graph\">{\"@context\":\"https:\\\/\\\/schema.org\",\"@graph\":[{\"@type\":\"WebPage\",\"@id\":\"https:\\\/\\\/sklep.skoral.com\\\/en\\\/skoral-leather-clothing-manufacturer\\\/\",\"url\":\"https:\\\/\\\/sklep.skoral.com\\\/en\\\/skoral-leather-clothing-manufacturer\\\/\",\"name\":\"Leather desk accessories \u2014 gold & yellow | Sk\u00f3ral\",\"isPartOf\":{\"@id\":\"https:\\\/\\\/sklep.skoral.com\\\/en\\\/#website\"},\"datePublished\":\"2021-01-19T14:09:14+00:00\",\"dateModified\":\"2025-10-12T22:45:44+00:00\",\"description\":\"Add a refined touch to your workspace with leather desk mats and pads from Sk\u00f3ral \u2014 in gold and yellow. Premium materials, elegant finish, made to last.\",\"breadcrumb\":{\"@id\":\"https:\\\/\\\/sklep.skoral.com\\\/en\\\/skoral-leather-clothing-manufacturer\\\/#breadcrumb\"},\"inLanguage\":\"en-US\",\"potentialAction\":[{\"@type\":\"ReadAction\",\"target\":[\"https:\\\/\\\/sklep.skoral.com\\\/en\\\/skoral-leather-clothing-manufacturer\\\/\"]}]},{\"@type\":\"BreadcrumbList\",\"@id\":\"https:\\\/\\\/sklep.skoral.com\\\/en\\\/skoral-leather-clothing-manufacturer\\\/#breadcrumb\",\"itemListElement\":[{\"@type\":\"ListItem\",\"position\":1,\"name\":\"Strona g\u0142\u00f3wna\",\"item\":\"https:\\\/\\\/sklep.skoral.com\\\/en\\\/\"},{\"@type\":\"ListItem\",\"position\":2,\"name\":\"Leather desk accessories \u2014 gold &#038; yellow collection | Sk\u00f3ral\"}]},{\"@type\":\"WebSite\",\"@id\":\"https:\\\/\\\/sklep.skoral.com\\\/en\\\/#website\",\"url\":\"https:\\\/\\\/sklep.skoral.com\\\/en\\\/\",\"name\":\"Pracownia Sk\u00f3ral\",\"description\":\"Sklep z odzie\u017c\u0105\u00a0sk\u00f3rzan\u0105 i akcesoriami ze sk\u00f3ry naturalnej\",\"publisher\":{\"@id\":\"https:\\\/\\\/sklep.skoral.com\\\/en\\\/#organization\"},\"potentialAction\":[{\"@type\":\"SearchAction\",\"target\":{\"@type\":\"EntryPoint\",\"urlTemplate\":\"https:\\\/\\\/sklep.skoral.com\\\/en\\\/?s={search_term_string}\"},\"query-input\":{\"@type\":\"PropertyValueSpecification\",\"valueRequired\":true,\"valueName\":\"search_term_string\"}}],\"inLanguage\":\"en-US\"},{\"@type\":\"Organization\",\"@id\":\"https:\\\/\\\/sklep.skoral.com\\\/en\\\/#organization\",\"name\":\"Sk\u00f3ral - Pracownia odzie\u017cy i akcesori\u00f3w sk\u00f3rzanych\",\"url\":\"https:\\\/\\\/sklep.skoral.com\\\/en\\\/\",\"logo\":{\"@type\":\"ImageObject\",\"inLanguage\":\"en-US\",\"@id\":\"https:\\\/\\\/sklep.skoral.com\\\/en\\\/#\\\/schema\\\/logo\\\/image\\\/\",\"url\":\"https:\\\/\\\/sklep.skoral.com\\\/wp-content\\\/uploads\\\/2020\\\/09\\\/cropped-logo-duze.png\",\"contentUrl\":\"https:\\\/\\\/sklep.skoral.com\\\/wp-content\\\/uploads\\\/2020\\\/09\\\/cropped-logo-duze.png\",\"width\":1200,\"height\":293,\"caption\":\"Sk\u00f3ral - Pracownia odzie\u017cy i akcesori\u00f3w sk\u00f3rzanych\"},\"image\":{\"@id\":\"https:\\\/\\\/sklep.skoral.com\\\/en\\\/#\\\/schema\\\/logo\\\/image\\\/\"},\"sameAs\":[\"https:\\\/\\\/www.facebook.com\\\/SkoralNaturalLeather\",\"https:\\\/\\\/www.instagram.com\\\/skoraldesign\\\/\",\"https:\\\/\\\/www.youtube.com\\\/channel\\\/UCijmecsRU9TpML5jIEBsWTw\"]}]}<\/script>\n<!-- \/ Yoast SEO plugin. -->","yoast_head_json":{"title":"Leather desk accessories \u2014 gold & yellow | Sk\u00f3ral","description":"Add a refined touch to your workspace with leather desk mats and pads from Sk\u00f3ral \u2014 in gold and yellow. Premium materials, elegant finish, made to last.","robots":{"index":"index","follow":"follow","max-snippet":"max-snippet:-1","max-image-preview":"max-image-preview:large","max-video-preview":"max-video-preview:-1"},"canonical":"https:\/\/sklep.skoral.com\/en\/skoral-leather-clothing-manufacturer\/","og_locale":"en_US","og_type":"article","og_title":"Leather desk accessories \u2014 gold & yellow | Sk\u00f3ral","og_description":"Add a refined touch to your workspace with leather desk mats and pads from Sk\u00f3ral \u2014 in gold and yellow. Premium materials, elegant finish, made to last.","og_url":"https:\/\/sklep.skoral.com\/en\/skoral-leather-clothing-manufacturer\/","og_site_name":"Pracownia Sk\u00f3ral","article_publisher":"https:\/\/www.facebook.com\/SkoralNaturalLeather","article_modified_time":"2025-10-12T22:45:44+00:00","og_image":[{"width":1932,"height":860,"url":"https:\/\/sklep.skoral.com\/wp-content\/uploads\/2021\/01\/skoral-pracownia-z-odzieza-skorzana-i-akcesoriami.jpg","type":"image\/jpeg"}],"twitter_card":"summary_large_image","twitter_misc":{"Est. reading time":"2 minutes"},"schema":{"@context":"https:\/\/schema.org","@graph":[{"@type":"WebPage","@id":"https:\/\/sklep.skoral.com\/en\/skoral-leather-clothing-manufacturer\/","url":"https:\/\/sklep.skoral.com\/en\/skoral-leather-clothing-manufacturer\/","name":"Leather desk accessories \u2014 gold & yellow | Sk\u00f3ral","isPartOf":{"@id":"https:\/\/sklep.skoral.com\/en\/#website"},"datePublished":"2021-01-19T14:09:14+00:00","dateModified":"2025-10-12T22:45:44+00:00","description":"Add a refined touch to your workspace with leather desk mats and pads from Sk\u00f3ral \u2014 in gold and yellow. Premium materials, elegant finish, made to last.","breadcrumb":{"@id":"https:\/\/sklep.skoral.com\/en\/skoral-leather-clothing-manufacturer\/#breadcrumb"},"inLanguage":"en-US","potentialAction":[{"@type":"ReadAction","target":["https:\/\/sklep.skoral.com\/en\/skoral-leather-clothing-manufacturer\/"]}]},{"@type":"BreadcrumbList","@id":"https:\/\/sklep.skoral.com\/en\/skoral-leather-clothing-manufacturer\/#breadcrumb","itemListElement":[{"@type":"ListItem","position":1,"name":"Strona g\u0142\u00f3wna","item":"https:\/\/sklep.skoral.com\/en\/"},{"@type":"ListItem","position":2,"name":"Leather desk accessories \u2014 gold &#038; yellow collection | Sk\u00f3ral"}]},{"@type":"WebSite","@id":"https:\/\/sklep.skoral.com\/en\/#website","url":"https:\/\/sklep.skoral.com\/en\/","name":"Pracownia Sk\u00f3ral","description":"Sklep z odzie\u017c\u0105\u00a0sk\u00f3rzan\u0105 i akcesoriami ze sk\u00f3ry naturalnej","publisher":{"@id":"https:\/\/sklep.skoral.com\/en\/#organization"},"potentialAction":[{"@type":"SearchAction","target":{"@type":"EntryPoint","urlTemplate":"https:\/\/sklep.skoral.com\/en\/?s={search_term_string}"},"query-input":{"@type":"PropertyValueSpecification","valueRequired":true,"valueName":"search_term_string"}}],"inLanguage":"en-US"},{"@type":"Organization","@id":"https:\/\/sklep.skoral.com\/en\/#organization","name":"Sk\u00f3ral - Pracownia odzie\u017cy i akcesori\u00f3w sk\u00f3rzanych","url":"https:\/\/sklep.skoral.com\/en\/","logo":{"@type":"ImageObject","inLanguage":"en-US","@id":"https:\/\/sklep.skoral.com\/en\/#\/schema\/logo\/image\/","url":"https:\/\/sklep.skoral.com\/wp-content\/uploads\/2020\/09\/cropped-logo-duze.png","contentUrl":"https:\/\/sklep.skoral.com\/wp-content\/uploads\/2020\/09\/cropped-logo-duze.png","width":1200,"height":293,"caption":"Sk\u00f3ral - Pracownia odzie\u017cy i akcesori\u00f3w sk\u00f3rzanych"},"image":{"@id":"https:\/\/sklep.skoral.com\/en\/#\/schema\/logo\/image\/"},"sameAs":["https:\/\/www.facebook.com\/SkoralNaturalLeather","https:\/\/www.instagram.com\/skoraldesign\/","https:\/\/www.youtube.com\/channel\/UCijmecsRU9TpML5jIEBsWTw"]}]}},"jetpack_sharing_enabled":true,"_links":{"self":[{"href":"https:\/\/sklep.skoral.com\/en\/wp-json\/wp\/v2\/pages\/1672","targetHints":{"allow":["GET"]}}],"collection":[{"href":"https:\/\/sklep.skoral.com\/en\/wp-json\/wp\/v2\/pages"}],"about":[{"href":"https:\/\/sklep.skoral.com\/en\/wp-json\/wp\/v2\/types\/page"}],"author":[{"embeddable":true,"href":"https:\/\/sklep.skoral.com\/en\/wp-json\/wp\/v2\/users\/1"}],"replies":[{"embeddable":true,"href":"https:\/\/sklep.skoral.com\/en\/wp-json\/wp\/v2\/comments?post=1672"}],"version-history":[{"count":3,"href":"https:\/\/sklep.skoral.com\/en\/wp-json\/wp\/v2\/pages\/1672\/revisions"}],"predecessor-version":[{"id":1844,"href":"https:\/\/sklep.skoral.com\/en\/wp-json\/wp\/v2\/pages\/1672\/revisions\/1844"}],"wp:attachment":[{"href":"https:\/\/sklep.skoral.com\/en\/wp-json\/wp\/v2\/media?parent=1672"}],"curies":[{"name":"wp","href":"https:\/\/api.w.org\/{rel}","templated":true}]}}