{"id":189,"date":"2021-01-19T16:08:04","date_gmt":"2021-01-19T15:08:04","guid":{"rendered":"https:\/\/sklep.skoral.com\/?post_type=product&#038;p=189"},"modified":"2024-08-14T12:21:54","modified_gmt":"2024-08-14T10:21:54","slug":"plaszcz-skorzany-damski-lavanto","status":"publish","type":"product","link":"https:\/\/sklep.skoral.com\/en\/produkt\/plaszcz-skorzany-damski-lavanto\/","title":{"rendered":"P\u0142aszcz sk\u00f3rzany damski &#8211; Lavanto"},"content":{"rendered":"<p><span style=\"font-weight: 400;\">Lavanto to przepi\u0119kny, damski p\u0142aszcz sk\u00f3rzany, o niezwykle kobiecym kroju. Zosta\u0142 uszyty r\u0119cznie z najwy\u017cszej jako\u015bci, mi\u0119kkiej sk\u00f3ry jagni\u0119cej, kt\u00f3ra przyjemnie otula cia\u0142o i dopasowuje si\u0119 do sylwetki. Model ten zapinany jest na guziki. Ko\u0142nierzo-st\u00f3jka zosta\u0142a wykonana z delikatnego i szlachetnego futra w\u0142oskiego Toscana, kt\u00f3re wspaniale chroni przed ch\u0142odem i wiatrem. P\u0142aszcz zosta\u0142 wyko\u0144czony oddychaj\u0105c\u0105, wiskozow\u0105 podszewk\u0105, dzi\u0119ki czemu model Lavanto jest niezwykle komfortowy w noszeniu.\u00a0<\/span><\/p>\n<p><span style=\"font-weight: 400;\">Lavanto to niezwykle kobieca propozycja. Posiada zawi\u0105zywany w talii pasek, kt\u00f3ry modeluje sylwetk\u0119, nadaj\u0105c jej kszta\u0142t klepsydry. Z powodzeniem sprawdzi si\u0119 jako elegancka odzie\u017c wierzchnia podczas ch\u0142odniejszych dni.\u00a0<\/span><\/p>\n<p><span style=\"font-weight: 400;\">P\u0142aszcz sk\u00f3rzany Lavanto ma bardzo komfortow\u0105 d\u0142ugo\u015b\u0107, kt\u00f3ra \u0142adnie kszta\u0142tuje kobiec\u0105 sylwetk\u0119, jednocze\u015bnie nie kr\u0119puj\u0105c ruch\u00f3w podczas wykonywania codziennych czynno\u015bci. Zachwyci szczeg\u00f3lnie te kobiety, kt\u00f3re ceni\u0105 po\u0142\u0105czenie klasycznej elegancji i wygody.\u00a0<\/span><\/p>\n<h2>Sk\u00f3rzany p\u0142aszcz damski z w\u0142oskich sk\u00f3r jagni\u0119cych<\/h2>\n<p><span style=\"font-weight: 400;\">P\u0142aszcz Lavanto jest dost\u0119pny we wszystkich mo\u017cliwych rozmiarach.\u00a0<\/span><\/p>\n<p><span style=\"font-weight: 400;\">Je\u015bli zastanawiasz si\u0119 na tym modelem, ale w innym kolorze lub interesuje Ci\u0119 szycie na wymiar &#8211; <a href=\"https:\/\/sklep.skoral.com\/kontakt\/\">skontaktuj<\/a> si\u0119 z nasz\u0105 pracowni\u0105: +48 12 423 12 20.\u00a0<\/span><\/p>\n<p><span style=\"font-weight: 400;\">Przygotujemy dla Ciebie kurtk\u0119 idealnie dopasowan\u0105 do Twoich kszta\u0142t\u00f3w oraz w wybranym przez Ciebie kolorze.\u00a0<\/span><\/p>\n","protected":false},"excerpt":{"rendered":"<p>Czarny p\u0142aszcz sk\u00f3rzany damski typu Lavanto z w\u0142oskich sk\u00f3r jagni\u0119cych.<\/p>\n<div id=\"gtx-trans\" style=\"position: absolute; left: 260px; top: 32px;\">\n<div class=\"gtx-trans-icon\"><\/div>\n<\/div>\n","protected":false},"featured_media":191,"template":"","meta":{"_monsterinsights_skip_tracking":false,"_monsterinsights_sitenote_active":false,"_monsterinsights_sitenote_note":"","_monsterinsights_sitenote_category":0},"product_brand":[],"product_cat":[34],"product_tag":[44,42,98],"class_list":{"0":"post-189","1":"product","2":"type-product","3":"status-publish","4":"has-post-thumbnail","6":"product_cat-plaszcze","7":"product_tag-guziki","8":"product_tag-kolnierz-z-wlosem","9":"product_tag-plaszcz-skorzany","11":"first","12":"instock","13":"taxable","14":"shipping-taxable","15":"purchasable","16":"product-type-variable"},"yoast_head":"<!-- This site is optimized with the Yoast SEO plugin v27.6 - https:\/\/yoast.com\/product\/yoast-seo-wordpress\/ -->\n<title>P\u0142aszcz sk\u00f3rzany damski - Lavanto - Pracownia Sk\u00f3ral - W\u0142oska sk\u00f3ra<\/title>\n<meta name=\"description\" content=\"Czarny sk\u00f3rzany p\u0142aszcz damski Lavanto z w\u0142oskich sk\u00f3r jagni\u0119cych. Elegancki i wygodny - Producent odzie\u017cy sk\u00f3rzanej Sk\u00f3ral\" \/>\n<meta name=\"robots\" content=\"index, follow, max-snippet:-1, max-image-preview:large, max-video-preview:-1\" \/>\n<link rel=\"canonical\" href=\"https:\/\/sklep.skoral.com\/en\/produkt\/plaszcz-skorzany-damski-lavanto\/\" \/>\n<meta property=\"og:locale\" content=\"en_US\" \/>\n<meta property=\"og:type\" content=\"article\" \/>\n<meta property=\"og:title\" content=\"P\u0142aszcz sk\u00f3rzany damski - Lavanto - Pracownia Sk\u00f3ral - W\u0142oska sk\u00f3ra\" \/>\n<meta property=\"og:description\" content=\"Czarny sk\u00f3rzany p\u0142aszcz damski Lavanto z w\u0142oskich sk\u00f3r jagni\u0119cych. Elegancki i wygodny - Producent odzie\u017cy sk\u00f3rzanej Sk\u00f3ral\" \/>\n<meta property=\"og:url\" content=\"https:\/\/sklep.skoral.com\/en\/produkt\/plaszcz-skorzany-damski-lavanto\/\" \/>\n<meta property=\"og:site_name\" content=\"Pracownia Sk\u00f3ral\" \/>\n<meta property=\"article:publisher\" content=\"https:\/\/www.facebook.com\/SkoralNaturalLeather\" \/>\n<meta property=\"article:modified_time\" content=\"2024-08-14T10:21:54+00:00\" \/>\n<meta property=\"og:image\" content=\"https:\/\/sklep.skoral.com\/wp-content\/uploads\/2021\/01\/plaszcz-skorzany-damski-levante.jpg\" \/>\n\t<meta property=\"og:image:width\" content=\"1024\" \/>\n\t<meta property=\"og:image:height\" content=\"1280\" \/>\n\t<meta property=\"og:image:type\" content=\"image\/jpeg\" \/>\n<meta name=\"twitter:card\" content=\"summary_large_image\" \/>\n<meta name=\"twitter:label1\" content=\"Est. reading time\" \/>\n\t<meta name=\"twitter:data1\" content=\"1 minute\" \/>\n<script type=\"application\/ld+json\" class=\"yoast-schema-graph\">{\"@context\":\"https:\\\/\\\/schema.org\",\"@graph\":[{\"@type\":[\"WebPage\",\"ItemPage\"],\"@id\":\"https:\\\/\\\/sklep.skoral.com\\\/en\\\/produkt\\\/plaszcz-skorzany-damski-lavanto\\\/\",\"url\":\"https:\\\/\\\/sklep.skoral.com\\\/en\\\/produkt\\\/plaszcz-skorzany-damski-lavanto\\\/\",\"name\":\"P\u0142aszcz sk\u00f3rzany damski - Lavanto - Pracownia Sk\u00f3ral - W\u0142oska sk\u00f3ra\",\"isPartOf\":{\"@id\":\"https:\\\/\\\/sklep.skoral.com\\\/en\\\/#website\"},\"primaryImageOfPage\":{\"@id\":\"https:\\\/\\\/sklep.skoral.com\\\/en\\\/produkt\\\/plaszcz-skorzany-damski-lavanto\\\/#primaryimage\"},\"image\":{\"@id\":\"https:\\\/\\\/sklep.skoral.com\\\/en\\\/produkt\\\/plaszcz-skorzany-damski-lavanto\\\/#primaryimage\"},\"thumbnailUrl\":\"https:\\\/\\\/sklep.skoral.com\\\/wp-content\\\/uploads\\\/2021\\\/01\\\/plaszcz-skorzany-damski-levante.jpg\",\"datePublished\":\"2021-01-19T15:08:04+00:00\",\"dateModified\":\"2024-08-14T10:21:54+00:00\",\"description\":\"Czarny sk\u00f3rzany p\u0142aszcz damski Lavanto z w\u0142oskich sk\u00f3r jagni\u0119cych. Elegancki i wygodny - Producent odzie\u017cy sk\u00f3rzanej Sk\u00f3ral\",\"breadcrumb\":{\"@id\":\"https:\\\/\\\/sklep.skoral.com\\\/en\\\/produkt\\\/plaszcz-skorzany-damski-lavanto\\\/#breadcrumb\"},\"inLanguage\":\"en-US\",\"potentialAction\":[{\"@type\":\"ReadAction\",\"target\":[\"https:\\\/\\\/sklep.skoral.com\\\/en\\\/produkt\\\/plaszcz-skorzany-damski-lavanto\\\/\"]}]},{\"@type\":\"ImageObject\",\"inLanguage\":\"en-US\",\"@id\":\"https:\\\/\\\/sklep.skoral.com\\\/en\\\/produkt\\\/plaszcz-skorzany-damski-lavanto\\\/#primaryimage\",\"url\":\"https:\\\/\\\/sklep.skoral.com\\\/wp-content\\\/uploads\\\/2021\\\/01\\\/plaszcz-skorzany-damski-levante.jpg\",\"contentUrl\":\"https:\\\/\\\/sklep.skoral.com\\\/wp-content\\\/uploads\\\/2021\\\/01\\\/plaszcz-skorzany-damski-levante.jpg\",\"width\":1024,\"height\":1280,\"caption\":\"P\u0142aszcz sk\u00f3rzany damski - Levante\"},{\"@type\":\"BreadcrumbList\",\"@id\":\"https:\\\/\\\/sklep.skoral.com\\\/en\\\/produkt\\\/plaszcz-skorzany-damski-lavanto\\\/#breadcrumb\",\"itemListElement\":[{\"@type\":\"ListItem\",\"position\":1,\"name\":\"Strona g\u0142\u00f3wna\",\"item\":\"https:\\\/\\\/sklep.skoral.com\\\/en\\\/\"},{\"@type\":\"ListItem\",\"position\":2,\"name\":\"Shop\",\"item\":\"https:\\\/\\\/sklep.skoral.com\\\/en\\\/shop\\\/\"},{\"@type\":\"ListItem\",\"position\":3,\"name\":\"P\u0142aszcz sk\u00f3rzany damski &#8211; Lavanto\"}]},{\"@type\":\"WebSite\",\"@id\":\"https:\\\/\\\/sklep.skoral.com\\\/en\\\/#website\",\"url\":\"https:\\\/\\\/sklep.skoral.com\\\/en\\\/\",\"name\":\"Pracownia Sk\u00f3ral\",\"description\":\"Sklep z odzie\u017c\u0105\u00a0sk\u00f3rzan\u0105 i akcesoriami ze sk\u00f3ry naturalnej\",\"publisher\":{\"@id\":\"https:\\\/\\\/sklep.skoral.com\\\/en\\\/#organization\"},\"potentialAction\":[{\"@type\":\"SearchAction\",\"target\":{\"@type\":\"EntryPoint\",\"urlTemplate\":\"https:\\\/\\\/sklep.skoral.com\\\/en\\\/?s={search_term_string}\"},\"query-input\":{\"@type\":\"PropertyValueSpecification\",\"valueRequired\":true,\"valueName\":\"search_term_string\"}}],\"inLanguage\":\"en-US\"},{\"@type\":\"Organization\",\"@id\":\"https:\\\/\\\/sklep.skoral.com\\\/en\\\/#organization\",\"name\":\"Sk\u00f3ral - Pracownia odzie\u017cy i akcesori\u00f3w sk\u00f3rzanych\",\"url\":\"https:\\\/\\\/sklep.skoral.com\\\/en\\\/\",\"logo\":{\"@type\":\"ImageObject\",\"inLanguage\":\"en-US\",\"@id\":\"https:\\\/\\\/sklep.skoral.com\\\/en\\\/#\\\/schema\\\/logo\\\/image\\\/\",\"url\":\"https:\\\/\\\/sklep.skoral.com\\\/wp-content\\\/uploads\\\/2020\\\/09\\\/cropped-logo-duze.png\",\"contentUrl\":\"https:\\\/\\\/sklep.skoral.com\\\/wp-content\\\/uploads\\\/2020\\\/09\\\/cropped-logo-duze.png\",\"width\":1200,\"height\":293,\"caption\":\"Sk\u00f3ral - Pracownia odzie\u017cy i akcesori\u00f3w sk\u00f3rzanych\"},\"image\":{\"@id\":\"https:\\\/\\\/sklep.skoral.com\\\/en\\\/#\\\/schema\\\/logo\\\/image\\\/\"},\"sameAs\":[\"https:\\\/\\\/www.facebook.com\\\/SkoralNaturalLeather\",\"https:\\\/\\\/www.instagram.com\\\/skoraldesign\\\/\",\"https:\\\/\\\/www.youtube.com\\\/channel\\\/UCijmecsRU9TpML5jIEBsWTw\"]}]}<\/script>\n<!-- \/ Yoast SEO plugin. -->","yoast_head_json":{"title":"P\u0142aszcz sk\u00f3rzany damski - Lavanto - Pracownia Sk\u00f3ral - W\u0142oska sk\u00f3ra","description":"Czarny sk\u00f3rzany p\u0142aszcz damski Lavanto z w\u0142oskich sk\u00f3r jagni\u0119cych. Elegancki i wygodny - Producent odzie\u017cy sk\u00f3rzanej Sk\u00f3ral","robots":{"index":"index","follow":"follow","max-snippet":"max-snippet:-1","max-image-preview":"max-image-preview:large","max-video-preview":"max-video-preview:-1"},"canonical":"https:\/\/sklep.skoral.com\/en\/produkt\/plaszcz-skorzany-damski-lavanto\/","og_locale":"en_US","og_type":"article","og_title":"P\u0142aszcz sk\u00f3rzany damski - Lavanto - Pracownia Sk\u00f3ral - W\u0142oska sk\u00f3ra","og_description":"Czarny sk\u00f3rzany p\u0142aszcz damski Lavanto z w\u0142oskich sk\u00f3r jagni\u0119cych. Elegancki i wygodny - Producent odzie\u017cy sk\u00f3rzanej Sk\u00f3ral","og_url":"https:\/\/sklep.skoral.com\/en\/produkt\/plaszcz-skorzany-damski-lavanto\/","og_site_name":"Pracownia Sk\u00f3ral","article_publisher":"https:\/\/www.facebook.com\/SkoralNaturalLeather","article_modified_time":"2024-08-14T10:21:54+00:00","og_image":[{"width":1024,"height":1280,"url":"https:\/\/sklep.skoral.com\/wp-content\/uploads\/2021\/01\/plaszcz-skorzany-damski-levante.jpg","type":"image\/jpeg"}],"twitter_card":"summary_large_image","twitter_misc":{"Est. reading time":"1 minute"},"schema":{"@context":"https:\/\/schema.org","@graph":[{"@type":["WebPage","ItemPage"],"@id":"https:\/\/sklep.skoral.com\/en\/produkt\/plaszcz-skorzany-damski-lavanto\/","url":"https:\/\/sklep.skoral.com\/en\/produkt\/plaszcz-skorzany-damski-lavanto\/","name":"P\u0142aszcz sk\u00f3rzany damski - Lavanto - Pracownia Sk\u00f3ral - W\u0142oska sk\u00f3ra","isPartOf":{"@id":"https:\/\/sklep.skoral.com\/en\/#website"},"primaryImageOfPage":{"@id":"https:\/\/sklep.skoral.com\/en\/produkt\/plaszcz-skorzany-damski-lavanto\/#primaryimage"},"image":{"@id":"https:\/\/sklep.skoral.com\/en\/produkt\/plaszcz-skorzany-damski-lavanto\/#primaryimage"},"thumbnailUrl":"https:\/\/sklep.skoral.com\/wp-content\/uploads\/2021\/01\/plaszcz-skorzany-damski-levante.jpg","datePublished":"2021-01-19T15:08:04+00:00","dateModified":"2024-08-14T10:21:54+00:00","description":"Czarny sk\u00f3rzany p\u0142aszcz damski Lavanto z w\u0142oskich sk\u00f3r jagni\u0119cych. Elegancki i wygodny - Producent odzie\u017cy sk\u00f3rzanej Sk\u00f3ral","breadcrumb":{"@id":"https:\/\/sklep.skoral.com\/en\/produkt\/plaszcz-skorzany-damski-lavanto\/#breadcrumb"},"inLanguage":"en-US","potentialAction":[{"@type":"ReadAction","target":["https:\/\/sklep.skoral.com\/en\/produkt\/plaszcz-skorzany-damski-lavanto\/"]}]},{"@type":"ImageObject","inLanguage":"en-US","@id":"https:\/\/sklep.skoral.com\/en\/produkt\/plaszcz-skorzany-damski-lavanto\/#primaryimage","url":"https:\/\/sklep.skoral.com\/wp-content\/uploads\/2021\/01\/plaszcz-skorzany-damski-levante.jpg","contentUrl":"https:\/\/sklep.skoral.com\/wp-content\/uploads\/2021\/01\/plaszcz-skorzany-damski-levante.jpg","width":1024,"height":1280,"caption":"P\u0142aszcz sk\u00f3rzany damski - Levante"},{"@type":"BreadcrumbList","@id":"https:\/\/sklep.skoral.com\/en\/produkt\/plaszcz-skorzany-damski-lavanto\/#breadcrumb","itemListElement":[{"@type":"ListItem","position":1,"name":"Strona g\u0142\u00f3wna","item":"https:\/\/sklep.skoral.com\/en\/"},{"@type":"ListItem","position":2,"name":"Shop","item":"https:\/\/sklep.skoral.com\/en\/shop\/"},{"@type":"ListItem","position":3,"name":"P\u0142aszcz sk\u00f3rzany damski &#8211; Lavanto"}]},{"@type":"WebSite","@id":"https:\/\/sklep.skoral.com\/en\/#website","url":"https:\/\/sklep.skoral.com\/en\/","name":"Pracownia Sk\u00f3ral","description":"Sklep z odzie\u017c\u0105\u00a0sk\u00f3rzan\u0105 i akcesoriami ze sk\u00f3ry naturalnej","publisher":{"@id":"https:\/\/sklep.skoral.com\/en\/#organization"},"potentialAction":[{"@type":"SearchAction","target":{"@type":"EntryPoint","urlTemplate":"https:\/\/sklep.skoral.com\/en\/?s={search_term_string}"},"query-input":{"@type":"PropertyValueSpecification","valueRequired":true,"valueName":"search_term_string"}}],"inLanguage":"en-US"},{"@type":"Organization","@id":"https:\/\/sklep.skoral.com\/en\/#organization","name":"Sk\u00f3ral - Pracownia odzie\u017cy i akcesori\u00f3w sk\u00f3rzanych","url":"https:\/\/sklep.skoral.com\/en\/","logo":{"@type":"ImageObject","inLanguage":"en-US","@id":"https:\/\/sklep.skoral.com\/en\/#\/schema\/logo\/image\/","url":"https:\/\/sklep.skoral.com\/wp-content\/uploads\/2020\/09\/cropped-logo-duze.png","contentUrl":"https:\/\/sklep.skoral.com\/wp-content\/uploads\/2020\/09\/cropped-logo-duze.png","width":1200,"height":293,"caption":"Sk\u00f3ral - Pracownia odzie\u017cy i akcesori\u00f3w sk\u00f3rzanych"},"image":{"@id":"https:\/\/sklep.skoral.com\/en\/#\/schema\/logo\/image\/"},"sameAs":["https:\/\/www.facebook.com\/SkoralNaturalLeather","https:\/\/www.instagram.com\/skoraldesign\/","https:\/\/www.youtube.com\/channel\/UCijmecsRU9TpML5jIEBsWTw"]}]}},"jetpack_sharing_enabled":true,"_links":{"self":[{"href":"https:\/\/sklep.skoral.com\/en\/wp-json\/wp\/v2\/product\/189","targetHints":{"allow":["GET"]}}],"collection":[{"href":"https:\/\/sklep.skoral.com\/en\/wp-json\/wp\/v2\/product"}],"about":[{"href":"https:\/\/sklep.skoral.com\/en\/wp-json\/wp\/v2\/types\/product"}],"wp:featuredmedia":[{"embeddable":true,"href":"https:\/\/sklep.skoral.com\/en\/wp-json\/wp\/v2\/media\/191"}],"wp:attachment":[{"href":"https:\/\/sklep.skoral.com\/en\/wp-json\/wp\/v2\/media?parent=189"}],"wp:term":[{"taxonomy":"product_brand","embeddable":true,"href":"https:\/\/sklep.skoral.com\/en\/wp-json\/wp\/v2\/product_brand?post=189"},{"taxonomy":"product_cat","embeddable":true,"href":"https:\/\/sklep.skoral.com\/en\/wp-json\/wp\/v2\/product_cat?post=189"},{"taxonomy":"product_tag","embeddable":true,"href":"https:\/\/sklep.skoral.com\/en\/wp-json\/wp\/v2\/product_tag?post=189"}],"curies":[{"name":"wp","href":"https:\/\/api.w.org\/{rel}","templated":true}]}}