{"id":1928,"date":"2021-02-16T15:12:08","date_gmt":"2021-02-16T14:12:08","guid":{"rendered":"https:\/\/sklep.skoral.com\/produkt\/mens-shearling-jacket-biker-style-jonas\/"},"modified":"2021-02-16T15:12:08","modified_gmt":"2021-02-16T14:12:08","slug":"mens-shearling-jacket-biker-style-jonas","status":"publish","type":"product","link":"https:\/\/sklep.skoral.com\/en\/produkt\/mens-shearling-jacket-biker-style-jonas\/","title":{"rendered":"Men\u2019s Shearling Jacket \u2014 Biker Style \u2014 Jonas"},"content":{"rendered":"<p>A men\u2019s leather <strong>shearling jacket<\/strong> \u2014 model <strong>Jonas<\/strong> \u2014 cut in the style of a biker jacket. Made from premium sheepskin: leather on the outside, warm shearling on the inside. It provides excellent thermal comfort in sub\u2011zero temperatures and effective protection against the wind.<\/p>\n<h2>Design<\/h2>\n<p>The Jonas shearling references the classic Perfecto lines while adding the volume and insulation of shearling. Well\u2011balanced lapels, comfortable sleeve width and functional pockets make it easy to style day to day.<\/p>\n<h2>Materials &#038; finish<\/h2>\n<p>We use carefully selected sheepskin with a smooth outer face and a pleasant, trimmed pile on the inside. Hardware in a complementary finish. On request, we can make Jonas with a <strong>glossy (lacquered) finish<\/strong>.<\/p>\n<h2>Made to measure<\/h2>\n<p>We can tailor the jacket to your measurements \u2014 contact us to discuss details.<\/p>\n","protected":false},"excerpt":{"rendered":"<p>Brown shearling \u2014 men\u2019s biker\u2011style shearling jacket, Jonas model.<\/p>\n","protected":false},"featured_media":1940,"template":"","meta":{"_monsterinsights_skip_tracking":false,"_monsterinsights_sitenote_active":false,"_monsterinsights_sitenote_note":"","_monsterinsights_sitenote_category":0},"product_brand":[],"product_cat":[202,201],"product_tag":[203,194],"class_list":{"0":"post-1928","1":"product","2":"type-product","3":"status-publish","4":"has-post-thumbnail","6":"product_cat-mens-biker-jackets","7":"product_cat-mens-shearlings","8":"product_tag-mens-shearling","9":"product_tag-ramoneska","11":"first","12":"instock","13":"taxable","14":"shipping-taxable","15":"purchasable","16":"product-type-variable"},"yoast_head":"<!-- This site is optimized with the Yoast SEO plugin v27.6 - https:\/\/yoast.com\/product\/yoast-seo-wordpress\/ -->\n<title>Men\u2019s Shearling Jacket \u2014 Biker Style \u2014 Jonas - Pracownia Sk\u00f3ral<\/title>\n<meta name=\"description\" content=\"Jonas men\u2019s shearling in a biker jacket cut. Premium sheepskin, warm, wind\u2011resistant and stylish \u2014 the perfect winter outerwear. Sk\u00f3ral online store.\" \/>\n<meta name=\"robots\" content=\"index, follow, max-snippet:-1, max-image-preview:large, max-video-preview:-1\" \/>\n<link rel=\"canonical\" href=\"https:\/\/sklep.skoral.com\/en\/produkt\/mens-shearling-jacket-biker-style-jonas\/\" \/>\n<meta property=\"og:locale\" content=\"en_US\" \/>\n<meta property=\"og:type\" content=\"article\" \/>\n<meta property=\"og:title\" content=\"Men\u2019s Shearling Jacket \u2014 Biker Style \u2014 Jonas - Pracownia Sk\u00f3ral\" \/>\n<meta property=\"og:description\" content=\"Jonas men\u2019s shearling in a biker jacket cut. Premium sheepskin, warm, wind\u2011resistant and stylish \u2014 the perfect winter outerwear. Sk\u00f3ral online store.\" \/>\n<meta property=\"og:url\" content=\"https:\/\/sklep.skoral.com\/en\/produkt\/mens-shearling-jacket-biker-style-jonas\/\" \/>\n<meta property=\"og:site_name\" content=\"Pracownia Sk\u00f3ral\" \/>\n<meta property=\"article:publisher\" content=\"https:\/\/www.facebook.com\/SkoralNaturalLeather\" \/>\n<meta property=\"og:image\" content=\"https:\/\/sklep.skoral.com\/wp-content\/uploads\/2021\/02\/brazowa-ramoneska-kozuch-jonas.jpg\" \/>\n\t<meta property=\"og:image:width\" content=\"2310\" \/>\n\t<meta property=\"og:image:height\" content=\"2560\" \/>\n\t<meta property=\"og:image:type\" content=\"image\/jpeg\" \/>\n<meta name=\"twitter:card\" content=\"summary_large_image\" \/>\n<meta name=\"twitter:label1\" content=\"Est. reading time\" \/>\n\t<meta name=\"twitter:data1\" content=\"1 minute\" \/>\n<script type=\"application\/ld+json\" class=\"yoast-schema-graph\">{\"@context\":\"https:\\\/\\\/schema.org\",\"@graph\":[{\"@type\":[\"WebPage\",\"ItemPage\"],\"@id\":\"https:\\\/\\\/sklep.skoral.com\\\/en\\\/produkt\\\/mens-shearling-jacket-biker-style-jonas\\\/\",\"url\":\"https:\\\/\\\/sklep.skoral.com\\\/en\\\/produkt\\\/mens-shearling-jacket-biker-style-jonas\\\/\",\"name\":\"Men\u2019s Shearling Jacket \u2014 Biker Style \u2014 Jonas - Pracownia Sk\u00f3ral\",\"isPartOf\":{\"@id\":\"https:\\\/\\\/sklep.skoral.com\\\/en\\\/#website\"},\"primaryImageOfPage\":{\"@id\":\"https:\\\/\\\/sklep.skoral.com\\\/en\\\/produkt\\\/mens-shearling-jacket-biker-style-jonas\\\/#primaryimage\"},\"image\":{\"@id\":\"https:\\\/\\\/sklep.skoral.com\\\/en\\\/produkt\\\/mens-shearling-jacket-biker-style-jonas\\\/#primaryimage\"},\"thumbnailUrl\":\"https:\\\/\\\/sklep.skoral.com\\\/wp-content\\\/uploads\\\/2021\\\/02\\\/brazowa-ramoneska-kozuch-jonas.jpg\",\"datePublished\":\"2021-02-16T14:12:08+00:00\",\"description\":\"Jonas men\u2019s shearling in a biker jacket cut. Premium sheepskin, warm, wind\u2011resistant and stylish \u2014 the perfect winter outerwear. Sk\u00f3ral online store.\",\"breadcrumb\":{\"@id\":\"https:\\\/\\\/sklep.skoral.com\\\/en\\\/produkt\\\/mens-shearling-jacket-biker-style-jonas\\\/#breadcrumb\"},\"inLanguage\":\"en-US\",\"potentialAction\":[{\"@type\":\"ReadAction\",\"target\":[\"https:\\\/\\\/sklep.skoral.com\\\/en\\\/produkt\\\/mens-shearling-jacket-biker-style-jonas\\\/\"]}]},{\"@type\":\"ImageObject\",\"inLanguage\":\"en-US\",\"@id\":\"https:\\\/\\\/sklep.skoral.com\\\/en\\\/produkt\\\/mens-shearling-jacket-biker-style-jonas\\\/#primaryimage\",\"url\":\"https:\\\/\\\/sklep.skoral.com\\\/wp-content\\\/uploads\\\/2021\\\/02\\\/brazowa-ramoneska-kozuch-jonas.jpg\",\"contentUrl\":\"https:\\\/\\\/sklep.skoral.com\\\/wp-content\\\/uploads\\\/2021\\\/02\\\/brazowa-ramoneska-kozuch-jonas.jpg\",\"width\":2310,\"height\":2560,\"caption\":\"brown biker jacket shearling Jonas\"},{\"@type\":\"BreadcrumbList\",\"@id\":\"https:\\\/\\\/sklep.skoral.com\\\/en\\\/produkt\\\/mens-shearling-jacket-biker-style-jonas\\\/#breadcrumb\",\"itemListElement\":[{\"@type\":\"ListItem\",\"position\":1,\"name\":\"Strona g\u0142\u00f3wna\",\"item\":\"https:\\\/\\\/sklep.skoral.com\\\/en\\\/\"},{\"@type\":\"ListItem\",\"position\":2,\"name\":\"Shop\",\"item\":\"https:\\\/\\\/sklep.skoral.com\\\/en\\\/shop\\\/\"},{\"@type\":\"ListItem\",\"position\":3,\"name\":\"Men\u2019s Shearling Jacket \u2014 Biker Style \u2014 Jonas\"}]},{\"@type\":\"WebSite\",\"@id\":\"https:\\\/\\\/sklep.skoral.com\\\/en\\\/#website\",\"url\":\"https:\\\/\\\/sklep.skoral.com\\\/en\\\/\",\"name\":\"Pracownia Sk\u00f3ral\",\"description\":\"Sklep z odzie\u017c\u0105\u00a0sk\u00f3rzan\u0105 i akcesoriami ze sk\u00f3ry naturalnej\",\"publisher\":{\"@id\":\"https:\\\/\\\/sklep.skoral.com\\\/en\\\/#organization\"},\"potentialAction\":[{\"@type\":\"SearchAction\",\"target\":{\"@type\":\"EntryPoint\",\"urlTemplate\":\"https:\\\/\\\/sklep.skoral.com\\\/en\\\/?s={search_term_string}\"},\"query-input\":{\"@type\":\"PropertyValueSpecification\",\"valueRequired\":true,\"valueName\":\"search_term_string\"}}],\"inLanguage\":\"en-US\"},{\"@type\":\"Organization\",\"@id\":\"https:\\\/\\\/sklep.skoral.com\\\/en\\\/#organization\",\"name\":\"Sk\u00f3ral - Pracownia odzie\u017cy i akcesori\u00f3w sk\u00f3rzanych\",\"url\":\"https:\\\/\\\/sklep.skoral.com\\\/en\\\/\",\"logo\":{\"@type\":\"ImageObject\",\"inLanguage\":\"en-US\",\"@id\":\"https:\\\/\\\/sklep.skoral.com\\\/en\\\/#\\\/schema\\\/logo\\\/image\\\/\",\"url\":\"https:\\\/\\\/sklep.skoral.com\\\/wp-content\\\/uploads\\\/2020\\\/09\\\/cropped-logo-duze.png\",\"contentUrl\":\"https:\\\/\\\/sklep.skoral.com\\\/wp-content\\\/uploads\\\/2020\\\/09\\\/cropped-logo-duze.png\",\"width\":1200,\"height\":293,\"caption\":\"Sk\u00f3ral - Pracownia odzie\u017cy i akcesori\u00f3w sk\u00f3rzanych\"},\"image\":{\"@id\":\"https:\\\/\\\/sklep.skoral.com\\\/en\\\/#\\\/schema\\\/logo\\\/image\\\/\"},\"sameAs\":[\"https:\\\/\\\/www.facebook.com\\\/SkoralNaturalLeather\",\"https:\\\/\\\/www.instagram.com\\\/skoraldesign\\\/\",\"https:\\\/\\\/www.youtube.com\\\/channel\\\/UCijmecsRU9TpML5jIEBsWTw\"]}]}<\/script>\n<!-- \/ Yoast SEO plugin. -->","yoast_head_json":{"title":"Men\u2019s Shearling Jacket \u2014 Biker Style \u2014 Jonas - Pracownia Sk\u00f3ral","description":"Jonas men\u2019s shearling in a biker jacket cut. Premium sheepskin, warm, wind\u2011resistant and stylish \u2014 the perfect winter outerwear. Sk\u00f3ral online store.","robots":{"index":"index","follow":"follow","max-snippet":"max-snippet:-1","max-image-preview":"max-image-preview:large","max-video-preview":"max-video-preview:-1"},"canonical":"https:\/\/sklep.skoral.com\/en\/produkt\/mens-shearling-jacket-biker-style-jonas\/","og_locale":"en_US","og_type":"article","og_title":"Men\u2019s Shearling Jacket \u2014 Biker Style \u2014 Jonas - Pracownia Sk\u00f3ral","og_description":"Jonas men\u2019s shearling in a biker jacket cut. Premium sheepskin, warm, wind\u2011resistant and stylish \u2014 the perfect winter outerwear. Sk\u00f3ral online store.","og_url":"https:\/\/sklep.skoral.com\/en\/produkt\/mens-shearling-jacket-biker-style-jonas\/","og_site_name":"Pracownia Sk\u00f3ral","article_publisher":"https:\/\/www.facebook.com\/SkoralNaturalLeather","og_image":[{"width":2310,"height":2560,"url":"https:\/\/sklep.skoral.com\/wp-content\/uploads\/2021\/02\/brazowa-ramoneska-kozuch-jonas.jpg","type":"image\/jpeg"}],"twitter_card":"summary_large_image","twitter_misc":{"Est. reading time":"1 minute"},"schema":{"@context":"https:\/\/schema.org","@graph":[{"@type":["WebPage","ItemPage"],"@id":"https:\/\/sklep.skoral.com\/en\/produkt\/mens-shearling-jacket-biker-style-jonas\/","url":"https:\/\/sklep.skoral.com\/en\/produkt\/mens-shearling-jacket-biker-style-jonas\/","name":"Men\u2019s Shearling Jacket \u2014 Biker Style \u2014 Jonas - Pracownia Sk\u00f3ral","isPartOf":{"@id":"https:\/\/sklep.skoral.com\/en\/#website"},"primaryImageOfPage":{"@id":"https:\/\/sklep.skoral.com\/en\/produkt\/mens-shearling-jacket-biker-style-jonas\/#primaryimage"},"image":{"@id":"https:\/\/sklep.skoral.com\/en\/produkt\/mens-shearling-jacket-biker-style-jonas\/#primaryimage"},"thumbnailUrl":"https:\/\/sklep.skoral.com\/wp-content\/uploads\/2021\/02\/brazowa-ramoneska-kozuch-jonas.jpg","datePublished":"2021-02-16T14:12:08+00:00","description":"Jonas men\u2019s shearling in a biker jacket cut. Premium sheepskin, warm, wind\u2011resistant and stylish \u2014 the perfect winter outerwear. Sk\u00f3ral online store.","breadcrumb":{"@id":"https:\/\/sklep.skoral.com\/en\/produkt\/mens-shearling-jacket-biker-style-jonas\/#breadcrumb"},"inLanguage":"en-US","potentialAction":[{"@type":"ReadAction","target":["https:\/\/sklep.skoral.com\/en\/produkt\/mens-shearling-jacket-biker-style-jonas\/"]}]},{"@type":"ImageObject","inLanguage":"en-US","@id":"https:\/\/sklep.skoral.com\/en\/produkt\/mens-shearling-jacket-biker-style-jonas\/#primaryimage","url":"https:\/\/sklep.skoral.com\/wp-content\/uploads\/2021\/02\/brazowa-ramoneska-kozuch-jonas.jpg","contentUrl":"https:\/\/sklep.skoral.com\/wp-content\/uploads\/2021\/02\/brazowa-ramoneska-kozuch-jonas.jpg","width":2310,"height":2560,"caption":"brown biker jacket shearling Jonas"},{"@type":"BreadcrumbList","@id":"https:\/\/sklep.skoral.com\/en\/produkt\/mens-shearling-jacket-biker-style-jonas\/#breadcrumb","itemListElement":[{"@type":"ListItem","position":1,"name":"Strona g\u0142\u00f3wna","item":"https:\/\/sklep.skoral.com\/en\/"},{"@type":"ListItem","position":2,"name":"Shop","item":"https:\/\/sklep.skoral.com\/en\/shop\/"},{"@type":"ListItem","position":3,"name":"Men\u2019s Shearling Jacket \u2014 Biker Style \u2014 Jonas"}]},{"@type":"WebSite","@id":"https:\/\/sklep.skoral.com\/en\/#website","url":"https:\/\/sklep.skoral.com\/en\/","name":"Pracownia Sk\u00f3ral","description":"Sklep z odzie\u017c\u0105\u00a0sk\u00f3rzan\u0105 i akcesoriami ze sk\u00f3ry naturalnej","publisher":{"@id":"https:\/\/sklep.skoral.com\/en\/#organization"},"potentialAction":[{"@type":"SearchAction","target":{"@type":"EntryPoint","urlTemplate":"https:\/\/sklep.skoral.com\/en\/?s={search_term_string}"},"query-input":{"@type":"PropertyValueSpecification","valueRequired":true,"valueName":"search_term_string"}}],"inLanguage":"en-US"},{"@type":"Organization","@id":"https:\/\/sklep.skoral.com\/en\/#organization","name":"Sk\u00f3ral - Pracownia odzie\u017cy i akcesori\u00f3w sk\u00f3rzanych","url":"https:\/\/sklep.skoral.com\/en\/","logo":{"@type":"ImageObject","inLanguage":"en-US","@id":"https:\/\/sklep.skoral.com\/en\/#\/schema\/logo\/image\/","url":"https:\/\/sklep.skoral.com\/wp-content\/uploads\/2020\/09\/cropped-logo-duze.png","contentUrl":"https:\/\/sklep.skoral.com\/wp-content\/uploads\/2020\/09\/cropped-logo-duze.png","width":1200,"height":293,"caption":"Sk\u00f3ral - Pracownia odzie\u017cy i akcesori\u00f3w sk\u00f3rzanych"},"image":{"@id":"https:\/\/sklep.skoral.com\/en\/#\/schema\/logo\/image\/"},"sameAs":["https:\/\/www.facebook.com\/SkoralNaturalLeather","https:\/\/www.instagram.com\/skoraldesign\/","https:\/\/www.youtube.com\/channel\/UCijmecsRU9TpML5jIEBsWTw"]}]}},"jetpack_sharing_enabled":true,"_links":{"self":[{"href":"https:\/\/sklep.skoral.com\/en\/wp-json\/wp\/v2\/product\/1928","targetHints":{"allow":["GET"]}}],"collection":[{"href":"https:\/\/sklep.skoral.com\/en\/wp-json\/wp\/v2\/product"}],"about":[{"href":"https:\/\/sklep.skoral.com\/en\/wp-json\/wp\/v2\/types\/product"}],"wp:featuredmedia":[{"embeddable":true,"href":"https:\/\/sklep.skoral.com\/en\/wp-json\/wp\/v2\/media\/1940"}],"wp:attachment":[{"href":"https:\/\/sklep.skoral.com\/en\/wp-json\/wp\/v2\/media?parent=1928"}],"wp:term":[{"taxonomy":"product_brand","embeddable":true,"href":"https:\/\/sklep.skoral.com\/en\/wp-json\/wp\/v2\/product_brand?post=1928"},{"taxonomy":"product_cat","embeddable":true,"href":"https:\/\/sklep.skoral.com\/en\/wp-json\/wp\/v2\/product_cat?post=1928"},{"taxonomy":"product_tag","embeddable":true,"href":"https:\/\/sklep.skoral.com\/en\/wp-json\/wp\/v2\/product_tag?post=1928"}],"curies":[{"name":"wp","href":"https:\/\/api.w.org\/{rel}","templated":true}]}}