{"id":195,"date":"2021-01-19T16:25:41","date_gmt":"2021-01-19T15:25:41","guid":{"rendered":"https:\/\/sklep.skoral.com\/?post_type=product&#038;p=195"},"modified":"2024-08-14T12:21:41","modified_gmt":"2024-08-14T10:21:41","slug":"kurtka-skorzana-damska-street","status":"publish","type":"product","link":"https:\/\/sklep.skoral.com\/en\/produkt\/kurtka-skorzana-damska-street\/","title":{"rendered":"Czarna kurtka sk\u00f3rzana damska &#8211; Street"},"content":{"rendered":"<p><span style=\"font-weight: 400;\">Czarna damska kurtka sk\u00f3rzana o niezwykle oryginalnym i modnym kroju. Inspirowana kultowymi \u017cakietami w\u0142oskiego domu mody Versace. Kurtka zosta\u0142a uszyta r\u0119cznie z jako\u015bciowej i niezwykle mi\u0119kkiej jagni\u0119cej sk\u00f3ry licowej. Wyko\u0144czona przewiewn\u0105 i lekk\u0105 wiskozow\u0105 podszewk\u0105. Model pi\u0119knie podkre\u015bla kobiece kszta\u0142ty. Zamki w z\u0142otym kolorze, biegn\u0105ce przez ca\u0142\u0105 d\u0142ugo\u015b\u0107 kurtki, fantastycznie modeluj\u0105 damsk\u0105 sylwetk\u0119.\u00a0<\/span><\/p>\n<p><span style=\"font-weight: 400;\">Kurtka, dzi\u0119ki kombinacji suwak\u00f3w, umo\u017cliwia stylizowanie jej na wz\u00f3r ramoneski &#8211; z wy\u0142o\u017conymi klapami.\u00a0<\/span><\/p>\n<h2>Szczeg\u00f3\u0142y kurtki sk\u00f3rzanej &#8211; Street<\/h2>\n<p><span style=\"font-weight: 400;\">Model Street posiada pi\u0119\u0107 kieszeni, zapinanych na zamki b\u0142yskawiczne. Kurtka zosta\u0142a ozdobiona pikowaniami: na ramionach, na \u0142okciach oraz w pasie, kt\u00f3re nadaj\u0105 jej rockowego charakteru. St\u00f3jka z przeszyciami wysmukla i podkre\u015bla szyj\u0119.<\/span><\/p>\n<p><span style=\"font-weight: 400;\">Damska kurtka sk\u00f3rzana Street marki Sk\u00f3ral ma taliowany, dopasowany kr\u00f3j. Jednocze\u015bnie dzi\u0119ki kr\u00f3tkiej formie jest bardzo wygodna w codziennym u\u017cytkowaniu. Suwaki umieszczone na r\u0119kawach pozwalaj\u0105 na dodatkowe dopasowanie kurtki.<\/span><\/p>\n<p><span style=\"font-weight: 400;\">Model Street to propozycja dla kobiet chc\u0105cych si\u0119 wyr\u00f3\u017cni\u0107, szukaj\u0105cych niebanalnych i oryginalnych ubra\u0144. Jednocze\u015bnie, dzi\u0119ki zastosowaniu kombinacji zamk\u00f3w, kurtka daje wiele mo\u017cliwo\u015bci stylizacyjnych i fantastycznie sprawdzi si\u0119 zar\u00f3wno na co dzie\u0144, jak i w bardziej eleganckich kreacjach.<\/span><\/p>\n<h2>Propozycja uszycia na wymiar<\/h2>\n<p><span style=\"font-weight: 400;\">Szukasz kurtki idealnie dopasowanej do swoich potrzeb? W naszej pracowni krawieckiej oferujemy pe\u0142n\u0105 personalizacj\u0119 szytej odzie\u017cy. Skontaktuj si\u0119 z nami, a my uszyjemy dla Ciebie kurtk\u0119 w wybranym przez Ciebie kolorze oraz idealnie dopasowan\u0105 do Twojego rozmiaru!<\/span><\/p>\n","protected":false},"excerpt":{"rendered":"<p>Czarna kurtka sk\u00f3rzana damska w nowoczesnym fasonie Street.<\/p>\n","protected":false},"featured_media":200,"template":"","meta":{"_monsterinsights_skip_tracking":false,"_monsterinsights_sitenote_active":false,"_monsterinsights_sitenote_note":"","_monsterinsights_sitenote_category":0},"product_brand":[],"product_cat":[16],"product_tag":[44,94,40,24],"class_list":{"0":"post-195","1":"product","2":"type-product","3":"status-publish","4":"has-post-thumbnail","6":"product_cat-kurtka-skorzana-damska","7":"product_tag-guziki","8":"product_tag-kurtka-skorzana-na-zamek","9":"product_tag-na-motor","10":"product_tag-ramoneska","12":"first","13":"instock","14":"taxable","15":"shipping-taxable","16":"purchasable","17":"product-type-variable"},"yoast_head":"<!-- This site is optimized with the Yoast SEO plugin v27.6 - https:\/\/yoast.com\/product\/yoast-seo-wordpress\/ -->\n<title>Czarna kurtka sk\u00f3rzana damska - Street - Pracownia Sk\u00f3ral<\/title>\n<meta name=\"description\" content=\"Kobiecy fason Street, czarna kurtka sk\u00f3rzana damska z naturalnej mi\u0119kkiej sk\u00f3ry. Mo\u017cliwa zmiana koloru i uszycie na wymiar - Sklep internetowy\" \/>\n<meta name=\"robots\" content=\"index, follow, max-snippet:-1, max-image-preview:large, max-video-preview:-1\" \/>\n<link rel=\"canonical\" href=\"https:\/\/sklep.skoral.com\/en\/produkt\/kurtka-skorzana-damska-street\/\" \/>\n<meta property=\"og:locale\" content=\"en_US\" \/>\n<meta property=\"og:type\" content=\"article\" \/>\n<meta property=\"og:title\" content=\"Czarna kurtka sk\u00f3rzana damska - Street - Pracownia Sk\u00f3ral\" \/>\n<meta property=\"og:description\" content=\"Kobiecy fason Street, czarna kurtka sk\u00f3rzana damska z naturalnej mi\u0119kkiej sk\u00f3ry. Mo\u017cliwa zmiana koloru i uszycie na wymiar - Sklep internetowy\" \/>\n<meta property=\"og:url\" content=\"https:\/\/sklep.skoral.com\/en\/produkt\/kurtka-skorzana-damska-street\/\" \/>\n<meta property=\"og:site_name\" content=\"Pracownia Sk\u00f3ral\" \/>\n<meta property=\"article:publisher\" content=\"https:\/\/www.facebook.com\/SkoralNaturalLeather\" \/>\n<meta property=\"article:modified_time\" content=\"2024-08-14T10:21:41+00:00\" \/>\n<meta property=\"og:image\" content=\"https:\/\/sklep.skoral.com\/wp-content\/uploads\/2021\/01\/kurtka-skorzana-damska-typu-street.jpg\" \/>\n\t<meta property=\"og:image:width\" content=\"1024\" \/>\n\t<meta property=\"og:image:height\" content=\"1280\" \/>\n\t<meta property=\"og:image:type\" content=\"image\/jpeg\" \/>\n<meta name=\"twitter:card\" content=\"summary_large_image\" \/>\n<meta name=\"twitter:label1\" content=\"Est. reading time\" \/>\n\t<meta name=\"twitter:data1\" content=\"1 minute\" \/>\n<script type=\"application\/ld+json\" class=\"yoast-schema-graph\">{\"@context\":\"https:\\\/\\\/schema.org\",\"@graph\":[{\"@type\":[\"WebPage\",\"ItemPage\"],\"@id\":\"https:\\\/\\\/sklep.skoral.com\\\/en\\\/produkt\\\/kurtka-skorzana-damska-street\\\/\",\"url\":\"https:\\\/\\\/sklep.skoral.com\\\/en\\\/produkt\\\/kurtka-skorzana-damska-street\\\/\",\"name\":\"Czarna kurtka sk\u00f3rzana damska - Street - Pracownia Sk\u00f3ral\",\"isPartOf\":{\"@id\":\"https:\\\/\\\/sklep.skoral.com\\\/en\\\/#website\"},\"primaryImageOfPage\":{\"@id\":\"https:\\\/\\\/sklep.skoral.com\\\/en\\\/produkt\\\/kurtka-skorzana-damska-street\\\/#primaryimage\"},\"image\":{\"@id\":\"https:\\\/\\\/sklep.skoral.com\\\/en\\\/produkt\\\/kurtka-skorzana-damska-street\\\/#primaryimage\"},\"thumbnailUrl\":\"https:\\\/\\\/sklep.skoral.com\\\/wp-content\\\/uploads\\\/2021\\\/01\\\/kurtka-skorzana-damska-typu-street.jpg\",\"datePublished\":\"2021-01-19T15:25:41+00:00\",\"dateModified\":\"2024-08-14T10:21:41+00:00\",\"description\":\"Kobiecy fason Street, czarna kurtka sk\u00f3rzana damska z naturalnej mi\u0119kkiej sk\u00f3ry. Mo\u017cliwa zmiana koloru i uszycie na wymiar - Sklep internetowy\",\"breadcrumb\":{\"@id\":\"https:\\\/\\\/sklep.skoral.com\\\/en\\\/produkt\\\/kurtka-skorzana-damska-street\\\/#breadcrumb\"},\"inLanguage\":\"en-US\",\"potentialAction\":[{\"@type\":\"ReadAction\",\"target\":[\"https:\\\/\\\/sklep.skoral.com\\\/en\\\/produkt\\\/kurtka-skorzana-damska-street\\\/\"]}]},{\"@type\":\"ImageObject\",\"inLanguage\":\"en-US\",\"@id\":\"https:\\\/\\\/sklep.skoral.com\\\/en\\\/produkt\\\/kurtka-skorzana-damska-street\\\/#primaryimage\",\"url\":\"https:\\\/\\\/sklep.skoral.com\\\/wp-content\\\/uploads\\\/2021\\\/01\\\/kurtka-skorzana-damska-typu-street.jpg\",\"contentUrl\":\"https:\\\/\\\/sklep.skoral.com\\\/wp-content\\\/uploads\\\/2021\\\/01\\\/kurtka-skorzana-damska-typu-street.jpg\",\"width\":1024,\"height\":1280,\"caption\":\"Kurtka sk\u00f3rzana damska typu Street\"},{\"@type\":\"BreadcrumbList\",\"@id\":\"https:\\\/\\\/sklep.skoral.com\\\/en\\\/produkt\\\/kurtka-skorzana-damska-street\\\/#breadcrumb\",\"itemListElement\":[{\"@type\":\"ListItem\",\"position\":1,\"name\":\"Strona g\u0142\u00f3wna\",\"item\":\"https:\\\/\\\/sklep.skoral.com\\\/en\\\/\"},{\"@type\":\"ListItem\",\"position\":2,\"name\":\"Shop\",\"item\":\"https:\\\/\\\/sklep.skoral.com\\\/en\\\/shop\\\/\"},{\"@type\":\"ListItem\",\"position\":3,\"name\":\"Czarna kurtka sk\u00f3rzana damska &#8211; Street\"}]},{\"@type\":\"WebSite\",\"@id\":\"https:\\\/\\\/sklep.skoral.com\\\/en\\\/#website\",\"url\":\"https:\\\/\\\/sklep.skoral.com\\\/en\\\/\",\"name\":\"Pracownia Sk\u00f3ral\",\"description\":\"Sklep z odzie\u017c\u0105\u00a0sk\u00f3rzan\u0105 i akcesoriami ze sk\u00f3ry naturalnej\",\"publisher\":{\"@id\":\"https:\\\/\\\/sklep.skoral.com\\\/en\\\/#organization\"},\"potentialAction\":[{\"@type\":\"SearchAction\",\"target\":{\"@type\":\"EntryPoint\",\"urlTemplate\":\"https:\\\/\\\/sklep.skoral.com\\\/en\\\/?s={search_term_string}\"},\"query-input\":{\"@type\":\"PropertyValueSpecification\",\"valueRequired\":true,\"valueName\":\"search_term_string\"}}],\"inLanguage\":\"en-US\"},{\"@type\":\"Organization\",\"@id\":\"https:\\\/\\\/sklep.skoral.com\\\/en\\\/#organization\",\"name\":\"Sk\u00f3ral - Pracownia odzie\u017cy i akcesori\u00f3w sk\u00f3rzanych\",\"url\":\"https:\\\/\\\/sklep.skoral.com\\\/en\\\/\",\"logo\":{\"@type\":\"ImageObject\",\"inLanguage\":\"en-US\",\"@id\":\"https:\\\/\\\/sklep.skoral.com\\\/en\\\/#\\\/schema\\\/logo\\\/image\\\/\",\"url\":\"https:\\\/\\\/sklep.skoral.com\\\/wp-content\\\/uploads\\\/2020\\\/09\\\/cropped-logo-duze.png\",\"contentUrl\":\"https:\\\/\\\/sklep.skoral.com\\\/wp-content\\\/uploads\\\/2020\\\/09\\\/cropped-logo-duze.png\",\"width\":1200,\"height\":293,\"caption\":\"Sk\u00f3ral - Pracownia odzie\u017cy i akcesori\u00f3w sk\u00f3rzanych\"},\"image\":{\"@id\":\"https:\\\/\\\/sklep.skoral.com\\\/en\\\/#\\\/schema\\\/logo\\\/image\\\/\"},\"sameAs\":[\"https:\\\/\\\/www.facebook.com\\\/SkoralNaturalLeather\",\"https:\\\/\\\/www.instagram.com\\\/skoraldesign\\\/\",\"https:\\\/\\\/www.youtube.com\\\/channel\\\/UCijmecsRU9TpML5jIEBsWTw\"]}]}<\/script>\n<!-- \/ Yoast SEO plugin. -->","yoast_head_json":{"title":"Czarna kurtka sk\u00f3rzana damska - Street - Pracownia Sk\u00f3ral","description":"Kobiecy fason Street, czarna kurtka sk\u00f3rzana damska z naturalnej mi\u0119kkiej sk\u00f3ry. Mo\u017cliwa zmiana koloru i uszycie na wymiar - Sklep internetowy","robots":{"index":"index","follow":"follow","max-snippet":"max-snippet:-1","max-image-preview":"max-image-preview:large","max-video-preview":"max-video-preview:-1"},"canonical":"https:\/\/sklep.skoral.com\/en\/produkt\/kurtka-skorzana-damska-street\/","og_locale":"en_US","og_type":"article","og_title":"Czarna kurtka sk\u00f3rzana damska - Street - Pracownia Sk\u00f3ral","og_description":"Kobiecy fason Street, czarna kurtka sk\u00f3rzana damska z naturalnej mi\u0119kkiej sk\u00f3ry. Mo\u017cliwa zmiana koloru i uszycie na wymiar - Sklep internetowy","og_url":"https:\/\/sklep.skoral.com\/en\/produkt\/kurtka-skorzana-damska-street\/","og_site_name":"Pracownia Sk\u00f3ral","article_publisher":"https:\/\/www.facebook.com\/SkoralNaturalLeather","article_modified_time":"2024-08-14T10:21:41+00:00","og_image":[{"width":1024,"height":1280,"url":"https:\/\/sklep.skoral.com\/wp-content\/uploads\/2021\/01\/kurtka-skorzana-damska-typu-street.jpg","type":"image\/jpeg"}],"twitter_card":"summary_large_image","twitter_misc":{"Est. reading time":"1 minute"},"schema":{"@context":"https:\/\/schema.org","@graph":[{"@type":["WebPage","ItemPage"],"@id":"https:\/\/sklep.skoral.com\/en\/produkt\/kurtka-skorzana-damska-street\/","url":"https:\/\/sklep.skoral.com\/en\/produkt\/kurtka-skorzana-damska-street\/","name":"Czarna kurtka sk\u00f3rzana damska - Street - Pracownia Sk\u00f3ral","isPartOf":{"@id":"https:\/\/sklep.skoral.com\/en\/#website"},"primaryImageOfPage":{"@id":"https:\/\/sklep.skoral.com\/en\/produkt\/kurtka-skorzana-damska-street\/#primaryimage"},"image":{"@id":"https:\/\/sklep.skoral.com\/en\/produkt\/kurtka-skorzana-damska-street\/#primaryimage"},"thumbnailUrl":"https:\/\/sklep.skoral.com\/wp-content\/uploads\/2021\/01\/kurtka-skorzana-damska-typu-street.jpg","datePublished":"2021-01-19T15:25:41+00:00","dateModified":"2024-08-14T10:21:41+00:00","description":"Kobiecy fason Street, czarna kurtka sk\u00f3rzana damska z naturalnej mi\u0119kkiej sk\u00f3ry. Mo\u017cliwa zmiana koloru i uszycie na wymiar - Sklep internetowy","breadcrumb":{"@id":"https:\/\/sklep.skoral.com\/en\/produkt\/kurtka-skorzana-damska-street\/#breadcrumb"},"inLanguage":"en-US","potentialAction":[{"@type":"ReadAction","target":["https:\/\/sklep.skoral.com\/en\/produkt\/kurtka-skorzana-damska-street\/"]}]},{"@type":"ImageObject","inLanguage":"en-US","@id":"https:\/\/sklep.skoral.com\/en\/produkt\/kurtka-skorzana-damska-street\/#primaryimage","url":"https:\/\/sklep.skoral.com\/wp-content\/uploads\/2021\/01\/kurtka-skorzana-damska-typu-street.jpg","contentUrl":"https:\/\/sklep.skoral.com\/wp-content\/uploads\/2021\/01\/kurtka-skorzana-damska-typu-street.jpg","width":1024,"height":1280,"caption":"Kurtka sk\u00f3rzana damska typu Street"},{"@type":"BreadcrumbList","@id":"https:\/\/sklep.skoral.com\/en\/produkt\/kurtka-skorzana-damska-street\/#breadcrumb","itemListElement":[{"@type":"ListItem","position":1,"name":"Strona g\u0142\u00f3wna","item":"https:\/\/sklep.skoral.com\/en\/"},{"@type":"ListItem","position":2,"name":"Shop","item":"https:\/\/sklep.skoral.com\/en\/shop\/"},{"@type":"ListItem","position":3,"name":"Czarna kurtka sk\u00f3rzana damska &#8211; Street"}]},{"@type":"WebSite","@id":"https:\/\/sklep.skoral.com\/en\/#website","url":"https:\/\/sklep.skoral.com\/en\/","name":"Pracownia Sk\u00f3ral","description":"Sklep z odzie\u017c\u0105\u00a0sk\u00f3rzan\u0105 i akcesoriami ze sk\u00f3ry naturalnej","publisher":{"@id":"https:\/\/sklep.skoral.com\/en\/#organization"},"potentialAction":[{"@type":"SearchAction","target":{"@type":"EntryPoint","urlTemplate":"https:\/\/sklep.skoral.com\/en\/?s={search_term_string}"},"query-input":{"@type":"PropertyValueSpecification","valueRequired":true,"valueName":"search_term_string"}}],"inLanguage":"en-US"},{"@type":"Organization","@id":"https:\/\/sklep.skoral.com\/en\/#organization","name":"Sk\u00f3ral - Pracownia odzie\u017cy i akcesori\u00f3w sk\u00f3rzanych","url":"https:\/\/sklep.skoral.com\/en\/","logo":{"@type":"ImageObject","inLanguage":"en-US","@id":"https:\/\/sklep.skoral.com\/en\/#\/schema\/logo\/image\/","url":"https:\/\/sklep.skoral.com\/wp-content\/uploads\/2020\/09\/cropped-logo-duze.png","contentUrl":"https:\/\/sklep.skoral.com\/wp-content\/uploads\/2020\/09\/cropped-logo-duze.png","width":1200,"height":293,"caption":"Sk\u00f3ral - Pracownia odzie\u017cy i akcesori\u00f3w sk\u00f3rzanych"},"image":{"@id":"https:\/\/sklep.skoral.com\/en\/#\/schema\/logo\/image\/"},"sameAs":["https:\/\/www.facebook.com\/SkoralNaturalLeather","https:\/\/www.instagram.com\/skoraldesign\/","https:\/\/www.youtube.com\/channel\/UCijmecsRU9TpML5jIEBsWTw"]}]}},"jetpack_sharing_enabled":true,"_links":{"self":[{"href":"https:\/\/sklep.skoral.com\/en\/wp-json\/wp\/v2\/product\/195","targetHints":{"allow":["GET"]}}],"collection":[{"href":"https:\/\/sklep.skoral.com\/en\/wp-json\/wp\/v2\/product"}],"about":[{"href":"https:\/\/sklep.skoral.com\/en\/wp-json\/wp\/v2\/types\/product"}],"wp:featuredmedia":[{"embeddable":true,"href":"https:\/\/sklep.skoral.com\/en\/wp-json\/wp\/v2\/media\/200"}],"wp:attachment":[{"href":"https:\/\/sklep.skoral.com\/en\/wp-json\/wp\/v2\/media?parent=195"}],"wp:term":[{"taxonomy":"product_brand","embeddable":true,"href":"https:\/\/sklep.skoral.com\/en\/wp-json\/wp\/v2\/product_brand?post=195"},{"taxonomy":"product_cat","embeddable":true,"href":"https:\/\/sklep.skoral.com\/en\/wp-json\/wp\/v2\/product_cat?post=195"},{"taxonomy":"product_tag","embeddable":true,"href":"https:\/\/sklep.skoral.com\/en\/wp-json\/wp\/v2\/product_tag?post=195"}],"curies":[{"name":"wp","href":"https:\/\/api.w.org\/{rel}","templated":true}]}}