{"id":1971,"date":"2021-02-09T21:21:29","date_gmt":"2021-02-09T20:21:29","guid":{"rendered":"https:\/\/sklep.skoral.com\/produkt\/leather-winter-cap-unisex-tondoria-olive\/"},"modified":"2021-02-09T21:21:29","modified_gmt":"2021-02-09T20:21:29","slug":"leather-winter-cap-unisex-tondoria-olive","status":"publish","type":"product","link":"https:\/\/sklep.skoral.com\/en\/produkt\/leather-winter-cap-unisex-tondoria-olive\/","title":{"rendered":"Leather Winter Cap \u2014 Unisex \u2014 Tondoria (Olive)"},"content":{"rendered":"<p>A unisex leather <strong>winter cap<\/strong> made from premium Italian lambskin (Tuscany). Designed for both women and men. The outer side is natural leather, while the inside features warm, comfortable shearling. Excellent insulation keeps you comfortable in sub\u2011zero temperatures and during windy days.<\/p>\n<p>The cap references classic pilot\/ushanka styles. It provides very good wind protection and feels great in everyday wear. Available in an elegant <strong>olive green<\/strong> shade. On request, we can make the cap to your measurements.<\/p>\n","protected":false},"excerpt":{"rendered":"<p>Winter cap in premium Italian lambskin (Tuscany). Colour: green \/ olive. Comfortable, warm and wind\u2011resistant.<\/p>\n","protected":false},"featured_media":1978,"template":"","meta":{"_monsterinsights_skip_tracking":false,"_monsterinsights_sitenote_active":false,"_monsterinsights_sitenote_note":"","_monsterinsights_sitenote_category":0},"product_brand":[],"product_cat":[164],"product_tag":[],"class_list":{"0":"post-1971","1":"product","2":"type-product","3":"status-publish","4":"has-post-thumbnail","6":"product_cat-winter-hats","8":"first","9":"instock","10":"taxable","11":"shipping-taxable","12":"purchasable","13":"product-type-variable"},"yoast_head":"<!-- This site is optimized with the Yoast SEO plugin v27.6 - https:\/\/yoast.com\/product\/yoast-seo-wordpress\/ -->\n<title>Leather Winter Cap \u2014 Unisex \u2014 Tondoria (Olive) - Pracownia Sk\u00f3ral<\/title>\n<meta name=\"description\" content=\"Comfortable, warm leather winter cap in Italian lambskin. Unisex style (pilot\/ushanka vibe). High wearing comfort. Made to measure available.\" \/>\n<meta name=\"robots\" content=\"index, follow, max-snippet:-1, max-image-preview:large, max-video-preview:-1\" \/>\n<link rel=\"canonical\" href=\"https:\/\/sklep.skoral.com\/en\/produkt\/leather-winter-cap-unisex-tondoria-olive\/\" \/>\n<meta property=\"og:locale\" content=\"en_US\" \/>\n<meta property=\"og:type\" content=\"article\" \/>\n<meta property=\"og:title\" content=\"Leather Winter Cap \u2014 Unisex \u2014 Tondoria (Olive) - Pracownia Sk\u00f3ral\" \/>\n<meta property=\"og:description\" content=\"Comfortable, warm leather winter cap in Italian lambskin. Unisex style (pilot\/ushanka vibe). High wearing comfort. Made to measure available.\" \/>\n<meta property=\"og:url\" content=\"https:\/\/sklep.skoral.com\/en\/produkt\/leather-winter-cap-unisex-tondoria-olive\/\" \/>\n<meta property=\"og:site_name\" content=\"Pracownia Sk\u00f3ral\" \/>\n<meta property=\"article:publisher\" content=\"https:\/\/www.facebook.com\/SkoralNaturalLeather\" \/>\n<meta property=\"og:image\" content=\"https:\/\/sklep.skoral.com\/wp-content\/uploads\/2021\/02\/zielona-uszatka-skorzana.jpg\" \/>\n\t<meta property=\"og:image:width\" content=\"1920\" \/>\n\t<meta property=\"og:image:height\" content=\"2560\" \/>\n\t<meta property=\"og:image:type\" content=\"image\/jpeg\" \/>\n<meta name=\"twitter:card\" content=\"summary_large_image\" \/>\n<script type=\"application\/ld+json\" class=\"yoast-schema-graph\">{\"@context\":\"https:\\\/\\\/schema.org\",\"@graph\":[{\"@type\":[\"WebPage\",\"ItemPage\"],\"@id\":\"https:\\\/\\\/sklep.skoral.com\\\/en\\\/produkt\\\/leather-winter-cap-unisex-tondoria-olive\\\/\",\"url\":\"https:\\\/\\\/sklep.skoral.com\\\/en\\\/produkt\\\/leather-winter-cap-unisex-tondoria-olive\\\/\",\"name\":\"Leather Winter Cap \u2014 Unisex \u2014 Tondoria (Olive) - Pracownia Sk\u00f3ral\",\"isPartOf\":{\"@id\":\"https:\\\/\\\/sklep.skoral.com\\\/en\\\/#website\"},\"primaryImageOfPage\":{\"@id\":\"https:\\\/\\\/sklep.skoral.com\\\/en\\\/produkt\\\/leather-winter-cap-unisex-tondoria-olive\\\/#primaryimage\"},\"image\":{\"@id\":\"https:\\\/\\\/sklep.skoral.com\\\/en\\\/produkt\\\/leather-winter-cap-unisex-tondoria-olive\\\/#primaryimage\"},\"thumbnailUrl\":\"https:\\\/\\\/sklep.skoral.com\\\/wp-content\\\/uploads\\\/2021\\\/02\\\/zielona-uszatka-skorzana.jpg\",\"datePublished\":\"2021-02-09T20:21:29+00:00\",\"description\":\"Comfortable, warm leather winter cap in Italian lambskin. Unisex style (pilot\\\/ushanka vibe). High wearing comfort. Made to measure available.\",\"breadcrumb\":{\"@id\":\"https:\\\/\\\/sklep.skoral.com\\\/en\\\/produkt\\\/leather-winter-cap-unisex-tondoria-olive\\\/#breadcrumb\"},\"inLanguage\":\"en-US\",\"potentialAction\":[{\"@type\":\"ReadAction\",\"target\":[\"https:\\\/\\\/sklep.skoral.com\\\/en\\\/produkt\\\/leather-winter-cap-unisex-tondoria-olive\\\/\"]}]},{\"@type\":\"ImageObject\",\"inLanguage\":\"en-US\",\"@id\":\"https:\\\/\\\/sklep.skoral.com\\\/en\\\/produkt\\\/leather-winter-cap-unisex-tondoria-olive\\\/#primaryimage\",\"url\":\"https:\\\/\\\/sklep.skoral.com\\\/wp-content\\\/uploads\\\/2021\\\/02\\\/zielona-uszatka-skorzana.jpg\",\"contentUrl\":\"https:\\\/\\\/sklep.skoral.com\\\/wp-content\\\/uploads\\\/2021\\\/02\\\/zielona-uszatka-skorzana.jpg\",\"width\":1920,\"height\":2560,\"caption\":\"zielona uszatka sk\u00f3rzana\"},{\"@type\":\"BreadcrumbList\",\"@id\":\"https:\\\/\\\/sklep.skoral.com\\\/en\\\/produkt\\\/leather-winter-cap-unisex-tondoria-olive\\\/#breadcrumb\",\"itemListElement\":[{\"@type\":\"ListItem\",\"position\":1,\"name\":\"Strona g\u0142\u00f3wna\",\"item\":\"https:\\\/\\\/sklep.skoral.com\\\/en\\\/\"},{\"@type\":\"ListItem\",\"position\":2,\"name\":\"Shop\",\"item\":\"https:\\\/\\\/sklep.skoral.com\\\/en\\\/shop\\\/\"},{\"@type\":\"ListItem\",\"position\":3,\"name\":\"Leather Winter Cap \u2014 Unisex \u2014 Tondoria (Olive)\"}]},{\"@type\":\"WebSite\",\"@id\":\"https:\\\/\\\/sklep.skoral.com\\\/en\\\/#website\",\"url\":\"https:\\\/\\\/sklep.skoral.com\\\/en\\\/\",\"name\":\"Pracownia Sk\u00f3ral\",\"description\":\"Sklep z odzie\u017c\u0105\u00a0sk\u00f3rzan\u0105 i akcesoriami ze sk\u00f3ry naturalnej\",\"publisher\":{\"@id\":\"https:\\\/\\\/sklep.skoral.com\\\/en\\\/#organization\"},\"potentialAction\":[{\"@type\":\"SearchAction\",\"target\":{\"@type\":\"EntryPoint\",\"urlTemplate\":\"https:\\\/\\\/sklep.skoral.com\\\/en\\\/?s={search_term_string}\"},\"query-input\":{\"@type\":\"PropertyValueSpecification\",\"valueRequired\":true,\"valueName\":\"search_term_string\"}}],\"inLanguage\":\"en-US\"},{\"@type\":\"Organization\",\"@id\":\"https:\\\/\\\/sklep.skoral.com\\\/en\\\/#organization\",\"name\":\"Sk\u00f3ral - Pracownia odzie\u017cy i akcesori\u00f3w sk\u00f3rzanych\",\"url\":\"https:\\\/\\\/sklep.skoral.com\\\/en\\\/\",\"logo\":{\"@type\":\"ImageObject\",\"inLanguage\":\"en-US\",\"@id\":\"https:\\\/\\\/sklep.skoral.com\\\/en\\\/#\\\/schema\\\/logo\\\/image\\\/\",\"url\":\"https:\\\/\\\/sklep.skoral.com\\\/wp-content\\\/uploads\\\/2020\\\/09\\\/cropped-logo-duze.png\",\"contentUrl\":\"https:\\\/\\\/sklep.skoral.com\\\/wp-content\\\/uploads\\\/2020\\\/09\\\/cropped-logo-duze.png\",\"width\":1200,\"height\":293,\"caption\":\"Sk\u00f3ral - Pracownia odzie\u017cy i akcesori\u00f3w sk\u00f3rzanych\"},\"image\":{\"@id\":\"https:\\\/\\\/sklep.skoral.com\\\/en\\\/#\\\/schema\\\/logo\\\/image\\\/\"},\"sameAs\":[\"https:\\\/\\\/www.facebook.com\\\/SkoralNaturalLeather\",\"https:\\\/\\\/www.instagram.com\\\/skoraldesign\\\/\",\"https:\\\/\\\/www.youtube.com\\\/channel\\\/UCijmecsRU9TpML5jIEBsWTw\"]}]}<\/script>\n<!-- \/ Yoast SEO plugin. -->","yoast_head_json":{"title":"Leather Winter Cap \u2014 Unisex \u2014 Tondoria (Olive) - Pracownia Sk\u00f3ral","description":"Comfortable, warm leather winter cap in Italian lambskin. Unisex style (pilot\/ushanka vibe). High wearing comfort. Made to measure available.","robots":{"index":"index","follow":"follow","max-snippet":"max-snippet:-1","max-image-preview":"max-image-preview:large","max-video-preview":"max-video-preview:-1"},"canonical":"https:\/\/sklep.skoral.com\/en\/produkt\/leather-winter-cap-unisex-tondoria-olive\/","og_locale":"en_US","og_type":"article","og_title":"Leather Winter Cap \u2014 Unisex \u2014 Tondoria (Olive) - Pracownia Sk\u00f3ral","og_description":"Comfortable, warm leather winter cap in Italian lambskin. Unisex style (pilot\/ushanka vibe). High wearing comfort. Made to measure available.","og_url":"https:\/\/sklep.skoral.com\/en\/produkt\/leather-winter-cap-unisex-tondoria-olive\/","og_site_name":"Pracownia Sk\u00f3ral","article_publisher":"https:\/\/www.facebook.com\/SkoralNaturalLeather","og_image":[{"width":1920,"height":2560,"url":"https:\/\/sklep.skoral.com\/wp-content\/uploads\/2021\/02\/zielona-uszatka-skorzana.jpg","type":"image\/jpeg"}],"twitter_card":"summary_large_image","schema":{"@context":"https:\/\/schema.org","@graph":[{"@type":["WebPage","ItemPage"],"@id":"https:\/\/sklep.skoral.com\/en\/produkt\/leather-winter-cap-unisex-tondoria-olive\/","url":"https:\/\/sklep.skoral.com\/en\/produkt\/leather-winter-cap-unisex-tondoria-olive\/","name":"Leather Winter Cap \u2014 Unisex \u2014 Tondoria (Olive) - Pracownia Sk\u00f3ral","isPartOf":{"@id":"https:\/\/sklep.skoral.com\/en\/#website"},"primaryImageOfPage":{"@id":"https:\/\/sklep.skoral.com\/en\/produkt\/leather-winter-cap-unisex-tondoria-olive\/#primaryimage"},"image":{"@id":"https:\/\/sklep.skoral.com\/en\/produkt\/leather-winter-cap-unisex-tondoria-olive\/#primaryimage"},"thumbnailUrl":"https:\/\/sklep.skoral.com\/wp-content\/uploads\/2021\/02\/zielona-uszatka-skorzana.jpg","datePublished":"2021-02-09T20:21:29+00:00","description":"Comfortable, warm leather winter cap in Italian lambskin. Unisex style (pilot\/ushanka vibe). High wearing comfort. Made to measure available.","breadcrumb":{"@id":"https:\/\/sklep.skoral.com\/en\/produkt\/leather-winter-cap-unisex-tondoria-olive\/#breadcrumb"},"inLanguage":"en-US","potentialAction":[{"@type":"ReadAction","target":["https:\/\/sklep.skoral.com\/en\/produkt\/leather-winter-cap-unisex-tondoria-olive\/"]}]},{"@type":"ImageObject","inLanguage":"en-US","@id":"https:\/\/sklep.skoral.com\/en\/produkt\/leather-winter-cap-unisex-tondoria-olive\/#primaryimage","url":"https:\/\/sklep.skoral.com\/wp-content\/uploads\/2021\/02\/zielona-uszatka-skorzana.jpg","contentUrl":"https:\/\/sklep.skoral.com\/wp-content\/uploads\/2021\/02\/zielona-uszatka-skorzana.jpg","width":1920,"height":2560,"caption":"zielona uszatka sk\u00f3rzana"},{"@type":"BreadcrumbList","@id":"https:\/\/sklep.skoral.com\/en\/produkt\/leather-winter-cap-unisex-tondoria-olive\/#breadcrumb","itemListElement":[{"@type":"ListItem","position":1,"name":"Strona g\u0142\u00f3wna","item":"https:\/\/sklep.skoral.com\/en\/"},{"@type":"ListItem","position":2,"name":"Shop","item":"https:\/\/sklep.skoral.com\/en\/shop\/"},{"@type":"ListItem","position":3,"name":"Leather Winter Cap \u2014 Unisex \u2014 Tondoria (Olive)"}]},{"@type":"WebSite","@id":"https:\/\/sklep.skoral.com\/en\/#website","url":"https:\/\/sklep.skoral.com\/en\/","name":"Pracownia Sk\u00f3ral","description":"Sklep z odzie\u017c\u0105\u00a0sk\u00f3rzan\u0105 i akcesoriami ze sk\u00f3ry naturalnej","publisher":{"@id":"https:\/\/sklep.skoral.com\/en\/#organization"},"potentialAction":[{"@type":"SearchAction","target":{"@type":"EntryPoint","urlTemplate":"https:\/\/sklep.skoral.com\/en\/?s={search_term_string}"},"query-input":{"@type":"PropertyValueSpecification","valueRequired":true,"valueName":"search_term_string"}}],"inLanguage":"en-US"},{"@type":"Organization","@id":"https:\/\/sklep.skoral.com\/en\/#organization","name":"Sk\u00f3ral - Pracownia odzie\u017cy i akcesori\u00f3w sk\u00f3rzanych","url":"https:\/\/sklep.skoral.com\/en\/","logo":{"@type":"ImageObject","inLanguage":"en-US","@id":"https:\/\/sklep.skoral.com\/en\/#\/schema\/logo\/image\/","url":"https:\/\/sklep.skoral.com\/wp-content\/uploads\/2020\/09\/cropped-logo-duze.png","contentUrl":"https:\/\/sklep.skoral.com\/wp-content\/uploads\/2020\/09\/cropped-logo-duze.png","width":1200,"height":293,"caption":"Sk\u00f3ral - Pracownia odzie\u017cy i akcesori\u00f3w sk\u00f3rzanych"},"image":{"@id":"https:\/\/sklep.skoral.com\/en\/#\/schema\/logo\/image\/"},"sameAs":["https:\/\/www.facebook.com\/SkoralNaturalLeather","https:\/\/www.instagram.com\/skoraldesign\/","https:\/\/www.youtube.com\/channel\/UCijmecsRU9TpML5jIEBsWTw"]}]}},"jetpack_sharing_enabled":true,"_links":{"self":[{"href":"https:\/\/sklep.skoral.com\/en\/wp-json\/wp\/v2\/product\/1971","targetHints":{"allow":["GET"]}}],"collection":[{"href":"https:\/\/sklep.skoral.com\/en\/wp-json\/wp\/v2\/product"}],"about":[{"href":"https:\/\/sklep.skoral.com\/en\/wp-json\/wp\/v2\/types\/product"}],"wp:featuredmedia":[{"embeddable":true,"href":"https:\/\/sklep.skoral.com\/en\/wp-json\/wp\/v2\/media\/1978"}],"wp:attachment":[{"href":"https:\/\/sklep.skoral.com\/en\/wp-json\/wp\/v2\/media?parent=1971"}],"wp:term":[{"taxonomy":"product_brand","embeddable":true,"href":"https:\/\/sklep.skoral.com\/en\/wp-json\/wp\/v2\/product_brand?post=1971"},{"taxonomy":"product_cat","embeddable":true,"href":"https:\/\/sklep.skoral.com\/en\/wp-json\/wp\/v2\/product_cat?post=1971"},{"taxonomy":"product_tag","embeddable":true,"href":"https:\/\/sklep.skoral.com\/en\/wp-json\/wp\/v2\/product_tag?post=1971"}],"curies":[{"name":"wp","href":"https:\/\/api.w.org\/{rel}","templated":true}]}}