{"id":230,"date":"2021-01-19T17:24:45","date_gmt":"2021-01-19T16:24:45","guid":{"rendered":"https:\/\/sklep.skoral.com\/?post_type=product&#038;p=230"},"modified":"2025-11-18T15:12:04","modified_gmt":"2025-11-18T14:12:04","slug":"kozuch-damski-trinity","status":"publish","type":"product","link":"https:\/\/sklep.skoral.com\/en\/produkt\/kozuch-damski-trinity\/","title":{"rendered":"Ko\u017cuch, ko\u017cuszek damski &#8211; Trinity"},"content":{"rendered":"<p><span style=\"font-weight: 400;\">Ko\u017cuszek damski Trinity to niezwykle nowoczesna propozycja, kt\u00f3ra doda pazura ka\u017cdej jesienno-zimowej stylizacji. Uszyty zosta\u0142 z najwy\u017cszej jako\u015bci welurowej sk\u00f3ry baraniej, wyko\u0144czonej wt\u0142aczanym lakierem, dzi\u0119ki czemu jest odporny na zabrudzenia czy wilgo\u0107. Ko\u017cuch Trinity ma bardzo m\u0142odzie\u017cowy kr\u00f3j. Posiada wysoki, podw\u00f3jny ko\u0142nierz wyko\u0144czony futerkiem, kt\u00f3ry opr\u00f3cz tego, \u017ce wygl\u0105da bardzo stylowo, wspaniale chroni przed zimnem. Kurtka Trinity ma kobiecy fason, si\u0119gaj\u0105cy do bioder. Regulowana paskiem talia sprawia, \u017ce ko\u017cuszek jeszcze lepiej dopasowuje si\u0119 do damskiej sylwetki. R\u0119kawy zosta\u0142y wyko\u0144czone paskami zapinanymi na klamerki. Trinity posiada z przodu dwie, zamykane na zamek kieszenie.\u00a0<\/span><\/p>\n<p><span style=\"font-weight: 400;\">Ko\u017cuch Trinity swoim krojem nawi\u0105zuje do ponadczasowych kurtek pilotek. \u015awietnie sprawdzi si\u0119 praktycznie w ka\u017cdej miejskiej, casualowej stylizacji.\u00a0<\/span><\/p>\n<p><span style=\"font-weight: 400;\">Ko\u017cuszek damski Trinity to niezwykle nowoczesna i modna propozycja, kt\u00f3ra przypadnie do gustu kobietom \u015bledz\u0105cym aktualne trendy i lubi\u0105cym bawi\u0107 si\u0119 mod\u0105. Jednocze\u015bnie model ten jest bardzo praktyczny i wygodny w codziennym u\u017cytkowaniu, a najwy\u017csza jako\u015b\u0107 wykonania sprawiaj\u0105, \u017ce w\u0142a\u015bcicielka tego ko\u017cuszka b\u0119dzie cieszy\u0107 si\u0119 nim przez wiele sezon\u00f3w.\u00a0<\/span><\/p>\n<h2>Jeste\u015bmy producentem ko\u017cuszk\u00f3w damskich<\/h2>\n<p><span style=\"font-weight: 400;\">Ko\u017cuch damski Trinity zosta\u0142 uszyty r\u0119cznie w naszej pracowni w Krakowie. Na \u017cyczenie naszych klient\u00f3w wykonujemy pe\u0142n\u0105 <strong>personalizacj\u0119<\/strong> zam\u00f3wienia &#8211; zar\u00f3wno je\u015bli chodzi o kolor czy rodzaj sk\u00f3ry, jak i szycie na wymiar. W tym celu prosimy o <a href=\"https:\/\/sklep.skoral.com\/kontakt\/\">kontakt<\/a> z nasz\u0105 pracowni\u0105: +48 12 423 12 20.\u00a0<\/span><\/p>\n","protected":false},"excerpt":{"rendered":"<p>Ko\u017cuch damski, p\u0142aszcz typu Trinity<\/p>\n","protected":false},"featured_media":238,"template":"","meta":{"_monsterinsights_skip_tracking":false,"_monsterinsights_sitenote_active":false,"_monsterinsights_sitenote_note":"","_monsterinsights_sitenote_category":0},"product_brand":[],"product_cat":[17],"product_tag":[35,102],"class_list":{"0":"post-230","1":"product","2":"type-product","3":"status-publish","4":"has-post-thumbnail","6":"product_cat-kozuchy-kozuszki-damskie","7":"product_tag-kozuch","8":"product_tag-kozuszek-damski","10":"first","11":"instock","12":"taxable","13":"shipping-taxable","14":"purchasable","15":"product-type-variable"},"yoast_head":"<!-- This site is optimized with the Yoast SEO plugin v27.6 - https:\/\/yoast.com\/product\/yoast-seo-wordpress\/ -->\n<title>Ko\u017cuch, ko\u017cuszek damski - Trinity - Pracownia Sk\u00f3ral - sk\u00f3ra barania<\/title>\n<meta name=\"description\" content=\"Stylowy ko\u017cuszek damski Trinity uszyty r\u0119cznie w naszej pracownie w Krakowie. Wykonany ze sk\u00f3ry baraniej. Sk\u00f3ral - sklep internetowy.\" \/>\n<meta name=\"robots\" content=\"index, follow, max-snippet:-1, max-image-preview:large, max-video-preview:-1\" \/>\n<link rel=\"canonical\" href=\"https:\/\/sklep.skoral.com\/en\/produkt\/kozuch-damski-trinity\/\" \/>\n<meta property=\"og:locale\" content=\"en_US\" \/>\n<meta property=\"og:type\" content=\"article\" \/>\n<meta property=\"og:title\" content=\"Ko\u017cuch, ko\u017cuszek damski - Trinity - Pracownia Sk\u00f3ral - sk\u00f3ra barania\" \/>\n<meta property=\"og:description\" content=\"Stylowy ko\u017cuszek damski Trinity uszyty r\u0119cznie w naszej pracownie w Krakowie. Wykonany ze sk\u00f3ry baraniej. Sk\u00f3ral - sklep internetowy.\" \/>\n<meta property=\"og:url\" content=\"https:\/\/sklep.skoral.com\/en\/produkt\/kozuch-damski-trinity\/\" \/>\n<meta property=\"og:site_name\" content=\"Pracownia Sk\u00f3ral\" \/>\n<meta property=\"article:publisher\" content=\"https:\/\/www.facebook.com\/SkoralNaturalLeather\" \/>\n<meta property=\"article:modified_time\" content=\"2025-11-18T14:12:04+00:00\" \/>\n<meta property=\"og:image\" content=\"https:\/\/sklep.skoral.com\/wp-content\/uploads\/2021\/01\/kozuch-damski-trinity.jpg\" \/>\n\t<meta property=\"og:image:width\" content=\"1024\" \/>\n\t<meta property=\"og:image:height\" content=\"1280\" \/>\n\t<meta property=\"og:image:type\" content=\"image\/jpeg\" \/>\n<meta name=\"twitter:card\" content=\"summary_large_image\" \/>\n<meta name=\"twitter:label1\" content=\"Est. reading time\" \/>\n\t<meta name=\"twitter:data1\" content=\"1 minute\" \/>\n<script type=\"application\/ld+json\" class=\"yoast-schema-graph\">{\"@context\":\"https:\\\/\\\/schema.org\",\"@graph\":[{\"@type\":[\"WebPage\",\"ItemPage\"],\"@id\":\"https:\\\/\\\/sklep.skoral.com\\\/en\\\/produkt\\\/kozuch-damski-trinity\\\/\",\"url\":\"https:\\\/\\\/sklep.skoral.com\\\/en\\\/produkt\\\/kozuch-damski-trinity\\\/\",\"name\":\"Ko\u017cuch, ko\u017cuszek damski - Trinity - Pracownia Sk\u00f3ral - sk\u00f3ra barania\",\"isPartOf\":{\"@id\":\"https:\\\/\\\/sklep.skoral.com\\\/en\\\/#website\"},\"primaryImageOfPage\":{\"@id\":\"https:\\\/\\\/sklep.skoral.com\\\/en\\\/produkt\\\/kozuch-damski-trinity\\\/#primaryimage\"},\"image\":{\"@id\":\"https:\\\/\\\/sklep.skoral.com\\\/en\\\/produkt\\\/kozuch-damski-trinity\\\/#primaryimage\"},\"thumbnailUrl\":\"https:\\\/\\\/sklep.skoral.com\\\/wp-content\\\/uploads\\\/2021\\\/01\\\/kozuch-damski-trinity.jpg\",\"datePublished\":\"2021-01-19T16:24:45+00:00\",\"dateModified\":\"2025-11-18T14:12:04+00:00\",\"description\":\"Stylowy ko\u017cuszek damski Trinity uszyty r\u0119cznie w naszej pracownie w Krakowie. Wykonany ze sk\u00f3ry baraniej. Sk\u00f3ral - sklep internetowy.\",\"breadcrumb\":{\"@id\":\"https:\\\/\\\/sklep.skoral.com\\\/en\\\/produkt\\\/kozuch-damski-trinity\\\/#breadcrumb\"},\"inLanguage\":\"en-US\",\"potentialAction\":[{\"@type\":\"ReadAction\",\"target\":[\"https:\\\/\\\/sklep.skoral.com\\\/en\\\/produkt\\\/kozuch-damski-trinity\\\/\"]}]},{\"@type\":\"ImageObject\",\"inLanguage\":\"en-US\",\"@id\":\"https:\\\/\\\/sklep.skoral.com\\\/en\\\/produkt\\\/kozuch-damski-trinity\\\/#primaryimage\",\"url\":\"https:\\\/\\\/sklep.skoral.com\\\/wp-content\\\/uploads\\\/2021\\\/01\\\/kozuch-damski-trinity.jpg\",\"contentUrl\":\"https:\\\/\\\/sklep.skoral.com\\\/wp-content\\\/uploads\\\/2021\\\/01\\\/kozuch-damski-trinity.jpg\",\"width\":1024,\"height\":1280,\"caption\":\"Ko\u017cuch damski - Trinity\"},{\"@type\":\"BreadcrumbList\",\"@id\":\"https:\\\/\\\/sklep.skoral.com\\\/en\\\/produkt\\\/kozuch-damski-trinity\\\/#breadcrumb\",\"itemListElement\":[{\"@type\":\"ListItem\",\"position\":1,\"name\":\"Strona g\u0142\u00f3wna\",\"item\":\"https:\\\/\\\/sklep.skoral.com\\\/en\\\/\"},{\"@type\":\"ListItem\",\"position\":2,\"name\":\"Shop\",\"item\":\"https:\\\/\\\/sklep.skoral.com\\\/en\\\/shop\\\/\"},{\"@type\":\"ListItem\",\"position\":3,\"name\":\"Ko\u017cuch, ko\u017cuszek damski &#8211; Trinity\"}]},{\"@type\":\"WebSite\",\"@id\":\"https:\\\/\\\/sklep.skoral.com\\\/en\\\/#website\",\"url\":\"https:\\\/\\\/sklep.skoral.com\\\/en\\\/\",\"name\":\"Pracownia Sk\u00f3ral\",\"description\":\"Sklep z odzie\u017c\u0105\u00a0sk\u00f3rzan\u0105 i akcesoriami ze sk\u00f3ry naturalnej\",\"publisher\":{\"@id\":\"https:\\\/\\\/sklep.skoral.com\\\/en\\\/#organization\"},\"potentialAction\":[{\"@type\":\"SearchAction\",\"target\":{\"@type\":\"EntryPoint\",\"urlTemplate\":\"https:\\\/\\\/sklep.skoral.com\\\/en\\\/?s={search_term_string}\"},\"query-input\":{\"@type\":\"PropertyValueSpecification\",\"valueRequired\":true,\"valueName\":\"search_term_string\"}}],\"inLanguage\":\"en-US\"},{\"@type\":\"Organization\",\"@id\":\"https:\\\/\\\/sklep.skoral.com\\\/en\\\/#organization\",\"name\":\"Sk\u00f3ral - Pracownia odzie\u017cy i akcesori\u00f3w sk\u00f3rzanych\",\"url\":\"https:\\\/\\\/sklep.skoral.com\\\/en\\\/\",\"logo\":{\"@type\":\"ImageObject\",\"inLanguage\":\"en-US\",\"@id\":\"https:\\\/\\\/sklep.skoral.com\\\/en\\\/#\\\/schema\\\/logo\\\/image\\\/\",\"url\":\"https:\\\/\\\/sklep.skoral.com\\\/wp-content\\\/uploads\\\/2020\\\/09\\\/cropped-logo-duze.png\",\"contentUrl\":\"https:\\\/\\\/sklep.skoral.com\\\/wp-content\\\/uploads\\\/2020\\\/09\\\/cropped-logo-duze.png\",\"width\":1200,\"height\":293,\"caption\":\"Sk\u00f3ral - Pracownia odzie\u017cy i akcesori\u00f3w sk\u00f3rzanych\"},\"image\":{\"@id\":\"https:\\\/\\\/sklep.skoral.com\\\/en\\\/#\\\/schema\\\/logo\\\/image\\\/\"},\"sameAs\":[\"https:\\\/\\\/www.facebook.com\\\/SkoralNaturalLeather\",\"https:\\\/\\\/www.instagram.com\\\/skoraldesign\\\/\",\"https:\\\/\\\/www.youtube.com\\\/channel\\\/UCijmecsRU9TpML5jIEBsWTw\"]}]}<\/script>\n<!-- \/ Yoast SEO plugin. -->","yoast_head_json":{"title":"Ko\u017cuch, ko\u017cuszek damski - Trinity - Pracownia Sk\u00f3ral - sk\u00f3ra barania","description":"Stylowy ko\u017cuszek damski Trinity uszyty r\u0119cznie w naszej pracownie w Krakowie. Wykonany ze sk\u00f3ry baraniej. Sk\u00f3ral - sklep internetowy.","robots":{"index":"index","follow":"follow","max-snippet":"max-snippet:-1","max-image-preview":"max-image-preview:large","max-video-preview":"max-video-preview:-1"},"canonical":"https:\/\/sklep.skoral.com\/en\/produkt\/kozuch-damski-trinity\/","og_locale":"en_US","og_type":"article","og_title":"Ko\u017cuch, ko\u017cuszek damski - Trinity - Pracownia Sk\u00f3ral - sk\u00f3ra barania","og_description":"Stylowy ko\u017cuszek damski Trinity uszyty r\u0119cznie w naszej pracownie w Krakowie. Wykonany ze sk\u00f3ry baraniej. Sk\u00f3ral - sklep internetowy.","og_url":"https:\/\/sklep.skoral.com\/en\/produkt\/kozuch-damski-trinity\/","og_site_name":"Pracownia Sk\u00f3ral","article_publisher":"https:\/\/www.facebook.com\/SkoralNaturalLeather","article_modified_time":"2025-11-18T14:12:04+00:00","og_image":[{"width":1024,"height":1280,"url":"https:\/\/sklep.skoral.com\/wp-content\/uploads\/2021\/01\/kozuch-damski-trinity.jpg","type":"image\/jpeg"}],"twitter_card":"summary_large_image","twitter_misc":{"Est. reading time":"1 minute"},"schema":{"@context":"https:\/\/schema.org","@graph":[{"@type":["WebPage","ItemPage"],"@id":"https:\/\/sklep.skoral.com\/en\/produkt\/kozuch-damski-trinity\/","url":"https:\/\/sklep.skoral.com\/en\/produkt\/kozuch-damski-trinity\/","name":"Ko\u017cuch, ko\u017cuszek damski - Trinity - Pracownia Sk\u00f3ral - sk\u00f3ra barania","isPartOf":{"@id":"https:\/\/sklep.skoral.com\/en\/#website"},"primaryImageOfPage":{"@id":"https:\/\/sklep.skoral.com\/en\/produkt\/kozuch-damski-trinity\/#primaryimage"},"image":{"@id":"https:\/\/sklep.skoral.com\/en\/produkt\/kozuch-damski-trinity\/#primaryimage"},"thumbnailUrl":"https:\/\/sklep.skoral.com\/wp-content\/uploads\/2021\/01\/kozuch-damski-trinity.jpg","datePublished":"2021-01-19T16:24:45+00:00","dateModified":"2025-11-18T14:12:04+00:00","description":"Stylowy ko\u017cuszek damski Trinity uszyty r\u0119cznie w naszej pracownie w Krakowie. Wykonany ze sk\u00f3ry baraniej. Sk\u00f3ral - sklep internetowy.","breadcrumb":{"@id":"https:\/\/sklep.skoral.com\/en\/produkt\/kozuch-damski-trinity\/#breadcrumb"},"inLanguage":"en-US","potentialAction":[{"@type":"ReadAction","target":["https:\/\/sklep.skoral.com\/en\/produkt\/kozuch-damski-trinity\/"]}]},{"@type":"ImageObject","inLanguage":"en-US","@id":"https:\/\/sklep.skoral.com\/en\/produkt\/kozuch-damski-trinity\/#primaryimage","url":"https:\/\/sklep.skoral.com\/wp-content\/uploads\/2021\/01\/kozuch-damski-trinity.jpg","contentUrl":"https:\/\/sklep.skoral.com\/wp-content\/uploads\/2021\/01\/kozuch-damski-trinity.jpg","width":1024,"height":1280,"caption":"Ko\u017cuch damski - Trinity"},{"@type":"BreadcrumbList","@id":"https:\/\/sklep.skoral.com\/en\/produkt\/kozuch-damski-trinity\/#breadcrumb","itemListElement":[{"@type":"ListItem","position":1,"name":"Strona g\u0142\u00f3wna","item":"https:\/\/sklep.skoral.com\/en\/"},{"@type":"ListItem","position":2,"name":"Shop","item":"https:\/\/sklep.skoral.com\/en\/shop\/"},{"@type":"ListItem","position":3,"name":"Ko\u017cuch, ko\u017cuszek damski &#8211; Trinity"}]},{"@type":"WebSite","@id":"https:\/\/sklep.skoral.com\/en\/#website","url":"https:\/\/sklep.skoral.com\/en\/","name":"Pracownia Sk\u00f3ral","description":"Sklep z odzie\u017c\u0105\u00a0sk\u00f3rzan\u0105 i akcesoriami ze sk\u00f3ry naturalnej","publisher":{"@id":"https:\/\/sklep.skoral.com\/en\/#organization"},"potentialAction":[{"@type":"SearchAction","target":{"@type":"EntryPoint","urlTemplate":"https:\/\/sklep.skoral.com\/en\/?s={search_term_string}"},"query-input":{"@type":"PropertyValueSpecification","valueRequired":true,"valueName":"search_term_string"}}],"inLanguage":"en-US"},{"@type":"Organization","@id":"https:\/\/sklep.skoral.com\/en\/#organization","name":"Sk\u00f3ral - Pracownia odzie\u017cy i akcesori\u00f3w sk\u00f3rzanych","url":"https:\/\/sklep.skoral.com\/en\/","logo":{"@type":"ImageObject","inLanguage":"en-US","@id":"https:\/\/sklep.skoral.com\/en\/#\/schema\/logo\/image\/","url":"https:\/\/sklep.skoral.com\/wp-content\/uploads\/2020\/09\/cropped-logo-duze.png","contentUrl":"https:\/\/sklep.skoral.com\/wp-content\/uploads\/2020\/09\/cropped-logo-duze.png","width":1200,"height":293,"caption":"Sk\u00f3ral - Pracownia odzie\u017cy i akcesori\u00f3w sk\u00f3rzanych"},"image":{"@id":"https:\/\/sklep.skoral.com\/en\/#\/schema\/logo\/image\/"},"sameAs":["https:\/\/www.facebook.com\/SkoralNaturalLeather","https:\/\/www.instagram.com\/skoraldesign\/","https:\/\/www.youtube.com\/channel\/UCijmecsRU9TpML5jIEBsWTw"]}]}},"jetpack_sharing_enabled":true,"_links":{"self":[{"href":"https:\/\/sklep.skoral.com\/en\/wp-json\/wp\/v2\/product\/230","targetHints":{"allow":["GET"]}}],"collection":[{"href":"https:\/\/sklep.skoral.com\/en\/wp-json\/wp\/v2\/product"}],"about":[{"href":"https:\/\/sklep.skoral.com\/en\/wp-json\/wp\/v2\/types\/product"}],"wp:featuredmedia":[{"embeddable":true,"href":"https:\/\/sklep.skoral.com\/en\/wp-json\/wp\/v2\/media\/238"}],"wp:attachment":[{"href":"https:\/\/sklep.skoral.com\/en\/wp-json\/wp\/v2\/media?parent=230"}],"wp:term":[{"taxonomy":"product_brand","embeddable":true,"href":"https:\/\/sklep.skoral.com\/en\/wp-json\/wp\/v2\/product_brand?post=230"},{"taxonomy":"product_cat","embeddable":true,"href":"https:\/\/sklep.skoral.com\/en\/wp-json\/wp\/v2\/product_cat?post=230"},{"taxonomy":"product_tag","embeddable":true,"href":"https:\/\/sklep.skoral.com\/en\/wp-json\/wp\/v2\/product_tag?post=230"}],"curies":[{"name":"wp","href":"https:\/\/api.w.org\/{rel}","templated":true}]}}