{"id":284,"date":"2021-01-19T18:08:58","date_gmt":"2021-01-19T17:08:58","guid":{"rendered":"https:\/\/sklep.skoral.com\/?post_type=product&#038;p=284"},"modified":"2024-08-14T12:17:13","modified_gmt":"2024-08-14T10:17:13","slug":"kurtka-skorzana-meska-henry","status":"publish","type":"product","link":"https:\/\/sklep.skoral.com\/en\/produkt\/kurtka-skorzana-meska-henry\/","title":{"rendered":"Kurtka sk\u00f3rzana m\u0119ska &#8211; Henry"},"content":{"rendered":"<p><span style=\"font-weight: 400;\">Czarna m\u0119ska kurtka sk\u00f3rzana Henry to propozycja, kt\u00f3ra zachwyci fan\u00f3w motoryzacji i odzie\u017cy motocyklowej. Zosta\u0142a wykonana z grubej i niezwykle wytrzyma\u0142ej bydl\u0119cej sk\u00f3ry Nevada, kt\u00f3ra odporna jest na zarysowania i zabrudzenia. Model Henry posiada charakterystyczny sko\u015bny zamek, zako\u0144czony pikowan\u0105 st\u00f3jk\u0105. St\u00f3jka dodatkowo zapinana jest na trzy napy. Model Henry wyko\u0144czono lekk\u0105 i przewiewn\u0105 wiskozow\u0105 podszewk\u0105. Kurtka sk\u00f3rzana Henry posiada 3 kieszenie, zamykane na suwaki w z\u0142otym kolorze. Szeroki pikowany pas zako\u0144czony dwoma klamerkami z przodu pozwala na regulacj\u0119 obwodu i idealne dopasowanie kurtki do cia\u0142a.Ramiona modelu zosta\u0142y wzmocnione dodatkowymi przeszyciami.<\/span><\/p>\n<p><span style=\"font-weight: 400;\">Kurtka zosta\u0142a uszyta niezwykle starannie, z najwy\u017cszej jako\u015bci materia\u0142\u00f3w. Mocne szwy, solidne zamki oraz odporna na zu\u017cycie sk\u00f3ra Nevada sprawiaj\u0105, \u017ce kurtka sk\u00f3rzana Henry to model, kt\u00f3ry pozostanie z Tob\u0105 na wiele sezon\u00f3w. Je\u015bli szukasz odzie\u017cy, kt\u00f3ra zapewni Ci najwy\u017cszy komfort podczas jazdy motocyklem, ochroni przed wiatrem i b\u0119dzie wygl\u0105da\u0107 niezwykle stylowo \u2014 model Henry jest dla Ciebie!<\/span><\/p>\n<h2>Kurtka motocyklowa m\u0119ska ze sk\u00f3ry na wymiar<\/h2>\n<p><span style=\"font-weight: 400;\">M\u0119ska Kurtka motocyklowa Henry zosta\u0142a uszyta r\u0119cznie w pracowni krawieckiej w Krakowie.<\/span><\/p>\n<p><span style=\"font-weight: 400;\">Szukasz kurtki w konkretnym kolorze i rozmiarze? Na \u017cyczenie naszych klient\u00f3w oferujemy pe\u0142n\u0105 personalizacj\u0119 naszych modeli. W tym celu skontaktuj si\u0119 z nami pod numerem +48 12 423 12 20.<\/span><\/p>\n","protected":false},"excerpt":{"rendered":"<p>Kurtka sk\u00f3rzana m\u0119ska typu Henry, propozycja kurtki motocyklowej ze sk\u00f3ry bydl\u0119cej.<\/p>\n","protected":false},"featured_media":0,"template":"","meta":{"_monsterinsights_skip_tracking":false,"_monsterinsights_sitenote_active":false,"_monsterinsights_sitenote_note":"","_monsterinsights_sitenote_category":0},"product_brand":[],"product_cat":[33],"product_tag":[25,95,40],"class_list":{"0":"post-284","1":"product","2":"type-product","3":"status-publish","5":"product_cat-kurtki-skorzane-meskie","6":"product_tag-kurtka-skorzana","7":"product_tag-kurtka-skorzana-na-motocykl","8":"product_tag-na-motor","10":"first","11":"instock","12":"taxable","13":"shipping-taxable","14":"purchasable","15":"product-type-variable"},"yoast_head":"<!-- This site is optimized with the Yoast SEO plugin v27.6 - https:\/\/yoast.com\/product\/yoast-seo-wordpress\/ -->\n<title>Kurtka sk\u00f3rzana m\u0119ska - Henry - Pracownia Sk\u00f3ral - Nevada<\/title>\n<meta name=\"description\" content=\"Czarna kurtka sk\u00f3rzana m\u0119ska na motocykl Henry - bydl\u0119ca sk\u00f3ra, odporna na zarysowania i zabrudzenia. Komfort w wprowadzeniu motocykla.\" \/>\n<meta name=\"robots\" content=\"index, follow, max-snippet:-1, max-image-preview:large, max-video-preview:-1\" \/>\n<link rel=\"canonical\" href=\"https:\/\/sklep.skoral.com\/en\/produkt\/kurtka-skorzana-meska-henry\/\" \/>\n<meta property=\"og:locale\" content=\"en_US\" \/>\n<meta property=\"og:type\" content=\"article\" \/>\n<meta property=\"og:title\" content=\"Kurtka sk\u00f3rzana m\u0119ska - Henry - Pracownia Sk\u00f3ral - Nevada\" \/>\n<meta property=\"og:description\" content=\"Czarna kurtka sk\u00f3rzana m\u0119ska na motocykl Henry - bydl\u0119ca sk\u00f3ra, odporna na zarysowania i zabrudzenia. Komfort w wprowadzeniu motocykla.\" \/>\n<meta property=\"og:url\" content=\"https:\/\/sklep.skoral.com\/en\/produkt\/kurtka-skorzana-meska-henry\/\" \/>\n<meta property=\"og:site_name\" content=\"Pracownia Sk\u00f3ral\" \/>\n<meta property=\"article:publisher\" content=\"https:\/\/www.facebook.com\/SkoralNaturalLeather\" \/>\n<meta property=\"article:modified_time\" content=\"2024-08-14T10:17:13+00:00\" \/>\n<meta property=\"og:image\" content=\"https:\/\/sklep.skoral.com\/wp-content\/uploads\/2021\/01\/skoral-pracownia-z-odzieza-skorzana-i-akcesoriami.jpg\" \/>\n\t<meta property=\"og:image:width\" content=\"1932\" \/>\n\t<meta property=\"og:image:height\" content=\"860\" \/>\n\t<meta property=\"og:image:type\" content=\"image\/jpeg\" \/>\n<meta name=\"twitter:card\" content=\"summary_large_image\" \/>\n<meta name=\"twitter:label1\" content=\"Est. reading time\" \/>\n\t<meta name=\"twitter:data1\" content=\"1 minute\" \/>\n<script type=\"application\/ld+json\" class=\"yoast-schema-graph\">{\"@context\":\"https:\\\/\\\/schema.org\",\"@graph\":[{\"@type\":[\"WebPage\",\"ItemPage\"],\"@id\":\"https:\\\/\\\/sklep.skoral.com\\\/en\\\/produkt\\\/kurtka-skorzana-meska-henry\\\/\",\"url\":\"https:\\\/\\\/sklep.skoral.com\\\/en\\\/produkt\\\/kurtka-skorzana-meska-henry\\\/\",\"name\":\"Kurtka sk\u00f3rzana m\u0119ska - Henry - Pracownia Sk\u00f3ral - Nevada\",\"isPartOf\":{\"@id\":\"https:\\\/\\\/sklep.skoral.com\\\/en\\\/#website\"},\"datePublished\":\"2021-01-19T17:08:58+00:00\",\"dateModified\":\"2024-08-14T10:17:13+00:00\",\"description\":\"Czarna kurtka sk\u00f3rzana m\u0119ska na motocykl Henry - bydl\u0119ca sk\u00f3ra, odporna na zarysowania i zabrudzenia. Komfort w wprowadzeniu motocykla.\",\"breadcrumb\":{\"@id\":\"https:\\\/\\\/sklep.skoral.com\\\/en\\\/produkt\\\/kurtka-skorzana-meska-henry\\\/#breadcrumb\"},\"inLanguage\":\"en-US\",\"potentialAction\":[{\"@type\":\"ReadAction\",\"target\":[\"https:\\\/\\\/sklep.skoral.com\\\/en\\\/produkt\\\/kurtka-skorzana-meska-henry\\\/\"]}]},{\"@type\":\"BreadcrumbList\",\"@id\":\"https:\\\/\\\/sklep.skoral.com\\\/en\\\/produkt\\\/kurtka-skorzana-meska-henry\\\/#breadcrumb\",\"itemListElement\":[{\"@type\":\"ListItem\",\"position\":1,\"name\":\"Strona g\u0142\u00f3wna\",\"item\":\"https:\\\/\\\/sklep.skoral.com\\\/en\\\/\"},{\"@type\":\"ListItem\",\"position\":2,\"name\":\"Shop\",\"item\":\"https:\\\/\\\/sklep.skoral.com\\\/en\\\/shop\\\/\"},{\"@type\":\"ListItem\",\"position\":3,\"name\":\"Kurtka sk\u00f3rzana m\u0119ska &#8211; Henry\"}]},{\"@type\":\"WebSite\",\"@id\":\"https:\\\/\\\/sklep.skoral.com\\\/en\\\/#website\",\"url\":\"https:\\\/\\\/sklep.skoral.com\\\/en\\\/\",\"name\":\"Pracownia Sk\u00f3ral\",\"description\":\"Sklep z odzie\u017c\u0105\u00a0sk\u00f3rzan\u0105 i akcesoriami ze sk\u00f3ry naturalnej\",\"publisher\":{\"@id\":\"https:\\\/\\\/sklep.skoral.com\\\/en\\\/#organization\"},\"potentialAction\":[{\"@type\":\"SearchAction\",\"target\":{\"@type\":\"EntryPoint\",\"urlTemplate\":\"https:\\\/\\\/sklep.skoral.com\\\/en\\\/?s={search_term_string}\"},\"query-input\":{\"@type\":\"PropertyValueSpecification\",\"valueRequired\":true,\"valueName\":\"search_term_string\"}}],\"inLanguage\":\"en-US\"},{\"@type\":\"Organization\",\"@id\":\"https:\\\/\\\/sklep.skoral.com\\\/en\\\/#organization\",\"name\":\"Sk\u00f3ral - Pracownia odzie\u017cy i akcesori\u00f3w sk\u00f3rzanych\",\"url\":\"https:\\\/\\\/sklep.skoral.com\\\/en\\\/\",\"logo\":{\"@type\":\"ImageObject\",\"inLanguage\":\"en-US\",\"@id\":\"https:\\\/\\\/sklep.skoral.com\\\/en\\\/#\\\/schema\\\/logo\\\/image\\\/\",\"url\":\"https:\\\/\\\/sklep.skoral.com\\\/wp-content\\\/uploads\\\/2020\\\/09\\\/cropped-logo-duze.png\",\"contentUrl\":\"https:\\\/\\\/sklep.skoral.com\\\/wp-content\\\/uploads\\\/2020\\\/09\\\/cropped-logo-duze.png\",\"width\":1200,\"height\":293,\"caption\":\"Sk\u00f3ral - Pracownia odzie\u017cy i akcesori\u00f3w sk\u00f3rzanych\"},\"image\":{\"@id\":\"https:\\\/\\\/sklep.skoral.com\\\/en\\\/#\\\/schema\\\/logo\\\/image\\\/\"},\"sameAs\":[\"https:\\\/\\\/www.facebook.com\\\/SkoralNaturalLeather\",\"https:\\\/\\\/www.instagram.com\\\/skoraldesign\\\/\",\"https:\\\/\\\/www.youtube.com\\\/channel\\\/UCijmecsRU9TpML5jIEBsWTw\"]}]}<\/script>\n<!-- \/ Yoast SEO plugin. -->","yoast_head_json":{"title":"Kurtka sk\u00f3rzana m\u0119ska - Henry - Pracownia Sk\u00f3ral - Nevada","description":"Czarna kurtka sk\u00f3rzana m\u0119ska na motocykl Henry - bydl\u0119ca sk\u00f3ra, odporna na zarysowania i zabrudzenia. Komfort w wprowadzeniu motocykla.","robots":{"index":"index","follow":"follow","max-snippet":"max-snippet:-1","max-image-preview":"max-image-preview:large","max-video-preview":"max-video-preview:-1"},"canonical":"https:\/\/sklep.skoral.com\/en\/produkt\/kurtka-skorzana-meska-henry\/","og_locale":"en_US","og_type":"article","og_title":"Kurtka sk\u00f3rzana m\u0119ska - Henry - Pracownia Sk\u00f3ral - Nevada","og_description":"Czarna kurtka sk\u00f3rzana m\u0119ska na motocykl Henry - bydl\u0119ca sk\u00f3ra, odporna na zarysowania i zabrudzenia. Komfort w wprowadzeniu motocykla.","og_url":"https:\/\/sklep.skoral.com\/en\/produkt\/kurtka-skorzana-meska-henry\/","og_site_name":"Pracownia Sk\u00f3ral","article_publisher":"https:\/\/www.facebook.com\/SkoralNaturalLeather","article_modified_time":"2024-08-14T10:17:13+00:00","og_image":[{"width":1932,"height":860,"url":"https:\/\/sklep.skoral.com\/wp-content\/uploads\/2021\/01\/skoral-pracownia-z-odzieza-skorzana-i-akcesoriami.jpg","type":"image\/jpeg"}],"twitter_card":"summary_large_image","twitter_misc":{"Est. reading time":"1 minute"},"schema":{"@context":"https:\/\/schema.org","@graph":[{"@type":["WebPage","ItemPage"],"@id":"https:\/\/sklep.skoral.com\/en\/produkt\/kurtka-skorzana-meska-henry\/","url":"https:\/\/sklep.skoral.com\/en\/produkt\/kurtka-skorzana-meska-henry\/","name":"Kurtka sk\u00f3rzana m\u0119ska - Henry - Pracownia Sk\u00f3ral - Nevada","isPartOf":{"@id":"https:\/\/sklep.skoral.com\/en\/#website"},"datePublished":"2021-01-19T17:08:58+00:00","dateModified":"2024-08-14T10:17:13+00:00","description":"Czarna kurtka sk\u00f3rzana m\u0119ska na motocykl Henry - bydl\u0119ca sk\u00f3ra, odporna na zarysowania i zabrudzenia. Komfort w wprowadzeniu motocykla.","breadcrumb":{"@id":"https:\/\/sklep.skoral.com\/en\/produkt\/kurtka-skorzana-meska-henry\/#breadcrumb"},"inLanguage":"en-US","potentialAction":[{"@type":"ReadAction","target":["https:\/\/sklep.skoral.com\/en\/produkt\/kurtka-skorzana-meska-henry\/"]}]},{"@type":"BreadcrumbList","@id":"https:\/\/sklep.skoral.com\/en\/produkt\/kurtka-skorzana-meska-henry\/#breadcrumb","itemListElement":[{"@type":"ListItem","position":1,"name":"Strona g\u0142\u00f3wna","item":"https:\/\/sklep.skoral.com\/en\/"},{"@type":"ListItem","position":2,"name":"Shop","item":"https:\/\/sklep.skoral.com\/en\/shop\/"},{"@type":"ListItem","position":3,"name":"Kurtka sk\u00f3rzana m\u0119ska &#8211; Henry"}]},{"@type":"WebSite","@id":"https:\/\/sklep.skoral.com\/en\/#website","url":"https:\/\/sklep.skoral.com\/en\/","name":"Pracownia Sk\u00f3ral","description":"Sklep z odzie\u017c\u0105\u00a0sk\u00f3rzan\u0105 i akcesoriami ze sk\u00f3ry naturalnej","publisher":{"@id":"https:\/\/sklep.skoral.com\/en\/#organization"},"potentialAction":[{"@type":"SearchAction","target":{"@type":"EntryPoint","urlTemplate":"https:\/\/sklep.skoral.com\/en\/?s={search_term_string}"},"query-input":{"@type":"PropertyValueSpecification","valueRequired":true,"valueName":"search_term_string"}}],"inLanguage":"en-US"},{"@type":"Organization","@id":"https:\/\/sklep.skoral.com\/en\/#organization","name":"Sk\u00f3ral - Pracownia odzie\u017cy i akcesori\u00f3w sk\u00f3rzanych","url":"https:\/\/sklep.skoral.com\/en\/","logo":{"@type":"ImageObject","inLanguage":"en-US","@id":"https:\/\/sklep.skoral.com\/en\/#\/schema\/logo\/image\/","url":"https:\/\/sklep.skoral.com\/wp-content\/uploads\/2020\/09\/cropped-logo-duze.png","contentUrl":"https:\/\/sklep.skoral.com\/wp-content\/uploads\/2020\/09\/cropped-logo-duze.png","width":1200,"height":293,"caption":"Sk\u00f3ral - Pracownia odzie\u017cy i akcesori\u00f3w sk\u00f3rzanych"},"image":{"@id":"https:\/\/sklep.skoral.com\/en\/#\/schema\/logo\/image\/"},"sameAs":["https:\/\/www.facebook.com\/SkoralNaturalLeather","https:\/\/www.instagram.com\/skoraldesign\/","https:\/\/www.youtube.com\/channel\/UCijmecsRU9TpML5jIEBsWTw"]}]}},"jetpack_sharing_enabled":true,"_links":{"self":[{"href":"https:\/\/sklep.skoral.com\/en\/wp-json\/wp\/v2\/product\/284","targetHints":{"allow":["GET"]}}],"collection":[{"href":"https:\/\/sklep.skoral.com\/en\/wp-json\/wp\/v2\/product"}],"about":[{"href":"https:\/\/sklep.skoral.com\/en\/wp-json\/wp\/v2\/types\/product"}],"wp:attachment":[{"href":"https:\/\/sklep.skoral.com\/en\/wp-json\/wp\/v2\/media?parent=284"}],"wp:term":[{"taxonomy":"product_brand","embeddable":true,"href":"https:\/\/sklep.skoral.com\/en\/wp-json\/wp\/v2\/product_brand?post=284"},{"taxonomy":"product_cat","embeddable":true,"href":"https:\/\/sklep.skoral.com\/en\/wp-json\/wp\/v2\/product_cat?post=284"},{"taxonomy":"product_tag","embeddable":true,"href":"https:\/\/sklep.skoral.com\/en\/wp-json\/wp\/v2\/product_tag?post=284"}],"curies":[{"name":"wp","href":"https:\/\/api.w.org\/{rel}","templated":true}]}}