{"id":316,"date":"2021-01-19T18:28:29","date_gmt":"2021-01-19T17:28:29","guid":{"rendered":"https:\/\/sklep.skoral.com\/?post_type=product&#038;p=316"},"modified":"2024-08-14T12:16:02","modified_gmt":"2024-08-14T10:16:02","slug":"plaszcz-skorzany-damski-rouge","status":"publish","type":"product","link":"https:\/\/sklep.skoral.com\/en\/produkt\/plaszcz-skorzany-damski-rouge\/","title":{"rendered":"P\u0142aszcz sk\u00f3rzany damski &#8211; Rouge"},"content":{"rendered":"<p><span style=\"font-weight: 400;\">Klasyka w najlepszym wydaniu! Damski p\u0142aszcz sk\u00f3rzany Rouge to propozycja dla kobiet poszukuj\u0105cych odwa\u017cnych i jednocze\u015bnie ponadczasowych kroj\u00f3w. P\u0142aszcz sk\u00f3rzany Rouge zosta\u0142 uszyty r\u0119cznie z mi\u0119kkiej i przyjemnej dla cia\u0142a w\u0142oskiej sk\u00f3ry licowej. Wyko\u0144czony naturaln\u0105, oddychaj\u0105c\u0105 wiskozow\u0105 podszewk\u0105 b\u0119dzie \u015bwietnym wyborem r\u00f3wnie\u017c w cieplejsze, letnie dni.\u00a0<\/span><\/p>\n<p><span style=\"font-weight: 400;\">Rouge zapinany jest na zamek. Posiada wysok\u0105 st\u00f3jk\u0119. Po bokach p\u0142aszcza umieszczone zosta\u0142y dwie kieszenie zamykane na suwaki. P\u0142aszcz posiada klasyczny, lekko taliowany kr\u00f3j. Dodatkowo, dzi\u0119ki subtelnym przeszyciom, Rouge fantastycznie modeluje i wyszczupla sylwetk\u0119. Jego minimalistyczna forma i ponadczasowy styl sprawiaj\u0105, \u017ce pasuje do wi\u0119kszo\u015bci kobiecych stylizacji.\u00a0<\/span><\/p>\n<p><span style=\"font-weight: 400;\">Spodoba si\u0119 w szczeg\u00f3lno\u015bci kobietom ceni\u0105cym minimalistyczne, uniwersalne kroje. Fantastycznie sprawdzi si\u0119 w roli lekkiego, wiosennego p\u0142aszcza.\u00a0<\/span><\/p>\n<h2>Minimalistyczny sk\u00f3rzany p\u0142aszcz damski &#8211; na zam\u00f3wienie, na wymiar<\/h2>\n<p><span style=\"font-weight: 400;\">Szukasz p\u0142aszcza w konkretnym kolorze i rozmiarze? Na \u017cyczenie naszych klient\u00f3w oferujemy pe\u0142n\u0105 personalizacj\u0119 naszych modeli. W tym celu skontaktuj si\u0119 z nami pod numerem +48 12 423 12 20. Wysy\u0142amy za granic\u0119.<\/span><\/p>\n","protected":false},"excerpt":{"rendered":"<p>P\u0142aszcz sk\u00f3rzany damski typu Rouge<\/p>\n","protected":false},"featured_media":318,"template":"","meta":{"_monsterinsights_skip_tracking":false,"_monsterinsights_sitenote_active":false,"_monsterinsights_sitenote_note":"","_monsterinsights_sitenote_category":0},"product_brand":[],"product_cat":[34],"product_tag":[100,48],"class_list":{"0":"post-316","1":"product","2":"type-product","3":"status-publish","4":"has-post-thumbnail","6":"product_cat-plaszcze","7":"product_tag-plaszcz-skorzany-na-zamek","8":"product_tag-wysoki-kolnierz","10":"first","11":"instock","12":"taxable","13":"shipping-taxable","14":"purchasable","15":"product-type-variable"},"yoast_head":"<!-- This site is optimized with the Yoast SEO plugin v27.6 - https:\/\/yoast.com\/product\/yoast-seo-wordpress\/ -->\n<title>P\u0142aszcz sk\u00f3rzany damski - Rouge - Pracownia Sk\u00f3ral - Sklep internetowy<\/title>\n<meta name=\"description\" content=\"Czarny p\u0142aszcz sk\u00f3rzany damski, minimalistyczny, ze sk\u00f3ry naturalnej - Rouge. Taliowany kr\u00f3j - z w\u0142oskiej licowej sk\u00f3ry - sklep internetowy\" \/>\n<meta name=\"robots\" content=\"index, follow, max-snippet:-1, max-image-preview:large, max-video-preview:-1\" \/>\n<link rel=\"canonical\" href=\"https:\/\/sklep.skoral.com\/en\/produkt\/plaszcz-skorzany-damski-rouge\/\" \/>\n<meta property=\"og:locale\" content=\"en_US\" \/>\n<meta property=\"og:type\" content=\"article\" \/>\n<meta property=\"og:title\" content=\"P\u0142aszcz sk\u00f3rzany damski - Rouge - Pracownia Sk\u00f3ral - Sklep internetowy\" \/>\n<meta property=\"og:description\" content=\"Czarny p\u0142aszcz sk\u00f3rzany damski, minimalistyczny, ze sk\u00f3ry naturalnej - Rouge. Taliowany kr\u00f3j - z w\u0142oskiej licowej sk\u00f3ry - sklep internetowy\" \/>\n<meta property=\"og:url\" content=\"https:\/\/sklep.skoral.com\/en\/produkt\/plaszcz-skorzany-damski-rouge\/\" \/>\n<meta property=\"og:site_name\" content=\"Pracownia Sk\u00f3ral\" \/>\n<meta property=\"article:publisher\" content=\"https:\/\/www.facebook.com\/SkoralNaturalLeather\" \/>\n<meta property=\"article:modified_time\" content=\"2024-08-14T10:16:02+00:00\" \/>\n<meta property=\"og:image\" content=\"https:\/\/sklep.skoral.com\/wp-content\/uploads\/2021\/01\/plaszcz-skorzany-damski-rouge.jpg\" \/>\n\t<meta property=\"og:image:width\" content=\"1024\" \/>\n\t<meta property=\"og:image:height\" content=\"1280\" \/>\n\t<meta property=\"og:image:type\" content=\"image\/jpeg\" \/>\n<meta name=\"twitter:card\" content=\"summary_large_image\" \/>\n<meta name=\"twitter:label1\" content=\"Est. reading time\" \/>\n\t<meta name=\"twitter:data1\" content=\"1 minute\" \/>\n<script type=\"application\/ld+json\" class=\"yoast-schema-graph\">{\"@context\":\"https:\\\/\\\/schema.org\",\"@graph\":[{\"@type\":[\"WebPage\",\"ItemPage\"],\"@id\":\"https:\\\/\\\/sklep.skoral.com\\\/en\\\/produkt\\\/plaszcz-skorzany-damski-rouge\\\/\",\"url\":\"https:\\\/\\\/sklep.skoral.com\\\/en\\\/produkt\\\/plaszcz-skorzany-damski-rouge\\\/\",\"name\":\"P\u0142aszcz sk\u00f3rzany damski - Rouge - Pracownia Sk\u00f3ral - Sklep internetowy\",\"isPartOf\":{\"@id\":\"https:\\\/\\\/sklep.skoral.com\\\/en\\\/#website\"},\"primaryImageOfPage\":{\"@id\":\"https:\\\/\\\/sklep.skoral.com\\\/en\\\/produkt\\\/plaszcz-skorzany-damski-rouge\\\/#primaryimage\"},\"image\":{\"@id\":\"https:\\\/\\\/sklep.skoral.com\\\/en\\\/produkt\\\/plaszcz-skorzany-damski-rouge\\\/#primaryimage\"},\"thumbnailUrl\":\"https:\\\/\\\/sklep.skoral.com\\\/wp-content\\\/uploads\\\/2021\\\/01\\\/plaszcz-skorzany-damski-rouge.jpg\",\"datePublished\":\"2021-01-19T17:28:29+00:00\",\"dateModified\":\"2024-08-14T10:16:02+00:00\",\"description\":\"Czarny p\u0142aszcz sk\u00f3rzany damski, minimalistyczny, ze sk\u00f3ry naturalnej - Rouge. Taliowany kr\u00f3j - z w\u0142oskiej licowej sk\u00f3ry - sklep internetowy\",\"breadcrumb\":{\"@id\":\"https:\\\/\\\/sklep.skoral.com\\\/en\\\/produkt\\\/plaszcz-skorzany-damski-rouge\\\/#breadcrumb\"},\"inLanguage\":\"en-US\",\"potentialAction\":[{\"@type\":\"ReadAction\",\"target\":[\"https:\\\/\\\/sklep.skoral.com\\\/en\\\/produkt\\\/plaszcz-skorzany-damski-rouge\\\/\"]}]},{\"@type\":\"ImageObject\",\"inLanguage\":\"en-US\",\"@id\":\"https:\\\/\\\/sklep.skoral.com\\\/en\\\/produkt\\\/plaszcz-skorzany-damski-rouge\\\/#primaryimage\",\"url\":\"https:\\\/\\\/sklep.skoral.com\\\/wp-content\\\/uploads\\\/2021\\\/01\\\/plaszcz-skorzany-damski-rouge.jpg\",\"contentUrl\":\"https:\\\/\\\/sklep.skoral.com\\\/wp-content\\\/uploads\\\/2021\\\/01\\\/plaszcz-skorzany-damski-rouge.jpg\",\"width\":1024,\"height\":1280,\"caption\":\"P\u0142aszcz sk\u00f3rzany damski - Rouge\"},{\"@type\":\"BreadcrumbList\",\"@id\":\"https:\\\/\\\/sklep.skoral.com\\\/en\\\/produkt\\\/plaszcz-skorzany-damski-rouge\\\/#breadcrumb\",\"itemListElement\":[{\"@type\":\"ListItem\",\"position\":1,\"name\":\"Strona g\u0142\u00f3wna\",\"item\":\"https:\\\/\\\/sklep.skoral.com\\\/en\\\/\"},{\"@type\":\"ListItem\",\"position\":2,\"name\":\"Shop\",\"item\":\"https:\\\/\\\/sklep.skoral.com\\\/en\\\/shop\\\/\"},{\"@type\":\"ListItem\",\"position\":3,\"name\":\"P\u0142aszcz sk\u00f3rzany damski &#8211; Rouge\"}]},{\"@type\":\"WebSite\",\"@id\":\"https:\\\/\\\/sklep.skoral.com\\\/en\\\/#website\",\"url\":\"https:\\\/\\\/sklep.skoral.com\\\/en\\\/\",\"name\":\"Pracownia Sk\u00f3ral\",\"description\":\"Sklep z odzie\u017c\u0105\u00a0sk\u00f3rzan\u0105 i akcesoriami ze sk\u00f3ry naturalnej\",\"publisher\":{\"@id\":\"https:\\\/\\\/sklep.skoral.com\\\/en\\\/#organization\"},\"potentialAction\":[{\"@type\":\"SearchAction\",\"target\":{\"@type\":\"EntryPoint\",\"urlTemplate\":\"https:\\\/\\\/sklep.skoral.com\\\/en\\\/?s={search_term_string}\"},\"query-input\":{\"@type\":\"PropertyValueSpecification\",\"valueRequired\":true,\"valueName\":\"search_term_string\"}}],\"inLanguage\":\"en-US\"},{\"@type\":\"Organization\",\"@id\":\"https:\\\/\\\/sklep.skoral.com\\\/en\\\/#organization\",\"name\":\"Sk\u00f3ral - Pracownia odzie\u017cy i akcesori\u00f3w sk\u00f3rzanych\",\"url\":\"https:\\\/\\\/sklep.skoral.com\\\/en\\\/\",\"logo\":{\"@type\":\"ImageObject\",\"inLanguage\":\"en-US\",\"@id\":\"https:\\\/\\\/sklep.skoral.com\\\/en\\\/#\\\/schema\\\/logo\\\/image\\\/\",\"url\":\"https:\\\/\\\/sklep.skoral.com\\\/wp-content\\\/uploads\\\/2020\\\/09\\\/cropped-logo-duze.png\",\"contentUrl\":\"https:\\\/\\\/sklep.skoral.com\\\/wp-content\\\/uploads\\\/2020\\\/09\\\/cropped-logo-duze.png\",\"width\":1200,\"height\":293,\"caption\":\"Sk\u00f3ral - Pracownia odzie\u017cy i akcesori\u00f3w sk\u00f3rzanych\"},\"image\":{\"@id\":\"https:\\\/\\\/sklep.skoral.com\\\/en\\\/#\\\/schema\\\/logo\\\/image\\\/\"},\"sameAs\":[\"https:\\\/\\\/www.facebook.com\\\/SkoralNaturalLeather\",\"https:\\\/\\\/www.instagram.com\\\/skoraldesign\\\/\",\"https:\\\/\\\/www.youtube.com\\\/channel\\\/UCijmecsRU9TpML5jIEBsWTw\"]}]}<\/script>\n<!-- \/ Yoast SEO plugin. -->","yoast_head_json":{"title":"P\u0142aszcz sk\u00f3rzany damski - Rouge - Pracownia Sk\u00f3ral - Sklep internetowy","description":"Czarny p\u0142aszcz sk\u00f3rzany damski, minimalistyczny, ze sk\u00f3ry naturalnej - Rouge. Taliowany kr\u00f3j - z w\u0142oskiej licowej sk\u00f3ry - sklep internetowy","robots":{"index":"index","follow":"follow","max-snippet":"max-snippet:-1","max-image-preview":"max-image-preview:large","max-video-preview":"max-video-preview:-1"},"canonical":"https:\/\/sklep.skoral.com\/en\/produkt\/plaszcz-skorzany-damski-rouge\/","og_locale":"en_US","og_type":"article","og_title":"P\u0142aszcz sk\u00f3rzany damski - Rouge - Pracownia Sk\u00f3ral - Sklep internetowy","og_description":"Czarny p\u0142aszcz sk\u00f3rzany damski, minimalistyczny, ze sk\u00f3ry naturalnej - Rouge. Taliowany kr\u00f3j - z w\u0142oskiej licowej sk\u00f3ry - sklep internetowy","og_url":"https:\/\/sklep.skoral.com\/en\/produkt\/plaszcz-skorzany-damski-rouge\/","og_site_name":"Pracownia Sk\u00f3ral","article_publisher":"https:\/\/www.facebook.com\/SkoralNaturalLeather","article_modified_time":"2024-08-14T10:16:02+00:00","og_image":[{"width":1024,"height":1280,"url":"https:\/\/sklep.skoral.com\/wp-content\/uploads\/2021\/01\/plaszcz-skorzany-damski-rouge.jpg","type":"image\/jpeg"}],"twitter_card":"summary_large_image","twitter_misc":{"Est. reading time":"1 minute"},"schema":{"@context":"https:\/\/schema.org","@graph":[{"@type":["WebPage","ItemPage"],"@id":"https:\/\/sklep.skoral.com\/en\/produkt\/plaszcz-skorzany-damski-rouge\/","url":"https:\/\/sklep.skoral.com\/en\/produkt\/plaszcz-skorzany-damski-rouge\/","name":"P\u0142aszcz sk\u00f3rzany damski - Rouge - Pracownia Sk\u00f3ral - Sklep internetowy","isPartOf":{"@id":"https:\/\/sklep.skoral.com\/en\/#website"},"primaryImageOfPage":{"@id":"https:\/\/sklep.skoral.com\/en\/produkt\/plaszcz-skorzany-damski-rouge\/#primaryimage"},"image":{"@id":"https:\/\/sklep.skoral.com\/en\/produkt\/plaszcz-skorzany-damski-rouge\/#primaryimage"},"thumbnailUrl":"https:\/\/sklep.skoral.com\/wp-content\/uploads\/2021\/01\/plaszcz-skorzany-damski-rouge.jpg","datePublished":"2021-01-19T17:28:29+00:00","dateModified":"2024-08-14T10:16:02+00:00","description":"Czarny p\u0142aszcz sk\u00f3rzany damski, minimalistyczny, ze sk\u00f3ry naturalnej - Rouge. Taliowany kr\u00f3j - z w\u0142oskiej licowej sk\u00f3ry - sklep internetowy","breadcrumb":{"@id":"https:\/\/sklep.skoral.com\/en\/produkt\/plaszcz-skorzany-damski-rouge\/#breadcrumb"},"inLanguage":"en-US","potentialAction":[{"@type":"ReadAction","target":["https:\/\/sklep.skoral.com\/en\/produkt\/plaszcz-skorzany-damski-rouge\/"]}]},{"@type":"ImageObject","inLanguage":"en-US","@id":"https:\/\/sklep.skoral.com\/en\/produkt\/plaszcz-skorzany-damski-rouge\/#primaryimage","url":"https:\/\/sklep.skoral.com\/wp-content\/uploads\/2021\/01\/plaszcz-skorzany-damski-rouge.jpg","contentUrl":"https:\/\/sklep.skoral.com\/wp-content\/uploads\/2021\/01\/plaszcz-skorzany-damski-rouge.jpg","width":1024,"height":1280,"caption":"P\u0142aszcz sk\u00f3rzany damski - Rouge"},{"@type":"BreadcrumbList","@id":"https:\/\/sklep.skoral.com\/en\/produkt\/plaszcz-skorzany-damski-rouge\/#breadcrumb","itemListElement":[{"@type":"ListItem","position":1,"name":"Strona g\u0142\u00f3wna","item":"https:\/\/sklep.skoral.com\/en\/"},{"@type":"ListItem","position":2,"name":"Shop","item":"https:\/\/sklep.skoral.com\/en\/shop\/"},{"@type":"ListItem","position":3,"name":"P\u0142aszcz sk\u00f3rzany damski &#8211; Rouge"}]},{"@type":"WebSite","@id":"https:\/\/sklep.skoral.com\/en\/#website","url":"https:\/\/sklep.skoral.com\/en\/","name":"Pracownia Sk\u00f3ral","description":"Sklep z odzie\u017c\u0105\u00a0sk\u00f3rzan\u0105 i akcesoriami ze sk\u00f3ry naturalnej","publisher":{"@id":"https:\/\/sklep.skoral.com\/en\/#organization"},"potentialAction":[{"@type":"SearchAction","target":{"@type":"EntryPoint","urlTemplate":"https:\/\/sklep.skoral.com\/en\/?s={search_term_string}"},"query-input":{"@type":"PropertyValueSpecification","valueRequired":true,"valueName":"search_term_string"}}],"inLanguage":"en-US"},{"@type":"Organization","@id":"https:\/\/sklep.skoral.com\/en\/#organization","name":"Sk\u00f3ral - Pracownia odzie\u017cy i akcesori\u00f3w sk\u00f3rzanych","url":"https:\/\/sklep.skoral.com\/en\/","logo":{"@type":"ImageObject","inLanguage":"en-US","@id":"https:\/\/sklep.skoral.com\/en\/#\/schema\/logo\/image\/","url":"https:\/\/sklep.skoral.com\/wp-content\/uploads\/2020\/09\/cropped-logo-duze.png","contentUrl":"https:\/\/sklep.skoral.com\/wp-content\/uploads\/2020\/09\/cropped-logo-duze.png","width":1200,"height":293,"caption":"Sk\u00f3ral - Pracownia odzie\u017cy i akcesori\u00f3w sk\u00f3rzanych"},"image":{"@id":"https:\/\/sklep.skoral.com\/en\/#\/schema\/logo\/image\/"},"sameAs":["https:\/\/www.facebook.com\/SkoralNaturalLeather","https:\/\/www.instagram.com\/skoraldesign\/","https:\/\/www.youtube.com\/channel\/UCijmecsRU9TpML5jIEBsWTw"]}]}},"jetpack_sharing_enabled":true,"_links":{"self":[{"href":"https:\/\/sklep.skoral.com\/en\/wp-json\/wp\/v2\/product\/316","targetHints":{"allow":["GET"]}}],"collection":[{"href":"https:\/\/sklep.skoral.com\/en\/wp-json\/wp\/v2\/product"}],"about":[{"href":"https:\/\/sklep.skoral.com\/en\/wp-json\/wp\/v2\/types\/product"}],"wp:featuredmedia":[{"embeddable":true,"href":"https:\/\/sklep.skoral.com\/en\/wp-json\/wp\/v2\/media\/318"}],"wp:attachment":[{"href":"https:\/\/sklep.skoral.com\/en\/wp-json\/wp\/v2\/media?parent=316"}],"wp:term":[{"taxonomy":"product_brand","embeddable":true,"href":"https:\/\/sklep.skoral.com\/en\/wp-json\/wp\/v2\/product_brand?post=316"},{"taxonomy":"product_cat","embeddable":true,"href":"https:\/\/sklep.skoral.com\/en\/wp-json\/wp\/v2\/product_cat?post=316"},{"taxonomy":"product_tag","embeddable":true,"href":"https:\/\/sklep.skoral.com\/en\/wp-json\/wp\/v2\/product_tag?post=316"}],"curies":[{"name":"wp","href":"https:\/\/api.w.org\/{rel}","templated":true}]}}