{"id":343,"date":"2021-01-19T18:39:59","date_gmt":"2021-01-19T17:39:59","guid":{"rendered":"https:\/\/sklep.skoral.com\/?post_type=product&#038;p=343"},"modified":"2024-08-14T12:14:56","modified_gmt":"2024-08-14T10:14:56","slug":"plaszcz-skorzany-damski-friends","status":"publish","type":"product","link":"https:\/\/sklep.skoral.com\/en\/produkt\/plaszcz-skorzany-damski-friends\/","title":{"rendered":"P\u0142aszcz sk\u00f3rzany damski &#8211; Friends"},"content":{"rendered":"<p><span style=\"font-weight: 400;\">Damski p\u0142aszcz sk\u00f3rzany, kt\u00f3ry swoim krojem nawi\u0105zuje do p\u0142aszcza noszonego przez Rachel w kultowym serialu <\/span><i><span style=\"font-weight: 400;\">Friends<\/span><\/i><span style=\"font-weight: 400;\">,<\/span> <span style=\"font-weight: 400;\">to niezwykle kobiecy, ponadczasowy model. Taliowany, lekko przed\u0142u\u017cany kr\u00f3j pi\u0119knie podkre\u015bla sylwetk\u0119, a dodatkowe przeszycia wysmuklaj\u0105 figur\u0119. P\u0142aszcz Friends zosta\u0142 uszyty z najwy\u017cszej jako\u015bci w\u0142oskiej sk\u00f3ry jagni\u0119cej, kt\u00f3ra jest niezwykle mi\u0119kka, przyjemna w dotyku i \u0142adnie dopasowuje si\u0119 do cia\u0142a, nie kr\u0119puj\u0105c ruch\u00f3w.\u00a0<\/span><\/p>\n<p><span style=\"font-weight: 400;\">P\u0142aszcz sk\u00f3rzany Friends zapinany jest na guziki. Przy szyi zosta\u0142 wyko\u0144czony ko\u0142nierzo-st\u00f3jk\u0105. Po bokach p\u0142aszcza znajduj\u0105 si\u0119 dwie kieszenie, ozdobione zamkami. Wewn\u0105trz, na podszewce znajduj\u0105 si\u0119 dodatkowe dwie kieszonki.\u00a0<\/span><\/p>\n<p><span style=\"font-weight: 400;\">Model Friends zosta\u0142 wyko\u0144czony wiskozow\u0105 podszewk\u0105, kt\u00f3ra zapewnia komfort noszenia nawet w cieplejsze dni. Jednocze\u015bnie, model ten zosta\u0142 wyposa\u017cony w dodatkow\u0105, odpinan\u0105, ocieplan\u0105 podpink\u0119, kt\u00f3ra sprawia, \u017ce Friends to model ca\u0142oroczny i z powodzeniem mo\u017ce by\u0107 noszony r\u00f3wnie\u017c w ch\u0142odniejszych miesi\u0105cach.\u00a0<\/span><\/p>\n<p><span style=\"font-weight: 400;\">P\u0142aszcz damski Friends to doskona\u0142e uzupe\u0142nienie kobiecej szafy. Jego klasyczny, niezobowi\u0105zuj\u0105cy kr\u00f3j sprawia, \u017ce pasuje do wi\u0119kszo\u015bci damskich stylizacji.\u00a0<\/span><\/p>\n<h2>Kurtka sk\u00f3rzana, p\u0142aszcz &#8211; Friends &#8211; dopasowana do Twojej sylwetki<\/h2>\n<p><span style=\"font-weight: 400;\">Szukasz konkretnego koloru i idealnie dopasowanego modelu? <a href=\"https:\/\/sklep.skoral.com\/kontakt\/\">Skontaktuj<\/a> si\u0119 z nami: +48 12 423 12 20! W naszej pracowni krawieckiej uszyjemy dla Ciebie p\u0142aszcz w Twoim wymarzonym kolorze oraz perfekcyjnie dopasowany do Twoich kszta\u0142t\u00f3w.<\/span><\/p>\n","protected":false},"excerpt":{"rendered":"<p>Czarny p\u0142aszcz sk\u00f3rzany damski typu Friends ze sk\u00f3ry jagni\u0119cej, zapinany na guziki<\/p>\n","protected":false},"featured_media":345,"template":"","meta":{"_monsterinsights_skip_tracking":false,"_monsterinsights_sitenote_active":false,"_monsterinsights_sitenote_note":"","_monsterinsights_sitenote_category":0},"product_brand":[],"product_cat":[16,34],"product_tag":[99,97,98,48],"class_list":{"0":"post-343","1":"product","2":"type-product","3":"status-publish","4":"has-post-thumbnail","6":"product_cat-kurtka-skorzana-damska","7":"product_cat-plaszcze","8":"product_tag-kurtka-skorzana-na-guziki","9":"product_tag-kurtka-skorzana-taliowana","10":"product_tag-plaszcz-skorzany","11":"product_tag-wysoki-kolnierz","13":"first","14":"instock","15":"taxable","16":"shipping-taxable","17":"purchasable","18":"product-type-variable"},"yoast_head":"<!-- This site is optimized with the Yoast SEO plugin v27.6 - https:\/\/yoast.com\/product\/yoast-seo-wordpress\/ -->\n<title>P\u0142aszcz sk\u00f3rzany damski - Friends - Pracownia Sk\u00f3ral<\/title>\n<meta name=\"description\" content=\"Sk\u00f3rzany p\u0142aszcz damski, kurtka sk\u00f3rzana Friends - sk\u00f3ra jagni\u0119ca - na guziki - sklep z odzie\u017c\u0105\u00a0sk\u00f3rzana - internetowy Sk\u00f3ral\" \/>\n<meta name=\"robots\" content=\"index, follow, max-snippet:-1, max-image-preview:large, max-video-preview:-1\" \/>\n<link rel=\"canonical\" href=\"https:\/\/sklep.skoral.com\/en\/produkt\/plaszcz-skorzany-damski-friends\/\" \/>\n<meta property=\"og:locale\" content=\"en_US\" \/>\n<meta property=\"og:type\" content=\"article\" \/>\n<meta property=\"og:title\" content=\"P\u0142aszcz sk\u00f3rzany damski - Friends - Pracownia Sk\u00f3ral\" \/>\n<meta property=\"og:description\" content=\"Sk\u00f3rzany p\u0142aszcz damski, kurtka sk\u00f3rzana Friends - sk\u00f3ra jagni\u0119ca - na guziki - sklep z odzie\u017c\u0105\u00a0sk\u00f3rzana - internetowy Sk\u00f3ral\" \/>\n<meta property=\"og:url\" content=\"https:\/\/sklep.skoral.com\/en\/produkt\/plaszcz-skorzany-damski-friends\/\" \/>\n<meta property=\"og:site_name\" content=\"Pracownia Sk\u00f3ral\" \/>\n<meta property=\"article:publisher\" content=\"https:\/\/www.facebook.com\/SkoralNaturalLeather\" \/>\n<meta property=\"article:modified_time\" content=\"2024-08-14T10:14:56+00:00\" \/>\n<meta property=\"og:image\" content=\"https:\/\/sklep.skoral.com\/wp-content\/uploads\/2021\/01\/plaszcz-skorzany-damski-friends.jpg\" \/>\n\t<meta property=\"og:image:width\" content=\"1024\" \/>\n\t<meta property=\"og:image:height\" content=\"1280\" \/>\n\t<meta property=\"og:image:type\" content=\"image\/jpeg\" \/>\n<meta name=\"twitter:card\" content=\"summary_large_image\" \/>\n<meta name=\"twitter:label1\" content=\"Est. reading time\" \/>\n\t<meta name=\"twitter:data1\" content=\"1 minute\" \/>\n<script type=\"application\/ld+json\" class=\"yoast-schema-graph\">{\"@context\":\"https:\\\/\\\/schema.org\",\"@graph\":[{\"@type\":[\"WebPage\",\"ItemPage\"],\"@id\":\"https:\\\/\\\/sklep.skoral.com\\\/en\\\/produkt\\\/plaszcz-skorzany-damski-friends\\\/\",\"url\":\"https:\\\/\\\/sklep.skoral.com\\\/en\\\/produkt\\\/plaszcz-skorzany-damski-friends\\\/\",\"name\":\"P\u0142aszcz sk\u00f3rzany damski - Friends - Pracownia Sk\u00f3ral\",\"isPartOf\":{\"@id\":\"https:\\\/\\\/sklep.skoral.com\\\/en\\\/#website\"},\"primaryImageOfPage\":{\"@id\":\"https:\\\/\\\/sklep.skoral.com\\\/en\\\/produkt\\\/plaszcz-skorzany-damski-friends\\\/#primaryimage\"},\"image\":{\"@id\":\"https:\\\/\\\/sklep.skoral.com\\\/en\\\/produkt\\\/plaszcz-skorzany-damski-friends\\\/#primaryimage\"},\"thumbnailUrl\":\"https:\\\/\\\/sklep.skoral.com\\\/wp-content\\\/uploads\\\/2021\\\/01\\\/plaszcz-skorzany-damski-friends.jpg\",\"datePublished\":\"2021-01-19T17:39:59+00:00\",\"dateModified\":\"2024-08-14T10:14:56+00:00\",\"description\":\"Sk\u00f3rzany p\u0142aszcz damski, kurtka sk\u00f3rzana Friends - sk\u00f3ra jagni\u0119ca - na guziki - sklep z odzie\u017c\u0105\u00a0sk\u00f3rzana - internetowy Sk\u00f3ral\",\"breadcrumb\":{\"@id\":\"https:\\\/\\\/sklep.skoral.com\\\/en\\\/produkt\\\/plaszcz-skorzany-damski-friends\\\/#breadcrumb\"},\"inLanguage\":\"en-US\",\"potentialAction\":[{\"@type\":\"ReadAction\",\"target\":[\"https:\\\/\\\/sklep.skoral.com\\\/en\\\/produkt\\\/plaszcz-skorzany-damski-friends\\\/\"]}]},{\"@type\":\"ImageObject\",\"inLanguage\":\"en-US\",\"@id\":\"https:\\\/\\\/sklep.skoral.com\\\/en\\\/produkt\\\/plaszcz-skorzany-damski-friends\\\/#primaryimage\",\"url\":\"https:\\\/\\\/sklep.skoral.com\\\/wp-content\\\/uploads\\\/2021\\\/01\\\/plaszcz-skorzany-damski-friends.jpg\",\"contentUrl\":\"https:\\\/\\\/sklep.skoral.com\\\/wp-content\\\/uploads\\\/2021\\\/01\\\/plaszcz-skorzany-damski-friends.jpg\",\"width\":1024,\"height\":1280,\"caption\":\"P\u0142aszcz sk\u00f3rzany damski - Friends\"},{\"@type\":\"BreadcrumbList\",\"@id\":\"https:\\\/\\\/sklep.skoral.com\\\/en\\\/produkt\\\/plaszcz-skorzany-damski-friends\\\/#breadcrumb\",\"itemListElement\":[{\"@type\":\"ListItem\",\"position\":1,\"name\":\"Strona g\u0142\u00f3wna\",\"item\":\"https:\\\/\\\/sklep.skoral.com\\\/en\\\/\"},{\"@type\":\"ListItem\",\"position\":2,\"name\":\"Shop\",\"item\":\"https:\\\/\\\/sklep.skoral.com\\\/en\\\/shop\\\/\"},{\"@type\":\"ListItem\",\"position\":3,\"name\":\"P\u0142aszcz sk\u00f3rzany damski &#8211; Friends\"}]},{\"@type\":\"WebSite\",\"@id\":\"https:\\\/\\\/sklep.skoral.com\\\/en\\\/#website\",\"url\":\"https:\\\/\\\/sklep.skoral.com\\\/en\\\/\",\"name\":\"Pracownia Sk\u00f3ral\",\"description\":\"Sklep z odzie\u017c\u0105\u00a0sk\u00f3rzan\u0105 i akcesoriami ze sk\u00f3ry naturalnej\",\"publisher\":{\"@id\":\"https:\\\/\\\/sklep.skoral.com\\\/en\\\/#organization\"},\"potentialAction\":[{\"@type\":\"SearchAction\",\"target\":{\"@type\":\"EntryPoint\",\"urlTemplate\":\"https:\\\/\\\/sklep.skoral.com\\\/en\\\/?s={search_term_string}\"},\"query-input\":{\"@type\":\"PropertyValueSpecification\",\"valueRequired\":true,\"valueName\":\"search_term_string\"}}],\"inLanguage\":\"en-US\"},{\"@type\":\"Organization\",\"@id\":\"https:\\\/\\\/sklep.skoral.com\\\/en\\\/#organization\",\"name\":\"Sk\u00f3ral - Pracownia odzie\u017cy i akcesori\u00f3w sk\u00f3rzanych\",\"url\":\"https:\\\/\\\/sklep.skoral.com\\\/en\\\/\",\"logo\":{\"@type\":\"ImageObject\",\"inLanguage\":\"en-US\",\"@id\":\"https:\\\/\\\/sklep.skoral.com\\\/en\\\/#\\\/schema\\\/logo\\\/image\\\/\",\"url\":\"https:\\\/\\\/sklep.skoral.com\\\/wp-content\\\/uploads\\\/2020\\\/09\\\/cropped-logo-duze.png\",\"contentUrl\":\"https:\\\/\\\/sklep.skoral.com\\\/wp-content\\\/uploads\\\/2020\\\/09\\\/cropped-logo-duze.png\",\"width\":1200,\"height\":293,\"caption\":\"Sk\u00f3ral - Pracownia odzie\u017cy i akcesori\u00f3w sk\u00f3rzanych\"},\"image\":{\"@id\":\"https:\\\/\\\/sklep.skoral.com\\\/en\\\/#\\\/schema\\\/logo\\\/image\\\/\"},\"sameAs\":[\"https:\\\/\\\/www.facebook.com\\\/SkoralNaturalLeather\",\"https:\\\/\\\/www.instagram.com\\\/skoraldesign\\\/\",\"https:\\\/\\\/www.youtube.com\\\/channel\\\/UCijmecsRU9TpML5jIEBsWTw\"]}]}<\/script>\n<!-- \/ Yoast SEO plugin. -->","yoast_head_json":{"title":"P\u0142aszcz sk\u00f3rzany damski - Friends - Pracownia Sk\u00f3ral","description":"Sk\u00f3rzany p\u0142aszcz damski, kurtka sk\u00f3rzana Friends - sk\u00f3ra jagni\u0119ca - na guziki - sklep z odzie\u017c\u0105\u00a0sk\u00f3rzana - internetowy Sk\u00f3ral","robots":{"index":"index","follow":"follow","max-snippet":"max-snippet:-1","max-image-preview":"max-image-preview:large","max-video-preview":"max-video-preview:-1"},"canonical":"https:\/\/sklep.skoral.com\/en\/produkt\/plaszcz-skorzany-damski-friends\/","og_locale":"en_US","og_type":"article","og_title":"P\u0142aszcz sk\u00f3rzany damski - Friends - Pracownia Sk\u00f3ral","og_description":"Sk\u00f3rzany p\u0142aszcz damski, kurtka sk\u00f3rzana Friends - sk\u00f3ra jagni\u0119ca - na guziki - sklep z odzie\u017c\u0105\u00a0sk\u00f3rzana - internetowy Sk\u00f3ral","og_url":"https:\/\/sklep.skoral.com\/en\/produkt\/plaszcz-skorzany-damski-friends\/","og_site_name":"Pracownia Sk\u00f3ral","article_publisher":"https:\/\/www.facebook.com\/SkoralNaturalLeather","article_modified_time":"2024-08-14T10:14:56+00:00","og_image":[{"width":1024,"height":1280,"url":"https:\/\/sklep.skoral.com\/wp-content\/uploads\/2021\/01\/plaszcz-skorzany-damski-friends.jpg","type":"image\/jpeg"}],"twitter_card":"summary_large_image","twitter_misc":{"Est. reading time":"1 minute"},"schema":{"@context":"https:\/\/schema.org","@graph":[{"@type":["WebPage","ItemPage"],"@id":"https:\/\/sklep.skoral.com\/en\/produkt\/plaszcz-skorzany-damski-friends\/","url":"https:\/\/sklep.skoral.com\/en\/produkt\/plaszcz-skorzany-damski-friends\/","name":"P\u0142aszcz sk\u00f3rzany damski - Friends - Pracownia Sk\u00f3ral","isPartOf":{"@id":"https:\/\/sklep.skoral.com\/en\/#website"},"primaryImageOfPage":{"@id":"https:\/\/sklep.skoral.com\/en\/produkt\/plaszcz-skorzany-damski-friends\/#primaryimage"},"image":{"@id":"https:\/\/sklep.skoral.com\/en\/produkt\/plaszcz-skorzany-damski-friends\/#primaryimage"},"thumbnailUrl":"https:\/\/sklep.skoral.com\/wp-content\/uploads\/2021\/01\/plaszcz-skorzany-damski-friends.jpg","datePublished":"2021-01-19T17:39:59+00:00","dateModified":"2024-08-14T10:14:56+00:00","description":"Sk\u00f3rzany p\u0142aszcz damski, kurtka sk\u00f3rzana Friends - sk\u00f3ra jagni\u0119ca - na guziki - sklep z odzie\u017c\u0105\u00a0sk\u00f3rzana - internetowy Sk\u00f3ral","breadcrumb":{"@id":"https:\/\/sklep.skoral.com\/en\/produkt\/plaszcz-skorzany-damski-friends\/#breadcrumb"},"inLanguage":"en-US","potentialAction":[{"@type":"ReadAction","target":["https:\/\/sklep.skoral.com\/en\/produkt\/plaszcz-skorzany-damski-friends\/"]}]},{"@type":"ImageObject","inLanguage":"en-US","@id":"https:\/\/sklep.skoral.com\/en\/produkt\/plaszcz-skorzany-damski-friends\/#primaryimage","url":"https:\/\/sklep.skoral.com\/wp-content\/uploads\/2021\/01\/plaszcz-skorzany-damski-friends.jpg","contentUrl":"https:\/\/sklep.skoral.com\/wp-content\/uploads\/2021\/01\/plaszcz-skorzany-damski-friends.jpg","width":1024,"height":1280,"caption":"P\u0142aszcz sk\u00f3rzany damski - Friends"},{"@type":"BreadcrumbList","@id":"https:\/\/sklep.skoral.com\/en\/produkt\/plaszcz-skorzany-damski-friends\/#breadcrumb","itemListElement":[{"@type":"ListItem","position":1,"name":"Strona g\u0142\u00f3wna","item":"https:\/\/sklep.skoral.com\/en\/"},{"@type":"ListItem","position":2,"name":"Shop","item":"https:\/\/sklep.skoral.com\/en\/shop\/"},{"@type":"ListItem","position":3,"name":"P\u0142aszcz sk\u00f3rzany damski &#8211; Friends"}]},{"@type":"WebSite","@id":"https:\/\/sklep.skoral.com\/en\/#website","url":"https:\/\/sklep.skoral.com\/en\/","name":"Pracownia Sk\u00f3ral","description":"Sklep z odzie\u017c\u0105\u00a0sk\u00f3rzan\u0105 i akcesoriami ze sk\u00f3ry naturalnej","publisher":{"@id":"https:\/\/sklep.skoral.com\/en\/#organization"},"potentialAction":[{"@type":"SearchAction","target":{"@type":"EntryPoint","urlTemplate":"https:\/\/sklep.skoral.com\/en\/?s={search_term_string}"},"query-input":{"@type":"PropertyValueSpecification","valueRequired":true,"valueName":"search_term_string"}}],"inLanguage":"en-US"},{"@type":"Organization","@id":"https:\/\/sklep.skoral.com\/en\/#organization","name":"Sk\u00f3ral - Pracownia odzie\u017cy i akcesori\u00f3w sk\u00f3rzanych","url":"https:\/\/sklep.skoral.com\/en\/","logo":{"@type":"ImageObject","inLanguage":"en-US","@id":"https:\/\/sklep.skoral.com\/en\/#\/schema\/logo\/image\/","url":"https:\/\/sklep.skoral.com\/wp-content\/uploads\/2020\/09\/cropped-logo-duze.png","contentUrl":"https:\/\/sklep.skoral.com\/wp-content\/uploads\/2020\/09\/cropped-logo-duze.png","width":1200,"height":293,"caption":"Sk\u00f3ral - Pracownia odzie\u017cy i akcesori\u00f3w sk\u00f3rzanych"},"image":{"@id":"https:\/\/sklep.skoral.com\/en\/#\/schema\/logo\/image\/"},"sameAs":["https:\/\/www.facebook.com\/SkoralNaturalLeather","https:\/\/www.instagram.com\/skoraldesign\/","https:\/\/www.youtube.com\/channel\/UCijmecsRU9TpML5jIEBsWTw"]}]}},"jetpack_sharing_enabled":true,"_links":{"self":[{"href":"https:\/\/sklep.skoral.com\/en\/wp-json\/wp\/v2\/product\/343","targetHints":{"allow":["GET"]}}],"collection":[{"href":"https:\/\/sklep.skoral.com\/en\/wp-json\/wp\/v2\/product"}],"about":[{"href":"https:\/\/sklep.skoral.com\/en\/wp-json\/wp\/v2\/types\/product"}],"wp:featuredmedia":[{"embeddable":true,"href":"https:\/\/sklep.skoral.com\/en\/wp-json\/wp\/v2\/media\/345"}],"wp:attachment":[{"href":"https:\/\/sklep.skoral.com\/en\/wp-json\/wp\/v2\/media?parent=343"}],"wp:term":[{"taxonomy":"product_brand","embeddable":true,"href":"https:\/\/sklep.skoral.com\/en\/wp-json\/wp\/v2\/product_brand?post=343"},{"taxonomy":"product_cat","embeddable":true,"href":"https:\/\/sklep.skoral.com\/en\/wp-json\/wp\/v2\/product_cat?post=343"},{"taxonomy":"product_tag","embeddable":true,"href":"https:\/\/sklep.skoral.com\/en\/wp-json\/wp\/v2\/product_tag?post=343"}],"curies":[{"name":"wp","href":"https:\/\/api.w.org\/{rel}","templated":true}]}}