{"id":47,"date":"2021-01-19T13:49:46","date_gmt":"2021-01-19T12:49:46","guid":{"rendered":"https:\/\/sklep.skoral.com\/?post_type=product&#038;p=47"},"modified":"2024-08-14T12:26:22","modified_gmt":"2024-08-14T10:26:22","slug":"kurtka-skorzana-meska-brownie","status":"publish","type":"product","link":"https:\/\/sklep.skoral.com\/en\/produkt\/kurtka-skorzana-meska-brownie\/","title":{"rendered":"Kurtka sk\u00f3rzana m\u0119ska &#8211; Brownie"},"content":{"rendered":"<p><span style=\"font-weight: 400;\"><strong>M\u0119ska kurtka sk\u00f3rzana<\/strong> r\u0119cznie wykonana z wysokiej jako\u015bci w\u0142oskiej jagni\u0119cej sk\u00f3ry licowej w <strong>kolorze br\u0105zowym &#8211; czekoladowym<\/strong>. Niezwykle mi\u0119kka i przyjemna dla cia\u0142a. Wyko\u0144czona oddychaj\u0105c\u0105, wiskozow\u0105 podszewk\u0105, kt\u00f3ra zapewni komfort noszenia zar\u00f3wno w okresie jesienno-zimowym, jak i w miesi\u0105cach letnich.<\/span><\/p>\n<p><span style=\"font-weight: 400;\">Model z modnymi przeszyciami, kt\u00f3re nadaj\u0105 jej sportowego charakteru. Idealnie sprawdzi si\u0119 w codziennych, casualowych stylizacjach. Kurtka wyko\u0144czona st\u00f3jk\u0105 zapinan\u0105 na nap\u0119. Model posiada metalowe zamki w kolorze oksydowanego srebra. Kr\u00f3tka forma, niekr\u0119puj\u0105ca ruch\u00f3w sprawia, \u017ce model ten idealnie sprawdzi si\u0119 podczas jazdy samochodem.\u00a0<\/span><\/p>\n<p><span style=\"font-weight: 400;\">Model posiada 4 zewn\u0119trzne kieszenie zamykane na suwak. Paski, umieszczone po bokach kurtki daj\u0105 mo\u017cliwo\u015b\u0107 regulacji i jeszcze lepszego dopasowania kurtki do sylwetki.\u00a0<\/span><\/p>\n<p><span style=\"font-weight: 400;\"><strong>Kurtka sk\u00f3rzana m\u0119ska Brownie marki Sk\u00f3ral<\/strong> to doskona\u0142a propozycja dla nowoczesnych m\u0119\u017cczyzn ceni\u0105cych wygod\u0119, ponadczasowy styl i wytrzyma\u0142o\u015b\u0107.<\/span><\/p>\n<p><span style=\"font-weight: 400;\">Naturalne, oddychaj\u0105ce materia\u0142y (wysokiej jako\u015bci jagni\u0119ca sk\u00f3ra licowa oraz wiskoza) oraz twarzowy kolor sprawiaj\u0105, \u017ce model ten jest niezwykle uniwersalnym elementem garderoby ka\u017cdego m\u0119\u017cczyzny.<\/span><\/p>\n<p><span style=\"font-weight: 400;\">Kurtka zosta\u0142a uszyta w pracowni krawiecko-ko\u017cuszniczej w Krakowie.\u00a0<\/span><\/p>\n<h2>Szycie na wymiar &#8211; kurtka sk\u00f3rzana m\u0119ska<\/h2>\n<p><span style=\"font-weight: 400;\">Szukasz kurtki w konkretnym kolorze i idealnie dopasowanym rozmiarze? <a href=\"https:\/\/sklep.skoral.com\/kontakt\/\">Skontaktuj si\u0119 z nami.<\/a> Oferujemy pe\u0142n\u0105 personalizacj\u0119 zam\u00f3wienia &#8211; szycie na miar\u0119,\u00a0 i mo\u017cliwo\u015b\u0107 indywidualnego dopasowania modelu do ka\u017cdej sylwetki. W tym celu prosimy o kontakt z nasz\u0105 pracowni\u0105: +48 12 423 12 20.\u00a0<\/span><\/p>\n","protected":false},"excerpt":{"rendered":"<p>M\u0119ska kurtka sk\u00f3rzana typu Brownie z wysokojako\u015bciowej sk\u00f3ry jagni\u0119cej licowej w kolorze czekoladowym\/br\u0105zowym. Mi\u0119kka i przyjemna w noszeniu.<\/p>\n","protected":false},"featured_media":48,"template":"","meta":{"_monsterinsights_skip_tracking":false,"_monsterinsights_sitenote_active":false,"_monsterinsights_sitenote_note":"","_monsterinsights_sitenote_category":0},"product_brand":[],"product_cat":[33],"product_tag":[25],"class_list":{"0":"post-47","1":"product","2":"type-product","3":"status-publish","4":"has-post-thumbnail","6":"product_cat-kurtki-skorzane-meskie","7":"product_tag-kurtka-skorzana","9":"first","10":"instock","11":"taxable","12":"shipping-taxable","13":"purchasable","14":"product-type-variable"},"yoast_head":"<!-- This site is optimized with the Yoast SEO plugin v27.6 - https:\/\/yoast.com\/product\/yoast-seo-wordpress\/ -->\n<title>Kurtka sk\u00f3rzana m\u0119ska - Brownie - Pracownia Sk\u00f3ral - Sklep<\/title>\n<meta name=\"description\" content=\"Kurtka sk\u00f3rzana m\u0119ska w kolorze br\u0105zowym (czekoladowym) ze sk\u00f3ry naturalnej jagni\u0119cej w\u0142oskiej. Produkt polski. Sklep online.\" \/>\n<meta name=\"robots\" content=\"index, follow, max-snippet:-1, max-image-preview:large, max-video-preview:-1\" \/>\n<link rel=\"canonical\" href=\"https:\/\/sklep.skoral.com\/en\/produkt\/kurtka-skorzana-meska-brownie\/\" \/>\n<meta property=\"og:locale\" content=\"en_US\" \/>\n<meta property=\"og:type\" content=\"article\" \/>\n<meta property=\"og:title\" content=\"Kurtka sk\u00f3rzana m\u0119ska - Brownie - Pracownia Sk\u00f3ral - Sklep\" \/>\n<meta property=\"og:description\" content=\"Kurtka sk\u00f3rzana m\u0119ska w kolorze br\u0105zowym (czekoladowym) ze sk\u00f3ry naturalnej jagni\u0119cej w\u0142oskiej. Produkt polski. Sklep online.\" \/>\n<meta property=\"og:url\" content=\"https:\/\/sklep.skoral.com\/en\/produkt\/kurtka-skorzana-meska-brownie\/\" \/>\n<meta property=\"og:site_name\" content=\"Pracownia Sk\u00f3ral\" \/>\n<meta property=\"article:publisher\" content=\"https:\/\/www.facebook.com\/SkoralNaturalLeather\" \/>\n<meta property=\"article:modified_time\" content=\"2024-08-14T10:26:22+00:00\" \/>\n<meta property=\"og:image\" content=\"https:\/\/sklep.skoral.com\/wp-content\/uploads\/2021\/01\/kurtka-skorzana-brownie.jpg\" \/>\n\t<meta property=\"og:image:width\" content=\"1024\" \/>\n\t<meta property=\"og:image:height\" content=\"1280\" \/>\n\t<meta property=\"og:image:type\" content=\"image\/jpeg\" \/>\n<meta name=\"twitter:card\" content=\"summary_large_image\" \/>\n<meta name=\"twitter:label1\" content=\"Est. reading time\" \/>\n\t<meta name=\"twitter:data1\" content=\"1 minute\" \/>\n<script type=\"application\/ld+json\" class=\"yoast-schema-graph\">{\"@context\":\"https:\\\/\\\/schema.org\",\"@graph\":[{\"@type\":[\"WebPage\",\"ItemPage\"],\"@id\":\"https:\\\/\\\/sklep.skoral.com\\\/en\\\/produkt\\\/kurtka-skorzana-meska-brownie\\\/\",\"url\":\"https:\\\/\\\/sklep.skoral.com\\\/en\\\/produkt\\\/kurtka-skorzana-meska-brownie\\\/\",\"name\":\"Kurtka sk\u00f3rzana m\u0119ska - Brownie - Pracownia Sk\u00f3ral - Sklep\",\"isPartOf\":{\"@id\":\"https:\\\/\\\/sklep.skoral.com\\\/en\\\/#website\"},\"primaryImageOfPage\":{\"@id\":\"https:\\\/\\\/sklep.skoral.com\\\/en\\\/produkt\\\/kurtka-skorzana-meska-brownie\\\/#primaryimage\"},\"image\":{\"@id\":\"https:\\\/\\\/sklep.skoral.com\\\/en\\\/produkt\\\/kurtka-skorzana-meska-brownie\\\/#primaryimage\"},\"thumbnailUrl\":\"https:\\\/\\\/sklep.skoral.com\\\/wp-content\\\/uploads\\\/2021\\\/01\\\/kurtka-skorzana-brownie.jpg\",\"datePublished\":\"2021-01-19T12:49:46+00:00\",\"dateModified\":\"2024-08-14T10:26:22+00:00\",\"description\":\"Kurtka sk\u00f3rzana m\u0119ska w kolorze br\u0105zowym (czekoladowym) ze sk\u00f3ry naturalnej jagni\u0119cej w\u0142oskiej. Produkt polski. Sklep online.\",\"breadcrumb\":{\"@id\":\"https:\\\/\\\/sklep.skoral.com\\\/en\\\/produkt\\\/kurtka-skorzana-meska-brownie\\\/#breadcrumb\"},\"inLanguage\":\"en-US\",\"potentialAction\":[{\"@type\":\"ReadAction\",\"target\":[\"https:\\\/\\\/sklep.skoral.com\\\/en\\\/produkt\\\/kurtka-skorzana-meska-brownie\\\/\"]}]},{\"@type\":\"ImageObject\",\"inLanguage\":\"en-US\",\"@id\":\"https:\\\/\\\/sklep.skoral.com\\\/en\\\/produkt\\\/kurtka-skorzana-meska-brownie\\\/#primaryimage\",\"url\":\"https:\\\/\\\/sklep.skoral.com\\\/wp-content\\\/uploads\\\/2021\\\/01\\\/kurtka-skorzana-brownie.jpg\",\"contentUrl\":\"https:\\\/\\\/sklep.skoral.com\\\/wp-content\\\/uploads\\\/2021\\\/01\\\/kurtka-skorzana-brownie.jpg\",\"width\":1024,\"height\":1280,\"caption\":\"Kurtka sk\u00f3rzana brownie\"},{\"@type\":\"BreadcrumbList\",\"@id\":\"https:\\\/\\\/sklep.skoral.com\\\/en\\\/produkt\\\/kurtka-skorzana-meska-brownie\\\/#breadcrumb\",\"itemListElement\":[{\"@type\":\"ListItem\",\"position\":1,\"name\":\"Strona g\u0142\u00f3wna\",\"item\":\"https:\\\/\\\/sklep.skoral.com\\\/en\\\/\"},{\"@type\":\"ListItem\",\"position\":2,\"name\":\"Shop\",\"item\":\"https:\\\/\\\/sklep.skoral.com\\\/en\\\/shop\\\/\"},{\"@type\":\"ListItem\",\"position\":3,\"name\":\"Kurtka sk\u00f3rzana m\u0119ska &#8211; Brownie\"}]},{\"@type\":\"WebSite\",\"@id\":\"https:\\\/\\\/sklep.skoral.com\\\/en\\\/#website\",\"url\":\"https:\\\/\\\/sklep.skoral.com\\\/en\\\/\",\"name\":\"Pracownia Sk\u00f3ral\",\"description\":\"Sklep z odzie\u017c\u0105\u00a0sk\u00f3rzan\u0105 i akcesoriami ze sk\u00f3ry naturalnej\",\"publisher\":{\"@id\":\"https:\\\/\\\/sklep.skoral.com\\\/en\\\/#organization\"},\"potentialAction\":[{\"@type\":\"SearchAction\",\"target\":{\"@type\":\"EntryPoint\",\"urlTemplate\":\"https:\\\/\\\/sklep.skoral.com\\\/en\\\/?s={search_term_string}\"},\"query-input\":{\"@type\":\"PropertyValueSpecification\",\"valueRequired\":true,\"valueName\":\"search_term_string\"}}],\"inLanguage\":\"en-US\"},{\"@type\":\"Organization\",\"@id\":\"https:\\\/\\\/sklep.skoral.com\\\/en\\\/#organization\",\"name\":\"Sk\u00f3ral - Pracownia odzie\u017cy i akcesori\u00f3w sk\u00f3rzanych\",\"url\":\"https:\\\/\\\/sklep.skoral.com\\\/en\\\/\",\"logo\":{\"@type\":\"ImageObject\",\"inLanguage\":\"en-US\",\"@id\":\"https:\\\/\\\/sklep.skoral.com\\\/en\\\/#\\\/schema\\\/logo\\\/image\\\/\",\"url\":\"https:\\\/\\\/sklep.skoral.com\\\/wp-content\\\/uploads\\\/2020\\\/09\\\/cropped-logo-duze.png\",\"contentUrl\":\"https:\\\/\\\/sklep.skoral.com\\\/wp-content\\\/uploads\\\/2020\\\/09\\\/cropped-logo-duze.png\",\"width\":1200,\"height\":293,\"caption\":\"Sk\u00f3ral - Pracownia odzie\u017cy i akcesori\u00f3w sk\u00f3rzanych\"},\"image\":{\"@id\":\"https:\\\/\\\/sklep.skoral.com\\\/en\\\/#\\\/schema\\\/logo\\\/image\\\/\"},\"sameAs\":[\"https:\\\/\\\/www.facebook.com\\\/SkoralNaturalLeather\",\"https:\\\/\\\/www.instagram.com\\\/skoraldesign\\\/\",\"https:\\\/\\\/www.youtube.com\\\/channel\\\/UCijmecsRU9TpML5jIEBsWTw\"]}]}<\/script>\n<!-- \/ Yoast SEO plugin. -->","yoast_head_json":{"title":"Kurtka sk\u00f3rzana m\u0119ska - Brownie - Pracownia Sk\u00f3ral - Sklep","description":"Kurtka sk\u00f3rzana m\u0119ska w kolorze br\u0105zowym (czekoladowym) ze sk\u00f3ry naturalnej jagni\u0119cej w\u0142oskiej. Produkt polski. Sklep online.","robots":{"index":"index","follow":"follow","max-snippet":"max-snippet:-1","max-image-preview":"max-image-preview:large","max-video-preview":"max-video-preview:-1"},"canonical":"https:\/\/sklep.skoral.com\/en\/produkt\/kurtka-skorzana-meska-brownie\/","og_locale":"en_US","og_type":"article","og_title":"Kurtka sk\u00f3rzana m\u0119ska - Brownie - Pracownia Sk\u00f3ral - Sklep","og_description":"Kurtka sk\u00f3rzana m\u0119ska w kolorze br\u0105zowym (czekoladowym) ze sk\u00f3ry naturalnej jagni\u0119cej w\u0142oskiej. Produkt polski. Sklep online.","og_url":"https:\/\/sklep.skoral.com\/en\/produkt\/kurtka-skorzana-meska-brownie\/","og_site_name":"Pracownia Sk\u00f3ral","article_publisher":"https:\/\/www.facebook.com\/SkoralNaturalLeather","article_modified_time":"2024-08-14T10:26:22+00:00","og_image":[{"width":1024,"height":1280,"url":"https:\/\/sklep.skoral.com\/wp-content\/uploads\/2021\/01\/kurtka-skorzana-brownie.jpg","type":"image\/jpeg"}],"twitter_card":"summary_large_image","twitter_misc":{"Est. reading time":"1 minute"},"schema":{"@context":"https:\/\/schema.org","@graph":[{"@type":["WebPage","ItemPage"],"@id":"https:\/\/sklep.skoral.com\/en\/produkt\/kurtka-skorzana-meska-brownie\/","url":"https:\/\/sklep.skoral.com\/en\/produkt\/kurtka-skorzana-meska-brownie\/","name":"Kurtka sk\u00f3rzana m\u0119ska - Brownie - Pracownia Sk\u00f3ral - Sklep","isPartOf":{"@id":"https:\/\/sklep.skoral.com\/en\/#website"},"primaryImageOfPage":{"@id":"https:\/\/sklep.skoral.com\/en\/produkt\/kurtka-skorzana-meska-brownie\/#primaryimage"},"image":{"@id":"https:\/\/sklep.skoral.com\/en\/produkt\/kurtka-skorzana-meska-brownie\/#primaryimage"},"thumbnailUrl":"https:\/\/sklep.skoral.com\/wp-content\/uploads\/2021\/01\/kurtka-skorzana-brownie.jpg","datePublished":"2021-01-19T12:49:46+00:00","dateModified":"2024-08-14T10:26:22+00:00","description":"Kurtka sk\u00f3rzana m\u0119ska w kolorze br\u0105zowym (czekoladowym) ze sk\u00f3ry naturalnej jagni\u0119cej w\u0142oskiej. Produkt polski. Sklep online.","breadcrumb":{"@id":"https:\/\/sklep.skoral.com\/en\/produkt\/kurtka-skorzana-meska-brownie\/#breadcrumb"},"inLanguage":"en-US","potentialAction":[{"@type":"ReadAction","target":["https:\/\/sklep.skoral.com\/en\/produkt\/kurtka-skorzana-meska-brownie\/"]}]},{"@type":"ImageObject","inLanguage":"en-US","@id":"https:\/\/sklep.skoral.com\/en\/produkt\/kurtka-skorzana-meska-brownie\/#primaryimage","url":"https:\/\/sklep.skoral.com\/wp-content\/uploads\/2021\/01\/kurtka-skorzana-brownie.jpg","contentUrl":"https:\/\/sklep.skoral.com\/wp-content\/uploads\/2021\/01\/kurtka-skorzana-brownie.jpg","width":1024,"height":1280,"caption":"Kurtka sk\u00f3rzana brownie"},{"@type":"BreadcrumbList","@id":"https:\/\/sklep.skoral.com\/en\/produkt\/kurtka-skorzana-meska-brownie\/#breadcrumb","itemListElement":[{"@type":"ListItem","position":1,"name":"Strona g\u0142\u00f3wna","item":"https:\/\/sklep.skoral.com\/en\/"},{"@type":"ListItem","position":2,"name":"Shop","item":"https:\/\/sklep.skoral.com\/en\/shop\/"},{"@type":"ListItem","position":3,"name":"Kurtka sk\u00f3rzana m\u0119ska &#8211; Brownie"}]},{"@type":"WebSite","@id":"https:\/\/sklep.skoral.com\/en\/#website","url":"https:\/\/sklep.skoral.com\/en\/","name":"Pracownia Sk\u00f3ral","description":"Sklep z odzie\u017c\u0105\u00a0sk\u00f3rzan\u0105 i akcesoriami ze sk\u00f3ry naturalnej","publisher":{"@id":"https:\/\/sklep.skoral.com\/en\/#organization"},"potentialAction":[{"@type":"SearchAction","target":{"@type":"EntryPoint","urlTemplate":"https:\/\/sklep.skoral.com\/en\/?s={search_term_string}"},"query-input":{"@type":"PropertyValueSpecification","valueRequired":true,"valueName":"search_term_string"}}],"inLanguage":"en-US"},{"@type":"Organization","@id":"https:\/\/sklep.skoral.com\/en\/#organization","name":"Sk\u00f3ral - Pracownia odzie\u017cy i akcesori\u00f3w sk\u00f3rzanych","url":"https:\/\/sklep.skoral.com\/en\/","logo":{"@type":"ImageObject","inLanguage":"en-US","@id":"https:\/\/sklep.skoral.com\/en\/#\/schema\/logo\/image\/","url":"https:\/\/sklep.skoral.com\/wp-content\/uploads\/2020\/09\/cropped-logo-duze.png","contentUrl":"https:\/\/sklep.skoral.com\/wp-content\/uploads\/2020\/09\/cropped-logo-duze.png","width":1200,"height":293,"caption":"Sk\u00f3ral - Pracownia odzie\u017cy i akcesori\u00f3w sk\u00f3rzanych"},"image":{"@id":"https:\/\/sklep.skoral.com\/en\/#\/schema\/logo\/image\/"},"sameAs":["https:\/\/www.facebook.com\/SkoralNaturalLeather","https:\/\/www.instagram.com\/skoraldesign\/","https:\/\/www.youtube.com\/channel\/UCijmecsRU9TpML5jIEBsWTw"]}]}},"jetpack_sharing_enabled":true,"_links":{"self":[{"href":"https:\/\/sklep.skoral.com\/en\/wp-json\/wp\/v2\/product\/47","targetHints":{"allow":["GET"]}}],"collection":[{"href":"https:\/\/sklep.skoral.com\/en\/wp-json\/wp\/v2\/product"}],"about":[{"href":"https:\/\/sklep.skoral.com\/en\/wp-json\/wp\/v2\/types\/product"}],"wp:featuredmedia":[{"embeddable":true,"href":"https:\/\/sklep.skoral.com\/en\/wp-json\/wp\/v2\/media\/48"}],"wp:attachment":[{"href":"https:\/\/sklep.skoral.com\/en\/wp-json\/wp\/v2\/media?parent=47"}],"wp:term":[{"taxonomy":"product_brand","embeddable":true,"href":"https:\/\/sklep.skoral.com\/en\/wp-json\/wp\/v2\/product_brand?post=47"},{"taxonomy":"product_cat","embeddable":true,"href":"https:\/\/sklep.skoral.com\/en\/wp-json\/wp\/v2\/product_cat?post=47"},{"taxonomy":"product_tag","embeddable":true,"href":"https:\/\/sklep.skoral.com\/en\/wp-json\/wp\/v2\/product_tag?post=47"}],"curies":[{"name":"wp","href":"https:\/\/api.w.org\/{rel}","templated":true}]}}