{"id":1618,"date":"2021-02-02T20:32:15","date_gmt":"2021-02-02T19:32:15","guid":{"rendered":"https:\/\/sklep.skoral.com\/contacto\/"},"modified":"2025-09-08T20:39:30","modified_gmt":"2025-09-08T18:39:30","slug":"contacto","status":"publish","type":"page","link":"https:\/\/sklep.skoral.com\/es\/contacto\/","title":{"rendered":"Contacto"},"content":{"rendered":"\n<h4 class=\"wp-block-heading\">Empresa Sk\u00f3ral &#8211; W\u0142odzimierz Tupta<br\/>Dietla 33, 31-062 Cracovia<br\/>Polonia<\/h4>\n\n<p><strong>Tel<\/strong>: +48 12 423 12 20<br\/><strong>M\u00f3vil<\/strong>: +48 601 432 035<\/p>\n\n<p><strong>E-mail:<\/strong> kontakt(at)skoral.com<\/p>\n\n<p><a href=\"https:\/\/skoral.com\" target=\"_blank\" rel=\"noreferrer noopener\">www.skoral.com<\/a><\/p>\n\n<p>Le invitamos a seguir nuestros canales de redes sociales. <\/p>\n\n<p><a href=\"https:\/\/www.instagram.com\/skoraldesign\/\">Instagram<\/a> | <a href=\"https:\/\/www.facebook.com\/SkoralNaturalLeather\">Facebook<\/a><\/p>\n\n<h2 class=\"wp-block-heading\">P\u00f3ngase en contacto con nosotros y descubra m\u00e1s sobre la confecci\u00f3n a medida<\/h2>\n\n<p>Ll\u00e1menos o escr\u00edbanos para conocer m\u00e1s sobre la confecci\u00f3n a medida. Le ayudaremos y asesoraremos sobre c\u00f3mo tomar correctamente las medidas de su figura. Nuestra experiencia nos permite confeccionar una chaqueta de cuero individual o un abrigo de cuero, un abrigo de piel adaptado a usted. No vale la pena arriesgarse: despu\u00e9s del pedido y la toma de medidas, necesitamos como m\u00e1ximo 10 d\u00edas para realizar su encargo. Por lo general, es mucho m\u00e1s r\u00e1pido.    <\/p>\n\n<h2 class=\"wp-block-heading\">\u00bfTiene su propia visi\u00f3n de una chaqueta de cuero y le gustar\u00eda realizarla &#8211; es decir, PERSONALIZADA? <\/h2>\n\n<p>Nos encargaremos incluso de modificaciones muy dif\u00edciles y la realizaci\u00f3n de dise\u00f1os \u00fanicos. Seleccionaremos el cuero adecuado, el color, los acabados, las cremalleras e incluso el tono del hilo. Perfeccionaremos su proyecto para que cumpla con sus expectativas. P\u00f3ngase en contacto con nosotros. Nuestro taller de cuero est\u00e1 abierto de lunes a viernes de 10 a 18 horas.     <\/p>\n\n<p><\/p>\n","protected":false},"excerpt":{"rendered":"<p>Empresa Sk\u00f3ral &#8211; W\u0142odzimierz TuptaDietla 33, 31-062 CracoviaPolonia Tel: +48 12 423 12 20M\u00f3vil: +48 601 432 035 E-mail: kontakt(at)skoral.com www.skoral.com Le invitamos a seguir nuestros canales de redes sociales. Instagram | Facebook P\u00f3ngase en contacto con nosotros y descubra m\u00e1s sobre la confecci\u00f3n a medida Ll\u00e1menos o escr\u00edbanos para conocer m\u00e1s sobre la confecci\u00f3n [&hellip;]<\/p>\n","protected":false},"author":1,"featured_media":0,"parent":0,"menu_order":0,"comment_status":"closed","ping_status":"closed","template":"","meta":{"_monsterinsights_skip_tracking":false,"_monsterinsights_sitenote_active":false,"_monsterinsights_sitenote_note":"","_monsterinsights_sitenote_category":0,"footnotes":""},"class_list":["post-1618","page","type-page","status-publish","hentry"],"yoast_head":"<!-- This site is optimized with the Yoast SEO plugin v27.6 - https:\/\/yoast.com\/product\/yoast-seo-wordpress\/ -->\n<title>Contacto - Pracownia Sk\u00f3ral<\/title>\n<meta name=\"robots\" content=\"index, follow, max-snippet:-1, max-image-preview:large, max-video-preview:-1\" \/>\n<link rel=\"canonical\" href=\"https:\/\/sklep.skoral.com\/es\/contacto\/\" \/>\n<meta property=\"og:locale\" content=\"es_ES\" \/>\n<meta property=\"og:type\" content=\"article\" \/>\n<meta property=\"og:title\" content=\"Contacto - Pracownia Sk\u00f3ral\" \/>\n<meta property=\"og:description\" content=\"Empresa Sk\u00f3ral &#8211; W\u0142odzimierz TuptaDietla 33, 31-062 CracoviaPolonia Tel: +48 12 423 12 20M\u00f3vil: +48 601 432 035 E-mail: kontakt(at)skoral.com www.skoral.com Le invitamos a seguir nuestros canales de redes sociales. Instagram | Facebook P\u00f3ngase en contacto con nosotros y descubra m\u00e1s sobre la confecci\u00f3n a medida Ll\u00e1menos o escr\u00edbanos para conocer m\u00e1s sobre la confecci\u00f3n [&hellip;]\" \/>\n<meta property=\"og:url\" content=\"https:\/\/sklep.skoral.com\/es\/contacto\/\" \/>\n<meta property=\"og:site_name\" content=\"Pracownia Sk\u00f3ral\" \/>\n<meta property=\"article:publisher\" content=\"https:\/\/www.facebook.com\/SkoralNaturalLeather\" \/>\n<meta property=\"article:modified_time\" content=\"2025-09-08T18:39:30+00:00\" \/>\n<meta property=\"og:image\" content=\"https:\/\/sklep.skoral.com\/wp-content\/uploads\/2021\/01\/skoral-pracownia-z-odzieza-skorzana-i-akcesoriami.jpg\" \/>\n\t<meta property=\"og:image:width\" content=\"1932\" \/>\n\t<meta property=\"og:image:height\" content=\"860\" \/>\n\t<meta property=\"og:image:type\" content=\"image\/jpeg\" \/>\n<meta name=\"twitter:card\" content=\"summary_large_image\" \/>\n<meta name=\"twitter:label1\" content=\"Tiempo de lectura\" \/>\n\t<meta name=\"twitter:data1\" content=\"1 minuto\" \/>\n<script type=\"application\/ld+json\" class=\"yoast-schema-graph\">{\"@context\":\"https:\\\/\\\/schema.org\",\"@graph\":[{\"@type\":\"WebPage\",\"@id\":\"https:\\\/\\\/sklep.skoral.com\\\/es\\\/contacto\\\/\",\"url\":\"https:\\\/\\\/sklep.skoral.com\\\/es\\\/contacto\\\/\",\"name\":\"Contacto - Pracownia Sk\u00f3ral\",\"isPartOf\":{\"@id\":\"https:\\\/\\\/sklep.skoral.com\\\/es\\\/#website\"},\"datePublished\":\"2021-02-02T19:32:15+00:00\",\"dateModified\":\"2025-09-08T18:39:30+00:00\",\"breadcrumb\":{\"@id\":\"https:\\\/\\\/sklep.skoral.com\\\/es\\\/contacto\\\/#breadcrumb\"},\"inLanguage\":\"es\",\"potentialAction\":[{\"@type\":\"ReadAction\",\"target\":[\"https:\\\/\\\/sklep.skoral.com\\\/es\\\/contacto\\\/\"]}]},{\"@type\":\"BreadcrumbList\",\"@id\":\"https:\\\/\\\/sklep.skoral.com\\\/es\\\/contacto\\\/#breadcrumb\",\"itemListElement\":[{\"@type\":\"ListItem\",\"position\":1,\"name\":\"Strona g\u0142\u00f3wna\",\"item\":\"https:\\\/\\\/sklep.skoral.com\\\/es\\\/\"},{\"@type\":\"ListItem\",\"position\":2,\"name\":\"Contacto\"}]},{\"@type\":\"WebSite\",\"@id\":\"https:\\\/\\\/sklep.skoral.com\\\/es\\\/#website\",\"url\":\"https:\\\/\\\/sklep.skoral.com\\\/es\\\/\",\"name\":\"Pracownia Sk\u00f3ral\",\"description\":\"Sklep z odzie\u017c\u0105\u00a0sk\u00f3rzan\u0105 i akcesoriami ze sk\u00f3ry naturalnej\",\"publisher\":{\"@id\":\"https:\\\/\\\/sklep.skoral.com\\\/es\\\/#organization\"},\"potentialAction\":[{\"@type\":\"SearchAction\",\"target\":{\"@type\":\"EntryPoint\",\"urlTemplate\":\"https:\\\/\\\/sklep.skoral.com\\\/es\\\/?s={search_term_string}\"},\"query-input\":{\"@type\":\"PropertyValueSpecification\",\"valueRequired\":true,\"valueName\":\"search_term_string\"}}],\"inLanguage\":\"es\"},{\"@type\":\"Organization\",\"@id\":\"https:\\\/\\\/sklep.skoral.com\\\/es\\\/#organization\",\"name\":\"Sk\u00f3ral - Pracownia odzie\u017cy i akcesori\u00f3w sk\u00f3rzanych\",\"url\":\"https:\\\/\\\/sklep.skoral.com\\\/es\\\/\",\"logo\":{\"@type\":\"ImageObject\",\"inLanguage\":\"es\",\"@id\":\"https:\\\/\\\/sklep.skoral.com\\\/es\\\/#\\\/schema\\\/logo\\\/image\\\/\",\"url\":\"https:\\\/\\\/sklep.skoral.com\\\/wp-content\\\/uploads\\\/2020\\\/09\\\/cropped-logo-duze.png\",\"contentUrl\":\"https:\\\/\\\/sklep.skoral.com\\\/wp-content\\\/uploads\\\/2020\\\/09\\\/cropped-logo-duze.png\",\"width\":1200,\"height\":293,\"caption\":\"Sk\u00f3ral - Pracownia odzie\u017cy i akcesori\u00f3w sk\u00f3rzanych\"},\"image\":{\"@id\":\"https:\\\/\\\/sklep.skoral.com\\\/es\\\/#\\\/schema\\\/logo\\\/image\\\/\"},\"sameAs\":[\"https:\\\/\\\/www.facebook.com\\\/SkoralNaturalLeather\",\"https:\\\/\\\/www.instagram.com\\\/skoraldesign\\\/\",\"https:\\\/\\\/www.youtube.com\\\/channel\\\/UCijmecsRU9TpML5jIEBsWTw\"]}]}<\/script>\n<!-- \/ Yoast SEO plugin. -->","yoast_head_json":{"title":"Contacto - Pracownia Sk\u00f3ral","robots":{"index":"index","follow":"follow","max-snippet":"max-snippet:-1","max-image-preview":"max-image-preview:large","max-video-preview":"max-video-preview:-1"},"canonical":"https:\/\/sklep.skoral.com\/es\/contacto\/","og_locale":"es_ES","og_type":"article","og_title":"Contacto - Pracownia Sk\u00f3ral","og_description":"Empresa Sk\u00f3ral &#8211; W\u0142odzimierz TuptaDietla 33, 31-062 CracoviaPolonia Tel: +48 12 423 12 20M\u00f3vil: +48 601 432 035 E-mail: kontakt(at)skoral.com www.skoral.com Le invitamos a seguir nuestros canales de redes sociales. Instagram | Facebook P\u00f3ngase en contacto con nosotros y descubra m\u00e1s sobre la confecci\u00f3n a medida Ll\u00e1menos o escr\u00edbanos para conocer m\u00e1s sobre la confecci\u00f3n [&hellip;]","og_url":"https:\/\/sklep.skoral.com\/es\/contacto\/","og_site_name":"Pracownia Sk\u00f3ral","article_publisher":"https:\/\/www.facebook.com\/SkoralNaturalLeather","article_modified_time":"2025-09-08T18:39:30+00:00","og_image":[{"width":1932,"height":860,"url":"https:\/\/sklep.skoral.com\/wp-content\/uploads\/2021\/01\/skoral-pracownia-z-odzieza-skorzana-i-akcesoriami.jpg","type":"image\/jpeg"}],"twitter_card":"summary_large_image","twitter_misc":{"Tiempo de lectura":"1 minuto"},"schema":{"@context":"https:\/\/schema.org","@graph":[{"@type":"WebPage","@id":"https:\/\/sklep.skoral.com\/es\/contacto\/","url":"https:\/\/sklep.skoral.com\/es\/contacto\/","name":"Contacto - Pracownia Sk\u00f3ral","isPartOf":{"@id":"https:\/\/sklep.skoral.com\/es\/#website"},"datePublished":"2021-02-02T19:32:15+00:00","dateModified":"2025-09-08T18:39:30+00:00","breadcrumb":{"@id":"https:\/\/sklep.skoral.com\/es\/contacto\/#breadcrumb"},"inLanguage":"es","potentialAction":[{"@type":"ReadAction","target":["https:\/\/sklep.skoral.com\/es\/contacto\/"]}]},{"@type":"BreadcrumbList","@id":"https:\/\/sklep.skoral.com\/es\/contacto\/#breadcrumb","itemListElement":[{"@type":"ListItem","position":1,"name":"Strona g\u0142\u00f3wna","item":"https:\/\/sklep.skoral.com\/es\/"},{"@type":"ListItem","position":2,"name":"Contacto"}]},{"@type":"WebSite","@id":"https:\/\/sklep.skoral.com\/es\/#website","url":"https:\/\/sklep.skoral.com\/es\/","name":"Pracownia Sk\u00f3ral","description":"Sklep z odzie\u017c\u0105\u00a0sk\u00f3rzan\u0105 i akcesoriami ze sk\u00f3ry naturalnej","publisher":{"@id":"https:\/\/sklep.skoral.com\/es\/#organization"},"potentialAction":[{"@type":"SearchAction","target":{"@type":"EntryPoint","urlTemplate":"https:\/\/sklep.skoral.com\/es\/?s={search_term_string}"},"query-input":{"@type":"PropertyValueSpecification","valueRequired":true,"valueName":"search_term_string"}}],"inLanguage":"es"},{"@type":"Organization","@id":"https:\/\/sklep.skoral.com\/es\/#organization","name":"Sk\u00f3ral - Pracownia odzie\u017cy i akcesori\u00f3w sk\u00f3rzanych","url":"https:\/\/sklep.skoral.com\/es\/","logo":{"@type":"ImageObject","inLanguage":"es","@id":"https:\/\/sklep.skoral.com\/es\/#\/schema\/logo\/image\/","url":"https:\/\/sklep.skoral.com\/wp-content\/uploads\/2020\/09\/cropped-logo-duze.png","contentUrl":"https:\/\/sklep.skoral.com\/wp-content\/uploads\/2020\/09\/cropped-logo-duze.png","width":1200,"height":293,"caption":"Sk\u00f3ral - Pracownia odzie\u017cy i akcesori\u00f3w sk\u00f3rzanych"},"image":{"@id":"https:\/\/sklep.skoral.com\/es\/#\/schema\/logo\/image\/"},"sameAs":["https:\/\/www.facebook.com\/SkoralNaturalLeather","https:\/\/www.instagram.com\/skoraldesign\/","https:\/\/www.youtube.com\/channel\/UCijmecsRU9TpML5jIEBsWTw"]}]}},"jetpack_sharing_enabled":true,"_links":{"self":[{"href":"https:\/\/sklep.skoral.com\/es\/wp-json\/wp\/v2\/pages\/1618","targetHints":{"allow":["GET"]}}],"collection":[{"href":"https:\/\/sklep.skoral.com\/es\/wp-json\/wp\/v2\/pages"}],"about":[{"href":"https:\/\/sklep.skoral.com\/es\/wp-json\/wp\/v2\/types\/page"}],"author":[{"embeddable":true,"href":"https:\/\/sklep.skoral.com\/es\/wp-json\/wp\/v2\/users\/1"}],"replies":[{"embeddable":true,"href":"https:\/\/sklep.skoral.com\/es\/wp-json\/wp\/v2\/comments?post=1618"}],"version-history":[{"count":1,"href":"https:\/\/sklep.skoral.com\/es\/wp-json\/wp\/v2\/pages\/1618\/revisions"}],"predecessor-version":[{"id":1619,"href":"https:\/\/sklep.skoral.com\/es\/wp-json\/wp\/v2\/pages\/1618\/revisions\/1619"}],"wp:attachment":[{"href":"https:\/\/sklep.skoral.com\/es\/wp-json\/wp\/v2\/media?parent=1618"}],"curies":[{"name":"wp","href":"https:\/\/api.w.org\/{rel}","templated":true}]}}