{"id":1664,"date":"2021-01-19T15:09:14","date_gmt":"2021-01-19T14:09:14","guid":{"rendered":"https:\/\/sklep.skoral.com\/skoral-fabricante-de-ropa-de-cuero\/"},"modified":"2025-09-08T20:41:09","modified_gmt":"2025-09-08T18:41:09","slug":"skoral-fabricante-de-ropa-de-cuero","status":"publish","type":"page","link":"https:\/\/sklep.skoral.com\/es\/skoral-fabricante-de-ropa-de-cuero\/","title":{"rendered":"Sk\u00f3ral &#8211; fabricante de ropa de cuero"},"content":{"rendered":"\n<p><strong>Sk\u00f3ral es una marca premium polaca que opera en el mercado desde 1979.<\/strong> Nos especializamos en la producci\u00f3n de <strong>ropa de cuero<\/strong> y <strong>abrigos de piel<\/strong> de la m\u00e1s alta calidad. En los \u00faltimos a\u00f1os, respondiendo a las necesidades de nuestros clientes, hemos ampliado nuestro surtido con <a href=\"https:\/\/sklep.skoral.com\/kategoria\/akcesoria-skorzane\/\">accesorios de oficina elegantes y vers\u00e1tiles<\/a>, tambi\u00e9n fabricados en cuero natural. <\/p>\n\n<p>La ropa y accesorios de la marca Sk\u00f3ral se fabrican con pieles naturales de cordero y bovino cuidadosamente seleccionadas, procedentes de Italia, Espa\u00f1a, Estados Unidos y Polonia. Al crear nuestros dise\u00f1os utilizamos cuero natural extremadamente suave y resistente, que garantiza un alto confort de uso y la garant\u00eda de la mejor calidad durante a\u00f1os.  <\/p>\n\n<p>En nuestra tienda ofrecemos ropa de cuero disponible en todas las tallas &#8211; S, M, L, XL y XXL, en diferentes colores y dise\u00f1os. En nuestra colecci\u00f3n tenemos productos atemporales que se adaptan perfectamente a las tendencias actuales.  <\/p>\n\n<figure class=\"wp-block-embed is-type-video is-provider-youtube wp-block-embed-youtube wp-embed-aspect-16-9 wp-has-aspect-ratio\"><div class=\"wp-block-embed__wrapper\">\n<iframe loading=\"lazy\" title=\"Sk\u00f3ral - Szycie odzie\u017cy sk\u00f3rzanej - Kurtki sk\u00f3rzane i ko\u017cuchy - Krak\u00f3w\" width=\"980\" height=\"551\" src=\"https:\/\/www.youtube.com\/embed\/IWlj_AwRnzo?feature=oembed\" frameborder=\"0\" allow=\"accelerometer; autoplay; clipboard-write; encrypted-media; gyroscope; picture-in-picture; web-share\" referrerpolicy=\"strict-origin-when-cross-origin\" allowfullscreen><\/iframe>\n<\/div><figcaption>Anuncio publicitario de la empresa Sk\u00f3ral &#8211; Ropa de cuero<\/figcaption><\/figure>\n\n<h2 class=\"wp-block-heading\">Dise\u00f1o de ropa de cuero<\/h2>\n\n<p>Al dise\u00f1ar la ropa y accesorios de la marca Sk\u00f3ral nos guiamos por el cuidado de cada detalle, incluso el m\u00e1s peque\u00f1o. Ponemos especial \u00e9nfasis en la est\u00e9tica de la ejecuci\u00f3n, pero tambi\u00e9n en la durabilidad y fiabilidad de los productos creados. Gracias a esto tenemos la certeza de que la ropa y complementos de la marca Sk\u00f3ral son cl\u00e1sicos insustituibles que servir\u00e1n a nuestros clientes durante muchas temporadas.   <\/p>\n\n<p>Como fabricante de productos de cuero natural, tambi\u00e9n ofrecemos <strong>servicio de confecci\u00f3n de ropa de cuero a medida<\/strong> junto con la posibilidad de personalizaci\u00f3n del pedido seg\u00fan ideas individuales. En nuestro punto de venta de Cracovia (calle Dietla 33) nuestro personal cualificado ayuda en el ajuste adecuado de la ropa a la silueta.  <\/p>\n\n<h2 class=\"wp-block-heading\">Arreglos y reparaci\u00f3n de ropa de cuero y abrigos de piel<\/h2>\n\n<p>Tambi\u00e9n nos ocupamos de arreglos y reparaci\u00f3n de ropa de cuero y abrigos de piel. Si busca ropa de cuero excepcional y de calidad, cl\u00e1sicos atemporales que le sirvan durante muchas temporadas, le invitamos a nuestra tienda online.  <\/p>\n\n<p>\u00a1Estamos a su disposici\u00f3n para cualquier pregunta! <a href=\"https:\/\/sklep.skoral.com\/es\/contacto\/\">P\u00f3ngase en contacto con nosotros.<\/a><\/p>\n","protected":false},"excerpt":{"rendered":"<p>Sk\u00f3ral es una marca premium polaca que opera en el mercado desde 1979. Nos especializamos en la producci\u00f3n de ropa de cuero y abrigos de piel de la m\u00e1s alta calidad. En los \u00faltimos a\u00f1os, respondiendo a las necesidades de nuestros clientes, hemos ampliado nuestro surtido con accesorios de oficina elegantes y vers\u00e1tiles, tambi\u00e9n fabricados [&hellip;]<\/p>\n","protected":false},"author":1,"featured_media":0,"parent":0,"menu_order":0,"comment_status":"closed","ping_status":"closed","template":"","meta":{"_monsterinsights_skip_tracking":false,"_monsterinsights_sitenote_active":false,"_monsterinsights_sitenote_note":"","_monsterinsights_sitenote_category":0,"footnotes":""},"class_list":["post-1664","page","type-page","status-publish","hentry"],"yoast_head":"<!-- This site is optimized with the Yoast SEO plugin v27.6 - https:\/\/yoast.com\/product\/yoast-seo-wordpress\/ -->\n<title>Sk\u00f3ral - fabricante de ropa de cuero - sobre la Empresa - Tienda Online<\/title>\n<meta name=\"description\" content=\"Nos especializamos en ropa de cuero y abrigos de piel de alta calidad. Visite nuestra tienda online.\" \/>\n<meta name=\"robots\" content=\"index, follow, max-snippet:-1, max-image-preview:large, max-video-preview:-1\" \/>\n<link rel=\"canonical\" href=\"https:\/\/sklep.skoral.com\/es\/skoral-fabricante-de-ropa-de-cuero\/\" \/>\n<meta property=\"og:locale\" content=\"es_ES\" \/>\n<meta property=\"og:type\" content=\"article\" \/>\n<meta property=\"og:title\" content=\"Sk\u00f3ral - fabricante de ropa de cuero - sobre la Empresa - Tienda Online\" \/>\n<meta property=\"og:description\" content=\"Nos especializamos en ropa de cuero y abrigos de piel de alta calidad. Visite nuestra tienda online.\" \/>\n<meta property=\"og:url\" content=\"https:\/\/sklep.skoral.com\/es\/skoral-fabricante-de-ropa-de-cuero\/\" \/>\n<meta property=\"og:site_name\" content=\"Pracownia Sk\u00f3ral\" \/>\n<meta property=\"article:publisher\" content=\"https:\/\/www.facebook.com\/SkoralNaturalLeather\" \/>\n<meta property=\"article:modified_time\" content=\"2025-09-08T18:41:09+00:00\" \/>\n<meta property=\"og:image\" content=\"https:\/\/sklep.skoral.com\/wp-content\/uploads\/2021\/01\/skoral-pracownia-z-odzieza-skorzana-i-akcesoriami.jpg\" \/>\n\t<meta property=\"og:image:width\" content=\"1932\" \/>\n\t<meta property=\"og:image:height\" content=\"860\" \/>\n\t<meta property=\"og:image:type\" content=\"image\/jpeg\" \/>\n<meta name=\"twitter:card\" content=\"summary_large_image\" \/>\n<meta name=\"twitter:label1\" content=\"Tiempo de lectura\" \/>\n\t<meta name=\"twitter:data1\" content=\"2 minutos\" \/>\n<script type=\"application\/ld+json\" class=\"yoast-schema-graph\">{\"@context\":\"https:\\\/\\\/schema.org\",\"@graph\":[{\"@type\":\"WebPage\",\"@id\":\"https:\\\/\\\/sklep.skoral.com\\\/es\\\/skoral-fabricante-de-ropa-de-cuero\\\/\",\"url\":\"https:\\\/\\\/sklep.skoral.com\\\/es\\\/skoral-fabricante-de-ropa-de-cuero\\\/\",\"name\":\"Sk\u00f3ral - fabricante de ropa de cuero - sobre la Empresa - Tienda Online\",\"isPartOf\":{\"@id\":\"https:\\\/\\\/sklep.skoral.com\\\/es\\\/#website\"},\"datePublished\":\"2021-01-19T14:09:14+00:00\",\"dateModified\":\"2025-09-08T18:41:09+00:00\",\"description\":\"Nos especializamos en ropa de cuero y abrigos de piel de alta calidad. Visite nuestra tienda online.\",\"breadcrumb\":{\"@id\":\"https:\\\/\\\/sklep.skoral.com\\\/es\\\/skoral-fabricante-de-ropa-de-cuero\\\/#breadcrumb\"},\"inLanguage\":\"es\",\"potentialAction\":[{\"@type\":\"ReadAction\",\"target\":[\"https:\\\/\\\/sklep.skoral.com\\\/es\\\/skoral-fabricante-de-ropa-de-cuero\\\/\"]}]},{\"@type\":\"BreadcrumbList\",\"@id\":\"https:\\\/\\\/sklep.skoral.com\\\/es\\\/skoral-fabricante-de-ropa-de-cuero\\\/#breadcrumb\",\"itemListElement\":[{\"@type\":\"ListItem\",\"position\":1,\"name\":\"Strona g\u0142\u00f3wna\",\"item\":\"https:\\\/\\\/sklep.skoral.com\\\/es\\\/\"},{\"@type\":\"ListItem\",\"position\":2,\"name\":\"Sk\u00f3ral &#8211; fabricante de ropa de cuero\"}]},{\"@type\":\"WebSite\",\"@id\":\"https:\\\/\\\/sklep.skoral.com\\\/es\\\/#website\",\"url\":\"https:\\\/\\\/sklep.skoral.com\\\/es\\\/\",\"name\":\"Pracownia Sk\u00f3ral\",\"description\":\"Sklep z odzie\u017c\u0105\u00a0sk\u00f3rzan\u0105 i akcesoriami ze sk\u00f3ry naturalnej\",\"publisher\":{\"@id\":\"https:\\\/\\\/sklep.skoral.com\\\/es\\\/#organization\"},\"potentialAction\":[{\"@type\":\"SearchAction\",\"target\":{\"@type\":\"EntryPoint\",\"urlTemplate\":\"https:\\\/\\\/sklep.skoral.com\\\/es\\\/?s={search_term_string}\"},\"query-input\":{\"@type\":\"PropertyValueSpecification\",\"valueRequired\":true,\"valueName\":\"search_term_string\"}}],\"inLanguage\":\"es\"},{\"@type\":\"Organization\",\"@id\":\"https:\\\/\\\/sklep.skoral.com\\\/es\\\/#organization\",\"name\":\"Sk\u00f3ral - Pracownia odzie\u017cy i akcesori\u00f3w sk\u00f3rzanych\",\"url\":\"https:\\\/\\\/sklep.skoral.com\\\/es\\\/\",\"logo\":{\"@type\":\"ImageObject\",\"inLanguage\":\"es\",\"@id\":\"https:\\\/\\\/sklep.skoral.com\\\/es\\\/#\\\/schema\\\/logo\\\/image\\\/\",\"url\":\"https:\\\/\\\/sklep.skoral.com\\\/wp-content\\\/uploads\\\/2020\\\/09\\\/cropped-logo-duze.png\",\"contentUrl\":\"https:\\\/\\\/sklep.skoral.com\\\/wp-content\\\/uploads\\\/2020\\\/09\\\/cropped-logo-duze.png\",\"width\":1200,\"height\":293,\"caption\":\"Sk\u00f3ral - Pracownia odzie\u017cy i akcesori\u00f3w sk\u00f3rzanych\"},\"image\":{\"@id\":\"https:\\\/\\\/sklep.skoral.com\\\/es\\\/#\\\/schema\\\/logo\\\/image\\\/\"},\"sameAs\":[\"https:\\\/\\\/www.facebook.com\\\/SkoralNaturalLeather\",\"https:\\\/\\\/www.instagram.com\\\/skoraldesign\\\/\",\"https:\\\/\\\/www.youtube.com\\\/channel\\\/UCijmecsRU9TpML5jIEBsWTw\"]}]}<\/script>\n<!-- \/ Yoast SEO plugin. -->","yoast_head_json":{"title":"Sk\u00f3ral - fabricante de ropa de cuero - sobre la Empresa - Tienda Online","description":"Nos especializamos en ropa de cuero y abrigos de piel de alta calidad. Visite nuestra tienda online.","robots":{"index":"index","follow":"follow","max-snippet":"max-snippet:-1","max-image-preview":"max-image-preview:large","max-video-preview":"max-video-preview:-1"},"canonical":"https:\/\/sklep.skoral.com\/es\/skoral-fabricante-de-ropa-de-cuero\/","og_locale":"es_ES","og_type":"article","og_title":"Sk\u00f3ral - fabricante de ropa de cuero - sobre la Empresa - Tienda Online","og_description":"Nos especializamos en ropa de cuero y abrigos de piel de alta calidad. Visite nuestra tienda online.","og_url":"https:\/\/sklep.skoral.com\/es\/skoral-fabricante-de-ropa-de-cuero\/","og_site_name":"Pracownia Sk\u00f3ral","article_publisher":"https:\/\/www.facebook.com\/SkoralNaturalLeather","article_modified_time":"2025-09-08T18:41:09+00:00","og_image":[{"width":1932,"height":860,"url":"https:\/\/sklep.skoral.com\/wp-content\/uploads\/2021\/01\/skoral-pracownia-z-odzieza-skorzana-i-akcesoriami.jpg","type":"image\/jpeg"}],"twitter_card":"summary_large_image","twitter_misc":{"Tiempo de lectura":"2 minutos"},"schema":{"@context":"https:\/\/schema.org","@graph":[{"@type":"WebPage","@id":"https:\/\/sklep.skoral.com\/es\/skoral-fabricante-de-ropa-de-cuero\/","url":"https:\/\/sklep.skoral.com\/es\/skoral-fabricante-de-ropa-de-cuero\/","name":"Sk\u00f3ral - fabricante de ropa de cuero - sobre la Empresa - Tienda Online","isPartOf":{"@id":"https:\/\/sklep.skoral.com\/es\/#website"},"datePublished":"2021-01-19T14:09:14+00:00","dateModified":"2025-09-08T18:41:09+00:00","description":"Nos especializamos en ropa de cuero y abrigos de piel de alta calidad. Visite nuestra tienda online.","breadcrumb":{"@id":"https:\/\/sklep.skoral.com\/es\/skoral-fabricante-de-ropa-de-cuero\/#breadcrumb"},"inLanguage":"es","potentialAction":[{"@type":"ReadAction","target":["https:\/\/sklep.skoral.com\/es\/skoral-fabricante-de-ropa-de-cuero\/"]}]},{"@type":"BreadcrumbList","@id":"https:\/\/sklep.skoral.com\/es\/skoral-fabricante-de-ropa-de-cuero\/#breadcrumb","itemListElement":[{"@type":"ListItem","position":1,"name":"Strona g\u0142\u00f3wna","item":"https:\/\/sklep.skoral.com\/es\/"},{"@type":"ListItem","position":2,"name":"Sk\u00f3ral &#8211; fabricante de ropa de cuero"}]},{"@type":"WebSite","@id":"https:\/\/sklep.skoral.com\/es\/#website","url":"https:\/\/sklep.skoral.com\/es\/","name":"Pracownia Sk\u00f3ral","description":"Sklep z odzie\u017c\u0105\u00a0sk\u00f3rzan\u0105 i akcesoriami ze sk\u00f3ry naturalnej","publisher":{"@id":"https:\/\/sklep.skoral.com\/es\/#organization"},"potentialAction":[{"@type":"SearchAction","target":{"@type":"EntryPoint","urlTemplate":"https:\/\/sklep.skoral.com\/es\/?s={search_term_string}"},"query-input":{"@type":"PropertyValueSpecification","valueRequired":true,"valueName":"search_term_string"}}],"inLanguage":"es"},{"@type":"Organization","@id":"https:\/\/sklep.skoral.com\/es\/#organization","name":"Sk\u00f3ral - Pracownia odzie\u017cy i akcesori\u00f3w sk\u00f3rzanych","url":"https:\/\/sklep.skoral.com\/es\/","logo":{"@type":"ImageObject","inLanguage":"es","@id":"https:\/\/sklep.skoral.com\/es\/#\/schema\/logo\/image\/","url":"https:\/\/sklep.skoral.com\/wp-content\/uploads\/2020\/09\/cropped-logo-duze.png","contentUrl":"https:\/\/sklep.skoral.com\/wp-content\/uploads\/2020\/09\/cropped-logo-duze.png","width":1200,"height":293,"caption":"Sk\u00f3ral - Pracownia odzie\u017cy i akcesori\u00f3w sk\u00f3rzanych"},"image":{"@id":"https:\/\/sklep.skoral.com\/es\/#\/schema\/logo\/image\/"},"sameAs":["https:\/\/www.facebook.com\/SkoralNaturalLeather","https:\/\/www.instagram.com\/skoraldesign\/","https:\/\/www.youtube.com\/channel\/UCijmecsRU9TpML5jIEBsWTw"]}]}},"jetpack_sharing_enabled":true,"_links":{"self":[{"href":"https:\/\/sklep.skoral.com\/es\/wp-json\/wp\/v2\/pages\/1664","targetHints":{"allow":["GET"]}}],"collection":[{"href":"https:\/\/sklep.skoral.com\/es\/wp-json\/wp\/v2\/pages"}],"about":[{"href":"https:\/\/sklep.skoral.com\/es\/wp-json\/wp\/v2\/types\/page"}],"author":[{"embeddable":true,"href":"https:\/\/sklep.skoral.com\/es\/wp-json\/wp\/v2\/users\/1"}],"replies":[{"embeddable":true,"href":"https:\/\/sklep.skoral.com\/es\/wp-json\/wp\/v2\/comments?post=1664"}],"version-history":[{"count":1,"href":"https:\/\/sklep.skoral.com\/es\/wp-json\/wp\/v2\/pages\/1664\/revisions"}],"predecessor-version":[{"id":1665,"href":"https:\/\/sklep.skoral.com\/es\/wp-json\/wp\/v2\/pages\/1664\/revisions\/1665"}],"wp:attachment":[{"href":"https:\/\/sklep.skoral.com\/es\/wp-json\/wp\/v2\/media?parent=1664"}],"curies":[{"name":"wp","href":"https:\/\/api.w.org\/{rel}","templated":true}]}}