{"id":201,"date":"2021-01-19T16:29:47","date_gmt":"2021-01-19T15:29:47","guid":{"rendered":"https:\/\/sklep.skoral.com\/?post_type=product&#038;p=201"},"modified":"2024-08-14T12:21:21","modified_gmt":"2024-08-14T10:21:21","slug":"kurtka-skorzana-damska-lauren","status":"publish","type":"product","link":"https:\/\/sklep.skoral.com\/es\/produkt\/kurtka-skorzana-damska-lauren\/","title":{"rendered":"Kurtka sk\u00f3rzana damska &#8211; Lauren"},"content":{"rendered":"<p><span style=\"font-weight: 400;\">Damska kurtka sk\u00f3rzana Lauren to klasyczny, ponadczasowy model w pi\u0119knym, twarzowym kolorze mlecznej czekolady. Kurtka zosta\u0142a uszyta r\u0119cznie w krakowskiej pracowni z najlepszej gatunkowo w\u0142oskiej jagni\u0119cej sk\u00f3ry licowej. Kurtka jest niezwykle przyjemna w dotyku, lekka i jednocze\u015bnie wytrzyma\u0142a. Model zosta\u0142 wyko\u0144czony oddychaj\u0105c\u0105 wiskozow\u0105 podszewk\u0105 oraz dodatkow\u0105 ocieplan\u0105 podpink\u0105. Ocieplana podpinka jest odpinana, wi\u0119c kurtka fantastycznie sprawdzi si\u0119 zar\u00f3wno podczas ch\u0142odniejszych dni, jak i w letnich miesi\u0105cach.<\/span><\/p>\n<h2>Br\u0105zowa kurtka sk\u00f3rzana dla Pa\u0144<\/h2>\n<p><span style=\"font-weight: 400;\">Model Lauren marki Sk\u00f3ral ma przed\u0142u\u017cony kr\u00f3j, doskonale wi\u0119c sprawdzi si\u0119 dla pa\u0144, kt\u00f3re szukaj\u0105 d\u0142u\u017cszych kurtek sk\u00f3rzanych, si\u0119gaj\u0105cych za biodra. Taki kr\u00f3j nie tylko sprawia, \u017ce kurtka fantastycznie chroni przed wiatrem i ch\u0142odem, ale r\u00f3wnie\u017c pi\u0119knie modeluje sylwetk\u0119.<\/span><\/p>\n<p><span style=\"font-weight: 400;\">Model Lauren zapinany jest na zamek. Wysoka st\u00f3jka wysmukla szyj\u0119 i zabezpiecza przed wiatrem. St\u00f3jk\u0119 mo\u017cna r\u00f3wnie\u017c wy\u0142o\u017cy\u0107 w formie ko\u0142nierza, kt\u00f3ry pi\u0119knie podkre\u015bli dekolt.<\/span><\/p>\n<p><span style=\"font-weight: 400;\">Kurtka posiada dwie kieszenie, zapinane na kryte suwaki. Taliowany kr\u00f3j oraz pionowe, dyskretne przeszycia subtelnie modeluj\u0105 sylwetk\u0119 i ukrywaj\u0105 mankamenty figury.<\/span><\/p>\n<p><span style=\"font-weight: 400;\">Kurtka Lauren, dzi\u0119ki klasycznemu, minimalistycznemu stylowi, jest niezwykle u\u017cytkowa. Jej lekko sportowy, casualowy charakter przypadnie do gustu paniom ceni\u0105cym wygod\u0119 w kobiecym wydaniu oraz szukaj\u0105cym ponadczasowych klasyk\u00f3w, kt\u00f3re nie wychodz\u0105 z mody.<\/span><\/p>\n<h2>Kurtka sk\u00f3rzana Lauren w innych kolorach<\/h2>\n<p><span style=\"font-weight: 400;\">Model Lauren jest dost\u0119pny we wszystkich rozmiarach oraz w r\u00f3\u017cnych kolorach. Na \u017cyczenie klient\u00f3w oferujemy szycie na miar\u0119. Szukasz idealnej kurtki, kt\u00f3ra pos\u0142u\u017cy Ci przez wiele sezon\u00f3w? Skontaktuj si\u0119 z nami, a my uszyjemy dla Ciebie Tw\u00f3j wymarzony model.<\/span><\/p>\n","protected":false},"excerpt":{"rendered":"<p>Przed\u0142u\u017cana kurtka sk\u00f3rzana damska w ponadczasowym fasonie Lauren<\/p>\n","protected":false},"featured_media":203,"template":"","meta":{"_monsterinsights_skip_tracking":false,"_monsterinsights_sitenote_active":false,"_monsterinsights_sitenote_note":"","_monsterinsights_sitenote_category":0},"product_brand":[],"product_cat":[16],"product_tag":[45],"class_list":{"0":"post-201","1":"product","2":"type-product","3":"status-publish","4":"has-post-thumbnail","6":"product_cat-kurtka-skorzana-damska","7":"product_tag-kurtka-trzy-czwarte","9":"first","10":"instock","11":"taxable","12":"shipping-taxable","13":"purchasable","14":"product-type-variable"},"yoast_head":"<!-- This site is optimized with the Yoast SEO plugin v27.6 - https:\/\/yoast.com\/product\/yoast-seo-wordpress\/ -->\n<title>Kurtka sk\u00f3rzana damska - Lauren - Pracownia Sk\u00f3ral - W\u0142oska sk\u00f3ra<\/title>\n<meta name=\"description\" content=\"Br\u0105zowa kurtka sk\u00f3rzana damska o przed\u0142u\u017conym kroju, z pi\u0119knej licowanej sk\u00f3ry. Dost\u0119pna w naszym sklepie internetowym - szycie na wymiar.\" \/>\n<meta name=\"robots\" content=\"index, follow, max-snippet:-1, max-image-preview:large, max-video-preview:-1\" \/>\n<link rel=\"canonical\" href=\"https:\/\/sklep.skoral.com\/es\/produkt\/kurtka-skorzana-damska-lauren\/\" \/>\n<meta property=\"og:locale\" content=\"es_ES\" \/>\n<meta property=\"og:type\" content=\"article\" \/>\n<meta property=\"og:title\" content=\"Kurtka sk\u00f3rzana damska - Lauren - Pracownia Sk\u00f3ral - W\u0142oska sk\u00f3ra\" \/>\n<meta property=\"og:description\" content=\"Br\u0105zowa kurtka sk\u00f3rzana damska o przed\u0142u\u017conym kroju, z pi\u0119knej licowanej sk\u00f3ry. Dost\u0119pna w naszym sklepie internetowym - szycie na wymiar.\" \/>\n<meta property=\"og:url\" content=\"https:\/\/sklep.skoral.com\/es\/produkt\/kurtka-skorzana-damska-lauren\/\" \/>\n<meta property=\"og:site_name\" content=\"Pracownia Sk\u00f3ral\" \/>\n<meta property=\"article:publisher\" content=\"https:\/\/www.facebook.com\/SkoralNaturalLeather\" \/>\n<meta property=\"article:modified_time\" content=\"2024-08-14T10:21:21+00:00\" \/>\n<meta property=\"og:image\" content=\"https:\/\/sklep.skoral.com\/wp-content\/uploads\/2021\/01\/kurtka-skorzana-damska-lauren.jpg\" \/>\n\t<meta property=\"og:image:width\" content=\"1024\" \/>\n\t<meta property=\"og:image:height\" content=\"1280\" \/>\n\t<meta property=\"og:image:type\" content=\"image\/jpeg\" \/>\n<meta name=\"twitter:card\" content=\"summary_large_image\" \/>\n<meta name=\"twitter:label1\" content=\"Tiempo de lectura\" \/>\n\t<meta name=\"twitter:data1\" content=\"2 minutos\" \/>\n<script type=\"application\/ld+json\" class=\"yoast-schema-graph\">{\"@context\":\"https:\\\/\\\/schema.org\",\"@graph\":[{\"@type\":[\"WebPage\",\"ItemPage\"],\"@id\":\"https:\\\/\\\/sklep.skoral.com\\\/es\\\/produkt\\\/kurtka-skorzana-damska-lauren\\\/\",\"url\":\"https:\\\/\\\/sklep.skoral.com\\\/es\\\/produkt\\\/kurtka-skorzana-damska-lauren\\\/\",\"name\":\"Kurtka sk\u00f3rzana damska - Lauren - Pracownia Sk\u00f3ral - W\u0142oska sk\u00f3ra\",\"isPartOf\":{\"@id\":\"https:\\\/\\\/sklep.skoral.com\\\/es\\\/#website\"},\"primaryImageOfPage\":{\"@id\":\"https:\\\/\\\/sklep.skoral.com\\\/es\\\/produkt\\\/kurtka-skorzana-damska-lauren\\\/#primaryimage\"},\"image\":{\"@id\":\"https:\\\/\\\/sklep.skoral.com\\\/es\\\/produkt\\\/kurtka-skorzana-damska-lauren\\\/#primaryimage\"},\"thumbnailUrl\":\"https:\\\/\\\/sklep.skoral.com\\\/wp-content\\\/uploads\\\/2021\\\/01\\\/kurtka-skorzana-damska-lauren.jpg\",\"datePublished\":\"2021-01-19T15:29:47+00:00\",\"dateModified\":\"2024-08-14T10:21:21+00:00\",\"description\":\"Br\u0105zowa kurtka sk\u00f3rzana damska o przed\u0142u\u017conym kroju, z pi\u0119knej licowanej sk\u00f3ry. Dost\u0119pna w naszym sklepie internetowym - szycie na wymiar.\",\"breadcrumb\":{\"@id\":\"https:\\\/\\\/sklep.skoral.com\\\/es\\\/produkt\\\/kurtka-skorzana-damska-lauren\\\/#breadcrumb\"},\"inLanguage\":\"es\",\"potentialAction\":[{\"@type\":\"ReadAction\",\"target\":[\"https:\\\/\\\/sklep.skoral.com\\\/es\\\/produkt\\\/kurtka-skorzana-damska-lauren\\\/\"]}]},{\"@type\":\"ImageObject\",\"inLanguage\":\"es\",\"@id\":\"https:\\\/\\\/sklep.skoral.com\\\/es\\\/produkt\\\/kurtka-skorzana-damska-lauren\\\/#primaryimage\",\"url\":\"https:\\\/\\\/sklep.skoral.com\\\/wp-content\\\/uploads\\\/2021\\\/01\\\/kurtka-skorzana-damska-lauren.jpg\",\"contentUrl\":\"https:\\\/\\\/sklep.skoral.com\\\/wp-content\\\/uploads\\\/2021\\\/01\\\/kurtka-skorzana-damska-lauren.jpg\",\"width\":1024,\"height\":1280,\"caption\":\"Kurtka sk\u00f3rzana damska - Lauren\"},{\"@type\":\"BreadcrumbList\",\"@id\":\"https:\\\/\\\/sklep.skoral.com\\\/es\\\/produkt\\\/kurtka-skorzana-damska-lauren\\\/#breadcrumb\",\"itemListElement\":[{\"@type\":\"ListItem\",\"position\":1,\"name\":\"Strona g\u0142\u00f3wna\",\"item\":\"https:\\\/\\\/sklep.skoral.com\\\/es\\\/\"},{\"@type\":\"ListItem\",\"position\":2,\"name\":\"Tienda\",\"item\":\"https:\\\/\\\/sklep.skoral.com\\\/es\\\/tienda\\\/\"},{\"@type\":\"ListItem\",\"position\":3,\"name\":\"Kurtka sk\u00f3rzana damska &#8211; Lauren\"}]},{\"@type\":\"WebSite\",\"@id\":\"https:\\\/\\\/sklep.skoral.com\\\/es\\\/#website\",\"url\":\"https:\\\/\\\/sklep.skoral.com\\\/es\\\/\",\"name\":\"Pracownia Sk\u00f3ral\",\"description\":\"Sklep z odzie\u017c\u0105\u00a0sk\u00f3rzan\u0105 i akcesoriami ze sk\u00f3ry naturalnej\",\"publisher\":{\"@id\":\"https:\\\/\\\/sklep.skoral.com\\\/es\\\/#organization\"},\"potentialAction\":[{\"@type\":\"SearchAction\",\"target\":{\"@type\":\"EntryPoint\",\"urlTemplate\":\"https:\\\/\\\/sklep.skoral.com\\\/es\\\/?s={search_term_string}\"},\"query-input\":{\"@type\":\"PropertyValueSpecification\",\"valueRequired\":true,\"valueName\":\"search_term_string\"}}],\"inLanguage\":\"es\"},{\"@type\":\"Organization\",\"@id\":\"https:\\\/\\\/sklep.skoral.com\\\/es\\\/#organization\",\"name\":\"Sk\u00f3ral - Pracownia odzie\u017cy i akcesori\u00f3w sk\u00f3rzanych\",\"url\":\"https:\\\/\\\/sklep.skoral.com\\\/es\\\/\",\"logo\":{\"@type\":\"ImageObject\",\"inLanguage\":\"es\",\"@id\":\"https:\\\/\\\/sklep.skoral.com\\\/es\\\/#\\\/schema\\\/logo\\\/image\\\/\",\"url\":\"https:\\\/\\\/sklep.skoral.com\\\/wp-content\\\/uploads\\\/2020\\\/09\\\/cropped-logo-duze.png\",\"contentUrl\":\"https:\\\/\\\/sklep.skoral.com\\\/wp-content\\\/uploads\\\/2020\\\/09\\\/cropped-logo-duze.png\",\"width\":1200,\"height\":293,\"caption\":\"Sk\u00f3ral - Pracownia odzie\u017cy i akcesori\u00f3w sk\u00f3rzanych\"},\"image\":{\"@id\":\"https:\\\/\\\/sklep.skoral.com\\\/es\\\/#\\\/schema\\\/logo\\\/image\\\/\"},\"sameAs\":[\"https:\\\/\\\/www.facebook.com\\\/SkoralNaturalLeather\",\"https:\\\/\\\/www.instagram.com\\\/skoraldesign\\\/\",\"https:\\\/\\\/www.youtube.com\\\/channel\\\/UCijmecsRU9TpML5jIEBsWTw\"]}]}<\/script>\n<!-- \/ Yoast SEO plugin. -->","yoast_head_json":{"title":"Kurtka sk\u00f3rzana damska - Lauren - Pracownia Sk\u00f3ral - W\u0142oska sk\u00f3ra","description":"Br\u0105zowa kurtka sk\u00f3rzana damska o przed\u0142u\u017conym kroju, z pi\u0119knej licowanej sk\u00f3ry. Dost\u0119pna w naszym sklepie internetowym - szycie na wymiar.","robots":{"index":"index","follow":"follow","max-snippet":"max-snippet:-1","max-image-preview":"max-image-preview:large","max-video-preview":"max-video-preview:-1"},"canonical":"https:\/\/sklep.skoral.com\/es\/produkt\/kurtka-skorzana-damska-lauren\/","og_locale":"es_ES","og_type":"article","og_title":"Kurtka sk\u00f3rzana damska - Lauren - Pracownia Sk\u00f3ral - W\u0142oska sk\u00f3ra","og_description":"Br\u0105zowa kurtka sk\u00f3rzana damska o przed\u0142u\u017conym kroju, z pi\u0119knej licowanej sk\u00f3ry. Dost\u0119pna w naszym sklepie internetowym - szycie na wymiar.","og_url":"https:\/\/sklep.skoral.com\/es\/produkt\/kurtka-skorzana-damska-lauren\/","og_site_name":"Pracownia Sk\u00f3ral","article_publisher":"https:\/\/www.facebook.com\/SkoralNaturalLeather","article_modified_time":"2024-08-14T10:21:21+00:00","og_image":[{"width":1024,"height":1280,"url":"https:\/\/sklep.skoral.com\/wp-content\/uploads\/2021\/01\/kurtka-skorzana-damska-lauren.jpg","type":"image\/jpeg"}],"twitter_card":"summary_large_image","twitter_misc":{"Tiempo de lectura":"2 minutos"},"schema":{"@context":"https:\/\/schema.org","@graph":[{"@type":["WebPage","ItemPage"],"@id":"https:\/\/sklep.skoral.com\/es\/produkt\/kurtka-skorzana-damska-lauren\/","url":"https:\/\/sklep.skoral.com\/es\/produkt\/kurtka-skorzana-damska-lauren\/","name":"Kurtka sk\u00f3rzana damska - Lauren - Pracownia Sk\u00f3ral - W\u0142oska sk\u00f3ra","isPartOf":{"@id":"https:\/\/sklep.skoral.com\/es\/#website"},"primaryImageOfPage":{"@id":"https:\/\/sklep.skoral.com\/es\/produkt\/kurtka-skorzana-damska-lauren\/#primaryimage"},"image":{"@id":"https:\/\/sklep.skoral.com\/es\/produkt\/kurtka-skorzana-damska-lauren\/#primaryimage"},"thumbnailUrl":"https:\/\/sklep.skoral.com\/wp-content\/uploads\/2021\/01\/kurtka-skorzana-damska-lauren.jpg","datePublished":"2021-01-19T15:29:47+00:00","dateModified":"2024-08-14T10:21:21+00:00","description":"Br\u0105zowa kurtka sk\u00f3rzana damska o przed\u0142u\u017conym kroju, z pi\u0119knej licowanej sk\u00f3ry. Dost\u0119pna w naszym sklepie internetowym - szycie na wymiar.","breadcrumb":{"@id":"https:\/\/sklep.skoral.com\/es\/produkt\/kurtka-skorzana-damska-lauren\/#breadcrumb"},"inLanguage":"es","potentialAction":[{"@type":"ReadAction","target":["https:\/\/sklep.skoral.com\/es\/produkt\/kurtka-skorzana-damska-lauren\/"]}]},{"@type":"ImageObject","inLanguage":"es","@id":"https:\/\/sklep.skoral.com\/es\/produkt\/kurtka-skorzana-damska-lauren\/#primaryimage","url":"https:\/\/sklep.skoral.com\/wp-content\/uploads\/2021\/01\/kurtka-skorzana-damska-lauren.jpg","contentUrl":"https:\/\/sklep.skoral.com\/wp-content\/uploads\/2021\/01\/kurtka-skorzana-damska-lauren.jpg","width":1024,"height":1280,"caption":"Kurtka sk\u00f3rzana damska - Lauren"},{"@type":"BreadcrumbList","@id":"https:\/\/sklep.skoral.com\/es\/produkt\/kurtka-skorzana-damska-lauren\/#breadcrumb","itemListElement":[{"@type":"ListItem","position":1,"name":"Strona g\u0142\u00f3wna","item":"https:\/\/sklep.skoral.com\/es\/"},{"@type":"ListItem","position":2,"name":"Tienda","item":"https:\/\/sklep.skoral.com\/es\/tienda\/"},{"@type":"ListItem","position":3,"name":"Kurtka sk\u00f3rzana damska &#8211; Lauren"}]},{"@type":"WebSite","@id":"https:\/\/sklep.skoral.com\/es\/#website","url":"https:\/\/sklep.skoral.com\/es\/","name":"Pracownia Sk\u00f3ral","description":"Sklep z odzie\u017c\u0105\u00a0sk\u00f3rzan\u0105 i akcesoriami ze sk\u00f3ry naturalnej","publisher":{"@id":"https:\/\/sklep.skoral.com\/es\/#organization"},"potentialAction":[{"@type":"SearchAction","target":{"@type":"EntryPoint","urlTemplate":"https:\/\/sklep.skoral.com\/es\/?s={search_term_string}"},"query-input":{"@type":"PropertyValueSpecification","valueRequired":true,"valueName":"search_term_string"}}],"inLanguage":"es"},{"@type":"Organization","@id":"https:\/\/sklep.skoral.com\/es\/#organization","name":"Sk\u00f3ral - Pracownia odzie\u017cy i akcesori\u00f3w sk\u00f3rzanych","url":"https:\/\/sklep.skoral.com\/es\/","logo":{"@type":"ImageObject","inLanguage":"es","@id":"https:\/\/sklep.skoral.com\/es\/#\/schema\/logo\/image\/","url":"https:\/\/sklep.skoral.com\/wp-content\/uploads\/2020\/09\/cropped-logo-duze.png","contentUrl":"https:\/\/sklep.skoral.com\/wp-content\/uploads\/2020\/09\/cropped-logo-duze.png","width":1200,"height":293,"caption":"Sk\u00f3ral - Pracownia odzie\u017cy i akcesori\u00f3w sk\u00f3rzanych"},"image":{"@id":"https:\/\/sklep.skoral.com\/es\/#\/schema\/logo\/image\/"},"sameAs":["https:\/\/www.facebook.com\/SkoralNaturalLeather","https:\/\/www.instagram.com\/skoraldesign\/","https:\/\/www.youtube.com\/channel\/UCijmecsRU9TpML5jIEBsWTw"]}]}},"jetpack_sharing_enabled":true,"_links":{"self":[{"href":"https:\/\/sklep.skoral.com\/es\/wp-json\/wp\/v2\/product\/201","targetHints":{"allow":["GET"]}}],"collection":[{"href":"https:\/\/sklep.skoral.com\/es\/wp-json\/wp\/v2\/product"}],"about":[{"href":"https:\/\/sklep.skoral.com\/es\/wp-json\/wp\/v2\/types\/product"}],"wp:featuredmedia":[{"embeddable":true,"href":"https:\/\/sklep.skoral.com\/es\/wp-json\/wp\/v2\/media\/203"}],"wp:attachment":[{"href":"https:\/\/sklep.skoral.com\/es\/wp-json\/wp\/v2\/media?parent=201"}],"wp:term":[{"taxonomy":"product_brand","embeddable":true,"href":"https:\/\/sklep.skoral.com\/es\/wp-json\/wp\/v2\/product_brand?post=201"},{"taxonomy":"product_cat","embeddable":true,"href":"https:\/\/sklep.skoral.com\/es\/wp-json\/wp\/v2\/product_cat?post=201"},{"taxonomy":"product_tag","embeddable":true,"href":"https:\/\/sklep.skoral.com\/es\/wp-json\/wp\/v2\/product_tag?post=201"}],"curies":[{"name":"wp","href":"https:\/\/api.w.org\/{rel}","templated":true}]}}