{"id":224,"date":"2021-01-19T17:22:39","date_gmt":"2021-01-19T16:22:39","guid":{"rendered":"https:\/\/sklep.skoral.com\/?post_type=product&#038;p=224"},"modified":"2024-08-14T12:19:33","modified_gmt":"2024-08-14T10:19:33","slug":"kurtka-skorzana-damska-pleava-s2","status":"publish","type":"product","link":"https:\/\/sklep.skoral.com\/es\/produkt\/kurtka-skorzana-damska-pleava-s2\/","title":{"rendered":"Kurtka sk\u00f3rzana damska &#8211; Pleava S2"},"content":{"rendered":"<p><span style=\"font-weight: 400;\">Kolejna ods\u0142ona modelu Pleava, tym razem w jeszcze bardziej eleganckiej, kobiecej wersji.<\/span><\/p>\n<p><span style=\"font-weight: 400;\">Kurtka zosta\u0142a uszyta z w\u0142oskiej sk\u00f3ry jagni\u0119cej, niezwykle lekkiej i mi\u0119kkiej w dotyku.<\/span><\/p>\n<p><span style=\"font-weight: 400;\">Damska kurtka sk\u00f3rzana Pleava S2 ma twarzowy grafitowy kolor, kt\u00f3ry podkre\u015bli ka\u017cdy typ urody. Zosta\u0142a wyko\u0144czona przyjemn\u0105 dla cia\u0142a, przewiewn\u0105 wiskozow\u0105 podszewk\u0105. Idealnie sprawdzi si\u0119 w roli lekkiej, wiosenno-letniej kurtki czy \u017cakietu.<\/span><\/p>\n<p><span style=\"font-weight: 400;\">Pleava S2 ma taliowany, kr\u00f3tki kr\u00f3j, kt\u00f3ry podkre\u015bla kobiece kszta\u0142ty. Zapinana jest na zamek b\u0142yskawiczny w srebrnym kolorze. Posiada okr\u0105g\u0142y dekolt z nisk\u0105 st\u00f3jk\u0105, kt\u00f3ry wysmukla szyj\u0119. Model ma dwie kieszenie zapinane na suwaki.<\/span><\/p>\n<p><span style=\"font-weight: 400;\">Damska kurtka sk\u00f3rzana Pleava S2 to propozycja dla kobiet ceni\u0105cych niewymuszon\u0105 elegancj\u0119 i wygod\u0119. Kurtka Pleava S2 marki Sk\u00f3ral jest bardzo uniwersalna. Z powodzeniem mo\u017ce zast\u0105pi\u0107 marynark\u0119 podczas bardziej oficjalnych wyj\u015b\u0107, a tak\u017ce lekk\u0105, letni\u0105 kurtk\u0119 w codziennych stylizacjach. Minimalistyczny styl i oszcz\u0119dno\u015b\u0107 formy sprawiaj\u0105, \u017ce Pleava S2 b\u0119dzie pasowa\u0107 do wi\u0119kszo\u015bci ubra\u0144 w damskiej szafie. Wysoka jako\u015b\u0107 wykonania i trwa\u0142o\u015b\u0107 materia\u0142\u00f3w, z kt\u00f3rych uszyta jest kurtka marki Sk\u00f3ral, sprawiaj\u0105, \u017ce model ten pos\u0142u\u017cy Ci przez wiele sezon\u00f3w, jako niezb\u0119dny klasyk kobiecej garderoby.<\/span><\/p>\n<h2>Rozmiar na twoj\u0105 sylwetk\u0119 &#8211; us\u0142uga szycia na wymiar<\/h2>\n<p><span style=\"font-weight: 400;\">Je\u015bli jeste\u015b zainteresowany kurtk\u0105 w innym kolorze lub interesuje Ci\u0119 szycie na wymiar &#8211; skontaktuj si\u0119 z nami. W naszej pracowni uszyjemy dla Ciebie kurtk\u0119 idealnie dopasowan\u0105 do Twoich potrzeb &#8211; w wybranym przez Ciebie kolorze oraz rozmiarze.<\/span><\/p>\n","protected":false},"excerpt":{"rendered":"<p>Kurtka sk\u00f3rzana damska na zamek\u00a0 Pleava S2<\/p>\n","protected":false},"featured_media":226,"template":"","meta":{"_monsterinsights_skip_tracking":false,"_monsterinsights_sitenote_active":false,"_monsterinsights_sitenote_note":"","_monsterinsights_sitenote_category":0},"product_brand":[],"product_cat":[16],"product_tag":[94],"class_list":{"0":"post-224","1":"product","2":"type-product","3":"status-publish","4":"has-post-thumbnail","6":"product_cat-kurtka-skorzana-damska","7":"product_tag-kurtka-skorzana-na-zamek","9":"first","10":"instock","11":"taxable","12":"shipping-taxable","13":"purchasable","14":"product-type-variable"},"yoast_head":"<!-- This site is optimized with the Yoast SEO plugin v27.6 - https:\/\/yoast.com\/product\/yoast-seo-wordpress\/ -->\n<title>Kurtka sk\u00f3rzana damska - Pleava S2 - Pracownia Sk\u00f3ral<\/title>\n<meta name=\"description\" content=\"Damska kurtka sk\u00f3rzana Pleava S2 podkre\u015blaj\u0105ca kobiece kszta\u0142ty. Sk\u00f3ra niezwykle mi\u0119kka i przyjemna w dotyku - zobacz w naszem sklepie Sk\u00f3ral\" \/>\n<meta name=\"robots\" content=\"index, follow, max-snippet:-1, max-image-preview:large, max-video-preview:-1\" \/>\n<link rel=\"canonical\" href=\"https:\/\/sklep.skoral.com\/es\/produkt\/kurtka-skorzana-damska-pleava-s2\/\" \/>\n<meta property=\"og:locale\" content=\"es_ES\" \/>\n<meta property=\"og:type\" content=\"article\" \/>\n<meta property=\"og:title\" content=\"Kurtka sk\u00f3rzana damska - Pleava S2 - Pracownia Sk\u00f3ral\" \/>\n<meta property=\"og:description\" content=\"Damska kurtka sk\u00f3rzana Pleava S2 podkre\u015blaj\u0105ca kobiece kszta\u0142ty. Sk\u00f3ra niezwykle mi\u0119kka i przyjemna w dotyku - zobacz w naszem sklepie Sk\u00f3ral\" \/>\n<meta property=\"og:url\" content=\"https:\/\/sklep.skoral.com\/es\/produkt\/kurtka-skorzana-damska-pleava-s2\/\" \/>\n<meta property=\"og:site_name\" content=\"Pracownia Sk\u00f3ral\" \/>\n<meta property=\"article:publisher\" content=\"https:\/\/www.facebook.com\/SkoralNaturalLeather\" \/>\n<meta property=\"article:modified_time\" content=\"2024-08-14T10:19:33+00:00\" \/>\n<meta property=\"og:image\" content=\"https:\/\/sklep.skoral.com\/wp-content\/uploads\/2021\/01\/kurtka-skorzana-damska-pleava-s2.jpg\" \/>\n\t<meta property=\"og:image:width\" content=\"1024\" \/>\n\t<meta property=\"og:image:height\" content=\"1280\" \/>\n\t<meta property=\"og:image:type\" content=\"image\/jpeg\" \/>\n<meta name=\"twitter:card\" content=\"summary_large_image\" \/>\n<meta name=\"twitter:label1\" content=\"Tiempo de lectura\" \/>\n\t<meta name=\"twitter:data1\" content=\"1 minuto\" \/>\n<script type=\"application\/ld+json\" class=\"yoast-schema-graph\">{\"@context\":\"https:\\\/\\\/schema.org\",\"@graph\":[{\"@type\":[\"WebPage\",\"ItemPage\"],\"@id\":\"https:\\\/\\\/sklep.skoral.com\\\/es\\\/produkt\\\/kurtka-skorzana-damska-pleava-s2\\\/\",\"url\":\"https:\\\/\\\/sklep.skoral.com\\\/es\\\/produkt\\\/kurtka-skorzana-damska-pleava-s2\\\/\",\"name\":\"Kurtka sk\u00f3rzana damska - Pleava S2 - Pracownia Sk\u00f3ral\",\"isPartOf\":{\"@id\":\"https:\\\/\\\/sklep.skoral.com\\\/es\\\/#website\"},\"primaryImageOfPage\":{\"@id\":\"https:\\\/\\\/sklep.skoral.com\\\/es\\\/produkt\\\/kurtka-skorzana-damska-pleava-s2\\\/#primaryimage\"},\"image\":{\"@id\":\"https:\\\/\\\/sklep.skoral.com\\\/es\\\/produkt\\\/kurtka-skorzana-damska-pleava-s2\\\/#primaryimage\"},\"thumbnailUrl\":\"https:\\\/\\\/sklep.skoral.com\\\/wp-content\\\/uploads\\\/2021\\\/01\\\/kurtka-skorzana-damska-pleava-s2.jpg\",\"datePublished\":\"2021-01-19T16:22:39+00:00\",\"dateModified\":\"2024-08-14T10:19:33+00:00\",\"description\":\"Damska kurtka sk\u00f3rzana Pleava S2 podkre\u015blaj\u0105ca kobiece kszta\u0142ty. Sk\u00f3ra niezwykle mi\u0119kka i przyjemna w dotyku - zobacz w naszem sklepie Sk\u00f3ral\",\"breadcrumb\":{\"@id\":\"https:\\\/\\\/sklep.skoral.com\\\/es\\\/produkt\\\/kurtka-skorzana-damska-pleava-s2\\\/#breadcrumb\"},\"inLanguage\":\"es\",\"potentialAction\":[{\"@type\":\"ReadAction\",\"target\":[\"https:\\\/\\\/sklep.skoral.com\\\/es\\\/produkt\\\/kurtka-skorzana-damska-pleava-s2\\\/\"]}]},{\"@type\":\"ImageObject\",\"inLanguage\":\"es\",\"@id\":\"https:\\\/\\\/sklep.skoral.com\\\/es\\\/produkt\\\/kurtka-skorzana-damska-pleava-s2\\\/#primaryimage\",\"url\":\"https:\\\/\\\/sklep.skoral.com\\\/wp-content\\\/uploads\\\/2021\\\/01\\\/kurtka-skorzana-damska-pleava-s2.jpg\",\"contentUrl\":\"https:\\\/\\\/sklep.skoral.com\\\/wp-content\\\/uploads\\\/2021\\\/01\\\/kurtka-skorzana-damska-pleava-s2.jpg\",\"width\":1024,\"height\":1280,\"caption\":\"Kurtka sk\u00f3rzana damska - Pleava S2\"},{\"@type\":\"BreadcrumbList\",\"@id\":\"https:\\\/\\\/sklep.skoral.com\\\/es\\\/produkt\\\/kurtka-skorzana-damska-pleava-s2\\\/#breadcrumb\",\"itemListElement\":[{\"@type\":\"ListItem\",\"position\":1,\"name\":\"Strona g\u0142\u00f3wna\",\"item\":\"https:\\\/\\\/sklep.skoral.com\\\/es\\\/\"},{\"@type\":\"ListItem\",\"position\":2,\"name\":\"Tienda\",\"item\":\"https:\\\/\\\/sklep.skoral.com\\\/es\\\/tienda\\\/\"},{\"@type\":\"ListItem\",\"position\":3,\"name\":\"Kurtka sk\u00f3rzana damska &#8211; Pleava S2\"}]},{\"@type\":\"WebSite\",\"@id\":\"https:\\\/\\\/sklep.skoral.com\\\/es\\\/#website\",\"url\":\"https:\\\/\\\/sklep.skoral.com\\\/es\\\/\",\"name\":\"Pracownia Sk\u00f3ral\",\"description\":\"Sklep z odzie\u017c\u0105\u00a0sk\u00f3rzan\u0105 i akcesoriami ze sk\u00f3ry naturalnej\",\"publisher\":{\"@id\":\"https:\\\/\\\/sklep.skoral.com\\\/es\\\/#organization\"},\"potentialAction\":[{\"@type\":\"SearchAction\",\"target\":{\"@type\":\"EntryPoint\",\"urlTemplate\":\"https:\\\/\\\/sklep.skoral.com\\\/es\\\/?s={search_term_string}\"},\"query-input\":{\"@type\":\"PropertyValueSpecification\",\"valueRequired\":true,\"valueName\":\"search_term_string\"}}],\"inLanguage\":\"es\"},{\"@type\":\"Organization\",\"@id\":\"https:\\\/\\\/sklep.skoral.com\\\/es\\\/#organization\",\"name\":\"Sk\u00f3ral - Pracownia odzie\u017cy i akcesori\u00f3w sk\u00f3rzanych\",\"url\":\"https:\\\/\\\/sklep.skoral.com\\\/es\\\/\",\"logo\":{\"@type\":\"ImageObject\",\"inLanguage\":\"es\",\"@id\":\"https:\\\/\\\/sklep.skoral.com\\\/es\\\/#\\\/schema\\\/logo\\\/image\\\/\",\"url\":\"https:\\\/\\\/sklep.skoral.com\\\/wp-content\\\/uploads\\\/2020\\\/09\\\/cropped-logo-duze.png\",\"contentUrl\":\"https:\\\/\\\/sklep.skoral.com\\\/wp-content\\\/uploads\\\/2020\\\/09\\\/cropped-logo-duze.png\",\"width\":1200,\"height\":293,\"caption\":\"Sk\u00f3ral - Pracownia odzie\u017cy i akcesori\u00f3w sk\u00f3rzanych\"},\"image\":{\"@id\":\"https:\\\/\\\/sklep.skoral.com\\\/es\\\/#\\\/schema\\\/logo\\\/image\\\/\"},\"sameAs\":[\"https:\\\/\\\/www.facebook.com\\\/SkoralNaturalLeather\",\"https:\\\/\\\/www.instagram.com\\\/skoraldesign\\\/\",\"https:\\\/\\\/www.youtube.com\\\/channel\\\/UCijmecsRU9TpML5jIEBsWTw\"]}]}<\/script>\n<!-- \/ Yoast SEO plugin. -->","yoast_head_json":{"title":"Kurtka sk\u00f3rzana damska - Pleava S2 - Pracownia Sk\u00f3ral","description":"Damska kurtka sk\u00f3rzana Pleava S2 podkre\u015blaj\u0105ca kobiece kszta\u0142ty. Sk\u00f3ra niezwykle mi\u0119kka i przyjemna w dotyku - zobacz w naszem sklepie Sk\u00f3ral","robots":{"index":"index","follow":"follow","max-snippet":"max-snippet:-1","max-image-preview":"max-image-preview:large","max-video-preview":"max-video-preview:-1"},"canonical":"https:\/\/sklep.skoral.com\/es\/produkt\/kurtka-skorzana-damska-pleava-s2\/","og_locale":"es_ES","og_type":"article","og_title":"Kurtka sk\u00f3rzana damska - Pleava S2 - Pracownia Sk\u00f3ral","og_description":"Damska kurtka sk\u00f3rzana Pleava S2 podkre\u015blaj\u0105ca kobiece kszta\u0142ty. Sk\u00f3ra niezwykle mi\u0119kka i przyjemna w dotyku - zobacz w naszem sklepie Sk\u00f3ral","og_url":"https:\/\/sklep.skoral.com\/es\/produkt\/kurtka-skorzana-damska-pleava-s2\/","og_site_name":"Pracownia Sk\u00f3ral","article_publisher":"https:\/\/www.facebook.com\/SkoralNaturalLeather","article_modified_time":"2024-08-14T10:19:33+00:00","og_image":[{"width":1024,"height":1280,"url":"https:\/\/sklep.skoral.com\/wp-content\/uploads\/2021\/01\/kurtka-skorzana-damska-pleava-s2.jpg","type":"image\/jpeg"}],"twitter_card":"summary_large_image","twitter_misc":{"Tiempo de lectura":"1 minuto"},"schema":{"@context":"https:\/\/schema.org","@graph":[{"@type":["WebPage","ItemPage"],"@id":"https:\/\/sklep.skoral.com\/es\/produkt\/kurtka-skorzana-damska-pleava-s2\/","url":"https:\/\/sklep.skoral.com\/es\/produkt\/kurtka-skorzana-damska-pleava-s2\/","name":"Kurtka sk\u00f3rzana damska - Pleava S2 - Pracownia Sk\u00f3ral","isPartOf":{"@id":"https:\/\/sklep.skoral.com\/es\/#website"},"primaryImageOfPage":{"@id":"https:\/\/sklep.skoral.com\/es\/produkt\/kurtka-skorzana-damska-pleava-s2\/#primaryimage"},"image":{"@id":"https:\/\/sklep.skoral.com\/es\/produkt\/kurtka-skorzana-damska-pleava-s2\/#primaryimage"},"thumbnailUrl":"https:\/\/sklep.skoral.com\/wp-content\/uploads\/2021\/01\/kurtka-skorzana-damska-pleava-s2.jpg","datePublished":"2021-01-19T16:22:39+00:00","dateModified":"2024-08-14T10:19:33+00:00","description":"Damska kurtka sk\u00f3rzana Pleava S2 podkre\u015blaj\u0105ca kobiece kszta\u0142ty. Sk\u00f3ra niezwykle mi\u0119kka i przyjemna w dotyku - zobacz w naszem sklepie Sk\u00f3ral","breadcrumb":{"@id":"https:\/\/sklep.skoral.com\/es\/produkt\/kurtka-skorzana-damska-pleava-s2\/#breadcrumb"},"inLanguage":"es","potentialAction":[{"@type":"ReadAction","target":["https:\/\/sklep.skoral.com\/es\/produkt\/kurtka-skorzana-damska-pleava-s2\/"]}]},{"@type":"ImageObject","inLanguage":"es","@id":"https:\/\/sklep.skoral.com\/es\/produkt\/kurtka-skorzana-damska-pleava-s2\/#primaryimage","url":"https:\/\/sklep.skoral.com\/wp-content\/uploads\/2021\/01\/kurtka-skorzana-damska-pleava-s2.jpg","contentUrl":"https:\/\/sklep.skoral.com\/wp-content\/uploads\/2021\/01\/kurtka-skorzana-damska-pleava-s2.jpg","width":1024,"height":1280,"caption":"Kurtka sk\u00f3rzana damska - Pleava S2"},{"@type":"BreadcrumbList","@id":"https:\/\/sklep.skoral.com\/es\/produkt\/kurtka-skorzana-damska-pleava-s2\/#breadcrumb","itemListElement":[{"@type":"ListItem","position":1,"name":"Strona g\u0142\u00f3wna","item":"https:\/\/sklep.skoral.com\/es\/"},{"@type":"ListItem","position":2,"name":"Tienda","item":"https:\/\/sklep.skoral.com\/es\/tienda\/"},{"@type":"ListItem","position":3,"name":"Kurtka sk\u00f3rzana damska &#8211; Pleava S2"}]},{"@type":"WebSite","@id":"https:\/\/sklep.skoral.com\/es\/#website","url":"https:\/\/sklep.skoral.com\/es\/","name":"Pracownia Sk\u00f3ral","description":"Sklep z odzie\u017c\u0105\u00a0sk\u00f3rzan\u0105 i akcesoriami ze sk\u00f3ry naturalnej","publisher":{"@id":"https:\/\/sklep.skoral.com\/es\/#organization"},"potentialAction":[{"@type":"SearchAction","target":{"@type":"EntryPoint","urlTemplate":"https:\/\/sklep.skoral.com\/es\/?s={search_term_string}"},"query-input":{"@type":"PropertyValueSpecification","valueRequired":true,"valueName":"search_term_string"}}],"inLanguage":"es"},{"@type":"Organization","@id":"https:\/\/sklep.skoral.com\/es\/#organization","name":"Sk\u00f3ral - Pracownia odzie\u017cy i akcesori\u00f3w sk\u00f3rzanych","url":"https:\/\/sklep.skoral.com\/es\/","logo":{"@type":"ImageObject","inLanguage":"es","@id":"https:\/\/sklep.skoral.com\/es\/#\/schema\/logo\/image\/","url":"https:\/\/sklep.skoral.com\/wp-content\/uploads\/2020\/09\/cropped-logo-duze.png","contentUrl":"https:\/\/sklep.skoral.com\/wp-content\/uploads\/2020\/09\/cropped-logo-duze.png","width":1200,"height":293,"caption":"Sk\u00f3ral - Pracownia odzie\u017cy i akcesori\u00f3w sk\u00f3rzanych"},"image":{"@id":"https:\/\/sklep.skoral.com\/es\/#\/schema\/logo\/image\/"},"sameAs":["https:\/\/www.facebook.com\/SkoralNaturalLeather","https:\/\/www.instagram.com\/skoraldesign\/","https:\/\/www.youtube.com\/channel\/UCijmecsRU9TpML5jIEBsWTw"]}]}},"jetpack_sharing_enabled":true,"_links":{"self":[{"href":"https:\/\/sklep.skoral.com\/es\/wp-json\/wp\/v2\/product\/224","targetHints":{"allow":["GET"]}}],"collection":[{"href":"https:\/\/sklep.skoral.com\/es\/wp-json\/wp\/v2\/product"}],"about":[{"href":"https:\/\/sklep.skoral.com\/es\/wp-json\/wp\/v2\/types\/product"}],"wp:featuredmedia":[{"embeddable":true,"href":"https:\/\/sklep.skoral.com\/es\/wp-json\/wp\/v2\/media\/226"}],"wp:attachment":[{"href":"https:\/\/sklep.skoral.com\/es\/wp-json\/wp\/v2\/media?parent=224"}],"wp:term":[{"taxonomy":"product_brand","embeddable":true,"href":"https:\/\/sklep.skoral.com\/es\/wp-json\/wp\/v2\/product_brand?post=224"},{"taxonomy":"product_cat","embeddable":true,"href":"https:\/\/sklep.skoral.com\/es\/wp-json\/wp\/v2\/product_cat?post=224"},{"taxonomy":"product_tag","embeddable":true,"href":"https:\/\/sklep.skoral.com\/es\/wp-json\/wp\/v2\/product_tag?post=224"}],"curies":[{"name":"wp","href":"https:\/\/api.w.org\/{rel}","templated":true}]}}