{"id":241,"date":"2021-01-19T17:27:33","date_gmt":"2021-01-19T16:27:33","guid":{"rendered":"https:\/\/sklep.skoral.com\/?post_type=product&#038;p=241"},"modified":"2025-10-27T14:28:04","modified_gmt":"2025-10-27T13:28:04","slug":"kozuch-damski-aspen","status":"publish","type":"product","link":"https:\/\/sklep.skoral.com\/es\/produkt\/kozuch-damski-aspen\/","title":{"rendered":"Ko\u017cuch damski, br\u0105zowy &#8211; Aspen"},"content":{"rendered":"<p><span style=\"font-weight: 400;\">Br\u0105zowy ko\u017cuch damski Aspen to fantastyczna propozycja dla prawdziwych zmarzluch\u00f3w! Zosta\u0142 uszyty z mi\u0119kkiej i przyjemnej dla cia\u0142a welurowej sk\u00f3ry baraniej, wyko\u0144czonej wt\u0142aczanym lakierem. Dzi\u0119ki temu ko\u017cuszek jest niezwykle praktyczny &#8211; jest odporny na zabrudzenia i wilgo\u0107. Ko\u017cuszek si\u0119ga tu\u017c za biodra, wi\u0119c z powodzeniem sprawdzi si\u0119 w nawet najch\u0142odniejszych miesi\u0105cach. Jednocze\u015bnie Aspen to model lekki i niezwykle komfortowy w noszeniu. Ko\u017cuszek jest zapinany na asymetryczny zamek, kt\u00f3ry pozwala na regulacj\u0119 wysoko\u015bci zapi\u0119cia i jednocze\u015bnie reguluje szeroko\u015b\u0107 obszernego kaptura.\u00a0<\/span><\/p>\n<p><span style=\"font-weight: 400;\">Ko\u017cuch Aspen ma bardzo kobiecy fason. Jest taliowany, a delikatne przeszycia \u0142adnie wysmuklaj\u0105 sylwetk\u0119. Jednocze\u015bnie praktyczna d\u0142ugo\u015b\u0107 ko\u017cuszka zapewnia ciep\u0142o i maskuje ewentualne mankamenty figury, optycznie j\u0105 wyd\u0142u\u017caj\u0105c i wyszczuplaj\u0105c.\u00a0<\/span><\/p>\n<p><span style=\"font-weight: 400;\">Wszystkie kobiety, kt\u00f3re ceni\u0105 wygodne rozwi\u0105zania pokochaj\u0105 nasz model za obszerny i niezwykle ciep\u0142y kaptur, kt\u00f3ry fantastycznie chroni przed ch\u0142odem, wiatrem czy deszczem i r\u00f3wnocze\u015bnie wygl\u0105da bardzo stylowo.\u00a0<\/span><\/p>\n<p><span style=\"font-weight: 400;\">Ko\u017cuch damski Aspen to model, kt\u00f3ry zapewnia ciep\u0142o, wygod\u0119 i modny wygl\u0105d nawet w najbardziej mro\u017anych dniach.\u00a0<\/span><\/p>\n<h2>Br\u0105zowy ko\u017cuch damski Aspen<\/h2>\n<p><span style=\"font-weight: 400;\">Ko\u017cuch damski Aspen jest dost\u0119pny we wszystkich rozmiarach.\u00a0<\/span><\/p>\n<p><span style=\"font-weight: 400;\">Je\u015bli zastanawiasz si\u0119 na tym modelem, ale w innym kolorze lub interesuje Ci\u0119 szycie na miar\u0119 &#8211; zadzwo\u0144 do naszej pracowni: +48 12 423 12 20. Dowiedz si\u0119 wi\u0119cej o naszej pracowni i sklepie w zak\u0142adce <a href=\"https:\/\/sklep.skoral.com\/skoral-producent-odziezy-skorzanej\/\">\u00abO Nas\u00bb.<\/a><\/span><\/p>\n<p><span style=\"font-weight: 400;\">Przygotujemy dla Ciebie ko\u017cuszek idealnie dopasowany do Twoich kszta\u0142t\u00f3w oraz w wybranym przez Ciebie kolorze.\u00a0<\/span><\/p>\n","protected":false},"excerpt":{"rendered":"<p>Br\u0105zowy ko\u017cuch damski, p\u0142aszcz typu Aspen zapinany na zamek, z kapturem.<\/p>\n","protected":false},"featured_media":244,"template":"","meta":{"_monsterinsights_skip_tracking":false,"_monsterinsights_sitenote_active":false,"_monsterinsights_sitenote_note":"","_monsterinsights_sitenote_category":0},"product_brand":[],"product_cat":[17,34],"product_tag":[35],"class_list":{"0":"post-241","1":"product","2":"type-product","3":"status-publish","4":"has-post-thumbnail","6":"product_cat-kozuchy-kozuszki-damskie","7":"product_cat-plaszcze","8":"product_tag-kozuch","10":"first","11":"instock","12":"taxable","13":"shipping-taxable","14":"purchasable","15":"product-type-variable"},"yoast_head":"<!-- This site is optimized with the Yoast SEO plugin v27.6 - https:\/\/yoast.com\/product\/yoast-seo-wordpress\/ -->\n<title>Ko\u017cuch damski, br\u0105zowy - Aspen - Pracownia Sk\u00f3ral - Sk\u00f3ra w\u0142oska<\/title>\n<meta name=\"description\" content=\"Br\u0105zowy ko\u017cuch damski wykonany z w\u0142oskich sk\u00f3r jagni\u0119cych. Aksamitny w dotyku, bardzo ciep\u0142y i jednocze\u015bnie lekki - Sk\u00f3ral Sklep\" \/>\n<meta name=\"robots\" content=\"index, follow, max-snippet:-1, max-image-preview:large, max-video-preview:-1\" \/>\n<link rel=\"canonical\" href=\"https:\/\/sklep.skoral.com\/es\/produkt\/kozuch-damski-aspen\/\" \/>\n<meta property=\"og:locale\" content=\"es_ES\" \/>\n<meta property=\"og:type\" content=\"article\" \/>\n<meta property=\"og:title\" content=\"Ko\u017cuch damski, br\u0105zowy - Aspen - Pracownia Sk\u00f3ral - Sk\u00f3ra w\u0142oska\" \/>\n<meta property=\"og:description\" content=\"Br\u0105zowy ko\u017cuch damski wykonany z w\u0142oskich sk\u00f3r jagni\u0119cych. Aksamitny w dotyku, bardzo ciep\u0142y i jednocze\u015bnie lekki - Sk\u00f3ral Sklep\" \/>\n<meta property=\"og:url\" content=\"https:\/\/sklep.skoral.com\/es\/produkt\/kozuch-damski-aspen\/\" \/>\n<meta property=\"og:site_name\" content=\"Pracownia Sk\u00f3ral\" \/>\n<meta property=\"article:publisher\" content=\"https:\/\/www.facebook.com\/SkoralNaturalLeather\" \/>\n<meta property=\"article:modified_time\" content=\"2025-10-27T13:28:04+00:00\" \/>\n<meta property=\"og:image\" content=\"https:\/\/sklep.skoral.com\/wp-content\/uploads\/2021\/01\/kozuch-plaszcz-damski-aspen.jpg\" \/>\n\t<meta property=\"og:image:width\" content=\"1024\" \/>\n\t<meta property=\"og:image:height\" content=\"1280\" \/>\n\t<meta property=\"og:image:type\" content=\"image\/jpeg\" \/>\n<meta name=\"twitter:card\" content=\"summary_large_image\" \/>\n<meta name=\"twitter:label1\" content=\"Tiempo de lectura\" \/>\n\t<meta name=\"twitter:data1\" content=\"2 minutos\" \/>\n<script type=\"application\/ld+json\" class=\"yoast-schema-graph\">{\"@context\":\"https:\\\/\\\/schema.org\",\"@graph\":[{\"@type\":[\"WebPage\",\"ItemPage\"],\"@id\":\"https:\\\/\\\/sklep.skoral.com\\\/es\\\/produkt\\\/kozuch-damski-aspen\\\/\",\"url\":\"https:\\\/\\\/sklep.skoral.com\\\/es\\\/produkt\\\/kozuch-damski-aspen\\\/\",\"name\":\"Ko\u017cuch damski, br\u0105zowy - Aspen - Pracownia Sk\u00f3ral - Sk\u00f3ra w\u0142oska\",\"isPartOf\":{\"@id\":\"https:\\\/\\\/sklep.skoral.com\\\/es\\\/#website\"},\"primaryImageOfPage\":{\"@id\":\"https:\\\/\\\/sklep.skoral.com\\\/es\\\/produkt\\\/kozuch-damski-aspen\\\/#primaryimage\"},\"image\":{\"@id\":\"https:\\\/\\\/sklep.skoral.com\\\/es\\\/produkt\\\/kozuch-damski-aspen\\\/#primaryimage\"},\"thumbnailUrl\":\"https:\\\/\\\/sklep.skoral.com\\\/wp-content\\\/uploads\\\/2021\\\/01\\\/kozuch-plaszcz-damski-aspen.jpg\",\"datePublished\":\"2021-01-19T16:27:33+00:00\",\"dateModified\":\"2025-10-27T13:28:04+00:00\",\"description\":\"Br\u0105zowy ko\u017cuch damski wykonany z w\u0142oskich sk\u00f3r jagni\u0119cych. Aksamitny w dotyku, bardzo ciep\u0142y i jednocze\u015bnie lekki - Sk\u00f3ral Sklep\",\"breadcrumb\":{\"@id\":\"https:\\\/\\\/sklep.skoral.com\\\/es\\\/produkt\\\/kozuch-damski-aspen\\\/#breadcrumb\"},\"inLanguage\":\"es\",\"potentialAction\":[{\"@type\":\"ReadAction\",\"target\":[\"https:\\\/\\\/sklep.skoral.com\\\/es\\\/produkt\\\/kozuch-damski-aspen\\\/\"]}]},{\"@type\":\"ImageObject\",\"inLanguage\":\"es\",\"@id\":\"https:\\\/\\\/sklep.skoral.com\\\/es\\\/produkt\\\/kozuch-damski-aspen\\\/#primaryimage\",\"url\":\"https:\\\/\\\/sklep.skoral.com\\\/wp-content\\\/uploads\\\/2021\\\/01\\\/kozuch-plaszcz-damski-aspen.jpg\",\"contentUrl\":\"https:\\\/\\\/sklep.skoral.com\\\/wp-content\\\/uploads\\\/2021\\\/01\\\/kozuch-plaszcz-damski-aspen.jpg\",\"width\":1024,\"height\":1280,\"caption\":\"Ko\u017cuch, p\u0142aszcz damski - Aspen\"},{\"@type\":\"BreadcrumbList\",\"@id\":\"https:\\\/\\\/sklep.skoral.com\\\/es\\\/produkt\\\/kozuch-damski-aspen\\\/#breadcrumb\",\"itemListElement\":[{\"@type\":\"ListItem\",\"position\":1,\"name\":\"Strona g\u0142\u00f3wna\",\"item\":\"https:\\\/\\\/sklep.skoral.com\\\/es\\\/\"},{\"@type\":\"ListItem\",\"position\":2,\"name\":\"Tienda\",\"item\":\"https:\\\/\\\/sklep.skoral.com\\\/es\\\/tienda\\\/\"},{\"@type\":\"ListItem\",\"position\":3,\"name\":\"Ko\u017cuch damski, br\u0105zowy &#8211; Aspen\"}]},{\"@type\":\"WebSite\",\"@id\":\"https:\\\/\\\/sklep.skoral.com\\\/es\\\/#website\",\"url\":\"https:\\\/\\\/sklep.skoral.com\\\/es\\\/\",\"name\":\"Pracownia Sk\u00f3ral\",\"description\":\"Sklep z odzie\u017c\u0105\u00a0sk\u00f3rzan\u0105 i akcesoriami ze sk\u00f3ry naturalnej\",\"publisher\":{\"@id\":\"https:\\\/\\\/sklep.skoral.com\\\/es\\\/#organization\"},\"potentialAction\":[{\"@type\":\"SearchAction\",\"target\":{\"@type\":\"EntryPoint\",\"urlTemplate\":\"https:\\\/\\\/sklep.skoral.com\\\/es\\\/?s={search_term_string}\"},\"query-input\":{\"@type\":\"PropertyValueSpecification\",\"valueRequired\":true,\"valueName\":\"search_term_string\"}}],\"inLanguage\":\"es\"},{\"@type\":\"Organization\",\"@id\":\"https:\\\/\\\/sklep.skoral.com\\\/es\\\/#organization\",\"name\":\"Sk\u00f3ral - Pracownia odzie\u017cy i akcesori\u00f3w sk\u00f3rzanych\",\"url\":\"https:\\\/\\\/sklep.skoral.com\\\/es\\\/\",\"logo\":{\"@type\":\"ImageObject\",\"inLanguage\":\"es\",\"@id\":\"https:\\\/\\\/sklep.skoral.com\\\/es\\\/#\\\/schema\\\/logo\\\/image\\\/\",\"url\":\"https:\\\/\\\/sklep.skoral.com\\\/wp-content\\\/uploads\\\/2020\\\/09\\\/cropped-logo-duze.png\",\"contentUrl\":\"https:\\\/\\\/sklep.skoral.com\\\/wp-content\\\/uploads\\\/2020\\\/09\\\/cropped-logo-duze.png\",\"width\":1200,\"height\":293,\"caption\":\"Sk\u00f3ral - Pracownia odzie\u017cy i akcesori\u00f3w sk\u00f3rzanych\"},\"image\":{\"@id\":\"https:\\\/\\\/sklep.skoral.com\\\/es\\\/#\\\/schema\\\/logo\\\/image\\\/\"},\"sameAs\":[\"https:\\\/\\\/www.facebook.com\\\/SkoralNaturalLeather\",\"https:\\\/\\\/www.instagram.com\\\/skoraldesign\\\/\",\"https:\\\/\\\/www.youtube.com\\\/channel\\\/UCijmecsRU9TpML5jIEBsWTw\"]}]}<\/script>\n<!-- \/ Yoast SEO plugin. -->","yoast_head_json":{"title":"Ko\u017cuch damski, br\u0105zowy - Aspen - Pracownia Sk\u00f3ral - Sk\u00f3ra w\u0142oska","description":"Br\u0105zowy ko\u017cuch damski wykonany z w\u0142oskich sk\u00f3r jagni\u0119cych. Aksamitny w dotyku, bardzo ciep\u0142y i jednocze\u015bnie lekki - Sk\u00f3ral Sklep","robots":{"index":"index","follow":"follow","max-snippet":"max-snippet:-1","max-image-preview":"max-image-preview:large","max-video-preview":"max-video-preview:-1"},"canonical":"https:\/\/sklep.skoral.com\/es\/produkt\/kozuch-damski-aspen\/","og_locale":"es_ES","og_type":"article","og_title":"Ko\u017cuch damski, br\u0105zowy - Aspen - Pracownia Sk\u00f3ral - Sk\u00f3ra w\u0142oska","og_description":"Br\u0105zowy ko\u017cuch damski wykonany z w\u0142oskich sk\u00f3r jagni\u0119cych. Aksamitny w dotyku, bardzo ciep\u0142y i jednocze\u015bnie lekki - Sk\u00f3ral Sklep","og_url":"https:\/\/sklep.skoral.com\/es\/produkt\/kozuch-damski-aspen\/","og_site_name":"Pracownia Sk\u00f3ral","article_publisher":"https:\/\/www.facebook.com\/SkoralNaturalLeather","article_modified_time":"2025-10-27T13:28:04+00:00","og_image":[{"width":1024,"height":1280,"url":"https:\/\/sklep.skoral.com\/wp-content\/uploads\/2021\/01\/kozuch-plaszcz-damski-aspen.jpg","type":"image\/jpeg"}],"twitter_card":"summary_large_image","twitter_misc":{"Tiempo de lectura":"2 minutos"},"schema":{"@context":"https:\/\/schema.org","@graph":[{"@type":["WebPage","ItemPage"],"@id":"https:\/\/sklep.skoral.com\/es\/produkt\/kozuch-damski-aspen\/","url":"https:\/\/sklep.skoral.com\/es\/produkt\/kozuch-damski-aspen\/","name":"Ko\u017cuch damski, br\u0105zowy - Aspen - Pracownia Sk\u00f3ral - Sk\u00f3ra w\u0142oska","isPartOf":{"@id":"https:\/\/sklep.skoral.com\/es\/#website"},"primaryImageOfPage":{"@id":"https:\/\/sklep.skoral.com\/es\/produkt\/kozuch-damski-aspen\/#primaryimage"},"image":{"@id":"https:\/\/sklep.skoral.com\/es\/produkt\/kozuch-damski-aspen\/#primaryimage"},"thumbnailUrl":"https:\/\/sklep.skoral.com\/wp-content\/uploads\/2021\/01\/kozuch-plaszcz-damski-aspen.jpg","datePublished":"2021-01-19T16:27:33+00:00","dateModified":"2025-10-27T13:28:04+00:00","description":"Br\u0105zowy ko\u017cuch damski wykonany z w\u0142oskich sk\u00f3r jagni\u0119cych. Aksamitny w dotyku, bardzo ciep\u0142y i jednocze\u015bnie lekki - Sk\u00f3ral Sklep","breadcrumb":{"@id":"https:\/\/sklep.skoral.com\/es\/produkt\/kozuch-damski-aspen\/#breadcrumb"},"inLanguage":"es","potentialAction":[{"@type":"ReadAction","target":["https:\/\/sklep.skoral.com\/es\/produkt\/kozuch-damski-aspen\/"]}]},{"@type":"ImageObject","inLanguage":"es","@id":"https:\/\/sklep.skoral.com\/es\/produkt\/kozuch-damski-aspen\/#primaryimage","url":"https:\/\/sklep.skoral.com\/wp-content\/uploads\/2021\/01\/kozuch-plaszcz-damski-aspen.jpg","contentUrl":"https:\/\/sklep.skoral.com\/wp-content\/uploads\/2021\/01\/kozuch-plaszcz-damski-aspen.jpg","width":1024,"height":1280,"caption":"Ko\u017cuch, p\u0142aszcz damski - Aspen"},{"@type":"BreadcrumbList","@id":"https:\/\/sklep.skoral.com\/es\/produkt\/kozuch-damski-aspen\/#breadcrumb","itemListElement":[{"@type":"ListItem","position":1,"name":"Strona g\u0142\u00f3wna","item":"https:\/\/sklep.skoral.com\/es\/"},{"@type":"ListItem","position":2,"name":"Tienda","item":"https:\/\/sklep.skoral.com\/es\/tienda\/"},{"@type":"ListItem","position":3,"name":"Ko\u017cuch damski, br\u0105zowy &#8211; Aspen"}]},{"@type":"WebSite","@id":"https:\/\/sklep.skoral.com\/es\/#website","url":"https:\/\/sklep.skoral.com\/es\/","name":"Pracownia Sk\u00f3ral","description":"Sklep z odzie\u017c\u0105\u00a0sk\u00f3rzan\u0105 i akcesoriami ze sk\u00f3ry naturalnej","publisher":{"@id":"https:\/\/sklep.skoral.com\/es\/#organization"},"potentialAction":[{"@type":"SearchAction","target":{"@type":"EntryPoint","urlTemplate":"https:\/\/sklep.skoral.com\/es\/?s={search_term_string}"},"query-input":{"@type":"PropertyValueSpecification","valueRequired":true,"valueName":"search_term_string"}}],"inLanguage":"es"},{"@type":"Organization","@id":"https:\/\/sklep.skoral.com\/es\/#organization","name":"Sk\u00f3ral - Pracownia odzie\u017cy i akcesori\u00f3w sk\u00f3rzanych","url":"https:\/\/sklep.skoral.com\/es\/","logo":{"@type":"ImageObject","inLanguage":"es","@id":"https:\/\/sklep.skoral.com\/es\/#\/schema\/logo\/image\/","url":"https:\/\/sklep.skoral.com\/wp-content\/uploads\/2020\/09\/cropped-logo-duze.png","contentUrl":"https:\/\/sklep.skoral.com\/wp-content\/uploads\/2020\/09\/cropped-logo-duze.png","width":1200,"height":293,"caption":"Sk\u00f3ral - Pracownia odzie\u017cy i akcesori\u00f3w sk\u00f3rzanych"},"image":{"@id":"https:\/\/sklep.skoral.com\/es\/#\/schema\/logo\/image\/"},"sameAs":["https:\/\/www.facebook.com\/SkoralNaturalLeather","https:\/\/www.instagram.com\/skoraldesign\/","https:\/\/www.youtube.com\/channel\/UCijmecsRU9TpML5jIEBsWTw"]}]}},"jetpack_sharing_enabled":true,"_links":{"self":[{"href":"https:\/\/sklep.skoral.com\/es\/wp-json\/wp\/v2\/product\/241","targetHints":{"allow":["GET"]}}],"collection":[{"href":"https:\/\/sklep.skoral.com\/es\/wp-json\/wp\/v2\/product"}],"about":[{"href":"https:\/\/sklep.skoral.com\/es\/wp-json\/wp\/v2\/types\/product"}],"wp:featuredmedia":[{"embeddable":true,"href":"https:\/\/sklep.skoral.com\/es\/wp-json\/wp\/v2\/media\/244"}],"wp:attachment":[{"href":"https:\/\/sklep.skoral.com\/es\/wp-json\/wp\/v2\/media?parent=241"}],"wp:term":[{"taxonomy":"product_brand","embeddable":true,"href":"https:\/\/sklep.skoral.com\/es\/wp-json\/wp\/v2\/product_brand?post=241"},{"taxonomy":"product_cat","embeddable":true,"href":"https:\/\/sklep.skoral.com\/es\/wp-json\/wp\/v2\/product_cat?post=241"},{"taxonomy":"product_tag","embeddable":true,"href":"https:\/\/sklep.skoral.com\/es\/wp-json\/wp\/v2\/product_tag?post=241"}],"curies":[{"name":"wp","href":"https:\/\/api.w.org\/{rel}","templated":true}]}}