{"id":260,"date":"2021-01-19T17:56:26","date_gmt":"2021-01-19T16:56:26","guid":{"rendered":"https:\/\/sklep.skoral.com\/?post_type=product&#038;p=260"},"modified":"2025-10-27T14:22:19","modified_gmt":"2025-10-27T13:22:19","slug":"kurtka-skorzana-meska-kozuch-gregale","status":"publish","type":"product","link":"https:\/\/sklep.skoral.com\/es\/produkt\/kurtka-skorzana-meska-kozuch-gregale\/","title":{"rendered":"Kurtka sk\u00f3rzana m\u0119ska &#8211; Ko\u017cuch &#8211; Gregale"},"content":{"rendered":"<p><span style=\"font-weight: 400;\">M\u0119ski ko\u017cuch Gregale to model nawi\u0105zuj\u0105cy swoim krojem do modnych i ponadczasowych ramonesek. Zosta\u0142 uszyty z w\u0142oskiej welurowej sk\u00f3ry baraniej, pokrytej lakierem w kolorze czekoladowym. Warstwa lakieru pe\u0142ni rol\u0119 ochronn\u0105 i sprawia, \u017ce kurtka jest odporna na wilgo\u0107 czy zabrudzenia. Model ten od wewn\u0105trz jest wyko\u0144czony jasnym i mi\u0119kkim ko\u017cuszkiem. Gregale posiada charakterystyczne asymetryczne zapi\u0119cie oraz wywijany ko\u0142nierz. Z przodu kurtki znajduj\u0105 si\u0119 dwie pojemne kieszenie. D\u00f3\u0142 ko\u017cucha Gregale wyko\u0144czono pasem.<\/span><\/p>\n<p><span style=\"font-weight: 400;\">Model Gregale jest bardzo mi\u0119kki i przyjemny dla cia\u0142a. \u0141\u0105czy w sobie cechy rockowej i nowoczesnej ramoneski oraz niezwykle ciep\u0142ego i uniwersalnego ko\u017cucha. Dzi\u0119ki oszcz\u0119dnej, klasycznej formie z powodzeniem sprawdzi si\u0119 w wielu casualowych stylizacjach.\u00a0<\/span><\/p>\n<h2>Kurtko-ko\u017cuch m\u0119ski &#8211; Gregale &#8211; styl casual<\/h2>\n<p><span style=\"font-weight: 400;\">M\u0119ski ko\u017cuch sk\u00f3rzany Gregale zosta\u0142 uszyty r\u0119cznie w pracowni krawieckiej w Krakowie. Szukasz ko\u017cucha w konkretnym kolorze i rozmiarze? Na \u017cyczenie naszych klient\u00f3w oferujemy pe\u0142n\u0105 personalizacj\u0119 naszych modeli. W tym celu skontaktuj si\u0119 z nami pod numerem +48 12 423 12 20.<\/span><\/p>\n","protected":false},"excerpt":{"rendered":"<p>Kurtka sk\u00f3rzana m\u0119ska &#8211; Ko\u017cuch typu Gregale nawi\u0105zuj\u0105ca do klasycznych ramonesek w kolorze ciemnego br\u0105zu.<\/p>\n","protected":false},"featured_media":267,"template":"","meta":{"_monsterinsights_skip_tracking":false,"_monsterinsights_sitenote_active":false,"_monsterinsights_sitenote_note":"","_monsterinsights_sitenote_category":0},"product_brand":[],"product_cat":[32],"product_tag":[43,24],"class_list":{"0":"post-260","1":"product","2":"type-product","3":"status-publish","4":"has-post-thumbnail","6":"product_cat-kozuchy-meskie","7":"product_tag-kozuch-meski","8":"product_tag-ramoneska","10":"first","11":"instock","12":"taxable","13":"shipping-taxable","14":"purchasable","15":"product-type-variable"},"yoast_head":"<!-- This site is optimized with the Yoast SEO plugin v27.6 - https:\/\/yoast.com\/product\/yoast-seo-wordpress\/ -->\n<title>Kurtka sk\u00f3rzana m\u0119ska - Ko\u017cuch - Gregale m\u0119ski - Pracownia Sk\u00f3ral<\/title>\n<meta name=\"description\" content=\"Ko\u017cuch m\u0119ski - kurtka sk\u00f3rzana Gregale - ramoneska. Na zimniejsze dni. Dost\u0119pna w r\u00f3\u017cnych kolorach - czarnym, br\u0105zowym, zielonym i innych.\" \/>\n<meta name=\"robots\" content=\"index, follow, max-snippet:-1, max-image-preview:large, max-video-preview:-1\" \/>\n<link rel=\"canonical\" href=\"https:\/\/sklep.skoral.com\/es\/produkt\/kurtka-skorzana-meska-kozuch-gregale\/\" \/>\n<meta property=\"og:locale\" content=\"es_ES\" \/>\n<meta property=\"og:type\" content=\"article\" \/>\n<meta property=\"og:title\" content=\"Kurtka sk\u00f3rzana m\u0119ska - Ko\u017cuch - Gregale m\u0119ski - Pracownia Sk\u00f3ral\" \/>\n<meta property=\"og:description\" content=\"Ko\u017cuch m\u0119ski - kurtka sk\u00f3rzana Gregale - ramoneska. Na zimniejsze dni. Dost\u0119pna w r\u00f3\u017cnych kolorach - czarnym, br\u0105zowym, zielonym i innych.\" \/>\n<meta property=\"og:url\" content=\"https:\/\/sklep.skoral.com\/es\/produkt\/kurtka-skorzana-meska-kozuch-gregale\/\" \/>\n<meta property=\"og:site_name\" content=\"Pracownia Sk\u00f3ral\" \/>\n<meta property=\"article:publisher\" content=\"https:\/\/www.facebook.com\/SkoralNaturalLeather\" \/>\n<meta property=\"article:modified_time\" content=\"2025-10-27T13:22:19+00:00\" \/>\n<meta property=\"og:image\" content=\"https:\/\/sklep.skoral.com\/wp-content\/uploads\/2021\/01\/kozuch-meski-gregale.jpg\" \/>\n\t<meta property=\"og:image:width\" content=\"1024\" \/>\n\t<meta property=\"og:image:height\" content=\"1280\" \/>\n\t<meta property=\"og:image:type\" content=\"image\/jpeg\" \/>\n<meta name=\"twitter:card\" content=\"summary_large_image\" \/>\n<meta name=\"twitter:label1\" content=\"Tiempo de lectura\" \/>\n\t<meta name=\"twitter:data1\" content=\"2 minutos\" \/>\n<script type=\"application\/ld+json\" class=\"yoast-schema-graph\">{\"@context\":\"https:\\\/\\\/schema.org\",\"@graph\":[{\"@type\":[\"WebPage\",\"ItemPage\"],\"@id\":\"https:\\\/\\\/sklep.skoral.com\\\/es\\\/produkt\\\/kurtka-skorzana-meska-kozuch-gregale\\\/\",\"url\":\"https:\\\/\\\/sklep.skoral.com\\\/es\\\/produkt\\\/kurtka-skorzana-meska-kozuch-gregale\\\/\",\"name\":\"Kurtka sk\u00f3rzana m\u0119ska - Ko\u017cuch - Gregale m\u0119ski - Pracownia Sk\u00f3ral\",\"isPartOf\":{\"@id\":\"https:\\\/\\\/sklep.skoral.com\\\/es\\\/#website\"},\"primaryImageOfPage\":{\"@id\":\"https:\\\/\\\/sklep.skoral.com\\\/es\\\/produkt\\\/kurtka-skorzana-meska-kozuch-gregale\\\/#primaryimage\"},\"image\":{\"@id\":\"https:\\\/\\\/sklep.skoral.com\\\/es\\\/produkt\\\/kurtka-skorzana-meska-kozuch-gregale\\\/#primaryimage\"},\"thumbnailUrl\":\"https:\\\/\\\/sklep.skoral.com\\\/wp-content\\\/uploads\\\/2021\\\/01\\\/kozuch-meski-gregale.jpg\",\"datePublished\":\"2021-01-19T16:56:26+00:00\",\"dateModified\":\"2025-10-27T13:22:19+00:00\",\"description\":\"Ko\u017cuch m\u0119ski - kurtka sk\u00f3rzana Gregale - ramoneska. Na zimniejsze dni. Dost\u0119pna w r\u00f3\u017cnych kolorach - czarnym, br\u0105zowym, zielonym i innych.\",\"breadcrumb\":{\"@id\":\"https:\\\/\\\/sklep.skoral.com\\\/es\\\/produkt\\\/kurtka-skorzana-meska-kozuch-gregale\\\/#breadcrumb\"},\"inLanguage\":\"es\",\"potentialAction\":[{\"@type\":\"ReadAction\",\"target\":[\"https:\\\/\\\/sklep.skoral.com\\\/es\\\/produkt\\\/kurtka-skorzana-meska-kozuch-gregale\\\/\"]}]},{\"@type\":\"ImageObject\",\"inLanguage\":\"es\",\"@id\":\"https:\\\/\\\/sklep.skoral.com\\\/es\\\/produkt\\\/kurtka-skorzana-meska-kozuch-gregale\\\/#primaryimage\",\"url\":\"https:\\\/\\\/sklep.skoral.com\\\/wp-content\\\/uploads\\\/2021\\\/01\\\/kozuch-meski-gregale.jpg\",\"contentUrl\":\"https:\\\/\\\/sklep.skoral.com\\\/wp-content\\\/uploads\\\/2021\\\/01\\\/kozuch-meski-gregale.jpg\",\"width\":1024,\"height\":1280,\"caption\":\"Ko\u017cuch m\u0119ski Gregale\"},{\"@type\":\"BreadcrumbList\",\"@id\":\"https:\\\/\\\/sklep.skoral.com\\\/es\\\/produkt\\\/kurtka-skorzana-meska-kozuch-gregale\\\/#breadcrumb\",\"itemListElement\":[{\"@type\":\"ListItem\",\"position\":1,\"name\":\"Strona g\u0142\u00f3wna\",\"item\":\"https:\\\/\\\/sklep.skoral.com\\\/es\\\/\"},{\"@type\":\"ListItem\",\"position\":2,\"name\":\"Tienda\",\"item\":\"https:\\\/\\\/sklep.skoral.com\\\/es\\\/tienda\\\/\"},{\"@type\":\"ListItem\",\"position\":3,\"name\":\"Kurtka sk\u00f3rzana m\u0119ska &#8211; Ko\u017cuch &#8211; Gregale\"}]},{\"@type\":\"WebSite\",\"@id\":\"https:\\\/\\\/sklep.skoral.com\\\/es\\\/#website\",\"url\":\"https:\\\/\\\/sklep.skoral.com\\\/es\\\/\",\"name\":\"Pracownia Sk\u00f3ral\",\"description\":\"Sklep z odzie\u017c\u0105\u00a0sk\u00f3rzan\u0105 i akcesoriami ze sk\u00f3ry naturalnej\",\"publisher\":{\"@id\":\"https:\\\/\\\/sklep.skoral.com\\\/es\\\/#organization\"},\"potentialAction\":[{\"@type\":\"SearchAction\",\"target\":{\"@type\":\"EntryPoint\",\"urlTemplate\":\"https:\\\/\\\/sklep.skoral.com\\\/es\\\/?s={search_term_string}\"},\"query-input\":{\"@type\":\"PropertyValueSpecification\",\"valueRequired\":true,\"valueName\":\"search_term_string\"}}],\"inLanguage\":\"es\"},{\"@type\":\"Organization\",\"@id\":\"https:\\\/\\\/sklep.skoral.com\\\/es\\\/#organization\",\"name\":\"Sk\u00f3ral - Pracownia odzie\u017cy i akcesori\u00f3w sk\u00f3rzanych\",\"url\":\"https:\\\/\\\/sklep.skoral.com\\\/es\\\/\",\"logo\":{\"@type\":\"ImageObject\",\"inLanguage\":\"es\",\"@id\":\"https:\\\/\\\/sklep.skoral.com\\\/es\\\/#\\\/schema\\\/logo\\\/image\\\/\",\"url\":\"https:\\\/\\\/sklep.skoral.com\\\/wp-content\\\/uploads\\\/2020\\\/09\\\/cropped-logo-duze.png\",\"contentUrl\":\"https:\\\/\\\/sklep.skoral.com\\\/wp-content\\\/uploads\\\/2020\\\/09\\\/cropped-logo-duze.png\",\"width\":1200,\"height\":293,\"caption\":\"Sk\u00f3ral - Pracownia odzie\u017cy i akcesori\u00f3w sk\u00f3rzanych\"},\"image\":{\"@id\":\"https:\\\/\\\/sklep.skoral.com\\\/es\\\/#\\\/schema\\\/logo\\\/image\\\/\"},\"sameAs\":[\"https:\\\/\\\/www.facebook.com\\\/SkoralNaturalLeather\",\"https:\\\/\\\/www.instagram.com\\\/skoraldesign\\\/\",\"https:\\\/\\\/www.youtube.com\\\/channel\\\/UCijmecsRU9TpML5jIEBsWTw\"]}]}<\/script>\n<!-- \/ Yoast SEO plugin. -->","yoast_head_json":{"title":"Kurtka sk\u00f3rzana m\u0119ska - Ko\u017cuch - Gregale m\u0119ski - Pracownia Sk\u00f3ral","description":"Ko\u017cuch m\u0119ski - kurtka sk\u00f3rzana Gregale - ramoneska. Na zimniejsze dni. Dost\u0119pna w r\u00f3\u017cnych kolorach - czarnym, br\u0105zowym, zielonym i innych.","robots":{"index":"index","follow":"follow","max-snippet":"max-snippet:-1","max-image-preview":"max-image-preview:large","max-video-preview":"max-video-preview:-1"},"canonical":"https:\/\/sklep.skoral.com\/es\/produkt\/kurtka-skorzana-meska-kozuch-gregale\/","og_locale":"es_ES","og_type":"article","og_title":"Kurtka sk\u00f3rzana m\u0119ska - Ko\u017cuch - Gregale m\u0119ski - Pracownia Sk\u00f3ral","og_description":"Ko\u017cuch m\u0119ski - kurtka sk\u00f3rzana Gregale - ramoneska. Na zimniejsze dni. Dost\u0119pna w r\u00f3\u017cnych kolorach - czarnym, br\u0105zowym, zielonym i innych.","og_url":"https:\/\/sklep.skoral.com\/es\/produkt\/kurtka-skorzana-meska-kozuch-gregale\/","og_site_name":"Pracownia Sk\u00f3ral","article_publisher":"https:\/\/www.facebook.com\/SkoralNaturalLeather","article_modified_time":"2025-10-27T13:22:19+00:00","og_image":[{"width":1024,"height":1280,"url":"https:\/\/sklep.skoral.com\/wp-content\/uploads\/2021\/01\/kozuch-meski-gregale.jpg","type":"image\/jpeg"}],"twitter_card":"summary_large_image","twitter_misc":{"Tiempo de lectura":"2 minutos"},"schema":{"@context":"https:\/\/schema.org","@graph":[{"@type":["WebPage","ItemPage"],"@id":"https:\/\/sklep.skoral.com\/es\/produkt\/kurtka-skorzana-meska-kozuch-gregale\/","url":"https:\/\/sklep.skoral.com\/es\/produkt\/kurtka-skorzana-meska-kozuch-gregale\/","name":"Kurtka sk\u00f3rzana m\u0119ska - Ko\u017cuch - Gregale m\u0119ski - Pracownia Sk\u00f3ral","isPartOf":{"@id":"https:\/\/sklep.skoral.com\/es\/#website"},"primaryImageOfPage":{"@id":"https:\/\/sklep.skoral.com\/es\/produkt\/kurtka-skorzana-meska-kozuch-gregale\/#primaryimage"},"image":{"@id":"https:\/\/sklep.skoral.com\/es\/produkt\/kurtka-skorzana-meska-kozuch-gregale\/#primaryimage"},"thumbnailUrl":"https:\/\/sklep.skoral.com\/wp-content\/uploads\/2021\/01\/kozuch-meski-gregale.jpg","datePublished":"2021-01-19T16:56:26+00:00","dateModified":"2025-10-27T13:22:19+00:00","description":"Ko\u017cuch m\u0119ski - kurtka sk\u00f3rzana Gregale - ramoneska. Na zimniejsze dni. Dost\u0119pna w r\u00f3\u017cnych kolorach - czarnym, br\u0105zowym, zielonym i innych.","breadcrumb":{"@id":"https:\/\/sklep.skoral.com\/es\/produkt\/kurtka-skorzana-meska-kozuch-gregale\/#breadcrumb"},"inLanguage":"es","potentialAction":[{"@type":"ReadAction","target":["https:\/\/sklep.skoral.com\/es\/produkt\/kurtka-skorzana-meska-kozuch-gregale\/"]}]},{"@type":"ImageObject","inLanguage":"es","@id":"https:\/\/sklep.skoral.com\/es\/produkt\/kurtka-skorzana-meska-kozuch-gregale\/#primaryimage","url":"https:\/\/sklep.skoral.com\/wp-content\/uploads\/2021\/01\/kozuch-meski-gregale.jpg","contentUrl":"https:\/\/sklep.skoral.com\/wp-content\/uploads\/2021\/01\/kozuch-meski-gregale.jpg","width":1024,"height":1280,"caption":"Ko\u017cuch m\u0119ski Gregale"},{"@type":"BreadcrumbList","@id":"https:\/\/sklep.skoral.com\/es\/produkt\/kurtka-skorzana-meska-kozuch-gregale\/#breadcrumb","itemListElement":[{"@type":"ListItem","position":1,"name":"Strona g\u0142\u00f3wna","item":"https:\/\/sklep.skoral.com\/es\/"},{"@type":"ListItem","position":2,"name":"Tienda","item":"https:\/\/sklep.skoral.com\/es\/tienda\/"},{"@type":"ListItem","position":3,"name":"Kurtka sk\u00f3rzana m\u0119ska &#8211; Ko\u017cuch &#8211; Gregale"}]},{"@type":"WebSite","@id":"https:\/\/sklep.skoral.com\/es\/#website","url":"https:\/\/sklep.skoral.com\/es\/","name":"Pracownia Sk\u00f3ral","description":"Sklep z odzie\u017c\u0105\u00a0sk\u00f3rzan\u0105 i akcesoriami ze sk\u00f3ry naturalnej","publisher":{"@id":"https:\/\/sklep.skoral.com\/es\/#organization"},"potentialAction":[{"@type":"SearchAction","target":{"@type":"EntryPoint","urlTemplate":"https:\/\/sklep.skoral.com\/es\/?s={search_term_string}"},"query-input":{"@type":"PropertyValueSpecification","valueRequired":true,"valueName":"search_term_string"}}],"inLanguage":"es"},{"@type":"Organization","@id":"https:\/\/sklep.skoral.com\/es\/#organization","name":"Sk\u00f3ral - Pracownia odzie\u017cy i akcesori\u00f3w sk\u00f3rzanych","url":"https:\/\/sklep.skoral.com\/es\/","logo":{"@type":"ImageObject","inLanguage":"es","@id":"https:\/\/sklep.skoral.com\/es\/#\/schema\/logo\/image\/","url":"https:\/\/sklep.skoral.com\/wp-content\/uploads\/2020\/09\/cropped-logo-duze.png","contentUrl":"https:\/\/sklep.skoral.com\/wp-content\/uploads\/2020\/09\/cropped-logo-duze.png","width":1200,"height":293,"caption":"Sk\u00f3ral - Pracownia odzie\u017cy i akcesori\u00f3w sk\u00f3rzanych"},"image":{"@id":"https:\/\/sklep.skoral.com\/es\/#\/schema\/logo\/image\/"},"sameAs":["https:\/\/www.facebook.com\/SkoralNaturalLeather","https:\/\/www.instagram.com\/skoraldesign\/","https:\/\/www.youtube.com\/channel\/UCijmecsRU9TpML5jIEBsWTw"]}]}},"jetpack_sharing_enabled":true,"_links":{"self":[{"href":"https:\/\/sklep.skoral.com\/es\/wp-json\/wp\/v2\/product\/260","targetHints":{"allow":["GET"]}}],"collection":[{"href":"https:\/\/sklep.skoral.com\/es\/wp-json\/wp\/v2\/product"}],"about":[{"href":"https:\/\/sklep.skoral.com\/es\/wp-json\/wp\/v2\/types\/product"}],"wp:featuredmedia":[{"embeddable":true,"href":"https:\/\/sklep.skoral.com\/es\/wp-json\/wp\/v2\/media\/267"}],"wp:attachment":[{"href":"https:\/\/sklep.skoral.com\/es\/wp-json\/wp\/v2\/media?parent=260"}],"wp:term":[{"taxonomy":"product_brand","embeddable":true,"href":"https:\/\/sklep.skoral.com\/es\/wp-json\/wp\/v2\/product_brand?post=260"},{"taxonomy":"product_cat","embeddable":true,"href":"https:\/\/sklep.skoral.com\/es\/wp-json\/wp\/v2\/product_cat?post=260"},{"taxonomy":"product_tag","embeddable":true,"href":"https:\/\/sklep.skoral.com\/es\/wp-json\/wp\/v2\/product_tag?post=260"}],"curies":[{"name":"wp","href":"https:\/\/api.w.org\/{rel}","templated":true}]}}