{"id":290,"date":"2021-01-19T18:14:10","date_gmt":"2021-01-19T17:14:10","guid":{"rendered":"https:\/\/sklep.skoral.com\/?post_type=product&#038;p=290"},"modified":"2024-08-14T12:17:02","modified_gmt":"2024-08-14T10:17:02","slug":"kurtka-skorzana-meska-brno","status":"publish","type":"product","link":"https:\/\/sklep.skoral.com\/es\/produkt\/kurtka-skorzana-meska-brno\/","title":{"rendered":"Kurtka sk\u00f3rzana m\u0119ska &#8211; Brno"},"content":{"rendered":"<p><span style=\"font-weight: 400;\">M\u0119ska kurtka sk\u00f3rzana Brno w kolorze czarnym to klasyczna propozycja, kt\u00f3ra jest ciekaw\u0105 alternatyw\u0105 dla eleganckiej odzie\u017cy wierzchniej. Kurtka zosta\u0142a uszyta z w\u0142oskiej sk\u00f3ry baraniej i wyko\u0144czona lekk\u0105, wiskozow\u0105 podszewk\u0105. Dodatkowo kurtka posiada odpinan\u0105 ocieplan\u0105 podpink\u0119. Dzi\u0119ki niej model Brno jest modelem ca\u0142orocznym i z powodzeniem sprawdzi si\u0119 r\u00f3wnie\u017c w ch\u0142odniejszych miesi\u0105cach.<\/span><\/p>\n<p><span style=\"font-weight: 400;\">Kurtka Brno zapinana jest na prosty zamek b\u0142yskawiczny, prowadz\u0105cy a\u017c do g\u00f3rnej cz\u0119\u015bci st\u00f3jki. Wysoka, g\u0142adka st\u00f3jka zapewnia ochron\u0119 przed wiatrem. Kurtka posiada prosty nietaliowany fason, kt\u00f3ry \u015bwietnie maskuje mankamenty figury. Po bokach kurtki zosta\u0142y wszyte reguluj\u0105ce obw\u00f3d paski. Model Brno posiada dwie zapinane na zamki kieszenie g\u00f3rne. Proste r\u0119kawy zosta\u0142y wyko\u0144czone suwakami.<\/span><\/p>\n<p><span style=\"font-weight: 400;\">Najwy\u017csza jako\u015b\u0107 wykonania, minimalistyczna forma i mi\u0119kka, gatunkowa sk\u00f3ra sprawiaj\u0105, \u017ce kurtka sk\u00f3rzana Brno marki Sk\u00f3ral wygl\u0105da elegancko i szlachetnie. Spodoba si\u0119 m\u0119\u017cczyznom, kt\u00f3rzy na co dzie\u0144 preferuj\u0105 elegancki, ale r\u00f3wnie\u017c wygodny styl.<\/span><\/p>\n<h2>Elegancka kurtka sk\u00f3rzana m\u0119ska teraz z mo\u017cliwo\u015bci\u0105 uszycia na miar\u0119!<\/h2>\n<p><span style=\"font-weight: 400;\">Elegancka kurtka sk\u00f3rzana Brno zosta\u0142a uszyta r\u0119cznie w krakowskiej pracowni. Jest dost\u0119pna we wszystkich rozmiarach.<\/span><\/p>\n<p><span style=\"font-weight: 400;\">Na pro\u015bb\u0119 Klient\u00f3w istnieje mo\u017cliwo\u015b\u0107 indywidualnego dopasowania modelu do sylwetki. Zainteresowanych prosimy o kontakt z nasz\u0105 pracowni\u0105: +48 12 423 12 20.<\/span><\/p>\n","protected":false},"excerpt":{"rendered":"<p>Kurtka sk\u00f3rzana m\u0119ska typu Brno w kolorze czarnym &#8211; nietaliowany fason<\/p>\n","protected":false},"featured_media":292,"template":"","meta":{"_monsterinsights_skip_tracking":false,"_monsterinsights_sitenote_active":false,"_monsterinsights_sitenote_note":"","_monsterinsights_sitenote_category":0},"product_brand":[],"product_cat":[33],"product_tag":[25,96,46],"class_list":{"0":"post-290","1":"product","2":"type-product","3":"status-publish","4":"has-post-thumbnail","6":"product_cat-kurtki-skorzane-meskie","7":"product_tag-kurtka-skorzana","8":"product_tag-kurtka-skorzana-nietaliowana","9":"product_tag-prosty-kroj","11":"first","12":"instock","13":"taxable","14":"shipping-taxable","15":"purchasable","16":"product-type-variable"},"yoast_head":"<!-- This site is optimized with the Yoast SEO plugin v27.6 - https:\/\/yoast.com\/product\/yoast-seo-wordpress\/ -->\n<title>Kurtka sk\u00f3rzana m\u0119ska - Brno - Pracownia Sk\u00f3ral - Sk\u00f3ra w\u0142oska jagni\u0119ca<\/title>\n<meta name=\"description\" content=\"Czarna kurtka sk\u00f3rzana m\u0119ska nietaliowana Brno - uszyta ze sk\u00f3ry licowanej naturalnej jagni\u0119cej - sklep i producent odzie\u017cy sk\u00f3rzanej\" \/>\n<meta name=\"robots\" content=\"index, follow, max-snippet:-1, max-image-preview:large, max-video-preview:-1\" \/>\n<link rel=\"canonical\" href=\"https:\/\/sklep.skoral.com\/es\/produkt\/kurtka-skorzana-meska-brno\/\" \/>\n<meta property=\"og:locale\" content=\"es_ES\" \/>\n<meta property=\"og:type\" content=\"article\" \/>\n<meta property=\"og:title\" content=\"Kurtka sk\u00f3rzana m\u0119ska - Brno - Pracownia Sk\u00f3ral - Sk\u00f3ra w\u0142oska jagni\u0119ca\" \/>\n<meta property=\"og:description\" content=\"Czarna kurtka sk\u00f3rzana m\u0119ska nietaliowana Brno - uszyta ze sk\u00f3ry licowanej naturalnej jagni\u0119cej - sklep i producent odzie\u017cy sk\u00f3rzanej\" \/>\n<meta property=\"og:url\" content=\"https:\/\/sklep.skoral.com\/es\/produkt\/kurtka-skorzana-meska-brno\/\" \/>\n<meta property=\"og:site_name\" content=\"Pracownia Sk\u00f3ral\" \/>\n<meta property=\"article:publisher\" content=\"https:\/\/www.facebook.com\/SkoralNaturalLeather\" \/>\n<meta property=\"article:modified_time\" content=\"2024-08-14T10:17:02+00:00\" \/>\n<meta property=\"og:image\" content=\"https:\/\/sklep.skoral.com\/wp-content\/uploads\/2021\/01\/kurtka-skorzana-meska-brno.jpg\" \/>\n\t<meta property=\"og:image:width\" content=\"1024\" \/>\n\t<meta property=\"og:image:height\" content=\"1280\" \/>\n\t<meta property=\"og:image:type\" content=\"image\/jpeg\" \/>\n<meta name=\"twitter:card\" content=\"summary_large_image\" \/>\n<meta name=\"twitter:label1\" content=\"Tiempo de lectura\" \/>\n\t<meta name=\"twitter:data1\" content=\"1 minuto\" \/>\n<script type=\"application\/ld+json\" class=\"yoast-schema-graph\">{\"@context\":\"https:\\\/\\\/schema.org\",\"@graph\":[{\"@type\":[\"WebPage\",\"ItemPage\"],\"@id\":\"https:\\\/\\\/sklep.skoral.com\\\/es\\\/produkt\\\/kurtka-skorzana-meska-brno\\\/\",\"url\":\"https:\\\/\\\/sklep.skoral.com\\\/es\\\/produkt\\\/kurtka-skorzana-meska-brno\\\/\",\"name\":\"Kurtka sk\u00f3rzana m\u0119ska - Brno - Pracownia Sk\u00f3ral - Sk\u00f3ra w\u0142oska jagni\u0119ca\",\"isPartOf\":{\"@id\":\"https:\\\/\\\/sklep.skoral.com\\\/es\\\/#website\"},\"primaryImageOfPage\":{\"@id\":\"https:\\\/\\\/sklep.skoral.com\\\/es\\\/produkt\\\/kurtka-skorzana-meska-brno\\\/#primaryimage\"},\"image\":{\"@id\":\"https:\\\/\\\/sklep.skoral.com\\\/es\\\/produkt\\\/kurtka-skorzana-meska-brno\\\/#primaryimage\"},\"thumbnailUrl\":\"https:\\\/\\\/sklep.skoral.com\\\/wp-content\\\/uploads\\\/2021\\\/01\\\/kurtka-skorzana-meska-brno.jpg\",\"datePublished\":\"2021-01-19T17:14:10+00:00\",\"dateModified\":\"2024-08-14T10:17:02+00:00\",\"description\":\"Czarna kurtka sk\u00f3rzana m\u0119ska nietaliowana Brno - uszyta ze sk\u00f3ry licowanej naturalnej jagni\u0119cej - sklep i producent odzie\u017cy sk\u00f3rzanej\",\"breadcrumb\":{\"@id\":\"https:\\\/\\\/sklep.skoral.com\\\/es\\\/produkt\\\/kurtka-skorzana-meska-brno\\\/#breadcrumb\"},\"inLanguage\":\"es\",\"potentialAction\":[{\"@type\":\"ReadAction\",\"target\":[\"https:\\\/\\\/sklep.skoral.com\\\/es\\\/produkt\\\/kurtka-skorzana-meska-brno\\\/\"]}]},{\"@type\":\"ImageObject\",\"inLanguage\":\"es\",\"@id\":\"https:\\\/\\\/sklep.skoral.com\\\/es\\\/produkt\\\/kurtka-skorzana-meska-brno\\\/#primaryimage\",\"url\":\"https:\\\/\\\/sklep.skoral.com\\\/wp-content\\\/uploads\\\/2021\\\/01\\\/kurtka-skorzana-meska-brno.jpg\",\"contentUrl\":\"https:\\\/\\\/sklep.skoral.com\\\/wp-content\\\/uploads\\\/2021\\\/01\\\/kurtka-skorzana-meska-brno.jpg\",\"width\":1024,\"height\":1280,\"caption\":\"Kurtka sk\u00f3rzana m\u0119ska - Brno\"},{\"@type\":\"BreadcrumbList\",\"@id\":\"https:\\\/\\\/sklep.skoral.com\\\/es\\\/produkt\\\/kurtka-skorzana-meska-brno\\\/#breadcrumb\",\"itemListElement\":[{\"@type\":\"ListItem\",\"position\":1,\"name\":\"Strona g\u0142\u00f3wna\",\"item\":\"https:\\\/\\\/sklep.skoral.com\\\/es\\\/\"},{\"@type\":\"ListItem\",\"position\":2,\"name\":\"Tienda\",\"item\":\"https:\\\/\\\/sklep.skoral.com\\\/es\\\/tienda\\\/\"},{\"@type\":\"ListItem\",\"position\":3,\"name\":\"Kurtka sk\u00f3rzana m\u0119ska &#8211; Brno\"}]},{\"@type\":\"WebSite\",\"@id\":\"https:\\\/\\\/sklep.skoral.com\\\/es\\\/#website\",\"url\":\"https:\\\/\\\/sklep.skoral.com\\\/es\\\/\",\"name\":\"Pracownia Sk\u00f3ral\",\"description\":\"Sklep z odzie\u017c\u0105\u00a0sk\u00f3rzan\u0105 i akcesoriami ze sk\u00f3ry naturalnej\",\"publisher\":{\"@id\":\"https:\\\/\\\/sklep.skoral.com\\\/es\\\/#organization\"},\"potentialAction\":[{\"@type\":\"SearchAction\",\"target\":{\"@type\":\"EntryPoint\",\"urlTemplate\":\"https:\\\/\\\/sklep.skoral.com\\\/es\\\/?s={search_term_string}\"},\"query-input\":{\"@type\":\"PropertyValueSpecification\",\"valueRequired\":true,\"valueName\":\"search_term_string\"}}],\"inLanguage\":\"es\"},{\"@type\":\"Organization\",\"@id\":\"https:\\\/\\\/sklep.skoral.com\\\/es\\\/#organization\",\"name\":\"Sk\u00f3ral - Pracownia odzie\u017cy i akcesori\u00f3w sk\u00f3rzanych\",\"url\":\"https:\\\/\\\/sklep.skoral.com\\\/es\\\/\",\"logo\":{\"@type\":\"ImageObject\",\"inLanguage\":\"es\",\"@id\":\"https:\\\/\\\/sklep.skoral.com\\\/es\\\/#\\\/schema\\\/logo\\\/image\\\/\",\"url\":\"https:\\\/\\\/sklep.skoral.com\\\/wp-content\\\/uploads\\\/2020\\\/09\\\/cropped-logo-duze.png\",\"contentUrl\":\"https:\\\/\\\/sklep.skoral.com\\\/wp-content\\\/uploads\\\/2020\\\/09\\\/cropped-logo-duze.png\",\"width\":1200,\"height\":293,\"caption\":\"Sk\u00f3ral - Pracownia odzie\u017cy i akcesori\u00f3w sk\u00f3rzanych\"},\"image\":{\"@id\":\"https:\\\/\\\/sklep.skoral.com\\\/es\\\/#\\\/schema\\\/logo\\\/image\\\/\"},\"sameAs\":[\"https:\\\/\\\/www.facebook.com\\\/SkoralNaturalLeather\",\"https:\\\/\\\/www.instagram.com\\\/skoraldesign\\\/\",\"https:\\\/\\\/www.youtube.com\\\/channel\\\/UCijmecsRU9TpML5jIEBsWTw\"]}]}<\/script>\n<!-- \/ Yoast SEO plugin. -->","yoast_head_json":{"title":"Kurtka sk\u00f3rzana m\u0119ska - Brno - Pracownia Sk\u00f3ral - Sk\u00f3ra w\u0142oska jagni\u0119ca","description":"Czarna kurtka sk\u00f3rzana m\u0119ska nietaliowana Brno - uszyta ze sk\u00f3ry licowanej naturalnej jagni\u0119cej - sklep i producent odzie\u017cy sk\u00f3rzanej","robots":{"index":"index","follow":"follow","max-snippet":"max-snippet:-1","max-image-preview":"max-image-preview:large","max-video-preview":"max-video-preview:-1"},"canonical":"https:\/\/sklep.skoral.com\/es\/produkt\/kurtka-skorzana-meska-brno\/","og_locale":"es_ES","og_type":"article","og_title":"Kurtka sk\u00f3rzana m\u0119ska - Brno - Pracownia Sk\u00f3ral - Sk\u00f3ra w\u0142oska jagni\u0119ca","og_description":"Czarna kurtka sk\u00f3rzana m\u0119ska nietaliowana Brno - uszyta ze sk\u00f3ry licowanej naturalnej jagni\u0119cej - sklep i producent odzie\u017cy sk\u00f3rzanej","og_url":"https:\/\/sklep.skoral.com\/es\/produkt\/kurtka-skorzana-meska-brno\/","og_site_name":"Pracownia Sk\u00f3ral","article_publisher":"https:\/\/www.facebook.com\/SkoralNaturalLeather","article_modified_time":"2024-08-14T10:17:02+00:00","og_image":[{"width":1024,"height":1280,"url":"https:\/\/sklep.skoral.com\/wp-content\/uploads\/2021\/01\/kurtka-skorzana-meska-brno.jpg","type":"image\/jpeg"}],"twitter_card":"summary_large_image","twitter_misc":{"Tiempo de lectura":"1 minuto"},"schema":{"@context":"https:\/\/schema.org","@graph":[{"@type":["WebPage","ItemPage"],"@id":"https:\/\/sklep.skoral.com\/es\/produkt\/kurtka-skorzana-meska-brno\/","url":"https:\/\/sklep.skoral.com\/es\/produkt\/kurtka-skorzana-meska-brno\/","name":"Kurtka sk\u00f3rzana m\u0119ska - Brno - Pracownia Sk\u00f3ral - Sk\u00f3ra w\u0142oska jagni\u0119ca","isPartOf":{"@id":"https:\/\/sklep.skoral.com\/es\/#website"},"primaryImageOfPage":{"@id":"https:\/\/sklep.skoral.com\/es\/produkt\/kurtka-skorzana-meska-brno\/#primaryimage"},"image":{"@id":"https:\/\/sklep.skoral.com\/es\/produkt\/kurtka-skorzana-meska-brno\/#primaryimage"},"thumbnailUrl":"https:\/\/sklep.skoral.com\/wp-content\/uploads\/2021\/01\/kurtka-skorzana-meska-brno.jpg","datePublished":"2021-01-19T17:14:10+00:00","dateModified":"2024-08-14T10:17:02+00:00","description":"Czarna kurtka sk\u00f3rzana m\u0119ska nietaliowana Brno - uszyta ze sk\u00f3ry licowanej naturalnej jagni\u0119cej - sklep i producent odzie\u017cy sk\u00f3rzanej","breadcrumb":{"@id":"https:\/\/sklep.skoral.com\/es\/produkt\/kurtka-skorzana-meska-brno\/#breadcrumb"},"inLanguage":"es","potentialAction":[{"@type":"ReadAction","target":["https:\/\/sklep.skoral.com\/es\/produkt\/kurtka-skorzana-meska-brno\/"]}]},{"@type":"ImageObject","inLanguage":"es","@id":"https:\/\/sklep.skoral.com\/es\/produkt\/kurtka-skorzana-meska-brno\/#primaryimage","url":"https:\/\/sklep.skoral.com\/wp-content\/uploads\/2021\/01\/kurtka-skorzana-meska-brno.jpg","contentUrl":"https:\/\/sklep.skoral.com\/wp-content\/uploads\/2021\/01\/kurtka-skorzana-meska-brno.jpg","width":1024,"height":1280,"caption":"Kurtka sk\u00f3rzana m\u0119ska - Brno"},{"@type":"BreadcrumbList","@id":"https:\/\/sklep.skoral.com\/es\/produkt\/kurtka-skorzana-meska-brno\/#breadcrumb","itemListElement":[{"@type":"ListItem","position":1,"name":"Strona g\u0142\u00f3wna","item":"https:\/\/sklep.skoral.com\/es\/"},{"@type":"ListItem","position":2,"name":"Tienda","item":"https:\/\/sklep.skoral.com\/es\/tienda\/"},{"@type":"ListItem","position":3,"name":"Kurtka sk\u00f3rzana m\u0119ska &#8211; Brno"}]},{"@type":"WebSite","@id":"https:\/\/sklep.skoral.com\/es\/#website","url":"https:\/\/sklep.skoral.com\/es\/","name":"Pracownia Sk\u00f3ral","description":"Sklep z odzie\u017c\u0105\u00a0sk\u00f3rzan\u0105 i akcesoriami ze sk\u00f3ry naturalnej","publisher":{"@id":"https:\/\/sklep.skoral.com\/es\/#organization"},"potentialAction":[{"@type":"SearchAction","target":{"@type":"EntryPoint","urlTemplate":"https:\/\/sklep.skoral.com\/es\/?s={search_term_string}"},"query-input":{"@type":"PropertyValueSpecification","valueRequired":true,"valueName":"search_term_string"}}],"inLanguage":"es"},{"@type":"Organization","@id":"https:\/\/sklep.skoral.com\/es\/#organization","name":"Sk\u00f3ral - Pracownia odzie\u017cy i akcesori\u00f3w sk\u00f3rzanych","url":"https:\/\/sklep.skoral.com\/es\/","logo":{"@type":"ImageObject","inLanguage":"es","@id":"https:\/\/sklep.skoral.com\/es\/#\/schema\/logo\/image\/","url":"https:\/\/sklep.skoral.com\/wp-content\/uploads\/2020\/09\/cropped-logo-duze.png","contentUrl":"https:\/\/sklep.skoral.com\/wp-content\/uploads\/2020\/09\/cropped-logo-duze.png","width":1200,"height":293,"caption":"Sk\u00f3ral - Pracownia odzie\u017cy i akcesori\u00f3w sk\u00f3rzanych"},"image":{"@id":"https:\/\/sklep.skoral.com\/es\/#\/schema\/logo\/image\/"},"sameAs":["https:\/\/www.facebook.com\/SkoralNaturalLeather","https:\/\/www.instagram.com\/skoraldesign\/","https:\/\/www.youtube.com\/channel\/UCijmecsRU9TpML5jIEBsWTw"]}]}},"jetpack_sharing_enabled":true,"_links":{"self":[{"href":"https:\/\/sklep.skoral.com\/es\/wp-json\/wp\/v2\/product\/290","targetHints":{"allow":["GET"]}}],"collection":[{"href":"https:\/\/sklep.skoral.com\/es\/wp-json\/wp\/v2\/product"}],"about":[{"href":"https:\/\/sklep.skoral.com\/es\/wp-json\/wp\/v2\/types\/product"}],"wp:featuredmedia":[{"embeddable":true,"href":"https:\/\/sklep.skoral.com\/es\/wp-json\/wp\/v2\/media\/292"}],"wp:attachment":[{"href":"https:\/\/sklep.skoral.com\/es\/wp-json\/wp\/v2\/media?parent=290"}],"wp:term":[{"taxonomy":"product_brand","embeddable":true,"href":"https:\/\/sklep.skoral.com\/es\/wp-json\/wp\/v2\/product_brand?post=290"},{"taxonomy":"product_cat","embeddable":true,"href":"https:\/\/sklep.skoral.com\/es\/wp-json\/wp\/v2\/product_cat?post=290"},{"taxonomy":"product_tag","embeddable":true,"href":"https:\/\/sklep.skoral.com\/es\/wp-json\/wp\/v2\/product_tag?post=290"}],"curies":[{"name":"wp","href":"https:\/\/api.w.org\/{rel}","templated":true}]}}