{"id":311,"date":"2021-01-19T18:26:45","date_gmt":"2021-01-19T17:26:45","guid":{"rendered":"https:\/\/sklep.skoral.com\/?post_type=product&#038;p=311"},"modified":"2024-08-14T12:16:16","modified_gmt":"2024-08-14T10:16:16","slug":"kozuch-plaszcz-damski-kona","status":"publish","type":"product","link":"https:\/\/sklep.skoral.com\/es\/produkt\/kozuch-plaszcz-damski-kona\/","title":{"rendered":"Ko\u017cuch &#8211; P\u0142aszcz damski &#8211; Kona"},"content":{"rendered":"<p><span style=\"font-weight: 400;\">Kona to doskona\u0142y w noszeniu, niezwykle lekki ko\u017cuch damski, wykonany z w\u0142oskiej jagni\u0119cej sk\u00f3ry Toscana. W\u0142os sk\u00f3ry Toscana jest niestrzy\u017cony, w zwi\u0105zku z czym jest niezwykle jedwabisty i mi\u0119kki w dotyku. Posiada r\u00f3wnie\u017c subtelny po\u0142ysk, kt\u00f3ry sprawia \u017ce ko\u017cuch wykonany z Toscany ma szlachetny, drogi wygl\u0105d.\u00a0<\/span><\/p>\n<p><span style=\"font-weight: 400;\">P\u0142aszcz damski Kona to propozycja \u0142\u0105cz\u0105ca klasyczn\u0105 elegancj\u0119 z nowoczesno\u015bci\u0105. Z\u0142oty, boczny zamek pozwala na regulacj\u0119 roz\u0142o\u017cystego kaptura, kt\u00f3ry opr\u00f3cz fantastycznej ochrony przed zimnem, jest r\u00f3wnie\u017c niezwykle efektownym, modowym akcentem. P\u0142aszcz Kona posiada taliowany, wyszczuplaj\u0105cy kr\u00f3j. Dodatkowe szwy na plecach sprawiaj\u0105, \u017ce Kona bardzo \u0142adnie modeluje damsk\u0105 sylwetk\u0119. R\u0119kawy s\u0105 odwijane, dzi\u0119ki czemu bez problemu mo\u017cemy dopasowa\u0107 ich d\u0142ugo\u015b\u0107.\u00a0<\/span><\/p>\n<p><span style=\"font-weight: 400;\">Ko\u017cuch damski Kona to propozycja niezwykle praktyczna i ponadczasowa, kt\u00f3ra zapewni ochron\u0119 przed mrozem nawet w najzimniejszych miesi\u0105cach. Jednocze\u015bnie jego kobiecy kr\u00f3j sprawia, \u017ce ka\u017cda kobieta b\u0119dzie wygl\u0105da\u0107 w nim niezwykle stylowo.\u00a0<\/span><\/p>\n<p><span style=\"font-weight: 400;\">To model na tyle uniwersalny i ponadczasowy, \u017ce bez problemu b\u0119dzie pasowa\u0107 do wi\u0119kszo\u015bci ubra\u0144 w damskiej garderobie.\u00a0<\/span><\/p>\n<h2><span style=\"font-weight: 400;\">Ko\u017cuch damski Kona zosta\u0142 uszyty r\u0119cznie w pracowni krawiecko-ko\u017cuszniczej w Krakowie.<\/span><\/h2>\n<p><span style=\"font-weight: 400;\">Szukasz modelu w konkretnym kolorze i idealnie dopasowanym rozmiarze? Skontaktuj si\u0119 z nami. Oferujemy pe\u0142n\u0105 personalizacj\u0119 zam\u00f3wienia &#8211; szycie na miar\u0119 oraz mo\u017cliwo\u015b\u0107 indywidualnego dopasowania modelu do ka\u017cdej sylwetki. W tym celu prosimy o kontakt z nasz\u0105 pracowni\u0105: +48 12 423 12 20.\u00a0<\/span><\/p>\n","protected":false},"excerpt":{"rendered":"<p>Ko\u017cuch damski, p\u0142aszcz typu Kona<\/p>\n","protected":false},"featured_media":313,"template":"","meta":{"_monsterinsights_skip_tracking":false,"_monsterinsights_sitenote_active":false,"_monsterinsights_sitenote_note":"","_monsterinsights_sitenote_category":0},"product_brand":[],"product_cat":[17,34],"product_tag":[35,47],"class_list":{"0":"post-311","1":"product","2":"type-product","3":"status-publish","4":"has-post-thumbnail","6":"product_cat-kozuchy-kozuszki-damskie","7":"product_cat-plaszcze","8":"product_tag-kozuch","9":"product_tag-zima","11":"first","12":"instock","13":"taxable","14":"shipping-taxable","15":"purchasable","16":"product-type-variable"},"yoast_head":"<!-- This site is optimized with the Yoast SEO plugin v27.6 - https:\/\/yoast.com\/product\/yoast-seo-wordpress\/ -->\n<title>Ko\u017cuch - P\u0142aszcz damski - Kona - Pracownia Sk\u00f3ral - Sklep internetowy<\/title>\n<meta name=\"description\" content=\"Czarny ko\u017cuch p\u0142aszcz damski uszyty z naturalnych sk\u00f3r w\u0142oskich Toscana. Mo\u017cliwo\u015b\u0107 uszycia d\u0142ugiego ko\u017cucha na zam\u00f3wienie - sklep Sk\u00f3ral.\" \/>\n<meta name=\"robots\" content=\"index, follow, max-snippet:-1, max-image-preview:large, max-video-preview:-1\" \/>\n<link rel=\"canonical\" href=\"https:\/\/sklep.skoral.com\/es\/produkt\/kozuch-plaszcz-damski-kona\/\" \/>\n<meta property=\"og:locale\" content=\"es_ES\" \/>\n<meta property=\"og:type\" content=\"article\" \/>\n<meta property=\"og:title\" content=\"Ko\u017cuch - P\u0142aszcz damski - Kona - Pracownia Sk\u00f3ral - Sklep internetowy\" \/>\n<meta property=\"og:description\" content=\"Czarny ko\u017cuch p\u0142aszcz damski uszyty z naturalnych sk\u00f3r w\u0142oskich Toscana. Mo\u017cliwo\u015b\u0107 uszycia d\u0142ugiego ko\u017cucha na zam\u00f3wienie - sklep Sk\u00f3ral.\" \/>\n<meta property=\"og:url\" content=\"https:\/\/sklep.skoral.com\/es\/produkt\/kozuch-plaszcz-damski-kona\/\" \/>\n<meta property=\"og:site_name\" content=\"Pracownia Sk\u00f3ral\" \/>\n<meta property=\"article:publisher\" content=\"https:\/\/www.facebook.com\/SkoralNaturalLeather\" \/>\n<meta property=\"article:modified_time\" content=\"2024-08-14T10:16:16+00:00\" \/>\n<meta property=\"og:image\" content=\"https:\/\/sklep.skoral.com\/wp-content\/uploads\/2021\/01\/kozuch-plaszcz-damski-kona-zamek.jpg\" \/>\n\t<meta property=\"og:image:width\" content=\"1024\" \/>\n\t<meta property=\"og:image:height\" content=\"1280\" \/>\n\t<meta property=\"og:image:type\" content=\"image\/jpeg\" \/>\n<meta name=\"twitter:card\" content=\"summary_large_image\" \/>\n<meta name=\"twitter:label1\" content=\"Tiempo de lectura\" \/>\n\t<meta name=\"twitter:data1\" content=\"1 minuto\" \/>\n<script type=\"application\/ld+json\" class=\"yoast-schema-graph\">{\"@context\":\"https:\\\/\\\/schema.org\",\"@graph\":[{\"@type\":[\"WebPage\",\"ItemPage\"],\"@id\":\"https:\\\/\\\/sklep.skoral.com\\\/es\\\/produkt\\\/kozuch-plaszcz-damski-kona\\\/\",\"url\":\"https:\\\/\\\/sklep.skoral.com\\\/es\\\/produkt\\\/kozuch-plaszcz-damski-kona\\\/\",\"name\":\"Ko\u017cuch - P\u0142aszcz damski - Kona - Pracownia Sk\u00f3ral - Sklep internetowy\",\"isPartOf\":{\"@id\":\"https:\\\/\\\/sklep.skoral.com\\\/es\\\/#website\"},\"primaryImageOfPage\":{\"@id\":\"https:\\\/\\\/sklep.skoral.com\\\/es\\\/produkt\\\/kozuch-plaszcz-damski-kona\\\/#primaryimage\"},\"image\":{\"@id\":\"https:\\\/\\\/sklep.skoral.com\\\/es\\\/produkt\\\/kozuch-plaszcz-damski-kona\\\/#primaryimage\"},\"thumbnailUrl\":\"https:\\\/\\\/sklep.skoral.com\\\/wp-content\\\/uploads\\\/2021\\\/01\\\/kozuch-plaszcz-damski-kona-zamek.jpg\",\"datePublished\":\"2021-01-19T17:26:45+00:00\",\"dateModified\":\"2024-08-14T10:16:16+00:00\",\"description\":\"Czarny ko\u017cuch p\u0142aszcz damski uszyty z naturalnych sk\u00f3r w\u0142oskich Toscana. Mo\u017cliwo\u015b\u0107 uszycia d\u0142ugiego ko\u017cucha na zam\u00f3wienie - sklep Sk\u00f3ral.\",\"breadcrumb\":{\"@id\":\"https:\\\/\\\/sklep.skoral.com\\\/es\\\/produkt\\\/kozuch-plaszcz-damski-kona\\\/#breadcrumb\"},\"inLanguage\":\"es\",\"potentialAction\":[{\"@type\":\"ReadAction\",\"target\":[\"https:\\\/\\\/sklep.skoral.com\\\/es\\\/produkt\\\/kozuch-plaszcz-damski-kona\\\/\"]}]},{\"@type\":\"ImageObject\",\"inLanguage\":\"es\",\"@id\":\"https:\\\/\\\/sklep.skoral.com\\\/es\\\/produkt\\\/kozuch-plaszcz-damski-kona\\\/#primaryimage\",\"url\":\"https:\\\/\\\/sklep.skoral.com\\\/wp-content\\\/uploads\\\/2021\\\/01\\\/kozuch-plaszcz-damski-kona-zamek.jpg\",\"contentUrl\":\"https:\\\/\\\/sklep.skoral.com\\\/wp-content\\\/uploads\\\/2021\\\/01\\\/kozuch-plaszcz-damski-kona-zamek.jpg\",\"width\":1024,\"height\":1280,\"caption\":\"Ko\u017cuch - P\u0142aszcz damski - Kona - zamek\"},{\"@type\":\"BreadcrumbList\",\"@id\":\"https:\\\/\\\/sklep.skoral.com\\\/es\\\/produkt\\\/kozuch-plaszcz-damski-kona\\\/#breadcrumb\",\"itemListElement\":[{\"@type\":\"ListItem\",\"position\":1,\"name\":\"Strona g\u0142\u00f3wna\",\"item\":\"https:\\\/\\\/sklep.skoral.com\\\/es\\\/\"},{\"@type\":\"ListItem\",\"position\":2,\"name\":\"Tienda\",\"item\":\"https:\\\/\\\/sklep.skoral.com\\\/es\\\/tienda\\\/\"},{\"@type\":\"ListItem\",\"position\":3,\"name\":\"Ko\u017cuch &#8211; P\u0142aszcz damski &#8211; Kona\"}]},{\"@type\":\"WebSite\",\"@id\":\"https:\\\/\\\/sklep.skoral.com\\\/es\\\/#website\",\"url\":\"https:\\\/\\\/sklep.skoral.com\\\/es\\\/\",\"name\":\"Pracownia Sk\u00f3ral\",\"description\":\"Sklep z odzie\u017c\u0105\u00a0sk\u00f3rzan\u0105 i akcesoriami ze sk\u00f3ry naturalnej\",\"publisher\":{\"@id\":\"https:\\\/\\\/sklep.skoral.com\\\/es\\\/#organization\"},\"potentialAction\":[{\"@type\":\"SearchAction\",\"target\":{\"@type\":\"EntryPoint\",\"urlTemplate\":\"https:\\\/\\\/sklep.skoral.com\\\/es\\\/?s={search_term_string}\"},\"query-input\":{\"@type\":\"PropertyValueSpecification\",\"valueRequired\":true,\"valueName\":\"search_term_string\"}}],\"inLanguage\":\"es\"},{\"@type\":\"Organization\",\"@id\":\"https:\\\/\\\/sklep.skoral.com\\\/es\\\/#organization\",\"name\":\"Sk\u00f3ral - Pracownia odzie\u017cy i akcesori\u00f3w sk\u00f3rzanych\",\"url\":\"https:\\\/\\\/sklep.skoral.com\\\/es\\\/\",\"logo\":{\"@type\":\"ImageObject\",\"inLanguage\":\"es\",\"@id\":\"https:\\\/\\\/sklep.skoral.com\\\/es\\\/#\\\/schema\\\/logo\\\/image\\\/\",\"url\":\"https:\\\/\\\/sklep.skoral.com\\\/wp-content\\\/uploads\\\/2020\\\/09\\\/cropped-logo-duze.png\",\"contentUrl\":\"https:\\\/\\\/sklep.skoral.com\\\/wp-content\\\/uploads\\\/2020\\\/09\\\/cropped-logo-duze.png\",\"width\":1200,\"height\":293,\"caption\":\"Sk\u00f3ral - Pracownia odzie\u017cy i akcesori\u00f3w sk\u00f3rzanych\"},\"image\":{\"@id\":\"https:\\\/\\\/sklep.skoral.com\\\/es\\\/#\\\/schema\\\/logo\\\/image\\\/\"},\"sameAs\":[\"https:\\\/\\\/www.facebook.com\\\/SkoralNaturalLeather\",\"https:\\\/\\\/www.instagram.com\\\/skoraldesign\\\/\",\"https:\\\/\\\/www.youtube.com\\\/channel\\\/UCijmecsRU9TpML5jIEBsWTw\"]}]}<\/script>\n<!-- \/ Yoast SEO plugin. -->","yoast_head_json":{"title":"Ko\u017cuch - P\u0142aszcz damski - Kona - Pracownia Sk\u00f3ral - Sklep internetowy","description":"Czarny ko\u017cuch p\u0142aszcz damski uszyty z naturalnych sk\u00f3r w\u0142oskich Toscana. Mo\u017cliwo\u015b\u0107 uszycia d\u0142ugiego ko\u017cucha na zam\u00f3wienie - sklep Sk\u00f3ral.","robots":{"index":"index","follow":"follow","max-snippet":"max-snippet:-1","max-image-preview":"max-image-preview:large","max-video-preview":"max-video-preview:-1"},"canonical":"https:\/\/sklep.skoral.com\/es\/produkt\/kozuch-plaszcz-damski-kona\/","og_locale":"es_ES","og_type":"article","og_title":"Ko\u017cuch - P\u0142aszcz damski - Kona - Pracownia Sk\u00f3ral - Sklep internetowy","og_description":"Czarny ko\u017cuch p\u0142aszcz damski uszyty z naturalnych sk\u00f3r w\u0142oskich Toscana. Mo\u017cliwo\u015b\u0107 uszycia d\u0142ugiego ko\u017cucha na zam\u00f3wienie - sklep Sk\u00f3ral.","og_url":"https:\/\/sklep.skoral.com\/es\/produkt\/kozuch-plaszcz-damski-kona\/","og_site_name":"Pracownia Sk\u00f3ral","article_publisher":"https:\/\/www.facebook.com\/SkoralNaturalLeather","article_modified_time":"2024-08-14T10:16:16+00:00","og_image":[{"width":1024,"height":1280,"url":"https:\/\/sklep.skoral.com\/wp-content\/uploads\/2021\/01\/kozuch-plaszcz-damski-kona-zamek.jpg","type":"image\/jpeg"}],"twitter_card":"summary_large_image","twitter_misc":{"Tiempo de lectura":"1 minuto"},"schema":{"@context":"https:\/\/schema.org","@graph":[{"@type":["WebPage","ItemPage"],"@id":"https:\/\/sklep.skoral.com\/es\/produkt\/kozuch-plaszcz-damski-kona\/","url":"https:\/\/sklep.skoral.com\/es\/produkt\/kozuch-plaszcz-damski-kona\/","name":"Ko\u017cuch - P\u0142aszcz damski - Kona - Pracownia Sk\u00f3ral - Sklep internetowy","isPartOf":{"@id":"https:\/\/sklep.skoral.com\/es\/#website"},"primaryImageOfPage":{"@id":"https:\/\/sklep.skoral.com\/es\/produkt\/kozuch-plaszcz-damski-kona\/#primaryimage"},"image":{"@id":"https:\/\/sklep.skoral.com\/es\/produkt\/kozuch-plaszcz-damski-kona\/#primaryimage"},"thumbnailUrl":"https:\/\/sklep.skoral.com\/wp-content\/uploads\/2021\/01\/kozuch-plaszcz-damski-kona-zamek.jpg","datePublished":"2021-01-19T17:26:45+00:00","dateModified":"2024-08-14T10:16:16+00:00","description":"Czarny ko\u017cuch p\u0142aszcz damski uszyty z naturalnych sk\u00f3r w\u0142oskich Toscana. Mo\u017cliwo\u015b\u0107 uszycia d\u0142ugiego ko\u017cucha na zam\u00f3wienie - sklep Sk\u00f3ral.","breadcrumb":{"@id":"https:\/\/sklep.skoral.com\/es\/produkt\/kozuch-plaszcz-damski-kona\/#breadcrumb"},"inLanguage":"es","potentialAction":[{"@type":"ReadAction","target":["https:\/\/sklep.skoral.com\/es\/produkt\/kozuch-plaszcz-damski-kona\/"]}]},{"@type":"ImageObject","inLanguage":"es","@id":"https:\/\/sklep.skoral.com\/es\/produkt\/kozuch-plaszcz-damski-kona\/#primaryimage","url":"https:\/\/sklep.skoral.com\/wp-content\/uploads\/2021\/01\/kozuch-plaszcz-damski-kona-zamek.jpg","contentUrl":"https:\/\/sklep.skoral.com\/wp-content\/uploads\/2021\/01\/kozuch-plaszcz-damski-kona-zamek.jpg","width":1024,"height":1280,"caption":"Ko\u017cuch - P\u0142aszcz damski - Kona - zamek"},{"@type":"BreadcrumbList","@id":"https:\/\/sklep.skoral.com\/es\/produkt\/kozuch-plaszcz-damski-kona\/#breadcrumb","itemListElement":[{"@type":"ListItem","position":1,"name":"Strona g\u0142\u00f3wna","item":"https:\/\/sklep.skoral.com\/es\/"},{"@type":"ListItem","position":2,"name":"Tienda","item":"https:\/\/sklep.skoral.com\/es\/tienda\/"},{"@type":"ListItem","position":3,"name":"Ko\u017cuch &#8211; P\u0142aszcz damski &#8211; Kona"}]},{"@type":"WebSite","@id":"https:\/\/sklep.skoral.com\/es\/#website","url":"https:\/\/sklep.skoral.com\/es\/","name":"Pracownia Sk\u00f3ral","description":"Sklep z odzie\u017c\u0105\u00a0sk\u00f3rzan\u0105 i akcesoriami ze sk\u00f3ry naturalnej","publisher":{"@id":"https:\/\/sklep.skoral.com\/es\/#organization"},"potentialAction":[{"@type":"SearchAction","target":{"@type":"EntryPoint","urlTemplate":"https:\/\/sklep.skoral.com\/es\/?s={search_term_string}"},"query-input":{"@type":"PropertyValueSpecification","valueRequired":true,"valueName":"search_term_string"}}],"inLanguage":"es"},{"@type":"Organization","@id":"https:\/\/sklep.skoral.com\/es\/#organization","name":"Sk\u00f3ral - Pracownia odzie\u017cy i akcesori\u00f3w sk\u00f3rzanych","url":"https:\/\/sklep.skoral.com\/es\/","logo":{"@type":"ImageObject","inLanguage":"es","@id":"https:\/\/sklep.skoral.com\/es\/#\/schema\/logo\/image\/","url":"https:\/\/sklep.skoral.com\/wp-content\/uploads\/2020\/09\/cropped-logo-duze.png","contentUrl":"https:\/\/sklep.skoral.com\/wp-content\/uploads\/2020\/09\/cropped-logo-duze.png","width":1200,"height":293,"caption":"Sk\u00f3ral - Pracownia odzie\u017cy i akcesori\u00f3w sk\u00f3rzanych"},"image":{"@id":"https:\/\/sklep.skoral.com\/es\/#\/schema\/logo\/image\/"},"sameAs":["https:\/\/www.facebook.com\/SkoralNaturalLeather","https:\/\/www.instagram.com\/skoraldesign\/","https:\/\/www.youtube.com\/channel\/UCijmecsRU9TpML5jIEBsWTw"]}]}},"jetpack_sharing_enabled":true,"_links":{"self":[{"href":"https:\/\/sklep.skoral.com\/es\/wp-json\/wp\/v2\/product\/311","targetHints":{"allow":["GET"]}}],"collection":[{"href":"https:\/\/sklep.skoral.com\/es\/wp-json\/wp\/v2\/product"}],"about":[{"href":"https:\/\/sklep.skoral.com\/es\/wp-json\/wp\/v2\/types\/product"}],"wp:featuredmedia":[{"embeddable":true,"href":"https:\/\/sklep.skoral.com\/es\/wp-json\/wp\/v2\/media\/313"}],"wp:attachment":[{"href":"https:\/\/sklep.skoral.com\/es\/wp-json\/wp\/v2\/media?parent=311"}],"wp:term":[{"taxonomy":"product_brand","embeddable":true,"href":"https:\/\/sklep.skoral.com\/es\/wp-json\/wp\/v2\/product_brand?post=311"},{"taxonomy":"product_cat","embeddable":true,"href":"https:\/\/sklep.skoral.com\/es\/wp-json\/wp\/v2\/product_cat?post=311"},{"taxonomy":"product_tag","embeddable":true,"href":"https:\/\/sklep.skoral.com\/es\/wp-json\/wp\/v2\/product_tag?post=311"}],"curies":[{"name":"wp","href":"https:\/\/api.w.org\/{rel}","templated":true}]}}