{"id":338,"date":"2021-01-19T18:38:05","date_gmt":"2021-01-19T17:38:05","guid":{"rendered":"https:\/\/sklep.skoral.com\/?post_type=product&#038;p=338"},"modified":"2024-08-14T12:15:08","modified_gmt":"2024-08-14T10:15:08","slug":"kurtka-skorzana-damska-pleava-s3","status":"publish","type":"product","link":"https:\/\/sklep.skoral.com\/es\/produkt\/kurtka-skorzana-damska-pleava-s3\/","title":{"rendered":"Kurtka sk\u00f3rzana damska &#8211; Pleava S3"},"content":{"rendered":"<p><span style=\"font-weight: 400;\">Pleava S3 to niezwykle stylowa kurtka sk\u00f3rzana, inspirowana odzie\u017c\u0105 motocyklow\u0105. Damska kurtka sk\u00f3rzana Pleava S3 marki Sk\u00f3ral zosta\u0142a r\u0119cznie uszyta z w\u0142oskiej jagni\u0119cej sk\u00f3ry, kt\u00f3ra jest niezwykle przyjemna i mi\u0119kka dla cia\u0142a. Model prezentowany na stronie zosta\u0142 wykonany w klasycznej i eleganckiej czerni, ale istnieje r\u00f3wnie\u017c mo\u017cliwo\u015b\u0107 uszycia kurteczki w innym kolorze. Kurtka zosta\u0142a podszyta lekk\u0105, wiskozow\u0105 podszewk\u0105.\u00a0<\/span><\/p>\n<p><span style=\"font-weight: 400;\">Model jest zapinany na zamek w srebrnym kolorze i wyko\u0144czony wysok\u0105 st\u00f3jk\u0105. Kurtka posiada 3 zewn\u0119trzne kieszenie\u00a0 zamykane na suwaki. Z ty\u0142u posiada dwa ozdobne zamki, kt\u00f3re pozwalaj\u0105 na jeszcze lepsze dopasowanie szeroko\u015bci kurtki.<\/span><\/p>\n<p><span style=\"font-weight: 400;\">Pleava S3 to bardzo kobiecy model z rockowym pazurem. Dzi\u0119ki pionowym szwom i taliowaniu modeluje figur\u0119. Fantastycznie sprawdzi si\u0119 w codziennych stylizacjach jako \u017cakiet, czy lekka wiosenno-letnia kurtka. Dzi\u0119ki u\u017cyciu naturalnych, wysokogatunkowych materia\u0142\u00f3w Pleava S3 jest bardzo wygodna w noszeniu. To model na tyle uniwersalny i ponadczasowy, \u017ce bez problemu b\u0119dzie pasowa\u0107 do wi\u0119kszo\u015bci ubra\u0144 w damskiej garderobie.\u00a0<\/span><\/p>\n<h2><span style=\"font-weight: 400;\">Kurtka jest dost\u0119pna we wszystkich rozmiarach.\u00a0<\/span><\/h2>\n<p><span style=\"font-weight: 400;\">Je\u015bli zastanawiasz si\u0119 nad innym kolorem lub interesuje Ci\u0119 szycie na wymiar &#8211; skontaktuj si\u0119 z nami. Przygotujemy dla Ciebie kurtk\u0119 w wybranym przez Ciebie kolorze oraz dopasujemy j\u0105 idealnie do Twoich kszta\u0142t\u00f3w.\u00a0<\/span><\/p>\n","protected":false},"excerpt":{"rendered":"<p>Kurtka sk\u00f3rzana damska typu Pleava S3, taliowana, zapinana na zamek<\/p>\n","protected":false},"featured_media":340,"template":"","meta":{"_monsterinsights_skip_tracking":false,"_monsterinsights_sitenote_active":false,"_monsterinsights_sitenote_note":"","_monsterinsights_sitenote_category":0},"product_brand":[],"product_cat":[16],"product_tag":[97],"class_list":{"0":"post-338","1":"product","2":"type-product","3":"status-publish","4":"has-post-thumbnail","6":"product_cat-kurtka-skorzana-damska","7":"product_tag-kurtka-skorzana-taliowana","9":"first","10":"instock","11":"taxable","12":"shipping-taxable","13":"purchasable","14":"product-type-variable"},"yoast_head":"<!-- This site is optimized with the Yoast SEO plugin v27.6 - https:\/\/yoast.com\/product\/yoast-seo-wordpress\/ -->\n<title>Kurtka sk\u00f3rzana damska - Pleava S3 - Pracownia Sk\u00f3ral<\/title>\n<meta name=\"description\" content=\"Dopasowana kurtka sk\u00f3rzana damska Pleava S3 - to wyj\u0105tkowy fason dla kobiet ceni\u0105cych najnowsze trendy w modzie. Sklep Sk\u00f3ral.\" \/>\n<meta name=\"robots\" content=\"index, follow, max-snippet:-1, max-image-preview:large, max-video-preview:-1\" \/>\n<link rel=\"canonical\" href=\"https:\/\/sklep.skoral.com\/es\/produkt\/kurtka-skorzana-damska-pleava-s3\/\" \/>\n<meta property=\"og:locale\" content=\"es_ES\" \/>\n<meta property=\"og:type\" content=\"article\" \/>\n<meta property=\"og:title\" content=\"Kurtka sk\u00f3rzana damska - Pleava S3 - Pracownia Sk\u00f3ral\" \/>\n<meta property=\"og:description\" content=\"Dopasowana kurtka sk\u00f3rzana damska Pleava S3 - to wyj\u0105tkowy fason dla kobiet ceni\u0105cych najnowsze trendy w modzie. Sklep Sk\u00f3ral.\" \/>\n<meta property=\"og:url\" content=\"https:\/\/sklep.skoral.com\/es\/produkt\/kurtka-skorzana-damska-pleava-s3\/\" \/>\n<meta property=\"og:site_name\" content=\"Pracownia Sk\u00f3ral\" \/>\n<meta property=\"article:publisher\" content=\"https:\/\/www.facebook.com\/SkoralNaturalLeather\" \/>\n<meta property=\"article:modified_time\" content=\"2024-08-14T10:15:08+00:00\" \/>\n<meta property=\"og:image\" content=\"https:\/\/sklep.skoral.com\/wp-content\/uploads\/2021\/01\/kurtka-skorzana-damska-pleava-s3.jpg\" \/>\n\t<meta property=\"og:image:width\" content=\"1024\" \/>\n\t<meta property=\"og:image:height\" content=\"1280\" \/>\n\t<meta property=\"og:image:type\" content=\"image\/jpeg\" \/>\n<meta name=\"twitter:card\" content=\"summary_large_image\" \/>\n<meta name=\"twitter:label1\" content=\"Tiempo de lectura\" \/>\n\t<meta name=\"twitter:data1\" content=\"1 minuto\" \/>\n<script type=\"application\/ld+json\" class=\"yoast-schema-graph\">{\"@context\":\"https:\\\/\\\/schema.org\",\"@graph\":[{\"@type\":[\"WebPage\",\"ItemPage\"],\"@id\":\"https:\\\/\\\/sklep.skoral.com\\\/es\\\/produkt\\\/kurtka-skorzana-damska-pleava-s3\\\/\",\"url\":\"https:\\\/\\\/sklep.skoral.com\\\/es\\\/produkt\\\/kurtka-skorzana-damska-pleava-s3\\\/\",\"name\":\"Kurtka sk\u00f3rzana damska - Pleava S3 - Pracownia Sk\u00f3ral\",\"isPartOf\":{\"@id\":\"https:\\\/\\\/sklep.skoral.com\\\/es\\\/#website\"},\"primaryImageOfPage\":{\"@id\":\"https:\\\/\\\/sklep.skoral.com\\\/es\\\/produkt\\\/kurtka-skorzana-damska-pleava-s3\\\/#primaryimage\"},\"image\":{\"@id\":\"https:\\\/\\\/sklep.skoral.com\\\/es\\\/produkt\\\/kurtka-skorzana-damska-pleava-s3\\\/#primaryimage\"},\"thumbnailUrl\":\"https:\\\/\\\/sklep.skoral.com\\\/wp-content\\\/uploads\\\/2021\\\/01\\\/kurtka-skorzana-damska-pleava-s3.jpg\",\"datePublished\":\"2021-01-19T17:38:05+00:00\",\"dateModified\":\"2024-08-14T10:15:08+00:00\",\"description\":\"Dopasowana kurtka sk\u00f3rzana damska Pleava S3 - to wyj\u0105tkowy fason dla kobiet ceni\u0105cych najnowsze trendy w modzie. Sklep Sk\u00f3ral.\",\"breadcrumb\":{\"@id\":\"https:\\\/\\\/sklep.skoral.com\\\/es\\\/produkt\\\/kurtka-skorzana-damska-pleava-s3\\\/#breadcrumb\"},\"inLanguage\":\"es\",\"potentialAction\":[{\"@type\":\"ReadAction\",\"target\":[\"https:\\\/\\\/sklep.skoral.com\\\/es\\\/produkt\\\/kurtka-skorzana-damska-pleava-s3\\\/\"]}]},{\"@type\":\"ImageObject\",\"inLanguage\":\"es\",\"@id\":\"https:\\\/\\\/sklep.skoral.com\\\/es\\\/produkt\\\/kurtka-skorzana-damska-pleava-s3\\\/#primaryimage\",\"url\":\"https:\\\/\\\/sklep.skoral.com\\\/wp-content\\\/uploads\\\/2021\\\/01\\\/kurtka-skorzana-damska-pleava-s3.jpg\",\"contentUrl\":\"https:\\\/\\\/sklep.skoral.com\\\/wp-content\\\/uploads\\\/2021\\\/01\\\/kurtka-skorzana-damska-pleava-s3.jpg\",\"width\":1024,\"height\":1280,\"caption\":\"Kurtka sk\u00f3rzana damska - Pleava S3\"},{\"@type\":\"BreadcrumbList\",\"@id\":\"https:\\\/\\\/sklep.skoral.com\\\/es\\\/produkt\\\/kurtka-skorzana-damska-pleava-s3\\\/#breadcrumb\",\"itemListElement\":[{\"@type\":\"ListItem\",\"position\":1,\"name\":\"Strona g\u0142\u00f3wna\",\"item\":\"https:\\\/\\\/sklep.skoral.com\\\/es\\\/\"},{\"@type\":\"ListItem\",\"position\":2,\"name\":\"Tienda\",\"item\":\"https:\\\/\\\/sklep.skoral.com\\\/es\\\/tienda\\\/\"},{\"@type\":\"ListItem\",\"position\":3,\"name\":\"Kurtka sk\u00f3rzana damska &#8211; Pleava S3\"}]},{\"@type\":\"WebSite\",\"@id\":\"https:\\\/\\\/sklep.skoral.com\\\/es\\\/#website\",\"url\":\"https:\\\/\\\/sklep.skoral.com\\\/es\\\/\",\"name\":\"Pracownia Sk\u00f3ral\",\"description\":\"Sklep z odzie\u017c\u0105\u00a0sk\u00f3rzan\u0105 i akcesoriami ze sk\u00f3ry naturalnej\",\"publisher\":{\"@id\":\"https:\\\/\\\/sklep.skoral.com\\\/es\\\/#organization\"},\"potentialAction\":[{\"@type\":\"SearchAction\",\"target\":{\"@type\":\"EntryPoint\",\"urlTemplate\":\"https:\\\/\\\/sklep.skoral.com\\\/es\\\/?s={search_term_string}\"},\"query-input\":{\"@type\":\"PropertyValueSpecification\",\"valueRequired\":true,\"valueName\":\"search_term_string\"}}],\"inLanguage\":\"es\"},{\"@type\":\"Organization\",\"@id\":\"https:\\\/\\\/sklep.skoral.com\\\/es\\\/#organization\",\"name\":\"Sk\u00f3ral - Pracownia odzie\u017cy i akcesori\u00f3w sk\u00f3rzanych\",\"url\":\"https:\\\/\\\/sklep.skoral.com\\\/es\\\/\",\"logo\":{\"@type\":\"ImageObject\",\"inLanguage\":\"es\",\"@id\":\"https:\\\/\\\/sklep.skoral.com\\\/es\\\/#\\\/schema\\\/logo\\\/image\\\/\",\"url\":\"https:\\\/\\\/sklep.skoral.com\\\/wp-content\\\/uploads\\\/2020\\\/09\\\/cropped-logo-duze.png\",\"contentUrl\":\"https:\\\/\\\/sklep.skoral.com\\\/wp-content\\\/uploads\\\/2020\\\/09\\\/cropped-logo-duze.png\",\"width\":1200,\"height\":293,\"caption\":\"Sk\u00f3ral - Pracownia odzie\u017cy i akcesori\u00f3w sk\u00f3rzanych\"},\"image\":{\"@id\":\"https:\\\/\\\/sklep.skoral.com\\\/es\\\/#\\\/schema\\\/logo\\\/image\\\/\"},\"sameAs\":[\"https:\\\/\\\/www.facebook.com\\\/SkoralNaturalLeather\",\"https:\\\/\\\/www.instagram.com\\\/skoraldesign\\\/\",\"https:\\\/\\\/www.youtube.com\\\/channel\\\/UCijmecsRU9TpML5jIEBsWTw\"]}]}<\/script>\n<!-- \/ Yoast SEO plugin. -->","yoast_head_json":{"title":"Kurtka sk\u00f3rzana damska - Pleava S3 - Pracownia Sk\u00f3ral","description":"Dopasowana kurtka sk\u00f3rzana damska Pleava S3 - to wyj\u0105tkowy fason dla kobiet ceni\u0105cych najnowsze trendy w modzie. Sklep Sk\u00f3ral.","robots":{"index":"index","follow":"follow","max-snippet":"max-snippet:-1","max-image-preview":"max-image-preview:large","max-video-preview":"max-video-preview:-1"},"canonical":"https:\/\/sklep.skoral.com\/es\/produkt\/kurtka-skorzana-damska-pleava-s3\/","og_locale":"es_ES","og_type":"article","og_title":"Kurtka sk\u00f3rzana damska - Pleava S3 - Pracownia Sk\u00f3ral","og_description":"Dopasowana kurtka sk\u00f3rzana damska Pleava S3 - to wyj\u0105tkowy fason dla kobiet ceni\u0105cych najnowsze trendy w modzie. Sklep Sk\u00f3ral.","og_url":"https:\/\/sklep.skoral.com\/es\/produkt\/kurtka-skorzana-damska-pleava-s3\/","og_site_name":"Pracownia Sk\u00f3ral","article_publisher":"https:\/\/www.facebook.com\/SkoralNaturalLeather","article_modified_time":"2024-08-14T10:15:08+00:00","og_image":[{"width":1024,"height":1280,"url":"https:\/\/sklep.skoral.com\/wp-content\/uploads\/2021\/01\/kurtka-skorzana-damska-pleava-s3.jpg","type":"image\/jpeg"}],"twitter_card":"summary_large_image","twitter_misc":{"Tiempo de lectura":"1 minuto"},"schema":{"@context":"https:\/\/schema.org","@graph":[{"@type":["WebPage","ItemPage"],"@id":"https:\/\/sklep.skoral.com\/es\/produkt\/kurtka-skorzana-damska-pleava-s3\/","url":"https:\/\/sklep.skoral.com\/es\/produkt\/kurtka-skorzana-damska-pleava-s3\/","name":"Kurtka sk\u00f3rzana damska - Pleava S3 - Pracownia Sk\u00f3ral","isPartOf":{"@id":"https:\/\/sklep.skoral.com\/es\/#website"},"primaryImageOfPage":{"@id":"https:\/\/sklep.skoral.com\/es\/produkt\/kurtka-skorzana-damska-pleava-s3\/#primaryimage"},"image":{"@id":"https:\/\/sklep.skoral.com\/es\/produkt\/kurtka-skorzana-damska-pleava-s3\/#primaryimage"},"thumbnailUrl":"https:\/\/sklep.skoral.com\/wp-content\/uploads\/2021\/01\/kurtka-skorzana-damska-pleava-s3.jpg","datePublished":"2021-01-19T17:38:05+00:00","dateModified":"2024-08-14T10:15:08+00:00","description":"Dopasowana kurtka sk\u00f3rzana damska Pleava S3 - to wyj\u0105tkowy fason dla kobiet ceni\u0105cych najnowsze trendy w modzie. Sklep Sk\u00f3ral.","breadcrumb":{"@id":"https:\/\/sklep.skoral.com\/es\/produkt\/kurtka-skorzana-damska-pleava-s3\/#breadcrumb"},"inLanguage":"es","potentialAction":[{"@type":"ReadAction","target":["https:\/\/sklep.skoral.com\/es\/produkt\/kurtka-skorzana-damska-pleava-s3\/"]}]},{"@type":"ImageObject","inLanguage":"es","@id":"https:\/\/sklep.skoral.com\/es\/produkt\/kurtka-skorzana-damska-pleava-s3\/#primaryimage","url":"https:\/\/sklep.skoral.com\/wp-content\/uploads\/2021\/01\/kurtka-skorzana-damska-pleava-s3.jpg","contentUrl":"https:\/\/sklep.skoral.com\/wp-content\/uploads\/2021\/01\/kurtka-skorzana-damska-pleava-s3.jpg","width":1024,"height":1280,"caption":"Kurtka sk\u00f3rzana damska - Pleava S3"},{"@type":"BreadcrumbList","@id":"https:\/\/sklep.skoral.com\/es\/produkt\/kurtka-skorzana-damska-pleava-s3\/#breadcrumb","itemListElement":[{"@type":"ListItem","position":1,"name":"Strona g\u0142\u00f3wna","item":"https:\/\/sklep.skoral.com\/es\/"},{"@type":"ListItem","position":2,"name":"Tienda","item":"https:\/\/sklep.skoral.com\/es\/tienda\/"},{"@type":"ListItem","position":3,"name":"Kurtka sk\u00f3rzana damska &#8211; Pleava S3"}]},{"@type":"WebSite","@id":"https:\/\/sklep.skoral.com\/es\/#website","url":"https:\/\/sklep.skoral.com\/es\/","name":"Pracownia Sk\u00f3ral","description":"Sklep z odzie\u017c\u0105\u00a0sk\u00f3rzan\u0105 i akcesoriami ze sk\u00f3ry naturalnej","publisher":{"@id":"https:\/\/sklep.skoral.com\/es\/#organization"},"potentialAction":[{"@type":"SearchAction","target":{"@type":"EntryPoint","urlTemplate":"https:\/\/sklep.skoral.com\/es\/?s={search_term_string}"},"query-input":{"@type":"PropertyValueSpecification","valueRequired":true,"valueName":"search_term_string"}}],"inLanguage":"es"},{"@type":"Organization","@id":"https:\/\/sklep.skoral.com\/es\/#organization","name":"Sk\u00f3ral - Pracownia odzie\u017cy i akcesori\u00f3w sk\u00f3rzanych","url":"https:\/\/sklep.skoral.com\/es\/","logo":{"@type":"ImageObject","inLanguage":"es","@id":"https:\/\/sklep.skoral.com\/es\/#\/schema\/logo\/image\/","url":"https:\/\/sklep.skoral.com\/wp-content\/uploads\/2020\/09\/cropped-logo-duze.png","contentUrl":"https:\/\/sklep.skoral.com\/wp-content\/uploads\/2020\/09\/cropped-logo-duze.png","width":1200,"height":293,"caption":"Sk\u00f3ral - Pracownia odzie\u017cy i akcesori\u00f3w sk\u00f3rzanych"},"image":{"@id":"https:\/\/sklep.skoral.com\/es\/#\/schema\/logo\/image\/"},"sameAs":["https:\/\/www.facebook.com\/SkoralNaturalLeather","https:\/\/www.instagram.com\/skoraldesign\/","https:\/\/www.youtube.com\/channel\/UCijmecsRU9TpML5jIEBsWTw"]}]}},"jetpack_sharing_enabled":true,"_links":{"self":[{"href":"https:\/\/sklep.skoral.com\/es\/wp-json\/wp\/v2\/product\/338","targetHints":{"allow":["GET"]}}],"collection":[{"href":"https:\/\/sklep.skoral.com\/es\/wp-json\/wp\/v2\/product"}],"about":[{"href":"https:\/\/sklep.skoral.com\/es\/wp-json\/wp\/v2\/types\/product"}],"wp:featuredmedia":[{"embeddable":true,"href":"https:\/\/sklep.skoral.com\/es\/wp-json\/wp\/v2\/media\/340"}],"wp:attachment":[{"href":"https:\/\/sklep.skoral.com\/es\/wp-json\/wp\/v2\/media?parent=338"}],"wp:term":[{"taxonomy":"product_brand","embeddable":true,"href":"https:\/\/sklep.skoral.com\/es\/wp-json\/wp\/v2\/product_brand?post=338"},{"taxonomy":"product_cat","embeddable":true,"href":"https:\/\/sklep.skoral.com\/es\/wp-json\/wp\/v2\/product_cat?post=338"},{"taxonomy":"product_tag","embeddable":true,"href":"https:\/\/sklep.skoral.com\/es\/wp-json\/wp\/v2\/product_tag?post=338"}],"curies":[{"name":"wp","href":"https:\/\/api.w.org\/{rel}","templated":true}]}}