{"id":509,"date":"2021-01-21T16:35:15","date_gmt":"2021-01-21T15:35:15","guid":{"rendered":"https:\/\/sklep.skoral.com\/?post_type=product&#038;p=509"},"modified":"2022-08-23T18:33:26","modified_gmt":"2022-08-23T16:33:26","slug":"skorzana-podkladka-pod-myszke-brazowa","status":"publish","type":"product","link":"https:\/\/sklep.skoral.com\/es\/produkt\/skorzana-podkladka-pod-myszke-brazowa\/","title":{"rendered":"Sk\u00f3rzana podk\u0142adka pod myszk\u0119 &#8211; Br\u0105zowa"},"content":{"rendered":"<p><strong>Br\u0105zowa podk\u0142adka sk\u00f3rzana pod myszk\u0119.<\/strong> Idealnie wsp\u00f3\u0142pracuje z myszkami optycznymi oraz myszkami laserowymi.<\/p>\n<ul>\n<li>Rozmiar: <strong>30cm x 25cm<\/strong> &#8211; mo\u017cliwo\u015b\u0107 dostosowania wielko\u015bci w tej samej cenie +\/- 2cm &#8211; prosimy o dodanie komentarza w tej sprawie przy zakupie.<\/li>\n<li>Kolor: <strong>br\u0105zowy<\/strong><\/li>\n<li>Grubo\u015b\u0107 sk\u00f3ry: <strong>1.4 mm<\/strong><\/li>\n<\/ul>\n<h2>Wyko\u0144czenie sk\u00f3rzanej podk\u0142adki pod myszk\u0119<\/h2>\n<p>Dajemy mo\u017cliwo\u015b\u0107 wyboru wyko\u0144czenia rog\u00f3w podk\u0142adki sk\u00f3rzanej.<\/p>\n<ul>\n<li><strong>Kszta\u0142t rog\u00f3w podk\u0142adki<\/strong> &#8211; do wyboru mamy rogi proste oraz rogi zaokr\u0105glone. Wyb\u00f3r tego wyko\u0144czenia nie ma wp\u0142ywu ergonomi\u0119 lub sztywno\u015b\u0107 podk\u0142adki.<\/li>\n<\/ul>\n<h2>Sk\u00f3ra naturalna, z kt\u00f3re wykonany jest produkt<\/h2>\n<p>Nasze akcesoria sk\u00f3rzane wykonane s\u0105 ze sk\u00f3ry naturalnej &#8211; z polskiej sk\u00f3ry bydl\u0119cej (nie eko-sk\u00f3ry czy innych wyrob\u00f3w sk\u00f3ro podobnych).<br \/>\nSk\u00f3ra naturalna jest hipoalergiczna i posiada bardzo przydatn\u0105 funkcj\u0119 &#8211; wch\u0142ania i oddaje wilgo\u0107, co podwy\u017csza komfort przy codziennej, wielogodzinnej pracy. W pracy z myszk\u0105 liczy si\u0119 r\u00f3wnie\u017c lekko\u015b\u0107 przesuwania urz\u0105dzenia po macie. Dzi\u0119ki zastosowaniu lakieru, kt\u00f3ry nadaje macie delikatny po\u0142ysk i zabezpiecza sk\u00f3r\u0119 przed uszkodzeniami, mo\u017cemy swobodnie przesuwa\u0107 myszk\u0105 po podk\u0142adce.<\/p>\n<p>Ponadto, sk\u00f3ra naturalna jest bardzo przyjemna w dotyku. Ilo\u015b\u0107 zmarszczek oraz jest zminimalizowana, co daje jednolit\u0105 powierzchnie robocz\u0105 maj\u0105c\u0105 wp\u0142yw na wysoki komfort u\u017cytkowania.<\/p>\n","protected":false},"excerpt":{"rendered":"<p>Wysokiej jako\u015bci sk\u00f3rzana podk\u0142adka pod myszk\u0119. Sk\u00f3ra licowa z jednolit\u0105 powierzchni\u0105, lakierem czu\u0142ym na optyk\u0119 i laser myszki. Mi\u0142a w dotyku, zwi\u0119kszaj\u0105ca komfort pracy.<\/p>\n","protected":false},"featured_media":518,"template":"","meta":{"_monsterinsights_skip_tracking":false,"_monsterinsights_sitenote_active":false,"_monsterinsights_sitenote_note":"","_monsterinsights_sitenote_category":0},"product_brand":[],"product_cat":[29],"product_tag":[69],"class_list":{"0":"post-509","1":"product","2":"type-product","3":"status-publish","4":"has-post-thumbnail","6":"product_cat-podkladki-skorzane-pod-myszke","7":"product_tag-akcesoria-do-biura","9":"first","10":"instock","11":"taxable","12":"shipping-taxable","13":"purchasable","14":"product-type-variable","15":"has-default-attributes"},"yoast_head":"<!-- This site is optimized with the Yoast SEO plugin v27.6 - https:\/\/yoast.com\/product\/yoast-seo-wordpress\/ -->\n<title>Sk\u00f3rzana podk\u0142adka pod myszk\u0119 - Br\u0105zowa - Pracownia Sk\u00f3ral<\/title>\n<meta name=\"description\" content=\"Br\u0105zowa sk\u00f3rzana podk\u0142adka pod muszk\u0119 z licowej sk\u00f3ry. Wysoki komfort u\u017cytkowania i wysoka czu\u0142o\u015b\u0107 na optyk\u0119\u00a0i laser myszki. Produkt Polski.\" \/>\n<meta name=\"robots\" content=\"index, follow, max-snippet:-1, max-image-preview:large, max-video-preview:-1\" \/>\n<link rel=\"canonical\" href=\"https:\/\/sklep.skoral.com\/es\/produkt\/skorzana-podkladka-pod-myszke-brazowa\/\" \/>\n<meta property=\"og:locale\" content=\"es_ES\" \/>\n<meta property=\"og:type\" content=\"article\" \/>\n<meta property=\"og:title\" content=\"Sk\u00f3rzana podk\u0142adka pod myszk\u0119 - Br\u0105zowa - Pracownia Sk\u00f3ral\" \/>\n<meta property=\"og:description\" content=\"Br\u0105zowa sk\u00f3rzana podk\u0142adka pod muszk\u0119 z licowej sk\u00f3ry. Wysoki komfort u\u017cytkowania i wysoka czu\u0142o\u015b\u0107 na optyk\u0119\u00a0i laser myszki. Produkt Polski.\" \/>\n<meta property=\"og:url\" content=\"https:\/\/sklep.skoral.com\/es\/produkt\/skorzana-podkladka-pod-myszke-brazowa\/\" \/>\n<meta property=\"og:site_name\" content=\"Pracownia Sk\u00f3ral\" \/>\n<meta property=\"article:publisher\" content=\"https:\/\/www.facebook.com\/SkoralNaturalLeather\" \/>\n<meta property=\"article:modified_time\" content=\"2022-08-23T16:33:26+00:00\" \/>\n<meta property=\"og:image\" content=\"https:\/\/sklep.skoral.com\/wp-content\/uploads\/2021\/01\/brazowa-skorzana-podkladka-pod-myszke.jpg\" \/>\n\t<meta property=\"og:image:width\" content=\"2560\" \/>\n\t<meta property=\"og:image:height\" content=\"2036\" \/>\n\t<meta property=\"og:image:type\" content=\"image\/jpeg\" \/>\n<meta name=\"twitter:card\" content=\"summary_large_image\" \/>\n<meta name=\"twitter:label1\" content=\"Tiempo de lectura\" \/>\n\t<meta name=\"twitter:data1\" content=\"1 minuto\" \/>\n<script type=\"application\/ld+json\" class=\"yoast-schema-graph\">{\"@context\":\"https:\\\/\\\/schema.org\",\"@graph\":[{\"@type\":[\"WebPage\",\"ItemPage\"],\"@id\":\"https:\\\/\\\/sklep.skoral.com\\\/es\\\/produkt\\\/skorzana-podkladka-pod-myszke-brazowa\\\/\",\"url\":\"https:\\\/\\\/sklep.skoral.com\\\/es\\\/produkt\\\/skorzana-podkladka-pod-myszke-brazowa\\\/\",\"name\":\"Sk\u00f3rzana podk\u0142adka pod myszk\u0119 - Br\u0105zowa - Pracownia Sk\u00f3ral\",\"isPartOf\":{\"@id\":\"https:\\\/\\\/sklep.skoral.com\\\/es\\\/#website\"},\"primaryImageOfPage\":{\"@id\":\"https:\\\/\\\/sklep.skoral.com\\\/es\\\/produkt\\\/skorzana-podkladka-pod-myszke-brazowa\\\/#primaryimage\"},\"image\":{\"@id\":\"https:\\\/\\\/sklep.skoral.com\\\/es\\\/produkt\\\/skorzana-podkladka-pod-myszke-brazowa\\\/#primaryimage\"},\"thumbnailUrl\":\"https:\\\/\\\/sklep.skoral.com\\\/wp-content\\\/uploads\\\/2021\\\/01\\\/brazowa-skorzana-podkladka-pod-myszke.jpg\",\"datePublished\":\"2021-01-21T15:35:15+00:00\",\"dateModified\":\"2022-08-23T16:33:26+00:00\",\"description\":\"Br\u0105zowa sk\u00f3rzana podk\u0142adka pod muszk\u0119 z licowej sk\u00f3ry. Wysoki komfort u\u017cytkowania i wysoka czu\u0142o\u015b\u0107 na optyk\u0119\u00a0i laser myszki. Produkt Polski.\",\"breadcrumb\":{\"@id\":\"https:\\\/\\\/sklep.skoral.com\\\/es\\\/produkt\\\/skorzana-podkladka-pod-myszke-brazowa\\\/#breadcrumb\"},\"inLanguage\":\"es\",\"potentialAction\":[{\"@type\":\"ReadAction\",\"target\":[\"https:\\\/\\\/sklep.skoral.com\\\/es\\\/produkt\\\/skorzana-podkladka-pod-myszke-brazowa\\\/\"]}]},{\"@type\":\"ImageObject\",\"inLanguage\":\"es\",\"@id\":\"https:\\\/\\\/sklep.skoral.com\\\/es\\\/produkt\\\/skorzana-podkladka-pod-myszke-brazowa\\\/#primaryimage\",\"url\":\"https:\\\/\\\/sklep.skoral.com\\\/wp-content\\\/uploads\\\/2021\\\/01\\\/brazowa-skorzana-podkladka-pod-myszke.jpg\",\"contentUrl\":\"https:\\\/\\\/sklep.skoral.com\\\/wp-content\\\/uploads\\\/2021\\\/01\\\/brazowa-skorzana-podkladka-pod-myszke.jpg\",\"width\":2560,\"height\":2036,\"caption\":\"Br\u0105zowa sk\u00f3rzana podk\u0142adka pod myszk\u0119\"},{\"@type\":\"BreadcrumbList\",\"@id\":\"https:\\\/\\\/sklep.skoral.com\\\/es\\\/produkt\\\/skorzana-podkladka-pod-myszke-brazowa\\\/#breadcrumb\",\"itemListElement\":[{\"@type\":\"ListItem\",\"position\":1,\"name\":\"Strona g\u0142\u00f3wna\",\"item\":\"https:\\\/\\\/sklep.skoral.com\\\/es\\\/\"},{\"@type\":\"ListItem\",\"position\":2,\"name\":\"Tienda\",\"item\":\"https:\\\/\\\/sklep.skoral.com\\\/es\\\/tienda\\\/\"},{\"@type\":\"ListItem\",\"position\":3,\"name\":\"Sk\u00f3rzana podk\u0142adka pod myszk\u0119 &#8211; Br\u0105zowa\"}]},{\"@type\":\"WebSite\",\"@id\":\"https:\\\/\\\/sklep.skoral.com\\\/es\\\/#website\",\"url\":\"https:\\\/\\\/sklep.skoral.com\\\/es\\\/\",\"name\":\"Pracownia Sk\u00f3ral\",\"description\":\"Sklep z odzie\u017c\u0105\u00a0sk\u00f3rzan\u0105 i akcesoriami ze sk\u00f3ry naturalnej\",\"publisher\":{\"@id\":\"https:\\\/\\\/sklep.skoral.com\\\/es\\\/#organization\"},\"potentialAction\":[{\"@type\":\"SearchAction\",\"target\":{\"@type\":\"EntryPoint\",\"urlTemplate\":\"https:\\\/\\\/sklep.skoral.com\\\/es\\\/?s={search_term_string}\"},\"query-input\":{\"@type\":\"PropertyValueSpecification\",\"valueRequired\":true,\"valueName\":\"search_term_string\"}}],\"inLanguage\":\"es\"},{\"@type\":\"Organization\",\"@id\":\"https:\\\/\\\/sklep.skoral.com\\\/es\\\/#organization\",\"name\":\"Sk\u00f3ral - Pracownia odzie\u017cy i akcesori\u00f3w sk\u00f3rzanych\",\"url\":\"https:\\\/\\\/sklep.skoral.com\\\/es\\\/\",\"logo\":{\"@type\":\"ImageObject\",\"inLanguage\":\"es\",\"@id\":\"https:\\\/\\\/sklep.skoral.com\\\/es\\\/#\\\/schema\\\/logo\\\/image\\\/\",\"url\":\"https:\\\/\\\/sklep.skoral.com\\\/wp-content\\\/uploads\\\/2020\\\/09\\\/cropped-logo-duze.png\",\"contentUrl\":\"https:\\\/\\\/sklep.skoral.com\\\/wp-content\\\/uploads\\\/2020\\\/09\\\/cropped-logo-duze.png\",\"width\":1200,\"height\":293,\"caption\":\"Sk\u00f3ral - Pracownia odzie\u017cy i akcesori\u00f3w sk\u00f3rzanych\"},\"image\":{\"@id\":\"https:\\\/\\\/sklep.skoral.com\\\/es\\\/#\\\/schema\\\/logo\\\/image\\\/\"},\"sameAs\":[\"https:\\\/\\\/www.facebook.com\\\/SkoralNaturalLeather\",\"https:\\\/\\\/www.instagram.com\\\/skoraldesign\\\/\",\"https:\\\/\\\/www.youtube.com\\\/channel\\\/UCijmecsRU9TpML5jIEBsWTw\"]}]}<\/script>\n<!-- \/ Yoast SEO plugin. -->","yoast_head_json":{"title":"Sk\u00f3rzana podk\u0142adka pod myszk\u0119 - Br\u0105zowa - Pracownia Sk\u00f3ral","description":"Br\u0105zowa sk\u00f3rzana podk\u0142adka pod muszk\u0119 z licowej sk\u00f3ry. Wysoki komfort u\u017cytkowania i wysoka czu\u0142o\u015b\u0107 na optyk\u0119\u00a0i laser myszki. Produkt Polski.","robots":{"index":"index","follow":"follow","max-snippet":"max-snippet:-1","max-image-preview":"max-image-preview:large","max-video-preview":"max-video-preview:-1"},"canonical":"https:\/\/sklep.skoral.com\/es\/produkt\/skorzana-podkladka-pod-myszke-brazowa\/","og_locale":"es_ES","og_type":"article","og_title":"Sk\u00f3rzana podk\u0142adka pod myszk\u0119 - Br\u0105zowa - Pracownia Sk\u00f3ral","og_description":"Br\u0105zowa sk\u00f3rzana podk\u0142adka pod muszk\u0119 z licowej sk\u00f3ry. Wysoki komfort u\u017cytkowania i wysoka czu\u0142o\u015b\u0107 na optyk\u0119\u00a0i laser myszki. Produkt Polski.","og_url":"https:\/\/sklep.skoral.com\/es\/produkt\/skorzana-podkladka-pod-myszke-brazowa\/","og_site_name":"Pracownia Sk\u00f3ral","article_publisher":"https:\/\/www.facebook.com\/SkoralNaturalLeather","article_modified_time":"2022-08-23T16:33:26+00:00","og_image":[{"width":2560,"height":2036,"url":"https:\/\/sklep.skoral.com\/wp-content\/uploads\/2021\/01\/brazowa-skorzana-podkladka-pod-myszke.jpg","type":"image\/jpeg"}],"twitter_card":"summary_large_image","twitter_misc":{"Tiempo de lectura":"1 minuto"},"schema":{"@context":"https:\/\/schema.org","@graph":[{"@type":["WebPage","ItemPage"],"@id":"https:\/\/sklep.skoral.com\/es\/produkt\/skorzana-podkladka-pod-myszke-brazowa\/","url":"https:\/\/sklep.skoral.com\/es\/produkt\/skorzana-podkladka-pod-myszke-brazowa\/","name":"Sk\u00f3rzana podk\u0142adka pod myszk\u0119 - Br\u0105zowa - Pracownia Sk\u00f3ral","isPartOf":{"@id":"https:\/\/sklep.skoral.com\/es\/#website"},"primaryImageOfPage":{"@id":"https:\/\/sklep.skoral.com\/es\/produkt\/skorzana-podkladka-pod-myszke-brazowa\/#primaryimage"},"image":{"@id":"https:\/\/sklep.skoral.com\/es\/produkt\/skorzana-podkladka-pod-myszke-brazowa\/#primaryimage"},"thumbnailUrl":"https:\/\/sklep.skoral.com\/wp-content\/uploads\/2021\/01\/brazowa-skorzana-podkladka-pod-myszke.jpg","datePublished":"2021-01-21T15:35:15+00:00","dateModified":"2022-08-23T16:33:26+00:00","description":"Br\u0105zowa sk\u00f3rzana podk\u0142adka pod muszk\u0119 z licowej sk\u00f3ry. Wysoki komfort u\u017cytkowania i wysoka czu\u0142o\u015b\u0107 na optyk\u0119\u00a0i laser myszki. Produkt Polski.","breadcrumb":{"@id":"https:\/\/sklep.skoral.com\/es\/produkt\/skorzana-podkladka-pod-myszke-brazowa\/#breadcrumb"},"inLanguage":"es","potentialAction":[{"@type":"ReadAction","target":["https:\/\/sklep.skoral.com\/es\/produkt\/skorzana-podkladka-pod-myszke-brazowa\/"]}]},{"@type":"ImageObject","inLanguage":"es","@id":"https:\/\/sklep.skoral.com\/es\/produkt\/skorzana-podkladka-pod-myszke-brazowa\/#primaryimage","url":"https:\/\/sklep.skoral.com\/wp-content\/uploads\/2021\/01\/brazowa-skorzana-podkladka-pod-myszke.jpg","contentUrl":"https:\/\/sklep.skoral.com\/wp-content\/uploads\/2021\/01\/brazowa-skorzana-podkladka-pod-myszke.jpg","width":2560,"height":2036,"caption":"Br\u0105zowa sk\u00f3rzana podk\u0142adka pod myszk\u0119"},{"@type":"BreadcrumbList","@id":"https:\/\/sklep.skoral.com\/es\/produkt\/skorzana-podkladka-pod-myszke-brazowa\/#breadcrumb","itemListElement":[{"@type":"ListItem","position":1,"name":"Strona g\u0142\u00f3wna","item":"https:\/\/sklep.skoral.com\/es\/"},{"@type":"ListItem","position":2,"name":"Tienda","item":"https:\/\/sklep.skoral.com\/es\/tienda\/"},{"@type":"ListItem","position":3,"name":"Sk\u00f3rzana podk\u0142adka pod myszk\u0119 &#8211; Br\u0105zowa"}]},{"@type":"WebSite","@id":"https:\/\/sklep.skoral.com\/es\/#website","url":"https:\/\/sklep.skoral.com\/es\/","name":"Pracownia Sk\u00f3ral","description":"Sklep z odzie\u017c\u0105\u00a0sk\u00f3rzan\u0105 i akcesoriami ze sk\u00f3ry naturalnej","publisher":{"@id":"https:\/\/sklep.skoral.com\/es\/#organization"},"potentialAction":[{"@type":"SearchAction","target":{"@type":"EntryPoint","urlTemplate":"https:\/\/sklep.skoral.com\/es\/?s={search_term_string}"},"query-input":{"@type":"PropertyValueSpecification","valueRequired":true,"valueName":"search_term_string"}}],"inLanguage":"es"},{"@type":"Organization","@id":"https:\/\/sklep.skoral.com\/es\/#organization","name":"Sk\u00f3ral - Pracownia odzie\u017cy i akcesori\u00f3w sk\u00f3rzanych","url":"https:\/\/sklep.skoral.com\/es\/","logo":{"@type":"ImageObject","inLanguage":"es","@id":"https:\/\/sklep.skoral.com\/es\/#\/schema\/logo\/image\/","url":"https:\/\/sklep.skoral.com\/wp-content\/uploads\/2020\/09\/cropped-logo-duze.png","contentUrl":"https:\/\/sklep.skoral.com\/wp-content\/uploads\/2020\/09\/cropped-logo-duze.png","width":1200,"height":293,"caption":"Sk\u00f3ral - Pracownia odzie\u017cy i akcesori\u00f3w sk\u00f3rzanych"},"image":{"@id":"https:\/\/sklep.skoral.com\/es\/#\/schema\/logo\/image\/"},"sameAs":["https:\/\/www.facebook.com\/SkoralNaturalLeather","https:\/\/www.instagram.com\/skoraldesign\/","https:\/\/www.youtube.com\/channel\/UCijmecsRU9TpML5jIEBsWTw"]}]}},"jetpack_sharing_enabled":true,"_links":{"self":[{"href":"https:\/\/sklep.skoral.com\/es\/wp-json\/wp\/v2\/product\/509","targetHints":{"allow":["GET"]}}],"collection":[{"href":"https:\/\/sklep.skoral.com\/es\/wp-json\/wp\/v2\/product"}],"about":[{"href":"https:\/\/sklep.skoral.com\/es\/wp-json\/wp\/v2\/types\/product"}],"wp:featuredmedia":[{"embeddable":true,"href":"https:\/\/sklep.skoral.com\/es\/wp-json\/wp\/v2\/media\/518"}],"wp:attachment":[{"href":"https:\/\/sklep.skoral.com\/es\/wp-json\/wp\/v2\/media?parent=509"}],"wp:term":[{"taxonomy":"product_brand","embeddable":true,"href":"https:\/\/sklep.skoral.com\/es\/wp-json\/wp\/v2\/product_brand?post=509"},{"taxonomy":"product_cat","embeddable":true,"href":"https:\/\/sklep.skoral.com\/es\/wp-json\/wp\/v2\/product_cat?post=509"},{"taxonomy":"product_tag","embeddable":true,"href":"https:\/\/sklep.skoral.com\/es\/wp-json\/wp\/v2\/product_tag?post=509"}],"curies":[{"name":"wp","href":"https:\/\/api.w.org\/{rel}","templated":true}]}}