{"id":526,"date":"2021-01-21T22:41:10","date_gmt":"2021-01-21T21:41:10","guid":{"rendered":"https:\/\/sklep.skoral.com\/?post_type=product&#038;p=526"},"modified":"2024-08-14T12:14:28","modified_gmt":"2024-08-14T10:14:28","slug":"podnozek-poduszka-skorzana-czarna","status":"publish","type":"product","link":"https:\/\/sklep.skoral.com\/es\/produkt\/podnozek-poduszka-skorzana-czarna\/","title":{"rendered":"Podn\u00f3\u017cek &#8211; Poduszka sk\u00f3rzana &#8211; Czarna"},"content":{"rendered":"<p>Prezentujemy <strong>elegancki podn\u00f3\u017cek sk\u00f3rzany &#8211; poduszk\u0119 pod nogi &#8211; wykonan\u0105 ze sk\u00f3ry naturalnej.<\/strong> Podn\u00f3\u017cek zosta\u0142 zaprojektowany, aby zwi\u0119kszy\u0107 komfort podczas pracy siedz\u0105cej przy biurku.<\/p>\n<ul>\n<li>Rozmiar &#8211; sta\u0142a <strong>szeroko\u015b\u0107 37cm<\/strong>, do wyboru d\u0142ugo\u015b\u0107 podn\u00f3\u017cka od <strong>40cm do 65 cm<\/strong><\/li>\n<li>Kolor: <strong>czarny<\/strong><\/li>\n<li>Wz\u00f3r: do wyboru wz\u00f3r w <strong>kwadraty, prostok\u0105ty oraz bez wzoru<\/strong><\/li>\n<li>Wype\u0142nienie: <strong>mi\u0119kkie<\/strong> (g\u0105bka oraz pianka) lub <strong>usztywnione<\/strong> (sama g\u0105bka)<\/li>\n<li>Materia\u0142: <strong>sk\u00f3ra naturalna licowa, produkcja Polska<\/strong><\/li>\n<\/ul>\n<p><strong>Podn\u00f3\u017cek sk\u00f3rzany<\/strong> jest wyj\u0105tkowym dodatkiem do Twojego biura. Uprzyjemnia prac\u0119 oraz wymusza poprawn\u0105 postaw\u0119 Twojego cia\u0142a przy biurku. Zastosowana sk\u00f3ra naturalna jest przyjemna w dotyku, zapewnia odpowiedni\u0105 wentylacj\u0119, przez co stopy nie b\u0119d\u0105 si\u0119 poci\u0107. Produkt ten dobrze izoluje od zimnego pod\u0142o\u017ca, kt\u00f3re mo\u017ce wp\u0142ywa\u0107 znacz\u0105co na komfort termiczny.<\/p>\n<p>Poduszka mo\u017ce zosta\u0107 wyko\u0144czona w r\u00f3\u017cne wzory. Kwadratowy (kwadraty wielko\u015bci oko\u0142o 8cm x 8 cm), prostok\u0105ty (8cm x 11 cm), lub pozosta\u0107 bez wzoru (jednolita sk\u00f3ra). Podn\u00f3\u017cek mo\u017cemy wykorzysta\u0107 r\u00f3wnie\u017c jako poduszk\u0119 pod g\u0142ow\u0119 na Twojej ulubionej kanapie.<\/p>\n<p>Do wyboru s\u0105 dwa typy wype\u0142nienia. Mi\u0119kkie wype\u0142nienie sk\u0142ada si\u0119 ze sztywnej g\u0105bki nadaj\u0105cej kszta\u0142t oraz we\u0142ny wype\u0142niaj\u0105cej. Przy twardym wype\u0142nieniu u\u017cyta zosta\u0142a tylko g\u0105bka, co powoduje, \u017ce ca\u0142a poduszka staje si\u0119 sztywniejsza. Ka\u017cda poduszka wyposa\u017cona jest w podszewk\u0119, dzi\u0119ki temu w ka\u017cdej chwili mo\u017cesz zmieni\u0107 wype\u0142nienie sk\u00f3rzanego podn\u00f3\u017cka i dostosowa\u0107 mi\u0119kko\u015b\u0107 poduszki do swoich upodoba\u0144.<\/p>\n<p>Na zdj\u0119ciu podn\u00f3\u017cek czarny w wielko\u015bci 45cm x 37cm.<\/p>\n<p>Poduszk\u0119 mo\u017cemy wykona\u0107 z tej samej sk\u00f3ry i w tym samym kolorze co <a href=\"https:\/\/sklep.skoral.com\/produkt\/skorzana-podkladka-pod-myszke\/\">podk\u0142adk\u0119 pod myszk\u0119<\/a> oraz <a href=\"https:\/\/sklep.skoral.com\/produkt\/podkladka-mata-skorzana\/\">mat\u0119 sk\u00f3rzan\u0105 na biurko<\/a>.<\/p>\n<p>Jeste\u015bmy producentem wszystkich akcesori\u00f3w sk\u00f3rzanych. Z ch\u0119ci\u0105 zrealizujemy Tw\u00f3j projekt!<\/p>\n","protected":false},"excerpt":{"rendered":"<p>Stylowa poduszka \/ <strong>podn\u00f3\u017cek ze sk\u00f3ry naturalnej<\/strong> w kolorze czarnym oraz dobranym przez Ciebie rozmiarem. Luksusowy dodatek do Twojego domowego biura.<\/p>\n","protected":false},"featured_media":527,"template":"","meta":{"_monsterinsights_skip_tracking":false,"_monsterinsights_sitenote_active":false,"_monsterinsights_sitenote_note":"","_monsterinsights_sitenote_category":0},"product_brand":[],"product_cat":[75],"product_tag":[69],"class_list":{"0":"post-526","1":"product","2":"type-product","3":"status-publish","4":"has-post-thumbnail","6":"product_cat-poduszki-podnozki-skorzane","7":"product_tag-akcesoria-do-biura","9":"first","10":"instock","11":"taxable","12":"shipping-taxable","13":"purchasable","14":"product-type-variable","15":"has-default-attributes"},"yoast_head":"<!-- This site is optimized with the Yoast SEO plugin v27.6 - https:\/\/yoast.com\/product\/yoast-seo-wordpress\/ -->\n<title>Podn\u00f3\u017cek - Poduszka sk\u00f3rzana - Czarna - Pracownia Sk\u00f3ral<\/title>\n<meta name=\"description\" content=\"Stylowy podn\u00f3\u017cek sk\u00f3rzany jest \u015bwietnym dodatkiem do Twoje biura. Zwi\u0119kszy komfort Twoich st\u00f3p oraz skoryguje pozycje przy siedzeniu.\" \/>\n<meta name=\"robots\" content=\"index, follow, max-snippet:-1, max-image-preview:large, max-video-preview:-1\" \/>\n<link rel=\"canonical\" href=\"https:\/\/sklep.skoral.com\/es\/produkt\/podnozek-poduszka-skorzana-czarna\/\" \/>\n<meta property=\"og:locale\" content=\"es_ES\" \/>\n<meta property=\"og:type\" content=\"article\" \/>\n<meta property=\"og:title\" content=\"Podn\u00f3\u017cek - Poduszka sk\u00f3rzana - Czarna - Pracownia Sk\u00f3ral\" \/>\n<meta property=\"og:description\" content=\"Stylowy podn\u00f3\u017cek sk\u00f3rzany jest \u015bwietnym dodatkiem do Twoje biura. Zwi\u0119kszy komfort Twoich st\u00f3p oraz skoryguje pozycje przy siedzeniu.\" \/>\n<meta property=\"og:url\" content=\"https:\/\/sklep.skoral.com\/es\/produkt\/podnozek-poduszka-skorzana-czarna\/\" \/>\n<meta property=\"og:site_name\" content=\"Pracownia Sk\u00f3ral\" \/>\n<meta property=\"article:publisher\" content=\"https:\/\/www.facebook.com\/SkoralNaturalLeather\" \/>\n<meta property=\"article:modified_time\" content=\"2024-08-14T10:14:28+00:00\" \/>\n<meta property=\"og:image\" content=\"https:\/\/sklep.skoral.com\/wp-content\/uploads\/2021\/01\/poduszka-podnozek-ze-skory-naturalnej.jpg\" \/>\n\t<meta property=\"og:image:width\" content=\"2560\" \/>\n\t<meta property=\"og:image:height\" content=\"1937\" \/>\n\t<meta property=\"og:image:type\" content=\"image\/jpeg\" \/>\n<meta name=\"twitter:card\" content=\"summary_large_image\" \/>\n<meta name=\"twitter:label1\" content=\"Tiempo de lectura\" \/>\n\t<meta name=\"twitter:data1\" content=\"2 minutos\" \/>\n<script type=\"application\/ld+json\" class=\"yoast-schema-graph\">{\"@context\":\"https:\\\/\\\/schema.org\",\"@graph\":[{\"@type\":[\"WebPage\",\"ItemPage\"],\"@id\":\"https:\\\/\\\/sklep.skoral.com\\\/es\\\/produkt\\\/podnozek-poduszka-skorzana-czarna\\\/\",\"url\":\"https:\\\/\\\/sklep.skoral.com\\\/es\\\/produkt\\\/podnozek-poduszka-skorzana-czarna\\\/\",\"name\":\"Podn\u00f3\u017cek - Poduszka sk\u00f3rzana - Czarna - Pracownia Sk\u00f3ral\",\"isPartOf\":{\"@id\":\"https:\\\/\\\/sklep.skoral.com\\\/es\\\/#website\"},\"primaryImageOfPage\":{\"@id\":\"https:\\\/\\\/sklep.skoral.com\\\/es\\\/produkt\\\/podnozek-poduszka-skorzana-czarna\\\/#primaryimage\"},\"image\":{\"@id\":\"https:\\\/\\\/sklep.skoral.com\\\/es\\\/produkt\\\/podnozek-poduszka-skorzana-czarna\\\/#primaryimage\"},\"thumbnailUrl\":\"https:\\\/\\\/sklep.skoral.com\\\/wp-content\\\/uploads\\\/2021\\\/01\\\/poduszka-podnozek-ze-skory-naturalnej.jpg\",\"datePublished\":\"2021-01-21T21:41:10+00:00\",\"dateModified\":\"2024-08-14T10:14:28+00:00\",\"description\":\"Stylowy podn\u00f3\u017cek sk\u00f3rzany jest \u015bwietnym dodatkiem do Twoje biura. Zwi\u0119kszy komfort Twoich st\u00f3p oraz skoryguje pozycje przy siedzeniu.\",\"breadcrumb\":{\"@id\":\"https:\\\/\\\/sklep.skoral.com\\\/es\\\/produkt\\\/podnozek-poduszka-skorzana-czarna\\\/#breadcrumb\"},\"inLanguage\":\"es\",\"potentialAction\":[{\"@type\":\"ReadAction\",\"target\":[\"https:\\\/\\\/sklep.skoral.com\\\/es\\\/produkt\\\/podnozek-poduszka-skorzana-czarna\\\/\"]}]},{\"@type\":\"ImageObject\",\"inLanguage\":\"es\",\"@id\":\"https:\\\/\\\/sklep.skoral.com\\\/es\\\/produkt\\\/podnozek-poduszka-skorzana-czarna\\\/#primaryimage\",\"url\":\"https:\\\/\\\/sklep.skoral.com\\\/wp-content\\\/uploads\\\/2021\\\/01\\\/poduszka-podnozek-ze-skory-naturalnej.jpg\",\"contentUrl\":\"https:\\\/\\\/sklep.skoral.com\\\/wp-content\\\/uploads\\\/2021\\\/01\\\/poduszka-podnozek-ze-skory-naturalnej.jpg\",\"width\":2560,\"height\":1937,\"caption\":\"Poduszka, podn\u00f3\u017cek ze sk\u00f3ry naturalnej\"},{\"@type\":\"BreadcrumbList\",\"@id\":\"https:\\\/\\\/sklep.skoral.com\\\/es\\\/produkt\\\/podnozek-poduszka-skorzana-czarna\\\/#breadcrumb\",\"itemListElement\":[{\"@type\":\"ListItem\",\"position\":1,\"name\":\"Strona g\u0142\u00f3wna\",\"item\":\"https:\\\/\\\/sklep.skoral.com\\\/es\\\/\"},{\"@type\":\"ListItem\",\"position\":2,\"name\":\"Tienda\",\"item\":\"https:\\\/\\\/sklep.skoral.com\\\/es\\\/tienda\\\/\"},{\"@type\":\"ListItem\",\"position\":3,\"name\":\"Podn\u00f3\u017cek &#8211; Poduszka sk\u00f3rzana &#8211; Czarna\"}]},{\"@type\":\"WebSite\",\"@id\":\"https:\\\/\\\/sklep.skoral.com\\\/es\\\/#website\",\"url\":\"https:\\\/\\\/sklep.skoral.com\\\/es\\\/\",\"name\":\"Pracownia Sk\u00f3ral\",\"description\":\"Sklep z odzie\u017c\u0105\u00a0sk\u00f3rzan\u0105 i akcesoriami ze sk\u00f3ry naturalnej\",\"publisher\":{\"@id\":\"https:\\\/\\\/sklep.skoral.com\\\/es\\\/#organization\"},\"potentialAction\":[{\"@type\":\"SearchAction\",\"target\":{\"@type\":\"EntryPoint\",\"urlTemplate\":\"https:\\\/\\\/sklep.skoral.com\\\/es\\\/?s={search_term_string}\"},\"query-input\":{\"@type\":\"PropertyValueSpecification\",\"valueRequired\":true,\"valueName\":\"search_term_string\"}}],\"inLanguage\":\"es\"},{\"@type\":\"Organization\",\"@id\":\"https:\\\/\\\/sklep.skoral.com\\\/es\\\/#organization\",\"name\":\"Sk\u00f3ral - Pracownia odzie\u017cy i akcesori\u00f3w sk\u00f3rzanych\",\"url\":\"https:\\\/\\\/sklep.skoral.com\\\/es\\\/\",\"logo\":{\"@type\":\"ImageObject\",\"inLanguage\":\"es\",\"@id\":\"https:\\\/\\\/sklep.skoral.com\\\/es\\\/#\\\/schema\\\/logo\\\/image\\\/\",\"url\":\"https:\\\/\\\/sklep.skoral.com\\\/wp-content\\\/uploads\\\/2020\\\/09\\\/cropped-logo-duze.png\",\"contentUrl\":\"https:\\\/\\\/sklep.skoral.com\\\/wp-content\\\/uploads\\\/2020\\\/09\\\/cropped-logo-duze.png\",\"width\":1200,\"height\":293,\"caption\":\"Sk\u00f3ral - Pracownia odzie\u017cy i akcesori\u00f3w sk\u00f3rzanych\"},\"image\":{\"@id\":\"https:\\\/\\\/sklep.skoral.com\\\/es\\\/#\\\/schema\\\/logo\\\/image\\\/\"},\"sameAs\":[\"https:\\\/\\\/www.facebook.com\\\/SkoralNaturalLeather\",\"https:\\\/\\\/www.instagram.com\\\/skoraldesign\\\/\",\"https:\\\/\\\/www.youtube.com\\\/channel\\\/UCijmecsRU9TpML5jIEBsWTw\"]}]}<\/script>\n<!-- \/ Yoast SEO plugin. -->","yoast_head_json":{"title":"Podn\u00f3\u017cek - Poduszka sk\u00f3rzana - Czarna - Pracownia Sk\u00f3ral","description":"Stylowy podn\u00f3\u017cek sk\u00f3rzany jest \u015bwietnym dodatkiem do Twoje biura. Zwi\u0119kszy komfort Twoich st\u00f3p oraz skoryguje pozycje przy siedzeniu.","robots":{"index":"index","follow":"follow","max-snippet":"max-snippet:-1","max-image-preview":"max-image-preview:large","max-video-preview":"max-video-preview:-1"},"canonical":"https:\/\/sklep.skoral.com\/es\/produkt\/podnozek-poduszka-skorzana-czarna\/","og_locale":"es_ES","og_type":"article","og_title":"Podn\u00f3\u017cek - Poduszka sk\u00f3rzana - Czarna - Pracownia Sk\u00f3ral","og_description":"Stylowy podn\u00f3\u017cek sk\u00f3rzany jest \u015bwietnym dodatkiem do Twoje biura. Zwi\u0119kszy komfort Twoich st\u00f3p oraz skoryguje pozycje przy siedzeniu.","og_url":"https:\/\/sklep.skoral.com\/es\/produkt\/podnozek-poduszka-skorzana-czarna\/","og_site_name":"Pracownia Sk\u00f3ral","article_publisher":"https:\/\/www.facebook.com\/SkoralNaturalLeather","article_modified_time":"2024-08-14T10:14:28+00:00","og_image":[{"width":2560,"height":1937,"url":"https:\/\/sklep.skoral.com\/wp-content\/uploads\/2021\/01\/poduszka-podnozek-ze-skory-naturalnej.jpg","type":"image\/jpeg"}],"twitter_card":"summary_large_image","twitter_misc":{"Tiempo de lectura":"2 minutos"},"schema":{"@context":"https:\/\/schema.org","@graph":[{"@type":["WebPage","ItemPage"],"@id":"https:\/\/sklep.skoral.com\/es\/produkt\/podnozek-poduszka-skorzana-czarna\/","url":"https:\/\/sklep.skoral.com\/es\/produkt\/podnozek-poduszka-skorzana-czarna\/","name":"Podn\u00f3\u017cek - Poduszka sk\u00f3rzana - Czarna - Pracownia Sk\u00f3ral","isPartOf":{"@id":"https:\/\/sklep.skoral.com\/es\/#website"},"primaryImageOfPage":{"@id":"https:\/\/sklep.skoral.com\/es\/produkt\/podnozek-poduszka-skorzana-czarna\/#primaryimage"},"image":{"@id":"https:\/\/sklep.skoral.com\/es\/produkt\/podnozek-poduszka-skorzana-czarna\/#primaryimage"},"thumbnailUrl":"https:\/\/sklep.skoral.com\/wp-content\/uploads\/2021\/01\/poduszka-podnozek-ze-skory-naturalnej.jpg","datePublished":"2021-01-21T21:41:10+00:00","dateModified":"2024-08-14T10:14:28+00:00","description":"Stylowy podn\u00f3\u017cek sk\u00f3rzany jest \u015bwietnym dodatkiem do Twoje biura. Zwi\u0119kszy komfort Twoich st\u00f3p oraz skoryguje pozycje przy siedzeniu.","breadcrumb":{"@id":"https:\/\/sklep.skoral.com\/es\/produkt\/podnozek-poduszka-skorzana-czarna\/#breadcrumb"},"inLanguage":"es","potentialAction":[{"@type":"ReadAction","target":["https:\/\/sklep.skoral.com\/es\/produkt\/podnozek-poduszka-skorzana-czarna\/"]}]},{"@type":"ImageObject","inLanguage":"es","@id":"https:\/\/sklep.skoral.com\/es\/produkt\/podnozek-poduszka-skorzana-czarna\/#primaryimage","url":"https:\/\/sklep.skoral.com\/wp-content\/uploads\/2021\/01\/poduszka-podnozek-ze-skory-naturalnej.jpg","contentUrl":"https:\/\/sklep.skoral.com\/wp-content\/uploads\/2021\/01\/poduszka-podnozek-ze-skory-naturalnej.jpg","width":2560,"height":1937,"caption":"Poduszka, podn\u00f3\u017cek ze sk\u00f3ry naturalnej"},{"@type":"BreadcrumbList","@id":"https:\/\/sklep.skoral.com\/es\/produkt\/podnozek-poduszka-skorzana-czarna\/#breadcrumb","itemListElement":[{"@type":"ListItem","position":1,"name":"Strona g\u0142\u00f3wna","item":"https:\/\/sklep.skoral.com\/es\/"},{"@type":"ListItem","position":2,"name":"Tienda","item":"https:\/\/sklep.skoral.com\/es\/tienda\/"},{"@type":"ListItem","position":3,"name":"Podn\u00f3\u017cek &#8211; Poduszka sk\u00f3rzana &#8211; Czarna"}]},{"@type":"WebSite","@id":"https:\/\/sklep.skoral.com\/es\/#website","url":"https:\/\/sklep.skoral.com\/es\/","name":"Pracownia Sk\u00f3ral","description":"Sklep z odzie\u017c\u0105\u00a0sk\u00f3rzan\u0105 i akcesoriami ze sk\u00f3ry naturalnej","publisher":{"@id":"https:\/\/sklep.skoral.com\/es\/#organization"},"potentialAction":[{"@type":"SearchAction","target":{"@type":"EntryPoint","urlTemplate":"https:\/\/sklep.skoral.com\/es\/?s={search_term_string}"},"query-input":{"@type":"PropertyValueSpecification","valueRequired":true,"valueName":"search_term_string"}}],"inLanguage":"es"},{"@type":"Organization","@id":"https:\/\/sklep.skoral.com\/es\/#organization","name":"Sk\u00f3ral - Pracownia odzie\u017cy i akcesori\u00f3w sk\u00f3rzanych","url":"https:\/\/sklep.skoral.com\/es\/","logo":{"@type":"ImageObject","inLanguage":"es","@id":"https:\/\/sklep.skoral.com\/es\/#\/schema\/logo\/image\/","url":"https:\/\/sklep.skoral.com\/wp-content\/uploads\/2020\/09\/cropped-logo-duze.png","contentUrl":"https:\/\/sklep.skoral.com\/wp-content\/uploads\/2020\/09\/cropped-logo-duze.png","width":1200,"height":293,"caption":"Sk\u00f3ral - Pracownia odzie\u017cy i akcesori\u00f3w sk\u00f3rzanych"},"image":{"@id":"https:\/\/sklep.skoral.com\/es\/#\/schema\/logo\/image\/"},"sameAs":["https:\/\/www.facebook.com\/SkoralNaturalLeather","https:\/\/www.instagram.com\/skoraldesign\/","https:\/\/www.youtube.com\/channel\/UCijmecsRU9TpML5jIEBsWTw"]}]}},"jetpack_sharing_enabled":true,"_links":{"self":[{"href":"https:\/\/sklep.skoral.com\/es\/wp-json\/wp\/v2\/product\/526","targetHints":{"allow":["GET"]}}],"collection":[{"href":"https:\/\/sklep.skoral.com\/es\/wp-json\/wp\/v2\/product"}],"about":[{"href":"https:\/\/sklep.skoral.com\/es\/wp-json\/wp\/v2\/types\/product"}],"wp:featuredmedia":[{"embeddable":true,"href":"https:\/\/sklep.skoral.com\/es\/wp-json\/wp\/v2\/media\/527"}],"wp:attachment":[{"href":"https:\/\/sklep.skoral.com\/es\/wp-json\/wp\/v2\/media?parent=526"}],"wp:term":[{"taxonomy":"product_brand","embeddable":true,"href":"https:\/\/sklep.skoral.com\/es\/wp-json\/wp\/v2\/product_brand?post=526"},{"taxonomy":"product_cat","embeddable":true,"href":"https:\/\/sklep.skoral.com\/es\/wp-json\/wp\/v2\/product_cat?post=526"},{"taxonomy":"product_tag","embeddable":true,"href":"https:\/\/sklep.skoral.com\/es\/wp-json\/wp\/v2\/product_tag?post=526"}],"curies":[{"name":"wp","href":"https:\/\/api.w.org\/{rel}","templated":true}]}}