{"id":732,"date":"2021-02-09T21:21:29","date_gmt":"2021-02-09T20:21:29","guid":{"rendered":"https:\/\/sklep.skoral.com\/?post_type=product&#038;p=732"},"modified":"2024-08-14T12:12:28","modified_gmt":"2024-08-14T10:12:28","slug":"czapka-zimowa-skorzana-meska-damska-tondoria","status":"publish","type":"product","link":"https:\/\/sklep.skoral.com\/es\/produkt\/czapka-zimowa-skorzana-meska-damska-tondoria\/","title":{"rendered":"Czapka zimowa sk\u00f3rzana &#8211; m\u0119ska, damska &#8211; Tondoria"},"content":{"rendered":"<p>Czapka zimowa m\u0119ska, damska &#8211; uniseks uszyta ze sk\u00f3ry jagni\u0119cej w\u0142oskiej z Toskanii, w kolorze zielonym, wpadaj\u0105cym w oliwk\u0119. Mi\u0142y w\u0142os zapewnie przyjemne doznania dotykowa i \u015bwietnie nosi si\u0119 na g\u0142owie. Wysoka izolacja termiczne pozwala przetrwa\u0107 bardzo zimne zimowe dni.<\/p>\n","protected":false},"excerpt":{"rendered":"<p>Czapka zimowa stylowana na czapka wykonana ze wysokogatunkowej sk\u00f3ry jagni\u0119cej &#8211; Toskania. Kolor zielony \/ oliwkowy.<\/p>\n","protected":false},"featured_media":740,"template":"","meta":{"_monsterinsights_skip_tracking":false,"_monsterinsights_sitenote_active":false,"_monsterinsights_sitenote_note":"","_monsterinsights_sitenote_category":0},"product_brand":[],"product_cat":[91],"product_tag":[],"class_list":{"0":"post-732","1":"product","2":"type-product","3":"status-publish","4":"has-post-thumbnail","6":"product_cat-czapki-zimowe","8":"first","9":"instock","10":"taxable","11":"shipping-taxable","12":"purchasable","13":"product-type-variable"},"yoast_head":"<!-- This site is optimized with the Yoast SEO plugin v27.6 - https:\/\/yoast.com\/product\/yoast-seo-wordpress\/ -->\n<title>Czapka zimowa sk\u00f3rzana - m\u0119ska, damska - Tondoria - Pracownia Sk\u00f3ral<\/title>\n<meta name=\"description\" content=\"Komfortowa, ciep\u0142a czapka zimowa z w\u0142oskiej sk\u00f3ry jagni\u0119cej. Uszyta w stylu czapki uszatki, pilotki. Wysoki komfort noszenia. Szycie na wymiar\" \/>\n<meta name=\"robots\" content=\"index, follow, max-snippet:-1, max-image-preview:large, max-video-preview:-1\" \/>\n<link rel=\"canonical\" href=\"https:\/\/sklep.skoral.com\/es\/produkt\/czapka-zimowa-skorzana-meska-damska-tondoria\/\" \/>\n<meta property=\"og:locale\" content=\"es_ES\" \/>\n<meta property=\"og:type\" content=\"article\" \/>\n<meta property=\"og:title\" content=\"Czapka zimowa sk\u00f3rzana - m\u0119ska, damska - Tondoria - Pracownia Sk\u00f3ral\" \/>\n<meta property=\"og:description\" content=\"Komfortowa, ciep\u0142a czapka zimowa z w\u0142oskiej sk\u00f3ry jagni\u0119cej. Uszyta w stylu czapki uszatki, pilotki. Wysoki komfort noszenia. Szycie na wymiar\" \/>\n<meta property=\"og:url\" content=\"https:\/\/sklep.skoral.com\/es\/produkt\/czapka-zimowa-skorzana-meska-damska-tondoria\/\" \/>\n<meta property=\"og:site_name\" content=\"Pracownia Sk\u00f3ral\" \/>\n<meta property=\"article:publisher\" content=\"https:\/\/www.facebook.com\/SkoralNaturalLeather\" \/>\n<meta property=\"article:modified_time\" content=\"2024-08-14T10:12:28+00:00\" \/>\n<meta property=\"og:image\" content=\"https:\/\/sklep.skoral.com\/wp-content\/uploads\/2021\/02\/zielona-uszatka-skorzana.jpg\" \/>\n\t<meta property=\"og:image:width\" content=\"1920\" \/>\n\t<meta property=\"og:image:height\" content=\"2560\" \/>\n\t<meta property=\"og:image:type\" content=\"image\/jpeg\" \/>\n<meta name=\"twitter:card\" content=\"summary_large_image\" \/>\n<meta name=\"twitter:label1\" content=\"Tiempo de lectura\" \/>\n\t<meta name=\"twitter:data1\" content=\"1 minuto\" \/>\n<script type=\"application\/ld+json\" class=\"yoast-schema-graph\">{\"@context\":\"https:\\\/\\\/schema.org\",\"@graph\":[{\"@type\":[\"WebPage\",\"ItemPage\"],\"@id\":\"https:\\\/\\\/sklep.skoral.com\\\/es\\\/produkt\\\/czapka-zimowa-skorzana-meska-damska-tondoria\\\/\",\"url\":\"https:\\\/\\\/sklep.skoral.com\\\/es\\\/produkt\\\/czapka-zimowa-skorzana-meska-damska-tondoria\\\/\",\"name\":\"Czapka zimowa sk\u00f3rzana - m\u0119ska, damska - Tondoria - Pracownia Sk\u00f3ral\",\"isPartOf\":{\"@id\":\"https:\\\/\\\/sklep.skoral.com\\\/es\\\/#website\"},\"primaryImageOfPage\":{\"@id\":\"https:\\\/\\\/sklep.skoral.com\\\/es\\\/produkt\\\/czapka-zimowa-skorzana-meska-damska-tondoria\\\/#primaryimage\"},\"image\":{\"@id\":\"https:\\\/\\\/sklep.skoral.com\\\/es\\\/produkt\\\/czapka-zimowa-skorzana-meska-damska-tondoria\\\/#primaryimage\"},\"thumbnailUrl\":\"https:\\\/\\\/sklep.skoral.com\\\/wp-content\\\/uploads\\\/2021\\\/02\\\/zielona-uszatka-skorzana.jpg\",\"datePublished\":\"2021-02-09T20:21:29+00:00\",\"dateModified\":\"2024-08-14T10:12:28+00:00\",\"description\":\"Komfortowa, ciep\u0142a czapka zimowa z w\u0142oskiej sk\u00f3ry jagni\u0119cej. Uszyta w stylu czapki uszatki, pilotki. Wysoki komfort noszenia. Szycie na wymiar\",\"breadcrumb\":{\"@id\":\"https:\\\/\\\/sklep.skoral.com\\\/es\\\/produkt\\\/czapka-zimowa-skorzana-meska-damska-tondoria\\\/#breadcrumb\"},\"inLanguage\":\"es\",\"potentialAction\":[{\"@type\":\"ReadAction\",\"target\":[\"https:\\\/\\\/sklep.skoral.com\\\/es\\\/produkt\\\/czapka-zimowa-skorzana-meska-damska-tondoria\\\/\"]}]},{\"@type\":\"ImageObject\",\"inLanguage\":\"es\",\"@id\":\"https:\\\/\\\/sklep.skoral.com\\\/es\\\/produkt\\\/czapka-zimowa-skorzana-meska-damska-tondoria\\\/#primaryimage\",\"url\":\"https:\\\/\\\/sklep.skoral.com\\\/wp-content\\\/uploads\\\/2021\\\/02\\\/zielona-uszatka-skorzana.jpg\",\"contentUrl\":\"https:\\\/\\\/sklep.skoral.com\\\/wp-content\\\/uploads\\\/2021\\\/02\\\/zielona-uszatka-skorzana.jpg\",\"width\":1920,\"height\":2560,\"caption\":\"zielona uszatka sk\u00f3rzana\"},{\"@type\":\"BreadcrumbList\",\"@id\":\"https:\\\/\\\/sklep.skoral.com\\\/es\\\/produkt\\\/czapka-zimowa-skorzana-meska-damska-tondoria\\\/#breadcrumb\",\"itemListElement\":[{\"@type\":\"ListItem\",\"position\":1,\"name\":\"Strona g\u0142\u00f3wna\",\"item\":\"https:\\\/\\\/sklep.skoral.com\\\/es\\\/\"},{\"@type\":\"ListItem\",\"position\":2,\"name\":\"Tienda\",\"item\":\"https:\\\/\\\/sklep.skoral.com\\\/es\\\/tienda\\\/\"},{\"@type\":\"ListItem\",\"position\":3,\"name\":\"Czapka zimowa sk\u00f3rzana &#8211; m\u0119ska, damska &#8211; Tondoria\"}]},{\"@type\":\"WebSite\",\"@id\":\"https:\\\/\\\/sklep.skoral.com\\\/es\\\/#website\",\"url\":\"https:\\\/\\\/sklep.skoral.com\\\/es\\\/\",\"name\":\"Pracownia Sk\u00f3ral\",\"description\":\"Sklep z odzie\u017c\u0105\u00a0sk\u00f3rzan\u0105 i akcesoriami ze sk\u00f3ry naturalnej\",\"publisher\":{\"@id\":\"https:\\\/\\\/sklep.skoral.com\\\/es\\\/#organization\"},\"potentialAction\":[{\"@type\":\"SearchAction\",\"target\":{\"@type\":\"EntryPoint\",\"urlTemplate\":\"https:\\\/\\\/sklep.skoral.com\\\/es\\\/?s={search_term_string}\"},\"query-input\":{\"@type\":\"PropertyValueSpecification\",\"valueRequired\":true,\"valueName\":\"search_term_string\"}}],\"inLanguage\":\"es\"},{\"@type\":\"Organization\",\"@id\":\"https:\\\/\\\/sklep.skoral.com\\\/es\\\/#organization\",\"name\":\"Sk\u00f3ral - Pracownia odzie\u017cy i akcesori\u00f3w sk\u00f3rzanych\",\"url\":\"https:\\\/\\\/sklep.skoral.com\\\/es\\\/\",\"logo\":{\"@type\":\"ImageObject\",\"inLanguage\":\"es\",\"@id\":\"https:\\\/\\\/sklep.skoral.com\\\/es\\\/#\\\/schema\\\/logo\\\/image\\\/\",\"url\":\"https:\\\/\\\/sklep.skoral.com\\\/wp-content\\\/uploads\\\/2020\\\/09\\\/cropped-logo-duze.png\",\"contentUrl\":\"https:\\\/\\\/sklep.skoral.com\\\/wp-content\\\/uploads\\\/2020\\\/09\\\/cropped-logo-duze.png\",\"width\":1200,\"height\":293,\"caption\":\"Sk\u00f3ral - Pracownia odzie\u017cy i akcesori\u00f3w sk\u00f3rzanych\"},\"image\":{\"@id\":\"https:\\\/\\\/sklep.skoral.com\\\/es\\\/#\\\/schema\\\/logo\\\/image\\\/\"},\"sameAs\":[\"https:\\\/\\\/www.facebook.com\\\/SkoralNaturalLeather\",\"https:\\\/\\\/www.instagram.com\\\/skoraldesign\\\/\",\"https:\\\/\\\/www.youtube.com\\\/channel\\\/UCijmecsRU9TpML5jIEBsWTw\"]}]}<\/script>\n<!-- \/ Yoast SEO plugin. -->","yoast_head_json":{"title":"Czapka zimowa sk\u00f3rzana - m\u0119ska, damska - Tondoria - Pracownia Sk\u00f3ral","description":"Komfortowa, ciep\u0142a czapka zimowa z w\u0142oskiej sk\u00f3ry jagni\u0119cej. Uszyta w stylu czapki uszatki, pilotki. Wysoki komfort noszenia. Szycie na wymiar","robots":{"index":"index","follow":"follow","max-snippet":"max-snippet:-1","max-image-preview":"max-image-preview:large","max-video-preview":"max-video-preview:-1"},"canonical":"https:\/\/sklep.skoral.com\/es\/produkt\/czapka-zimowa-skorzana-meska-damska-tondoria\/","og_locale":"es_ES","og_type":"article","og_title":"Czapka zimowa sk\u00f3rzana - m\u0119ska, damska - Tondoria - Pracownia Sk\u00f3ral","og_description":"Komfortowa, ciep\u0142a czapka zimowa z w\u0142oskiej sk\u00f3ry jagni\u0119cej. Uszyta w stylu czapki uszatki, pilotki. Wysoki komfort noszenia. Szycie na wymiar","og_url":"https:\/\/sklep.skoral.com\/es\/produkt\/czapka-zimowa-skorzana-meska-damska-tondoria\/","og_site_name":"Pracownia Sk\u00f3ral","article_publisher":"https:\/\/www.facebook.com\/SkoralNaturalLeather","article_modified_time":"2024-08-14T10:12:28+00:00","og_image":[{"width":1920,"height":2560,"url":"https:\/\/sklep.skoral.com\/wp-content\/uploads\/2021\/02\/zielona-uszatka-skorzana.jpg","type":"image\/jpeg"}],"twitter_card":"summary_large_image","twitter_misc":{"Tiempo de lectura":"1 minuto"},"schema":{"@context":"https:\/\/schema.org","@graph":[{"@type":["WebPage","ItemPage"],"@id":"https:\/\/sklep.skoral.com\/es\/produkt\/czapka-zimowa-skorzana-meska-damska-tondoria\/","url":"https:\/\/sklep.skoral.com\/es\/produkt\/czapka-zimowa-skorzana-meska-damska-tondoria\/","name":"Czapka zimowa sk\u00f3rzana - m\u0119ska, damska - Tondoria - Pracownia Sk\u00f3ral","isPartOf":{"@id":"https:\/\/sklep.skoral.com\/es\/#website"},"primaryImageOfPage":{"@id":"https:\/\/sklep.skoral.com\/es\/produkt\/czapka-zimowa-skorzana-meska-damska-tondoria\/#primaryimage"},"image":{"@id":"https:\/\/sklep.skoral.com\/es\/produkt\/czapka-zimowa-skorzana-meska-damska-tondoria\/#primaryimage"},"thumbnailUrl":"https:\/\/sklep.skoral.com\/wp-content\/uploads\/2021\/02\/zielona-uszatka-skorzana.jpg","datePublished":"2021-02-09T20:21:29+00:00","dateModified":"2024-08-14T10:12:28+00:00","description":"Komfortowa, ciep\u0142a czapka zimowa z w\u0142oskiej sk\u00f3ry jagni\u0119cej. Uszyta w stylu czapki uszatki, pilotki. Wysoki komfort noszenia. Szycie na wymiar","breadcrumb":{"@id":"https:\/\/sklep.skoral.com\/es\/produkt\/czapka-zimowa-skorzana-meska-damska-tondoria\/#breadcrumb"},"inLanguage":"es","potentialAction":[{"@type":"ReadAction","target":["https:\/\/sklep.skoral.com\/es\/produkt\/czapka-zimowa-skorzana-meska-damska-tondoria\/"]}]},{"@type":"ImageObject","inLanguage":"es","@id":"https:\/\/sklep.skoral.com\/es\/produkt\/czapka-zimowa-skorzana-meska-damska-tondoria\/#primaryimage","url":"https:\/\/sklep.skoral.com\/wp-content\/uploads\/2021\/02\/zielona-uszatka-skorzana.jpg","contentUrl":"https:\/\/sklep.skoral.com\/wp-content\/uploads\/2021\/02\/zielona-uszatka-skorzana.jpg","width":1920,"height":2560,"caption":"zielona uszatka sk\u00f3rzana"},{"@type":"BreadcrumbList","@id":"https:\/\/sklep.skoral.com\/es\/produkt\/czapka-zimowa-skorzana-meska-damska-tondoria\/#breadcrumb","itemListElement":[{"@type":"ListItem","position":1,"name":"Strona g\u0142\u00f3wna","item":"https:\/\/sklep.skoral.com\/es\/"},{"@type":"ListItem","position":2,"name":"Tienda","item":"https:\/\/sklep.skoral.com\/es\/tienda\/"},{"@type":"ListItem","position":3,"name":"Czapka zimowa sk\u00f3rzana &#8211; m\u0119ska, damska &#8211; Tondoria"}]},{"@type":"WebSite","@id":"https:\/\/sklep.skoral.com\/es\/#website","url":"https:\/\/sklep.skoral.com\/es\/","name":"Pracownia Sk\u00f3ral","description":"Sklep z odzie\u017c\u0105\u00a0sk\u00f3rzan\u0105 i akcesoriami ze sk\u00f3ry naturalnej","publisher":{"@id":"https:\/\/sklep.skoral.com\/es\/#organization"},"potentialAction":[{"@type":"SearchAction","target":{"@type":"EntryPoint","urlTemplate":"https:\/\/sklep.skoral.com\/es\/?s={search_term_string}"},"query-input":{"@type":"PropertyValueSpecification","valueRequired":true,"valueName":"search_term_string"}}],"inLanguage":"es"},{"@type":"Organization","@id":"https:\/\/sklep.skoral.com\/es\/#organization","name":"Sk\u00f3ral - Pracownia odzie\u017cy i akcesori\u00f3w sk\u00f3rzanych","url":"https:\/\/sklep.skoral.com\/es\/","logo":{"@type":"ImageObject","inLanguage":"es","@id":"https:\/\/sklep.skoral.com\/es\/#\/schema\/logo\/image\/","url":"https:\/\/sklep.skoral.com\/wp-content\/uploads\/2020\/09\/cropped-logo-duze.png","contentUrl":"https:\/\/sklep.skoral.com\/wp-content\/uploads\/2020\/09\/cropped-logo-duze.png","width":1200,"height":293,"caption":"Sk\u00f3ral - Pracownia odzie\u017cy i akcesori\u00f3w sk\u00f3rzanych"},"image":{"@id":"https:\/\/sklep.skoral.com\/es\/#\/schema\/logo\/image\/"},"sameAs":["https:\/\/www.facebook.com\/SkoralNaturalLeather","https:\/\/www.instagram.com\/skoraldesign\/","https:\/\/www.youtube.com\/channel\/UCijmecsRU9TpML5jIEBsWTw"]}]}},"jetpack_sharing_enabled":true,"_links":{"self":[{"href":"https:\/\/sklep.skoral.com\/es\/wp-json\/wp\/v2\/product\/732","targetHints":{"allow":["GET"]}}],"collection":[{"href":"https:\/\/sklep.skoral.com\/es\/wp-json\/wp\/v2\/product"}],"about":[{"href":"https:\/\/sklep.skoral.com\/es\/wp-json\/wp\/v2\/types\/product"}],"wp:featuredmedia":[{"embeddable":true,"href":"https:\/\/sklep.skoral.com\/es\/wp-json\/wp\/v2\/media\/740"}],"wp:attachment":[{"href":"https:\/\/sklep.skoral.com\/es\/wp-json\/wp\/v2\/media?parent=732"}],"wp:term":[{"taxonomy":"product_brand","embeddable":true,"href":"https:\/\/sklep.skoral.com\/es\/wp-json\/wp\/v2\/product_brand?post=732"},{"taxonomy":"product_cat","embeddable":true,"href":"https:\/\/sklep.skoral.com\/es\/wp-json\/wp\/v2\/product_cat?post=732"},{"taxonomy":"product_tag","embeddable":true,"href":"https:\/\/sklep.skoral.com\/es\/wp-json\/wp\/v2\/product_tag?post=732"}],"curies":[{"name":"wp","href":"https:\/\/api.w.org\/{rel}","templated":true}]}}