{"id":878,"date":"2021-04-18T13:25:02","date_gmt":"2021-04-18T11:25:02","guid":{"rendered":"https:\/\/sklep.skoral.com\/?post_type=product&#038;p=878"},"modified":"2024-08-14T12:11:19","modified_gmt":"2024-08-14T10:11:19","slug":"ramoneska-skorzana-damska-czarna-piston","status":"publish","type":"product","link":"https:\/\/sklep.skoral.com\/es\/produkt\/ramoneska-skorzana-damska-czarna-piston\/","title":{"rendered":"Ramoneska sk\u00f3rzana damska, czarna &#8211; Piston"},"content":{"rendered":"<p><span style=\"font-weight: 400;\">Czarna sk\u00f3rzana ramoneska damska to kurtka, kt\u00f3ra nigdy nie wychodzi z mody. Model Piston to kultowa czarna ramoneska, kt\u00f3ra powinna znale\u017a\u0107 si\u0119 w szafie ka\u017cdej kobiety. Kurtka zosta\u0142a uszyta w krakowskiej pracowni z delikatnej i lekkiej w\u0142oskiej jagni\u0119cej sk\u00f3ry licowej. Kurtka jest niezwykle mi\u0119kka, a przy tym wytrzyma\u0142a. Ta damska kurtka sk\u00f3rzana zosta\u0142a wyko\u0144czona naturaln\u0105 podszewk\u0105 wiskozow\u0105.<\/span><\/p>\n<h2>Ramoneska sk\u00f3rzana damska ze sk\u00f3ry licowej<\/h2>\n<p><span style=\"font-weight: 400;\">Ramoneska Piston jest precyzyjnie skrojona &#8211; dzi\u0119ki zaszewkom pi\u0119knie dopasowuje si\u0119 do cia\u0142a. Subtelne szwy optycznie wyszczuplaj\u0105 tali\u0119.\u00a0<\/span><span style=\"font-weight: 400;\">To klasyczna, minimalistyczna propozycja, kt\u00f3ra nada ka\u017cdej stylizacji rockowego pazura. Nieodzowny element szafy kapsu\u0142owej, kt\u00f3ry zostanie z Tob\u0105 przez wiele sezon\u00f3w.<\/span><\/p>\n<p><span style=\"font-weight: 400;\">Szukasz ramoneski sk\u00f3rzanej skrojonej dla Ciebie? Chcia\u0142aby\u015b zmieni\u0107 kolor dodatk\u00f3w, zamk\u00f3w lub zmieni\u0107 ca\u0142kowicie niekt\u00f3re elementy fasonu? Skontaktuj si\u0119 z nami <a href=\"https:\/\/sklep.skoral.com\/kontakt\/\">telefonicznie lub mailowo<\/a>, a doradzimy Ci wyb\u00f3r sk\u00f3ry i koloru, pomo\u017cemy pobra\u0107 wymiar i ustalimy szczeg\u00f3\u0142y zam\u00f3wienia.<\/span><\/p>\n","protected":false},"excerpt":{"rendered":"<p>Klasyczna czarna ramoneska sk\u00f3rzana damska &#8211; fason Piston, wykonana z mi\u0119kkiej sk\u00f3ry licowej<\/p>\n","protected":false},"featured_media":920,"template":"","meta":{"_monsterinsights_skip_tracking":false,"_monsterinsights_sitenote_active":false,"_monsterinsights_sitenote_note":"","_monsterinsights_sitenote_category":0},"product_brand":[],"product_cat":[90,16],"product_tag":[41,40,24],"class_list":{"0":"post-878","1":"product","2":"type-product","3":"status-publish","4":"has-post-thumbnail","6":"product_cat-ramoneski-skorzane-damskie","7":"product_cat-kurtka-skorzana-damska","8":"product_tag-klasyk","9":"product_tag-na-motor","10":"product_tag-ramoneska","12":"first","13":"instock","14":"taxable","15":"shipping-taxable","16":"purchasable","17":"product-type-variable"},"yoast_head":"<!-- This site is optimized with the Yoast SEO plugin v27.6 - https:\/\/yoast.com\/product\/yoast-seo-wordpress\/ -->\n<title>Ramoneska sk\u00f3rzana damska, czarna - Piston - Pracownia Sk\u00f3ral<\/title>\n<meta name=\"description\" content=\"Czarna ramoneska sk\u00f3rzana damska - klasyczny kr\u00f3j, wykonana ze sk\u00f3ry naturalnej licowej - Ramoneski damskie w niskiej cenie - Sk\u00f3ral\" \/>\n<meta name=\"robots\" content=\"index, follow, max-snippet:-1, max-image-preview:large, max-video-preview:-1\" \/>\n<link rel=\"canonical\" href=\"https:\/\/sklep.skoral.com\/es\/produkt\/ramoneska-skorzana-damska-czarna-piston\/\" \/>\n<meta property=\"og:locale\" content=\"es_ES\" \/>\n<meta property=\"og:type\" content=\"article\" \/>\n<meta property=\"og:title\" content=\"Ramoneska sk\u00f3rzana damska, czarna - Piston - Pracownia Sk\u00f3ral\" \/>\n<meta property=\"og:description\" content=\"Czarna ramoneska sk\u00f3rzana damska - klasyczny kr\u00f3j, wykonana ze sk\u00f3ry naturalnej licowej - Ramoneski damskie w niskiej cenie - Sk\u00f3ral\" \/>\n<meta property=\"og:url\" content=\"https:\/\/sklep.skoral.com\/es\/produkt\/ramoneska-skorzana-damska-czarna-piston\/\" \/>\n<meta property=\"og:site_name\" content=\"Pracownia Sk\u00f3ral\" \/>\n<meta property=\"article:publisher\" content=\"https:\/\/www.facebook.com\/SkoralNaturalLeather\" \/>\n<meta property=\"article:modified_time\" content=\"2024-08-14T10:11:19+00:00\" \/>\n<meta property=\"og:image\" content=\"https:\/\/sklep.skoral.com\/wp-content\/uploads\/2021\/05\/skorzana-ramoneska-damska-front-piston.jpg\" \/>\n\t<meta property=\"og:image:width\" content=\"1809\" \/>\n\t<meta property=\"og:image:height\" content=\"2560\" \/>\n\t<meta property=\"og:image:type\" content=\"image\/jpeg\" \/>\n<meta name=\"twitter:card\" content=\"summary_large_image\" \/>\n<meta name=\"twitter:label1\" content=\"Tiempo de lectura\" \/>\n\t<meta name=\"twitter:data1\" content=\"1 minuto\" \/>\n<script type=\"application\/ld+json\" class=\"yoast-schema-graph\">{\"@context\":\"https:\\\/\\\/schema.org\",\"@graph\":[{\"@type\":[\"WebPage\",\"ItemPage\"],\"@id\":\"https:\\\/\\\/sklep.skoral.com\\\/es\\\/produkt\\\/ramoneska-skorzana-damska-czarna-piston\\\/\",\"url\":\"https:\\\/\\\/sklep.skoral.com\\\/es\\\/produkt\\\/ramoneska-skorzana-damska-czarna-piston\\\/\",\"name\":\"Ramoneska sk\u00f3rzana damska, czarna - Piston - Pracownia Sk\u00f3ral\",\"isPartOf\":{\"@id\":\"https:\\\/\\\/sklep.skoral.com\\\/es\\\/#website\"},\"primaryImageOfPage\":{\"@id\":\"https:\\\/\\\/sklep.skoral.com\\\/es\\\/produkt\\\/ramoneska-skorzana-damska-czarna-piston\\\/#primaryimage\"},\"image\":{\"@id\":\"https:\\\/\\\/sklep.skoral.com\\\/es\\\/produkt\\\/ramoneska-skorzana-damska-czarna-piston\\\/#primaryimage\"},\"thumbnailUrl\":\"https:\\\/\\\/sklep.skoral.com\\\/wp-content\\\/uploads\\\/2021\\\/05\\\/skorzana-ramoneska-damska-front-piston.jpg\",\"datePublished\":\"2021-04-18T11:25:02+00:00\",\"dateModified\":\"2024-08-14T10:11:19+00:00\",\"description\":\"Czarna ramoneska sk\u00f3rzana damska - klasyczny kr\u00f3j, wykonana ze sk\u00f3ry naturalnej licowej - Ramoneski damskie w niskiej cenie - Sk\u00f3ral\",\"breadcrumb\":{\"@id\":\"https:\\\/\\\/sklep.skoral.com\\\/es\\\/produkt\\\/ramoneska-skorzana-damska-czarna-piston\\\/#breadcrumb\"},\"inLanguage\":\"es\",\"potentialAction\":[{\"@type\":\"ReadAction\",\"target\":[\"https:\\\/\\\/sklep.skoral.com\\\/es\\\/produkt\\\/ramoneska-skorzana-damska-czarna-piston\\\/\"]}]},{\"@type\":\"ImageObject\",\"inLanguage\":\"es\",\"@id\":\"https:\\\/\\\/sklep.skoral.com\\\/es\\\/produkt\\\/ramoneska-skorzana-damska-czarna-piston\\\/#primaryimage\",\"url\":\"https:\\\/\\\/sklep.skoral.com\\\/wp-content\\\/uploads\\\/2021\\\/05\\\/skorzana-ramoneska-damska-front-piston.jpg\",\"contentUrl\":\"https:\\\/\\\/sklep.skoral.com\\\/wp-content\\\/uploads\\\/2021\\\/05\\\/skorzana-ramoneska-damska-front-piston.jpg\",\"width\":1809,\"height\":2560,\"caption\":\"Ramoneska sk\u00f3rzana czarna Piston - front\"},{\"@type\":\"BreadcrumbList\",\"@id\":\"https:\\\/\\\/sklep.skoral.com\\\/es\\\/produkt\\\/ramoneska-skorzana-damska-czarna-piston\\\/#breadcrumb\",\"itemListElement\":[{\"@type\":\"ListItem\",\"position\":1,\"name\":\"Strona g\u0142\u00f3wna\",\"item\":\"https:\\\/\\\/sklep.skoral.com\\\/es\\\/\"},{\"@type\":\"ListItem\",\"position\":2,\"name\":\"Tienda\",\"item\":\"https:\\\/\\\/sklep.skoral.com\\\/es\\\/tienda\\\/\"},{\"@type\":\"ListItem\",\"position\":3,\"name\":\"Ramoneska sk\u00f3rzana damska, czarna &#8211; Piston\"}]},{\"@type\":\"WebSite\",\"@id\":\"https:\\\/\\\/sklep.skoral.com\\\/es\\\/#website\",\"url\":\"https:\\\/\\\/sklep.skoral.com\\\/es\\\/\",\"name\":\"Pracownia Sk\u00f3ral\",\"description\":\"Sklep z odzie\u017c\u0105\u00a0sk\u00f3rzan\u0105 i akcesoriami ze sk\u00f3ry naturalnej\",\"publisher\":{\"@id\":\"https:\\\/\\\/sklep.skoral.com\\\/es\\\/#organization\"},\"potentialAction\":[{\"@type\":\"SearchAction\",\"target\":{\"@type\":\"EntryPoint\",\"urlTemplate\":\"https:\\\/\\\/sklep.skoral.com\\\/es\\\/?s={search_term_string}\"},\"query-input\":{\"@type\":\"PropertyValueSpecification\",\"valueRequired\":true,\"valueName\":\"search_term_string\"}}],\"inLanguage\":\"es\"},{\"@type\":\"Organization\",\"@id\":\"https:\\\/\\\/sklep.skoral.com\\\/es\\\/#organization\",\"name\":\"Sk\u00f3ral - Pracownia odzie\u017cy i akcesori\u00f3w sk\u00f3rzanych\",\"url\":\"https:\\\/\\\/sklep.skoral.com\\\/es\\\/\",\"logo\":{\"@type\":\"ImageObject\",\"inLanguage\":\"es\",\"@id\":\"https:\\\/\\\/sklep.skoral.com\\\/es\\\/#\\\/schema\\\/logo\\\/image\\\/\",\"url\":\"https:\\\/\\\/sklep.skoral.com\\\/wp-content\\\/uploads\\\/2020\\\/09\\\/cropped-logo-duze.png\",\"contentUrl\":\"https:\\\/\\\/sklep.skoral.com\\\/wp-content\\\/uploads\\\/2020\\\/09\\\/cropped-logo-duze.png\",\"width\":1200,\"height\":293,\"caption\":\"Sk\u00f3ral - Pracownia odzie\u017cy i akcesori\u00f3w sk\u00f3rzanych\"},\"image\":{\"@id\":\"https:\\\/\\\/sklep.skoral.com\\\/es\\\/#\\\/schema\\\/logo\\\/image\\\/\"},\"sameAs\":[\"https:\\\/\\\/www.facebook.com\\\/SkoralNaturalLeather\",\"https:\\\/\\\/www.instagram.com\\\/skoraldesign\\\/\",\"https:\\\/\\\/www.youtube.com\\\/channel\\\/UCijmecsRU9TpML5jIEBsWTw\"]}]}<\/script>\n<!-- \/ Yoast SEO plugin. -->","yoast_head_json":{"title":"Ramoneska sk\u00f3rzana damska, czarna - Piston - Pracownia Sk\u00f3ral","description":"Czarna ramoneska sk\u00f3rzana damska - klasyczny kr\u00f3j, wykonana ze sk\u00f3ry naturalnej licowej - Ramoneski damskie w niskiej cenie - Sk\u00f3ral","robots":{"index":"index","follow":"follow","max-snippet":"max-snippet:-1","max-image-preview":"max-image-preview:large","max-video-preview":"max-video-preview:-1"},"canonical":"https:\/\/sklep.skoral.com\/es\/produkt\/ramoneska-skorzana-damska-czarna-piston\/","og_locale":"es_ES","og_type":"article","og_title":"Ramoneska sk\u00f3rzana damska, czarna - Piston - Pracownia Sk\u00f3ral","og_description":"Czarna ramoneska sk\u00f3rzana damska - klasyczny kr\u00f3j, wykonana ze sk\u00f3ry naturalnej licowej - Ramoneski damskie w niskiej cenie - Sk\u00f3ral","og_url":"https:\/\/sklep.skoral.com\/es\/produkt\/ramoneska-skorzana-damska-czarna-piston\/","og_site_name":"Pracownia Sk\u00f3ral","article_publisher":"https:\/\/www.facebook.com\/SkoralNaturalLeather","article_modified_time":"2024-08-14T10:11:19+00:00","og_image":[{"width":1809,"height":2560,"url":"https:\/\/sklep.skoral.com\/wp-content\/uploads\/2021\/05\/skorzana-ramoneska-damska-front-piston.jpg","type":"image\/jpeg"}],"twitter_card":"summary_large_image","twitter_misc":{"Tiempo de lectura":"1 minuto"},"schema":{"@context":"https:\/\/schema.org","@graph":[{"@type":["WebPage","ItemPage"],"@id":"https:\/\/sklep.skoral.com\/es\/produkt\/ramoneska-skorzana-damska-czarna-piston\/","url":"https:\/\/sklep.skoral.com\/es\/produkt\/ramoneska-skorzana-damska-czarna-piston\/","name":"Ramoneska sk\u00f3rzana damska, czarna - Piston - Pracownia Sk\u00f3ral","isPartOf":{"@id":"https:\/\/sklep.skoral.com\/es\/#website"},"primaryImageOfPage":{"@id":"https:\/\/sklep.skoral.com\/es\/produkt\/ramoneska-skorzana-damska-czarna-piston\/#primaryimage"},"image":{"@id":"https:\/\/sklep.skoral.com\/es\/produkt\/ramoneska-skorzana-damska-czarna-piston\/#primaryimage"},"thumbnailUrl":"https:\/\/sklep.skoral.com\/wp-content\/uploads\/2021\/05\/skorzana-ramoneska-damska-front-piston.jpg","datePublished":"2021-04-18T11:25:02+00:00","dateModified":"2024-08-14T10:11:19+00:00","description":"Czarna ramoneska sk\u00f3rzana damska - klasyczny kr\u00f3j, wykonana ze sk\u00f3ry naturalnej licowej - Ramoneski damskie w niskiej cenie - Sk\u00f3ral","breadcrumb":{"@id":"https:\/\/sklep.skoral.com\/es\/produkt\/ramoneska-skorzana-damska-czarna-piston\/#breadcrumb"},"inLanguage":"es","potentialAction":[{"@type":"ReadAction","target":["https:\/\/sklep.skoral.com\/es\/produkt\/ramoneska-skorzana-damska-czarna-piston\/"]}]},{"@type":"ImageObject","inLanguage":"es","@id":"https:\/\/sklep.skoral.com\/es\/produkt\/ramoneska-skorzana-damska-czarna-piston\/#primaryimage","url":"https:\/\/sklep.skoral.com\/wp-content\/uploads\/2021\/05\/skorzana-ramoneska-damska-front-piston.jpg","contentUrl":"https:\/\/sklep.skoral.com\/wp-content\/uploads\/2021\/05\/skorzana-ramoneska-damska-front-piston.jpg","width":1809,"height":2560,"caption":"Ramoneska sk\u00f3rzana czarna Piston - front"},{"@type":"BreadcrumbList","@id":"https:\/\/sklep.skoral.com\/es\/produkt\/ramoneska-skorzana-damska-czarna-piston\/#breadcrumb","itemListElement":[{"@type":"ListItem","position":1,"name":"Strona g\u0142\u00f3wna","item":"https:\/\/sklep.skoral.com\/es\/"},{"@type":"ListItem","position":2,"name":"Tienda","item":"https:\/\/sklep.skoral.com\/es\/tienda\/"},{"@type":"ListItem","position":3,"name":"Ramoneska sk\u00f3rzana damska, czarna &#8211; Piston"}]},{"@type":"WebSite","@id":"https:\/\/sklep.skoral.com\/es\/#website","url":"https:\/\/sklep.skoral.com\/es\/","name":"Pracownia Sk\u00f3ral","description":"Sklep z odzie\u017c\u0105\u00a0sk\u00f3rzan\u0105 i akcesoriami ze sk\u00f3ry naturalnej","publisher":{"@id":"https:\/\/sklep.skoral.com\/es\/#organization"},"potentialAction":[{"@type":"SearchAction","target":{"@type":"EntryPoint","urlTemplate":"https:\/\/sklep.skoral.com\/es\/?s={search_term_string}"},"query-input":{"@type":"PropertyValueSpecification","valueRequired":true,"valueName":"search_term_string"}}],"inLanguage":"es"},{"@type":"Organization","@id":"https:\/\/sklep.skoral.com\/es\/#organization","name":"Sk\u00f3ral - Pracownia odzie\u017cy i akcesori\u00f3w sk\u00f3rzanych","url":"https:\/\/sklep.skoral.com\/es\/","logo":{"@type":"ImageObject","inLanguage":"es","@id":"https:\/\/sklep.skoral.com\/es\/#\/schema\/logo\/image\/","url":"https:\/\/sklep.skoral.com\/wp-content\/uploads\/2020\/09\/cropped-logo-duze.png","contentUrl":"https:\/\/sklep.skoral.com\/wp-content\/uploads\/2020\/09\/cropped-logo-duze.png","width":1200,"height":293,"caption":"Sk\u00f3ral - Pracownia odzie\u017cy i akcesori\u00f3w sk\u00f3rzanych"},"image":{"@id":"https:\/\/sklep.skoral.com\/es\/#\/schema\/logo\/image\/"},"sameAs":["https:\/\/www.facebook.com\/SkoralNaturalLeather","https:\/\/www.instagram.com\/skoraldesign\/","https:\/\/www.youtube.com\/channel\/UCijmecsRU9TpML5jIEBsWTw"]}]}},"jetpack_sharing_enabled":true,"_links":{"self":[{"href":"https:\/\/sklep.skoral.com\/es\/wp-json\/wp\/v2\/product\/878","targetHints":{"allow":["GET"]}}],"collection":[{"href":"https:\/\/sklep.skoral.com\/es\/wp-json\/wp\/v2\/product"}],"about":[{"href":"https:\/\/sklep.skoral.com\/es\/wp-json\/wp\/v2\/types\/product"}],"wp:featuredmedia":[{"embeddable":true,"href":"https:\/\/sklep.skoral.com\/es\/wp-json\/wp\/v2\/media\/920"}],"wp:attachment":[{"href":"https:\/\/sklep.skoral.com\/es\/wp-json\/wp\/v2\/media?parent=878"}],"wp:term":[{"taxonomy":"product_brand","embeddable":true,"href":"https:\/\/sklep.skoral.com\/es\/wp-json\/wp\/v2\/product_brand?post=878"},{"taxonomy":"product_cat","embeddable":true,"href":"https:\/\/sklep.skoral.com\/es\/wp-json\/wp\/v2\/product_cat?post=878"},{"taxonomy":"product_tag","embeddable":true,"href":"https:\/\/sklep.skoral.com\/es\/wp-json\/wp\/v2\/product_tag?post=878"}],"curies":[{"name":"wp","href":"https:\/\/api.w.org\/{rel}","templated":true}]}}