{"id":982,"date":"2021-10-10T18:16:28","date_gmt":"2021-10-10T16:16:28","guid":{"rendered":"https:\/\/sklep.skoral.com\/?post_type=product&#038;p=982"},"modified":"2023-02-12T10:25:36","modified_gmt":"2023-02-12T09:25:36","slug":"mata-podkladka-skorzana-bordowa","status":"publish","type":"product","link":"https:\/\/sklep.skoral.com\/es\/produkt\/mata-podkladka-skorzana-bordowa\/","title":{"rendered":"Mata &#8211; Podk\u0142adka sk\u00f3rzana &#8211; Bordowa"},"content":{"rendered":"<p>Nasza nowa <strong>podk\u0142adka sk\u00f3rzan\u0105<\/strong> w kolorze <strong>bordowym<\/strong>. Mata ta wykonana jest z wyj\u0105tkowej sk\u00f3ry naturalnej licowej typu Buffalo wyprodukowanej w Polsce o jednolitej fakturze z minimalna ilo\u015bci zmarszczek.<\/p>\n<ul>\n<li>Rozmiar: <strong>od 55cm x 35cm do 100cm x 60cm<\/strong> &#8211; mo\u017cliwo\u015b\u0107 zam\u00f3wienia maty na podany przez klienta rozmiar &#8211; dopasujemy podk\u0142adk\u0119 sk\u00f3rzan\u0105 do Twojego biurka.<\/li>\n<li>Kolor podk\u0142adki: <strong>\u00a0bordowy<\/strong><\/li>\n<li>Grubo\u015b\u0107 sk\u00f3ry: <strong>1.4 mm<\/strong><\/li>\n<\/ul>\n<h2>Wyko\u0144czenie podk\u0142adki ze sk\u00f3ry naturalnej<\/h2>\n<p>Wyroby sk\u00f3rzane charakteryzuje oryginalno\u015b\u0107 wykonania i niepowtarzalna faktura ka\u017cdego wyrobu. Materia\u0142 ten mo\u017ce posiada\u0107 swoje naturalne cechy takie, jak delikatne zmarszczki, jednak zastosowana specjalna technika wyprawiania sk\u00f3ry powoduje, \u017ce podk\u0142adka jest jednolita na ca\u0142ej powierzchni. Podk\u0142adk\u0119 sk\u00f3rzan\u0105 mo\u017cna dobrowolnie skonfigurowa\u0107 (dobra\u0107 rozmiar) oraz wybra\u0107 jej wyko\u0144czenie. Mata sk\u00f3rzana ma nast\u0119puj\u0105ce opcje wyko\u0144czenia:<\/p>\n<ul>\n<li><strong>Klapa maty<\/strong> &#8211; to zakrywaj\u0105cy brzeg biurka lub sto\u0142u element maty, kt\u00f3ry nie tylko pe\u0142ni rol\u0119 ochronn\u0105, ale r\u00f3wnie\u017c ergonomiczn\u0105. Nadgarstek\/przedrami\u0119 swobodnie opadaj\u0105ce na biurko dotykaj\u0105 mi\u0119kkiej sk\u00f3ry na kraw\u0119dzi blatu. To dodatkowy komfort podczas pracy przy biurku. Wzmocniona aluminiowym usztywnieniem.<\/li>\n<li><strong>Kszta\u0142t rog\u00f3w maty<\/strong> &#8211; do wyboru mamy rogi proste oraz rogi zaokr\u0105glone. Wyb\u00f3r tego wyko\u0144czenia nie ma wp\u0142ywu ergonomi\u0119 lub sztywno\u015b\u0107 maty. Wyb\u00f3r wed\u0142ug preferencji.<\/li>\n<li><strong>Szew\u00a0<\/strong>&#8211; to wyko\u0144czenie r\u00f3wnie\u017c nie ma wp\u0142ywu na to jak mata si\u0119 zachowuje. Do wyboru szew pojedynczy i podw\u00f3jny lub jego brak. Szew jest wykonany nici\u0105 pod kolor maty.<\/li>\n<\/ul>\n<p>Na zdj\u0119ciu widnieje\u00a0 mata sk\u00f3rzana w rozmiarze 100 cm x 60 cm z klap\u0105 oraz 80 x 60 cm bez klapy.<\/p>\n<h2>Dlaczego sk\u00f3ra naturalna?<\/h2>\n<p>Nasze akcesoria sk\u00f3rzane wykonane s\u0105 ze sk\u00f3ry naturalnej &#8211; z polskiej sk\u00f3ry bydl\u0119cej (nie eko-sk\u00f3ry czy innych wyrob\u00f3w sk\u00f3ro podobnych).<br \/>\nSk\u00f3ra naturalna jest hipoalergiczna i posiada bardzo przydatn\u0105 funkcj\u0119 &#8211; wch\u0142ania i oddaje wilgo\u0107, co podwy\u017csza komfort przy codziennej, wielogodzinnej pracy.<\/p>\n<p>Ponadto, sk\u00f3ra naturalna jest bardzo przyjemna w dotyku. Ka\u017cda mata, podk\u0142adka ma delikatnie inn\u0105 tekstur\u0119. Ilo\u015b\u0107 zmarszczek oraz jest zminimalizowana co daje jednolit\u0105 powierzchnie robocz\u0105.<\/p>\n<p>Sk\u00f3rzana mata ma r\u00f3wnie\u017c w\u0142a\u015bciwo\u015bci ochronne. Jest odporna na przetarcia. Idealnie sprawdzi si\u0119 w codzienny u\u017cytkowaniu, w Twoim domu i w Twoim biurze.<\/p>\n<p>Nadaje Twojemu miejscu pracy elegancji i stylu.<\/p>\n","protected":false},"excerpt":{"rendered":"<p>Elegancka podk\u0142adka sk\u00f3rzana w kolorze bordowym, r\u0119cznie wykonana w naszej pracowni w Krakowie. U\u017cyta sk\u00f3ra naturalna to wysoko gatunkowa sk\u00f3ra licowa bydl\u0119ca. Do wyboru r\u00f3\u017cne wielko\u015bci i sposoby wyko\u0144czenia maty.<\/p>\n","protected":false},"featured_media":995,"template":"","meta":{"_monsterinsights_skip_tracking":false,"_monsterinsights_sitenote_active":false,"_monsterinsights_sitenote_note":"","_monsterinsights_sitenote_category":0},"product_brand":[],"product_cat":[28],"product_tag":[69],"class_list":{"0":"post-982","1":"product","2":"type-product","3":"status-publish","4":"has-post-thumbnail","6":"product_cat-podkladki-skorzane","7":"product_tag-akcesoria-do-biura","9":"first","10":"instock","11":"taxable","12":"shipping-taxable","13":"purchasable","14":"product-type-variable","15":"has-default-attributes"},"yoast_head":"<!-- This site is optimized with the Yoast SEO plugin v27.6 - https:\/\/yoast.com\/product\/yoast-seo-wordpress\/ -->\n<title>Mata - Podk\u0142adka sk\u00f3rzana - Bordowa - Pracownia Sk\u00f3ral<\/title>\n<meta name=\"description\" content=\"Bordowa mata sk\u00f3rzana - tylko sk\u00f3ra naturalna. Sprawdzi si\u0119 w codziennej pracy w Twoim domu i w Twoim biurze. Rozja\u015bni pomieszczenie.\" \/>\n<meta name=\"robots\" content=\"index, follow, max-snippet:-1, max-image-preview:large, max-video-preview:-1\" \/>\n<link rel=\"canonical\" href=\"https:\/\/sklep.skoral.com\/es\/produkt\/mata-podkladka-skorzana-bordowa\/\" \/>\n<meta property=\"og:locale\" content=\"es_ES\" \/>\n<meta property=\"og:type\" content=\"article\" \/>\n<meta property=\"og:title\" content=\"Mata - Podk\u0142adka sk\u00f3rzana - Bordowa - Pracownia Sk\u00f3ral\" \/>\n<meta property=\"og:description\" content=\"Bordowa mata sk\u00f3rzana - tylko sk\u00f3ra naturalna. Sprawdzi si\u0119 w codziennej pracy w Twoim domu i w Twoim biurze. Rozja\u015bni pomieszczenie.\" \/>\n<meta property=\"og:url\" content=\"https:\/\/sklep.skoral.com\/es\/produkt\/mata-podkladka-skorzana-bordowa\/\" \/>\n<meta property=\"og:site_name\" content=\"Pracownia Sk\u00f3ral\" \/>\n<meta property=\"article:publisher\" content=\"https:\/\/www.facebook.com\/SkoralNaturalLeather\" \/>\n<meta property=\"article:modified_time\" content=\"2023-02-12T09:25:36+00:00\" \/>\n<meta property=\"og:image\" content=\"https:\/\/sklep.skoral.com\/wp-content\/uploads\/2021\/10\/skorzana-bordowa-podkladka-mata.jpg\" \/>\n\t<meta property=\"og:image:width\" content=\"2560\" \/>\n\t<meta property=\"og:image:height\" content=\"1855\" \/>\n\t<meta property=\"og:image:type\" content=\"image\/jpeg\" \/>\n<meta name=\"twitter:card\" content=\"summary_large_image\" \/>\n<meta name=\"twitter:label1\" content=\"Tiempo de lectura\" \/>\n\t<meta name=\"twitter:data1\" content=\"2 minutos\" \/>\n<script type=\"application\/ld+json\" class=\"yoast-schema-graph\">{\"@context\":\"https:\\\/\\\/schema.org\",\"@graph\":[{\"@type\":[\"WebPage\",\"ItemPage\"],\"@id\":\"https:\\\/\\\/sklep.skoral.com\\\/es\\\/produkt\\\/mata-podkladka-skorzana-bordowa\\\/\",\"url\":\"https:\\\/\\\/sklep.skoral.com\\\/es\\\/produkt\\\/mata-podkladka-skorzana-bordowa\\\/\",\"name\":\"Mata - Podk\u0142adka sk\u00f3rzana - Bordowa - Pracownia Sk\u00f3ral\",\"isPartOf\":{\"@id\":\"https:\\\/\\\/sklep.skoral.com\\\/es\\\/#website\"},\"primaryImageOfPage\":{\"@id\":\"https:\\\/\\\/sklep.skoral.com\\\/es\\\/produkt\\\/mata-podkladka-skorzana-bordowa\\\/#primaryimage\"},\"image\":{\"@id\":\"https:\\\/\\\/sklep.skoral.com\\\/es\\\/produkt\\\/mata-podkladka-skorzana-bordowa\\\/#primaryimage\"},\"thumbnailUrl\":\"https:\\\/\\\/sklep.skoral.com\\\/wp-content\\\/uploads\\\/2021\\\/10\\\/skorzana-bordowa-podkladka-mata.jpg\",\"datePublished\":\"2021-10-10T16:16:28+00:00\",\"dateModified\":\"2023-02-12T09:25:36+00:00\",\"description\":\"Bordowa mata sk\u00f3rzana - tylko sk\u00f3ra naturalna. Sprawdzi si\u0119 w codziennej pracy w Twoim domu i w Twoim biurze. Rozja\u015bni pomieszczenie.\",\"breadcrumb\":{\"@id\":\"https:\\\/\\\/sklep.skoral.com\\\/es\\\/produkt\\\/mata-podkladka-skorzana-bordowa\\\/#breadcrumb\"},\"inLanguage\":\"es\",\"potentialAction\":[{\"@type\":\"ReadAction\",\"target\":[\"https:\\\/\\\/sklep.skoral.com\\\/es\\\/produkt\\\/mata-podkladka-skorzana-bordowa\\\/\"]}]},{\"@type\":\"ImageObject\",\"inLanguage\":\"es\",\"@id\":\"https:\\\/\\\/sklep.skoral.com\\\/es\\\/produkt\\\/mata-podkladka-skorzana-bordowa\\\/#primaryimage\",\"url\":\"https:\\\/\\\/sklep.skoral.com\\\/wp-content\\\/uploads\\\/2021\\\/10\\\/skorzana-bordowa-podkladka-mata.jpg\",\"contentUrl\":\"https:\\\/\\\/sklep.skoral.com\\\/wp-content\\\/uploads\\\/2021\\\/10\\\/skorzana-bordowa-podkladka-mata.jpg\",\"width\":2560,\"height\":1855,\"caption\":\"Sk\u00f3rzana bordowa podk\u0142adka - mata\"},{\"@type\":\"BreadcrumbList\",\"@id\":\"https:\\\/\\\/sklep.skoral.com\\\/es\\\/produkt\\\/mata-podkladka-skorzana-bordowa\\\/#breadcrumb\",\"itemListElement\":[{\"@type\":\"ListItem\",\"position\":1,\"name\":\"Strona g\u0142\u00f3wna\",\"item\":\"https:\\\/\\\/sklep.skoral.com\\\/es\\\/\"},{\"@type\":\"ListItem\",\"position\":2,\"name\":\"Tienda\",\"item\":\"https:\\\/\\\/sklep.skoral.com\\\/es\\\/tienda\\\/\"},{\"@type\":\"ListItem\",\"position\":3,\"name\":\"Mata &#8211; Podk\u0142adka sk\u00f3rzana &#8211; Bordowa\"}]},{\"@type\":\"WebSite\",\"@id\":\"https:\\\/\\\/sklep.skoral.com\\\/es\\\/#website\",\"url\":\"https:\\\/\\\/sklep.skoral.com\\\/es\\\/\",\"name\":\"Pracownia Sk\u00f3ral\",\"description\":\"Sklep z odzie\u017c\u0105\u00a0sk\u00f3rzan\u0105 i akcesoriami ze sk\u00f3ry naturalnej\",\"publisher\":{\"@id\":\"https:\\\/\\\/sklep.skoral.com\\\/es\\\/#organization\"},\"potentialAction\":[{\"@type\":\"SearchAction\",\"target\":{\"@type\":\"EntryPoint\",\"urlTemplate\":\"https:\\\/\\\/sklep.skoral.com\\\/es\\\/?s={search_term_string}\"},\"query-input\":{\"@type\":\"PropertyValueSpecification\",\"valueRequired\":true,\"valueName\":\"search_term_string\"}}],\"inLanguage\":\"es\"},{\"@type\":\"Organization\",\"@id\":\"https:\\\/\\\/sklep.skoral.com\\\/es\\\/#organization\",\"name\":\"Sk\u00f3ral - Pracownia odzie\u017cy i akcesori\u00f3w sk\u00f3rzanych\",\"url\":\"https:\\\/\\\/sklep.skoral.com\\\/es\\\/\",\"logo\":{\"@type\":\"ImageObject\",\"inLanguage\":\"es\",\"@id\":\"https:\\\/\\\/sklep.skoral.com\\\/es\\\/#\\\/schema\\\/logo\\\/image\\\/\",\"url\":\"https:\\\/\\\/sklep.skoral.com\\\/wp-content\\\/uploads\\\/2020\\\/09\\\/cropped-logo-duze.png\",\"contentUrl\":\"https:\\\/\\\/sklep.skoral.com\\\/wp-content\\\/uploads\\\/2020\\\/09\\\/cropped-logo-duze.png\",\"width\":1200,\"height\":293,\"caption\":\"Sk\u00f3ral - Pracownia odzie\u017cy i akcesori\u00f3w sk\u00f3rzanych\"},\"image\":{\"@id\":\"https:\\\/\\\/sklep.skoral.com\\\/es\\\/#\\\/schema\\\/logo\\\/image\\\/\"},\"sameAs\":[\"https:\\\/\\\/www.facebook.com\\\/SkoralNaturalLeather\",\"https:\\\/\\\/www.instagram.com\\\/skoraldesign\\\/\",\"https:\\\/\\\/www.youtube.com\\\/channel\\\/UCijmecsRU9TpML5jIEBsWTw\"]}]}<\/script>\n<!-- \/ Yoast SEO plugin. -->","yoast_head_json":{"title":"Mata - Podk\u0142adka sk\u00f3rzana - Bordowa - Pracownia Sk\u00f3ral","description":"Bordowa mata sk\u00f3rzana - tylko sk\u00f3ra naturalna. Sprawdzi si\u0119 w codziennej pracy w Twoim domu i w Twoim biurze. Rozja\u015bni pomieszczenie.","robots":{"index":"index","follow":"follow","max-snippet":"max-snippet:-1","max-image-preview":"max-image-preview:large","max-video-preview":"max-video-preview:-1"},"canonical":"https:\/\/sklep.skoral.com\/es\/produkt\/mata-podkladka-skorzana-bordowa\/","og_locale":"es_ES","og_type":"article","og_title":"Mata - Podk\u0142adka sk\u00f3rzana - Bordowa - Pracownia Sk\u00f3ral","og_description":"Bordowa mata sk\u00f3rzana - tylko sk\u00f3ra naturalna. Sprawdzi si\u0119 w codziennej pracy w Twoim domu i w Twoim biurze. Rozja\u015bni pomieszczenie.","og_url":"https:\/\/sklep.skoral.com\/es\/produkt\/mata-podkladka-skorzana-bordowa\/","og_site_name":"Pracownia Sk\u00f3ral","article_publisher":"https:\/\/www.facebook.com\/SkoralNaturalLeather","article_modified_time":"2023-02-12T09:25:36+00:00","og_image":[{"width":2560,"height":1855,"url":"https:\/\/sklep.skoral.com\/wp-content\/uploads\/2021\/10\/skorzana-bordowa-podkladka-mata.jpg","type":"image\/jpeg"}],"twitter_card":"summary_large_image","twitter_misc":{"Tiempo de lectura":"2 minutos"},"schema":{"@context":"https:\/\/schema.org","@graph":[{"@type":["WebPage","ItemPage"],"@id":"https:\/\/sklep.skoral.com\/es\/produkt\/mata-podkladka-skorzana-bordowa\/","url":"https:\/\/sklep.skoral.com\/es\/produkt\/mata-podkladka-skorzana-bordowa\/","name":"Mata - Podk\u0142adka sk\u00f3rzana - Bordowa - Pracownia Sk\u00f3ral","isPartOf":{"@id":"https:\/\/sklep.skoral.com\/es\/#website"},"primaryImageOfPage":{"@id":"https:\/\/sklep.skoral.com\/es\/produkt\/mata-podkladka-skorzana-bordowa\/#primaryimage"},"image":{"@id":"https:\/\/sklep.skoral.com\/es\/produkt\/mata-podkladka-skorzana-bordowa\/#primaryimage"},"thumbnailUrl":"https:\/\/sklep.skoral.com\/wp-content\/uploads\/2021\/10\/skorzana-bordowa-podkladka-mata.jpg","datePublished":"2021-10-10T16:16:28+00:00","dateModified":"2023-02-12T09:25:36+00:00","description":"Bordowa mata sk\u00f3rzana - tylko sk\u00f3ra naturalna. Sprawdzi si\u0119 w codziennej pracy w Twoim domu i w Twoim biurze. Rozja\u015bni pomieszczenie.","breadcrumb":{"@id":"https:\/\/sklep.skoral.com\/es\/produkt\/mata-podkladka-skorzana-bordowa\/#breadcrumb"},"inLanguage":"es","potentialAction":[{"@type":"ReadAction","target":["https:\/\/sklep.skoral.com\/es\/produkt\/mata-podkladka-skorzana-bordowa\/"]}]},{"@type":"ImageObject","inLanguage":"es","@id":"https:\/\/sklep.skoral.com\/es\/produkt\/mata-podkladka-skorzana-bordowa\/#primaryimage","url":"https:\/\/sklep.skoral.com\/wp-content\/uploads\/2021\/10\/skorzana-bordowa-podkladka-mata.jpg","contentUrl":"https:\/\/sklep.skoral.com\/wp-content\/uploads\/2021\/10\/skorzana-bordowa-podkladka-mata.jpg","width":2560,"height":1855,"caption":"Sk\u00f3rzana bordowa podk\u0142adka - mata"},{"@type":"BreadcrumbList","@id":"https:\/\/sklep.skoral.com\/es\/produkt\/mata-podkladka-skorzana-bordowa\/#breadcrumb","itemListElement":[{"@type":"ListItem","position":1,"name":"Strona g\u0142\u00f3wna","item":"https:\/\/sklep.skoral.com\/es\/"},{"@type":"ListItem","position":2,"name":"Tienda","item":"https:\/\/sklep.skoral.com\/es\/tienda\/"},{"@type":"ListItem","position":3,"name":"Mata &#8211; Podk\u0142adka sk\u00f3rzana &#8211; Bordowa"}]},{"@type":"WebSite","@id":"https:\/\/sklep.skoral.com\/es\/#website","url":"https:\/\/sklep.skoral.com\/es\/","name":"Pracownia Sk\u00f3ral","description":"Sklep z odzie\u017c\u0105\u00a0sk\u00f3rzan\u0105 i akcesoriami ze sk\u00f3ry naturalnej","publisher":{"@id":"https:\/\/sklep.skoral.com\/es\/#organization"},"potentialAction":[{"@type":"SearchAction","target":{"@type":"EntryPoint","urlTemplate":"https:\/\/sklep.skoral.com\/es\/?s={search_term_string}"},"query-input":{"@type":"PropertyValueSpecification","valueRequired":true,"valueName":"search_term_string"}}],"inLanguage":"es"},{"@type":"Organization","@id":"https:\/\/sklep.skoral.com\/es\/#organization","name":"Sk\u00f3ral - Pracownia odzie\u017cy i akcesori\u00f3w sk\u00f3rzanych","url":"https:\/\/sklep.skoral.com\/es\/","logo":{"@type":"ImageObject","inLanguage":"es","@id":"https:\/\/sklep.skoral.com\/es\/#\/schema\/logo\/image\/","url":"https:\/\/sklep.skoral.com\/wp-content\/uploads\/2020\/09\/cropped-logo-duze.png","contentUrl":"https:\/\/sklep.skoral.com\/wp-content\/uploads\/2020\/09\/cropped-logo-duze.png","width":1200,"height":293,"caption":"Sk\u00f3ral - Pracownia odzie\u017cy i akcesori\u00f3w sk\u00f3rzanych"},"image":{"@id":"https:\/\/sklep.skoral.com\/es\/#\/schema\/logo\/image\/"},"sameAs":["https:\/\/www.facebook.com\/SkoralNaturalLeather","https:\/\/www.instagram.com\/skoraldesign\/","https:\/\/www.youtube.com\/channel\/UCijmecsRU9TpML5jIEBsWTw"]}]}},"jetpack_sharing_enabled":true,"_links":{"self":[{"href":"https:\/\/sklep.skoral.com\/es\/wp-json\/wp\/v2\/product\/982","targetHints":{"allow":["GET"]}}],"collection":[{"href":"https:\/\/sklep.skoral.com\/es\/wp-json\/wp\/v2\/product"}],"about":[{"href":"https:\/\/sklep.skoral.com\/es\/wp-json\/wp\/v2\/types\/product"}],"wp:featuredmedia":[{"embeddable":true,"href":"https:\/\/sklep.skoral.com\/es\/wp-json\/wp\/v2\/media\/995"}],"wp:attachment":[{"href":"https:\/\/sklep.skoral.com\/es\/wp-json\/wp\/v2\/media?parent=982"}],"wp:term":[{"taxonomy":"product_brand","embeddable":true,"href":"https:\/\/sklep.skoral.com\/es\/wp-json\/wp\/v2\/product_brand?post=982"},{"taxonomy":"product_cat","embeddable":true,"href":"https:\/\/sklep.skoral.com\/es\/wp-json\/wp\/v2\/product_cat?post=982"},{"taxonomy":"product_tag","embeddable":true,"href":"https:\/\/sklep.skoral.com\/es\/wp-json\/wp\/v2\/product_tag?post=982"}],"curies":[{"name":"wp","href":"https:\/\/api.w.org\/{rel}","templated":true}]}}