{"id":1605,"date":"2021-02-02T20:32:15","date_gmt":"2021-02-02T19:32:15","guid":{"rendered":"https:\/\/sklep.skoral.com\/contact\/"},"modified":"2025-09-08T20:39:10","modified_gmt":"2025-09-08T18:39:10","slug":"contact","status":"publish","type":"page","link":"https:\/\/sklep.skoral.com\/fr\/contact\/","title":{"rendered":"Contact"},"content":{"rendered":"\n<h4 class=\"wp-block-heading\">Soci\u00e9t\u00e9 Sk\u00f3ral &#8211; W\u0142odzimierz Tupta<br\/>Dietla 33, 31-062 Cracovie<br\/>Pologne<\/h4>\n\n<p><strong>T\u00e9l<\/strong> : +48 12 423 12 20<br\/><strong>Mobile<\/strong> : +48 601 432 035<\/p>\n\n<p><strong>E-mail :<\/strong> contact(at)skoral.com<\/p>\n\n<p><a href=\"https:\/\/skoral.com\" target=\"_blank\" rel=\"noreferrer noopener\">www.skoral.com<\/a><\/p>\n\n<p>Nous vous invitons \u00e0 nous suivre sur nos r\u00e9seaux sociaux. <\/p>\n\n<p><a href=\"https:\/\/www.instagram.com\/skoraldesign\/\">Instagram<\/a> | <a href=\"https:\/\/www.facebook.com\/SkoralNaturalLeather\">Facebook<\/a><\/p>\n\n<h2 class=\"wp-block-heading\">Contactez-nous pour en savoir plus sur la confection sur mesure<\/h2>\n\n<p>Appelez-nous ou \u00e9crivez-nous pour en savoir plus sur la confection sur mesure. Nous vous aiderons et vous conseillerons sur la fa\u00e7on de prendre correctement les mesures de votre silhouette. Notre exp\u00e9rience nous permet de coudre une veste en cuir ou un manteau en cuir personnalis\u00e9, une peau de mouton adapt\u00e9e \u00e0 vous. Il ne faut pas prendre de risques &#8211; apr\u00e8s avoir pass\u00e9 commande et re\u00e7u les mesures, nous n&rsquo;avons besoin que de 10 jours maximum pour r\u00e9aliser votre commande. En g\u00e9n\u00e9ral, c&rsquo;est beaucoup plus rapide.    <\/p>\n\n<h2 class=\"wp-block-heading\">Vous avez votre propre vision d&rsquo;une veste en cuir et vous souhaitez la r\u00e9aliser &#8211; dite CUSTOM ? <\/h2>\n\n<p>Nous entreprendrons m\u00eame des modifications tr\u00e8s difficiles et r\u00e9aliserons des mod\u00e8les hors du commun. Nous choisirons le cuir appropri\u00e9, la couleur, les finitions, les fermetures et m\u00eame la nuance du fil. Nous peaufinerons votre projet pour qu&rsquo;il r\u00e9ponde \u00e0 vos attentes. Contactez-nous. Notre atelier de cuir est ouvert du lundi au vendredi de 10h \u00e0 18h.     <\/p>\n\n<p><\/p>\n","protected":false},"excerpt":{"rendered":"<p>Soci\u00e9t\u00e9 Sk\u00f3ral &#8211; W\u0142odzimierz TuptaDietla 33, 31-062 CracoviePologne T\u00e9l : +48 12 423 12 20Mobile : +48 601 432 035 E-mail : contact(at)skoral.com www.skoral.com Nous vous invitons \u00e0 nous suivre sur nos r\u00e9seaux sociaux. Instagram | Facebook Contactez-nous pour en savoir plus sur la confection sur mesure Appelez-nous ou \u00e9crivez-nous pour en savoir plus sur [&hellip;]<\/p>\n","protected":false},"author":1,"featured_media":0,"parent":0,"menu_order":0,"comment_status":"closed","ping_status":"closed","template":"","meta":{"_monsterinsights_skip_tracking":false,"_monsterinsights_sitenote_active":false,"_monsterinsights_sitenote_note":"","_monsterinsights_sitenote_category":0,"footnotes":""},"class_list":["post-1605","page","type-page","status-publish","hentry"],"yoast_head":"<!-- This site is optimized with the Yoast SEO plugin v27.6 - https:\/\/yoast.com\/product\/yoast-seo-wordpress\/ -->\n<title>Contact - Pracownia Sk\u00f3ral<\/title>\n<meta name=\"robots\" content=\"index, follow, max-snippet:-1, max-image-preview:large, max-video-preview:-1\" \/>\n<link rel=\"canonical\" href=\"https:\/\/sklep.skoral.com\/fr\/contact\/\" \/>\n<meta property=\"og:locale\" content=\"fr_FR\" \/>\n<meta property=\"og:type\" content=\"article\" \/>\n<meta property=\"og:title\" content=\"Contact - Pracownia Sk\u00f3ral\" \/>\n<meta property=\"og:description\" content=\"Soci\u00e9t\u00e9 Sk\u00f3ral &#8211; W\u0142odzimierz TuptaDietla 33, 31-062 CracoviePologne T\u00e9l : +48 12 423 12 20Mobile : +48 601 432 035 E-mail : contact(at)skoral.com www.skoral.com Nous vous invitons \u00e0 nous suivre sur nos r\u00e9seaux sociaux. Instagram | Facebook Contactez-nous pour en savoir plus sur la confection sur mesure Appelez-nous ou \u00e9crivez-nous pour en savoir plus sur [&hellip;]\" \/>\n<meta property=\"og:url\" content=\"https:\/\/sklep.skoral.com\/fr\/contact\/\" \/>\n<meta property=\"og:site_name\" content=\"Pracownia Sk\u00f3ral\" \/>\n<meta property=\"article:publisher\" content=\"https:\/\/www.facebook.com\/SkoralNaturalLeather\" \/>\n<meta property=\"article:modified_time\" content=\"2025-09-08T18:39:10+00:00\" \/>\n<meta property=\"og:image\" content=\"https:\/\/sklep.skoral.com\/wp-content\/uploads\/2021\/01\/skoral-pracownia-z-odzieza-skorzana-i-akcesoriami.jpg\" \/>\n\t<meta property=\"og:image:width\" content=\"1932\" \/>\n\t<meta property=\"og:image:height\" content=\"860\" \/>\n\t<meta property=\"og:image:type\" content=\"image\/jpeg\" \/>\n<meta name=\"twitter:card\" content=\"summary_large_image\" \/>\n<meta name=\"twitter:label1\" content=\"Dur\u00e9e de lecture estim\u00e9e\" \/>\n\t<meta name=\"twitter:data1\" content=\"1 minute\" \/>\n<script type=\"application\/ld+json\" class=\"yoast-schema-graph\">{\"@context\":\"https:\\\/\\\/schema.org\",\"@graph\":[{\"@type\":\"WebPage\",\"@id\":\"https:\\\/\\\/sklep.skoral.com\\\/fr\\\/contact\\\/\",\"url\":\"https:\\\/\\\/sklep.skoral.com\\\/fr\\\/contact\\\/\",\"name\":\"Contact - Pracownia Sk\u00f3ral\",\"isPartOf\":{\"@id\":\"https:\\\/\\\/sklep.skoral.com\\\/fr\\\/#website\"},\"datePublished\":\"2021-02-02T19:32:15+00:00\",\"dateModified\":\"2025-09-08T18:39:10+00:00\",\"breadcrumb\":{\"@id\":\"https:\\\/\\\/sklep.skoral.com\\\/fr\\\/contact\\\/#breadcrumb\"},\"inLanguage\":\"fr-FR\",\"potentialAction\":[{\"@type\":\"ReadAction\",\"target\":[\"https:\\\/\\\/sklep.skoral.com\\\/fr\\\/contact\\\/\"]}]},{\"@type\":\"BreadcrumbList\",\"@id\":\"https:\\\/\\\/sklep.skoral.com\\\/fr\\\/contact\\\/#breadcrumb\",\"itemListElement\":[{\"@type\":\"ListItem\",\"position\":1,\"name\":\"Strona g\u0142\u00f3wna\",\"item\":\"https:\\\/\\\/sklep.skoral.com\\\/fr\\\/accueil\\\/\"},{\"@type\":\"ListItem\",\"position\":2,\"name\":\"Contact\"}]},{\"@type\":\"WebSite\",\"@id\":\"https:\\\/\\\/sklep.skoral.com\\\/fr\\\/#website\",\"url\":\"https:\\\/\\\/sklep.skoral.com\\\/fr\\\/\",\"name\":\"Pracownia Sk\u00f3ral\",\"description\":\"Sklep z odzie\u017c\u0105\u00a0sk\u00f3rzan\u0105 i akcesoriami ze sk\u00f3ry naturalnej\",\"publisher\":{\"@id\":\"https:\\\/\\\/sklep.skoral.com\\\/fr\\\/#organization\"},\"potentialAction\":[{\"@type\":\"SearchAction\",\"target\":{\"@type\":\"EntryPoint\",\"urlTemplate\":\"https:\\\/\\\/sklep.skoral.com\\\/fr\\\/?s={search_term_string}\"},\"query-input\":{\"@type\":\"PropertyValueSpecification\",\"valueRequired\":true,\"valueName\":\"search_term_string\"}}],\"inLanguage\":\"fr-FR\"},{\"@type\":\"Organization\",\"@id\":\"https:\\\/\\\/sklep.skoral.com\\\/fr\\\/#organization\",\"name\":\"Sk\u00f3ral - Pracownia odzie\u017cy i akcesori\u00f3w sk\u00f3rzanych\",\"url\":\"https:\\\/\\\/sklep.skoral.com\\\/fr\\\/\",\"logo\":{\"@type\":\"ImageObject\",\"inLanguage\":\"fr-FR\",\"@id\":\"https:\\\/\\\/sklep.skoral.com\\\/fr\\\/#\\\/schema\\\/logo\\\/image\\\/\",\"url\":\"https:\\\/\\\/sklep.skoral.com\\\/wp-content\\\/uploads\\\/2020\\\/09\\\/cropped-logo-duze.png\",\"contentUrl\":\"https:\\\/\\\/sklep.skoral.com\\\/wp-content\\\/uploads\\\/2020\\\/09\\\/cropped-logo-duze.png\",\"width\":1200,\"height\":293,\"caption\":\"Sk\u00f3ral - Pracownia odzie\u017cy i akcesori\u00f3w sk\u00f3rzanych\"},\"image\":{\"@id\":\"https:\\\/\\\/sklep.skoral.com\\\/fr\\\/#\\\/schema\\\/logo\\\/image\\\/\"},\"sameAs\":[\"https:\\\/\\\/www.facebook.com\\\/SkoralNaturalLeather\",\"https:\\\/\\\/www.instagram.com\\\/skoraldesign\\\/\",\"https:\\\/\\\/www.youtube.com\\\/channel\\\/UCijmecsRU9TpML5jIEBsWTw\"]}]}<\/script>\n<!-- \/ Yoast SEO plugin. -->","yoast_head_json":{"title":"Contact - Pracownia Sk\u00f3ral","robots":{"index":"index","follow":"follow","max-snippet":"max-snippet:-1","max-image-preview":"max-image-preview:large","max-video-preview":"max-video-preview:-1"},"canonical":"https:\/\/sklep.skoral.com\/fr\/contact\/","og_locale":"fr_FR","og_type":"article","og_title":"Contact - Pracownia Sk\u00f3ral","og_description":"Soci\u00e9t\u00e9 Sk\u00f3ral &#8211; W\u0142odzimierz TuptaDietla 33, 31-062 CracoviePologne T\u00e9l : +48 12 423 12 20Mobile : +48 601 432 035 E-mail : contact(at)skoral.com www.skoral.com Nous vous invitons \u00e0 nous suivre sur nos r\u00e9seaux sociaux. Instagram | Facebook Contactez-nous pour en savoir plus sur la confection sur mesure Appelez-nous ou \u00e9crivez-nous pour en savoir plus sur [&hellip;]","og_url":"https:\/\/sklep.skoral.com\/fr\/contact\/","og_site_name":"Pracownia Sk\u00f3ral","article_publisher":"https:\/\/www.facebook.com\/SkoralNaturalLeather","article_modified_time":"2025-09-08T18:39:10+00:00","og_image":[{"width":1932,"height":860,"url":"https:\/\/sklep.skoral.com\/wp-content\/uploads\/2021\/01\/skoral-pracownia-z-odzieza-skorzana-i-akcesoriami.jpg","type":"image\/jpeg"}],"twitter_card":"summary_large_image","twitter_misc":{"Dur\u00e9e de lecture estim\u00e9e":"1 minute"},"schema":{"@context":"https:\/\/schema.org","@graph":[{"@type":"WebPage","@id":"https:\/\/sklep.skoral.com\/fr\/contact\/","url":"https:\/\/sklep.skoral.com\/fr\/contact\/","name":"Contact - Pracownia Sk\u00f3ral","isPartOf":{"@id":"https:\/\/sklep.skoral.com\/fr\/#website"},"datePublished":"2021-02-02T19:32:15+00:00","dateModified":"2025-09-08T18:39:10+00:00","breadcrumb":{"@id":"https:\/\/sklep.skoral.com\/fr\/contact\/#breadcrumb"},"inLanguage":"fr-FR","potentialAction":[{"@type":"ReadAction","target":["https:\/\/sklep.skoral.com\/fr\/contact\/"]}]},{"@type":"BreadcrumbList","@id":"https:\/\/sklep.skoral.com\/fr\/contact\/#breadcrumb","itemListElement":[{"@type":"ListItem","position":1,"name":"Strona g\u0142\u00f3wna","item":"https:\/\/sklep.skoral.com\/fr\/accueil\/"},{"@type":"ListItem","position":2,"name":"Contact"}]},{"@type":"WebSite","@id":"https:\/\/sklep.skoral.com\/fr\/#website","url":"https:\/\/sklep.skoral.com\/fr\/","name":"Pracownia Sk\u00f3ral","description":"Sklep z odzie\u017c\u0105\u00a0sk\u00f3rzan\u0105 i akcesoriami ze sk\u00f3ry naturalnej","publisher":{"@id":"https:\/\/sklep.skoral.com\/fr\/#organization"},"potentialAction":[{"@type":"SearchAction","target":{"@type":"EntryPoint","urlTemplate":"https:\/\/sklep.skoral.com\/fr\/?s={search_term_string}"},"query-input":{"@type":"PropertyValueSpecification","valueRequired":true,"valueName":"search_term_string"}}],"inLanguage":"fr-FR"},{"@type":"Organization","@id":"https:\/\/sklep.skoral.com\/fr\/#organization","name":"Sk\u00f3ral - Pracownia odzie\u017cy i akcesori\u00f3w sk\u00f3rzanych","url":"https:\/\/sklep.skoral.com\/fr\/","logo":{"@type":"ImageObject","inLanguage":"fr-FR","@id":"https:\/\/sklep.skoral.com\/fr\/#\/schema\/logo\/image\/","url":"https:\/\/sklep.skoral.com\/wp-content\/uploads\/2020\/09\/cropped-logo-duze.png","contentUrl":"https:\/\/sklep.skoral.com\/wp-content\/uploads\/2020\/09\/cropped-logo-duze.png","width":1200,"height":293,"caption":"Sk\u00f3ral - Pracownia odzie\u017cy i akcesori\u00f3w sk\u00f3rzanych"},"image":{"@id":"https:\/\/sklep.skoral.com\/fr\/#\/schema\/logo\/image\/"},"sameAs":["https:\/\/www.facebook.com\/SkoralNaturalLeather","https:\/\/www.instagram.com\/skoraldesign\/","https:\/\/www.youtube.com\/channel\/UCijmecsRU9TpML5jIEBsWTw"]}]}},"jetpack_sharing_enabled":true,"_links":{"self":[{"href":"https:\/\/sklep.skoral.com\/fr\/wp-json\/wp\/v2\/pages\/1605","targetHints":{"allow":["GET"]}}],"collection":[{"href":"https:\/\/sklep.skoral.com\/fr\/wp-json\/wp\/v2\/pages"}],"about":[{"href":"https:\/\/sklep.skoral.com\/fr\/wp-json\/wp\/v2\/types\/page"}],"author":[{"embeddable":true,"href":"https:\/\/sklep.skoral.com\/fr\/wp-json\/wp\/v2\/users\/1"}],"replies":[{"embeddable":true,"href":"https:\/\/sklep.skoral.com\/fr\/wp-json\/wp\/v2\/comments?post=1605"}],"version-history":[{"count":1,"href":"https:\/\/sklep.skoral.com\/fr\/wp-json\/wp\/v2\/pages\/1605\/revisions"}],"predecessor-version":[{"id":1606,"href":"https:\/\/sklep.skoral.com\/fr\/wp-json\/wp\/v2\/pages\/1605\/revisions\/1606"}],"wp:attachment":[{"href":"https:\/\/sklep.skoral.com\/fr\/wp-json\/wp\/v2\/media?parent=1605"}],"curies":[{"name":"wp","href":"https:\/\/api.w.org\/{rel}","templated":true}]}}