{"id":1670,"date":"2021-01-19T15:09:14","date_gmt":"2021-01-19T14:09:14","guid":{"rendered":"https:\/\/sklep.skoral.com\/skoral-fabricant-de-vetements-en-cuir\/"},"modified":"2025-09-08T20:41:50","modified_gmt":"2025-09-08T18:41:50","slug":"skoral-fabricant-de-vetements-en-cuir","status":"publish","type":"page","link":"https:\/\/sklep.skoral.com\/fr\/skoral-fabricant-de-vetements-en-cuir\/","title":{"rendered":"Sk\u00f3ral &#8211; fabricant de v\u00eatements en cuir"},"content":{"rendered":"\n<p><strong>Sk\u00f3ral est une marque polonaise haut de gamme, pr\u00e9sente sur le march\u00e9 depuis 1979. <\/strong>Nous sommes sp\u00e9cialis\u00e9s dans la production de <strong>v\u00eatements en cuir<\/strong> et de <strong>manteaux en peau de mouton<\/strong> de la plus haute qualit\u00e9. Ces derni\u00e8res ann\u00e9es, en r\u00e9ponse aux besoins de nos clients, nous avons \u00e9largi notre gamme pour inclure des <a href=\"https:\/\/sklep.skoral.com\/kategoria\/akcesoria-skorzane\/\">accessoires de bureau \u00e9l\u00e9gants et polyvalents<\/a>, \u00e9galement fabriqu\u00e9s en cuir naturel. <\/p>\n\n<p>Les v\u00eatements et accessoires de la marque Sk\u00f3ral sont fabriqu\u00e9s \u00e0 partir de cuirs naturels soigneusement s\u00e9lectionn\u00e9s, d&rsquo;agneau et de b\u0153uf, provenant d&rsquo;Italie, d&rsquo;Espagne, des \u00c9tats-Unis et de Pologne. Pour cr\u00e9er nos designs, nous utilisons un cuir naturel extr\u00eamement doux et durable, qui garantit un grand confort d&rsquo;utilisation et une qualit\u00e9 optimale pour de nombreuses ann\u00e9es.  <\/p>\n\n<p>Dans notre boutique, nous proposons des v\u00eatements en cuir disponibles dans toutes les tailles &#8211; S, M, L, XL et XXL, dans diff\u00e9rentes couleurs et motifs. Notre collection comprend des produits intemporels qui s&rsquo;inscrivent parfaitement dans les tendances actuelles.  <\/p>\n\n<figure class=\"wp-block-embed is-type-video is-provider-youtube wp-block-embed-youtube wp-embed-aspect-16-9 wp-has-aspect-ratio\"><div class=\"wp-block-embed__wrapper\">\n<iframe loading=\"lazy\" title=\"Sk\u00f3ral - Szycie odzie\u017cy sk\u00f3rzanej - Kurtki sk\u00f3rzane i ko\u017cuchy - Krak\u00f3w\" width=\"980\" height=\"551\" src=\"https:\/\/www.youtube.com\/embed\/IWlj_AwRnzo?feature=oembed\" frameborder=\"0\" allow=\"accelerometer; autoplay; clipboard-write; encrypted-media; gyroscope; picture-in-picture; web-share\" referrerpolicy=\"strict-origin-when-cross-origin\" allowfullscreen><\/iframe>\n<\/div><figcaption>Spot publicitaire de l&rsquo;entreprise Sk\u00f3ral &#8211; V\u00eatements en cuir<\/figcaption><\/figure>\n\n<h2 class=\"wp-block-heading\">Conception de v\u00eatements en cuir<\/h2>\n\n<p>Lors de la conception des v\u00eatements et accessoires de la marque Sk\u00f3ral, nous accordons une attention particuli\u00e8re \u00e0 chaque d\u00e9tail, m\u00eame le plus infime. Nous mettons l&rsquo;accent non seulement sur l&rsquo;esth\u00e9tique de la fabrication, mais aussi sur la durabilit\u00e9 et la fiabilit\u00e9 des produits cr\u00e9\u00e9s. Cela nous permet d&rsquo;\u00eatre certains que les v\u00eatements et accessoires de la marque Sk\u00f3ral sont des classiques irrempla\u00e7ables qui serviront nos clients pendant de nombreuses saisons.   <\/p>\n\n<p>En tant que fabricant de produits en cuir naturel, nous proposons \u00e9galement un <strong>service de confection de v\u00eatements en cuir sur mesure<\/strong> avec la possibilit\u00e9 de personnaliser la commande selon les id\u00e9es individuelles. Dans notre point de vente \u00e0 Cracovie (ul. Dietla 33), notre personnel qualifi\u00e9 est \u00e0 votre disposition pour vous aider \u00e0 adapter parfaitement les v\u00eatements \u00e0 votre silhouette.  <\/p>\n\n<h2 class=\"wp-block-heading\">Retouches et r\u00e9paration de v\u00eatements en cuir et de manteaux en peau de mouton<\/h2>\n\n<p>Nous nous occupons \u00e9galement des retouches et de la r\u00e9paration de v\u00eatements en cuir et de manteaux en peau de mouton. Si vous recherchez des v\u00eatements en cuir exceptionnels et de qualit\u00e9, des classiques intemporels qui vous serviront pendant de nombreuses saisons &#8211; nous vous invitons \u00e0 visiter notre boutique en ligne.  <\/p>\n\n<p>En cas de questions, nous sommes l\u00e0 pour vous aider ! <a href=\"https:\/\/sklep.skoral.com\/fr\/contact\/\">Contactez-nous.<\/a><\/p>\n","protected":false},"excerpt":{"rendered":"<p>Sk\u00f3ral est une marque polonaise haut de gamme, pr\u00e9sente sur le march\u00e9 depuis 1979. Nous sommes sp\u00e9cialis\u00e9s dans la production de v\u00eatements en cuir et de manteaux en peau de mouton de la plus haute qualit\u00e9. Ces derni\u00e8res ann\u00e9es, en r\u00e9ponse aux besoins de nos clients, nous avons \u00e9largi notre gamme pour inclure des accessoires [&hellip;]<\/p>\n","protected":false},"author":1,"featured_media":0,"parent":0,"menu_order":0,"comment_status":"closed","ping_status":"closed","template":"","meta":{"_monsterinsights_skip_tracking":false,"_monsterinsights_sitenote_active":false,"_monsterinsights_sitenote_note":"","_monsterinsights_sitenote_category":0,"footnotes":""},"class_list":["post-1670","page","type-page","status-publish","hentry"],"yoast_head":"<!-- This site is optimized with the Yoast SEO plugin v27.6 - https:\/\/yoast.com\/product\/yoast-seo-wordpress\/ -->\n<title>Sk\u00f3ral - fabricant de v\u00eatements en cuir - \u00c0 propos - Boutique en ligne<\/title>\n<meta name=\"description\" content=\"Sp\u00e9cialistes en v\u00eatements cuir et peau de mouton de qualit\u00e9. Visitez notre boutique en ligne.\" \/>\n<meta name=\"robots\" content=\"index, follow, max-snippet:-1, max-image-preview:large, max-video-preview:-1\" \/>\n<link rel=\"canonical\" href=\"https:\/\/sklep.skoral.com\/fr\/skoral-fabricant-de-vetements-en-cuir\/\" \/>\n<meta property=\"og:locale\" content=\"fr_FR\" \/>\n<meta property=\"og:type\" content=\"article\" \/>\n<meta property=\"og:title\" content=\"Sk\u00f3ral - fabricant de v\u00eatements en cuir - \u00c0 propos - Boutique en ligne\" \/>\n<meta property=\"og:description\" content=\"Sp\u00e9cialistes en v\u00eatements cuir et peau de mouton de qualit\u00e9. Visitez notre boutique en ligne.\" \/>\n<meta property=\"og:url\" content=\"https:\/\/sklep.skoral.com\/fr\/skoral-fabricant-de-vetements-en-cuir\/\" \/>\n<meta property=\"og:site_name\" content=\"Pracownia Sk\u00f3ral\" \/>\n<meta property=\"article:publisher\" content=\"https:\/\/www.facebook.com\/SkoralNaturalLeather\" \/>\n<meta property=\"article:modified_time\" content=\"2025-09-08T18:41:50+00:00\" \/>\n<meta property=\"og:image\" content=\"https:\/\/sklep.skoral.com\/wp-content\/uploads\/2021\/01\/skoral-pracownia-z-odzieza-skorzana-i-akcesoriami.jpg\" \/>\n\t<meta property=\"og:image:width\" content=\"1932\" \/>\n\t<meta property=\"og:image:height\" content=\"860\" \/>\n\t<meta property=\"og:image:type\" content=\"image\/jpeg\" \/>\n<meta name=\"twitter:card\" content=\"summary_large_image\" \/>\n<meta name=\"twitter:label1\" content=\"Dur\u00e9e de lecture estim\u00e9e\" \/>\n\t<meta name=\"twitter:data1\" content=\"2 minutes\" \/>\n<script type=\"application\/ld+json\" class=\"yoast-schema-graph\">{\"@context\":\"https:\\\/\\\/schema.org\",\"@graph\":[{\"@type\":\"WebPage\",\"@id\":\"https:\\\/\\\/sklep.skoral.com\\\/fr\\\/skoral-fabricant-de-vetements-en-cuir\\\/\",\"url\":\"https:\\\/\\\/sklep.skoral.com\\\/fr\\\/skoral-fabricant-de-vetements-en-cuir\\\/\",\"name\":\"Sk\u00f3ral - fabricant de v\u00eatements en cuir - \u00c0 propos - Boutique en ligne\",\"isPartOf\":{\"@id\":\"https:\\\/\\\/sklep.skoral.com\\\/fr\\\/#website\"},\"datePublished\":\"2021-01-19T14:09:14+00:00\",\"dateModified\":\"2025-09-08T18:41:50+00:00\",\"description\":\"Sp\u00e9cialistes en v\u00eatements cuir et peau de mouton de qualit\u00e9. Visitez notre boutique en ligne.\",\"breadcrumb\":{\"@id\":\"https:\\\/\\\/sklep.skoral.com\\\/fr\\\/skoral-fabricant-de-vetements-en-cuir\\\/#breadcrumb\"},\"inLanguage\":\"fr-FR\",\"potentialAction\":[{\"@type\":\"ReadAction\",\"target\":[\"https:\\\/\\\/sklep.skoral.com\\\/fr\\\/skoral-fabricant-de-vetements-en-cuir\\\/\"]}]},{\"@type\":\"BreadcrumbList\",\"@id\":\"https:\\\/\\\/sklep.skoral.com\\\/fr\\\/skoral-fabricant-de-vetements-en-cuir\\\/#breadcrumb\",\"itemListElement\":[{\"@type\":\"ListItem\",\"position\":1,\"name\":\"Strona g\u0142\u00f3wna\",\"item\":\"https:\\\/\\\/sklep.skoral.com\\\/fr\\\/accueil\\\/\"},{\"@type\":\"ListItem\",\"position\":2,\"name\":\"Sk\u00f3ral &#8211; fabricant de v\u00eatements en cuir\"}]},{\"@type\":\"WebSite\",\"@id\":\"https:\\\/\\\/sklep.skoral.com\\\/fr\\\/#website\",\"url\":\"https:\\\/\\\/sklep.skoral.com\\\/fr\\\/\",\"name\":\"Pracownia Sk\u00f3ral\",\"description\":\"Sklep z odzie\u017c\u0105\u00a0sk\u00f3rzan\u0105 i akcesoriami ze sk\u00f3ry naturalnej\",\"publisher\":{\"@id\":\"https:\\\/\\\/sklep.skoral.com\\\/fr\\\/#organization\"},\"potentialAction\":[{\"@type\":\"SearchAction\",\"target\":{\"@type\":\"EntryPoint\",\"urlTemplate\":\"https:\\\/\\\/sklep.skoral.com\\\/fr\\\/?s={search_term_string}\"},\"query-input\":{\"@type\":\"PropertyValueSpecification\",\"valueRequired\":true,\"valueName\":\"search_term_string\"}}],\"inLanguage\":\"fr-FR\"},{\"@type\":\"Organization\",\"@id\":\"https:\\\/\\\/sklep.skoral.com\\\/fr\\\/#organization\",\"name\":\"Sk\u00f3ral - Pracownia odzie\u017cy i akcesori\u00f3w sk\u00f3rzanych\",\"url\":\"https:\\\/\\\/sklep.skoral.com\\\/fr\\\/\",\"logo\":{\"@type\":\"ImageObject\",\"inLanguage\":\"fr-FR\",\"@id\":\"https:\\\/\\\/sklep.skoral.com\\\/fr\\\/#\\\/schema\\\/logo\\\/image\\\/\",\"url\":\"https:\\\/\\\/sklep.skoral.com\\\/wp-content\\\/uploads\\\/2020\\\/09\\\/cropped-logo-duze.png\",\"contentUrl\":\"https:\\\/\\\/sklep.skoral.com\\\/wp-content\\\/uploads\\\/2020\\\/09\\\/cropped-logo-duze.png\",\"width\":1200,\"height\":293,\"caption\":\"Sk\u00f3ral - Pracownia odzie\u017cy i akcesori\u00f3w sk\u00f3rzanych\"},\"image\":{\"@id\":\"https:\\\/\\\/sklep.skoral.com\\\/fr\\\/#\\\/schema\\\/logo\\\/image\\\/\"},\"sameAs\":[\"https:\\\/\\\/www.facebook.com\\\/SkoralNaturalLeather\",\"https:\\\/\\\/www.instagram.com\\\/skoraldesign\\\/\",\"https:\\\/\\\/www.youtube.com\\\/channel\\\/UCijmecsRU9TpML5jIEBsWTw\"]}]}<\/script>\n<!-- \/ Yoast SEO plugin. -->","yoast_head_json":{"title":"Sk\u00f3ral - fabricant de v\u00eatements en cuir - \u00c0 propos - Boutique en ligne","description":"Sp\u00e9cialistes en v\u00eatements cuir et peau de mouton de qualit\u00e9. Visitez notre boutique en ligne.","robots":{"index":"index","follow":"follow","max-snippet":"max-snippet:-1","max-image-preview":"max-image-preview:large","max-video-preview":"max-video-preview:-1"},"canonical":"https:\/\/sklep.skoral.com\/fr\/skoral-fabricant-de-vetements-en-cuir\/","og_locale":"fr_FR","og_type":"article","og_title":"Sk\u00f3ral - fabricant de v\u00eatements en cuir - \u00c0 propos - Boutique en ligne","og_description":"Sp\u00e9cialistes en v\u00eatements cuir et peau de mouton de qualit\u00e9. Visitez notre boutique en ligne.","og_url":"https:\/\/sklep.skoral.com\/fr\/skoral-fabricant-de-vetements-en-cuir\/","og_site_name":"Pracownia Sk\u00f3ral","article_publisher":"https:\/\/www.facebook.com\/SkoralNaturalLeather","article_modified_time":"2025-09-08T18:41:50+00:00","og_image":[{"width":1932,"height":860,"url":"https:\/\/sklep.skoral.com\/wp-content\/uploads\/2021\/01\/skoral-pracownia-z-odzieza-skorzana-i-akcesoriami.jpg","type":"image\/jpeg"}],"twitter_card":"summary_large_image","twitter_misc":{"Dur\u00e9e de lecture estim\u00e9e":"2 minutes"},"schema":{"@context":"https:\/\/schema.org","@graph":[{"@type":"WebPage","@id":"https:\/\/sklep.skoral.com\/fr\/skoral-fabricant-de-vetements-en-cuir\/","url":"https:\/\/sklep.skoral.com\/fr\/skoral-fabricant-de-vetements-en-cuir\/","name":"Sk\u00f3ral - fabricant de v\u00eatements en cuir - \u00c0 propos - Boutique en ligne","isPartOf":{"@id":"https:\/\/sklep.skoral.com\/fr\/#website"},"datePublished":"2021-01-19T14:09:14+00:00","dateModified":"2025-09-08T18:41:50+00:00","description":"Sp\u00e9cialistes en v\u00eatements cuir et peau de mouton de qualit\u00e9. Visitez notre boutique en ligne.","breadcrumb":{"@id":"https:\/\/sklep.skoral.com\/fr\/skoral-fabricant-de-vetements-en-cuir\/#breadcrumb"},"inLanguage":"fr-FR","potentialAction":[{"@type":"ReadAction","target":["https:\/\/sklep.skoral.com\/fr\/skoral-fabricant-de-vetements-en-cuir\/"]}]},{"@type":"BreadcrumbList","@id":"https:\/\/sklep.skoral.com\/fr\/skoral-fabricant-de-vetements-en-cuir\/#breadcrumb","itemListElement":[{"@type":"ListItem","position":1,"name":"Strona g\u0142\u00f3wna","item":"https:\/\/sklep.skoral.com\/fr\/accueil\/"},{"@type":"ListItem","position":2,"name":"Sk\u00f3ral &#8211; fabricant de v\u00eatements en cuir"}]},{"@type":"WebSite","@id":"https:\/\/sklep.skoral.com\/fr\/#website","url":"https:\/\/sklep.skoral.com\/fr\/","name":"Pracownia Sk\u00f3ral","description":"Sklep z odzie\u017c\u0105\u00a0sk\u00f3rzan\u0105 i akcesoriami ze sk\u00f3ry naturalnej","publisher":{"@id":"https:\/\/sklep.skoral.com\/fr\/#organization"},"potentialAction":[{"@type":"SearchAction","target":{"@type":"EntryPoint","urlTemplate":"https:\/\/sklep.skoral.com\/fr\/?s={search_term_string}"},"query-input":{"@type":"PropertyValueSpecification","valueRequired":true,"valueName":"search_term_string"}}],"inLanguage":"fr-FR"},{"@type":"Organization","@id":"https:\/\/sklep.skoral.com\/fr\/#organization","name":"Sk\u00f3ral - Pracownia odzie\u017cy i akcesori\u00f3w sk\u00f3rzanych","url":"https:\/\/sklep.skoral.com\/fr\/","logo":{"@type":"ImageObject","inLanguage":"fr-FR","@id":"https:\/\/sklep.skoral.com\/fr\/#\/schema\/logo\/image\/","url":"https:\/\/sklep.skoral.com\/wp-content\/uploads\/2020\/09\/cropped-logo-duze.png","contentUrl":"https:\/\/sklep.skoral.com\/wp-content\/uploads\/2020\/09\/cropped-logo-duze.png","width":1200,"height":293,"caption":"Sk\u00f3ral - Pracownia odzie\u017cy i akcesori\u00f3w sk\u00f3rzanych"},"image":{"@id":"https:\/\/sklep.skoral.com\/fr\/#\/schema\/logo\/image\/"},"sameAs":["https:\/\/www.facebook.com\/SkoralNaturalLeather","https:\/\/www.instagram.com\/skoraldesign\/","https:\/\/www.youtube.com\/channel\/UCijmecsRU9TpML5jIEBsWTw"]}]}},"jetpack_sharing_enabled":true,"_links":{"self":[{"href":"https:\/\/sklep.skoral.com\/fr\/wp-json\/wp\/v2\/pages\/1670","targetHints":{"allow":["GET"]}}],"collection":[{"href":"https:\/\/sklep.skoral.com\/fr\/wp-json\/wp\/v2\/pages"}],"about":[{"href":"https:\/\/sklep.skoral.com\/fr\/wp-json\/wp\/v2\/types\/page"}],"author":[{"embeddable":true,"href":"https:\/\/sklep.skoral.com\/fr\/wp-json\/wp\/v2\/users\/1"}],"replies":[{"embeddable":true,"href":"https:\/\/sklep.skoral.com\/fr\/wp-json\/wp\/v2\/comments?post=1670"}],"version-history":[{"count":1,"href":"https:\/\/sklep.skoral.com\/fr\/wp-json\/wp\/v2\/pages\/1670\/revisions"}],"predecessor-version":[{"id":1671,"href":"https:\/\/sklep.skoral.com\/fr\/wp-json\/wp\/v2\/pages\/1670\/revisions\/1671"}],"wp:attachment":[{"href":"https:\/\/sklep.skoral.com\/fr\/wp-json\/wp\/v2\/media?parent=1670"}],"curies":[{"name":"wp","href":"https:\/\/api.w.org\/{rel}","templated":true}]}}