{"id":108,"date":"2021-01-19T14:40:44","date_gmt":"2021-01-19T13:40:44","guid":{"rendered":"https:\/\/sklep.skoral.com\/?post_type=product&#038;p=108"},"modified":"2025-10-27T14:24:08","modified_gmt":"2025-10-27T13:24:08","slug":"kurtka-skorzana-meska-pilot-k2","status":"publish","type":"product","link":"https:\/\/sklep.skoral.com\/fr\/produkt\/kurtka-skorzana-meska-pilot-k2\/","title":{"rendered":"Kurtka sk\u00f3rzana m\u0119ska &#8211; Pilot K2"},"content":{"rendered":"<p><span style=\"font-weight: 400;\">M\u0119ska sk\u00f3rzana kurtka pilotka zosta\u0142a uszyta z mi\u0119kkiej jagni\u0119cej sk\u00f3ry licowej w kolorze br\u0105zowym. Model Pilot K2 swoim krojem nawi\u0105zuje do kultowej odzie\u017cy lotniczej, kt\u00f3ra cieszy si\u0119 nieustann\u0105 popularno\u015bci\u0105 na ca\u0142ym \u015bwiecie.<\/span><\/p>\n<p><span style=\"font-weight: 400;\">Opr\u00f3cz niezwykle stylowego charakteru pilotka marki Sk\u00f3ral jest niezwykle funkcjonalna.<\/span><\/p>\n<p><span style=\"font-weight: 400;\">D\u00f3\u0142 kurtki oraz r\u0119kawy wyko\u0144czone zosta\u0142y elastycznymi, bawe\u0142nianymi \u015bci\u0105gaczami, kt\u00f3re sprawiaj\u0105, \u017ce kurtka idealnie przylega do cia\u0142a i chroni przed wiatrem i ch\u0142odem.<\/span><\/p>\n<p><span style=\"font-weight: 400;\">Ko\u0142nierz modelu Pilot K2 posiada dodatkow\u0105 dopink\u0119 z mi\u0119kkiej sk\u00f3ry baraniej, kt\u00f3ra przyjemnie otula szyj\u0119 i twarz w mro\u017ane dni. W okresie letnim futrzany ko\u017cuch mo\u017cna odpi\u0105\u0107 i pozostawi\u0107 jedynie ko\u0142nierz sk\u00f3rzany.<\/span><\/p>\n<p><span style=\"font-weight: 400;\">Kurtka marki Sk\u00f3ral wyko\u0144czona jest wiskozow\u0105 podszewk\u0105 z dodatkow\u0105 podpink\u0105, kt\u00f3r\u0105 r\u00f3wnie\u017c na okres wiosenno-letni mo\u017cna odpi\u0105\u0107.<\/span><\/p>\n<p><span style=\"font-weight: 400;\">Model Pilot K2 zapinany jest na zamek. Posiada cztery praktyczne, pojemne kieszenie, w tym dwie zapinane na suwak. Wewn\u0105trz wyposa\u017cona jest w dodatkowo dwie kieszenie \u2014 umieszczone w podpince i w podszewce. Kurtka ma kr\u00f3tki, nowoczesny fason, kt\u00f3ry \u015bwietnie sprawdza si\u0119 w samochodzie. Model Pilot K2 to klasyka, kt\u00f3ra pasuje do wielu codziennych stylizacjach z jeansami, boj\u00f3wkami, a tak\u017ce do nieco bardziej modowych zestawie\u0144 np. z eleganckimi spodniami typu chinosy.<\/span><\/p>\n<h2>Dopasuj kurtk\u0119 sk\u00f3rzan\u0105 typu Pilot &#8211; zam\u00f3w na wymiar.<\/h2>\n<p><span style=\"font-weight: 400;\">Pilotka zosta\u0142a uszyta r\u0119cznie w pracowni krawieckiej w Krakowie. Istnieje mo\u017cliwo\u015b\u0107 wykonania kurtki tak\u017ce w innych kolorach (zobacz <a href=\"https:\/\/sklep.skoral.com\/kategoria\/dla-niego\/kurtki-skorzane-meskie\/\">inne nasze kurtki sk\u00f3rzane<\/a>) \u2014 zainteresowanych prosimy o kontakt z nasz\u0105 pracowni\u0105 pod numerem +48 12 423 12 20.<\/span><\/p>\n","protected":false},"excerpt":{"rendered":"<p>M\u0119ska kurtka sk\u00f3rzana typu Pilot K2 ze sk\u00f3ry jagni\u0119cej.<\/p>\n","protected":false},"featured_media":115,"template":"","meta":{"_monsterinsights_skip_tracking":false,"_monsterinsights_sitenote_active":false,"_monsterinsights_sitenote_note":"","_monsterinsights_sitenote_category":0},"product_brand":[],"product_cat":[33],"product_tag":[42,25],"class_list":{"0":"post-108","1":"product","2":"type-product","3":"status-publish","4":"has-post-thumbnail","6":"product_cat-kurtki-skorzane-meskie","7":"product_tag-kolnierz-z-wlosem","8":"product_tag-kurtka-skorzana","10":"first","11":"instock","12":"taxable","13":"shipping-taxable","14":"purchasable","15":"product-type-variable"},"yoast_head":"<!-- This site is optimized with the Yoast SEO plugin v27.6 - https:\/\/yoast.com\/product\/yoast-seo-wordpress\/ -->\n<title>Kurtka sk\u00f3rzana m\u0119ska - Pilot K2 - Pracownia Sk\u00f3ral - Sklep internetowy<\/title>\n<meta name=\"description\" content=\"Pilot K2 - Kurtka sk\u00f3rzana m\u0119ska uszyta ze sk\u00f3r jagni\u0119cych. Ko\u0142nierz ko\u017cuchowy. Mo\u017cliwo\u015b\u0107 doszycia podpinki. Ca\u0142oroczna - Okazja.\" \/>\n<meta name=\"robots\" content=\"index, follow, max-snippet:-1, max-image-preview:large, max-video-preview:-1\" \/>\n<link rel=\"canonical\" href=\"https:\/\/sklep.skoral.com\/fr\/produkt\/kurtka-skorzana-meska-pilot-k2\/\" \/>\n<meta property=\"og:locale\" content=\"fr_FR\" \/>\n<meta property=\"og:type\" content=\"article\" \/>\n<meta property=\"og:title\" content=\"Kurtka sk\u00f3rzana m\u0119ska - Pilot K2 - Pracownia Sk\u00f3ral - Sklep internetowy\" \/>\n<meta property=\"og:description\" content=\"Pilot K2 - Kurtka sk\u00f3rzana m\u0119ska uszyta ze sk\u00f3r jagni\u0119cych. Ko\u0142nierz ko\u017cuchowy. Mo\u017cliwo\u015b\u0107 doszycia podpinki. Ca\u0142oroczna - Okazja.\" \/>\n<meta property=\"og:url\" content=\"https:\/\/sklep.skoral.com\/fr\/produkt\/kurtka-skorzana-meska-pilot-k2\/\" \/>\n<meta property=\"og:site_name\" content=\"Pracownia Sk\u00f3ral\" \/>\n<meta property=\"article:publisher\" content=\"https:\/\/www.facebook.com\/SkoralNaturalLeather\" \/>\n<meta property=\"article:modified_time\" content=\"2025-10-27T13:24:08+00:00\" \/>\n<meta property=\"og:image\" content=\"https:\/\/sklep.skoral.com\/wp-content\/uploads\/2021\/01\/kurtka-skorzana-meska-pilot-k2.jpg\" \/>\n\t<meta property=\"og:image:width\" content=\"1024\" \/>\n\t<meta property=\"og:image:height\" content=\"1280\" \/>\n\t<meta property=\"og:image:type\" content=\"image\/jpeg\" \/>\n<meta name=\"twitter:card\" content=\"summary_large_image\" \/>\n<meta name=\"twitter:label1\" content=\"Dur\u00e9e de lecture estim\u00e9e\" \/>\n\t<meta name=\"twitter:data1\" content=\"1 minute\" \/>\n<script type=\"application\/ld+json\" class=\"yoast-schema-graph\">{\"@context\":\"https:\\\/\\\/schema.org\",\"@graph\":[{\"@type\":[\"WebPage\",\"ItemPage\"],\"@id\":\"https:\\\/\\\/sklep.skoral.com\\\/fr\\\/produkt\\\/kurtka-skorzana-meska-pilot-k2\\\/\",\"url\":\"https:\\\/\\\/sklep.skoral.com\\\/fr\\\/produkt\\\/kurtka-skorzana-meska-pilot-k2\\\/\",\"name\":\"Kurtka sk\u00f3rzana m\u0119ska - Pilot K2 - Pracownia Sk\u00f3ral - Sklep internetowy\",\"isPartOf\":{\"@id\":\"https:\\\/\\\/sklep.skoral.com\\\/fr\\\/#website\"},\"primaryImageOfPage\":{\"@id\":\"https:\\\/\\\/sklep.skoral.com\\\/fr\\\/produkt\\\/kurtka-skorzana-meska-pilot-k2\\\/#primaryimage\"},\"image\":{\"@id\":\"https:\\\/\\\/sklep.skoral.com\\\/fr\\\/produkt\\\/kurtka-skorzana-meska-pilot-k2\\\/#primaryimage\"},\"thumbnailUrl\":\"https:\\\/\\\/sklep.skoral.com\\\/wp-content\\\/uploads\\\/2021\\\/01\\\/kurtka-skorzana-meska-pilot-k2.jpg\",\"datePublished\":\"2021-01-19T13:40:44+00:00\",\"dateModified\":\"2025-10-27T13:24:08+00:00\",\"description\":\"Pilot K2 - Kurtka sk\u00f3rzana m\u0119ska uszyta ze sk\u00f3r jagni\u0119cych. Ko\u0142nierz ko\u017cuchowy. Mo\u017cliwo\u015b\u0107 doszycia podpinki. Ca\u0142oroczna - Okazja.\",\"breadcrumb\":{\"@id\":\"https:\\\/\\\/sklep.skoral.com\\\/fr\\\/produkt\\\/kurtka-skorzana-meska-pilot-k2\\\/#breadcrumb\"},\"inLanguage\":\"fr-FR\",\"potentialAction\":[{\"@type\":\"ReadAction\",\"target\":[\"https:\\\/\\\/sklep.skoral.com\\\/fr\\\/produkt\\\/kurtka-skorzana-meska-pilot-k2\\\/\"]}]},{\"@type\":\"ImageObject\",\"inLanguage\":\"fr-FR\",\"@id\":\"https:\\\/\\\/sklep.skoral.com\\\/fr\\\/produkt\\\/kurtka-skorzana-meska-pilot-k2\\\/#primaryimage\",\"url\":\"https:\\\/\\\/sklep.skoral.com\\\/wp-content\\\/uploads\\\/2021\\\/01\\\/kurtka-skorzana-meska-pilot-k2.jpg\",\"contentUrl\":\"https:\\\/\\\/sklep.skoral.com\\\/wp-content\\\/uploads\\\/2021\\\/01\\\/kurtka-skorzana-meska-pilot-k2.jpg\",\"width\":1024,\"height\":1280,\"caption\":\"Kurtka sk\u00f3rzana m\u0119ska Pilot K2 - front\"},{\"@type\":\"BreadcrumbList\",\"@id\":\"https:\\\/\\\/sklep.skoral.com\\\/fr\\\/produkt\\\/kurtka-skorzana-meska-pilot-k2\\\/#breadcrumb\",\"itemListElement\":[{\"@type\":\"ListItem\",\"position\":1,\"name\":\"Strona g\u0142\u00f3wna\",\"item\":\"https:\\\/\\\/sklep.skoral.com\\\/fr\\\/accueil\\\/\"},{\"@type\":\"ListItem\",\"position\":2,\"name\":\"Boutique\",\"item\":\"https:\\\/\\\/sklep.skoral.com\\\/fr\\\/boutique\\\/\"},{\"@type\":\"ListItem\",\"position\":3,\"name\":\"Kurtka sk\u00f3rzana m\u0119ska &#8211; Pilot K2\"}]},{\"@type\":\"WebSite\",\"@id\":\"https:\\\/\\\/sklep.skoral.com\\\/fr\\\/#website\",\"url\":\"https:\\\/\\\/sklep.skoral.com\\\/fr\\\/\",\"name\":\"Pracownia Sk\u00f3ral\",\"description\":\"Sklep z odzie\u017c\u0105\u00a0sk\u00f3rzan\u0105 i akcesoriami ze sk\u00f3ry naturalnej\",\"publisher\":{\"@id\":\"https:\\\/\\\/sklep.skoral.com\\\/fr\\\/#organization\"},\"potentialAction\":[{\"@type\":\"SearchAction\",\"target\":{\"@type\":\"EntryPoint\",\"urlTemplate\":\"https:\\\/\\\/sklep.skoral.com\\\/fr\\\/?s={search_term_string}\"},\"query-input\":{\"@type\":\"PropertyValueSpecification\",\"valueRequired\":true,\"valueName\":\"search_term_string\"}}],\"inLanguage\":\"fr-FR\"},{\"@type\":\"Organization\",\"@id\":\"https:\\\/\\\/sklep.skoral.com\\\/fr\\\/#organization\",\"name\":\"Sk\u00f3ral - Pracownia odzie\u017cy i akcesori\u00f3w sk\u00f3rzanych\",\"url\":\"https:\\\/\\\/sklep.skoral.com\\\/fr\\\/\",\"logo\":{\"@type\":\"ImageObject\",\"inLanguage\":\"fr-FR\",\"@id\":\"https:\\\/\\\/sklep.skoral.com\\\/fr\\\/#\\\/schema\\\/logo\\\/image\\\/\",\"url\":\"https:\\\/\\\/sklep.skoral.com\\\/wp-content\\\/uploads\\\/2020\\\/09\\\/cropped-logo-duze.png\",\"contentUrl\":\"https:\\\/\\\/sklep.skoral.com\\\/wp-content\\\/uploads\\\/2020\\\/09\\\/cropped-logo-duze.png\",\"width\":1200,\"height\":293,\"caption\":\"Sk\u00f3ral - Pracownia odzie\u017cy i akcesori\u00f3w sk\u00f3rzanych\"},\"image\":{\"@id\":\"https:\\\/\\\/sklep.skoral.com\\\/fr\\\/#\\\/schema\\\/logo\\\/image\\\/\"},\"sameAs\":[\"https:\\\/\\\/www.facebook.com\\\/SkoralNaturalLeather\",\"https:\\\/\\\/www.instagram.com\\\/skoraldesign\\\/\",\"https:\\\/\\\/www.youtube.com\\\/channel\\\/UCijmecsRU9TpML5jIEBsWTw\"]}]}<\/script>\n<!-- \/ Yoast SEO plugin. -->","yoast_head_json":{"title":"Kurtka sk\u00f3rzana m\u0119ska - Pilot K2 - Pracownia Sk\u00f3ral - Sklep internetowy","description":"Pilot K2 - Kurtka sk\u00f3rzana m\u0119ska uszyta ze sk\u00f3r jagni\u0119cych. Ko\u0142nierz ko\u017cuchowy. Mo\u017cliwo\u015b\u0107 doszycia podpinki. Ca\u0142oroczna - Okazja.","robots":{"index":"index","follow":"follow","max-snippet":"max-snippet:-1","max-image-preview":"max-image-preview:large","max-video-preview":"max-video-preview:-1"},"canonical":"https:\/\/sklep.skoral.com\/fr\/produkt\/kurtka-skorzana-meska-pilot-k2\/","og_locale":"fr_FR","og_type":"article","og_title":"Kurtka sk\u00f3rzana m\u0119ska - Pilot K2 - Pracownia Sk\u00f3ral - Sklep internetowy","og_description":"Pilot K2 - Kurtka sk\u00f3rzana m\u0119ska uszyta ze sk\u00f3r jagni\u0119cych. Ko\u0142nierz ko\u017cuchowy. Mo\u017cliwo\u015b\u0107 doszycia podpinki. Ca\u0142oroczna - Okazja.","og_url":"https:\/\/sklep.skoral.com\/fr\/produkt\/kurtka-skorzana-meska-pilot-k2\/","og_site_name":"Pracownia Sk\u00f3ral","article_publisher":"https:\/\/www.facebook.com\/SkoralNaturalLeather","article_modified_time":"2025-10-27T13:24:08+00:00","og_image":[{"width":1024,"height":1280,"url":"https:\/\/sklep.skoral.com\/wp-content\/uploads\/2021\/01\/kurtka-skorzana-meska-pilot-k2.jpg","type":"image\/jpeg"}],"twitter_card":"summary_large_image","twitter_misc":{"Dur\u00e9e de lecture estim\u00e9e":"1 minute"},"schema":{"@context":"https:\/\/schema.org","@graph":[{"@type":["WebPage","ItemPage"],"@id":"https:\/\/sklep.skoral.com\/fr\/produkt\/kurtka-skorzana-meska-pilot-k2\/","url":"https:\/\/sklep.skoral.com\/fr\/produkt\/kurtka-skorzana-meska-pilot-k2\/","name":"Kurtka sk\u00f3rzana m\u0119ska - Pilot K2 - Pracownia Sk\u00f3ral - Sklep internetowy","isPartOf":{"@id":"https:\/\/sklep.skoral.com\/fr\/#website"},"primaryImageOfPage":{"@id":"https:\/\/sklep.skoral.com\/fr\/produkt\/kurtka-skorzana-meska-pilot-k2\/#primaryimage"},"image":{"@id":"https:\/\/sklep.skoral.com\/fr\/produkt\/kurtka-skorzana-meska-pilot-k2\/#primaryimage"},"thumbnailUrl":"https:\/\/sklep.skoral.com\/wp-content\/uploads\/2021\/01\/kurtka-skorzana-meska-pilot-k2.jpg","datePublished":"2021-01-19T13:40:44+00:00","dateModified":"2025-10-27T13:24:08+00:00","description":"Pilot K2 - Kurtka sk\u00f3rzana m\u0119ska uszyta ze sk\u00f3r jagni\u0119cych. Ko\u0142nierz ko\u017cuchowy. Mo\u017cliwo\u015b\u0107 doszycia podpinki. Ca\u0142oroczna - Okazja.","breadcrumb":{"@id":"https:\/\/sklep.skoral.com\/fr\/produkt\/kurtka-skorzana-meska-pilot-k2\/#breadcrumb"},"inLanguage":"fr-FR","potentialAction":[{"@type":"ReadAction","target":["https:\/\/sklep.skoral.com\/fr\/produkt\/kurtka-skorzana-meska-pilot-k2\/"]}]},{"@type":"ImageObject","inLanguage":"fr-FR","@id":"https:\/\/sklep.skoral.com\/fr\/produkt\/kurtka-skorzana-meska-pilot-k2\/#primaryimage","url":"https:\/\/sklep.skoral.com\/wp-content\/uploads\/2021\/01\/kurtka-skorzana-meska-pilot-k2.jpg","contentUrl":"https:\/\/sklep.skoral.com\/wp-content\/uploads\/2021\/01\/kurtka-skorzana-meska-pilot-k2.jpg","width":1024,"height":1280,"caption":"Kurtka sk\u00f3rzana m\u0119ska Pilot K2 - front"},{"@type":"BreadcrumbList","@id":"https:\/\/sklep.skoral.com\/fr\/produkt\/kurtka-skorzana-meska-pilot-k2\/#breadcrumb","itemListElement":[{"@type":"ListItem","position":1,"name":"Strona g\u0142\u00f3wna","item":"https:\/\/sklep.skoral.com\/fr\/accueil\/"},{"@type":"ListItem","position":2,"name":"Boutique","item":"https:\/\/sklep.skoral.com\/fr\/boutique\/"},{"@type":"ListItem","position":3,"name":"Kurtka sk\u00f3rzana m\u0119ska &#8211; Pilot K2"}]},{"@type":"WebSite","@id":"https:\/\/sklep.skoral.com\/fr\/#website","url":"https:\/\/sklep.skoral.com\/fr\/","name":"Pracownia Sk\u00f3ral","description":"Sklep z odzie\u017c\u0105\u00a0sk\u00f3rzan\u0105 i akcesoriami ze sk\u00f3ry naturalnej","publisher":{"@id":"https:\/\/sklep.skoral.com\/fr\/#organization"},"potentialAction":[{"@type":"SearchAction","target":{"@type":"EntryPoint","urlTemplate":"https:\/\/sklep.skoral.com\/fr\/?s={search_term_string}"},"query-input":{"@type":"PropertyValueSpecification","valueRequired":true,"valueName":"search_term_string"}}],"inLanguage":"fr-FR"},{"@type":"Organization","@id":"https:\/\/sklep.skoral.com\/fr\/#organization","name":"Sk\u00f3ral - Pracownia odzie\u017cy i akcesori\u00f3w sk\u00f3rzanych","url":"https:\/\/sklep.skoral.com\/fr\/","logo":{"@type":"ImageObject","inLanguage":"fr-FR","@id":"https:\/\/sklep.skoral.com\/fr\/#\/schema\/logo\/image\/","url":"https:\/\/sklep.skoral.com\/wp-content\/uploads\/2020\/09\/cropped-logo-duze.png","contentUrl":"https:\/\/sklep.skoral.com\/wp-content\/uploads\/2020\/09\/cropped-logo-duze.png","width":1200,"height":293,"caption":"Sk\u00f3ral - Pracownia odzie\u017cy i akcesori\u00f3w sk\u00f3rzanych"},"image":{"@id":"https:\/\/sklep.skoral.com\/fr\/#\/schema\/logo\/image\/"},"sameAs":["https:\/\/www.facebook.com\/SkoralNaturalLeather","https:\/\/www.instagram.com\/skoraldesign\/","https:\/\/www.youtube.com\/channel\/UCijmecsRU9TpML5jIEBsWTw"]}]}},"jetpack_sharing_enabled":true,"_links":{"self":[{"href":"https:\/\/sklep.skoral.com\/fr\/wp-json\/wp\/v2\/product\/108","targetHints":{"allow":["GET"]}}],"collection":[{"href":"https:\/\/sklep.skoral.com\/fr\/wp-json\/wp\/v2\/product"}],"about":[{"href":"https:\/\/sklep.skoral.com\/fr\/wp-json\/wp\/v2\/types\/product"}],"wp:featuredmedia":[{"embeddable":true,"href":"https:\/\/sklep.skoral.com\/fr\/wp-json\/wp\/v2\/media\/115"}],"wp:attachment":[{"href":"https:\/\/sklep.skoral.com\/fr\/wp-json\/wp\/v2\/media?parent=108"}],"wp:term":[{"taxonomy":"product_brand","embeddable":true,"href":"https:\/\/sklep.skoral.com\/fr\/wp-json\/wp\/v2\/product_brand?post=108"},{"taxonomy":"product_cat","embeddable":true,"href":"https:\/\/sklep.skoral.com\/fr\/wp-json\/wp\/v2\/product_cat?post=108"},{"taxonomy":"product_tag","embeddable":true,"href":"https:\/\/sklep.skoral.com\/fr\/wp-json\/wp\/v2\/product_tag?post=108"}],"curies":[{"name":"wp","href":"https:\/\/api.w.org\/{rel}","templated":true}]}}