{"id":141,"date":"2021-01-19T15:34:55","date_gmt":"2021-01-19T14:34:55","guid":{"rendered":"https:\/\/sklep.skoral.com\/?post_type=product&#038;p=141"},"modified":"2025-11-18T15:14:12","modified_gmt":"2025-11-18T14:14:12","slug":"kurtka-skorzana-meska-kozuch-camaro","status":"publish","type":"product","link":"https:\/\/sklep.skoral.com\/fr\/produkt\/kurtka-skorzana-meska-kozuch-camaro\/","title":{"rendered":"Kurtka sk\u00f3rzana m\u0119ska &#8211; Ko\u017cuch &#8211; Camaro"},"content":{"rendered":"<p><span style=\"font-weight: 400;\">Ko\u017cuch sk\u00f3rzany m\u0119ski Camaro (kurtka sk\u00f3rzana) zosta\u0142 uszyty r\u0119cznie z najwy\u017cszej jako\u015bci w\u0142oskiej sk\u00f3ry baraniej. Wierzchnia warstwa kurtki to odporna na wilgo\u0107 i zabrudzenia, wytrzyma\u0142a sk\u00f3ra licowa. Z kolei od wewn\u0105trz ko\u017cuch Camaro zosta\u0142 wyko\u0144czony mi\u0119kkim i niezwykle ciep\u0142ym w\u0142osiem baranim. Kurtka zapinana jest na guziki. Posiada oryginalny, pikowany karczek, kt\u00f3ry nadaje jej miejskiego, niezobowi\u0105zuj\u0105cego charakteru. Camaro ma z przodu dwie pojemne, sko\u015bne kieszenie.\u00a0<\/span><\/p>\n<p><span style=\"font-weight: 400;\">Ko\u017cuch Camaro to fantastyczna propozycja na okres jesienno-zimowy. Szeroki, futrzany ko\u0142nierz zapewnia \u015bwietn\u0105 ochron\u0119 przed wiatrem i ch\u0142odem. Model ten przypadnie do gustu m\u0119\u017cczyznom ceni\u0105cym odzie\u017c praktyczn\u0105 i wygodn\u0105, kt\u00f3ra dzi\u0119ki swojej najwy\u017cszej jako\u015bci pos\u0142u\u017cy przez kilka kolejnych sezon\u00f3w. Camaro posiada klasyczny, lekko taliowany kr\u00f3j, wi\u0119c z powodzeniem sprawdzi si\u0119 w wielu modowych stylizacjach.\u00a0<\/span><\/p>\n<h2>Camaro &#8211; stylowy ko\u017cuch, ciep\u0142a kurtka m\u0119ska<\/h2>\n<p><span style=\"font-weight: 400;\">M\u0119ski ko\u017cuch Camaro zosta\u0142 uszyty r\u0119cznie w pracowni krawiecko-ko\u017cuszniczej w Krakowie. Je\u015bli szukasz kurtki w konkretnym kolorze i idealnie dopasowanym rozmiarze &#8211; skontaktuj si\u0119 z nami. Oferujemy pe\u0142n\u0105 personalizacj\u0119 zam\u00f3wienia &#8211; szycie na miar\u0119 oraz mo\u017cliwo\u015b\u0107 indywidualnego dopasowania modelu do ka\u017cdej sylwetki. W tym celu prosimy o kontakt z nasz\u0105 pracowni\u0105: +48 12 423 12 20.\u00a0<\/span><\/p>\n","protected":false},"excerpt":{"rendered":"<p>Kurtka sk\u00f3rzana m\u0119ska &#8211; Ko\u017cuch typu Camaro<\/p>\n","protected":false},"featured_media":148,"template":"","meta":{"_monsterinsights_skip_tracking":false,"_monsterinsights_sitenote_active":false,"_monsterinsights_sitenote_note":"","_monsterinsights_sitenote_category":0},"product_brand":[],"product_cat":[32],"product_tag":[44,43],"class_list":{"0":"post-141","1":"product","2":"type-product","3":"status-publish","4":"has-post-thumbnail","6":"product_cat-kozuchy-meskie","7":"product_tag-guziki","8":"product_tag-kozuch-meski","10":"first","11":"instock","12":"taxable","13":"shipping-taxable","14":"purchasable","15":"product-type-variable"},"yoast_head":"<!-- This site is optimized with the Yoast SEO plugin v27.6 - https:\/\/yoast.com\/product\/yoast-seo-wordpress\/ -->\n<title>Kurtka sk\u00f3rzana m\u0119ska - Ko\u017cuch - Camaro - Pracownia Sk\u00f3ral<\/title>\n<meta name=\"description\" content=\"Ciep\u0142a kurtka sk\u00f3rzana - ko\u017cuch zapinana guziki. Niezwykle delikatna i komfortowa. Uszyta i zaprojektowana przez firm\u0119\u00a0Sk\u00f3ral.\" \/>\n<meta name=\"robots\" content=\"index, follow, max-snippet:-1, max-image-preview:large, max-video-preview:-1\" \/>\n<link rel=\"canonical\" href=\"https:\/\/sklep.skoral.com\/fr\/produkt\/kurtka-skorzana-meska-kozuch-camaro\/\" \/>\n<meta property=\"og:locale\" content=\"fr_FR\" \/>\n<meta property=\"og:type\" content=\"article\" \/>\n<meta property=\"og:title\" content=\"Kurtka sk\u00f3rzana m\u0119ska - Ko\u017cuch - Camaro - Pracownia Sk\u00f3ral\" \/>\n<meta property=\"og:description\" content=\"Ciep\u0142a kurtka sk\u00f3rzana - ko\u017cuch zapinana guziki. Niezwykle delikatna i komfortowa. Uszyta i zaprojektowana przez firm\u0119\u00a0Sk\u00f3ral.\" \/>\n<meta property=\"og:url\" content=\"https:\/\/sklep.skoral.com\/fr\/produkt\/kurtka-skorzana-meska-kozuch-camaro\/\" \/>\n<meta property=\"og:site_name\" content=\"Pracownia Sk\u00f3ral\" \/>\n<meta property=\"article:publisher\" content=\"https:\/\/www.facebook.com\/SkoralNaturalLeather\" \/>\n<meta property=\"article:modified_time\" content=\"2025-11-18T14:14:12+00:00\" \/>\n<meta property=\"og:image\" content=\"https:\/\/sklep.skoral.com\/wp-content\/uploads\/2021\/01\/kozuch-meski-camaro.jpg\" \/>\n\t<meta property=\"og:image:width\" content=\"1024\" \/>\n\t<meta property=\"og:image:height\" content=\"1280\" \/>\n\t<meta property=\"og:image:type\" content=\"image\/jpeg\" \/>\n<meta name=\"twitter:card\" content=\"summary_large_image\" \/>\n<meta name=\"twitter:label1\" content=\"Dur\u00e9e de lecture estim\u00e9e\" \/>\n\t<meta name=\"twitter:data1\" content=\"1 minute\" \/>\n<script type=\"application\/ld+json\" class=\"yoast-schema-graph\">{\"@context\":\"https:\\\/\\\/schema.org\",\"@graph\":[{\"@type\":[\"WebPage\",\"ItemPage\"],\"@id\":\"https:\\\/\\\/sklep.skoral.com\\\/fr\\\/produkt\\\/kurtka-skorzana-meska-kozuch-camaro\\\/\",\"url\":\"https:\\\/\\\/sklep.skoral.com\\\/fr\\\/produkt\\\/kurtka-skorzana-meska-kozuch-camaro\\\/\",\"name\":\"Kurtka sk\u00f3rzana m\u0119ska - Ko\u017cuch - Camaro - Pracownia Sk\u00f3ral\",\"isPartOf\":{\"@id\":\"https:\\\/\\\/sklep.skoral.com\\\/fr\\\/#website\"},\"primaryImageOfPage\":{\"@id\":\"https:\\\/\\\/sklep.skoral.com\\\/fr\\\/produkt\\\/kurtka-skorzana-meska-kozuch-camaro\\\/#primaryimage\"},\"image\":{\"@id\":\"https:\\\/\\\/sklep.skoral.com\\\/fr\\\/produkt\\\/kurtka-skorzana-meska-kozuch-camaro\\\/#primaryimage\"},\"thumbnailUrl\":\"https:\\\/\\\/sklep.skoral.com\\\/wp-content\\\/uploads\\\/2021\\\/01\\\/kozuch-meski-camaro.jpg\",\"datePublished\":\"2021-01-19T14:34:55+00:00\",\"dateModified\":\"2025-11-18T14:14:12+00:00\",\"description\":\"Ciep\u0142a kurtka sk\u00f3rzana - ko\u017cuch zapinana guziki. Niezwykle delikatna i komfortowa. Uszyta i zaprojektowana przez firm\u0119\u00a0Sk\u00f3ral.\",\"breadcrumb\":{\"@id\":\"https:\\\/\\\/sklep.skoral.com\\\/fr\\\/produkt\\\/kurtka-skorzana-meska-kozuch-camaro\\\/#breadcrumb\"},\"inLanguage\":\"fr-FR\",\"potentialAction\":[{\"@type\":\"ReadAction\",\"target\":[\"https:\\\/\\\/sklep.skoral.com\\\/fr\\\/produkt\\\/kurtka-skorzana-meska-kozuch-camaro\\\/\"]}]},{\"@type\":\"ImageObject\",\"inLanguage\":\"fr-FR\",\"@id\":\"https:\\\/\\\/sklep.skoral.com\\\/fr\\\/produkt\\\/kurtka-skorzana-meska-kozuch-camaro\\\/#primaryimage\",\"url\":\"https:\\\/\\\/sklep.skoral.com\\\/wp-content\\\/uploads\\\/2021\\\/01\\\/kozuch-meski-camaro.jpg\",\"contentUrl\":\"https:\\\/\\\/sklep.skoral.com\\\/wp-content\\\/uploads\\\/2021\\\/01\\\/kozuch-meski-camaro.jpg\",\"width\":1024,\"height\":1280,\"caption\":\"Ko\u017cuch m\u0119ski Camaro\"},{\"@type\":\"BreadcrumbList\",\"@id\":\"https:\\\/\\\/sklep.skoral.com\\\/fr\\\/produkt\\\/kurtka-skorzana-meska-kozuch-camaro\\\/#breadcrumb\",\"itemListElement\":[{\"@type\":\"ListItem\",\"position\":1,\"name\":\"Strona g\u0142\u00f3wna\",\"item\":\"https:\\\/\\\/sklep.skoral.com\\\/fr\\\/accueil\\\/\"},{\"@type\":\"ListItem\",\"position\":2,\"name\":\"Boutique\",\"item\":\"https:\\\/\\\/sklep.skoral.com\\\/fr\\\/boutique\\\/\"},{\"@type\":\"ListItem\",\"position\":3,\"name\":\"Kurtka sk\u00f3rzana m\u0119ska &#8211; Ko\u017cuch &#8211; Camaro\"}]},{\"@type\":\"WebSite\",\"@id\":\"https:\\\/\\\/sklep.skoral.com\\\/fr\\\/#website\",\"url\":\"https:\\\/\\\/sklep.skoral.com\\\/fr\\\/\",\"name\":\"Pracownia Sk\u00f3ral\",\"description\":\"Sklep z odzie\u017c\u0105\u00a0sk\u00f3rzan\u0105 i akcesoriami ze sk\u00f3ry naturalnej\",\"publisher\":{\"@id\":\"https:\\\/\\\/sklep.skoral.com\\\/fr\\\/#organization\"},\"potentialAction\":[{\"@type\":\"SearchAction\",\"target\":{\"@type\":\"EntryPoint\",\"urlTemplate\":\"https:\\\/\\\/sklep.skoral.com\\\/fr\\\/?s={search_term_string}\"},\"query-input\":{\"@type\":\"PropertyValueSpecification\",\"valueRequired\":true,\"valueName\":\"search_term_string\"}}],\"inLanguage\":\"fr-FR\"},{\"@type\":\"Organization\",\"@id\":\"https:\\\/\\\/sklep.skoral.com\\\/fr\\\/#organization\",\"name\":\"Sk\u00f3ral - Pracownia odzie\u017cy i akcesori\u00f3w sk\u00f3rzanych\",\"url\":\"https:\\\/\\\/sklep.skoral.com\\\/fr\\\/\",\"logo\":{\"@type\":\"ImageObject\",\"inLanguage\":\"fr-FR\",\"@id\":\"https:\\\/\\\/sklep.skoral.com\\\/fr\\\/#\\\/schema\\\/logo\\\/image\\\/\",\"url\":\"https:\\\/\\\/sklep.skoral.com\\\/wp-content\\\/uploads\\\/2020\\\/09\\\/cropped-logo-duze.png\",\"contentUrl\":\"https:\\\/\\\/sklep.skoral.com\\\/wp-content\\\/uploads\\\/2020\\\/09\\\/cropped-logo-duze.png\",\"width\":1200,\"height\":293,\"caption\":\"Sk\u00f3ral - Pracownia odzie\u017cy i akcesori\u00f3w sk\u00f3rzanych\"},\"image\":{\"@id\":\"https:\\\/\\\/sklep.skoral.com\\\/fr\\\/#\\\/schema\\\/logo\\\/image\\\/\"},\"sameAs\":[\"https:\\\/\\\/www.facebook.com\\\/SkoralNaturalLeather\",\"https:\\\/\\\/www.instagram.com\\\/skoraldesign\\\/\",\"https:\\\/\\\/www.youtube.com\\\/channel\\\/UCijmecsRU9TpML5jIEBsWTw\"]}]}<\/script>\n<!-- \/ Yoast SEO plugin. -->","yoast_head_json":{"title":"Kurtka sk\u00f3rzana m\u0119ska - Ko\u017cuch - Camaro - Pracownia Sk\u00f3ral","description":"Ciep\u0142a kurtka sk\u00f3rzana - ko\u017cuch zapinana guziki. Niezwykle delikatna i komfortowa. Uszyta i zaprojektowana przez firm\u0119\u00a0Sk\u00f3ral.","robots":{"index":"index","follow":"follow","max-snippet":"max-snippet:-1","max-image-preview":"max-image-preview:large","max-video-preview":"max-video-preview:-1"},"canonical":"https:\/\/sklep.skoral.com\/fr\/produkt\/kurtka-skorzana-meska-kozuch-camaro\/","og_locale":"fr_FR","og_type":"article","og_title":"Kurtka sk\u00f3rzana m\u0119ska - Ko\u017cuch - Camaro - Pracownia Sk\u00f3ral","og_description":"Ciep\u0142a kurtka sk\u00f3rzana - ko\u017cuch zapinana guziki. Niezwykle delikatna i komfortowa. Uszyta i zaprojektowana przez firm\u0119\u00a0Sk\u00f3ral.","og_url":"https:\/\/sklep.skoral.com\/fr\/produkt\/kurtka-skorzana-meska-kozuch-camaro\/","og_site_name":"Pracownia Sk\u00f3ral","article_publisher":"https:\/\/www.facebook.com\/SkoralNaturalLeather","article_modified_time":"2025-11-18T14:14:12+00:00","og_image":[{"width":1024,"height":1280,"url":"https:\/\/sklep.skoral.com\/wp-content\/uploads\/2021\/01\/kozuch-meski-camaro.jpg","type":"image\/jpeg"}],"twitter_card":"summary_large_image","twitter_misc":{"Dur\u00e9e de lecture estim\u00e9e":"1 minute"},"schema":{"@context":"https:\/\/schema.org","@graph":[{"@type":["WebPage","ItemPage"],"@id":"https:\/\/sklep.skoral.com\/fr\/produkt\/kurtka-skorzana-meska-kozuch-camaro\/","url":"https:\/\/sklep.skoral.com\/fr\/produkt\/kurtka-skorzana-meska-kozuch-camaro\/","name":"Kurtka sk\u00f3rzana m\u0119ska - Ko\u017cuch - Camaro - Pracownia Sk\u00f3ral","isPartOf":{"@id":"https:\/\/sklep.skoral.com\/fr\/#website"},"primaryImageOfPage":{"@id":"https:\/\/sklep.skoral.com\/fr\/produkt\/kurtka-skorzana-meska-kozuch-camaro\/#primaryimage"},"image":{"@id":"https:\/\/sklep.skoral.com\/fr\/produkt\/kurtka-skorzana-meska-kozuch-camaro\/#primaryimage"},"thumbnailUrl":"https:\/\/sklep.skoral.com\/wp-content\/uploads\/2021\/01\/kozuch-meski-camaro.jpg","datePublished":"2021-01-19T14:34:55+00:00","dateModified":"2025-11-18T14:14:12+00:00","description":"Ciep\u0142a kurtka sk\u00f3rzana - ko\u017cuch zapinana guziki. Niezwykle delikatna i komfortowa. Uszyta i zaprojektowana przez firm\u0119\u00a0Sk\u00f3ral.","breadcrumb":{"@id":"https:\/\/sklep.skoral.com\/fr\/produkt\/kurtka-skorzana-meska-kozuch-camaro\/#breadcrumb"},"inLanguage":"fr-FR","potentialAction":[{"@type":"ReadAction","target":["https:\/\/sklep.skoral.com\/fr\/produkt\/kurtka-skorzana-meska-kozuch-camaro\/"]}]},{"@type":"ImageObject","inLanguage":"fr-FR","@id":"https:\/\/sklep.skoral.com\/fr\/produkt\/kurtka-skorzana-meska-kozuch-camaro\/#primaryimage","url":"https:\/\/sklep.skoral.com\/wp-content\/uploads\/2021\/01\/kozuch-meski-camaro.jpg","contentUrl":"https:\/\/sklep.skoral.com\/wp-content\/uploads\/2021\/01\/kozuch-meski-camaro.jpg","width":1024,"height":1280,"caption":"Ko\u017cuch m\u0119ski Camaro"},{"@type":"BreadcrumbList","@id":"https:\/\/sklep.skoral.com\/fr\/produkt\/kurtka-skorzana-meska-kozuch-camaro\/#breadcrumb","itemListElement":[{"@type":"ListItem","position":1,"name":"Strona g\u0142\u00f3wna","item":"https:\/\/sklep.skoral.com\/fr\/accueil\/"},{"@type":"ListItem","position":2,"name":"Boutique","item":"https:\/\/sklep.skoral.com\/fr\/boutique\/"},{"@type":"ListItem","position":3,"name":"Kurtka sk\u00f3rzana m\u0119ska &#8211; Ko\u017cuch &#8211; Camaro"}]},{"@type":"WebSite","@id":"https:\/\/sklep.skoral.com\/fr\/#website","url":"https:\/\/sklep.skoral.com\/fr\/","name":"Pracownia Sk\u00f3ral","description":"Sklep z odzie\u017c\u0105\u00a0sk\u00f3rzan\u0105 i akcesoriami ze sk\u00f3ry naturalnej","publisher":{"@id":"https:\/\/sklep.skoral.com\/fr\/#organization"},"potentialAction":[{"@type":"SearchAction","target":{"@type":"EntryPoint","urlTemplate":"https:\/\/sklep.skoral.com\/fr\/?s={search_term_string}"},"query-input":{"@type":"PropertyValueSpecification","valueRequired":true,"valueName":"search_term_string"}}],"inLanguage":"fr-FR"},{"@type":"Organization","@id":"https:\/\/sklep.skoral.com\/fr\/#organization","name":"Sk\u00f3ral - Pracownia odzie\u017cy i akcesori\u00f3w sk\u00f3rzanych","url":"https:\/\/sklep.skoral.com\/fr\/","logo":{"@type":"ImageObject","inLanguage":"fr-FR","@id":"https:\/\/sklep.skoral.com\/fr\/#\/schema\/logo\/image\/","url":"https:\/\/sklep.skoral.com\/wp-content\/uploads\/2020\/09\/cropped-logo-duze.png","contentUrl":"https:\/\/sklep.skoral.com\/wp-content\/uploads\/2020\/09\/cropped-logo-duze.png","width":1200,"height":293,"caption":"Sk\u00f3ral - Pracownia odzie\u017cy i akcesori\u00f3w sk\u00f3rzanych"},"image":{"@id":"https:\/\/sklep.skoral.com\/fr\/#\/schema\/logo\/image\/"},"sameAs":["https:\/\/www.facebook.com\/SkoralNaturalLeather","https:\/\/www.instagram.com\/skoraldesign\/","https:\/\/www.youtube.com\/channel\/UCijmecsRU9TpML5jIEBsWTw"]}]}},"jetpack_sharing_enabled":true,"_links":{"self":[{"href":"https:\/\/sklep.skoral.com\/fr\/wp-json\/wp\/v2\/product\/141","targetHints":{"allow":["GET"]}}],"collection":[{"href":"https:\/\/sklep.skoral.com\/fr\/wp-json\/wp\/v2\/product"}],"about":[{"href":"https:\/\/sklep.skoral.com\/fr\/wp-json\/wp\/v2\/types\/product"}],"wp:featuredmedia":[{"embeddable":true,"href":"https:\/\/sklep.skoral.com\/fr\/wp-json\/wp\/v2\/media\/148"}],"wp:attachment":[{"href":"https:\/\/sklep.skoral.com\/fr\/wp-json\/wp\/v2\/media?parent=141"}],"wp:term":[{"taxonomy":"product_brand","embeddable":true,"href":"https:\/\/sklep.skoral.com\/fr\/wp-json\/wp\/v2\/product_brand?post=141"},{"taxonomy":"product_cat","embeddable":true,"href":"https:\/\/sklep.skoral.com\/fr\/wp-json\/wp\/v2\/product_cat?post=141"},{"taxonomy":"product_tag","embeddable":true,"href":"https:\/\/sklep.skoral.com\/fr\/wp-json\/wp\/v2\/product_tag?post=141"}],"curies":[{"name":"wp","href":"https:\/\/api.w.org\/{rel}","templated":true}]}}