{"id":218,"date":"2021-01-19T17:19:46","date_gmt":"2021-01-19T16:19:46","guid":{"rendered":"https:\/\/sklep.skoral.com\/?post_type=product&#038;p=218"},"modified":"2024-08-14T12:20:53","modified_gmt":"2024-08-14T10:20:53","slug":"kurtka-skorzana-damska-soave-zipper","status":"publish","type":"product","link":"https:\/\/sklep.skoral.com\/fr\/produkt\/kurtka-skorzana-damska-soave-zipper\/","title":{"rendered":"Kurtka sk\u00f3rzana damska &#8211; Soave Zipper"},"content":{"rendered":"<p><span style=\"font-weight: 400;\">Druga ods\u0142ona klasycznego i eleganckiego modelu Soave, tym razem w wersji z zamkiem b\u0142yskawicznym. Damska kurtka sk\u00f3rzana Soave Zipper w czerni to niezwykle twarzowy model, o charakterystycznym pude\u0142kowym kroju. Damska kurtka Soave Zipper zosta\u0142a uszyta w krakowskiej pracowni, z mi\u0119kkiej w dotyku, dopasowuj\u0105cej si\u0119 do cia\u0142a w\u0142oskiej sk\u00f3ry jagni\u0119cej. Kurteczka jest bardzo wygodna. Kr\u00f3tki fason i pude\u0142kowy kr\u00f3j nie kr\u0119puj\u0105 ruch\u00f3w i sprawiaj\u0105, \u017ce kurtka nosi si\u0119 bardzo komfortowo. Model posiada dwie kieszenie.<\/span><\/p>\n<p><span style=\"font-weight: 400;\">Soave Zipper wyko\u0144czona jest przyjemn\u0105 dla cia\u0142a, cienk\u0105 wiskozow\u0105 podszewk\u0105. Kurtka posiada okr\u0105g\u0142y dekolt. Delikatnie taliowana, modelowana pionowymi przeszyciami i zaszewkami fantastycznie dopasowuje si\u0119 do figury. Kurtka posiada klasyczne, proste r\u0119kawy z suwakami, ozdobione niewielkim wci\u0119ciem.<\/span><\/p>\n<p><span style=\"font-weight: 400;\">Soave Zipper to kurtka elegancka, minimalistyczna, kt\u00f3ra \u015bwietnie sprawdzi si\u0119 w roli marynarki do spodni czy sukienek. Uszyta z lekkich, przewiewnych materia\u0142\u00f3w b\u0119dzie idealnym wyborem podczas wiosenno-letnich dni.<\/span><\/p>\n<p><span style=\"font-weight: 400;\">Soave Zipper to model, kt\u00f3ry szczeg\u00f3lnie zadowoli fanki eleganckiego stylu i ponadczasowej klasyki.<\/span><\/p>\n<h2>Klasyczna kurtka sk\u00f3rzana damska z szyciem na wymiar<\/h2>\n<p><span style=\"font-weight: 400;\">W naszej pracowni oferujemy pe\u0142n\u0105 personalizacj\u0119 Twojego zam\u00f3wienia. Skontaktuj si\u0119 z nami, a my uszyjemy dla Ciebie kurtk\u0119 w Twoim wymarzonym kolorze oraz perfekcyjnie dopasowan\u0105 do Twoich kszta\u0142t\u00f3w.<\/span><\/p>\n","protected":false},"excerpt":{"rendered":"<p>Czarna kurtka sk\u00f3rzana damska typu Soave Zipper na zamek.<\/p>\n","protected":false},"featured_media":220,"template":"","meta":{"_monsterinsights_skip_tracking":false,"_monsterinsights_sitenote_active":false,"_monsterinsights_sitenote_note":"","_monsterinsights_sitenote_category":0},"product_brand":[],"product_cat":[16],"product_tag":[94,46],"class_list":{"0":"post-218","1":"product","2":"type-product","3":"status-publish","4":"has-post-thumbnail","6":"product_cat-kurtka-skorzana-damska","7":"product_tag-kurtka-skorzana-na-zamek","8":"product_tag-prosty-kroj","10":"first","11":"instock","12":"taxable","13":"shipping-taxable","14":"purchasable","15":"product-type-variable"},"yoast_head":"<!-- This site is optimized with the Yoast SEO plugin v27.6 - https:\/\/yoast.com\/product\/yoast-seo-wordpress\/ -->\n<title>Kurtka sk\u00f3rzana damska - Soave Zipper - Pracownia Sk\u00f3ral<\/title>\n<meta name=\"description\" content=\"Pi\u0119kna kurtka sk\u00f3rzana damska w kolorze czerni ze sk\u00f3ry naturalnej - mo\u017cliwo\u015b\u0107 uszycia na miar\u0119 - okazja w sklepie internetowym.\" \/>\n<meta name=\"robots\" content=\"index, follow, max-snippet:-1, max-image-preview:large, max-video-preview:-1\" \/>\n<link rel=\"canonical\" href=\"https:\/\/sklep.skoral.com\/fr\/produkt\/kurtka-skorzana-damska-soave-zipper\/\" \/>\n<meta property=\"og:locale\" content=\"fr_FR\" \/>\n<meta property=\"og:type\" content=\"article\" \/>\n<meta property=\"og:title\" content=\"Kurtka sk\u00f3rzana damska - Soave Zipper - Pracownia Sk\u00f3ral\" \/>\n<meta property=\"og:description\" content=\"Pi\u0119kna kurtka sk\u00f3rzana damska w kolorze czerni ze sk\u00f3ry naturalnej - mo\u017cliwo\u015b\u0107 uszycia na miar\u0119 - okazja w sklepie internetowym.\" \/>\n<meta property=\"og:url\" content=\"https:\/\/sklep.skoral.com\/fr\/produkt\/kurtka-skorzana-damska-soave-zipper\/\" \/>\n<meta property=\"og:site_name\" content=\"Pracownia Sk\u00f3ral\" \/>\n<meta property=\"article:publisher\" content=\"https:\/\/www.facebook.com\/SkoralNaturalLeather\" \/>\n<meta property=\"article:modified_time\" content=\"2024-08-14T10:20:53+00:00\" \/>\n<meta property=\"og:image\" content=\"https:\/\/sklep.skoral.com\/wp-content\/uploads\/2021\/01\/krotka-kurtka-skorzana-damska-soave-zipper.jpg\" \/>\n\t<meta property=\"og:image:width\" content=\"1024\" \/>\n\t<meta property=\"og:image:height\" content=\"1280\" \/>\n\t<meta property=\"og:image:type\" content=\"image\/jpeg\" \/>\n<meta name=\"twitter:card\" content=\"summary_large_image\" \/>\n<meta name=\"twitter:label1\" content=\"Dur\u00e9e de lecture estim\u00e9e\" \/>\n\t<meta name=\"twitter:data1\" content=\"1 minute\" \/>\n<script type=\"application\/ld+json\" class=\"yoast-schema-graph\">{\"@context\":\"https:\\\/\\\/schema.org\",\"@graph\":[{\"@type\":[\"WebPage\",\"ItemPage\"],\"@id\":\"https:\\\/\\\/sklep.skoral.com\\\/fr\\\/produkt\\\/kurtka-skorzana-damska-soave-zipper\\\/\",\"url\":\"https:\\\/\\\/sklep.skoral.com\\\/fr\\\/produkt\\\/kurtka-skorzana-damska-soave-zipper\\\/\",\"name\":\"Kurtka sk\u00f3rzana damska - Soave Zipper - Pracownia Sk\u00f3ral\",\"isPartOf\":{\"@id\":\"https:\\\/\\\/sklep.skoral.com\\\/fr\\\/#website\"},\"primaryImageOfPage\":{\"@id\":\"https:\\\/\\\/sklep.skoral.com\\\/fr\\\/produkt\\\/kurtka-skorzana-damska-soave-zipper\\\/#primaryimage\"},\"image\":{\"@id\":\"https:\\\/\\\/sklep.skoral.com\\\/fr\\\/produkt\\\/kurtka-skorzana-damska-soave-zipper\\\/#primaryimage\"},\"thumbnailUrl\":\"https:\\\/\\\/sklep.skoral.com\\\/wp-content\\\/uploads\\\/2021\\\/01\\\/krotka-kurtka-skorzana-damska-soave-zipper.jpg\",\"datePublished\":\"2021-01-19T16:19:46+00:00\",\"dateModified\":\"2024-08-14T10:20:53+00:00\",\"description\":\"Pi\u0119kna kurtka sk\u00f3rzana damska w kolorze czerni ze sk\u00f3ry naturalnej - mo\u017cliwo\u015b\u0107 uszycia na miar\u0119 - okazja w sklepie internetowym.\",\"breadcrumb\":{\"@id\":\"https:\\\/\\\/sklep.skoral.com\\\/fr\\\/produkt\\\/kurtka-skorzana-damska-soave-zipper\\\/#breadcrumb\"},\"inLanguage\":\"fr-FR\",\"potentialAction\":[{\"@type\":\"ReadAction\",\"target\":[\"https:\\\/\\\/sklep.skoral.com\\\/fr\\\/produkt\\\/kurtka-skorzana-damska-soave-zipper\\\/\"]}]},{\"@type\":\"ImageObject\",\"inLanguage\":\"fr-FR\",\"@id\":\"https:\\\/\\\/sklep.skoral.com\\\/fr\\\/produkt\\\/kurtka-skorzana-damska-soave-zipper\\\/#primaryimage\",\"url\":\"https:\\\/\\\/sklep.skoral.com\\\/wp-content\\\/uploads\\\/2021\\\/01\\\/krotka-kurtka-skorzana-damska-soave-zipper.jpg\",\"contentUrl\":\"https:\\\/\\\/sklep.skoral.com\\\/wp-content\\\/uploads\\\/2021\\\/01\\\/krotka-kurtka-skorzana-damska-soave-zipper.jpg\",\"width\":1024,\"height\":1280,\"caption\":\"Kr\u00f3tka kurtka sk\u00f3rzana damska - Soave Zipper\"},{\"@type\":\"BreadcrumbList\",\"@id\":\"https:\\\/\\\/sklep.skoral.com\\\/fr\\\/produkt\\\/kurtka-skorzana-damska-soave-zipper\\\/#breadcrumb\",\"itemListElement\":[{\"@type\":\"ListItem\",\"position\":1,\"name\":\"Strona g\u0142\u00f3wna\",\"item\":\"https:\\\/\\\/sklep.skoral.com\\\/fr\\\/accueil\\\/\"},{\"@type\":\"ListItem\",\"position\":2,\"name\":\"Boutique\",\"item\":\"https:\\\/\\\/sklep.skoral.com\\\/fr\\\/boutique\\\/\"},{\"@type\":\"ListItem\",\"position\":3,\"name\":\"Kurtka sk\u00f3rzana damska &#8211; Soave Zipper\"}]},{\"@type\":\"WebSite\",\"@id\":\"https:\\\/\\\/sklep.skoral.com\\\/fr\\\/#website\",\"url\":\"https:\\\/\\\/sklep.skoral.com\\\/fr\\\/\",\"name\":\"Pracownia Sk\u00f3ral\",\"description\":\"Sklep z odzie\u017c\u0105\u00a0sk\u00f3rzan\u0105 i akcesoriami ze sk\u00f3ry naturalnej\",\"publisher\":{\"@id\":\"https:\\\/\\\/sklep.skoral.com\\\/fr\\\/#organization\"},\"potentialAction\":[{\"@type\":\"SearchAction\",\"target\":{\"@type\":\"EntryPoint\",\"urlTemplate\":\"https:\\\/\\\/sklep.skoral.com\\\/fr\\\/?s={search_term_string}\"},\"query-input\":{\"@type\":\"PropertyValueSpecification\",\"valueRequired\":true,\"valueName\":\"search_term_string\"}}],\"inLanguage\":\"fr-FR\"},{\"@type\":\"Organization\",\"@id\":\"https:\\\/\\\/sklep.skoral.com\\\/fr\\\/#organization\",\"name\":\"Sk\u00f3ral - Pracownia odzie\u017cy i akcesori\u00f3w sk\u00f3rzanych\",\"url\":\"https:\\\/\\\/sklep.skoral.com\\\/fr\\\/\",\"logo\":{\"@type\":\"ImageObject\",\"inLanguage\":\"fr-FR\",\"@id\":\"https:\\\/\\\/sklep.skoral.com\\\/fr\\\/#\\\/schema\\\/logo\\\/image\\\/\",\"url\":\"https:\\\/\\\/sklep.skoral.com\\\/wp-content\\\/uploads\\\/2020\\\/09\\\/cropped-logo-duze.png\",\"contentUrl\":\"https:\\\/\\\/sklep.skoral.com\\\/wp-content\\\/uploads\\\/2020\\\/09\\\/cropped-logo-duze.png\",\"width\":1200,\"height\":293,\"caption\":\"Sk\u00f3ral - Pracownia odzie\u017cy i akcesori\u00f3w sk\u00f3rzanych\"},\"image\":{\"@id\":\"https:\\\/\\\/sklep.skoral.com\\\/fr\\\/#\\\/schema\\\/logo\\\/image\\\/\"},\"sameAs\":[\"https:\\\/\\\/www.facebook.com\\\/SkoralNaturalLeather\",\"https:\\\/\\\/www.instagram.com\\\/skoraldesign\\\/\",\"https:\\\/\\\/www.youtube.com\\\/channel\\\/UCijmecsRU9TpML5jIEBsWTw\"]}]}<\/script>\n<!-- \/ Yoast SEO plugin. -->","yoast_head_json":{"title":"Kurtka sk\u00f3rzana damska - Soave Zipper - Pracownia Sk\u00f3ral","description":"Pi\u0119kna kurtka sk\u00f3rzana damska w kolorze czerni ze sk\u00f3ry naturalnej - mo\u017cliwo\u015b\u0107 uszycia na miar\u0119 - okazja w sklepie internetowym.","robots":{"index":"index","follow":"follow","max-snippet":"max-snippet:-1","max-image-preview":"max-image-preview:large","max-video-preview":"max-video-preview:-1"},"canonical":"https:\/\/sklep.skoral.com\/fr\/produkt\/kurtka-skorzana-damska-soave-zipper\/","og_locale":"fr_FR","og_type":"article","og_title":"Kurtka sk\u00f3rzana damska - Soave Zipper - Pracownia Sk\u00f3ral","og_description":"Pi\u0119kna kurtka sk\u00f3rzana damska w kolorze czerni ze sk\u00f3ry naturalnej - mo\u017cliwo\u015b\u0107 uszycia na miar\u0119 - okazja w sklepie internetowym.","og_url":"https:\/\/sklep.skoral.com\/fr\/produkt\/kurtka-skorzana-damska-soave-zipper\/","og_site_name":"Pracownia Sk\u00f3ral","article_publisher":"https:\/\/www.facebook.com\/SkoralNaturalLeather","article_modified_time":"2024-08-14T10:20:53+00:00","og_image":[{"width":1024,"height":1280,"url":"https:\/\/sklep.skoral.com\/wp-content\/uploads\/2021\/01\/krotka-kurtka-skorzana-damska-soave-zipper.jpg","type":"image\/jpeg"}],"twitter_card":"summary_large_image","twitter_misc":{"Dur\u00e9e de lecture estim\u00e9e":"1 minute"},"schema":{"@context":"https:\/\/schema.org","@graph":[{"@type":["WebPage","ItemPage"],"@id":"https:\/\/sklep.skoral.com\/fr\/produkt\/kurtka-skorzana-damska-soave-zipper\/","url":"https:\/\/sklep.skoral.com\/fr\/produkt\/kurtka-skorzana-damska-soave-zipper\/","name":"Kurtka sk\u00f3rzana damska - Soave Zipper - Pracownia Sk\u00f3ral","isPartOf":{"@id":"https:\/\/sklep.skoral.com\/fr\/#website"},"primaryImageOfPage":{"@id":"https:\/\/sklep.skoral.com\/fr\/produkt\/kurtka-skorzana-damska-soave-zipper\/#primaryimage"},"image":{"@id":"https:\/\/sklep.skoral.com\/fr\/produkt\/kurtka-skorzana-damska-soave-zipper\/#primaryimage"},"thumbnailUrl":"https:\/\/sklep.skoral.com\/wp-content\/uploads\/2021\/01\/krotka-kurtka-skorzana-damska-soave-zipper.jpg","datePublished":"2021-01-19T16:19:46+00:00","dateModified":"2024-08-14T10:20:53+00:00","description":"Pi\u0119kna kurtka sk\u00f3rzana damska w kolorze czerni ze sk\u00f3ry naturalnej - mo\u017cliwo\u015b\u0107 uszycia na miar\u0119 - okazja w sklepie internetowym.","breadcrumb":{"@id":"https:\/\/sklep.skoral.com\/fr\/produkt\/kurtka-skorzana-damska-soave-zipper\/#breadcrumb"},"inLanguage":"fr-FR","potentialAction":[{"@type":"ReadAction","target":["https:\/\/sklep.skoral.com\/fr\/produkt\/kurtka-skorzana-damska-soave-zipper\/"]}]},{"@type":"ImageObject","inLanguage":"fr-FR","@id":"https:\/\/sklep.skoral.com\/fr\/produkt\/kurtka-skorzana-damska-soave-zipper\/#primaryimage","url":"https:\/\/sklep.skoral.com\/wp-content\/uploads\/2021\/01\/krotka-kurtka-skorzana-damska-soave-zipper.jpg","contentUrl":"https:\/\/sklep.skoral.com\/wp-content\/uploads\/2021\/01\/krotka-kurtka-skorzana-damska-soave-zipper.jpg","width":1024,"height":1280,"caption":"Kr\u00f3tka kurtka sk\u00f3rzana damska - Soave Zipper"},{"@type":"BreadcrumbList","@id":"https:\/\/sklep.skoral.com\/fr\/produkt\/kurtka-skorzana-damska-soave-zipper\/#breadcrumb","itemListElement":[{"@type":"ListItem","position":1,"name":"Strona g\u0142\u00f3wna","item":"https:\/\/sklep.skoral.com\/fr\/accueil\/"},{"@type":"ListItem","position":2,"name":"Boutique","item":"https:\/\/sklep.skoral.com\/fr\/boutique\/"},{"@type":"ListItem","position":3,"name":"Kurtka sk\u00f3rzana damska &#8211; Soave Zipper"}]},{"@type":"WebSite","@id":"https:\/\/sklep.skoral.com\/fr\/#website","url":"https:\/\/sklep.skoral.com\/fr\/","name":"Pracownia Sk\u00f3ral","description":"Sklep z odzie\u017c\u0105\u00a0sk\u00f3rzan\u0105 i akcesoriami ze sk\u00f3ry naturalnej","publisher":{"@id":"https:\/\/sklep.skoral.com\/fr\/#organization"},"potentialAction":[{"@type":"SearchAction","target":{"@type":"EntryPoint","urlTemplate":"https:\/\/sklep.skoral.com\/fr\/?s={search_term_string}"},"query-input":{"@type":"PropertyValueSpecification","valueRequired":true,"valueName":"search_term_string"}}],"inLanguage":"fr-FR"},{"@type":"Organization","@id":"https:\/\/sklep.skoral.com\/fr\/#organization","name":"Sk\u00f3ral - Pracownia odzie\u017cy i akcesori\u00f3w sk\u00f3rzanych","url":"https:\/\/sklep.skoral.com\/fr\/","logo":{"@type":"ImageObject","inLanguage":"fr-FR","@id":"https:\/\/sklep.skoral.com\/fr\/#\/schema\/logo\/image\/","url":"https:\/\/sklep.skoral.com\/wp-content\/uploads\/2020\/09\/cropped-logo-duze.png","contentUrl":"https:\/\/sklep.skoral.com\/wp-content\/uploads\/2020\/09\/cropped-logo-duze.png","width":1200,"height":293,"caption":"Sk\u00f3ral - Pracownia odzie\u017cy i akcesori\u00f3w sk\u00f3rzanych"},"image":{"@id":"https:\/\/sklep.skoral.com\/fr\/#\/schema\/logo\/image\/"},"sameAs":["https:\/\/www.facebook.com\/SkoralNaturalLeather","https:\/\/www.instagram.com\/skoraldesign\/","https:\/\/www.youtube.com\/channel\/UCijmecsRU9TpML5jIEBsWTw"]}]}},"jetpack_sharing_enabled":true,"_links":{"self":[{"href":"https:\/\/sklep.skoral.com\/fr\/wp-json\/wp\/v2\/product\/218","targetHints":{"allow":["GET"]}}],"collection":[{"href":"https:\/\/sklep.skoral.com\/fr\/wp-json\/wp\/v2\/product"}],"about":[{"href":"https:\/\/sklep.skoral.com\/fr\/wp-json\/wp\/v2\/types\/product"}],"wp:featuredmedia":[{"embeddable":true,"href":"https:\/\/sklep.skoral.com\/fr\/wp-json\/wp\/v2\/media\/220"}],"wp:attachment":[{"href":"https:\/\/sklep.skoral.com\/fr\/wp-json\/wp\/v2\/media?parent=218"}],"wp:term":[{"taxonomy":"product_brand","embeddable":true,"href":"https:\/\/sklep.skoral.com\/fr\/wp-json\/wp\/v2\/product_brand?post=218"},{"taxonomy":"product_cat","embeddable":true,"href":"https:\/\/sklep.skoral.com\/fr\/wp-json\/wp\/v2\/product_cat?post=218"},{"taxonomy":"product_tag","embeddable":true,"href":"https:\/\/sklep.skoral.com\/fr\/wp-json\/wp\/v2\/product_tag?post=218"}],"curies":[{"name":"wp","href":"https:\/\/api.w.org\/{rel}","templated":true}]}}