{"id":254,"date":"2021-01-19T17:49:17","date_gmt":"2021-01-19T16:49:17","guid":{"rendered":"https:\/\/sklep.skoral.com\/?post_type=product&#038;p=254"},"modified":"2024-08-14T12:18:24","modified_gmt":"2024-08-14T10:18:24","slug":"czarna-ramoneska-skorzana-meska-rider","status":"publish","type":"product","link":"https:\/\/sklep.skoral.com\/fr\/produkt\/czarna-ramoneska-skorzana-meska-rider\/","title":{"rendered":"Czarna ramoneska sk\u00f3rzana m\u0119ska &#8211; Rider"},"content":{"rendered":"<p><span style=\"font-weight: 400;\">Czarna sk\u00f3rzana ramoneska m\u0119ska Rider to jeden z najcz\u0119\u015bciej wybieranych modeli w\u015br\u00f3d m\u0119skich kurtek sk\u00f3rzanych. Klasyczny kr\u00f3j nawi\u0105zuj\u0105cy do odzie\u017cy rockowej i motocyklowej nieustannie wiedzie prym w\u015br\u00f3d wierzchniej odzie\u017cy dla Pan\u00f3w.<\/span><\/p>\n<p><span style=\"font-weight: 400;\">Ramoneska sk\u00f3rzana marki Sk\u00f3ral zosta\u0142a uszyta z mi\u0119kkiej jagni\u0119cej sk\u00f3ry licowej i wyko\u0144czona wiskozow\u0105 podszewk\u0105. Kurtka jest lekka i wygodna w noszeniu. Model Rider \u0142\u0105czy w sobie cechy solidnych i wytrzyma\u0142ych ramonesek motocyklowych oraz funkcjonalnych, niekr\u0119puj\u0105cych ruch\u00f3w lekkich kurtek letnich.<\/span><\/p>\n<p><span style=\"font-weight: 400;\">Rider posiada charakterystyczne asymetryczne zapi\u0119cie oraz wyk\u0142adane klapy z napami. Posiada trzy praktyczne kieszenie zewn\u0119trzne zapinane na zamki oraz cztery kieszenie wewn\u0119trzne, umieszczone na podszewce.<\/span><\/p>\n<p><span style=\"font-weight: 400;\">Pikowany, szeroki pas zosta\u0142 zako\u0144czony paskiem, kt\u00f3ry pozwala na dopasowanie obwodu ramoneski. R\u0119kawy kurtki maj\u0105 klasyczny, prosty kr\u00f3j. Zako\u0144czone zosta\u0142y zamkami, kt\u00f3re umo\u017cliwiaj\u0105 dodatkow\u0105 regulacj\u0119.<\/span><\/p>\n<p><span style=\"font-weight: 400;\">Kurtka zosta\u0142a wykonana niezwykle solidnie, z dba\u0142o\u015bci\u0105 o ka\u017cdy najmniejszy detal. W efekcie czarna sk\u00f3rzana ramoneska marki Sk\u00f3ral to gwarancja jako\u015bci na lata.<\/span><\/p>\n<p><span style=\"font-weight: 400;\">Model Rider zadowoli wszystkich fan\u00f3w ubra\u0144 z charakterem, kt\u00f3re jednocze\u015bnie s\u0105 bardzo funkcjonalne. Fantastycznie sprawdza si\u0119 na co dzie\u0144, jako stylowe wyko\u0144czenie casualowych stylizacji.<\/span><\/p>\n<h2>Sk\u00f3rzana ramoneska m\u0119ska w r\u00f3\u017cnych kolorach skrojona i uszyta na wymiar<\/h2>\n<p><span style=\"font-weight: 400;\">Je\u015bli szukasz idealnie skrojonej, klasycznej ramoneski &#8211; model Rider z pewno\u015bci\u0105 przypadnie Ci do gustu.<\/span><\/p>\n<p><span style=\"font-weight: 400;\">Ramoneska sk\u00f3rzana m\u0119ska Rider zosta\u0142a uszyta w Polsce, w pracowni krawieckiej w Krakowie. Model ten jest dost\u0119pny we wszystkich rozmiarach oraz w r\u00f3\u017cnych kolorach.<\/span><\/p>\n<p><span style=\"font-weight: 400;\">Na Twoje \u017cyczenie mo\u017cemy r\u00f3wnie\u017c uszy\u0107 ramonesk\u0119 z bydl\u0119cej sk\u00f3ry Nevada, kt\u00f3ra jest sk\u00f3r\u0105 ci\u0119\u017csz\u0105, stosowan\u0105 w szyciu m.in. odzie\u017cy motocyklowej.<\/span><\/p>\n<p><span style=\"font-weight: 400;\">Skontaktuj si\u0119 z nami, a my stworzymy dla Ciebie Tw\u00f3j wymarzony model!<\/span><\/p>\n","protected":false},"excerpt":{"rendered":"<p>Ramoneska sk\u00f3rzana m\u0119ska &#8211; klasyczny fason Rider<\/p>\n<div id=\"gtx-trans\" style=\"position: absolute; left: 199px; top: 32px;\">\n<div class=\"gtx-trans-icon\"><\/div>\n<\/div>\n","protected":false},"featured_media":583,"template":"","meta":{"_monsterinsights_skip_tracking":false,"_monsterinsights_sitenote_active":false,"_monsterinsights_sitenote_note":"","_monsterinsights_sitenote_category":0},"product_brand":[],"product_cat":[89,33],"product_tag":[25,40,86,24],"class_list":{"0":"post-254","1":"product","2":"type-product","3":"status-publish","4":"has-post-thumbnail","6":"product_cat-ramoneski-skorzane-meskie","7":"product_cat-kurtki-skorzane-meskie","8":"product_tag-kurtka-skorzana","9":"product_tag-na-motor","10":"product_tag-pagony","11":"product_tag-ramoneska","13":"first","14":"instock","15":"taxable","16":"shipping-taxable","17":"purchasable","18":"product-type-variable"},"yoast_head":"<!-- This site is optimized with the Yoast SEO plugin v27.6 - https:\/\/yoast.com\/product\/yoast-seo-wordpress\/ -->\n<title>Czarna ramoneska sk\u00f3rzana m\u0119ska - Rider - Pracownia Sk\u00f3ral<\/title>\n<meta name=\"description\" content=\"Oferujemy - czarna ramoneska sk\u00f3rzana m\u0119ska - sk\u00f3ra jagni\u0119ca. R\u00f3\u017cne rozmiary, r\u00f3wnie\u017c szycie na wymiar. Wykonanie - sk\u00f3ra naturalna.\" \/>\n<meta name=\"robots\" content=\"index, follow, max-snippet:-1, max-image-preview:large, max-video-preview:-1\" \/>\n<link rel=\"canonical\" href=\"https:\/\/sklep.skoral.com\/fr\/produkt\/czarna-ramoneska-skorzana-meska-rider\/\" \/>\n<meta property=\"og:locale\" content=\"fr_FR\" \/>\n<meta property=\"og:type\" content=\"article\" \/>\n<meta property=\"og:title\" content=\"Czarna ramoneska sk\u00f3rzana m\u0119ska - Rider - Pracownia Sk\u00f3ral\" \/>\n<meta property=\"og:description\" content=\"Oferujemy - czarna ramoneska sk\u00f3rzana m\u0119ska - sk\u00f3ra jagni\u0119ca. R\u00f3\u017cne rozmiary, r\u00f3wnie\u017c szycie na wymiar. Wykonanie - sk\u00f3ra naturalna.\" \/>\n<meta property=\"og:url\" content=\"https:\/\/sklep.skoral.com\/fr\/produkt\/czarna-ramoneska-skorzana-meska-rider\/\" \/>\n<meta property=\"og:site_name\" content=\"Pracownia Sk\u00f3ral\" \/>\n<meta property=\"article:publisher\" content=\"https:\/\/www.facebook.com\/SkoralNaturalLeather\" \/>\n<meta property=\"article:modified_time\" content=\"2024-08-14T10:18:24+00:00\" \/>\n<meta property=\"og:image\" content=\"https:\/\/sklep.skoral.com\/wp-content\/uploads\/2021\/01\/ramoneska-meska-motocyklowa.jpg\" \/>\n\t<meta property=\"og:image:width\" content=\"1812\" \/>\n\t<meta property=\"og:image:height\" content=\"2265\" \/>\n\t<meta property=\"og:image:type\" content=\"image\/jpeg\" \/>\n<meta name=\"twitter:card\" content=\"summary_large_image\" \/>\n<meta name=\"twitter:label1\" content=\"Dur\u00e9e de lecture estim\u00e9e\" \/>\n\t<meta name=\"twitter:data1\" content=\"2 minutes\" \/>\n<script type=\"application\/ld+json\" class=\"yoast-schema-graph\">{\"@context\":\"https:\\\/\\\/schema.org\",\"@graph\":[{\"@type\":[\"WebPage\",\"ItemPage\"],\"@id\":\"https:\\\/\\\/sklep.skoral.com\\\/fr\\\/produkt\\\/czarna-ramoneska-skorzana-meska-rider\\\/\",\"url\":\"https:\\\/\\\/sklep.skoral.com\\\/fr\\\/produkt\\\/czarna-ramoneska-skorzana-meska-rider\\\/\",\"name\":\"Czarna ramoneska sk\u00f3rzana m\u0119ska - Rider - Pracownia Sk\u00f3ral\",\"isPartOf\":{\"@id\":\"https:\\\/\\\/sklep.skoral.com\\\/fr\\\/#website\"},\"primaryImageOfPage\":{\"@id\":\"https:\\\/\\\/sklep.skoral.com\\\/fr\\\/produkt\\\/czarna-ramoneska-skorzana-meska-rider\\\/#primaryimage\"},\"image\":{\"@id\":\"https:\\\/\\\/sklep.skoral.com\\\/fr\\\/produkt\\\/czarna-ramoneska-skorzana-meska-rider\\\/#primaryimage\"},\"thumbnailUrl\":\"https:\\\/\\\/sklep.skoral.com\\\/wp-content\\\/uploads\\\/2021\\\/01\\\/ramoneska-meska-motocyklowa.jpg\",\"datePublished\":\"2021-01-19T16:49:17+00:00\",\"dateModified\":\"2024-08-14T10:18:24+00:00\",\"description\":\"Oferujemy - czarna ramoneska sk\u00f3rzana m\u0119ska - sk\u00f3ra jagni\u0119ca. R\u00f3\u017cne rozmiary, r\u00f3wnie\u017c szycie na wymiar. Wykonanie - sk\u00f3ra naturalna.\",\"breadcrumb\":{\"@id\":\"https:\\\/\\\/sklep.skoral.com\\\/fr\\\/produkt\\\/czarna-ramoneska-skorzana-meska-rider\\\/#breadcrumb\"},\"inLanguage\":\"fr-FR\",\"potentialAction\":[{\"@type\":\"ReadAction\",\"target\":[\"https:\\\/\\\/sklep.skoral.com\\\/fr\\\/produkt\\\/czarna-ramoneska-skorzana-meska-rider\\\/\"]}]},{\"@type\":\"ImageObject\",\"inLanguage\":\"fr-FR\",\"@id\":\"https:\\\/\\\/sklep.skoral.com\\\/fr\\\/produkt\\\/czarna-ramoneska-skorzana-meska-rider\\\/#primaryimage\",\"url\":\"https:\\\/\\\/sklep.skoral.com\\\/wp-content\\\/uploads\\\/2021\\\/01\\\/ramoneska-meska-motocyklowa.jpg\",\"contentUrl\":\"https:\\\/\\\/sklep.skoral.com\\\/wp-content\\\/uploads\\\/2021\\\/01\\\/ramoneska-meska-motocyklowa.jpg\",\"width\":1812,\"height\":2265,\"caption\":\"Ramoneska m\u0119ska - motocyklowa\"},{\"@type\":\"BreadcrumbList\",\"@id\":\"https:\\\/\\\/sklep.skoral.com\\\/fr\\\/produkt\\\/czarna-ramoneska-skorzana-meska-rider\\\/#breadcrumb\",\"itemListElement\":[{\"@type\":\"ListItem\",\"position\":1,\"name\":\"Strona g\u0142\u00f3wna\",\"item\":\"https:\\\/\\\/sklep.skoral.com\\\/fr\\\/accueil\\\/\"},{\"@type\":\"ListItem\",\"position\":2,\"name\":\"Boutique\",\"item\":\"https:\\\/\\\/sklep.skoral.com\\\/fr\\\/boutique\\\/\"},{\"@type\":\"ListItem\",\"position\":3,\"name\":\"Czarna ramoneska sk\u00f3rzana m\u0119ska &#8211; Rider\"}]},{\"@type\":\"WebSite\",\"@id\":\"https:\\\/\\\/sklep.skoral.com\\\/fr\\\/#website\",\"url\":\"https:\\\/\\\/sklep.skoral.com\\\/fr\\\/\",\"name\":\"Pracownia Sk\u00f3ral\",\"description\":\"Sklep z odzie\u017c\u0105\u00a0sk\u00f3rzan\u0105 i akcesoriami ze sk\u00f3ry naturalnej\",\"publisher\":{\"@id\":\"https:\\\/\\\/sklep.skoral.com\\\/fr\\\/#organization\"},\"potentialAction\":[{\"@type\":\"SearchAction\",\"target\":{\"@type\":\"EntryPoint\",\"urlTemplate\":\"https:\\\/\\\/sklep.skoral.com\\\/fr\\\/?s={search_term_string}\"},\"query-input\":{\"@type\":\"PropertyValueSpecification\",\"valueRequired\":true,\"valueName\":\"search_term_string\"}}],\"inLanguage\":\"fr-FR\"},{\"@type\":\"Organization\",\"@id\":\"https:\\\/\\\/sklep.skoral.com\\\/fr\\\/#organization\",\"name\":\"Sk\u00f3ral - Pracownia odzie\u017cy i akcesori\u00f3w sk\u00f3rzanych\",\"url\":\"https:\\\/\\\/sklep.skoral.com\\\/fr\\\/\",\"logo\":{\"@type\":\"ImageObject\",\"inLanguage\":\"fr-FR\",\"@id\":\"https:\\\/\\\/sklep.skoral.com\\\/fr\\\/#\\\/schema\\\/logo\\\/image\\\/\",\"url\":\"https:\\\/\\\/sklep.skoral.com\\\/wp-content\\\/uploads\\\/2020\\\/09\\\/cropped-logo-duze.png\",\"contentUrl\":\"https:\\\/\\\/sklep.skoral.com\\\/wp-content\\\/uploads\\\/2020\\\/09\\\/cropped-logo-duze.png\",\"width\":1200,\"height\":293,\"caption\":\"Sk\u00f3ral - Pracownia odzie\u017cy i akcesori\u00f3w sk\u00f3rzanych\"},\"image\":{\"@id\":\"https:\\\/\\\/sklep.skoral.com\\\/fr\\\/#\\\/schema\\\/logo\\\/image\\\/\"},\"sameAs\":[\"https:\\\/\\\/www.facebook.com\\\/SkoralNaturalLeather\",\"https:\\\/\\\/www.instagram.com\\\/skoraldesign\\\/\",\"https:\\\/\\\/www.youtube.com\\\/channel\\\/UCijmecsRU9TpML5jIEBsWTw\"]}]}<\/script>\n<!-- \/ Yoast SEO plugin. -->","yoast_head_json":{"title":"Czarna ramoneska sk\u00f3rzana m\u0119ska - Rider - Pracownia Sk\u00f3ral","description":"Oferujemy - czarna ramoneska sk\u00f3rzana m\u0119ska - sk\u00f3ra jagni\u0119ca. R\u00f3\u017cne rozmiary, r\u00f3wnie\u017c szycie na wymiar. Wykonanie - sk\u00f3ra naturalna.","robots":{"index":"index","follow":"follow","max-snippet":"max-snippet:-1","max-image-preview":"max-image-preview:large","max-video-preview":"max-video-preview:-1"},"canonical":"https:\/\/sklep.skoral.com\/fr\/produkt\/czarna-ramoneska-skorzana-meska-rider\/","og_locale":"fr_FR","og_type":"article","og_title":"Czarna ramoneska sk\u00f3rzana m\u0119ska - Rider - Pracownia Sk\u00f3ral","og_description":"Oferujemy - czarna ramoneska sk\u00f3rzana m\u0119ska - sk\u00f3ra jagni\u0119ca. R\u00f3\u017cne rozmiary, r\u00f3wnie\u017c szycie na wymiar. Wykonanie - sk\u00f3ra naturalna.","og_url":"https:\/\/sklep.skoral.com\/fr\/produkt\/czarna-ramoneska-skorzana-meska-rider\/","og_site_name":"Pracownia Sk\u00f3ral","article_publisher":"https:\/\/www.facebook.com\/SkoralNaturalLeather","article_modified_time":"2024-08-14T10:18:24+00:00","og_image":[{"width":1812,"height":2265,"url":"https:\/\/sklep.skoral.com\/wp-content\/uploads\/2021\/01\/ramoneska-meska-motocyklowa.jpg","type":"image\/jpeg"}],"twitter_card":"summary_large_image","twitter_misc":{"Dur\u00e9e de lecture estim\u00e9e":"2 minutes"},"schema":{"@context":"https:\/\/schema.org","@graph":[{"@type":["WebPage","ItemPage"],"@id":"https:\/\/sklep.skoral.com\/fr\/produkt\/czarna-ramoneska-skorzana-meska-rider\/","url":"https:\/\/sklep.skoral.com\/fr\/produkt\/czarna-ramoneska-skorzana-meska-rider\/","name":"Czarna ramoneska sk\u00f3rzana m\u0119ska - Rider - Pracownia Sk\u00f3ral","isPartOf":{"@id":"https:\/\/sklep.skoral.com\/fr\/#website"},"primaryImageOfPage":{"@id":"https:\/\/sklep.skoral.com\/fr\/produkt\/czarna-ramoneska-skorzana-meska-rider\/#primaryimage"},"image":{"@id":"https:\/\/sklep.skoral.com\/fr\/produkt\/czarna-ramoneska-skorzana-meska-rider\/#primaryimage"},"thumbnailUrl":"https:\/\/sklep.skoral.com\/wp-content\/uploads\/2021\/01\/ramoneska-meska-motocyklowa.jpg","datePublished":"2021-01-19T16:49:17+00:00","dateModified":"2024-08-14T10:18:24+00:00","description":"Oferujemy - czarna ramoneska sk\u00f3rzana m\u0119ska - sk\u00f3ra jagni\u0119ca. R\u00f3\u017cne rozmiary, r\u00f3wnie\u017c szycie na wymiar. Wykonanie - sk\u00f3ra naturalna.","breadcrumb":{"@id":"https:\/\/sklep.skoral.com\/fr\/produkt\/czarna-ramoneska-skorzana-meska-rider\/#breadcrumb"},"inLanguage":"fr-FR","potentialAction":[{"@type":"ReadAction","target":["https:\/\/sklep.skoral.com\/fr\/produkt\/czarna-ramoneska-skorzana-meska-rider\/"]}]},{"@type":"ImageObject","inLanguage":"fr-FR","@id":"https:\/\/sklep.skoral.com\/fr\/produkt\/czarna-ramoneska-skorzana-meska-rider\/#primaryimage","url":"https:\/\/sklep.skoral.com\/wp-content\/uploads\/2021\/01\/ramoneska-meska-motocyklowa.jpg","contentUrl":"https:\/\/sklep.skoral.com\/wp-content\/uploads\/2021\/01\/ramoneska-meska-motocyklowa.jpg","width":1812,"height":2265,"caption":"Ramoneska m\u0119ska - motocyklowa"},{"@type":"BreadcrumbList","@id":"https:\/\/sklep.skoral.com\/fr\/produkt\/czarna-ramoneska-skorzana-meska-rider\/#breadcrumb","itemListElement":[{"@type":"ListItem","position":1,"name":"Strona g\u0142\u00f3wna","item":"https:\/\/sklep.skoral.com\/fr\/accueil\/"},{"@type":"ListItem","position":2,"name":"Boutique","item":"https:\/\/sklep.skoral.com\/fr\/boutique\/"},{"@type":"ListItem","position":3,"name":"Czarna ramoneska sk\u00f3rzana m\u0119ska &#8211; Rider"}]},{"@type":"WebSite","@id":"https:\/\/sklep.skoral.com\/fr\/#website","url":"https:\/\/sklep.skoral.com\/fr\/","name":"Pracownia Sk\u00f3ral","description":"Sklep z odzie\u017c\u0105\u00a0sk\u00f3rzan\u0105 i akcesoriami ze sk\u00f3ry naturalnej","publisher":{"@id":"https:\/\/sklep.skoral.com\/fr\/#organization"},"potentialAction":[{"@type":"SearchAction","target":{"@type":"EntryPoint","urlTemplate":"https:\/\/sklep.skoral.com\/fr\/?s={search_term_string}"},"query-input":{"@type":"PropertyValueSpecification","valueRequired":true,"valueName":"search_term_string"}}],"inLanguage":"fr-FR"},{"@type":"Organization","@id":"https:\/\/sklep.skoral.com\/fr\/#organization","name":"Sk\u00f3ral - Pracownia odzie\u017cy i akcesori\u00f3w sk\u00f3rzanych","url":"https:\/\/sklep.skoral.com\/fr\/","logo":{"@type":"ImageObject","inLanguage":"fr-FR","@id":"https:\/\/sklep.skoral.com\/fr\/#\/schema\/logo\/image\/","url":"https:\/\/sklep.skoral.com\/wp-content\/uploads\/2020\/09\/cropped-logo-duze.png","contentUrl":"https:\/\/sklep.skoral.com\/wp-content\/uploads\/2020\/09\/cropped-logo-duze.png","width":1200,"height":293,"caption":"Sk\u00f3ral - Pracownia odzie\u017cy i akcesori\u00f3w sk\u00f3rzanych"},"image":{"@id":"https:\/\/sklep.skoral.com\/fr\/#\/schema\/logo\/image\/"},"sameAs":["https:\/\/www.facebook.com\/SkoralNaturalLeather","https:\/\/www.instagram.com\/skoraldesign\/","https:\/\/www.youtube.com\/channel\/UCijmecsRU9TpML5jIEBsWTw"]}]}},"jetpack_sharing_enabled":true,"_links":{"self":[{"href":"https:\/\/sklep.skoral.com\/fr\/wp-json\/wp\/v2\/product\/254","targetHints":{"allow":["GET"]}}],"collection":[{"href":"https:\/\/sklep.skoral.com\/fr\/wp-json\/wp\/v2\/product"}],"about":[{"href":"https:\/\/sklep.skoral.com\/fr\/wp-json\/wp\/v2\/types\/product"}],"wp:featuredmedia":[{"embeddable":true,"href":"https:\/\/sklep.skoral.com\/fr\/wp-json\/wp\/v2\/media\/583"}],"wp:attachment":[{"href":"https:\/\/sklep.skoral.com\/fr\/wp-json\/wp\/v2\/media?parent=254"}],"wp:term":[{"taxonomy":"product_brand","embeddable":true,"href":"https:\/\/sklep.skoral.com\/fr\/wp-json\/wp\/v2\/product_brand?post=254"},{"taxonomy":"product_cat","embeddable":true,"href":"https:\/\/sklep.skoral.com\/fr\/wp-json\/wp\/v2\/product_cat?post=254"},{"taxonomy":"product_tag","embeddable":true,"href":"https:\/\/sklep.skoral.com\/fr\/wp-json\/wp\/v2\/product_tag?post=254"}],"curies":[{"name":"wp","href":"https:\/\/api.w.org\/{rel}","templated":true}]}}