{"id":332,"date":"2021-01-19T18:35:59","date_gmt":"2021-01-19T17:35:59","guid":{"rendered":"https:\/\/sklep.skoral.com\/?post_type=product&#038;p=332"},"modified":"2025-11-18T15:11:44","modified_gmt":"2025-11-18T14:11:44","slug":"kozuch-damski-roma","status":"publish","type":"product","link":"https:\/\/sklep.skoral.com\/fr\/produkt\/kozuch-damski-roma\/","title":{"rendered":"Ko\u017cuch damski &#8211; Roma"},"content":{"rendered":"<p><span style=\"font-weight: 400;\">Ko\u017cuch damski Roma to niezwykle kobiecy model wykonany r\u0119cznie z w\u0142oskiej jagni\u0119cej sk\u00f3ry Toscana. Zapinany jest na z\u0142oty zamek. Po bokach posiada dwie kieszenie, r\u00f3wnie\u017c zamykane na z\u0142ote suwaki. Ko\u017cuch Roma to model taliowany, pi\u0119knie dopasowuj\u0105cy si\u0119 do sylwetki. Delikatnie przed\u0142u\u017cany kr\u00f3j sprawia, \u017ce ko\u017cuszek \u0142adnie wysmukla figur\u0119.\u00a0<\/span><\/p>\n<p><span style=\"font-weight: 400;\">Roma posiada oryginalne, naturalne wyko\u0144czenie do\u0142u i r\u0119kaw\u00f3w. Obszerny kaptur przechodzi z przodu w du\u017cy, futrzany ko\u0142nierz, kt\u00f3ry pi\u0119knie uk\u0142ada si\u0119 na ramionach.\u00a0<\/span><\/p>\n<p><span style=\"font-weight: 400;\">Model Roma to ko\u017cuszek bardzo lekki i jednocze\u015bnie ciep\u0142y, kt\u00f3ry fantastycznie sprawdzi si\u0119 w roli jesienno-zimowego p\u0142aszcza. Ko\u017cuch damski Roma to model minimalistyczny, kt\u00f3ry przypadnie do gustu kobietom ceni\u0105cym klasyczne, eleganckie kroje i ponadczasowy styl.\u00a0<\/span><\/p>\n<h2>Ko\u017cuch damski Roma na zam\u00f3wienie<\/h2>\n<p><span style=\"font-weight: 400;\">Damski ko\u017cuszek Roma dost\u0119pny jest we wszystkich rozmiarach. Na pro\u015bb\u0119 Klient\u00f3w istnieje mo\u017cliwo\u015b\u0107 indywidualnego dopasowania modelu do sylwetki, uszycia p\u0142aszcza w innym kolorze lub z innego rodzaju sk\u00f3r. Zainteresowanych prosimy o <a href=\"https:\/\/sklep.skoral.com\/kontakt\/\">kontakt<\/a> z nasz\u0105 pracowni\u0105: +48 12 423 12 20.\u00a0<\/span><\/p>\n","protected":false},"excerpt":{"rendered":"<p>Ko\u017cuch damski typu Roma<\/p>\n","protected":false},"featured_media":334,"template":"","meta":{"_monsterinsights_skip_tracking":false,"_monsterinsights_sitenote_active":false,"_monsterinsights_sitenote_note":"","_monsterinsights_sitenote_category":0},"product_brand":[],"product_cat":[17,34],"product_tag":[35],"class_list":{"0":"post-332","1":"product","2":"type-product","3":"status-publish","4":"has-post-thumbnail","6":"product_cat-kozuchy-kozuszki-damskie","7":"product_cat-plaszcze","8":"product_tag-kozuch","10":"first","11":"instock","12":"taxable","13":"shipping-taxable","14":"purchasable","15":"product-type-variable"},"yoast_head":"<!-- This site is optimized with the Yoast SEO plugin v27.6 - https:\/\/yoast.com\/product\/yoast-seo-wordpress\/ -->\n<title>Ko\u017cuch damski - Roma - Pracownia Sk\u00f3ral - Sklep internetowy<\/title>\n<meta name=\"description\" content=\"Czarny ko\u017cuch damski z w\u0142oskiej sk\u00f3ry jagni\u0119cej - z kapturem, bardzo ciep\u0142y. R\u00f3\u017cne rozmiary w sklepie internetowym Sk\u00f3ra\" \/>\n<meta name=\"robots\" content=\"index, follow, max-snippet:-1, max-image-preview:large, max-video-preview:-1\" \/>\n<link rel=\"canonical\" href=\"https:\/\/sklep.skoral.com\/fr\/produkt\/kozuch-damski-roma\/\" \/>\n<meta property=\"og:locale\" content=\"fr_FR\" \/>\n<meta property=\"og:type\" content=\"article\" \/>\n<meta property=\"og:title\" content=\"Ko\u017cuch damski - Roma - Pracownia Sk\u00f3ral - Sklep internetowy\" \/>\n<meta property=\"og:description\" content=\"Czarny ko\u017cuch damski z w\u0142oskiej sk\u00f3ry jagni\u0119cej - z kapturem, bardzo ciep\u0142y. R\u00f3\u017cne rozmiary w sklepie internetowym Sk\u00f3ra\" \/>\n<meta property=\"og:url\" content=\"https:\/\/sklep.skoral.com\/fr\/produkt\/kozuch-damski-roma\/\" \/>\n<meta property=\"og:site_name\" content=\"Pracownia Sk\u00f3ral\" \/>\n<meta property=\"article:publisher\" content=\"https:\/\/www.facebook.com\/SkoralNaturalLeather\" \/>\n<meta property=\"article:modified_time\" content=\"2025-11-18T14:11:44+00:00\" \/>\n<meta property=\"og:image\" content=\"https:\/\/sklep.skoral.com\/wp-content\/uploads\/2021\/01\/kozuch-damski-roma.jpg\" \/>\n\t<meta property=\"og:image:width\" content=\"1024\" \/>\n\t<meta property=\"og:image:height\" content=\"1280\" \/>\n\t<meta property=\"og:image:type\" content=\"image\/jpeg\" \/>\n<meta name=\"twitter:card\" content=\"summary_large_image\" \/>\n<meta name=\"twitter:label1\" content=\"Dur\u00e9e de lecture estim\u00e9e\" \/>\n\t<meta name=\"twitter:data1\" content=\"1 minute\" \/>\n<script type=\"application\/ld+json\" class=\"yoast-schema-graph\">{\"@context\":\"https:\\\/\\\/schema.org\",\"@graph\":[{\"@type\":[\"WebPage\",\"ItemPage\"],\"@id\":\"https:\\\/\\\/sklep.skoral.com\\\/fr\\\/produkt\\\/kozuch-damski-roma\\\/\",\"url\":\"https:\\\/\\\/sklep.skoral.com\\\/fr\\\/produkt\\\/kozuch-damski-roma\\\/\",\"name\":\"Ko\u017cuch damski - Roma - Pracownia Sk\u00f3ral - Sklep internetowy\",\"isPartOf\":{\"@id\":\"https:\\\/\\\/sklep.skoral.com\\\/fr\\\/#website\"},\"primaryImageOfPage\":{\"@id\":\"https:\\\/\\\/sklep.skoral.com\\\/fr\\\/produkt\\\/kozuch-damski-roma\\\/#primaryimage\"},\"image\":{\"@id\":\"https:\\\/\\\/sklep.skoral.com\\\/fr\\\/produkt\\\/kozuch-damski-roma\\\/#primaryimage\"},\"thumbnailUrl\":\"https:\\\/\\\/sklep.skoral.com\\\/wp-content\\\/uploads\\\/2021\\\/01\\\/kozuch-damski-roma.jpg\",\"datePublished\":\"2021-01-19T17:35:59+00:00\",\"dateModified\":\"2025-11-18T14:11:44+00:00\",\"description\":\"Czarny ko\u017cuch damski z w\u0142oskiej sk\u00f3ry jagni\u0119cej - z kapturem, bardzo ciep\u0142y. R\u00f3\u017cne rozmiary w sklepie internetowym Sk\u00f3ra\",\"breadcrumb\":{\"@id\":\"https:\\\/\\\/sklep.skoral.com\\\/fr\\\/produkt\\\/kozuch-damski-roma\\\/#breadcrumb\"},\"inLanguage\":\"fr-FR\",\"potentialAction\":[{\"@type\":\"ReadAction\",\"target\":[\"https:\\\/\\\/sklep.skoral.com\\\/fr\\\/produkt\\\/kozuch-damski-roma\\\/\"]}]},{\"@type\":\"ImageObject\",\"inLanguage\":\"fr-FR\",\"@id\":\"https:\\\/\\\/sklep.skoral.com\\\/fr\\\/produkt\\\/kozuch-damski-roma\\\/#primaryimage\",\"url\":\"https:\\\/\\\/sklep.skoral.com\\\/wp-content\\\/uploads\\\/2021\\\/01\\\/kozuch-damski-roma.jpg\",\"contentUrl\":\"https:\\\/\\\/sklep.skoral.com\\\/wp-content\\\/uploads\\\/2021\\\/01\\\/kozuch-damski-roma.jpg\",\"width\":1024,\"height\":1280,\"caption\":\"Ko\u017cuch damski - Roma\"},{\"@type\":\"BreadcrumbList\",\"@id\":\"https:\\\/\\\/sklep.skoral.com\\\/fr\\\/produkt\\\/kozuch-damski-roma\\\/#breadcrumb\",\"itemListElement\":[{\"@type\":\"ListItem\",\"position\":1,\"name\":\"Strona g\u0142\u00f3wna\",\"item\":\"https:\\\/\\\/sklep.skoral.com\\\/fr\\\/accueil\\\/\"},{\"@type\":\"ListItem\",\"position\":2,\"name\":\"Boutique\",\"item\":\"https:\\\/\\\/sklep.skoral.com\\\/fr\\\/boutique\\\/\"},{\"@type\":\"ListItem\",\"position\":3,\"name\":\"Ko\u017cuch damski &#8211; Roma\"}]},{\"@type\":\"WebSite\",\"@id\":\"https:\\\/\\\/sklep.skoral.com\\\/fr\\\/#website\",\"url\":\"https:\\\/\\\/sklep.skoral.com\\\/fr\\\/\",\"name\":\"Pracownia Sk\u00f3ral\",\"description\":\"Sklep z odzie\u017c\u0105\u00a0sk\u00f3rzan\u0105 i akcesoriami ze sk\u00f3ry naturalnej\",\"publisher\":{\"@id\":\"https:\\\/\\\/sklep.skoral.com\\\/fr\\\/#organization\"},\"potentialAction\":[{\"@type\":\"SearchAction\",\"target\":{\"@type\":\"EntryPoint\",\"urlTemplate\":\"https:\\\/\\\/sklep.skoral.com\\\/fr\\\/?s={search_term_string}\"},\"query-input\":{\"@type\":\"PropertyValueSpecification\",\"valueRequired\":true,\"valueName\":\"search_term_string\"}}],\"inLanguage\":\"fr-FR\"},{\"@type\":\"Organization\",\"@id\":\"https:\\\/\\\/sklep.skoral.com\\\/fr\\\/#organization\",\"name\":\"Sk\u00f3ral - Pracownia odzie\u017cy i akcesori\u00f3w sk\u00f3rzanych\",\"url\":\"https:\\\/\\\/sklep.skoral.com\\\/fr\\\/\",\"logo\":{\"@type\":\"ImageObject\",\"inLanguage\":\"fr-FR\",\"@id\":\"https:\\\/\\\/sklep.skoral.com\\\/fr\\\/#\\\/schema\\\/logo\\\/image\\\/\",\"url\":\"https:\\\/\\\/sklep.skoral.com\\\/wp-content\\\/uploads\\\/2020\\\/09\\\/cropped-logo-duze.png\",\"contentUrl\":\"https:\\\/\\\/sklep.skoral.com\\\/wp-content\\\/uploads\\\/2020\\\/09\\\/cropped-logo-duze.png\",\"width\":1200,\"height\":293,\"caption\":\"Sk\u00f3ral - Pracownia odzie\u017cy i akcesori\u00f3w sk\u00f3rzanych\"},\"image\":{\"@id\":\"https:\\\/\\\/sklep.skoral.com\\\/fr\\\/#\\\/schema\\\/logo\\\/image\\\/\"},\"sameAs\":[\"https:\\\/\\\/www.facebook.com\\\/SkoralNaturalLeather\",\"https:\\\/\\\/www.instagram.com\\\/skoraldesign\\\/\",\"https:\\\/\\\/www.youtube.com\\\/channel\\\/UCijmecsRU9TpML5jIEBsWTw\"]}]}<\/script>\n<!-- \/ Yoast SEO plugin. -->","yoast_head_json":{"title":"Ko\u017cuch damski - Roma - Pracownia Sk\u00f3ral - Sklep internetowy","description":"Czarny ko\u017cuch damski z w\u0142oskiej sk\u00f3ry jagni\u0119cej - z kapturem, bardzo ciep\u0142y. R\u00f3\u017cne rozmiary w sklepie internetowym Sk\u00f3ra","robots":{"index":"index","follow":"follow","max-snippet":"max-snippet:-1","max-image-preview":"max-image-preview:large","max-video-preview":"max-video-preview:-1"},"canonical":"https:\/\/sklep.skoral.com\/fr\/produkt\/kozuch-damski-roma\/","og_locale":"fr_FR","og_type":"article","og_title":"Ko\u017cuch damski - Roma - Pracownia Sk\u00f3ral - Sklep internetowy","og_description":"Czarny ko\u017cuch damski z w\u0142oskiej sk\u00f3ry jagni\u0119cej - z kapturem, bardzo ciep\u0142y. R\u00f3\u017cne rozmiary w sklepie internetowym Sk\u00f3ra","og_url":"https:\/\/sklep.skoral.com\/fr\/produkt\/kozuch-damski-roma\/","og_site_name":"Pracownia Sk\u00f3ral","article_publisher":"https:\/\/www.facebook.com\/SkoralNaturalLeather","article_modified_time":"2025-11-18T14:11:44+00:00","og_image":[{"width":1024,"height":1280,"url":"https:\/\/sklep.skoral.com\/wp-content\/uploads\/2021\/01\/kozuch-damski-roma.jpg","type":"image\/jpeg"}],"twitter_card":"summary_large_image","twitter_misc":{"Dur\u00e9e de lecture estim\u00e9e":"1 minute"},"schema":{"@context":"https:\/\/schema.org","@graph":[{"@type":["WebPage","ItemPage"],"@id":"https:\/\/sklep.skoral.com\/fr\/produkt\/kozuch-damski-roma\/","url":"https:\/\/sklep.skoral.com\/fr\/produkt\/kozuch-damski-roma\/","name":"Ko\u017cuch damski - Roma - Pracownia Sk\u00f3ral - Sklep internetowy","isPartOf":{"@id":"https:\/\/sklep.skoral.com\/fr\/#website"},"primaryImageOfPage":{"@id":"https:\/\/sklep.skoral.com\/fr\/produkt\/kozuch-damski-roma\/#primaryimage"},"image":{"@id":"https:\/\/sklep.skoral.com\/fr\/produkt\/kozuch-damski-roma\/#primaryimage"},"thumbnailUrl":"https:\/\/sklep.skoral.com\/wp-content\/uploads\/2021\/01\/kozuch-damski-roma.jpg","datePublished":"2021-01-19T17:35:59+00:00","dateModified":"2025-11-18T14:11:44+00:00","description":"Czarny ko\u017cuch damski z w\u0142oskiej sk\u00f3ry jagni\u0119cej - z kapturem, bardzo ciep\u0142y. R\u00f3\u017cne rozmiary w sklepie internetowym Sk\u00f3ra","breadcrumb":{"@id":"https:\/\/sklep.skoral.com\/fr\/produkt\/kozuch-damski-roma\/#breadcrumb"},"inLanguage":"fr-FR","potentialAction":[{"@type":"ReadAction","target":["https:\/\/sklep.skoral.com\/fr\/produkt\/kozuch-damski-roma\/"]}]},{"@type":"ImageObject","inLanguage":"fr-FR","@id":"https:\/\/sklep.skoral.com\/fr\/produkt\/kozuch-damski-roma\/#primaryimage","url":"https:\/\/sklep.skoral.com\/wp-content\/uploads\/2021\/01\/kozuch-damski-roma.jpg","contentUrl":"https:\/\/sklep.skoral.com\/wp-content\/uploads\/2021\/01\/kozuch-damski-roma.jpg","width":1024,"height":1280,"caption":"Ko\u017cuch damski - Roma"},{"@type":"BreadcrumbList","@id":"https:\/\/sklep.skoral.com\/fr\/produkt\/kozuch-damski-roma\/#breadcrumb","itemListElement":[{"@type":"ListItem","position":1,"name":"Strona g\u0142\u00f3wna","item":"https:\/\/sklep.skoral.com\/fr\/accueil\/"},{"@type":"ListItem","position":2,"name":"Boutique","item":"https:\/\/sklep.skoral.com\/fr\/boutique\/"},{"@type":"ListItem","position":3,"name":"Ko\u017cuch damski &#8211; Roma"}]},{"@type":"WebSite","@id":"https:\/\/sklep.skoral.com\/fr\/#website","url":"https:\/\/sklep.skoral.com\/fr\/","name":"Pracownia Sk\u00f3ral","description":"Sklep z odzie\u017c\u0105\u00a0sk\u00f3rzan\u0105 i akcesoriami ze sk\u00f3ry naturalnej","publisher":{"@id":"https:\/\/sklep.skoral.com\/fr\/#organization"},"potentialAction":[{"@type":"SearchAction","target":{"@type":"EntryPoint","urlTemplate":"https:\/\/sklep.skoral.com\/fr\/?s={search_term_string}"},"query-input":{"@type":"PropertyValueSpecification","valueRequired":true,"valueName":"search_term_string"}}],"inLanguage":"fr-FR"},{"@type":"Organization","@id":"https:\/\/sklep.skoral.com\/fr\/#organization","name":"Sk\u00f3ral - Pracownia odzie\u017cy i akcesori\u00f3w sk\u00f3rzanych","url":"https:\/\/sklep.skoral.com\/fr\/","logo":{"@type":"ImageObject","inLanguage":"fr-FR","@id":"https:\/\/sklep.skoral.com\/fr\/#\/schema\/logo\/image\/","url":"https:\/\/sklep.skoral.com\/wp-content\/uploads\/2020\/09\/cropped-logo-duze.png","contentUrl":"https:\/\/sklep.skoral.com\/wp-content\/uploads\/2020\/09\/cropped-logo-duze.png","width":1200,"height":293,"caption":"Sk\u00f3ral - Pracownia odzie\u017cy i akcesori\u00f3w sk\u00f3rzanych"},"image":{"@id":"https:\/\/sklep.skoral.com\/fr\/#\/schema\/logo\/image\/"},"sameAs":["https:\/\/www.facebook.com\/SkoralNaturalLeather","https:\/\/www.instagram.com\/skoraldesign\/","https:\/\/www.youtube.com\/channel\/UCijmecsRU9TpML5jIEBsWTw"]}]}},"jetpack_sharing_enabled":true,"_links":{"self":[{"href":"https:\/\/sklep.skoral.com\/fr\/wp-json\/wp\/v2\/product\/332","targetHints":{"allow":["GET"]}}],"collection":[{"href":"https:\/\/sklep.skoral.com\/fr\/wp-json\/wp\/v2\/product"}],"about":[{"href":"https:\/\/sklep.skoral.com\/fr\/wp-json\/wp\/v2\/types\/product"}],"wp:featuredmedia":[{"embeddable":true,"href":"https:\/\/sklep.skoral.com\/fr\/wp-json\/wp\/v2\/media\/334"}],"wp:attachment":[{"href":"https:\/\/sklep.skoral.com\/fr\/wp-json\/wp\/v2\/media?parent=332"}],"wp:term":[{"taxonomy":"product_brand","embeddable":true,"href":"https:\/\/sklep.skoral.com\/fr\/wp-json\/wp\/v2\/product_brand?post=332"},{"taxonomy":"product_cat","embeddable":true,"href":"https:\/\/sklep.skoral.com\/fr\/wp-json\/wp\/v2\/product_cat?post=332"},{"taxonomy":"product_tag","embeddable":true,"href":"https:\/\/sklep.skoral.com\/fr\/wp-json\/wp\/v2\/product_tag?post=332"}],"curies":[{"name":"wp","href":"https:\/\/api.w.org\/{rel}","templated":true}]}}