{"id":53,"date":"2021-01-19T14:02:44","date_gmt":"2021-01-19T13:02:44","guid":{"rendered":"https:\/\/sklep.skoral.com\/?post_type=product&#038;p=53"},"modified":"2025-11-18T15:11:28","modified_gmt":"2025-11-18T14:11:28","slug":"kozuch-damski-plaszcz-divine-sklep","status":"publish","type":"product","link":"https:\/\/sklep.skoral.com\/fr\/produkt\/kozuch-damski-plaszcz-divine-sklep\/","title":{"rendered":"Ko\u017cuch damski &#8211; p\u0142aszcz &#8211; Divine"},"content":{"rendered":"<p><span style=\"font-weight: 400;\">Pi\u0119kny i efektowny ko\u017cuch damski, o uniwersalnym i eleganckim kroju p\u0142aszcza. Zosta\u0142 r\u0119cznie wykonany z najwy\u017cszej jako\u015bci welurowych sk\u00f3r baranich.<\/span><\/p>\n<p><span style=\"font-weight: 400;\"><strong>Ko\u017cuch damski marki Sk\u00f3ral<\/strong> jest lekki, przyjemny dla cia\u0142a i co najwa\u017cniejsze &#8211; bardzo ciep\u0142y.\u00a0<\/span><\/p>\n<p><span style=\"font-weight: 400;\">Ko\u017cuch Divine jest dost\u0119pny w twarzowym szafirowym kolorze, kt\u00f3ry pi\u0119knie podkre\u015bli ka\u017cd\u0105 urod\u0119.<\/span><\/p>\n<p><span style=\"font-weight: 400;\">Model Divine posiada dwie pojemne wpuszczane kieszenie. Obszerny kaptur, wy\u015bcie\u0142any mi\u0119kkim futerkiem, stanowi doskona\u0142\u0105 ochron\u0119 przed wiatrem i \u015bniegiem. Kaptur mo\u017cna dodatkowo rozbudowa\u0107 do formy szerokiego, futrzanego ko\u0142nierza &#8211; wystarczy rozsun\u0105\u0107 zamek ko\u017cucha.<\/span><\/p>\n<p><span style=\"font-weight: 400;\">D\u0142ugo\u015b\u0107 do kolan i praktyczny kaptur sprawiaj\u0105, \u017ce model ten idealnie sprawdzi si\u0119 podczas spacer\u00f3w nawet w najbardziej niesprzyjaj\u0105cych zimowych warunkach, gwarantuj\u0105c ciep\u0142o i wygod\u0119. Dodatkowo, p\u0142aszcz jest odporny na wilgo\u0107 i zabrudzenia.<\/span><\/p>\n<p><span style=\"font-weight: 400;\">Ko\u017cuch jest delikatnie taliowany, a zamek w kolorze starego z\u0142ota sprawia, \u017ce sylwetka nabiera smuk\u0142ego, lekkiego kszta\u0142tu.<\/span><\/p>\n<p><span style=\"font-weight: 400;\">Surowe wyko\u0144czenie oraz modne przeszycia sprawiaj\u0105, \u017ce p\u0142aszcz sprawdzi si\u0119 w wielu modowych zestawieniach.\u00a0<\/span><\/p>\n<h2>Uszyj ko\u017cuch damski na wymiar<\/h2>\n<p><span style=\"font-weight: 400;\"><strong>Damski ko\u017cuch Divine<\/strong> dost\u0119pny jest we wszystkich rozmiarach. Na pro\u015bb\u0119 Klient\u00f3w istnieje mo\u017cliwo\u015b\u0107 indywidualnego dopasowania modelu do sylwetki, uszycia p\u0142aszcza w innym kolorze lub z innego rodzaju sk\u00f3r (np. ze sk\u00f3r jagni\u0119cych &#8211; w\u00f3wczas cena p\u0142aszcza wynosi oko\u0142o 2300 z\u0142otych).\u00a0<\/span><\/p>\n<p><span style=\"font-weight: 400;\">Zainteresowanych prosimy o kontakt z nasz\u0105 pracowni\u0105: +48 12 423 12 20. \u015aled\u017a nas w mediach spo\u0142eczno\u015bciowych <a href=\"https:\/\/www.facebook.com\/SkoralNaturalLeather\">facebook<\/a> i <a href=\"https:\/\/instagram.com\/skoraldesign\">instagram<\/a>.<\/span><\/p>\n","protected":false},"excerpt":{"rendered":"<p>D\u0142ugi damski ko\u017cuch\/p\u0142aszcz Divine z wysokiej jako\u015bci sk\u00f3r baranich.<\/p>\n","protected":false},"featured_media":54,"template":"","meta":{"_monsterinsights_skip_tracking":false,"_monsterinsights_sitenote_active":false,"_monsterinsights_sitenote_note":"","_monsterinsights_sitenote_category":0},"product_brand":[],"product_cat":[17,34],"product_tag":[35,36],"class_list":{"0":"post-53","1":"product","2":"type-product","3":"status-publish","4":"has-post-thumbnail","6":"product_cat-kozuchy-kozuszki-damskie","7":"product_cat-plaszcze","8":"product_tag-kozuch","9":"product_tag-plaszcz","11":"first","12":"instock","13":"taxable","14":"shipping-taxable","15":"purchasable","16":"product-type-variable"},"yoast_head":"<!-- This site is optimized with the Yoast SEO plugin v27.6 - https:\/\/yoast.com\/product\/yoast-seo-wordpress\/ -->\n<title>Ko\u017cuch damski - p\u0142aszcz - Divine - Pracownia Sk\u00f3ral<\/title>\n<meta name=\"description\" content=\"Klasyczny model Divine - d\u0142ugi ko\u017cuch damski firmy Sk\u00f3ral - r\u0119cznie wykonany z mo\u017cliwo\u015bci\u0105 uszycia na wymiar - sklep internetowy.\" \/>\n<meta name=\"robots\" content=\"index, follow, max-snippet:-1, max-image-preview:large, max-video-preview:-1\" \/>\n<link rel=\"canonical\" href=\"https:\/\/sklep.skoral.com\/fr\/produkt\/kozuch-damski-plaszcz-divine-sklep\/\" \/>\n<meta property=\"og:locale\" content=\"fr_FR\" \/>\n<meta property=\"og:type\" content=\"article\" \/>\n<meta property=\"og:title\" content=\"Ko\u017cuch damski - p\u0142aszcz - Divine - Pracownia Sk\u00f3ral\" \/>\n<meta property=\"og:description\" content=\"Klasyczny model Divine - d\u0142ugi ko\u017cuch damski firmy Sk\u00f3ral - r\u0119cznie wykonany z mo\u017cliwo\u015bci\u0105 uszycia na wymiar - sklep internetowy.\" \/>\n<meta property=\"og:url\" content=\"https:\/\/sklep.skoral.com\/fr\/produkt\/kozuch-damski-plaszcz-divine-sklep\/\" \/>\n<meta property=\"og:site_name\" content=\"Pracownia Sk\u00f3ral\" \/>\n<meta property=\"article:publisher\" content=\"https:\/\/www.facebook.com\/SkoralNaturalLeather\" \/>\n<meta property=\"article:modified_time\" content=\"2025-11-18T14:11:28+00:00\" \/>\n<meta property=\"og:image\" content=\"https:\/\/sklep.skoral.com\/wp-content\/uploads\/2021\/01\/plaszcz-kozuch-skorzany-divine.jpg\" \/>\n\t<meta property=\"og:image:width\" content=\"1024\" \/>\n\t<meta property=\"og:image:height\" content=\"1280\" \/>\n\t<meta property=\"og:image:type\" content=\"image\/jpeg\" \/>\n<meta name=\"twitter:card\" content=\"summary_large_image\" \/>\n<meta name=\"twitter:label1\" content=\"Dur\u00e9e de lecture estim\u00e9e\" \/>\n\t<meta name=\"twitter:data1\" content=\"1 minute\" \/>\n<script type=\"application\/ld+json\" class=\"yoast-schema-graph\">{\"@context\":\"https:\\\/\\\/schema.org\",\"@graph\":[{\"@type\":[\"WebPage\",\"ItemPage\"],\"@id\":\"https:\\\/\\\/sklep.skoral.com\\\/fr\\\/produkt\\\/kozuch-damski-plaszcz-divine-sklep\\\/\",\"url\":\"https:\\\/\\\/sklep.skoral.com\\\/fr\\\/produkt\\\/kozuch-damski-plaszcz-divine-sklep\\\/\",\"name\":\"Ko\u017cuch damski - p\u0142aszcz - Divine - Pracownia Sk\u00f3ral\",\"isPartOf\":{\"@id\":\"https:\\\/\\\/sklep.skoral.com\\\/fr\\\/#website\"},\"primaryImageOfPage\":{\"@id\":\"https:\\\/\\\/sklep.skoral.com\\\/fr\\\/produkt\\\/kozuch-damski-plaszcz-divine-sklep\\\/#primaryimage\"},\"image\":{\"@id\":\"https:\\\/\\\/sklep.skoral.com\\\/fr\\\/produkt\\\/kozuch-damski-plaszcz-divine-sklep\\\/#primaryimage\"},\"thumbnailUrl\":\"https:\\\/\\\/sklep.skoral.com\\\/wp-content\\\/uploads\\\/2021\\\/01\\\/plaszcz-kozuch-skorzany-divine.jpg\",\"datePublished\":\"2021-01-19T13:02:44+00:00\",\"dateModified\":\"2025-11-18T14:11:28+00:00\",\"description\":\"Klasyczny model Divine - d\u0142ugi ko\u017cuch damski firmy Sk\u00f3ral - r\u0119cznie wykonany z mo\u017cliwo\u015bci\u0105 uszycia na wymiar - sklep internetowy.\",\"breadcrumb\":{\"@id\":\"https:\\\/\\\/sklep.skoral.com\\\/fr\\\/produkt\\\/kozuch-damski-plaszcz-divine-sklep\\\/#breadcrumb\"},\"inLanguage\":\"fr-FR\",\"potentialAction\":[{\"@type\":\"ReadAction\",\"target\":[\"https:\\\/\\\/sklep.skoral.com\\\/fr\\\/produkt\\\/kozuch-damski-plaszcz-divine-sklep\\\/\"]}]},{\"@type\":\"ImageObject\",\"inLanguage\":\"fr-FR\",\"@id\":\"https:\\\/\\\/sklep.skoral.com\\\/fr\\\/produkt\\\/kozuch-damski-plaszcz-divine-sklep\\\/#primaryimage\",\"url\":\"https:\\\/\\\/sklep.skoral.com\\\/wp-content\\\/uploads\\\/2021\\\/01\\\/plaszcz-kozuch-skorzany-divine.jpg\",\"contentUrl\":\"https:\\\/\\\/sklep.skoral.com\\\/wp-content\\\/uploads\\\/2021\\\/01\\\/plaszcz-kozuch-skorzany-divine.jpg\",\"width\":1024,\"height\":1280,\"caption\":\"P\u0142aszcz-kozuch sk\u00f3rzany Divine\"},{\"@type\":\"BreadcrumbList\",\"@id\":\"https:\\\/\\\/sklep.skoral.com\\\/fr\\\/produkt\\\/kozuch-damski-plaszcz-divine-sklep\\\/#breadcrumb\",\"itemListElement\":[{\"@type\":\"ListItem\",\"position\":1,\"name\":\"Strona g\u0142\u00f3wna\",\"item\":\"https:\\\/\\\/sklep.skoral.com\\\/fr\\\/accueil\\\/\"},{\"@type\":\"ListItem\",\"position\":2,\"name\":\"Boutique\",\"item\":\"https:\\\/\\\/sklep.skoral.com\\\/fr\\\/boutique\\\/\"},{\"@type\":\"ListItem\",\"position\":3,\"name\":\"Ko\u017cuch damski &#8211; p\u0142aszcz &#8211; Divine\"}]},{\"@type\":\"WebSite\",\"@id\":\"https:\\\/\\\/sklep.skoral.com\\\/fr\\\/#website\",\"url\":\"https:\\\/\\\/sklep.skoral.com\\\/fr\\\/\",\"name\":\"Pracownia Sk\u00f3ral\",\"description\":\"Sklep z odzie\u017c\u0105\u00a0sk\u00f3rzan\u0105 i akcesoriami ze sk\u00f3ry naturalnej\",\"publisher\":{\"@id\":\"https:\\\/\\\/sklep.skoral.com\\\/fr\\\/#organization\"},\"potentialAction\":[{\"@type\":\"SearchAction\",\"target\":{\"@type\":\"EntryPoint\",\"urlTemplate\":\"https:\\\/\\\/sklep.skoral.com\\\/fr\\\/?s={search_term_string}\"},\"query-input\":{\"@type\":\"PropertyValueSpecification\",\"valueRequired\":true,\"valueName\":\"search_term_string\"}}],\"inLanguage\":\"fr-FR\"},{\"@type\":\"Organization\",\"@id\":\"https:\\\/\\\/sklep.skoral.com\\\/fr\\\/#organization\",\"name\":\"Sk\u00f3ral - Pracownia odzie\u017cy i akcesori\u00f3w sk\u00f3rzanych\",\"url\":\"https:\\\/\\\/sklep.skoral.com\\\/fr\\\/\",\"logo\":{\"@type\":\"ImageObject\",\"inLanguage\":\"fr-FR\",\"@id\":\"https:\\\/\\\/sklep.skoral.com\\\/fr\\\/#\\\/schema\\\/logo\\\/image\\\/\",\"url\":\"https:\\\/\\\/sklep.skoral.com\\\/wp-content\\\/uploads\\\/2020\\\/09\\\/cropped-logo-duze.png\",\"contentUrl\":\"https:\\\/\\\/sklep.skoral.com\\\/wp-content\\\/uploads\\\/2020\\\/09\\\/cropped-logo-duze.png\",\"width\":1200,\"height\":293,\"caption\":\"Sk\u00f3ral - Pracownia odzie\u017cy i akcesori\u00f3w sk\u00f3rzanych\"},\"image\":{\"@id\":\"https:\\\/\\\/sklep.skoral.com\\\/fr\\\/#\\\/schema\\\/logo\\\/image\\\/\"},\"sameAs\":[\"https:\\\/\\\/www.facebook.com\\\/SkoralNaturalLeather\",\"https:\\\/\\\/www.instagram.com\\\/skoraldesign\\\/\",\"https:\\\/\\\/www.youtube.com\\\/channel\\\/UCijmecsRU9TpML5jIEBsWTw\"]}]}<\/script>\n<!-- \/ Yoast SEO plugin. -->","yoast_head_json":{"title":"Ko\u017cuch damski - p\u0142aszcz - Divine - Pracownia Sk\u00f3ral","description":"Klasyczny model Divine - d\u0142ugi ko\u017cuch damski firmy Sk\u00f3ral - r\u0119cznie wykonany z mo\u017cliwo\u015bci\u0105 uszycia na wymiar - sklep internetowy.","robots":{"index":"index","follow":"follow","max-snippet":"max-snippet:-1","max-image-preview":"max-image-preview:large","max-video-preview":"max-video-preview:-1"},"canonical":"https:\/\/sklep.skoral.com\/fr\/produkt\/kozuch-damski-plaszcz-divine-sklep\/","og_locale":"fr_FR","og_type":"article","og_title":"Ko\u017cuch damski - p\u0142aszcz - Divine - Pracownia Sk\u00f3ral","og_description":"Klasyczny model Divine - d\u0142ugi ko\u017cuch damski firmy Sk\u00f3ral - r\u0119cznie wykonany z mo\u017cliwo\u015bci\u0105 uszycia na wymiar - sklep internetowy.","og_url":"https:\/\/sklep.skoral.com\/fr\/produkt\/kozuch-damski-plaszcz-divine-sklep\/","og_site_name":"Pracownia Sk\u00f3ral","article_publisher":"https:\/\/www.facebook.com\/SkoralNaturalLeather","article_modified_time":"2025-11-18T14:11:28+00:00","og_image":[{"width":1024,"height":1280,"url":"https:\/\/sklep.skoral.com\/wp-content\/uploads\/2021\/01\/plaszcz-kozuch-skorzany-divine.jpg","type":"image\/jpeg"}],"twitter_card":"summary_large_image","twitter_misc":{"Dur\u00e9e de lecture estim\u00e9e":"1 minute"},"schema":{"@context":"https:\/\/schema.org","@graph":[{"@type":["WebPage","ItemPage"],"@id":"https:\/\/sklep.skoral.com\/fr\/produkt\/kozuch-damski-plaszcz-divine-sklep\/","url":"https:\/\/sklep.skoral.com\/fr\/produkt\/kozuch-damski-plaszcz-divine-sklep\/","name":"Ko\u017cuch damski - p\u0142aszcz - Divine - Pracownia Sk\u00f3ral","isPartOf":{"@id":"https:\/\/sklep.skoral.com\/fr\/#website"},"primaryImageOfPage":{"@id":"https:\/\/sklep.skoral.com\/fr\/produkt\/kozuch-damski-plaszcz-divine-sklep\/#primaryimage"},"image":{"@id":"https:\/\/sklep.skoral.com\/fr\/produkt\/kozuch-damski-plaszcz-divine-sklep\/#primaryimage"},"thumbnailUrl":"https:\/\/sklep.skoral.com\/wp-content\/uploads\/2021\/01\/plaszcz-kozuch-skorzany-divine.jpg","datePublished":"2021-01-19T13:02:44+00:00","dateModified":"2025-11-18T14:11:28+00:00","description":"Klasyczny model Divine - d\u0142ugi ko\u017cuch damski firmy Sk\u00f3ral - r\u0119cznie wykonany z mo\u017cliwo\u015bci\u0105 uszycia na wymiar - sklep internetowy.","breadcrumb":{"@id":"https:\/\/sklep.skoral.com\/fr\/produkt\/kozuch-damski-plaszcz-divine-sklep\/#breadcrumb"},"inLanguage":"fr-FR","potentialAction":[{"@type":"ReadAction","target":["https:\/\/sklep.skoral.com\/fr\/produkt\/kozuch-damski-plaszcz-divine-sklep\/"]}]},{"@type":"ImageObject","inLanguage":"fr-FR","@id":"https:\/\/sklep.skoral.com\/fr\/produkt\/kozuch-damski-plaszcz-divine-sklep\/#primaryimage","url":"https:\/\/sklep.skoral.com\/wp-content\/uploads\/2021\/01\/plaszcz-kozuch-skorzany-divine.jpg","contentUrl":"https:\/\/sklep.skoral.com\/wp-content\/uploads\/2021\/01\/plaszcz-kozuch-skorzany-divine.jpg","width":1024,"height":1280,"caption":"P\u0142aszcz-kozuch sk\u00f3rzany Divine"},{"@type":"BreadcrumbList","@id":"https:\/\/sklep.skoral.com\/fr\/produkt\/kozuch-damski-plaszcz-divine-sklep\/#breadcrumb","itemListElement":[{"@type":"ListItem","position":1,"name":"Strona g\u0142\u00f3wna","item":"https:\/\/sklep.skoral.com\/fr\/accueil\/"},{"@type":"ListItem","position":2,"name":"Boutique","item":"https:\/\/sklep.skoral.com\/fr\/boutique\/"},{"@type":"ListItem","position":3,"name":"Ko\u017cuch damski &#8211; p\u0142aszcz &#8211; Divine"}]},{"@type":"WebSite","@id":"https:\/\/sklep.skoral.com\/fr\/#website","url":"https:\/\/sklep.skoral.com\/fr\/","name":"Pracownia Sk\u00f3ral","description":"Sklep z odzie\u017c\u0105\u00a0sk\u00f3rzan\u0105 i akcesoriami ze sk\u00f3ry naturalnej","publisher":{"@id":"https:\/\/sklep.skoral.com\/fr\/#organization"},"potentialAction":[{"@type":"SearchAction","target":{"@type":"EntryPoint","urlTemplate":"https:\/\/sklep.skoral.com\/fr\/?s={search_term_string}"},"query-input":{"@type":"PropertyValueSpecification","valueRequired":true,"valueName":"search_term_string"}}],"inLanguage":"fr-FR"},{"@type":"Organization","@id":"https:\/\/sklep.skoral.com\/fr\/#organization","name":"Sk\u00f3ral - Pracownia odzie\u017cy i akcesori\u00f3w sk\u00f3rzanych","url":"https:\/\/sklep.skoral.com\/fr\/","logo":{"@type":"ImageObject","inLanguage":"fr-FR","@id":"https:\/\/sklep.skoral.com\/fr\/#\/schema\/logo\/image\/","url":"https:\/\/sklep.skoral.com\/wp-content\/uploads\/2020\/09\/cropped-logo-duze.png","contentUrl":"https:\/\/sklep.skoral.com\/wp-content\/uploads\/2020\/09\/cropped-logo-duze.png","width":1200,"height":293,"caption":"Sk\u00f3ral - Pracownia odzie\u017cy i akcesori\u00f3w sk\u00f3rzanych"},"image":{"@id":"https:\/\/sklep.skoral.com\/fr\/#\/schema\/logo\/image\/"},"sameAs":["https:\/\/www.facebook.com\/SkoralNaturalLeather","https:\/\/www.instagram.com\/skoraldesign\/","https:\/\/www.youtube.com\/channel\/UCijmecsRU9TpML5jIEBsWTw"]}]}},"jetpack_sharing_enabled":true,"_links":{"self":[{"href":"https:\/\/sklep.skoral.com\/fr\/wp-json\/wp\/v2\/product\/53","targetHints":{"allow":["GET"]}}],"collection":[{"href":"https:\/\/sklep.skoral.com\/fr\/wp-json\/wp\/v2\/product"}],"about":[{"href":"https:\/\/sklep.skoral.com\/fr\/wp-json\/wp\/v2\/types\/product"}],"wp:featuredmedia":[{"embeddable":true,"href":"https:\/\/sklep.skoral.com\/fr\/wp-json\/wp\/v2\/media\/54"}],"wp:attachment":[{"href":"https:\/\/sklep.skoral.com\/fr\/wp-json\/wp\/v2\/media?parent=53"}],"wp:term":[{"taxonomy":"product_brand","embeddable":true,"href":"https:\/\/sklep.skoral.com\/fr\/wp-json\/wp\/v2\/product_brand?post=53"},{"taxonomy":"product_cat","embeddable":true,"href":"https:\/\/sklep.skoral.com\/fr\/wp-json\/wp\/v2\/product_cat?post=53"},{"taxonomy":"product_tag","embeddable":true,"href":"https:\/\/sklep.skoral.com\/fr\/wp-json\/wp\/v2\/product_tag?post=53"}],"curies":[{"name":"wp","href":"https:\/\/api.w.org\/{rel}","templated":true}]}}