{"id":63,"date":"2021-01-19T14:06:56","date_gmt":"2021-01-19T13:06:56","guid":{"rendered":"https:\/\/sklep.skoral.com\/?post_type=product&#038;p=63"},"modified":"2024-08-14T12:25:34","modified_gmt":"2024-08-14T10:25:34","slug":"kurtka-skorzana-meska-kaiser","status":"publish","type":"product","link":"https:\/\/sklep.skoral.com\/fr\/produkt\/kurtka-skorzana-meska-kaiser\/","title":{"rendered":"Kurtka sk\u00f3rzana m\u0119ska &#8211; Kaiser"},"content":{"rendered":"<p><span style=\"font-weight: 400;\">Lekka<\/span> <span style=\"font-weight: 400;\"><strong>m\u0119ska kurtka sk\u00f3rzana<\/strong> wykonana r\u0119cznie z najwy\u017cszej jako\u015bci mi\u0119kkiej sk\u00f3ry jagni\u0119cej, sprowadzanej z W\u0142och. W klasycznym czarnym kolorze. Prosta forma w stylu relaxed fit z dodatkiem nowoczesnych, sportowych detali to idealny wyb\u00f3r dla pan\u00f3w ceni\u0105cych wygod\u0119 i funkcjonalno\u015b\u0107. Kurtka, dzi\u0119ki dyskretnym rozci\u0119ciom z ty\u0142u zapewnia pe\u0142n\u0105 swobod\u0119 ruch\u00f3w. Przewiewna, wiskozowa podszewka gwarantuje komfort noszenia nawet w cieplejsze letnie dni.\u00a0<\/span><\/p>\n<p><span style=\"font-weight: 400;\">Fason kurtki Kaiser to po\u0142\u0105czenie eleganckiego stylu i nowoczesnej wygody. Model posiada szwy w ja\u015bniejszym kolorze, kt\u00f3re dodaj\u0105 kurtce lekko\u015bci i wyszczuplaj\u0105.\u00a0<\/span><\/p>\n<p><span style=\"font-weight: 400;\">To rozwi\u0105zanie szczeg\u00f3lnie sprawdzi si\u0119 u pan\u00f3w nosz\u0105cych wi\u0119ksze rozmiary, gdy\u017c optycznie wysmukla i wyd\u0142u\u017ca sylwetk\u0119.\u00a0<\/span><\/p>\n<p><span style=\"font-weight: 400;\">Kurtka sk\u00f3rzana &#8211; Kaiser jest niezwykle funkcjonalna. Prezentuje si\u0119 efektownie zar\u00f3wno w lu\u017anej, rozpi\u0119tej formie, jak i zapi\u0119tej. Proste r\u0119kawy z mankietowym zako\u0144czeniem podkre\u015blaj\u0105 jej swobodny charakter. Ca\u0142o\u015bci dope\u0142niaj\u0105 stylowe pagony na ramionach.<\/span><\/p>\n<p><span style=\"font-weight: 400;\">Model posiada trzy g\u0142\u0119bokie, praktyczne kieszenie, zapinane na guziki. Kurtka zako\u0144czona jest ko\u0142nierzo-st\u00f3jk\u0105, kt\u00f3ra chroni przed wiatrem. St\u00f3jk\u0119 r\u00f3wnie\u017c mo\u017cna rozsun\u0105\u0107 w formie ko\u0142nierza &#8211; w\u00f3wczas kurtka zyskuje bardziej elegancki styl.<\/span><\/p>\n<p><span style=\"font-weight: 400;\">Model doskonale sprawdzi si\u0119 w codziennych stylizacjach, zar\u00f3wno jako dope\u0142nienie casualowych miejskich stylizacji, jak i element bardziej wyj\u015bciowego outfitu.\u00a0<\/span><\/p>\n<p><span style=\"font-weight: 400;\">W lecie i wiosn\u0105 fantastycznie sprawdzi si\u0119 w roli odzie\u017cy wierzchniej, z kolei zim\u0105 polecamy zak\u0142ada\u0107 j\u0105 pod p\u0142aszcz lub kurtk\u0119.\u00a0<\/span><\/p>\n<p><span style=\"font-weight: 400;\">Kurtka zosta\u0142a wykonana r\u0119cznie w pracowni w Krakowie.<\/span><\/p>\n<h2>Uszyj na zam\u00f3wienie, na wymiar &#8211; kurtka sk\u00f3rzana m\u0119ska<\/h2>\n<p><span style=\"font-weight: 400;\">Oferujemy r\u00f3wnie\u017c szycie na miar\u0119. W tym celu <a href=\"https:\/\/sklep.skoral.com\/kontakt\/\">skontaktuj si\u0119<\/a> z nami pod numerem: +48 12 423 12 20.\u00a0<\/span><\/p>\n","protected":false},"excerpt":{"rendered":"<p>Kurtka sk\u00f3rzana m\u0119ska, fason Kaiser ze sk\u00f3ry jagni\u0119cej w\u0142oskiej.<\/p>\n","protected":false},"featured_media":791,"template":"","meta":{"_monsterinsights_skip_tracking":false,"_monsterinsights_sitenote_active":false,"_monsterinsights_sitenote_note":"","_monsterinsights_sitenote_category":0},"product_brand":[],"product_cat":[33],"product_tag":[25,37],"class_list":{"0":"post-63","1":"product","2":"type-product","3":"status-publish","4":"has-post-thumbnail","6":"product_cat-kurtki-skorzane-meskie","7":"product_tag-kurtka-skorzana","8":"product_tag-marynarka","10":"first","11":"instock","12":"taxable","13":"shipping-taxable","14":"purchasable","15":"product-type-variable"},"yoast_head":"<!-- This site is optimized with the Yoast SEO plugin v27.6 - https:\/\/yoast.com\/product\/yoast-seo-wordpress\/ -->\n<title>Kurtka sk\u00f3rzana m\u0119ska - Kaiser - Pracownia Sk\u00f3ral - W\u0142oska sk\u00f3ra licowa<\/title>\n<meta name=\"description\" content=\"Stylowa kurtka sk\u00f3rzana m\u0119ska, fason Kaiser ze sk\u00f3ry naturalnej. Kolor czarny. Mo\u017cliwo\u015b\u0107 zam\u00f3wienia na wymiar - sklep internetowy.\" \/>\n<meta name=\"robots\" content=\"index, follow, max-snippet:-1, max-image-preview:large, max-video-preview:-1\" \/>\n<link rel=\"canonical\" href=\"https:\/\/sklep.skoral.com\/fr\/produkt\/kurtka-skorzana-meska-kaiser\/\" \/>\n<meta property=\"og:locale\" content=\"fr_FR\" \/>\n<meta property=\"og:type\" content=\"article\" \/>\n<meta property=\"og:title\" content=\"Kurtka sk\u00f3rzana m\u0119ska - Kaiser - Pracownia Sk\u00f3ral - W\u0142oska sk\u00f3ra licowa\" \/>\n<meta property=\"og:description\" content=\"Stylowa kurtka sk\u00f3rzana m\u0119ska, fason Kaiser ze sk\u00f3ry naturalnej. Kolor czarny. Mo\u017cliwo\u015b\u0107 zam\u00f3wienia na wymiar - sklep internetowy.\" \/>\n<meta property=\"og:url\" content=\"https:\/\/sklep.skoral.com\/fr\/produkt\/kurtka-skorzana-meska-kaiser\/\" \/>\n<meta property=\"og:site_name\" content=\"Pracownia Sk\u00f3ral\" \/>\n<meta property=\"article:publisher\" content=\"https:\/\/www.facebook.com\/SkoralNaturalLeather\" \/>\n<meta property=\"article:modified_time\" content=\"2024-08-14T10:25:34+00:00\" \/>\n<meta property=\"og:image\" content=\"https:\/\/sklep.skoral.com\/wp-content\/uploads\/2021\/01\/kaiser-kurtka-skorzana-meska-licowa.jpg\" \/>\n\t<meta property=\"og:image:width\" content=\"1024\" \/>\n\t<meta property=\"og:image:height\" content=\"1534\" \/>\n\t<meta property=\"og:image:type\" content=\"image\/jpeg\" \/>\n<meta name=\"twitter:card\" content=\"summary_large_image\" \/>\n<meta name=\"twitter:label1\" content=\"Dur\u00e9e de lecture estim\u00e9e\" \/>\n\t<meta name=\"twitter:data1\" content=\"2 minutes\" \/>\n<script type=\"application\/ld+json\" class=\"yoast-schema-graph\">{\"@context\":\"https:\\\/\\\/schema.org\",\"@graph\":[{\"@type\":[\"WebPage\",\"ItemPage\"],\"@id\":\"https:\\\/\\\/sklep.skoral.com\\\/fr\\\/produkt\\\/kurtka-skorzana-meska-kaiser\\\/\",\"url\":\"https:\\\/\\\/sklep.skoral.com\\\/fr\\\/produkt\\\/kurtka-skorzana-meska-kaiser\\\/\",\"name\":\"Kurtka sk\u00f3rzana m\u0119ska - Kaiser - Pracownia Sk\u00f3ral - W\u0142oska sk\u00f3ra licowa\",\"isPartOf\":{\"@id\":\"https:\\\/\\\/sklep.skoral.com\\\/fr\\\/#website\"},\"primaryImageOfPage\":{\"@id\":\"https:\\\/\\\/sklep.skoral.com\\\/fr\\\/produkt\\\/kurtka-skorzana-meska-kaiser\\\/#primaryimage\"},\"image\":{\"@id\":\"https:\\\/\\\/sklep.skoral.com\\\/fr\\\/produkt\\\/kurtka-skorzana-meska-kaiser\\\/#primaryimage\"},\"thumbnailUrl\":\"https:\\\/\\\/sklep.skoral.com\\\/wp-content\\\/uploads\\\/2021\\\/01\\\/kaiser-kurtka-skorzana-meska-licowa.jpg\",\"datePublished\":\"2021-01-19T13:06:56+00:00\",\"dateModified\":\"2024-08-14T10:25:34+00:00\",\"description\":\"Stylowa kurtka sk\u00f3rzana m\u0119ska, fason Kaiser ze sk\u00f3ry naturalnej. Kolor czarny. Mo\u017cliwo\u015b\u0107 zam\u00f3wienia na wymiar - sklep internetowy.\",\"breadcrumb\":{\"@id\":\"https:\\\/\\\/sklep.skoral.com\\\/fr\\\/produkt\\\/kurtka-skorzana-meska-kaiser\\\/#breadcrumb\"},\"inLanguage\":\"fr-FR\",\"potentialAction\":[{\"@type\":\"ReadAction\",\"target\":[\"https:\\\/\\\/sklep.skoral.com\\\/fr\\\/produkt\\\/kurtka-skorzana-meska-kaiser\\\/\"]}]},{\"@type\":\"ImageObject\",\"inLanguage\":\"fr-FR\",\"@id\":\"https:\\\/\\\/sklep.skoral.com\\\/fr\\\/produkt\\\/kurtka-skorzana-meska-kaiser\\\/#primaryimage\",\"url\":\"https:\\\/\\\/sklep.skoral.com\\\/wp-content\\\/uploads\\\/2021\\\/01\\\/kaiser-kurtka-skorzana-meska-licowa.jpg\",\"contentUrl\":\"https:\\\/\\\/sklep.skoral.com\\\/wp-content\\\/uploads\\\/2021\\\/01\\\/kaiser-kurtka-skorzana-meska-licowa.jpg\",\"width\":1024,\"height\":1534,\"caption\":\"Kaiser - kurtka sk\u00f3rzana m\u0119ska licowa\"},{\"@type\":\"BreadcrumbList\",\"@id\":\"https:\\\/\\\/sklep.skoral.com\\\/fr\\\/produkt\\\/kurtka-skorzana-meska-kaiser\\\/#breadcrumb\",\"itemListElement\":[{\"@type\":\"ListItem\",\"position\":1,\"name\":\"Strona g\u0142\u00f3wna\",\"item\":\"https:\\\/\\\/sklep.skoral.com\\\/fr\\\/accueil\\\/\"},{\"@type\":\"ListItem\",\"position\":2,\"name\":\"Boutique\",\"item\":\"https:\\\/\\\/sklep.skoral.com\\\/fr\\\/boutique\\\/\"},{\"@type\":\"ListItem\",\"position\":3,\"name\":\"Kurtka sk\u00f3rzana m\u0119ska &#8211; Kaiser\"}]},{\"@type\":\"WebSite\",\"@id\":\"https:\\\/\\\/sklep.skoral.com\\\/fr\\\/#website\",\"url\":\"https:\\\/\\\/sklep.skoral.com\\\/fr\\\/\",\"name\":\"Pracownia Sk\u00f3ral\",\"description\":\"Sklep z odzie\u017c\u0105\u00a0sk\u00f3rzan\u0105 i akcesoriami ze sk\u00f3ry naturalnej\",\"publisher\":{\"@id\":\"https:\\\/\\\/sklep.skoral.com\\\/fr\\\/#organization\"},\"potentialAction\":[{\"@type\":\"SearchAction\",\"target\":{\"@type\":\"EntryPoint\",\"urlTemplate\":\"https:\\\/\\\/sklep.skoral.com\\\/fr\\\/?s={search_term_string}\"},\"query-input\":{\"@type\":\"PropertyValueSpecification\",\"valueRequired\":true,\"valueName\":\"search_term_string\"}}],\"inLanguage\":\"fr-FR\"},{\"@type\":\"Organization\",\"@id\":\"https:\\\/\\\/sklep.skoral.com\\\/fr\\\/#organization\",\"name\":\"Sk\u00f3ral - Pracownia odzie\u017cy i akcesori\u00f3w sk\u00f3rzanych\",\"url\":\"https:\\\/\\\/sklep.skoral.com\\\/fr\\\/\",\"logo\":{\"@type\":\"ImageObject\",\"inLanguage\":\"fr-FR\",\"@id\":\"https:\\\/\\\/sklep.skoral.com\\\/fr\\\/#\\\/schema\\\/logo\\\/image\\\/\",\"url\":\"https:\\\/\\\/sklep.skoral.com\\\/wp-content\\\/uploads\\\/2020\\\/09\\\/cropped-logo-duze.png\",\"contentUrl\":\"https:\\\/\\\/sklep.skoral.com\\\/wp-content\\\/uploads\\\/2020\\\/09\\\/cropped-logo-duze.png\",\"width\":1200,\"height\":293,\"caption\":\"Sk\u00f3ral - Pracownia odzie\u017cy i akcesori\u00f3w sk\u00f3rzanych\"},\"image\":{\"@id\":\"https:\\\/\\\/sklep.skoral.com\\\/fr\\\/#\\\/schema\\\/logo\\\/image\\\/\"},\"sameAs\":[\"https:\\\/\\\/www.facebook.com\\\/SkoralNaturalLeather\",\"https:\\\/\\\/www.instagram.com\\\/skoraldesign\\\/\",\"https:\\\/\\\/www.youtube.com\\\/channel\\\/UCijmecsRU9TpML5jIEBsWTw\"]}]}<\/script>\n<!-- \/ Yoast SEO plugin. -->","yoast_head_json":{"title":"Kurtka sk\u00f3rzana m\u0119ska - Kaiser - Pracownia Sk\u00f3ral - W\u0142oska sk\u00f3ra licowa","description":"Stylowa kurtka sk\u00f3rzana m\u0119ska, fason Kaiser ze sk\u00f3ry naturalnej. Kolor czarny. Mo\u017cliwo\u015b\u0107 zam\u00f3wienia na wymiar - sklep internetowy.","robots":{"index":"index","follow":"follow","max-snippet":"max-snippet:-1","max-image-preview":"max-image-preview:large","max-video-preview":"max-video-preview:-1"},"canonical":"https:\/\/sklep.skoral.com\/fr\/produkt\/kurtka-skorzana-meska-kaiser\/","og_locale":"fr_FR","og_type":"article","og_title":"Kurtka sk\u00f3rzana m\u0119ska - Kaiser - Pracownia Sk\u00f3ral - W\u0142oska sk\u00f3ra licowa","og_description":"Stylowa kurtka sk\u00f3rzana m\u0119ska, fason Kaiser ze sk\u00f3ry naturalnej. Kolor czarny. Mo\u017cliwo\u015b\u0107 zam\u00f3wienia na wymiar - sklep internetowy.","og_url":"https:\/\/sklep.skoral.com\/fr\/produkt\/kurtka-skorzana-meska-kaiser\/","og_site_name":"Pracownia Sk\u00f3ral","article_publisher":"https:\/\/www.facebook.com\/SkoralNaturalLeather","article_modified_time":"2024-08-14T10:25:34+00:00","og_image":[{"width":1024,"height":1534,"url":"https:\/\/sklep.skoral.com\/wp-content\/uploads\/2021\/01\/kaiser-kurtka-skorzana-meska-licowa.jpg","type":"image\/jpeg"}],"twitter_card":"summary_large_image","twitter_misc":{"Dur\u00e9e de lecture estim\u00e9e":"2 minutes"},"schema":{"@context":"https:\/\/schema.org","@graph":[{"@type":["WebPage","ItemPage"],"@id":"https:\/\/sklep.skoral.com\/fr\/produkt\/kurtka-skorzana-meska-kaiser\/","url":"https:\/\/sklep.skoral.com\/fr\/produkt\/kurtka-skorzana-meska-kaiser\/","name":"Kurtka sk\u00f3rzana m\u0119ska - Kaiser - Pracownia Sk\u00f3ral - W\u0142oska sk\u00f3ra licowa","isPartOf":{"@id":"https:\/\/sklep.skoral.com\/fr\/#website"},"primaryImageOfPage":{"@id":"https:\/\/sklep.skoral.com\/fr\/produkt\/kurtka-skorzana-meska-kaiser\/#primaryimage"},"image":{"@id":"https:\/\/sklep.skoral.com\/fr\/produkt\/kurtka-skorzana-meska-kaiser\/#primaryimage"},"thumbnailUrl":"https:\/\/sklep.skoral.com\/wp-content\/uploads\/2021\/01\/kaiser-kurtka-skorzana-meska-licowa.jpg","datePublished":"2021-01-19T13:06:56+00:00","dateModified":"2024-08-14T10:25:34+00:00","description":"Stylowa kurtka sk\u00f3rzana m\u0119ska, fason Kaiser ze sk\u00f3ry naturalnej. Kolor czarny. Mo\u017cliwo\u015b\u0107 zam\u00f3wienia na wymiar - sklep internetowy.","breadcrumb":{"@id":"https:\/\/sklep.skoral.com\/fr\/produkt\/kurtka-skorzana-meska-kaiser\/#breadcrumb"},"inLanguage":"fr-FR","potentialAction":[{"@type":"ReadAction","target":["https:\/\/sklep.skoral.com\/fr\/produkt\/kurtka-skorzana-meska-kaiser\/"]}]},{"@type":"ImageObject","inLanguage":"fr-FR","@id":"https:\/\/sklep.skoral.com\/fr\/produkt\/kurtka-skorzana-meska-kaiser\/#primaryimage","url":"https:\/\/sklep.skoral.com\/wp-content\/uploads\/2021\/01\/kaiser-kurtka-skorzana-meska-licowa.jpg","contentUrl":"https:\/\/sklep.skoral.com\/wp-content\/uploads\/2021\/01\/kaiser-kurtka-skorzana-meska-licowa.jpg","width":1024,"height":1534,"caption":"Kaiser - kurtka sk\u00f3rzana m\u0119ska licowa"},{"@type":"BreadcrumbList","@id":"https:\/\/sklep.skoral.com\/fr\/produkt\/kurtka-skorzana-meska-kaiser\/#breadcrumb","itemListElement":[{"@type":"ListItem","position":1,"name":"Strona g\u0142\u00f3wna","item":"https:\/\/sklep.skoral.com\/fr\/accueil\/"},{"@type":"ListItem","position":2,"name":"Boutique","item":"https:\/\/sklep.skoral.com\/fr\/boutique\/"},{"@type":"ListItem","position":3,"name":"Kurtka sk\u00f3rzana m\u0119ska &#8211; Kaiser"}]},{"@type":"WebSite","@id":"https:\/\/sklep.skoral.com\/fr\/#website","url":"https:\/\/sklep.skoral.com\/fr\/","name":"Pracownia Sk\u00f3ral","description":"Sklep z odzie\u017c\u0105\u00a0sk\u00f3rzan\u0105 i akcesoriami ze sk\u00f3ry naturalnej","publisher":{"@id":"https:\/\/sklep.skoral.com\/fr\/#organization"},"potentialAction":[{"@type":"SearchAction","target":{"@type":"EntryPoint","urlTemplate":"https:\/\/sklep.skoral.com\/fr\/?s={search_term_string}"},"query-input":{"@type":"PropertyValueSpecification","valueRequired":true,"valueName":"search_term_string"}}],"inLanguage":"fr-FR"},{"@type":"Organization","@id":"https:\/\/sklep.skoral.com\/fr\/#organization","name":"Sk\u00f3ral - Pracownia odzie\u017cy i akcesori\u00f3w sk\u00f3rzanych","url":"https:\/\/sklep.skoral.com\/fr\/","logo":{"@type":"ImageObject","inLanguage":"fr-FR","@id":"https:\/\/sklep.skoral.com\/fr\/#\/schema\/logo\/image\/","url":"https:\/\/sklep.skoral.com\/wp-content\/uploads\/2020\/09\/cropped-logo-duze.png","contentUrl":"https:\/\/sklep.skoral.com\/wp-content\/uploads\/2020\/09\/cropped-logo-duze.png","width":1200,"height":293,"caption":"Sk\u00f3ral - Pracownia odzie\u017cy i akcesori\u00f3w sk\u00f3rzanych"},"image":{"@id":"https:\/\/sklep.skoral.com\/fr\/#\/schema\/logo\/image\/"},"sameAs":["https:\/\/www.facebook.com\/SkoralNaturalLeather","https:\/\/www.instagram.com\/skoraldesign\/","https:\/\/www.youtube.com\/channel\/UCijmecsRU9TpML5jIEBsWTw"]}]}},"jetpack_sharing_enabled":true,"_links":{"self":[{"href":"https:\/\/sklep.skoral.com\/fr\/wp-json\/wp\/v2\/product\/63","targetHints":{"allow":["GET"]}}],"collection":[{"href":"https:\/\/sklep.skoral.com\/fr\/wp-json\/wp\/v2\/product"}],"about":[{"href":"https:\/\/sklep.skoral.com\/fr\/wp-json\/wp\/v2\/types\/product"}],"wp:featuredmedia":[{"embeddable":true,"href":"https:\/\/sklep.skoral.com\/fr\/wp-json\/wp\/v2\/media\/791"}],"wp:attachment":[{"href":"https:\/\/sklep.skoral.com\/fr\/wp-json\/wp\/v2\/media?parent=63"}],"wp:term":[{"taxonomy":"product_brand","embeddable":true,"href":"https:\/\/sklep.skoral.com\/fr\/wp-json\/wp\/v2\/product_brand?post=63"},{"taxonomy":"product_cat","embeddable":true,"href":"https:\/\/sklep.skoral.com\/fr\/wp-json\/wp\/v2\/product_cat?post=63"},{"taxonomy":"product_tag","embeddable":true,"href":"https:\/\/sklep.skoral.com\/fr\/wp-json\/wp\/v2\/product_tag?post=63"}],"curies":[{"name":"wp","href":"https:\/\/api.w.org\/{rel}","templated":true}]}}