{"id":89,"date":"2021-01-19T14:34:55","date_gmt":"2021-01-19T13:34:55","guid":{"rendered":"https:\/\/sklep.skoral.com\/?post_type=product&#038;p=89"},"modified":"2024-08-14T12:25:20","modified_gmt":"2024-08-14T10:25:20","slug":"ramoneska-skorzana-damska-rebel-czerwona","status":"publish","type":"product","link":"https:\/\/sklep.skoral.com\/fr\/produkt\/ramoneska-skorzana-damska-rebel-czerwona\/","title":{"rendered":"Ramoneska sk\u00f3rzana damska, czerwona &#8211; Rebel"},"content":{"rendered":"<p><span style=\"font-weight: 400;\">Ramoneska sk\u00f3rzana damska Rebel to ponadczasowy klasyk, wykonany z niezwykle mi\u0119kkiej, wysokogatunkowej jagni\u0119cej sk\u00f3ry licowej, wyko\u0144czony przewiewn\u0105 wiskozow\u0105 podszewk\u0105.<\/span><\/p>\n<p><span style=\"font-weight: 400;\">Kurtka posiada delikatnie taliowany kr\u00f3j oraz charakterystyczne asymetryczne zapi\u0119cie, kt\u00f3re pi\u0119knie wysmuklaj\u0105 kobiec\u0105 sylwetk\u0119.<\/span><\/p>\n<p><span style=\"font-weight: 400;\">Kr\u00f3tka forma sprawdza si\u0119 idealnie na co dzie\u0144 \u2014 podkre\u015bla tali\u0119 i jednocze\u015bnie nie kr\u0119puje ruch\u00f3w. Delikatne pikowania na ramionach subtelnie modeluj\u0105 g\u00f3rne partie cia\u0142a. R\u0119kawy kurtki zosta\u0142y zako\u0144czone zamkami, kt\u00f3re zapewniaj\u0105 jeszcze wi\u0119ksz\u0105 wygod\u0119.<\/span><\/p>\n<p><span style=\"font-weight: 400;\">Ramoneska Rebel posiada 3 zewn\u0119trzne kieszenie zapinane na zamki, kt\u00f3re pe\u0142ni\u0105 r\u00f3wnie\u017c funkcje ozdobne oraz pas zapinany na dwie napy. Kurtka posiada klasyczne, szerokie klapy oraz st\u00f3jk\u0119.<\/span><\/p>\n<h2><span style=\"font-weight: 400;\">Ramoneska damska Rebel <\/span><\/h2>\n<p><span style=\"font-weight: 400;\">To model niezwykle uniwersalny, nieustaj\u0105co modny must-have, kt\u00f3ry warto posiada\u0107 w swojej szafie. Kurtka nie tylko sprawdzi si\u0119 jako element codziennej, casualowej garderoby, ale tak\u017ce jako uzupe\u0142nienie eleganckich kreacji.<\/span><\/p>\n<p><span style=\"font-weight: 400;\">Zast\u0105pi lekk\u0105 kurtk\u0119 wiosenn\u0105 w cieplejszych miesi\u0105cach i z powodzeniem sprawdzi si\u0119 jako sk\u00f3rzana marynarka w\u0142o\u017cona pod p\u0142aszcz czy futrzan\u0105 kamizelk\u0119.<\/span><\/p>\n<p><span style=\"font-weight: 400;\">Ramoneska sk\u00f3rzana Rebel marki Sk\u00f3ral to nieodzowny element szafy kapsu\u0142owej i dodatek, kt\u00f3ry najprostszej stylizacji doda niepowtarzalnego charakteru.<\/span><\/p>\n<p><span style=\"font-weight: 400;\">Szukasz konkretnego koloru i idealnie dopasowanego modelu? <a href=\"https:\/\/sklep.skoral.com\/kontakt\/\">Skontaktuj si\u0119 z nami!<\/a> W naszej pracowni krawieckiej uszyjemy dla Ciebie kurtk\u0119 w Twoim wymarzonym kolorze oraz perfekcyjnie dopasowan\u0105 do Twoich kszta\u0142t\u00f3w.<\/span><\/p>\n","protected":false},"excerpt":{"rendered":"<p>Czerwona <strong>ramoneska<\/strong> sk\u00f3rzana damska typu Rebel, kurtka sk\u00f3rzana.<\/p>\n","protected":false},"featured_media":65,"template":"","meta":{"_monsterinsights_skip_tracking":false,"_monsterinsights_sitenote_active":false,"_monsterinsights_sitenote_note":"","_monsterinsights_sitenote_category":0},"product_brand":[],"product_cat":[90,16],"product_tag":[41,40,24],"class_list":{"0":"post-89","1":"product","2":"type-product","3":"status-publish","4":"has-post-thumbnail","6":"product_cat-ramoneski-skorzane-damskie","7":"product_cat-kurtka-skorzana-damska","8":"product_tag-klasyk","9":"product_tag-na-motor","10":"product_tag-ramoneska","12":"first","13":"instock","14":"taxable","15":"shipping-taxable","16":"purchasable","17":"product-type-variable"},"yoast_head":"<!-- This site is optimized with the Yoast SEO plugin v27.6 - https:\/\/yoast.com\/product\/yoast-seo-wordpress\/ -->\n<title>Ramoneska sk\u00f3rzana damska, czerwona - Rebel - Pracownia Sk\u00f3ral<\/title>\n<meta name=\"description\" content=\"Taliowana ramoneska sk\u00f3rzana damska w kolorze czerwonym. Uszyta z wysokiej jako\u015bci sk\u00f3r jagni\u0119cych. Zam\u00f3w w sklepie internetowym.\" \/>\n<meta name=\"robots\" content=\"index, follow, max-snippet:-1, max-image-preview:large, max-video-preview:-1\" \/>\n<link rel=\"canonical\" href=\"https:\/\/sklep.skoral.com\/fr\/produkt\/ramoneska-skorzana-damska-rebel-czerwona\/\" \/>\n<meta property=\"og:locale\" content=\"fr_FR\" \/>\n<meta property=\"og:type\" content=\"article\" \/>\n<meta property=\"og:title\" content=\"Ramoneska sk\u00f3rzana damska, czerwona - Rebel - Pracownia Sk\u00f3ral\" \/>\n<meta property=\"og:description\" content=\"Taliowana ramoneska sk\u00f3rzana damska w kolorze czerwonym. Uszyta z wysokiej jako\u015bci sk\u00f3r jagni\u0119cych. Zam\u00f3w w sklepie internetowym.\" \/>\n<meta property=\"og:url\" content=\"https:\/\/sklep.skoral.com\/fr\/produkt\/ramoneska-skorzana-damska-rebel-czerwona\/\" \/>\n<meta property=\"og:site_name\" content=\"Pracownia Sk\u00f3ral\" \/>\n<meta property=\"article:publisher\" content=\"https:\/\/www.facebook.com\/SkoralNaturalLeather\" \/>\n<meta property=\"article:modified_time\" content=\"2024-08-14T10:25:20+00:00\" \/>\n<meta property=\"og:image\" content=\"https:\/\/sklep.skoral.com\/wp-content\/uploads\/2021\/01\/czerwona-ramoneska-skorzana-damska.jpg\" \/>\n\t<meta property=\"og:image:width\" content=\"1024\" \/>\n\t<meta property=\"og:image:height\" content=\"1280\" \/>\n\t<meta property=\"og:image:type\" content=\"image\/jpeg\" \/>\n<meta name=\"twitter:card\" content=\"summary_large_image\" \/>\n<meta name=\"twitter:label1\" content=\"Dur\u00e9e de lecture estim\u00e9e\" \/>\n\t<meta name=\"twitter:data1\" content=\"1 minute\" \/>\n<script type=\"application\/ld+json\" class=\"yoast-schema-graph\">{\"@context\":\"https:\\\/\\\/schema.org\",\"@graph\":[{\"@type\":[\"WebPage\",\"ItemPage\"],\"@id\":\"https:\\\/\\\/sklep.skoral.com\\\/fr\\\/produkt\\\/ramoneska-skorzana-damska-rebel-czerwona\\\/\",\"url\":\"https:\\\/\\\/sklep.skoral.com\\\/fr\\\/produkt\\\/ramoneska-skorzana-damska-rebel-czerwona\\\/\",\"name\":\"Ramoneska sk\u00f3rzana damska, czerwona - Rebel - Pracownia Sk\u00f3ral\",\"isPartOf\":{\"@id\":\"https:\\\/\\\/sklep.skoral.com\\\/fr\\\/#website\"},\"primaryImageOfPage\":{\"@id\":\"https:\\\/\\\/sklep.skoral.com\\\/fr\\\/produkt\\\/ramoneska-skorzana-damska-rebel-czerwona\\\/#primaryimage\"},\"image\":{\"@id\":\"https:\\\/\\\/sklep.skoral.com\\\/fr\\\/produkt\\\/ramoneska-skorzana-damska-rebel-czerwona\\\/#primaryimage\"},\"thumbnailUrl\":\"https:\\\/\\\/sklep.skoral.com\\\/wp-content\\\/uploads\\\/2021\\\/01\\\/czerwona-ramoneska-skorzana-damska.jpg\",\"datePublished\":\"2021-01-19T13:34:55+00:00\",\"dateModified\":\"2024-08-14T10:25:20+00:00\",\"description\":\"Taliowana ramoneska sk\u00f3rzana damska w kolorze czerwonym. Uszyta z wysokiej jako\u015bci sk\u00f3r jagni\u0119cych. Zam\u00f3w w sklepie internetowym.\",\"breadcrumb\":{\"@id\":\"https:\\\/\\\/sklep.skoral.com\\\/fr\\\/produkt\\\/ramoneska-skorzana-damska-rebel-czerwona\\\/#breadcrumb\"},\"inLanguage\":\"fr-FR\",\"potentialAction\":[{\"@type\":\"ReadAction\",\"target\":[\"https:\\\/\\\/sklep.skoral.com\\\/fr\\\/produkt\\\/ramoneska-skorzana-damska-rebel-czerwona\\\/\"]}]},{\"@type\":\"ImageObject\",\"inLanguage\":\"fr-FR\",\"@id\":\"https:\\\/\\\/sklep.skoral.com\\\/fr\\\/produkt\\\/ramoneska-skorzana-damska-rebel-czerwona\\\/#primaryimage\",\"url\":\"https:\\\/\\\/sklep.skoral.com\\\/wp-content\\\/uploads\\\/2021\\\/01\\\/czerwona-ramoneska-skorzana-damska.jpg\",\"contentUrl\":\"https:\\\/\\\/sklep.skoral.com\\\/wp-content\\\/uploads\\\/2021\\\/01\\\/czerwona-ramoneska-skorzana-damska.jpg\",\"width\":1024,\"height\":1280,\"caption\":\"Ramoneska sk\u00f3rzana damska\"},{\"@type\":\"BreadcrumbList\",\"@id\":\"https:\\\/\\\/sklep.skoral.com\\\/fr\\\/produkt\\\/ramoneska-skorzana-damska-rebel-czerwona\\\/#breadcrumb\",\"itemListElement\":[{\"@type\":\"ListItem\",\"position\":1,\"name\":\"Strona g\u0142\u00f3wna\",\"item\":\"https:\\\/\\\/sklep.skoral.com\\\/fr\\\/accueil\\\/\"},{\"@type\":\"ListItem\",\"position\":2,\"name\":\"Boutique\",\"item\":\"https:\\\/\\\/sklep.skoral.com\\\/fr\\\/boutique\\\/\"},{\"@type\":\"ListItem\",\"position\":3,\"name\":\"Ramoneska sk\u00f3rzana damska, czerwona &#8211; Rebel\"}]},{\"@type\":\"WebSite\",\"@id\":\"https:\\\/\\\/sklep.skoral.com\\\/fr\\\/#website\",\"url\":\"https:\\\/\\\/sklep.skoral.com\\\/fr\\\/\",\"name\":\"Pracownia Sk\u00f3ral\",\"description\":\"Sklep z odzie\u017c\u0105\u00a0sk\u00f3rzan\u0105 i akcesoriami ze sk\u00f3ry naturalnej\",\"publisher\":{\"@id\":\"https:\\\/\\\/sklep.skoral.com\\\/fr\\\/#organization\"},\"potentialAction\":[{\"@type\":\"SearchAction\",\"target\":{\"@type\":\"EntryPoint\",\"urlTemplate\":\"https:\\\/\\\/sklep.skoral.com\\\/fr\\\/?s={search_term_string}\"},\"query-input\":{\"@type\":\"PropertyValueSpecification\",\"valueRequired\":true,\"valueName\":\"search_term_string\"}}],\"inLanguage\":\"fr-FR\"},{\"@type\":\"Organization\",\"@id\":\"https:\\\/\\\/sklep.skoral.com\\\/fr\\\/#organization\",\"name\":\"Sk\u00f3ral - Pracownia odzie\u017cy i akcesori\u00f3w sk\u00f3rzanych\",\"url\":\"https:\\\/\\\/sklep.skoral.com\\\/fr\\\/\",\"logo\":{\"@type\":\"ImageObject\",\"inLanguage\":\"fr-FR\",\"@id\":\"https:\\\/\\\/sklep.skoral.com\\\/fr\\\/#\\\/schema\\\/logo\\\/image\\\/\",\"url\":\"https:\\\/\\\/sklep.skoral.com\\\/wp-content\\\/uploads\\\/2020\\\/09\\\/cropped-logo-duze.png\",\"contentUrl\":\"https:\\\/\\\/sklep.skoral.com\\\/wp-content\\\/uploads\\\/2020\\\/09\\\/cropped-logo-duze.png\",\"width\":1200,\"height\":293,\"caption\":\"Sk\u00f3ral - Pracownia odzie\u017cy i akcesori\u00f3w sk\u00f3rzanych\"},\"image\":{\"@id\":\"https:\\\/\\\/sklep.skoral.com\\\/fr\\\/#\\\/schema\\\/logo\\\/image\\\/\"},\"sameAs\":[\"https:\\\/\\\/www.facebook.com\\\/SkoralNaturalLeather\",\"https:\\\/\\\/www.instagram.com\\\/skoraldesign\\\/\",\"https:\\\/\\\/www.youtube.com\\\/channel\\\/UCijmecsRU9TpML5jIEBsWTw\"]}]}<\/script>\n<!-- \/ Yoast SEO plugin. -->","yoast_head_json":{"title":"Ramoneska sk\u00f3rzana damska, czerwona - Rebel - Pracownia Sk\u00f3ral","description":"Taliowana ramoneska sk\u00f3rzana damska w kolorze czerwonym. Uszyta z wysokiej jako\u015bci sk\u00f3r jagni\u0119cych. Zam\u00f3w w sklepie internetowym.","robots":{"index":"index","follow":"follow","max-snippet":"max-snippet:-1","max-image-preview":"max-image-preview:large","max-video-preview":"max-video-preview:-1"},"canonical":"https:\/\/sklep.skoral.com\/fr\/produkt\/ramoneska-skorzana-damska-rebel-czerwona\/","og_locale":"fr_FR","og_type":"article","og_title":"Ramoneska sk\u00f3rzana damska, czerwona - Rebel - Pracownia Sk\u00f3ral","og_description":"Taliowana ramoneska sk\u00f3rzana damska w kolorze czerwonym. Uszyta z wysokiej jako\u015bci sk\u00f3r jagni\u0119cych. Zam\u00f3w w sklepie internetowym.","og_url":"https:\/\/sklep.skoral.com\/fr\/produkt\/ramoneska-skorzana-damska-rebel-czerwona\/","og_site_name":"Pracownia Sk\u00f3ral","article_publisher":"https:\/\/www.facebook.com\/SkoralNaturalLeather","article_modified_time":"2024-08-14T10:25:20+00:00","og_image":[{"width":1024,"height":1280,"url":"https:\/\/sklep.skoral.com\/wp-content\/uploads\/2021\/01\/czerwona-ramoneska-skorzana-damska.jpg","type":"image\/jpeg"}],"twitter_card":"summary_large_image","twitter_misc":{"Dur\u00e9e de lecture estim\u00e9e":"1 minute"},"schema":{"@context":"https:\/\/schema.org","@graph":[{"@type":["WebPage","ItemPage"],"@id":"https:\/\/sklep.skoral.com\/fr\/produkt\/ramoneska-skorzana-damska-rebel-czerwona\/","url":"https:\/\/sklep.skoral.com\/fr\/produkt\/ramoneska-skorzana-damska-rebel-czerwona\/","name":"Ramoneska sk\u00f3rzana damska, czerwona - Rebel - Pracownia Sk\u00f3ral","isPartOf":{"@id":"https:\/\/sklep.skoral.com\/fr\/#website"},"primaryImageOfPage":{"@id":"https:\/\/sklep.skoral.com\/fr\/produkt\/ramoneska-skorzana-damska-rebel-czerwona\/#primaryimage"},"image":{"@id":"https:\/\/sklep.skoral.com\/fr\/produkt\/ramoneska-skorzana-damska-rebel-czerwona\/#primaryimage"},"thumbnailUrl":"https:\/\/sklep.skoral.com\/wp-content\/uploads\/2021\/01\/czerwona-ramoneska-skorzana-damska.jpg","datePublished":"2021-01-19T13:34:55+00:00","dateModified":"2024-08-14T10:25:20+00:00","description":"Taliowana ramoneska sk\u00f3rzana damska w kolorze czerwonym. Uszyta z wysokiej jako\u015bci sk\u00f3r jagni\u0119cych. Zam\u00f3w w sklepie internetowym.","breadcrumb":{"@id":"https:\/\/sklep.skoral.com\/fr\/produkt\/ramoneska-skorzana-damska-rebel-czerwona\/#breadcrumb"},"inLanguage":"fr-FR","potentialAction":[{"@type":"ReadAction","target":["https:\/\/sklep.skoral.com\/fr\/produkt\/ramoneska-skorzana-damska-rebel-czerwona\/"]}]},{"@type":"ImageObject","inLanguage":"fr-FR","@id":"https:\/\/sklep.skoral.com\/fr\/produkt\/ramoneska-skorzana-damska-rebel-czerwona\/#primaryimage","url":"https:\/\/sklep.skoral.com\/wp-content\/uploads\/2021\/01\/czerwona-ramoneska-skorzana-damska.jpg","contentUrl":"https:\/\/sklep.skoral.com\/wp-content\/uploads\/2021\/01\/czerwona-ramoneska-skorzana-damska.jpg","width":1024,"height":1280,"caption":"Ramoneska sk\u00f3rzana damska"},{"@type":"BreadcrumbList","@id":"https:\/\/sklep.skoral.com\/fr\/produkt\/ramoneska-skorzana-damska-rebel-czerwona\/#breadcrumb","itemListElement":[{"@type":"ListItem","position":1,"name":"Strona g\u0142\u00f3wna","item":"https:\/\/sklep.skoral.com\/fr\/accueil\/"},{"@type":"ListItem","position":2,"name":"Boutique","item":"https:\/\/sklep.skoral.com\/fr\/boutique\/"},{"@type":"ListItem","position":3,"name":"Ramoneska sk\u00f3rzana damska, czerwona &#8211; Rebel"}]},{"@type":"WebSite","@id":"https:\/\/sklep.skoral.com\/fr\/#website","url":"https:\/\/sklep.skoral.com\/fr\/","name":"Pracownia Sk\u00f3ral","description":"Sklep z odzie\u017c\u0105\u00a0sk\u00f3rzan\u0105 i akcesoriami ze sk\u00f3ry naturalnej","publisher":{"@id":"https:\/\/sklep.skoral.com\/fr\/#organization"},"potentialAction":[{"@type":"SearchAction","target":{"@type":"EntryPoint","urlTemplate":"https:\/\/sklep.skoral.com\/fr\/?s={search_term_string}"},"query-input":{"@type":"PropertyValueSpecification","valueRequired":true,"valueName":"search_term_string"}}],"inLanguage":"fr-FR"},{"@type":"Organization","@id":"https:\/\/sklep.skoral.com\/fr\/#organization","name":"Sk\u00f3ral - Pracownia odzie\u017cy i akcesori\u00f3w sk\u00f3rzanych","url":"https:\/\/sklep.skoral.com\/fr\/","logo":{"@type":"ImageObject","inLanguage":"fr-FR","@id":"https:\/\/sklep.skoral.com\/fr\/#\/schema\/logo\/image\/","url":"https:\/\/sklep.skoral.com\/wp-content\/uploads\/2020\/09\/cropped-logo-duze.png","contentUrl":"https:\/\/sklep.skoral.com\/wp-content\/uploads\/2020\/09\/cropped-logo-duze.png","width":1200,"height":293,"caption":"Sk\u00f3ral - Pracownia odzie\u017cy i akcesori\u00f3w sk\u00f3rzanych"},"image":{"@id":"https:\/\/sklep.skoral.com\/fr\/#\/schema\/logo\/image\/"},"sameAs":["https:\/\/www.facebook.com\/SkoralNaturalLeather","https:\/\/www.instagram.com\/skoraldesign\/","https:\/\/www.youtube.com\/channel\/UCijmecsRU9TpML5jIEBsWTw"]}]}},"jetpack_sharing_enabled":true,"_links":{"self":[{"href":"https:\/\/sklep.skoral.com\/fr\/wp-json\/wp\/v2\/product\/89","targetHints":{"allow":["GET"]}}],"collection":[{"href":"https:\/\/sklep.skoral.com\/fr\/wp-json\/wp\/v2\/product"}],"about":[{"href":"https:\/\/sklep.skoral.com\/fr\/wp-json\/wp\/v2\/types\/product"}],"wp:featuredmedia":[{"embeddable":true,"href":"https:\/\/sklep.skoral.com\/fr\/wp-json\/wp\/v2\/media\/65"}],"wp:attachment":[{"href":"https:\/\/sklep.skoral.com\/fr\/wp-json\/wp\/v2\/media?parent=89"}],"wp:term":[{"taxonomy":"product_brand","embeddable":true,"href":"https:\/\/sklep.skoral.com\/fr\/wp-json\/wp\/v2\/product_brand?post=89"},{"taxonomy":"product_cat","embeddable":true,"href":"https:\/\/sklep.skoral.com\/fr\/wp-json\/wp\/v2\/product_cat?post=89"},{"taxonomy":"product_tag","embeddable":true,"href":"https:\/\/sklep.skoral.com\/fr\/wp-json\/wp\/v2\/product_tag?post=89"}],"curies":[{"name":"wp","href":"https:\/\/api.w.org\/{rel}","templated":true}]}}